{"id":28157,"date":"2026-03-15T23:28:46","date_gmt":"2026-03-15T22:28:46","guid":{"rendered":"https:\/\/promsandweddings.se\/?post_type=product&#038;p=28157"},"modified":"2026-03-15T23:33:23","modified_gmt":"2026-03-15T22:33:23","slug":"pronovias-mephis-brudklanning","status":"publish","type":"product","link":"https:\/\/promsandweddings.se\/da\/produkt\/pronovias-mephis-brudklanning\/","title":{"rendered":"Pronovias Mephis brudekjole"},"content":{"rendered":"<div class=\"flex basis-auto flex-col -mb-(--composer-overlap-px) [--composer-overlap-px:24px] grow overflow-hidden\">\n<div class=\"relative h-full\">\n<div class=\"flex h-full flex-col overflow-y-auto [scrollbar-gutter:stable_both-edges] @[84rem]\/thread:pt-(--header-height)\">\n<div class=\"@thread-xl\/thread:pt-header-height mt-1.5 flex flex-col text-sm pb-25\">\n<article class=\"text-token-text-primary w-full\" dir=\"auto\" data-testid=\"conversation-turn-86\" data-scroll-anchor=\"true\">\n<div class=\"text-base my-auto mx-auto py-5 [--thread-content-margin:--spacing(4)] @[37rem]:[--thread-content-margin:--spacing(6)] @[72rem]:[--thread-content-margin:--spacing(16)] px-(--thread-content-margin)\">\n<div class=\"[--thread-content-max-width:32rem] @[34rem]:[--thread-content-max-width:40rem] @[64rem]:[--thread-content-max-width:48rem] mx-auto flex max-w-(--thread-content-max-width) flex-1 text-base gap-4 md:gap-5 lg:gap-6 group\/turn-messages focus-visible:outline-hidden\" tabindex=\"-1\">\n<div class=\"group\/conversation-turn relative flex w-full min-w-0 flex-col agent-turn\">\n<div class=\"relative flex-col gap-1 md:gap-3\">\n<div class=\"flex max-w-full flex-col grow\">\n<div class=\"min-h-8 text-message relative flex w-full flex-col items-end gap-2 text-start break-words whitespace-normal [.text-message+&amp;]:mt-5\" dir=\"auto\" data-message-author-role=\"assistant\" data-message-id=\"0db12e0d-ef10-410f-9b93-9a18c21d95bb\" data-message-model-slug=\"gpt-4o\">\n<div class=\"flex w-full flex-col gap-1 empty:hidden first:pt-[3px]\">\n<div class=\"markdown prose dark:prose-invert w-full break-words light\">\n<p>&nbsp;<\/p>\n<\/div>\n<\/div>\n<\/div>\n<\/div>\n<div class=\"flex justify-start\">\n<div class=\"touch:-me-2 touch:-ms-3.5 -ms-2.5 -me-1 flex items-center p-1 select-none -mt-1 duration-[1.5s] focus-within:transition-none hover:transition-none pointer-events-none [mask-image:linear-gradient(to_right,black_33%,transparent_66%)] [mask-size:300%_100%] [mask-position:100%_0%] motion-safe:transition-[mask-position] group-hover\/turn-messages:pointer-events-auto group-hover\/turn-messages:[mask-position:0_0] group-focus-within\/turn-messages:pointer-events-auto group-focus-within\/turn-messages:[mask-position:0_0] has-data-[state=open]:pointer-events-auto has-data-[state=open]:[mask-position:0_0]\">\n<div class=\"flex items-center pb-0\">\n<div class=\"flex basis-auto flex-col -mb-(--composer-overlap-px) [--composer-overlap-px:24px] grow overflow-hidden\">\n<div class=\"relative h-full\">\n<div class=\"flex h-full flex-col overflow-y-auto [scrollbar-gutter:stable_both-edges] @[84rem]\/thread:pt-(--header-height)\">\n<div class=\"@thread-xl\/thread:pt-header-height mt-1.5 flex flex-col text-sm pb-25\">\n<article class=\"text-token-text-primary w-full\" dir=\"auto\" data-testid=\"conversation-turn-96\" data-scroll-anchor=\"true\">\n<div class=\"text-base my-auto mx-auto py-5 [--thread-content-margin:--spacing(4)] @[37rem]:[--thread-content-margin:--spacing(6)] @[72rem]:[--thread-content-margin:--spacing(16)] px-(--thread-content-margin)\">\n<div class=\"[--thread-content-max-width:32rem] @[34rem]:[--thread-content-max-width:40rem] @[64rem]:[--thread-content-max-width:48rem] mx-auto flex max-w-(--thread-content-max-width) flex-1 text-base gap-4 md:gap-5 lg:gap-6 group\/turn-messages focus-visible:outline-hidden\" tabindex=\"-1\">\n<div class=\"group\/conversation-turn relative flex w-full min-w-0 flex-col agent-turn\">\n<div class=\"relative flex-col gap-1 md:gap-3\">\n<div class=\"flex max-w-full flex-col grow\">\n<div class=\"min-h-8 text-message relative flex w-full flex-col items-end gap-2 text-start break-words whitespace-normal [.text-message+&amp;]:mt-5\" dir=\"auto\" data-message-author-role=\"assistant\" data-message-id=\"eb17fe80-7151-467b-9a2f-22ad4f403c33\" data-message-model-slug=\"gpt-4o\">\n<div class=\"flex w-full flex-col gap-1 empty:hidden first:pt-[3px]\">\n<div class=\"streaming-animation markdown prose dark:prose-invert w-full break-words light\">\n<ul data-start=\"843\" data-end=\"1073\">\n<li class=\"\" data-start=\"976\" data-end=\"1008\"><\/li>\n<\/ul>\n<p data-start=\"120\" data-end=\"530\">Mephis fr\u00e5n Nicole Milano \u00e4r en modern tolkning av klassisk elegans. Denna exklusiva br\u00f6llopskl\u00e4nning \u00e4r skapad f\u00f6r bruden som vill utstr\u00e5la sofistikation med en minimalistisk touch. Kl\u00e4nningen \u00e4r tillverkad i lyxig mikado, vilket ger den en vacker struktur och subtil glans. Den strapless \u00f6verdelen har en elegant rak sk\u00e4rning som framh\u00e4ver axlarna, medan den vida kjolen i A-linje ger en majest\u00e4tisk siluett.<\/p>\n<p data-start=\"532\" data-end=\"820\">Ett unikt inslag \u00e4r de avtagbara \u00e4rmarna i matchande tyg som ger extra elegans och g\u00f6r det enkelt att skapa tv\u00e5 olika looks under din stora dag. Dolda knappar p\u00e5 \u00e4rmarna tillf\u00f6r en sofistikerad detalj, samtidigt som det rena snittet i kl\u00e4nningen l\u00e5ter tyget och formen tala f\u00f6r sig sj\u00e4lv.<\/p>\n<p data-start=\"822\" data-end=\"835\"><strong data-start=\"822\" data-end=\"835\">Detaljer:<\/strong><\/p>\n<ul data-start=\"836\" data-end=\"1025\">\n<li data-start=\"836\" data-end=\"852\">\n<p data-start=\"838\" data-end=\"852\">F\u00e4rg: Elfenben<\/p>\n<\/li>\n<li data-start=\"853\" data-end=\"871\">\n<p data-start=\"855\" data-end=\"871\">Material: Mikado<\/p>\n<\/li>\n<li data-start=\"872\" data-end=\"890\">\n<p data-start=\"874\" data-end=\"890\">Siluett: A-linje<\/p>\n<\/li>\n<li data-start=\"891\" data-end=\"928\">\n<p data-start=\"893\" data-end=\"928\">Liv: Strapless med rak halsringning<\/p>\n<\/li>\n<li data-start=\"929\" data-end=\"967\">\n<p data-start=\"931\" data-end=\"967\">Avtagbara \u00e4rmar i mikado med knappar<\/p>\n<\/li>\n<li data-start=\"968\" data-end=\"999\">\n<p data-start=\"970\" data-end=\"999\">St\u00e4ngning: Dragkedja i ryggen<\/p>\n<\/li>\n<li data-start=\"1000\" data-end=\"1025\">\n<p data-start=\"1002\" data-end=\"1025\">Designer: Nicole Milano<\/p>\n<\/li>\n<\/ul>\n<p data-start=\"1027\" data-end=\"1106\">En perfekt kl\u00e4nning f\u00f6r den moderna prinsessan \u2013 stilren, kraftfull och tidl\u00f6s.<\/p>\n<\/div>\n<\/div>\n<\/div>\n<\/div>\n<\/div>\n<\/div>\n<\/div>\n<\/div>\n<\/article>\n<div class=\"pointer-events-none h-px w-px\" aria-hidden=\"true\" data-edge=\"true\"><\/div>\n<div><\/div>\n<div><\/div>\n<\/div>\n<\/div>\n<\/div>\n<\/div>\n<div id=\"thread-bottom-container\" class=\"isolate z-3 w-full basis-auto has-data-has-thread-error:pt-2 has-data-has-thread-error:[box-shadow:var(--sharp-edge-bottom-shadow)] md:border-transparent md:pt-0 dark:border-white\/20 md:dark:border-transparent flex flex-col\">\n<div id=\"thread-bottom\">\n<div class=\"text-base mx-auto [--thread-content-margin:--spacing(4)] @[37rem]:[--thread-content-margin:--spacing(6)] @[72rem]:[--thread-content-margin:--spacing(16)] px-(--thread-content-margin)\">\n<div class=\"[--thread-content-max-width:32rem] @[34rem]:[--thread-content-max-width:40rem] @[64rem]:[--thread-content-max-width:48rem] mx-auto flex max-w-(--thread-content-max-width) flex-1 text-base gap-4 md:gap-5 lg:gap-6\">\n<div class=\"flex justify-center empty:hidden\"><\/div>\n<div class=\"max-xs:[--force-hide-label:none] relative z-1 flex h-full max-w-full flex-1 flex-col\" aria-haspopup=\"dialog\" aria-expanded=\"false\" aria-controls=\"radix-\u00abrfh\u00bb\" data-state=\"closed\">\n<div class=\"absolute start-0 end-0 bottom-full z-20\"><\/div>\n<form class=\"w-full [view-transition-name:var(--vt-composer)]\" data-type=\"unified-composer\">\n<div class=\"flex w-full cursor-text flex-col items-center justify-center rounded-[28px] bg-clip-padding contain-inline-size overflow-clip shadow-short bg-token-bg-primary dark:bg-[#303030]\">\n<div class=\"relative flex w-full items-end px-3 py-3\">\n<div class=\"relative flex w-full flex-auto flex-col\">\n<div class=\"relative ms-1.5 grid grid-cols-[auto_minmax(0,1fr)]\">\n<div class=\"items-top flex justify-center\">\n<div><\/div>\n<\/div>\n<div class=\"relative flex-auto bg-transparent pt-0.5\">\n<div class=\"flex flex-col justify-start\">\n<div class=\"flex min-h-12 items-start\">\n<div class=\"max-w-full min-w-0 flex-1\">\n<div class=\"_prosemirror-parent_kfgfu_2 text-token-text-primary max-h-[25dvh] max-h-52 -mx-3 px-3 overflow-auto [scrollbar-width:thin] default-browser vertical-scroll-fade-mask min-h-12 pe-3\">\n<p>&nbsp;<\/p>\n<div id=\"prompt-textarea\" class=\"ProseMirror\" contenteditable=\"true\" translate=\"no\" data-virtualkeyboard=\"true\"><\/div>\n<\/div>\n<\/div>\n<\/div>\n<\/div>\n<\/div>\n<\/div>\n<div class=\"justify-content-end relative ms-2 flex w-full flex-auto flex-col\">\n<div class=\"flex-auto\"><\/div>\n<\/div>\n<div><\/div>\n<\/div>\n<\/div>\n<\/div>\n<\/form>\n<\/div>\n<\/div>\n<\/div>\n<\/div>\n<\/div>\n<\/div>\n<\/div>\n<\/div>\n<div class=\"mt-3 w-full empty:hidden\">\n<div class=\"text-center\"><\/div>\n<\/div>\n<\/div>\n<\/div>\n<\/div>\n<\/div>\n<\/article>\n<div class=\"pointer-events-none h-px w-px\" aria-hidden=\"true\" data-edge=\"true\"><\/div>\n<div><\/div>\n<div><\/div>\n<\/div>\n<\/div>\n<\/div>\n<\/div>\n<div id=\"thread-bottom-container\" class=\"isolate z-3 w-full basis-auto has-data-has-thread-error:pt-2 has-data-has-thread-error:[box-shadow:var(--sharp-edge-bottom-shadow)] md:border-transparent md:pt-0 dark:border-white\/20 md:dark:border-transparent flex flex-col\">\n<div id=\"thread-bottom\">\n<div class=\"text-base mx-auto [--thread-content-margin:--spacing(4)] @[37rem]:[--thread-content-margin:--spacing(6)] @[72rem]:[--thread-content-margin:--spacing(16)] px-(--thread-content-margin)\">\n<div class=\"[--thread-content-max-width:32rem] @[34rem]:[--thread-content-max-width:40rem] @[64rem]:[--thread-content-max-width:48rem] mx-auto flex max-w-(--thread-content-max-width) flex-1 text-base gap-4 md:gap-5 lg:gap-6\">\n<div class=\"flex justify-center empty:hidden\"><\/div>\n<div class=\"max-xs:[--force-hide-label:none] relative z-1 flex h-full max-w-full flex-1 flex-col\" aria-haspopup=\"dialog\" aria-expanded=\"false\" aria-controls=\"radix-\u00abrfh\u00bb\" data-state=\"closed\">\n<div class=\"absolute start-0 end-0 bottom-full z-20\"><\/div>\n<form class=\"w-full [view-transition-name:var(--vt-composer)]\" data-type=\"unified-composer\">\n<div class=\"flex w-full cursor-text flex-col items-center justify-center rounded-[28px] bg-clip-padding contain-inline-size overflow-clip shadow-short bg-token-bg-primary dark:bg-[#303030]\">\n<div class=\"relative flex w-full items-end px-3 py-3\">\n<div class=\"relative flex w-full flex-auto flex-col\">\n<div class=\"relative ms-1.5 grid grid-cols-[auto_minmax(0,1fr)]\">\n<div class=\"items-top flex justify-center\">\n<div><\/div>\n<\/div>\n<\/div>\n<\/div>\n<\/div>\n<\/div>\n<\/form>\n<\/div>\n<\/div>\n<\/div>\n<\/div>\n<\/div>\n<p>&nbsp;<\/p>\n<p>&nbsp;<\/p>\n","protected":false},"excerpt":{"rendered":"<p><strong data-start=\"0\" data-end=\"10\">Mephis<\/strong>\u00a0\u00e4r en br\u00f6llopskl\u00e4nning ur kollektionen\u00a0<em data-start=\"50\" data-end=\"66\">Pronovias 2025<\/em>\u00a0fra\u00a0<strong data-start=\"72\" data-end=\"113\" data-is-only-node=\"\"><span class=\"hover:entity-accent entity-underline inline cursor-pointer align-baseline\"><span class=\"whitespace-normal\">Pronovias<\/span><\/span><\/strong>.<br data-start=\"114\" data-end=\"117\" \/>En elegant och modern br\u00f6llopskl\u00e4nning med f\u00f6ljsam silhuett och stilrena detaljer som skapar ett lugnt, sofistikerat uttryck. Mephis k\u00e4nns tidl\u00f6s men samtida \u2013 perfekt f\u00f6r bruden som vill ha klassisk elegans med modern k\u00e4nsla.<br data-start=\"335\" data-end=\"338\" \/><br data-start=\"420\" data-end=\"423\" \/><em data-start=\"423\" data-end=\"480\">(Kontakt os for sp\u00f8rgsm\u00e5l vedr\u00f8rende priser, booking osv.)<\/em><\/p>\n<div class=\"product attribute overview\">\n<div class=\"product attribute overview\">\n<p class=\"value\">\n<\/div>\n<h2 class=\"value\"><\/h2>\n<\/div>\n<p>&nbsp;<\/p>","protected":false},"featured_media":28261,"template":"","meta":[],"pwb-brand":[],"product_brand":[],"product_cat":[16,176],"product_tag":[167,25,22],"class_list":{"0":"post-28157","1":"product","2":"type-product","3":"status-publish","4":"has-post-thumbnail","6":"product_cat-klanningar","7":"product_cat-nicole-milano","8":"product_tag-brollop","9":"product_tag-brollopsklanning","10":"product_tag-brudklanning","12":"first","13":"instock","14":"sale","15":"shipping-taxable","16":"purchasable","17":"product-type-simple"},"yoast_head":"<!-- This site is optimized with the Yoast SEO plugin v27.4 - https:\/\/yoast.com\/product\/yoast-seo-wordpress\/ -->\n<title>Pronovias Mephis brudkl\u00e4nning | Proms and Weddings<\/title>\n<meta name=\"description\" content=\"Mephis \u2013 en elegant och modern br\u00f6llopskl\u00e4nning fr\u00e5n Nicole Milano. Tillverkad i lyxigt mikado med avtagbara \u00e4rmar och A-linjesiluett. Perfekt f\u00f6r den stilmedvetna bruden\" \/>\n<meta name=\"robots\" content=\"index, follow, max-snippet:-1, max-image-preview:large, max-video-preview:-1\" \/>\n<link rel=\"canonical\" href=\"https:\/\/promsandweddings.se\/da\/vare\/pronovias-mephis-brudklanning\/\" \/>\n<meta property=\"og:locale\" content=\"da_DK\" \/>\n<meta property=\"og:type\" content=\"article\" \/>\n<meta property=\"og:title\" content=\"Pronovias Mephis brudkl\u00e4nning | Proms and Weddings\" \/>\n<meta property=\"og:description\" content=\"Mephis \u2013 en elegant och modern br\u00f6llopskl\u00e4nning fr\u00e5n Nicole Milano. Tillverkad i lyxigt mikado med avtagbara \u00e4rmar och A-linjesiluett. Perfekt f\u00f6r den stilmedvetna bruden\" \/>\n<meta property=\"og:url\" content=\"https:\/\/promsandweddings.se\/da\/vare\/pronovias-mephis-brudklanning\/\" \/>\n<meta property=\"og:site_name\" content=\"Proms and Weddings\" \/>\n<meta property=\"article:publisher\" content=\"https:\/\/www.facebook.com\/promsandweddings\" \/>\n<meta property=\"article:modified_time\" content=\"2026-03-15T22:33:23+00:00\" \/>\n<meta property=\"og:image\" content=\"https:\/\/promsandweddings.se\/wp-content\/uploads\/2026\/03\/mephis-b-ff86a615.jpg\" \/>\n\t<meta property=\"og:image:width\" content=\"1691\" \/>\n\t<meta property=\"og:image:height\" content=\"2255\" \/>\n\t<meta property=\"og:image:type\" content=\"image\/jpeg\" \/>\n<meta name=\"twitter:card\" content=\"summary_large_image\" \/>\n<meta name=\"twitter:site\" content=\"@PromsWeddings\" \/>\n<meta name=\"twitter:label1\" content=\"Estimeret l\u00e6setid\" \/>\n\t<meta name=\"twitter:data1\" content=\"1 minut\" \/>\n<script type=\"application\/ld+json\" class=\"yoast-schema-graph\">{\"@context\":\"https:\\\/\\\/schema.org\",\"@graph\":[{\"@type\":\"WebPage\",\"@id\":\"https:\\\/\\\/promsandweddings.se\\\/produkt\\\/pronovias-mephis-brudklanning\\\/\",\"url\":\"https:\\\/\\\/promsandweddings.se\\\/produkt\\\/pronovias-mephis-brudklanning\\\/\",\"name\":\"Pronovias Mephis brudkl\u00e4nning | Proms and Weddings\",\"isPartOf\":{\"@id\":\"https:\\\/\\\/promsandweddings.se\\\/#website\"},\"primaryImageOfPage\":{\"@id\":\"https:\\\/\\\/promsandweddings.se\\\/produkt\\\/pronovias-mephis-brudklanning\\\/#primaryimage\"},\"image\":{\"@id\":\"https:\\\/\\\/promsandweddings.se\\\/produkt\\\/pronovias-mephis-brudklanning\\\/#primaryimage\"},\"thumbnailUrl\":\"https:\\\/\\\/promsandweddings.se\\\/wp-content\\\/uploads\\\/2026\\\/03\\\/mephis-b-ff86a615.jpg\",\"datePublished\":\"2026-03-15T22:28:46+00:00\",\"dateModified\":\"2026-03-15T22:33:23+00:00\",\"description\":\"Mephis \u2013 en elegant och modern br\u00f6llopskl\u00e4nning fr\u00e5n Nicole Milano. Tillverkad i lyxigt mikado med avtagbara \u00e4rmar och A-linjesiluett. Perfekt f\u00f6r den stilmedvetna bruden\",\"breadcrumb\":{\"@id\":\"https:\\\/\\\/promsandweddings.se\\\/produkt\\\/pronovias-mephis-brudklanning\\\/#breadcrumb\"},\"inLanguage\":\"da-DK\",\"potentialAction\":[{\"@type\":\"ReadAction\",\"target\":[\"https:\\\/\\\/promsandweddings.se\\\/produkt\\\/pronovias-mephis-brudklanning\\\/\"]}]},{\"@type\":\"ImageObject\",\"inLanguage\":\"da-DK\",\"@id\":\"https:\\\/\\\/promsandweddings.se\\\/produkt\\\/pronovias-mephis-brudklanning\\\/#primaryimage\",\"url\":\"https:\\\/\\\/promsandweddings.se\\\/wp-content\\\/uploads\\\/2026\\\/03\\\/mephis-b-ff86a615.jpg\",\"contentUrl\":\"https:\\\/\\\/promsandweddings.se\\\/wp-content\\\/uploads\\\/2026\\\/03\\\/mephis-b-ff86a615.jpg\",\"width\":1691,\"height\":2255},{\"@type\":\"BreadcrumbList\",\"@id\":\"https:\\\/\\\/promsandweddings.se\\\/produkt\\\/pronovias-mephis-brudklanning\\\/#breadcrumb\",\"itemListElement\":[{\"@type\":\"ListItem\",\"position\":1,\"name\":\"Home\",\"item\":\"https:\\\/\\\/promsandweddings.se\\\/\"},{\"@type\":\"ListItem\",\"position\":2,\"name\":\"Webshop\",\"item\":\"https:\\\/\\\/promsandweddings.se\\\/webshop\\\/\"},{\"@type\":\"ListItem\",\"position\":3,\"name\":\"Pronovias Mephis brudkl\u00e4nning\"}]},{\"@type\":\"WebSite\",\"@id\":\"https:\\\/\\\/promsandweddings.se\\\/#website\",\"url\":\"https:\\\/\\\/promsandweddings.se\\\/\",\"name\":\"Proms and Weddings\",\"description\":\"Hitta din dr\u00f6mkl\u00e4nning\",\"publisher\":{\"@id\":\"https:\\\/\\\/promsandweddings.se\\\/#organization\"},\"alternateName\":\"Proms & Weddings\",\"potentialAction\":[{\"@type\":\"SearchAction\",\"target\":{\"@type\":\"EntryPoint\",\"urlTemplate\":\"https:\\\/\\\/promsandweddings.se\\\/?s={search_term_string}\"},\"query-input\":{\"@type\":\"PropertyValueSpecification\",\"valueRequired\":true,\"valueName\":\"search_term_string\"}}],\"inLanguage\":\"da-DK\"},{\"@type\":\"Organization\",\"@id\":\"https:\\\/\\\/promsandweddings.se\\\/#organization\",\"name\":\"Proms & Weddings\",\"url\":\"https:\\\/\\\/promsandweddings.se\\\/\",\"logo\":{\"@type\":\"ImageObject\",\"inLanguage\":\"da-DK\",\"@id\":\"https:\\\/\\\/promsandweddings.se\\\/#\\\/schema\\\/logo\\\/image\\\/\",\"url\":\"https:\\\/\\\/promsandweddings.se\\\/wp-content\\\/uploads\\\/2026\\\/03\\\/pwlogosv-2-2.webp\",\"contentUrl\":\"https:\\\/\\\/promsandweddings.se\\\/wp-content\\\/uploads\\\/2026\\\/03\\\/pwlogosv-2-2.webp\",\"width\":556,\"height\":152,\"caption\":\"Proms & Weddings\"},\"image\":{\"@id\":\"https:\\\/\\\/promsandweddings.se\\\/#\\\/schema\\\/logo\\\/image\\\/\"},\"sameAs\":[\"https:\\\/\\\/www.facebook.com\\\/promsandweddings\",\"https:\\\/\\\/x.com\\\/PromsWeddings\",\"https:\\\/\\\/www.instagram.com\\\/promsandweddings\\\/\",\"https:\\\/\\\/www.youtube.com\\\/@promsandweddings\\\/shorts\",\"https:\\\/\\\/www.tiktok.com\\\/@promsandweddings\",\"https:\\\/\\\/se.pinterest.com\\\/promsandwedding\"]}]}<\/script>\n<!-- \/ Yoast SEO plugin. -->","yoast_head_json":{"title":"Pronovias Mephis brudekjole | Proms and Weddings","description":"Mephis \u2013 en elegant og moderne bryllupskjole fra Nicole Milano. Fremstillet i luksus mikado med aftageligt \u00e6rmer og A-linjesilhuet. Perfekt til den stilbevidst brud","robots":{"index":"index","follow":"follow","max-snippet":"max-snippet:-1","max-image-preview":"max-image-preview:large","max-video-preview":"max-video-preview:-1"},"canonical":"https:\/\/promsandweddings.se\/da\/vare\/pronovias-mephis-brudklanning\/","og_locale":"da_DK","og_type":"article","og_title":"Pronovias Mephis brudkl\u00e4nning | Proms and Weddings","og_description":"Mephis \u2013 en elegant och modern br\u00f6llopskl\u00e4nning fr\u00e5n Nicole Milano. Tillverkad i lyxigt mikado med avtagbara \u00e4rmar och A-linjesiluett. Perfekt f\u00f6r den stilmedvetna bruden","og_url":"https:\/\/promsandweddings.se\/da\/vare\/pronovias-mephis-brudklanning\/","og_site_name":"Proms and Weddings","article_publisher":"https:\/\/www.facebook.com\/promsandweddings","article_modified_time":"2026-03-15T22:33:23+00:00","og_image":[{"width":1691,"height":2255,"url":"https:\/\/promsandweddings.se\/wp-content\/uploads\/2026\/03\/mephis-b-ff86a615.jpg","type":"image\/jpeg"}],"twitter_card":"summary_large_image","twitter_site":"@PromsWeddings","twitter_misc":{"Estimeret l\u00e6setid":"1 minut"},"schema":{"@context":"https:\/\/schema.org","@graph":[{"@type":"WebPage","@id":"https:\/\/promsandweddings.se\/produkt\/pronovias-mephis-brudklanning\/","url":"https:\/\/promsandweddings.se\/produkt\/pronovias-mephis-brudklanning\/","name":"Pronovias Mephis brudekjole | Proms and Weddings","isPartOf":{"@id":"https:\/\/promsandweddings.se\/#website"},"primaryImageOfPage":{"@id":"https:\/\/promsandweddings.se\/produkt\/pronovias-mephis-brudklanning\/#primaryimage"},"image":{"@id":"https:\/\/promsandweddings.se\/produkt\/pronovias-mephis-brudklanning\/#primaryimage"},"thumbnailUrl":"https:\/\/promsandweddings.se\/wp-content\/uploads\/2026\/03\/mephis-b-ff86a615.jpg","datePublished":"2026-03-15T22:28:46+00:00","dateModified":"2026-03-15T22:33:23+00:00","description":"Mephis \u2013 en elegant og moderne bryllupskjole fra Nicole Milano. Fremstillet i luksus mikado med aftageligt \u00e6rmer og A-linjesilhuet. Perfekt til den stilbevidst brud","breadcrumb":{"@id":"https:\/\/promsandweddings.se\/produkt\/pronovias-mephis-brudklanning\/#breadcrumb"},"inLanguage":"da-DK","potentialAction":[{"@type":"ReadAction","target":["https:\/\/promsandweddings.se\/produkt\/pronovias-mephis-brudklanning\/"]}]},{"@type":"ImageObject","inLanguage":"da-DK","@id":"https:\/\/promsandweddings.se\/produkt\/pronovias-mephis-brudklanning\/#primaryimage","url":"https:\/\/promsandweddings.se\/wp-content\/uploads\/2026\/03\/mephis-b-ff86a615.jpg","contentUrl":"https:\/\/promsandweddings.se\/wp-content\/uploads\/2026\/03\/mephis-b-ff86a615.jpg","width":1691,"height":2255},{"@type":"BreadcrumbList","@id":"https:\/\/promsandweddings.se\/produkt\/pronovias-mephis-brudklanning\/#breadcrumb","itemListElement":[{"@type":"ListItem","position":1,"name":"Home","item":"https:\/\/promsandweddings.se\/"},{"@type":"ListItem","position":2,"name":"Webshop","item":"https:\/\/promsandweddings.se\/webshop\/"},{"@type":"ListItem","position":3,"name":"Pronovias Mephis brudkl\u00e4nning"}]},{"@type":"WebSite","@id":"https:\/\/promsandweddings.se\/#website","url":"https:\/\/promsandweddings.se\/","name":"Proms and Weddings","description":"Find din dr\u00f8mmekjole","publisher":{"@id":"https:\/\/promsandweddings.se\/#organization"},"alternateName":"Proms & Weddings","potentialAction":[{"@type":"SearchAction","target":{"@type":"EntryPoint","urlTemplate":"https:\/\/promsandweddings.se\/?s={search_term_string}"},"query-input":{"@type":"PropertyValueSpecification","valueRequired":true,"valueName":"search_term_string"}}],"inLanguage":"da-DK"},{"@type":"Organization","@id":"https:\/\/promsandweddings.se\/#organization","name":"Proms &amp; Weddings","url":"https:\/\/promsandweddings.se\/","logo":{"@type":"ImageObject","inLanguage":"da-DK","@id":"https:\/\/promsandweddings.se\/#\/schema\/logo\/image\/","url":"https:\/\/promsandweddings.se\/wp-content\/uploads\/2026\/03\/pwlogosv-2-2.webp","contentUrl":"https:\/\/promsandweddings.se\/wp-content\/uploads\/2026\/03\/pwlogosv-2-2.webp","width":556,"height":152,"caption":"Proms & Weddings"},"image":{"@id":"https:\/\/promsandweddings.se\/#\/schema\/logo\/image\/"},"sameAs":["https:\/\/www.facebook.com\/promsandweddings","https:\/\/x.com\/PromsWeddings","https:\/\/www.instagram.com\/promsandweddings\/","https:\/\/www.youtube.com\/@promsandweddings\/shorts","https:\/\/www.tiktok.com\/@promsandweddings","https:\/\/se.pinterest.com\/promsandwedding"]}]}},"jetpack_sharing_enabled":true,"brands":[],"_links":{"self":[{"href":"https:\/\/promsandweddings.se\/da\/wp-json\/wp\/v2\/product\/28157","targetHints":{"allow":["GET"]}}],"collection":[{"href":"https:\/\/promsandweddings.se\/da\/wp-json\/wp\/v2\/product"}],"about":[{"href":"https:\/\/promsandweddings.se\/da\/wp-json\/wp\/v2\/types\/product"}],"wp:featuredmedia":[{"embeddable":true,"href":"https:\/\/promsandweddings.se\/da\/wp-json\/wp\/v2\/media\/28261"}],"wp:attachment":[{"href":"https:\/\/promsandweddings.se\/da\/wp-json\/wp\/v2\/media?parent=28157"}],"wp:term":[{"taxonomy":"pwb-brand","embeddable":true,"href":"https:\/\/promsandweddings.se\/da\/wp-json\/wp\/v2\/pwb-brand?post=28157"},{"taxonomy":"product_brand","embeddable":true,"href":"https:\/\/promsandweddings.se\/da\/wp-json\/wp\/v2\/product_brand?post=28157"},{"taxonomy":"product_cat","embeddable":true,"href":"https:\/\/promsandweddings.se\/da\/wp-json\/wp\/v2\/product_cat?post=28157"},{"taxonomy":"product_tag","embeddable":true,"href":"https:\/\/promsandweddings.se\/da\/wp-json\/wp\/v2\/product_tag?post=28157"}],"curies":[{"name":"wp","href":"https:\/\/api.w.org\/{rel}","templated":true}]}}