{"id":28364,"date":"2026-03-15T23:37:45","date_gmt":"2026-03-15T22:37:45","guid":{"rendered":"https:\/\/promsandweddings.se\/?post_type=product&#038;p=28364"},"modified":"2026-03-15T23:43:23","modified_gmt":"2026-03-15T22:43:23","slug":"toine-brollopsklanning-ladybird","status":"publish","type":"product","link":"https:\/\/promsandweddings.se\/da\/produkt\/toine-brollopsklanning-ladybird\/","title":{"rendered":"Toine brudekjole Ladybird"},"content":{"rendered":"<div class=\"flex basis-auto flex-col -mb-(--composer-overlap-px) [--composer-overlap-px:24px] grow overflow-hidden\">\n<div class=\"relative h-full\">\n<div class=\"flex h-full flex-col overflow-y-auto [scrollbar-gutter:stable_both-edges] @[84rem]\/thread:pt-(--header-height)\">\n<div class=\"@thread-xl\/thread:pt-header-height mt-1.5 flex flex-col text-sm pb-25\">\n<article class=\"text-token-text-primary w-full\" dir=\"auto\" data-testid=\"conversation-turn-86\" data-scroll-anchor=\"true\">\n<div class=\"text-base my-auto mx-auto py-5 [--thread-content-margin:--spacing(4)] @[37rem]:[--thread-content-margin:--spacing(6)] @[72rem]:[--thread-content-margin:--spacing(16)] px-(--thread-content-margin)\">\n<div class=\"[--thread-content-max-width:32rem] @[34rem]:[--thread-content-max-width:40rem] @[64rem]:[--thread-content-max-width:48rem] mx-auto flex max-w-(--thread-content-max-width) flex-1 text-base gap-4 md:gap-5 lg:gap-6 group\/turn-messages focus-visible:outline-hidden\" tabindex=\"-1\">\n<div class=\"group\/conversation-turn relative flex w-full min-w-0 flex-col agent-turn\">\n<div class=\"relative flex-col gap-1 md:gap-3\">\n<div class=\"flex max-w-full flex-col grow\">\n<div class=\"min-h-8 text-message relative flex w-full flex-col items-end gap-2 text-start break-words whitespace-normal [.text-message+&amp;]:mt-5\" dir=\"auto\" data-message-author-role=\"assistant\" data-message-id=\"0db12e0d-ef10-410f-9b93-9a18c21d95bb\" data-message-model-slug=\"gpt-4o\"><\/div>\n<\/div>\n<\/div>\n<\/div>\n<\/div>\n<\/div>\n<\/article>\n<\/div>\n<\/div>\n<\/div>\n<\/div>\n<div id=\"thread-bottom-container\" class=\"isolate z-3 w-full basis-auto has-data-has-thread-error:pt-2 has-data-has-thread-error:[box-shadow:var(--sharp-edge-bottom-shadow)] md:border-transparent md:pt-0 dark:border-white\/20 md:dark:border-transparent flex flex-col\">\n<div id=\"thread-bottom\">\n<p>Toine fr\u00e5n Ladybird \u00e4r en romantisk brudkl\u00e4nning som f\u00f6rmedlar b\u00e5de elegans och l\u00e4tthet. Den \u00e4r designad f\u00f6r dig som vill k\u00e4nna dig vacker och bekv\u00e4m under hela br\u00f6llopsdagen. Tack vare sin A-linjeform smickrar den de flesta kroppstyper och skapar en klassisk silhuett med mjukt fall.<\/p>\n<p>Livstycket \u00e4r detaljerat med vackert broderad spets och har en djup V-ringning b\u00e5de framtill och baktill. Dessutom ger de tunna axelbanden ett luftigt och sofistikerat uttryck. Det transparenta tyget l\u00e4ngs sidorna tillf\u00f6r en modern touch, vilket g\u00f6r kl\u00e4nningen b\u00e5de klassisk och nutida p\u00e5 samma g\u00e5ng.<\/p>\n<p>Vidare \u00e4r kjolen tillverkad i flera lager mjuk tyll, vilket ger den r\u00f6relse och liv. Under det yttre lagret finns en subtil glittrig struktur som f\u00e5ngar ljuset utan att ta \u00f6ver. P\u00e5 s\u00e5 vis f\u00e5r kl\u00e4nningen en diskret lyster \u2013 perfekt f\u00f6r b\u00e5de dag- och kv\u00e4llsceremonier.<\/p>\n<p>Sl\u00e4pet \u00e4r elegant men l\u00e4ttburet, vilket g\u00f6r att du enkelt kan r\u00f6ra dig, dansa och njuta av kv\u00e4llen. Oavsett om du planerar ett br\u00f6llop i tr\u00e4dg\u00e5rden, p\u00e5 stranden eller i kyrkan, s\u00e5 \u00e4r Toine fr\u00e5n Ladybird ett s\u00e4kert val. Eftersom kl\u00e4nningen \u00e4r s\u00e5 m\u00e5ngsidig, passar den i b\u00e5de avslappnade och mer formella milj\u00f6er.<\/p>\n<p>&nbsp;<\/p>\n<\/div>\n<\/div>\n<p>&nbsp;<\/p>\n","protected":false},"excerpt":{"rendered":"<div class=\"flex flex-col text-sm pb-25\">\n<article class=\"text-token-text-primary w-full focus:outline-none [--shadow-height:45px] has-data-writing-block:pointer-events-none has-data-writing-block:-mt-(--shadow-height) has-data-writing-block:pt-(--shadow-height) [&amp;:has([data-writing-block])&gt;*]:pointer-events-auto scroll-mt-[calc(var(--header-height)+min(200px,max(70px,20svh)))]\" dir=\"auto\" tabindex=\"-1\" data-turn-id=\"fd245f58-c645-465f-84db-3dbff7a0b02b\" data-testid=\"conversation-turn-436\" data-scroll-anchor=\"true\" data-turn=\"assistant\">\n<div class=\"text-base my-auto mx-auto pb-10 [--thread-content-margin:--spacing(4)] @w-sm\/main:[--thread-content-margin:--spacing(6)] @w-lg\/main:[--thread-content-margin:--spacing(16)] px-(--thread-content-margin)\">\n<div class=\"[--thread-content-max-width:40rem] @w-lg\/main:[--thread-content-max-width:48rem] mx-auto max-w-(--thread-content-max-width) flex-1 group\/turn-messages focus-visible:outline-hidden relative flex w-full min-w-0 flex-col agent-turn\" tabindex=\"-1\">\n<div class=\"flex max-w-full flex-col grow\">\n<div class=\"min-h-8 text-message relative flex w-full flex-col items-end gap-2 text-start break-words whitespace-normal [.text-message+&amp;]:mt-1\" dir=\"auto\" data-message-author-role=\"assistant\" data-message-id=\"486bd5a9-7075-480c-818a-e6ea786af3e9\" data-message-model-slug=\"gpt-5-2\">\n<div class=\"flex w-full flex-col gap-1 empty:hidden first:pt-[1px]\">\n<div class=\"markdown prose dark:prose-invert w-full wrap-break-word light markdown-new-styling\">\n<p data-start=\"0\" data-end=\"470\" data-is-last-node=\"\" data-is-only-node=\"\"><strong data-start=\"0\" data-end=\"9\" data-is-only-node=\"\">Toine<\/strong>\u00a0\u00e4r en br\u00f6llopskl\u00e4nning ur kollektionen\u00a0<em data-start=\"49\" data-end=\"64\">Ladybird 2026<\/em>\u00a0fr\u00e5n\u00a0<strong data-start=\"70\" data-end=\"111\"><span class=\"hover:entity-accent entity-underline inline cursor-pointer align-baseline\"><span class=\"whitespace-normal\">Ladybird<\/span><\/span><\/strong>.<br data-start=\"112\" data-end=\"115\" \/>En modern och l\u00e4tt br\u00f6llopskl\u00e4nning med mjuk silhuett och rena linjer som ger ett fr\u00e4scht, feminint uttryck. Toine k\u00e4nns elegant utan att vara tung \u2013 perfekt f\u00f6r bruden som vill ha tidl\u00f6s stil med en avslappnad k\u00e4nsla.<br data-start=\"325\" data-end=\"328\" \/><br data-start=\"410\" data-end=\"413\" \/><em data-start=\"413\" data-end=\"470\" data-is-last-node=\"\">(Kontakta oss f\u00f6r fr\u00e5gor ang\u00e5ende priser, bokning etc.)<\/em><\/p>\n<\/div>\n<\/div>\n<\/div>\n<\/div>\n<div class=\"z-0 flex min-h-[46px] justify-start\"><\/div>\n<div class=\"mt-3 w-full empty:hidden\">\n<div class=\"text-center\"><\/div>\n<\/div>\n<\/div>\n<\/div>\n<\/article>\n<\/div>\n<div class=\"product attribute overview\">\n<div class=\"product attribute overview\">\n<p class=\"value\">\n<\/div>\n<h2 class=\"value\"><\/h2>\n<\/div>\n<p>&nbsp;<\/p>\n","protected":false},"featured_media":28495,"template":"","meta":[],"pwb-brand":[],"product_brand":[],"product_cat":[16,23],"product_tag":[167,25,22],"class_list":{"0":"post-28364","1":"product","2":"type-product","3":"status-publish","4":"has-post-thumbnail","6":"product_cat-klanningar","7":"product_cat-pronovias","8":"product_tag-brollop","9":"product_tag-brollopsklanning","10":"product_tag-brudklanning","12":"first","13":"instock","14":"shipping-taxable","15":"product-type-simple"},"yoast_head":"<!-- This site is optimized with the Yoast SEO plugin v27.4 - https:\/\/yoast.com\/product\/yoast-seo-wordpress\/ -->\n<title>Toine fr\u00e5n Ladybird \u2013 Brudkl\u00e4nning med spets och V-ringning<\/title>\n<meta name=\"description\" content=\"Toine fr\u00e5n Ladybird \u2013 romantisk A-linjeformad brudkl\u00e4nning med spets, V-ringning och skir kjol. L\u00e4tt, elegant och perfekt f\u00f6r alla br\u00f6llop.\" \/>\n<meta name=\"robots\" content=\"index, follow, max-snippet:-1, max-image-preview:large, max-video-preview:-1\" \/>\n<link rel=\"canonical\" href=\"https:\/\/promsandweddings.se\/da\/vare\/toine-brollopsklanning-ladybird\/\" \/>\n<meta property=\"og:locale\" content=\"da_DK\" \/>\n<meta property=\"og:type\" content=\"article\" \/>\n<meta property=\"og:title\" content=\"Toine fr\u00e5n Ladybird \u2013 Brudkl\u00e4nning med spets och V-ringning\" \/>\n<meta property=\"og:description\" content=\"Toine fr\u00e5n Ladybird \u2013 romantisk A-linjeformad brudkl\u00e4nning med spets, V-ringning och skir kjol. L\u00e4tt, elegant och perfekt f\u00f6r alla br\u00f6llop.\" \/>\n<meta property=\"og:url\" content=\"https:\/\/promsandweddings.se\/da\/vare\/toine-brollopsklanning-ladybird\/\" \/>\n<meta property=\"og:site_name\" content=\"Proms and Weddings\" \/>\n<meta property=\"article:publisher\" content=\"https:\/\/www.facebook.com\/promsandweddings\" \/>\n<meta property=\"article:modified_time\" content=\"2026-03-15T22:43:23+00:00\" \/>\n<meta property=\"og:image\" content=\"https:\/\/promsandweddings.se\/wp-content\/uploads\/2026\/03\/toine-b-069f3707.jpg\" \/>\n\t<meta property=\"og:image:width\" content=\"1691\" \/>\n\t<meta property=\"og:image:height\" content=\"2255\" \/>\n\t<meta property=\"og:image:type\" content=\"image\/jpeg\" \/>\n<meta name=\"twitter:card\" content=\"summary_large_image\" \/>\n<meta name=\"twitter:site\" content=\"@PromsWeddings\" \/>\n<meta name=\"twitter:label1\" content=\"Estimeret l\u00e6setid\" \/>\n\t<meta name=\"twitter:data1\" content=\"1 minut\" \/>\n<script type=\"application\/ld+json\" class=\"yoast-schema-graph\">{\"@context\":\"https:\\\/\\\/schema.org\",\"@graph\":[{\"@type\":\"WebPage\",\"@id\":\"https:\\\/\\\/promsandweddings.se\\\/produkt\\\/toine-brollopsklanning-ladybird\\\/\",\"url\":\"https:\\\/\\\/promsandweddings.se\\\/produkt\\\/toine-brollopsklanning-ladybird\\\/\",\"name\":\"Toine fr\u00e5n Ladybird \u2013 Brudkl\u00e4nning med spets och V-ringning\",\"isPartOf\":{\"@id\":\"https:\\\/\\\/promsandweddings.se\\\/#website\"},\"primaryImageOfPage\":{\"@id\":\"https:\\\/\\\/promsandweddings.se\\\/produkt\\\/toine-brollopsklanning-ladybird\\\/#primaryimage\"},\"image\":{\"@id\":\"https:\\\/\\\/promsandweddings.se\\\/produkt\\\/toine-brollopsklanning-ladybird\\\/#primaryimage\"},\"thumbnailUrl\":\"https:\\\/\\\/promsandweddings.se\\\/wp-content\\\/uploads\\\/2026\\\/03\\\/toine-b-069f3707.jpg\",\"datePublished\":\"2026-03-15T22:37:45+00:00\",\"dateModified\":\"2026-03-15T22:43:23+00:00\",\"description\":\"Toine fr\u00e5n Ladybird \u2013 romantisk A-linjeformad brudkl\u00e4nning med spets, V-ringning och skir kjol. L\u00e4tt, elegant och perfekt f\u00f6r alla br\u00f6llop.\",\"breadcrumb\":{\"@id\":\"https:\\\/\\\/promsandweddings.se\\\/produkt\\\/toine-brollopsklanning-ladybird\\\/#breadcrumb\"},\"inLanguage\":\"da-DK\",\"potentialAction\":[{\"@type\":\"ReadAction\",\"target\":[\"https:\\\/\\\/promsandweddings.se\\\/produkt\\\/toine-brollopsklanning-ladybird\\\/\"]}]},{\"@type\":\"ImageObject\",\"inLanguage\":\"da-DK\",\"@id\":\"https:\\\/\\\/promsandweddings.se\\\/produkt\\\/toine-brollopsklanning-ladybird\\\/#primaryimage\",\"url\":\"https:\\\/\\\/promsandweddings.se\\\/wp-content\\\/uploads\\\/2026\\\/03\\\/toine-b-069f3707.jpg\",\"contentUrl\":\"https:\\\/\\\/promsandweddings.se\\\/wp-content\\\/uploads\\\/2026\\\/03\\\/toine-b-069f3707.jpg\",\"width\":1691,\"height\":2255},{\"@type\":\"BreadcrumbList\",\"@id\":\"https:\\\/\\\/promsandweddings.se\\\/produkt\\\/toine-brollopsklanning-ladybird\\\/#breadcrumb\",\"itemListElement\":[{\"@type\":\"ListItem\",\"position\":1,\"name\":\"Home\",\"item\":\"https:\\\/\\\/promsandweddings.se\\\/\"},{\"@type\":\"ListItem\",\"position\":2,\"name\":\"Webshop\",\"item\":\"https:\\\/\\\/promsandweddings.se\\\/webshop\\\/\"},{\"@type\":\"ListItem\",\"position\":3,\"name\":\"Toine br\u00f6llopskl\u00e4nning Ladybird\"}]},{\"@type\":\"WebSite\",\"@id\":\"https:\\\/\\\/promsandweddings.se\\\/#website\",\"url\":\"https:\\\/\\\/promsandweddings.se\\\/\",\"name\":\"Proms and Weddings\",\"description\":\"Hitta din dr\u00f6mkl\u00e4nning\",\"publisher\":{\"@id\":\"https:\\\/\\\/promsandweddings.se\\\/#organization\"},\"alternateName\":\"Proms & Weddings\",\"potentialAction\":[{\"@type\":\"SearchAction\",\"target\":{\"@type\":\"EntryPoint\",\"urlTemplate\":\"https:\\\/\\\/promsandweddings.se\\\/?s={search_term_string}\"},\"query-input\":{\"@type\":\"PropertyValueSpecification\",\"valueRequired\":true,\"valueName\":\"search_term_string\"}}],\"inLanguage\":\"da-DK\"},{\"@type\":\"Organization\",\"@id\":\"https:\\\/\\\/promsandweddings.se\\\/#organization\",\"name\":\"Proms & Weddings\",\"url\":\"https:\\\/\\\/promsandweddings.se\\\/\",\"logo\":{\"@type\":\"ImageObject\",\"inLanguage\":\"da-DK\",\"@id\":\"https:\\\/\\\/promsandweddings.se\\\/#\\\/schema\\\/logo\\\/image\\\/\",\"url\":\"https:\\\/\\\/promsandweddings.se\\\/wp-content\\\/uploads\\\/2026\\\/03\\\/pwlogosv-2-2.webp\",\"contentUrl\":\"https:\\\/\\\/promsandweddings.se\\\/wp-content\\\/uploads\\\/2026\\\/03\\\/pwlogosv-2-2.webp\",\"width\":556,\"height\":152,\"caption\":\"Proms & Weddings\"},\"image\":{\"@id\":\"https:\\\/\\\/promsandweddings.se\\\/#\\\/schema\\\/logo\\\/image\\\/\"},\"sameAs\":[\"https:\\\/\\\/www.facebook.com\\\/promsandweddings\",\"https:\\\/\\\/x.com\\\/PromsWeddings\",\"https:\\\/\\\/www.instagram.com\\\/promsandweddings\\\/\",\"https:\\\/\\\/www.youtube.com\\\/@promsandweddings\\\/shorts\",\"https:\\\/\\\/www.tiktok.com\\\/@promsandweddings\",\"https:\\\/\\\/se.pinterest.com\\\/promsandwedding\"]}]}<\/script>\n<!-- \/ Yoast SEO plugin. -->","yoast_head_json":{"title":"Toine fra Ladybird \u2013 Brudekjole med blondespids og V-udsk\u00e6ring","description":"Toine fra Ladybird \u2013 romantisk A-linje brudekjole med blondespids, V-udsk\u00e6ring og gennemskinneligt sk\u00f8rt. Let, elegant og perfekt til alle bryllupper.","robots":{"index":"index","follow":"follow","max-snippet":"max-snippet:-1","max-image-preview":"max-image-preview:large","max-video-preview":"max-video-preview:-1"},"canonical":"https:\/\/promsandweddings.se\/da\/vare\/toine-brollopsklanning-ladybird\/","og_locale":"da_DK","og_type":"article","og_title":"Toine fr\u00e5n Ladybird \u2013 Brudkl\u00e4nning med spets och V-ringning","og_description":"Toine fr\u00e5n Ladybird \u2013 romantisk A-linjeformad brudkl\u00e4nning med spets, V-ringning och skir kjol. L\u00e4tt, elegant och perfekt f\u00f6r alla br\u00f6llop.","og_url":"https:\/\/promsandweddings.se\/da\/vare\/toine-brollopsklanning-ladybird\/","og_site_name":"Proms and Weddings","article_publisher":"https:\/\/www.facebook.com\/promsandweddings","article_modified_time":"2026-03-15T22:43:23+00:00","og_image":[{"width":1691,"height":2255,"url":"https:\/\/promsandweddings.se\/wp-content\/uploads\/2026\/03\/toine-b-069f3707.jpg","type":"image\/jpeg"}],"twitter_card":"summary_large_image","twitter_site":"@PromsWeddings","twitter_misc":{"Estimeret l\u00e6setid":"1 minut"},"schema":{"@context":"https:\/\/schema.org","@graph":[{"@type":"WebPage","@id":"https:\/\/promsandweddings.se\/produkt\/toine-brollopsklanning-ladybird\/","url":"https:\/\/promsandweddings.se\/produkt\/toine-brollopsklanning-ladybird\/","name":"Toine fra Ladybird \u2013 Brudekjole med blondespids og V-udsk\u00e6ring","isPartOf":{"@id":"https:\/\/promsandweddings.se\/#website"},"primaryImageOfPage":{"@id":"https:\/\/promsandweddings.se\/produkt\/toine-brollopsklanning-ladybird\/#primaryimage"},"image":{"@id":"https:\/\/promsandweddings.se\/produkt\/toine-brollopsklanning-ladybird\/#primaryimage"},"thumbnailUrl":"https:\/\/promsandweddings.se\/wp-content\/uploads\/2026\/03\/toine-b-069f3707.jpg","datePublished":"2026-03-15T22:37:45+00:00","dateModified":"2026-03-15T22:43:23+00:00","description":"Toine fra Ladybird \u2013 romantisk A-linje brudekjole med blondespids, V-udsk\u00e6ring og gennemskinneligt sk\u00f8rt. Let, elegant og perfekt til alle bryllupper.","breadcrumb":{"@id":"https:\/\/promsandweddings.se\/produkt\/toine-brollopsklanning-ladybird\/#breadcrumb"},"inLanguage":"da-DK","potentialAction":[{"@type":"ReadAction","target":["https:\/\/promsandweddings.se\/produkt\/toine-brollopsklanning-ladybird\/"]}]},{"@type":"ImageObject","inLanguage":"da-DK","@id":"https:\/\/promsandweddings.se\/produkt\/toine-brollopsklanning-ladybird\/#primaryimage","url":"https:\/\/promsandweddings.se\/wp-content\/uploads\/2026\/03\/toine-b-069f3707.jpg","contentUrl":"https:\/\/promsandweddings.se\/wp-content\/uploads\/2026\/03\/toine-b-069f3707.jpg","width":1691,"height":2255},{"@type":"BreadcrumbList","@id":"https:\/\/promsandweddings.se\/produkt\/toine-brollopsklanning-ladybird\/#breadcrumb","itemListElement":[{"@type":"ListItem","position":1,"name":"Home","item":"https:\/\/promsandweddings.se\/"},{"@type":"ListItem","position":2,"name":"Webshop","item":"https:\/\/promsandweddings.se\/webshop\/"},{"@type":"ListItem","position":3,"name":"Toine br\u00f6llopskl\u00e4nning Ladybird"}]},{"@type":"WebSite","@id":"https:\/\/promsandweddings.se\/#website","url":"https:\/\/promsandweddings.se\/","name":"Proms and Weddings","description":"Find din dr\u00f8mmekjole","publisher":{"@id":"https:\/\/promsandweddings.se\/#organization"},"alternateName":"Proms & Weddings","potentialAction":[{"@type":"SearchAction","target":{"@type":"EntryPoint","urlTemplate":"https:\/\/promsandweddings.se\/?s={search_term_string}"},"query-input":{"@type":"PropertyValueSpecification","valueRequired":true,"valueName":"search_term_string"}}],"inLanguage":"da-DK"},{"@type":"Organization","@id":"https:\/\/promsandweddings.se\/#organization","name":"Proms &amp; Weddings","url":"https:\/\/promsandweddings.se\/","logo":{"@type":"ImageObject","inLanguage":"da-DK","@id":"https:\/\/promsandweddings.se\/#\/schema\/logo\/image\/","url":"https:\/\/promsandweddings.se\/wp-content\/uploads\/2026\/03\/pwlogosv-2-2.webp","contentUrl":"https:\/\/promsandweddings.se\/wp-content\/uploads\/2026\/03\/pwlogosv-2-2.webp","width":556,"height":152,"caption":"Proms & Weddings"},"image":{"@id":"https:\/\/promsandweddings.se\/#\/schema\/logo\/image\/"},"sameAs":["https:\/\/www.facebook.com\/promsandweddings","https:\/\/x.com\/PromsWeddings","https:\/\/www.instagram.com\/promsandweddings\/","https:\/\/www.youtube.com\/@promsandweddings\/shorts","https:\/\/www.tiktok.com\/@promsandweddings","https:\/\/se.pinterest.com\/promsandwedding"]}]}},"jetpack_sharing_enabled":true,"brands":[],"_links":{"self":[{"href":"https:\/\/promsandweddings.se\/da\/wp-json\/wp\/v2\/product\/28364","targetHints":{"allow":["GET"]}}],"collection":[{"href":"https:\/\/promsandweddings.se\/da\/wp-json\/wp\/v2\/product"}],"about":[{"href":"https:\/\/promsandweddings.se\/da\/wp-json\/wp\/v2\/types\/product"}],"wp:featuredmedia":[{"embeddable":true,"href":"https:\/\/promsandweddings.se\/da\/wp-json\/wp\/v2\/media\/28495"}],"wp:attachment":[{"href":"https:\/\/promsandweddings.se\/da\/wp-json\/wp\/v2\/media?parent=28364"}],"wp:term":[{"taxonomy":"pwb-brand","embeddable":true,"href":"https:\/\/promsandweddings.se\/da\/wp-json\/wp\/v2\/pwb-brand?post=28364"},{"taxonomy":"product_brand","embeddable":true,"href":"https:\/\/promsandweddings.se\/da\/wp-json\/wp\/v2\/product_brand?post=28364"},{"taxonomy":"product_cat","embeddable":true,"href":"https:\/\/promsandweddings.se\/da\/wp-json\/wp\/v2\/product_cat?post=28364"},{"taxonomy":"product_tag","embeddable":true,"href":"https:\/\/promsandweddings.se\/da\/wp-json\/wp\/v2\/product_tag?post=28364"}],"curies":[{"name":"wp","href":"https:\/\/api.w.org\/{rel}","templated":true}]}}