{"id":2922,"date":"2026-03-06T07:37:45","date_gmt":"2026-03-06T06:37:45","guid":{"rendered":"http:\/\/localhost:8888\/proms2026\/?post_type=product&#038;p=2922"},"modified":"2026-03-06T07:38:45","modified_gmt":"2026-03-06T06:38:45","slug":"bianco-evento-rebeca-brudklanning","status":"publish","type":"product","link":"https:\/\/promsandweddings.se\/da\/produkt\/bianco-evento-rebeca-brudklanning\/","title":{"rendered":"Bianco Evento Rebeca bryllupskjole"},"content":{"rendered":"<p><\/p>","protected":false},"excerpt":{"rendered":"<p><\/p>","protected":false},"featured_media":3004,"template":"","meta":[],"pwb-brand":[],"product_brand":[],"product_cat":[165,166,16,17],"product_tag":[44,64,47,123,167,25,22,91,171],"class_list":{"0":"post-2922","1":"product","2":"type-product","3":"status-publish","4":"has-post-thumbnail","6":"product_cat-bianco-evento","7":"product_cat-bianco-evento-2022","8":"product_cat-klanningar","9":"product_cat-brudklanningar","10":"product_tag-44","11":"product_tag-64","12":"product_tag-a-linje","13":"product_tag-bianco-evento","14":"product_tag-brollop","15":"product_tag-brollopsklanning","16":"product_tag-brudklanning","17":"product_tag-spets","18":"product_tag-tyll","19":"product_shipping_class-festklanningar","21":"first","22":"instock","23":"shipping-taxable","24":"product-type-simple"},"yoast_head":"<!-- This site is optimized with the Yoast SEO plugin v27.4 - https:\/\/yoast.com\/product\/yoast-seo-wordpress\/ -->\n<title>Bianco Evento Rebeca brudkl\u00e4nning br\u00f6llopskl\u00e4nning Bianco Evento 2022 |\u00a0Proms and Weddings \u00ae<\/title>\n<meta name=\"description\" content=\"Bianco Evento Rebeca brudkl\u00e4nning br\u00f6llopskl\u00e4nning 2022. K\u00f6p vackra fest- och br\u00f6llopskl\u00e4der online hos Proms and Weddings. \u2713 Stort sortiment. \u2713 K\u00e4nda varum\u00e4rken. V\u00e4lkommen!\" \/>\n<meta name=\"robots\" content=\"index, follow, max-snippet:-1, max-image-preview:large, max-video-preview:-1\" \/>\n<link rel=\"canonical\" href=\"https:\/\/promsandweddings.se\/da\/vare\/bianco-evento-rebeca-brudklanning\/\" \/>\n<meta property=\"og:locale\" content=\"da_DK\" \/>\n<meta property=\"og:type\" content=\"article\" \/>\n<meta property=\"og:title\" content=\"Bianco Evento Rebeca brudkl\u00e4nning br\u00f6llopskl\u00e4nning Bianco Evento 2022 |\u00a0Proms and Weddings \u00ae\" \/>\n<meta property=\"og:description\" content=\"Bianco Evento Rebeca brudkl\u00e4nning br\u00f6llopskl\u00e4nning 2022. K\u00f6p vackra fest- och br\u00f6llopskl\u00e4der online hos Proms and Weddings. \u2713 Stort sortiment. \u2713 K\u00e4nda varum\u00e4rken. V\u00e4lkommen!\" \/>\n<meta property=\"og:url\" content=\"https:\/\/promsandweddings.se\/da\/vare\/bianco-evento-rebeca-brudklanning\/\" \/>\n<meta property=\"og:site_name\" content=\"Proms and Weddings\" \/>\n<meta property=\"article:publisher\" content=\"https:\/\/www.facebook.com\/promsandweddings\" \/>\n<meta property=\"article:modified_time\" content=\"2026-03-06T06:38:45+00:00\" \/>\n<meta property=\"og:image\" content=\"https:\/\/promsandweddings.se\/wp-content\/uploads\/2026\/03\/Rebeca_2100x.jpg-scaled-1.webp\" \/>\n\t<meta property=\"og:image:width\" content=\"1920\" \/>\n\t<meta property=\"og:image:height\" content=\"2560\" \/>\n\t<meta property=\"og:image:type\" content=\"image\/webp\" \/>\n<meta name=\"twitter:card\" content=\"summary_large_image\" \/>\n<meta name=\"twitter:site\" content=\"@PromsWeddings\" \/>\n<meta name=\"twitter:label1\" content=\"Estimeret l\u00e6setid\" \/>\n\t<meta name=\"twitter:data1\" content=\"1 minut\" \/>\n<script type=\"application\/ld+json\" class=\"yoast-schema-graph\">{\"@context\":\"https:\\\/\\\/schema.org\",\"@graph\":[{\"@type\":\"WebPage\",\"@id\":\"https:\\\/\\\/promsandweddings.se\\\/produkt\\\/bianco-evento-rebeca-brudklanning\\\/\",\"url\":\"https:\\\/\\\/promsandweddings.se\\\/produkt\\\/bianco-evento-rebeca-brudklanning\\\/\",\"name\":\"Bianco Evento Rebeca brudkl\u00e4nning br\u00f6llopskl\u00e4nning Bianco Evento 2022 |\u00a0Proms and Weddings \u00ae\",\"isPartOf\":{\"@id\":\"https:\\\/\\\/promsandweddings.se\\\/#website\"},\"primaryImageOfPage\":{\"@id\":\"https:\\\/\\\/promsandweddings.se\\\/produkt\\\/bianco-evento-rebeca-brudklanning\\\/#primaryimage\"},\"image\":{\"@id\":\"https:\\\/\\\/promsandweddings.se\\\/produkt\\\/bianco-evento-rebeca-brudklanning\\\/#primaryimage\"},\"thumbnailUrl\":\"https:\\\/\\\/promsandweddings.se\\\/wp-content\\\/uploads\\\/2026\\\/03\\\/Rebeca_2100x.jpg-scaled-1.webp\",\"datePublished\":\"2026-03-06T06:37:45+00:00\",\"dateModified\":\"2026-03-06T06:38:45+00:00\",\"description\":\"Bianco Evento Rebeca brudkl\u00e4nning br\u00f6llopskl\u00e4nning 2022. K\u00f6p vackra fest- och br\u00f6llopskl\u00e4der online hos Proms and Weddings. \u2713 Stort sortiment. \u2713 K\u00e4nda varum\u00e4rken. V\u00e4lkommen!\",\"breadcrumb\":{\"@id\":\"https:\\\/\\\/promsandweddings.se\\\/produkt\\\/bianco-evento-rebeca-brudklanning\\\/#breadcrumb\"},\"inLanguage\":\"da-DK\",\"potentialAction\":[{\"@type\":\"ReadAction\",\"target\":[\"https:\\\/\\\/promsandweddings.se\\\/produkt\\\/bianco-evento-rebeca-brudklanning\\\/\"]}]},{\"@type\":\"ImageObject\",\"inLanguage\":\"da-DK\",\"@id\":\"https:\\\/\\\/promsandweddings.se\\\/produkt\\\/bianco-evento-rebeca-brudklanning\\\/#primaryimage\",\"url\":\"https:\\\/\\\/promsandweddings.se\\\/wp-content\\\/uploads\\\/2026\\\/03\\\/Rebeca_2100x.jpg-scaled-1.webp\",\"contentUrl\":\"https:\\\/\\\/promsandweddings.se\\\/wp-content\\\/uploads\\\/2026\\\/03\\\/Rebeca_2100x.jpg-scaled-1.webp\",\"width\":1920,\"height\":2560},{\"@type\":\"BreadcrumbList\",\"@id\":\"https:\\\/\\\/promsandweddings.se\\\/produkt\\\/bianco-evento-rebeca-brudklanning\\\/#breadcrumb\",\"itemListElement\":[{\"@type\":\"ListItem\",\"position\":1,\"name\":\"Home\",\"item\":\"https:\\\/\\\/promsandweddings.se\\\/\"},{\"@type\":\"ListItem\",\"position\":2,\"name\":\"Webshop\",\"item\":\"https:\\\/\\\/promsandweddings.se\\\/webshop\\\/\"},{\"@type\":\"ListItem\",\"position\":3,\"name\":\"Bianco Evento Rebeca brudkl\u00e4nning\"}]},{\"@type\":\"WebSite\",\"@id\":\"https:\\\/\\\/promsandweddings.se\\\/#website\",\"url\":\"https:\\\/\\\/promsandweddings.se\\\/\",\"name\":\"Proms and Weddings\",\"description\":\"Hitta din dr\u00f6mkl\u00e4nning\",\"publisher\":{\"@id\":\"https:\\\/\\\/promsandweddings.se\\\/#organization\"},\"alternateName\":\"Proms & Weddings\",\"potentialAction\":[{\"@type\":\"SearchAction\",\"target\":{\"@type\":\"EntryPoint\",\"urlTemplate\":\"https:\\\/\\\/promsandweddings.se\\\/?s={search_term_string}\"},\"query-input\":{\"@type\":\"PropertyValueSpecification\",\"valueRequired\":true,\"valueName\":\"search_term_string\"}}],\"inLanguage\":\"da-DK\"},{\"@type\":\"Organization\",\"@id\":\"https:\\\/\\\/promsandweddings.se\\\/#organization\",\"name\":\"Proms & Weddings\",\"url\":\"https:\\\/\\\/promsandweddings.se\\\/\",\"logo\":{\"@type\":\"ImageObject\",\"inLanguage\":\"da-DK\",\"@id\":\"https:\\\/\\\/promsandweddings.se\\\/#\\\/schema\\\/logo\\\/image\\\/\",\"url\":\"https:\\\/\\\/promsandweddings.se\\\/wp-content\\\/uploads\\\/2026\\\/03\\\/pwlogosv-2-2.webp\",\"contentUrl\":\"https:\\\/\\\/promsandweddings.se\\\/wp-content\\\/uploads\\\/2026\\\/03\\\/pwlogosv-2-2.webp\",\"width\":556,\"height\":152,\"caption\":\"Proms & Weddings\"},\"image\":{\"@id\":\"https:\\\/\\\/promsandweddings.se\\\/#\\\/schema\\\/logo\\\/image\\\/\"},\"sameAs\":[\"https:\\\/\\\/www.facebook.com\\\/promsandweddings\",\"https:\\\/\\\/x.com\\\/PromsWeddings\",\"https:\\\/\\\/www.instagram.com\\\/promsandweddings\\\/\",\"https:\\\/\\\/www.youtube.com\\\/@promsandweddings\\\/shorts\",\"https:\\\/\\\/www.tiktok.com\\\/@promsandweddings\",\"https:\\\/\\\/se.pinterest.com\\\/promsandwedding\"]}]}<\/script>\n<!-- \/ Yoast SEO plugin. -->","yoast_head_json":{"title":"Bianco Evento Rebeca brudekjole bryllupskjole Bianco Evento 2022 | Proms and Weddings \u00ae","description":"Bianco Evento Rebeca brudekjole bryllupskjole 2022. K\u00f8b smukke fest- og bryllupskjoler online hos Proms and Weddings. \u2713 Stort udvalg. \u2713 Kendte m\u00e6rker. Velkommen!","robots":{"index":"index","follow":"follow","max-snippet":"max-snippet:-1","max-image-preview":"max-image-preview:large","max-video-preview":"max-video-preview:-1"},"canonical":"https:\/\/promsandweddings.se\/da\/vare\/bianco-evento-rebeca-brudklanning\/","og_locale":"da_DK","og_type":"article","og_title":"Bianco Evento Rebeca brudkl\u00e4nning br\u00f6llopskl\u00e4nning Bianco Evento 2022 |\u00a0Proms and Weddings \u00ae","og_description":"Bianco Evento Rebeca brudkl\u00e4nning br\u00f6llopskl\u00e4nning 2022. K\u00f6p vackra fest- och br\u00f6llopskl\u00e4der online hos Proms and Weddings. \u2713 Stort sortiment. \u2713 K\u00e4nda varum\u00e4rken. V\u00e4lkommen!","og_url":"https:\/\/promsandweddings.se\/da\/vare\/bianco-evento-rebeca-brudklanning\/","og_site_name":"Proms and Weddings","article_publisher":"https:\/\/www.facebook.com\/promsandweddings","article_modified_time":"2026-03-06T06:38:45+00:00","og_image":[{"width":1920,"height":2560,"url":"https:\/\/promsandweddings.se\/wp-content\/uploads\/2026\/03\/Rebeca_2100x.jpg-scaled-1.webp","type":"image\/webp"}],"twitter_card":"summary_large_image","twitter_site":"@PromsWeddings","twitter_misc":{"Estimeret l\u00e6setid":"1 minut"},"schema":{"@context":"https:\/\/schema.org","@graph":[{"@type":"WebPage","@id":"https:\/\/promsandweddings.se\/produkt\/bianco-evento-rebeca-brudklanning\/","url":"https:\/\/promsandweddings.se\/produkt\/bianco-evento-rebeca-brudklanning\/","name":"Bianco Evento Rebeca brudekjole bryllupskjole Bianco Evento 2022 | Proms and Weddings \u00ae","isPartOf":{"@id":"https:\/\/promsandweddings.se\/#website"},"primaryImageOfPage":{"@id":"https:\/\/promsandweddings.se\/produkt\/bianco-evento-rebeca-brudklanning\/#primaryimage"},"image":{"@id":"https:\/\/promsandweddings.se\/produkt\/bianco-evento-rebeca-brudklanning\/#primaryimage"},"thumbnailUrl":"https:\/\/promsandweddings.se\/wp-content\/uploads\/2026\/03\/Rebeca_2100x.jpg-scaled-1.webp","datePublished":"2026-03-06T06:37:45+00:00","dateModified":"2026-03-06T06:38:45+00:00","description":"Bianco Evento Rebeca brudekjole bryllupskjole 2022. K\u00f8b smukke fest- og bryllupskjoler online hos Proms and Weddings. \u2713 Stort udvalg. \u2713 Kendte m\u00e6rker. Velkommen!","breadcrumb":{"@id":"https:\/\/promsandweddings.se\/produkt\/bianco-evento-rebeca-brudklanning\/#breadcrumb"},"inLanguage":"da-DK","potentialAction":[{"@type":"ReadAction","target":["https:\/\/promsandweddings.se\/produkt\/bianco-evento-rebeca-brudklanning\/"]}]},{"@type":"ImageObject","inLanguage":"da-DK","@id":"https:\/\/promsandweddings.se\/produkt\/bianco-evento-rebeca-brudklanning\/#primaryimage","url":"https:\/\/promsandweddings.se\/wp-content\/uploads\/2026\/03\/Rebeca_2100x.jpg-scaled-1.webp","contentUrl":"https:\/\/promsandweddings.se\/wp-content\/uploads\/2026\/03\/Rebeca_2100x.jpg-scaled-1.webp","width":1920,"height":2560},{"@type":"BreadcrumbList","@id":"https:\/\/promsandweddings.se\/produkt\/bianco-evento-rebeca-brudklanning\/#breadcrumb","itemListElement":[{"@type":"ListItem","position":1,"name":"Home","item":"https:\/\/promsandweddings.se\/"},{"@type":"ListItem","position":2,"name":"Webshop","item":"https:\/\/promsandweddings.se\/webshop\/"},{"@type":"ListItem","position":3,"name":"Bianco Evento Rebeca brudkl\u00e4nning"}]},{"@type":"WebSite","@id":"https:\/\/promsandweddings.se\/#website","url":"https:\/\/promsandweddings.se\/","name":"Proms and Weddings","description":"Find din dr\u00f8mmekjole","publisher":{"@id":"https:\/\/promsandweddings.se\/#organization"},"alternateName":"Proms & Weddings","potentialAction":[{"@type":"SearchAction","target":{"@type":"EntryPoint","urlTemplate":"https:\/\/promsandweddings.se\/?s={search_term_string}"},"query-input":{"@type":"PropertyValueSpecification","valueRequired":true,"valueName":"search_term_string"}}],"inLanguage":"da-DK"},{"@type":"Organization","@id":"https:\/\/promsandweddings.se\/#organization","name":"Proms &amp; Weddings","url":"https:\/\/promsandweddings.se\/","logo":{"@type":"ImageObject","inLanguage":"da-DK","@id":"https:\/\/promsandweddings.se\/#\/schema\/logo\/image\/","url":"https:\/\/promsandweddings.se\/wp-content\/uploads\/2026\/03\/pwlogosv-2-2.webp","contentUrl":"https:\/\/promsandweddings.se\/wp-content\/uploads\/2026\/03\/pwlogosv-2-2.webp","width":556,"height":152,"caption":"Proms & Weddings"},"image":{"@id":"https:\/\/promsandweddings.se\/#\/schema\/logo\/image\/"},"sameAs":["https:\/\/www.facebook.com\/promsandweddings","https:\/\/x.com\/PromsWeddings","https:\/\/www.instagram.com\/promsandweddings\/","https:\/\/www.youtube.com\/@promsandweddings\/shorts","https:\/\/www.tiktok.com\/@promsandweddings","https:\/\/se.pinterest.com\/promsandwedding"]}]}},"jetpack_sharing_enabled":true,"brands":[],"_links":{"self":[{"href":"https:\/\/promsandweddings.se\/da\/wp-json\/wp\/v2\/product\/2922","targetHints":{"allow":["GET"]}}],"collection":[{"href":"https:\/\/promsandweddings.se\/da\/wp-json\/wp\/v2\/product"}],"about":[{"href":"https:\/\/promsandweddings.se\/da\/wp-json\/wp\/v2\/types\/product"}],"wp:featuredmedia":[{"embeddable":true,"href":"https:\/\/promsandweddings.se\/da\/wp-json\/wp\/v2\/media\/3004"}],"wp:attachment":[{"href":"https:\/\/promsandweddings.se\/da\/wp-json\/wp\/v2\/media?parent=2922"}],"wp:term":[{"taxonomy":"pwb-brand","embeddable":true,"href":"https:\/\/promsandweddings.se\/da\/wp-json\/wp\/v2\/pwb-brand?post=2922"},{"taxonomy":"product_brand","embeddable":true,"href":"https:\/\/promsandweddings.se\/da\/wp-json\/wp\/v2\/product_brand?post=2922"},{"taxonomy":"product_cat","embeddable":true,"href":"https:\/\/promsandweddings.se\/da\/wp-json\/wp\/v2\/product_cat?post=2922"},{"taxonomy":"product_tag","embeddable":true,"href":"https:\/\/promsandweddings.se\/da\/wp-json\/wp\/v2\/product_tag?post=2922"}],"curies":[{"name":"wp","href":"https:\/\/api.w.org\/{rel}","templated":true}]}}