{"id":30972,"date":"2026-04-22T12:40:11","date_gmt":"2026-04-22T10:40:11","guid":{"rendered":"https:\/\/promsandweddings.se\/?post_type=product&#038;p=30972"},"modified":"2026-04-22T12:45:52","modified_gmt":"2026-04-22T10:45:52","slug":"t730-amoris","status":"publish","type":"product","link":"https:\/\/promsandweddings.se\/da\/produkt\/t730-amoris\/","title":{"rendered":"Balkjole Ladivine T730"},"content":{"rendered":"<p data-start=\"520\" data-end=\"683\">T730 fra Amoris er en balkl\u00e6nning, der udstr\u00e5ler moderne elegance og sofistikeret minimalisme. Den er skabt til dig, der vil have et stilrent look med eksklusiv f\u00f8lelse.<\/p>\n<p data-start=\"685\" data-end=\"843\">Den asymmetriske ensidig design giver et unikt og elegant udtryk. Den fremh\u00e6ver skulderen og skaber en moderne silhuet, der f\u00f8les b\u00e5de trendy og tidl\u00f8s.<\/p>\n<p data-start=\"845\" data-end=\"983\">Overdelen er blidt draperet og former kroppen p\u00e5 en smiskrende m\u00e5de. Den fremh\u00e6ver taljen og skaber en afbalanceret og elegant pasform.<\/p>\n<p data-start=\"985\" data-end=\"1130\">Den figurn\u00e6re model f\u00f8lger kroppens linjer og giver et stilrent indtryk. Kjolen falder blidt langs kroppen og skaber en harmonisk helhed.<\/p>\n<p data-start=\"1132\" data-end=\"1233\">Stoffet har en glat og luksuri\u00f8s finish. Det giver en eksklusiv f\u00f8lelse og et elegant sk\u00e6r i hver bev\u00e6gelse.<\/p>","protected":false},"excerpt":{"rendered":"<p><strong>af <a href=\"https:\/\/www.ladivine.com\">CINDERELLA DIVINE<\/a><br \/>\n<\/strong><br data-start=\"377\" data-end=\"380\" \/>\u2728 Hvis du kommer til vores butik, sys kjolen ogs\u00e5 ind, s\u00e5 den passer dig perfekt.<\/p>\n<p data-start=\"466\" data-end=\"486\" data-is-last-node=\"\" data-is-only-node=\"\">","protected":false},"featured_media":30979,"template":"","meta":[],"pwb-brand":[],"product_brand":[],"product_cat":[57,58,206,78,56,59,81,74,60,82,85,86,83,61,205],"product_tag":[65,66,67],"class_list":{"0":"post-30972","1":"product","2":"type-product","3":"status-publish","4":"has-post-thumbnail","6":"product_cat-aftonklanningar","7":"product_cat-balklanningar","8":"product_cat-bla","9":"product_cat-cinderella-divine","10":"product_cat-festklanningar","11":"product_cat-forlovningsklanning","12":"product_cat-gron","13":"product_cat-gul","14":"product_cat-klanning-brollopsgast","15":"product_cat-langa-balklanningar","16":"product_cat-langa-klanningar","17":"product_cat-langklanning-fest","18":"product_cat-plus-size","19":"product_cat-rod","20":"product_cat-svart","21":"product_tag-balklanning","22":"product_tag-festklanning","23":"product_tag-klanning","24":"product_shipping_class-festklanningar","26":"first","27":"instock","28":"shipping-taxable","29":"purchasable","30":"product-type-variable"},"yoast_head":"<!-- This site is optimized with the Yoast SEO plugin v27.4 - https:\/\/yoast.com\/product\/yoast-seo-wordpress\/ -->\n<title>T730 \u2013 One shoulder balkl\u00e4nning med drapering | Amoris<\/title>\n<meta name=\"description\" content=\"T730 fr\u00e5n Amoris \u00e4r en elegant one shoulder balkl\u00e4nning med drapering och figurn\u00e4ra passform \u2013 perfekt f\u00f6r en stilren look.\" \/>\n<meta name=\"robots\" content=\"index, follow, max-snippet:-1, max-image-preview:large, max-video-preview:-1\" \/>\n<link rel=\"canonical\" href=\"https:\/\/promsandweddings.se\/da\/vare\/t730-amoris\/\" \/>\n<meta property=\"og:locale\" content=\"da_DK\" \/>\n<meta property=\"og:type\" content=\"article\" \/>\n<meta property=\"og:title\" content=\"T730 \u2013 One shoulder balkl\u00e4nning med drapering | Amoris\" \/>\n<meta property=\"og:description\" content=\"T730 fr\u00e5n Amoris \u00e4r en elegant one shoulder balkl\u00e4nning med drapering och figurn\u00e4ra passform \u2013 perfekt f\u00f6r en stilren look.\" \/>\n<meta property=\"og:url\" content=\"https:\/\/promsandweddings.se\/da\/vare\/t730-amoris\/\" \/>\n<meta property=\"og:site_name\" content=\"Proms and Weddings\" \/>\n<meta property=\"article:publisher\" content=\"https:\/\/www.facebook.com\/promsandweddings\" \/>\n<meta property=\"article:modified_time\" content=\"2026-04-22T10:45:52+00:00\" \/>\n<meta property=\"og:image\" content=\"https:\/\/promsandweddings.se\/wp-content\/uploads\/2026\/04\/t730_lt-blue_front.jpg\" \/>\n\t<meta property=\"og:image:width\" content=\"800\" \/>\n\t<meta property=\"og:image:height\" content=\"1200\" \/>\n\t<meta property=\"og:image:type\" content=\"image\/jpeg\" \/>\n<meta name=\"twitter:card\" content=\"summary_large_image\" \/>\n<meta name=\"twitter:site\" content=\"@PromsWeddings\" \/>\n<meta name=\"twitter:label1\" content=\"Estimeret l\u00e6setid\" \/>\n\t<meta name=\"twitter:data1\" content=\"1 minut\" \/>\n<script type=\"application\/ld+json\" class=\"yoast-schema-graph\">{\"@context\":\"https:\\\/\\\/schema.org\",\"@graph\":[{\"@type\":\"WebPage\",\"@id\":\"https:\\\/\\\/promsandweddings.se\\\/produkt\\\/t730-amoris\\\/\",\"url\":\"https:\\\/\\\/promsandweddings.se\\\/produkt\\\/t730-amoris\\\/\",\"name\":\"T730 \u2013 One shoulder balkl\u00e4nning med drapering | Amoris\",\"isPartOf\":{\"@id\":\"https:\\\/\\\/promsandweddings.se\\\/#website\"},\"primaryImageOfPage\":{\"@id\":\"https:\\\/\\\/promsandweddings.se\\\/produkt\\\/t730-amoris\\\/#primaryimage\"},\"image\":{\"@id\":\"https:\\\/\\\/promsandweddings.se\\\/produkt\\\/t730-amoris\\\/#primaryimage\"},\"thumbnailUrl\":\"https:\\\/\\\/promsandweddings.se\\\/wp-content\\\/uploads\\\/2026\\\/04\\\/t730_lt-blue_front.jpg\",\"datePublished\":\"2026-04-22T10:40:11+00:00\",\"dateModified\":\"2026-04-22T10:45:52+00:00\",\"description\":\"T730 fr\u00e5n Amoris \u00e4r en elegant one shoulder balkl\u00e4nning med drapering och figurn\u00e4ra passform \u2013 perfekt f\u00f6r en stilren look.\",\"breadcrumb\":{\"@id\":\"https:\\\/\\\/promsandweddings.se\\\/produkt\\\/t730-amoris\\\/#breadcrumb\"},\"inLanguage\":\"da-DK\",\"potentialAction\":[{\"@type\":\"ReadAction\",\"target\":[\"https:\\\/\\\/promsandweddings.se\\\/produkt\\\/t730-amoris\\\/\"]}]},{\"@type\":\"ImageObject\",\"inLanguage\":\"da-DK\",\"@id\":\"https:\\\/\\\/promsandweddings.se\\\/produkt\\\/t730-amoris\\\/#primaryimage\",\"url\":\"https:\\\/\\\/promsandweddings.se\\\/wp-content\\\/uploads\\\/2026\\\/04\\\/t730_lt-blue_front.jpg\",\"contentUrl\":\"https:\\\/\\\/promsandweddings.se\\\/wp-content\\\/uploads\\\/2026\\\/04\\\/t730_lt-blue_front.jpg\",\"width\":800,\"height\":1200,\"caption\":\"Balkl\u00e4nning T730 fr\u00e5n ladivine\"},{\"@type\":\"BreadcrumbList\",\"@id\":\"https:\\\/\\\/promsandweddings.se\\\/produkt\\\/t730-amoris\\\/#breadcrumb\",\"itemListElement\":[{\"@type\":\"ListItem\",\"position\":1,\"name\":\"Home\",\"item\":\"https:\\\/\\\/promsandweddings.se\\\/\"},{\"@type\":\"ListItem\",\"position\":2,\"name\":\"Webshop\",\"item\":\"https:\\\/\\\/promsandweddings.se\\\/webshop\\\/\"},{\"@type\":\"ListItem\",\"position\":3,\"name\":\"Balkl\u00e4nning Ladivine T730\"}]},{\"@type\":\"WebSite\",\"@id\":\"https:\\\/\\\/promsandweddings.se\\\/#website\",\"url\":\"https:\\\/\\\/promsandweddings.se\\\/\",\"name\":\"Proms and Weddings\",\"description\":\"Hitta din dr\u00f6mkl\u00e4nning\",\"publisher\":{\"@id\":\"https:\\\/\\\/promsandweddings.se\\\/#organization\"},\"alternateName\":\"Proms & Weddings\",\"potentialAction\":[{\"@type\":\"SearchAction\",\"target\":{\"@type\":\"EntryPoint\",\"urlTemplate\":\"https:\\\/\\\/promsandweddings.se\\\/?s={search_term_string}\"},\"query-input\":{\"@type\":\"PropertyValueSpecification\",\"valueRequired\":true,\"valueName\":\"search_term_string\"}}],\"inLanguage\":\"da-DK\"},{\"@type\":\"Organization\",\"@id\":\"https:\\\/\\\/promsandweddings.se\\\/#organization\",\"name\":\"Proms & Weddings\",\"url\":\"https:\\\/\\\/promsandweddings.se\\\/\",\"logo\":{\"@type\":\"ImageObject\",\"inLanguage\":\"da-DK\",\"@id\":\"https:\\\/\\\/promsandweddings.se\\\/#\\\/schema\\\/logo\\\/image\\\/\",\"url\":\"https:\\\/\\\/promsandweddings.se\\\/wp-content\\\/uploads\\\/2026\\\/03\\\/pwlogosv-2-2.webp\",\"contentUrl\":\"https:\\\/\\\/promsandweddings.se\\\/wp-content\\\/uploads\\\/2026\\\/03\\\/pwlogosv-2-2.webp\",\"width\":556,\"height\":152,\"caption\":\"Proms & Weddings\"},\"image\":{\"@id\":\"https:\\\/\\\/promsandweddings.se\\\/#\\\/schema\\\/logo\\\/image\\\/\"},\"sameAs\":[\"https:\\\/\\\/www.facebook.com\\\/promsandweddings\",\"https:\\\/\\\/x.com\\\/PromsWeddings\",\"https:\\\/\\\/www.instagram.com\\\/promsandweddings\\\/\",\"https:\\\/\\\/www.youtube.com\\\/@promsandweddings\\\/shorts\",\"https:\\\/\\\/www.tiktok.com\\\/@promsandweddings\",\"https:\\\/\\\/se.pinterest.com\\\/promsandwedding\"]}]}<\/script>\n<!-- \/ Yoast SEO plugin. -->","yoast_head_json":{"title":"T730 \u2013 Ensidig balkl\u00e6nning med drapering | Amoris","description":"T730 fra Amoris er en elegant ensidig balkl\u00e6nning med drapering og figurn\u00e6r pasform \u2013 perfekt til et stilrent look.","robots":{"index":"index","follow":"follow","max-snippet":"max-snippet:-1","max-image-preview":"max-image-preview:large","max-video-preview":"max-video-preview:-1"},"canonical":"https:\/\/promsandweddings.se\/da\/vare\/t730-amoris\/","og_locale":"da_DK","og_type":"article","og_title":"T730 \u2013 One shoulder balkl\u00e4nning med drapering | Amoris","og_description":"T730 fr\u00e5n Amoris \u00e4r en elegant one shoulder balkl\u00e4nning med drapering och figurn\u00e4ra passform \u2013 perfekt f\u00f6r en stilren look.","og_url":"https:\/\/promsandweddings.se\/da\/vare\/t730-amoris\/","og_site_name":"Proms and Weddings","article_publisher":"https:\/\/www.facebook.com\/promsandweddings","article_modified_time":"2026-04-22T10:45:52+00:00","og_image":[{"width":800,"height":1200,"url":"https:\/\/promsandweddings.se\/wp-content\/uploads\/2026\/04\/t730_lt-blue_front.jpg","type":"image\/jpeg"}],"twitter_card":"summary_large_image","twitter_site":"@PromsWeddings","twitter_misc":{"Estimeret l\u00e6setid":"1 minut"},"schema":{"@context":"https:\/\/schema.org","@graph":[{"@type":"WebPage","@id":"https:\/\/promsandweddings.se\/produkt\/t730-amoris\/","url":"https:\/\/promsandweddings.se\/produkt\/t730-amoris\/","name":"T730 \u2013 Ensidig balkl\u00e6nning med drapering | Amoris","isPartOf":{"@id":"https:\/\/promsandweddings.se\/#website"},"primaryImageOfPage":{"@id":"https:\/\/promsandweddings.se\/produkt\/t730-amoris\/#primaryimage"},"image":{"@id":"https:\/\/promsandweddings.se\/produkt\/t730-amoris\/#primaryimage"},"thumbnailUrl":"https:\/\/promsandweddings.se\/wp-content\/uploads\/2026\/04\/t730_lt-blue_front.jpg","datePublished":"2026-04-22T10:40:11+00:00","dateModified":"2026-04-22T10:45:52+00:00","description":"T730 fra Amoris er en elegant ensidig balkl\u00e6nning med drapering og figurn\u00e6r pasform \u2013 perfekt til et stilrent look.","breadcrumb":{"@id":"https:\/\/promsandweddings.se\/produkt\/t730-amoris\/#breadcrumb"},"inLanguage":"da-DK","potentialAction":[{"@type":"ReadAction","target":["https:\/\/promsandweddings.se\/produkt\/t730-amoris\/"]}]},{"@type":"ImageObject","inLanguage":"da-DK","@id":"https:\/\/promsandweddings.se\/produkt\/t730-amoris\/#primaryimage","url":"https:\/\/promsandweddings.se\/wp-content\/uploads\/2026\/04\/t730_lt-blue_front.jpg","contentUrl":"https:\/\/promsandweddings.se\/wp-content\/uploads\/2026\/04\/t730_lt-blue_front.jpg","width":800,"height":1200,"caption":"Balkl\u00e4nning T730 fr\u00e5n ladivine"},{"@type":"BreadcrumbList","@id":"https:\/\/promsandweddings.se\/produkt\/t730-amoris\/#breadcrumb","itemListElement":[{"@type":"ListItem","position":1,"name":"Home","item":"https:\/\/promsandweddings.se\/"},{"@type":"ListItem","position":2,"name":"Webshop","item":"https:\/\/promsandweddings.se\/webshop\/"},{"@type":"ListItem","position":3,"name":"Balkl\u00e4nning Ladivine T730"}]},{"@type":"WebSite","@id":"https:\/\/promsandweddings.se\/#website","url":"https:\/\/promsandweddings.se\/","name":"Proms and Weddings","description":"Find din dr\u00f8mmekjole","publisher":{"@id":"https:\/\/promsandweddings.se\/#organization"},"alternateName":"Proms & Weddings","potentialAction":[{"@type":"SearchAction","target":{"@type":"EntryPoint","urlTemplate":"https:\/\/promsandweddings.se\/?s={search_term_string}"},"query-input":{"@type":"PropertyValueSpecification","valueRequired":true,"valueName":"search_term_string"}}],"inLanguage":"da-DK"},{"@type":"Organization","@id":"https:\/\/promsandweddings.se\/#organization","name":"Proms &amp; Weddings","url":"https:\/\/promsandweddings.se\/","logo":{"@type":"ImageObject","inLanguage":"da-DK","@id":"https:\/\/promsandweddings.se\/#\/schema\/logo\/image\/","url":"https:\/\/promsandweddings.se\/wp-content\/uploads\/2026\/03\/pwlogosv-2-2.webp","contentUrl":"https:\/\/promsandweddings.se\/wp-content\/uploads\/2026\/03\/pwlogosv-2-2.webp","width":556,"height":152,"caption":"Proms & Weddings"},"image":{"@id":"https:\/\/promsandweddings.se\/#\/schema\/logo\/image\/"},"sameAs":["https:\/\/www.facebook.com\/promsandweddings","https:\/\/x.com\/PromsWeddings","https:\/\/www.instagram.com\/promsandweddings\/","https:\/\/www.youtube.com\/@promsandweddings\/shorts","https:\/\/www.tiktok.com\/@promsandweddings","https:\/\/se.pinterest.com\/promsandwedding"]}]}},"jetpack_sharing_enabled":true,"brands":[],"_links":{"self":[{"href":"https:\/\/promsandweddings.se\/da\/wp-json\/wp\/v2\/product\/30972","targetHints":{"allow":["GET"]}}],"collection":[{"href":"https:\/\/promsandweddings.se\/da\/wp-json\/wp\/v2\/product"}],"about":[{"href":"https:\/\/promsandweddings.se\/da\/wp-json\/wp\/v2\/types\/product"}],"wp:featuredmedia":[{"embeddable":true,"href":"https:\/\/promsandweddings.se\/da\/wp-json\/wp\/v2\/media\/30979"}],"wp:attachment":[{"href":"https:\/\/promsandweddings.se\/da\/wp-json\/wp\/v2\/media?parent=30972"}],"wp:term":[{"taxonomy":"pwb-brand","embeddable":true,"href":"https:\/\/promsandweddings.se\/da\/wp-json\/wp\/v2\/pwb-brand?post=30972"},{"taxonomy":"product_brand","embeddable":true,"href":"https:\/\/promsandweddings.se\/da\/wp-json\/wp\/v2\/product_brand?post=30972"},{"taxonomy":"product_cat","embeddable":true,"href":"https:\/\/promsandweddings.se\/da\/wp-json\/wp\/v2\/product_cat?post=30972"},{"taxonomy":"product_tag","embeddable":true,"href":"https:\/\/promsandweddings.se\/da\/wp-json\/wp\/v2\/product_tag?post=30972"}],"curies":[{"name":"wp","href":"https:\/\/api.w.org\/{rel}","templated":true}]}}