{"id":31127,"date":"2026-04-24T13:35:48","date_gmt":"2026-04-24T11:35:48","guid":{"rendered":"https:\/\/promsandweddings.se\/?post_type=product&#038;p=31127"},"modified":"2026-04-24T13:42:54","modified_gmt":"2026-04-24T11:42:54","slug":"britania-st-patrick","status":"publish","type":"product","link":"https:\/\/promsandweddings.se\/da\/produkt\/britania-st-patrick\/","title":{"rendered":"St Patrick Britania brudeselskapskjole"},"content":{"rendered":"<div class=\"product attribute overview\"><\/div>\n<div class=\"product info detailed\">\n<div class=\"product data items\" style=\"margin: 0px; padding: 0px;\" role=\"tablist\">\n<div id=\"description\" class=\"data item content\" style=\"float: none; margin: 10px 0px 20px; background: transparent; border: none; padding: 0px; width: 384.328px;\" role=\"tabpanel\" data-role=\"content\" aria-labelledby=\"tab-label-description\" aria-hidden=\"false\">\n<div class=\"product attribute description\">\n<p data-start=\"362\" data-end=\"503\"><strong data-start=\"362\" data-end=\"374\">Britania<\/strong>\u00a0fra\u00a0<span class=\"hover:entity-accent entity-underline inline cursor-pointer align-baseline\"><span class=\"whitespace-normal\">St. Patrick<\/span><\/span>\u00a0er en statement-kjole for bruden, der \u00f8nsker sig et eksklusivt og fashion-forward look.<\/p>\n<p data-start=\"505\" data-end=\"743\">Det strukturerede korsetliv med rette linjer og brede skulderremme skaber en moderne og sofistikeret silhuet. Den markerede talje fremh\u00e6ver figuren, mens den volumin\u00f8se nederdel med bl\u00f8de lag giver bev\u00e6gelse, dramatik og en couture-fornemmelse.<\/p>\n<p data-start=\"745\" data-end=\"889\">Designet kombinerer klassisk bruderomantik med et trendy, high-fashion touch \u2013 perfekt for bruden, der \u00f8nsker at skille sig ud med stil og selvtillid.<\/p>\n<p data-start=\"891\" data-end=\"972\">Britania er designet til en brud, der t\u00f8r tage plads og elsker elegance med attitude.<\/p>\n<\/div>\n<\/div>\n<\/div>\n<\/div>","protected":false},"excerpt":{"rendered":"<p><strong data-start=\"0\" data-end=\"11\" data-is-only-node=\"\">Adianna<\/strong>\u00a0\u00e4r en br\u00f6llopskl\u00e4nning ur kollektionen\u00a0<em data-start=\"51\" data-end=\"69\">St. Patrick 2026<\/em>\u00a0fra\u00a0<strong data-start=\"75\" data-end=\"116\"><span class=\"hover:entity-accent entity-underline inline cursor-pointer align-baseline\"><span class=\"whitespace-normal\">St. Patrick<\/span><\/span><\/strong>.<br data-start=\"117\" data-end=\"120\" \/>En sofistikerad br\u00f6llopskl\u00e4nning med elegant silhuett och genomt\u00e4nkta detaljer som ger ett modernt, lyxigt uttryck. Adianna k\u00e4nns sj\u00e4lvs\u00e4ker och tidl\u00f6s \u2013 perfekt f\u00f6r bruden som vill ha klassisk elegans med en samtida touch.<\/p>\n<div class=\"product attribute overview\">\n<div class=\"product attribute overview\">\n<p class=\"value\">\n<\/div>\n<h2 class=\"value\"><b style=\"font-size: 16px; font-style: italic;\">(K<\/b><i style=\"font-size: 16px;\">ontakt os for sp\u00f8rgsm\u00e5l vedr\u00f8rende priser, booking osv.)<\/i><\/h2>\n<\/div>","protected":false},"featured_media":31130,"template":"","meta":[],"pwb-brand":[],"product_brand":[529],"product_cat":[16,28,17],"product_tag":[167,25,22,26,29],"class_list":{"0":"post-31127","1":"product","2":"type-product","3":"status-publish","4":"has-post-thumbnail","6":"product_brand-st-patrick","7":"product_cat-klanningar","8":"product_cat-st-patrick","9":"product_cat-brudklanningar","10":"product_tag-brollop","11":"product_tag-brollopsklanning","12":"product_tag-brudklanning","13":"product_tag-pronovias","14":"product_tag-st-patrick","16":"first","17":"instock","18":"shipping-taxable","19":"product-type-simple"},"yoast_head":"<!-- This site is optimized with the Yoast SEO plugin v27.4 - https:\/\/yoast.com\/product\/yoast-seo-wordpress\/ -->\n<title>Britania \u2013 Couture brudkl\u00e4nning med korsett &amp; volym | St. Patrick<\/title>\n<meta name=\"description\" content=\"Britania fr\u00e5n St. Patrick \u00e4r en couture brudkl\u00e4nning med korsettliv, breda band och volumin\u00f6s kjol.\" \/>\n<meta name=\"robots\" content=\"index, follow, max-snippet:-1, max-image-preview:large, max-video-preview:-1\" \/>\n<link rel=\"canonical\" href=\"https:\/\/promsandweddings.se\/da\/vare\/britania-st-patrick\/\" \/>\n<meta property=\"og:locale\" content=\"da_DK\" \/>\n<meta property=\"og:type\" content=\"article\" \/>\n<meta property=\"og:title\" content=\"Britania \u2013 Couture brudkl\u00e4nning med korsett &amp; volym | St. Patrick\" \/>\n<meta property=\"og:description\" content=\"Britania fr\u00e5n St. Patrick \u00e4r en couture brudkl\u00e4nning med korsettliv, breda band och volumin\u00f6s kjol.\" \/>\n<meta property=\"og:url\" content=\"https:\/\/promsandweddings.se\/da\/vare\/britania-st-patrick\/\" \/>\n<meta property=\"og:site_name\" content=\"Proms and Weddings\" \/>\n<meta property=\"article:publisher\" content=\"https:\/\/www.facebook.com\/promsandweddings\" \/>\n<meta property=\"article:modified_time\" content=\"2026-04-24T11:42:54+00:00\" \/>\n<meta property=\"og:image\" content=\"https:\/\/promsandweddings.se\/wp-content\/uploads\/2026\/04\/britania-b-6bf761c8.jpg\" \/>\n\t<meta property=\"og:image:width\" content=\"1691\" \/>\n\t<meta property=\"og:image:height\" content=\"2255\" \/>\n\t<meta property=\"og:image:type\" content=\"image\/jpeg\" \/>\n<meta name=\"twitter:card\" content=\"summary_large_image\" \/>\n<meta name=\"twitter:site\" content=\"@PromsWeddings\" \/>\n<script type=\"application\/ld+json\" class=\"yoast-schema-graph\">{\"@context\":\"https:\\\/\\\/schema.org\",\"@graph\":[{\"@type\":\"WebPage\",\"@id\":\"https:\\\/\\\/promsandweddings.se\\\/produkt\\\/britania-st-patrick\\\/\",\"url\":\"https:\\\/\\\/promsandweddings.se\\\/produkt\\\/britania-st-patrick\\\/\",\"name\":\"Britania \u2013 Couture brudkl\u00e4nning med korsett & volym | St. Patrick\",\"isPartOf\":{\"@id\":\"https:\\\/\\\/promsandweddings.se\\\/#website\"},\"primaryImageOfPage\":{\"@id\":\"https:\\\/\\\/promsandweddings.se\\\/produkt\\\/britania-st-patrick\\\/#primaryimage\"},\"image\":{\"@id\":\"https:\\\/\\\/promsandweddings.se\\\/produkt\\\/britania-st-patrick\\\/#primaryimage\"},\"thumbnailUrl\":\"https:\\\/\\\/promsandweddings.se\\\/wp-content\\\/uploads\\\/2026\\\/04\\\/britania-b-6bf761c8.jpg\",\"datePublished\":\"2026-04-24T11:35:48+00:00\",\"dateModified\":\"2026-04-24T11:42:54+00:00\",\"description\":\"Britania fr\u00e5n St. Patrick \u00e4r en couture brudkl\u00e4nning med korsettliv, breda band och volumin\u00f6s kjol.\",\"breadcrumb\":{\"@id\":\"https:\\\/\\\/promsandweddings.se\\\/produkt\\\/britania-st-patrick\\\/#breadcrumb\"},\"inLanguage\":\"da-DK\",\"potentialAction\":[{\"@type\":\"ReadAction\",\"target\":[\"https:\\\/\\\/promsandweddings.se\\\/produkt\\\/britania-st-patrick\\\/\"]}]},{\"@type\":\"ImageObject\",\"inLanguage\":\"da-DK\",\"@id\":\"https:\\\/\\\/promsandweddings.se\\\/produkt\\\/britania-st-patrick\\\/#primaryimage\",\"url\":\"https:\\\/\\\/promsandweddings.se\\\/wp-content\\\/uploads\\\/2026\\\/04\\\/britania-b-6bf761c8.jpg\",\"contentUrl\":\"https:\\\/\\\/promsandweddings.se\\\/wp-content\\\/uploads\\\/2026\\\/04\\\/britania-b-6bf761c8.jpg\",\"width\":1691,\"height\":2255,\"caption\":\"Brudkl\u00e4nning Britania fr\u00e5n ST. Patrick\"},{\"@type\":\"BreadcrumbList\",\"@id\":\"https:\\\/\\\/promsandweddings.se\\\/produkt\\\/britania-st-patrick\\\/#breadcrumb\",\"itemListElement\":[{\"@type\":\"ListItem\",\"position\":1,\"name\":\"Home\",\"item\":\"https:\\\/\\\/promsandweddings.se\\\/\"},{\"@type\":\"ListItem\",\"position\":2,\"name\":\"Webshop\",\"item\":\"https:\\\/\\\/promsandweddings.se\\\/webshop\\\/\"},{\"@type\":\"ListItem\",\"position\":3,\"name\":\"St Patrick Britania brudkl\u00e4nning\"}]},{\"@type\":\"WebSite\",\"@id\":\"https:\\\/\\\/promsandweddings.se\\\/#website\",\"url\":\"https:\\\/\\\/promsandweddings.se\\\/\",\"name\":\"Proms and Weddings\",\"description\":\"Hitta din dr\u00f6mkl\u00e4nning\",\"publisher\":{\"@id\":\"https:\\\/\\\/promsandweddings.se\\\/#organization\"},\"alternateName\":\"Proms & Weddings\",\"potentialAction\":[{\"@type\":\"SearchAction\",\"target\":{\"@type\":\"EntryPoint\",\"urlTemplate\":\"https:\\\/\\\/promsandweddings.se\\\/?s={search_term_string}\"},\"query-input\":{\"@type\":\"PropertyValueSpecification\",\"valueRequired\":true,\"valueName\":\"search_term_string\"}}],\"inLanguage\":\"da-DK\"},{\"@type\":\"Organization\",\"@id\":\"https:\\\/\\\/promsandweddings.se\\\/#organization\",\"name\":\"Proms & Weddings\",\"url\":\"https:\\\/\\\/promsandweddings.se\\\/\",\"logo\":{\"@type\":\"ImageObject\",\"inLanguage\":\"da-DK\",\"@id\":\"https:\\\/\\\/promsandweddings.se\\\/#\\\/schema\\\/logo\\\/image\\\/\",\"url\":\"https:\\\/\\\/promsandweddings.se\\\/wp-content\\\/uploads\\\/2026\\\/03\\\/pwlogosv-2-2.webp\",\"contentUrl\":\"https:\\\/\\\/promsandweddings.se\\\/wp-content\\\/uploads\\\/2026\\\/03\\\/pwlogosv-2-2.webp\",\"width\":556,\"height\":152,\"caption\":\"Proms & Weddings\"},\"image\":{\"@id\":\"https:\\\/\\\/promsandweddings.se\\\/#\\\/schema\\\/logo\\\/image\\\/\"},\"sameAs\":[\"https:\\\/\\\/www.facebook.com\\\/promsandweddings\",\"https:\\\/\\\/x.com\\\/PromsWeddings\",\"https:\\\/\\\/www.instagram.com\\\/promsandweddings\\\/\",\"https:\\\/\\\/www.youtube.com\\\/@promsandweddings\\\/shorts\",\"https:\\\/\\\/www.tiktok.com\\\/@promsandweddings\",\"https:\\\/\\\/se.pinterest.com\\\/promsandwedding\"]}]}<\/script>\n<!-- \/ Yoast SEO plugin. -->","yoast_head_json":{"title":"Britania \u2013 Couture brudekjole med korsetter &amp; volumen | St. Patrick","description":"Britania fra St. Patrick er en couture brudekjole med korsetliv, brede stropper og volumin\u00f8s nederdel.","robots":{"index":"index","follow":"follow","max-snippet":"max-snippet:-1","max-image-preview":"max-image-preview:large","max-video-preview":"max-video-preview:-1"},"canonical":"https:\/\/promsandweddings.se\/da\/vare\/britania-st-patrick\/","og_locale":"da_DK","og_type":"article","og_title":"Britania \u2013 Couture brudkl\u00e4nning med korsett & volym | St. Patrick","og_description":"Britania fr\u00e5n St. Patrick \u00e4r en couture brudkl\u00e4nning med korsettliv, breda band och volumin\u00f6s kjol.","og_url":"https:\/\/promsandweddings.se\/da\/vare\/britania-st-patrick\/","og_site_name":"Proms and Weddings","article_publisher":"https:\/\/www.facebook.com\/promsandweddings","article_modified_time":"2026-04-24T11:42:54+00:00","og_image":[{"width":1691,"height":2255,"url":"https:\/\/promsandweddings.se\/wp-content\/uploads\/2026\/04\/britania-b-6bf761c8.jpg","type":"image\/jpeg"}],"twitter_card":"summary_large_image","twitter_site":"@PromsWeddings","schema":{"@context":"https:\/\/schema.org","@graph":[{"@type":"WebPage","@id":"https:\/\/promsandweddings.se\/produkt\/britania-st-patrick\/","url":"https:\/\/promsandweddings.se\/produkt\/britania-st-patrick\/","name":"Britania \u2013 Couture brudekjole med korsetter &amp; volumen | St. Patrick","isPartOf":{"@id":"https:\/\/promsandweddings.se\/#website"},"primaryImageOfPage":{"@id":"https:\/\/promsandweddings.se\/produkt\/britania-st-patrick\/#primaryimage"},"image":{"@id":"https:\/\/promsandweddings.se\/produkt\/britania-st-patrick\/#primaryimage"},"thumbnailUrl":"https:\/\/promsandweddings.se\/wp-content\/uploads\/2026\/04\/britania-b-6bf761c8.jpg","datePublished":"2026-04-24T11:35:48+00:00","dateModified":"2026-04-24T11:42:54+00:00","description":"Britania fra St. Patrick er en couture brudekjole med korsetliv, brede stropper og volumin\u00f8s nederdel.","breadcrumb":{"@id":"https:\/\/promsandweddings.se\/produkt\/britania-st-patrick\/#breadcrumb"},"inLanguage":"da-DK","potentialAction":[{"@type":"ReadAction","target":["https:\/\/promsandweddings.se\/produkt\/britania-st-patrick\/"]}]},{"@type":"ImageObject","inLanguage":"da-DK","@id":"https:\/\/promsandweddings.se\/produkt\/britania-st-patrick\/#primaryimage","url":"https:\/\/promsandweddings.se\/wp-content\/uploads\/2026\/04\/britania-b-6bf761c8.jpg","contentUrl":"https:\/\/promsandweddings.se\/wp-content\/uploads\/2026\/04\/britania-b-6bf761c8.jpg","width":1691,"height":2255,"caption":"Brudkl\u00e4nning Britania fr\u00e5n ST. Patrick"},{"@type":"BreadcrumbList","@id":"https:\/\/promsandweddings.se\/produkt\/britania-st-patrick\/#breadcrumb","itemListElement":[{"@type":"ListItem","position":1,"name":"Home","item":"https:\/\/promsandweddings.se\/"},{"@type":"ListItem","position":2,"name":"Webshop","item":"https:\/\/promsandweddings.se\/webshop\/"},{"@type":"ListItem","position":3,"name":"St Patrick Britania brudkl\u00e4nning"}]},{"@type":"WebSite","@id":"https:\/\/promsandweddings.se\/#website","url":"https:\/\/promsandweddings.se\/","name":"Proms and Weddings","description":"Find din dr\u00f8mmekjole","publisher":{"@id":"https:\/\/promsandweddings.se\/#organization"},"alternateName":"Proms & Weddings","potentialAction":[{"@type":"SearchAction","target":{"@type":"EntryPoint","urlTemplate":"https:\/\/promsandweddings.se\/?s={search_term_string}"},"query-input":{"@type":"PropertyValueSpecification","valueRequired":true,"valueName":"search_term_string"}}],"inLanguage":"da-DK"},{"@type":"Organization","@id":"https:\/\/promsandweddings.se\/#organization","name":"Proms &amp; Weddings","url":"https:\/\/promsandweddings.se\/","logo":{"@type":"ImageObject","inLanguage":"da-DK","@id":"https:\/\/promsandweddings.se\/#\/schema\/logo\/image\/","url":"https:\/\/promsandweddings.se\/wp-content\/uploads\/2026\/03\/pwlogosv-2-2.webp","contentUrl":"https:\/\/promsandweddings.se\/wp-content\/uploads\/2026\/03\/pwlogosv-2-2.webp","width":556,"height":152,"caption":"Proms & Weddings"},"image":{"@id":"https:\/\/promsandweddings.se\/#\/schema\/logo\/image\/"},"sameAs":["https:\/\/www.facebook.com\/promsandweddings","https:\/\/x.com\/PromsWeddings","https:\/\/www.instagram.com\/promsandweddings\/","https:\/\/www.youtube.com\/@promsandweddings\/shorts","https:\/\/www.tiktok.com\/@promsandweddings","https:\/\/se.pinterest.com\/promsandwedding"]}]}},"jetpack_sharing_enabled":true,"brands":[],"_links":{"self":[{"href":"https:\/\/promsandweddings.se\/da\/wp-json\/wp\/v2\/product\/31127","targetHints":{"allow":["GET"]}}],"collection":[{"href":"https:\/\/promsandweddings.se\/da\/wp-json\/wp\/v2\/product"}],"about":[{"href":"https:\/\/promsandweddings.se\/da\/wp-json\/wp\/v2\/types\/product"}],"wp:featuredmedia":[{"embeddable":true,"href":"https:\/\/promsandweddings.se\/da\/wp-json\/wp\/v2\/media\/31130"}],"wp:attachment":[{"href":"https:\/\/promsandweddings.se\/da\/wp-json\/wp\/v2\/media?parent=31127"}],"wp:term":[{"taxonomy":"pwb-brand","embeddable":true,"href":"https:\/\/promsandweddings.se\/da\/wp-json\/wp\/v2\/pwb-brand?post=31127"},{"taxonomy":"product_brand","embeddable":true,"href":"https:\/\/promsandweddings.se\/da\/wp-json\/wp\/v2\/product_brand?post=31127"},{"taxonomy":"product_cat","embeddable":true,"href":"https:\/\/promsandweddings.se\/da\/wp-json\/wp\/v2\/product_cat?post=31127"},{"taxonomy":"product_tag","embeddable":true,"href":"https:\/\/promsandweddings.se\/da\/wp-json\/wp\/v2\/product_tag?post=31127"}],"curies":[{"name":"wp","href":"https:\/\/api.w.org\/{rel}","templated":true}]}}