{"id":3902,"date":"2026-03-06T07:48:06","date_gmt":"2026-03-06T06:48:06","guid":{"rendered":"http:\/\/localhost:8888\/proms2026\/?post_type=product&#038;p=3902"},"modified":"2026-03-06T07:48:33","modified_gmt":"2026-03-06T06:48:33","slug":"bianco-evento-tiara-d40","status":"publish","type":"product","link":"https:\/\/promsandweddings.se\/da\/produkt\/bianco-evento-tiara-d40\/","title":{"rendered":"Bianco evento tiara D40"},"content":{"rendered":"<p><a href=\"https:\/\/bianco-evento.com\/en\/d40.html\">https:\/\/bianco-evento.com\/en\/d40.html<\/a><\/p>\n<ul>\n<li>tiara.<\/li>\n<li>dekoreret med perler og sten.<\/li>\n<li>fleksibel bue giver god pasform til alle frisurer og hovedformer.<\/li>\n<li>fors\u00f8lveret og nikkelfri (hypoallergen).<\/li>\n<li>h\u00f8jde 1,5 cm.<\/li>\n<li>Man kan v\u00e6lge <a href=\"https:\/\/promsandweddings.se\/da\/vare-kategori\/tillbehor\/slojor\/\">Sl\u00f8r<\/a> som passer til den.<\/li>\n<\/ul>","protected":false},"excerpt":{"rendered":"<p>Tiara fra Bianco evento D40<\/p>\n<div class=\"product attribute overview\">\n<div class=\"value\">\n<div class=\"product attribute overview\">\n<div class=\"value\">\n<div class=\"product attribute overview\">\n<div class=\"value\">\n<div class=\"product attribute overview\">\n<div class=\"value\">\n<div class=\"product attribute overview\">\n<div class=\"value\">Tiara med perler og sten<\/div>\n<\/div>\n<\/div>\n<\/div>\n<\/div>\n<\/div>\n<\/div>\n<\/div>\n<\/div>\n<\/div>","protected":false},"featured_media":3943,"template":"","meta":[],"pwb-brand":[],"product_brand":[],"product_cat":[278,279,30],"product_tag":[123,280],"class_list":{"0":"post-3902","1":"product","2":"type-product","3":"status-publish","4":"has-post-thumbnail","6":"product_cat-smycken","7":"product_cat-tiara","8":"product_cat-tillbehor","9":"product_tag-bianco-evento","10":"product_tag-tiara","12":"first","13":"instock","14":"shipping-taxable","15":"purchasable","16":"product-type-simple"},"yoast_head":"<!-- This site is optimized with the Yoast SEO plugin v27.4 - https:\/\/yoast.com\/product\/yoast-seo-wordpress\/ -->\n<title>Bianco evento Tiara D40 | Proms and Weddings<\/title>\n<meta name=\"description\" content=\"Bianco evento Tiara D40 tiara. dekorerade med p\u00e4rlor och stenar. flexibel b\u00e5ge ger bra passform till alla h\u00e5rstilar och huvudformer. silverpl\u00e4terad och nickelfri (hypoallergen). h\u00f6jd 1,5 cm.\" \/>\n<meta name=\"robots\" content=\"index, follow, max-snippet:-1, max-image-preview:large, max-video-preview:-1\" \/>\n<link rel=\"canonical\" href=\"https:\/\/promsandweddings.se\/da\/vare\/bianco-evento-tiara-d40\/\" \/>\n<meta property=\"og:locale\" content=\"da_DK\" \/>\n<meta property=\"og:type\" content=\"article\" \/>\n<meta property=\"og:title\" content=\"Bianco evento Tiara D40 | Proms and Weddings\" \/>\n<meta property=\"og:description\" content=\"Bianco evento Tiara D40 tiara. dekorerade med p\u00e4rlor och stenar. flexibel b\u00e5ge ger bra passform till alla h\u00e5rstilar och huvudformer. silverpl\u00e4terad och nickelfri (hypoallergen). h\u00f6jd 1,5 cm.\" \/>\n<meta property=\"og:url\" content=\"https:\/\/promsandweddings.se\/da\/vare\/bianco-evento-tiara-d40\/\" \/>\n<meta property=\"og:site_name\" content=\"Proms and Weddings\" \/>\n<meta property=\"article:publisher\" content=\"https:\/\/www.facebook.com\/promsandweddings\" \/>\n<meta property=\"article:modified_time\" content=\"2026-03-06T06:48:33+00:00\" \/>\n<meta property=\"og:image\" content=\"https:\/\/promsandweddings.se\/wp-content\/uploads\/2026\/03\/d40_conf_biancoevento_jewelry_01_6-scaled-1.jpeg\" \/>\n\t<meta property=\"og:image:width\" content=\"1920\" \/>\n\t<meta property=\"og:image:height\" content=\"2560\" \/>\n\t<meta property=\"og:image:type\" content=\"image\/jpeg\" \/>\n<meta name=\"twitter:card\" content=\"summary_large_image\" \/>\n<meta name=\"twitter:site\" content=\"@PromsWeddings\" \/>\n<script type=\"application\/ld+json\" class=\"yoast-schema-graph\">{\"@context\":\"https:\\\/\\\/schema.org\",\"@graph\":[{\"@type\":\"WebPage\",\"@id\":\"https:\\\/\\\/promsandweddings.se\\\/produkt\\\/bianco-evento-tiara-d40\\\/\",\"url\":\"https:\\\/\\\/promsandweddings.se\\\/produkt\\\/bianco-evento-tiara-d40\\\/\",\"name\":\"Bianco evento Tiara D40 | Proms and Weddings\",\"isPartOf\":{\"@id\":\"https:\\\/\\\/promsandweddings.se\\\/#website\"},\"primaryImageOfPage\":{\"@id\":\"https:\\\/\\\/promsandweddings.se\\\/produkt\\\/bianco-evento-tiara-d40\\\/#primaryimage\"},\"image\":{\"@id\":\"https:\\\/\\\/promsandweddings.se\\\/produkt\\\/bianco-evento-tiara-d40\\\/#primaryimage\"},\"thumbnailUrl\":\"https:\\\/\\\/promsandweddings.se\\\/wp-content\\\/uploads\\\/2026\\\/03\\\/d40_conf_biancoevento_jewelry_01_6-scaled-1.jpeg\",\"datePublished\":\"2026-03-06T06:48:06+00:00\",\"dateModified\":\"2026-03-06T06:48:33+00:00\",\"description\":\"Bianco evento Tiara D40 tiara. dekorerade med p\u00e4rlor och stenar. flexibel b\u00e5ge ger bra passform till alla h\u00e5rstilar och huvudformer. silverpl\u00e4terad och nickelfri (hypoallergen). h\u00f6jd 1,5 cm.\",\"breadcrumb\":{\"@id\":\"https:\\\/\\\/promsandweddings.se\\\/produkt\\\/bianco-evento-tiara-d40\\\/#breadcrumb\"},\"inLanguage\":\"da-DK\",\"potentialAction\":[{\"@type\":\"ReadAction\",\"target\":[\"https:\\\/\\\/promsandweddings.se\\\/produkt\\\/bianco-evento-tiara-d40\\\/\"]}]},{\"@type\":\"ImageObject\",\"inLanguage\":\"da-DK\",\"@id\":\"https:\\\/\\\/promsandweddings.se\\\/produkt\\\/bianco-evento-tiara-d40\\\/#primaryimage\",\"url\":\"https:\\\/\\\/promsandweddings.se\\\/wp-content\\\/uploads\\\/2026\\\/03\\\/d40_conf_biancoevento_jewelry_01_6-scaled-1.jpeg\",\"contentUrl\":\"https:\\\/\\\/promsandweddings.se\\\/wp-content\\\/uploads\\\/2026\\\/03\\\/d40_conf_biancoevento_jewelry_01_6-scaled-1.jpeg\",\"width\":1920,\"height\":2560},{\"@type\":\"BreadcrumbList\",\"@id\":\"https:\\\/\\\/promsandweddings.se\\\/produkt\\\/bianco-evento-tiara-d40\\\/#breadcrumb\",\"itemListElement\":[{\"@type\":\"ListItem\",\"position\":1,\"name\":\"Home\",\"item\":\"https:\\\/\\\/promsandweddings.se\\\/\"},{\"@type\":\"ListItem\",\"position\":2,\"name\":\"Webshop\",\"item\":\"https:\\\/\\\/promsandweddings.se\\\/webshop\\\/\"},{\"@type\":\"ListItem\",\"position\":3,\"name\":\"Bianco evento Tiara D40\"}]},{\"@type\":\"WebSite\",\"@id\":\"https:\\\/\\\/promsandweddings.se\\\/#website\",\"url\":\"https:\\\/\\\/promsandweddings.se\\\/\",\"name\":\"Proms and Weddings\",\"description\":\"Hitta din dr\u00f6mkl\u00e4nning\",\"publisher\":{\"@id\":\"https:\\\/\\\/promsandweddings.se\\\/#organization\"},\"alternateName\":\"Proms & Weddings\",\"potentialAction\":[{\"@type\":\"SearchAction\",\"target\":{\"@type\":\"EntryPoint\",\"urlTemplate\":\"https:\\\/\\\/promsandweddings.se\\\/?s={search_term_string}\"},\"query-input\":{\"@type\":\"PropertyValueSpecification\",\"valueRequired\":true,\"valueName\":\"search_term_string\"}}],\"inLanguage\":\"da-DK\"},{\"@type\":\"Organization\",\"@id\":\"https:\\\/\\\/promsandweddings.se\\\/#organization\",\"name\":\"Proms & Weddings\",\"url\":\"https:\\\/\\\/promsandweddings.se\\\/\",\"logo\":{\"@type\":\"ImageObject\",\"inLanguage\":\"da-DK\",\"@id\":\"https:\\\/\\\/promsandweddings.se\\\/#\\\/schema\\\/logo\\\/image\\\/\",\"url\":\"https:\\\/\\\/promsandweddings.se\\\/wp-content\\\/uploads\\\/2026\\\/03\\\/pwlogosv-2-2.webp\",\"contentUrl\":\"https:\\\/\\\/promsandweddings.se\\\/wp-content\\\/uploads\\\/2026\\\/03\\\/pwlogosv-2-2.webp\",\"width\":556,\"height\":152,\"caption\":\"Proms & Weddings\"},\"image\":{\"@id\":\"https:\\\/\\\/promsandweddings.se\\\/#\\\/schema\\\/logo\\\/image\\\/\"},\"sameAs\":[\"https:\\\/\\\/www.facebook.com\\\/promsandweddings\",\"https:\\\/\\\/x.com\\\/PromsWeddings\",\"https:\\\/\\\/www.instagram.com\\\/promsandweddings\\\/\",\"https:\\\/\\\/www.youtube.com\\\/@promsandweddings\\\/shorts\",\"https:\\\/\\\/www.tiktok.com\\\/@promsandweddings\",\"https:\\\/\\\/se.pinterest.com\\\/promsandwedding\"]}]}<\/script>\n<!-- \/ Yoast SEO plugin. -->","yoast_head_json":{"title":"Bianco evento Tiara D40 | Proms and Weddings","description":"Bianco evento Tiara D40 tiara. dekoreret med perler og sten. fleksibel bue giver god pasform til alle frisurer og hovedformer. fors\u00f8lveret og nikkelri (hypoallergen). h\u00f8jde 1,5 cm.","robots":{"index":"index","follow":"follow","max-snippet":"max-snippet:-1","max-image-preview":"max-image-preview:large","max-video-preview":"max-video-preview:-1"},"canonical":"https:\/\/promsandweddings.se\/da\/vare\/bianco-evento-tiara-d40\/","og_locale":"da_DK","og_type":"article","og_title":"Bianco evento Tiara D40 | Proms and Weddings","og_description":"Bianco evento Tiara D40 tiara. dekorerade med p\u00e4rlor och stenar. flexibel b\u00e5ge ger bra passform till alla h\u00e5rstilar och huvudformer. silverpl\u00e4terad och nickelfri (hypoallergen). h\u00f6jd 1,5 cm.","og_url":"https:\/\/promsandweddings.se\/da\/vare\/bianco-evento-tiara-d40\/","og_site_name":"Proms and Weddings","article_publisher":"https:\/\/www.facebook.com\/promsandweddings","article_modified_time":"2026-03-06T06:48:33+00:00","og_image":[{"width":1920,"height":2560,"url":"https:\/\/promsandweddings.se\/wp-content\/uploads\/2026\/03\/d40_conf_biancoevento_jewelry_01_6-scaled-1.jpeg","type":"image\/jpeg"}],"twitter_card":"summary_large_image","twitter_site":"@PromsWeddings","schema":{"@context":"https:\/\/schema.org","@graph":[{"@type":"WebPage","@id":"https:\/\/promsandweddings.se\/produkt\/bianco-evento-tiara-d40\/","url":"https:\/\/promsandweddings.se\/produkt\/bianco-evento-tiara-d40\/","name":"Bianco evento Tiara D40 | Proms and Weddings","isPartOf":{"@id":"https:\/\/promsandweddings.se\/#website"},"primaryImageOfPage":{"@id":"https:\/\/promsandweddings.se\/produkt\/bianco-evento-tiara-d40\/#primaryimage"},"image":{"@id":"https:\/\/promsandweddings.se\/produkt\/bianco-evento-tiara-d40\/#primaryimage"},"thumbnailUrl":"https:\/\/promsandweddings.se\/wp-content\/uploads\/2026\/03\/d40_conf_biancoevento_jewelry_01_6-scaled-1.jpeg","datePublished":"2026-03-06T06:48:06+00:00","dateModified":"2026-03-06T06:48:33+00:00","description":"Bianco evento Tiara D40 tiara. dekoreret med perler og sten. fleksibel bue giver god pasform til alle frisurer og hovedformer. fors\u00f8lveret og nikkelri (hypoallergen). h\u00f8jde 1,5 cm.","breadcrumb":{"@id":"https:\/\/promsandweddings.se\/produkt\/bianco-evento-tiara-d40\/#breadcrumb"},"inLanguage":"da-DK","potentialAction":[{"@type":"ReadAction","target":["https:\/\/promsandweddings.se\/produkt\/bianco-evento-tiara-d40\/"]}]},{"@type":"ImageObject","inLanguage":"da-DK","@id":"https:\/\/promsandweddings.se\/produkt\/bianco-evento-tiara-d40\/#primaryimage","url":"https:\/\/promsandweddings.se\/wp-content\/uploads\/2026\/03\/d40_conf_biancoevento_jewelry_01_6-scaled-1.jpeg","contentUrl":"https:\/\/promsandweddings.se\/wp-content\/uploads\/2026\/03\/d40_conf_biancoevento_jewelry_01_6-scaled-1.jpeg","width":1920,"height":2560},{"@type":"BreadcrumbList","@id":"https:\/\/promsandweddings.se\/produkt\/bianco-evento-tiara-d40\/#breadcrumb","itemListElement":[{"@type":"ListItem","position":1,"name":"Home","item":"https:\/\/promsandweddings.se\/"},{"@type":"ListItem","position":2,"name":"Webshop","item":"https:\/\/promsandweddings.se\/webshop\/"},{"@type":"ListItem","position":3,"name":"Bianco evento Tiara D40"}]},{"@type":"WebSite","@id":"https:\/\/promsandweddings.se\/#website","url":"https:\/\/promsandweddings.se\/","name":"Proms and Weddings","description":"Find din dr\u00f8mmekjole","publisher":{"@id":"https:\/\/promsandweddings.se\/#organization"},"alternateName":"Proms & Weddings","potentialAction":[{"@type":"SearchAction","target":{"@type":"EntryPoint","urlTemplate":"https:\/\/promsandweddings.se\/?s={search_term_string}"},"query-input":{"@type":"PropertyValueSpecification","valueRequired":true,"valueName":"search_term_string"}}],"inLanguage":"da-DK"},{"@type":"Organization","@id":"https:\/\/promsandweddings.se\/#organization","name":"Proms &amp; Weddings","url":"https:\/\/promsandweddings.se\/","logo":{"@type":"ImageObject","inLanguage":"da-DK","@id":"https:\/\/promsandweddings.se\/#\/schema\/logo\/image\/","url":"https:\/\/promsandweddings.se\/wp-content\/uploads\/2026\/03\/pwlogosv-2-2.webp","contentUrl":"https:\/\/promsandweddings.se\/wp-content\/uploads\/2026\/03\/pwlogosv-2-2.webp","width":556,"height":152,"caption":"Proms & Weddings"},"image":{"@id":"https:\/\/promsandweddings.se\/#\/schema\/logo\/image\/"},"sameAs":["https:\/\/www.facebook.com\/promsandweddings","https:\/\/x.com\/PromsWeddings","https:\/\/www.instagram.com\/promsandweddings\/","https:\/\/www.youtube.com\/@promsandweddings\/shorts","https:\/\/www.tiktok.com\/@promsandweddings","https:\/\/se.pinterest.com\/promsandwedding"]}]}},"jetpack_sharing_enabled":true,"brands":[],"_links":{"self":[{"href":"https:\/\/promsandweddings.se\/da\/wp-json\/wp\/v2\/product\/3902","targetHints":{"allow":["GET"]}}],"collection":[{"href":"https:\/\/promsandweddings.se\/da\/wp-json\/wp\/v2\/product"}],"about":[{"href":"https:\/\/promsandweddings.se\/da\/wp-json\/wp\/v2\/types\/product"}],"wp:featuredmedia":[{"embeddable":true,"href":"https:\/\/promsandweddings.se\/da\/wp-json\/wp\/v2\/media\/3943"}],"wp:attachment":[{"href":"https:\/\/promsandweddings.se\/da\/wp-json\/wp\/v2\/media?parent=3902"}],"wp:term":[{"taxonomy":"pwb-brand","embeddable":true,"href":"https:\/\/promsandweddings.se\/da\/wp-json\/wp\/v2\/pwb-brand?post=3902"},{"taxonomy":"product_brand","embeddable":true,"href":"https:\/\/promsandweddings.se\/da\/wp-json\/wp\/v2\/product_brand?post=3902"},{"taxonomy":"product_cat","embeddable":true,"href":"https:\/\/promsandweddings.se\/da\/wp-json\/wp\/v2\/product_cat?post=3902"},{"taxonomy":"product_tag","embeddable":true,"href":"https:\/\/promsandweddings.se\/da\/wp-json\/wp\/v2\/product_tag?post=3902"}],"curies":[{"name":"wp","href":"https:\/\/api.w.org\/{rel}","templated":true}]}}