{"id":4355,"date":"2026-03-06T08:07:47","date_gmt":"2026-03-06T07:07:47","guid":{"rendered":"http:\/\/localhost:8888\/proms2026\/?post_type=product&#038;p=4355"},"modified":"2026-03-06T09:51:11","modified_gmt":"2026-03-06T08:51:11","slug":"cc1618-balklanning-cinderella","status":"publish","type":"product","link":"https:\/\/promsandweddings.se\/da\/produkt\/cc1618-balklanning-cinderella\/","title":{"rendered":"CC1618 balkl\u00e4nning Cinderella"},"content":{"rendered":"<h1><\/h1>\n<p><a href=\"https:\/\/www.ladivine.com\/\">Modellen<\/a> er 5,8 \u2033\/ st\u00f8rrelse 2 og b\u00e6rer st\u00f8rrelse 4 eller XS p\u00e5 billedet.<\/p>\n<p>denne kjole f\u00e5s i forskellige farver og st\u00f8rrelser.<\/p>\n<p>Du kan altid finde smukke<a href=\"https:\/\/promsandweddings.se\/da\/vare-kategori\/smycken\/\"> smycken<\/a> der passer til kjolen<\/p>","protected":false},"excerpt":{"rendered":"<p><strong>af <a href=\"https:\/\/www.ladivine.com\">CINDERELLA DIVINE<\/a>\u00a0<\/strong><\/p>\n<p>Off-shoulder kjole med tyndt b\u00e5nd og hjerteudsnitning.<\/p>","protected":false},"featured_media":4975,"template":"","meta":[],"pwb-brand":[],"product_brand":[],"product_cat":[57,58,78,56,59,81,60,82,85,86,83],"product_tag":[190,65,66,67,69,77],"class_list":{"0":"post-4355","1":"product","2":"type-product","3":"status-publish","4":"has-post-thumbnail","6":"product_cat-aftonklanningar","7":"product_cat-balklanningar","8":"product_cat-cinderella-divine","9":"product_cat-festklanningar","10":"product_cat-forlovningsklanning","11":"product_cat-gron","12":"product_cat-klanning-brollopsgast","13":"product_cat-langa-balklanningar","14":"product_cat-langa-klanningar","15":"product_cat-langklanning-fest","16":"product_cat-plus-size","17":"product_tag-axelband","18":"product_tag-balklanning","19":"product_tag-festklanning","20":"product_tag-klanning","21":"product_tag-satin","22":"product_tag-slits","23":"product_shipping_class-festklanningar","25":"first","26":"outofstock","27":"shipping-taxable","28":"product-type-variable"},"yoast_head":"<!-- This site is optimized with the Yoast SEO plugin v27.4 - https:\/\/yoast.com\/product\/yoast-seo-wordpress\/ -->\n<title>CC1618 balkl\u00e4nning Cinderella festkl\u00e4nning Cinderella Divine |\u00a0Proms and Weddings \u00ae<\/title>\n<meta name=\"description\" content=\"CC1618 balkl\u00e4nning Cinderella Cinderella Divine. K\u00f6p vackra fest- och br\u00f6llopskl\u00e4der online hos Proms and Weddings. \u2713 Stort sortiment. \u2713 K\u00e4nda varum\u00e4rken. V\u00e4lkommen!\" \/>\n<meta name=\"robots\" content=\"index, follow, max-snippet:-1, max-image-preview:large, max-video-preview:-1\" \/>\n<link rel=\"canonical\" href=\"https:\/\/promsandweddings.se\/da\/vare\/cc1618-balklanning-cinderella\/\" \/>\n<meta property=\"og:locale\" content=\"da_DK\" \/>\n<meta property=\"og:type\" content=\"article\" \/>\n<meta property=\"og:title\" content=\"CC1618 balkl\u00e4nning Cinderella festkl\u00e4nning Cinderella Divine |\u00a0Proms and Weddings \u00ae\" \/>\n<meta property=\"og:description\" content=\"CC1618 balkl\u00e4nning Cinderella Cinderella Divine. K\u00f6p vackra fest- och br\u00f6llopskl\u00e4der online hos Proms and Weddings. \u2713 Stort sortiment. \u2713 K\u00e4nda varum\u00e4rken. V\u00e4lkommen!\" \/>\n<meta property=\"og:url\" content=\"https:\/\/promsandweddings.se\/da\/vare\/cc1618-balklanning-cinderella\/\" \/>\n<meta property=\"og:site_name\" content=\"Proms and Weddings\" \/>\n<meta property=\"article:publisher\" content=\"https:\/\/www.facebook.com\/promsandweddings\" \/>\n<meta property=\"article:modified_time\" content=\"2026-03-06T08:51:11+00:00\" \/>\n<meta property=\"og:image\" content=\"https:\/\/promsandweddings.se\/wp-content\/uploads\/2026\/03\/cc1618_emerald__8.jpg\" \/>\n\t<meta property=\"og:image:width\" content=\"1600\" \/>\n\t<meta property=\"og:image:height\" content=\"2400\" \/>\n\t<meta property=\"og:image:type\" content=\"image\/jpeg\" \/>\n<meta name=\"twitter:card\" content=\"summary_large_image\" \/>\n<meta name=\"twitter:site\" content=\"@PromsWeddings\" \/>\n<meta name=\"twitter:label1\" content=\"Estimeret l\u00e6setid\" \/>\n\t<meta name=\"twitter:data1\" content=\"1 minut\" \/>\n<script type=\"application\/ld+json\" class=\"yoast-schema-graph\">{\"@context\":\"https:\\\/\\\/schema.org\",\"@graph\":[{\"@type\":\"WebPage\",\"@id\":\"https:\\\/\\\/promsandweddings.se\\\/produkt\\\/cc1618-balklanning-cinderella\\\/\",\"url\":\"https:\\\/\\\/promsandweddings.se\\\/produkt\\\/cc1618-balklanning-cinderella\\\/\",\"name\":\"CC1618 balkl\u00e4nning Cinderella festkl\u00e4nning Cinderella Divine |\u00a0Proms and Weddings \u00ae\",\"isPartOf\":{\"@id\":\"https:\\\/\\\/promsandweddings.se\\\/#website\"},\"primaryImageOfPage\":{\"@id\":\"https:\\\/\\\/promsandweddings.se\\\/produkt\\\/cc1618-balklanning-cinderella\\\/#primaryimage\"},\"image\":{\"@id\":\"https:\\\/\\\/promsandweddings.se\\\/produkt\\\/cc1618-balklanning-cinderella\\\/#primaryimage\"},\"thumbnailUrl\":\"https:\\\/\\\/promsandweddings.se\\\/wp-content\\\/uploads\\\/2026\\\/03\\\/cc1618_emerald__8.jpg\",\"datePublished\":\"2026-03-06T07:07:47+00:00\",\"dateModified\":\"2026-03-06T08:51:11+00:00\",\"description\":\"CC1618 balkl\u00e4nning Cinderella Cinderella Divine. K\u00f6p vackra fest- och br\u00f6llopskl\u00e4der online hos Proms and Weddings. \u2713 Stort sortiment. \u2713 K\u00e4nda varum\u00e4rken. V\u00e4lkommen!\",\"breadcrumb\":{\"@id\":\"https:\\\/\\\/promsandweddings.se\\\/produkt\\\/cc1618-balklanning-cinderella\\\/#breadcrumb\"},\"inLanguage\":\"da-DK\",\"potentialAction\":[{\"@type\":\"ReadAction\",\"target\":[\"https:\\\/\\\/promsandweddings.se\\\/produkt\\\/cc1618-balklanning-cinderella\\\/\"]}]},{\"@type\":\"ImageObject\",\"inLanguage\":\"da-DK\",\"@id\":\"https:\\\/\\\/promsandweddings.se\\\/produkt\\\/cc1618-balklanning-cinderella\\\/#primaryimage\",\"url\":\"https:\\\/\\\/promsandweddings.se\\\/wp-content\\\/uploads\\\/2026\\\/03\\\/cc1618_emerald__8.jpg\",\"contentUrl\":\"https:\\\/\\\/promsandweddings.se\\\/wp-content\\\/uploads\\\/2026\\\/03\\\/cc1618_emerald__8.jpg\",\"width\":1600,\"height\":2400},{\"@type\":\"BreadcrumbList\",\"@id\":\"https:\\\/\\\/promsandweddings.se\\\/produkt\\\/cc1618-balklanning-cinderella\\\/#breadcrumb\",\"itemListElement\":[{\"@type\":\"ListItem\",\"position\":1,\"name\":\"Home\",\"item\":\"https:\\\/\\\/promsandweddings.se\\\/\"},{\"@type\":\"ListItem\",\"position\":2,\"name\":\"Webshop\",\"item\":\"https:\\\/\\\/promsandweddings.se\\\/webshop\\\/\"},{\"@type\":\"ListItem\",\"position\":3,\"name\":\"CC1618 balkl\u00e4nning Cinderella\"}]},{\"@type\":\"WebSite\",\"@id\":\"https:\\\/\\\/promsandweddings.se\\\/#website\",\"url\":\"https:\\\/\\\/promsandweddings.se\\\/\",\"name\":\"Proms and Weddings\",\"description\":\"Hitta din dr\u00f6mkl\u00e4nning\",\"publisher\":{\"@id\":\"https:\\\/\\\/promsandweddings.se\\\/#organization\"},\"alternateName\":\"Proms & Weddings\",\"potentialAction\":[{\"@type\":\"SearchAction\",\"target\":{\"@type\":\"EntryPoint\",\"urlTemplate\":\"https:\\\/\\\/promsandweddings.se\\\/?s={search_term_string}\"},\"query-input\":{\"@type\":\"PropertyValueSpecification\",\"valueRequired\":true,\"valueName\":\"search_term_string\"}}],\"inLanguage\":\"da-DK\"},{\"@type\":\"Organization\",\"@id\":\"https:\\\/\\\/promsandweddings.se\\\/#organization\",\"name\":\"Proms & Weddings\",\"url\":\"https:\\\/\\\/promsandweddings.se\\\/\",\"logo\":{\"@type\":\"ImageObject\",\"inLanguage\":\"da-DK\",\"@id\":\"https:\\\/\\\/promsandweddings.se\\\/#\\\/schema\\\/logo\\\/image\\\/\",\"url\":\"https:\\\/\\\/promsandweddings.se\\\/wp-content\\\/uploads\\\/2026\\\/03\\\/pwlogosv-2-2.webp\",\"contentUrl\":\"https:\\\/\\\/promsandweddings.se\\\/wp-content\\\/uploads\\\/2026\\\/03\\\/pwlogosv-2-2.webp\",\"width\":556,\"height\":152,\"caption\":\"Proms & Weddings\"},\"image\":{\"@id\":\"https:\\\/\\\/promsandweddings.se\\\/#\\\/schema\\\/logo\\\/image\\\/\"},\"sameAs\":[\"https:\\\/\\\/www.facebook.com\\\/promsandweddings\",\"https:\\\/\\\/x.com\\\/PromsWeddings\",\"https:\\\/\\\/www.instagram.com\\\/promsandweddings\\\/\",\"https:\\\/\\\/www.youtube.com\\\/@promsandweddings\\\/shorts\",\"https:\\\/\\\/www.tiktok.com\\\/@promsandweddings\",\"https:\\\/\\\/se.pinterest.com\\\/promsandwedding\"]}]}<\/script>\n<!-- \/ Yoast SEO plugin. -->","yoast_head_json":{"title":"CC1618 balkjole Cinderella festkjole Cinderella Divine | Proms and Weddings \u00ae","description":"CC1618 balkjole Cinderella Cinderella Divine. K\u00f8b smukke fest- og bryllupskjoler online hos Proms and Weddings. \u2713 Stort sortiment. \u2713 Kendte m\u00e6rker. Velkommen!","robots":{"index":"index","follow":"follow","max-snippet":"max-snippet:-1","max-image-preview":"max-image-preview:large","max-video-preview":"max-video-preview:-1"},"canonical":"https:\/\/promsandweddings.se\/da\/vare\/cc1618-balklanning-cinderella\/","og_locale":"da_DK","og_type":"article","og_title":"CC1618 balkl\u00e4nning Cinderella festkl\u00e4nning Cinderella Divine |\u00a0Proms and Weddings \u00ae","og_description":"CC1618 balkl\u00e4nning Cinderella Cinderella Divine. K\u00f6p vackra fest- och br\u00f6llopskl\u00e4der online hos Proms and Weddings. \u2713 Stort sortiment. \u2713 K\u00e4nda varum\u00e4rken. V\u00e4lkommen!","og_url":"https:\/\/promsandweddings.se\/da\/vare\/cc1618-balklanning-cinderella\/","og_site_name":"Proms and Weddings","article_publisher":"https:\/\/www.facebook.com\/promsandweddings","article_modified_time":"2026-03-06T08:51:11+00:00","og_image":[{"width":1600,"height":2400,"url":"https:\/\/promsandweddings.se\/wp-content\/uploads\/2026\/03\/cc1618_emerald__8.jpg","type":"image\/jpeg"}],"twitter_card":"summary_large_image","twitter_site":"@PromsWeddings","twitter_misc":{"Estimeret l\u00e6setid":"1 minut"},"schema":{"@context":"https:\/\/schema.org","@graph":[{"@type":"WebPage","@id":"https:\/\/promsandweddings.se\/produkt\/cc1618-balklanning-cinderella\/","url":"https:\/\/promsandweddings.se\/produkt\/cc1618-balklanning-cinderella\/","name":"CC1618 balkjole Cinderella festkjole Cinderella Divine | Proms and Weddings \u00ae","isPartOf":{"@id":"https:\/\/promsandweddings.se\/#website"},"primaryImageOfPage":{"@id":"https:\/\/promsandweddings.se\/produkt\/cc1618-balklanning-cinderella\/#primaryimage"},"image":{"@id":"https:\/\/promsandweddings.se\/produkt\/cc1618-balklanning-cinderella\/#primaryimage"},"thumbnailUrl":"https:\/\/promsandweddings.se\/wp-content\/uploads\/2026\/03\/cc1618_emerald__8.jpg","datePublished":"2026-03-06T07:07:47+00:00","dateModified":"2026-03-06T08:51:11+00:00","description":"CC1618 balkjole Cinderella Cinderella Divine. K\u00f8b smukke fest- og bryllupskjoler online hos Proms and Weddings. \u2713 Stort sortiment. \u2713 Kendte m\u00e6rker. Velkommen!","breadcrumb":{"@id":"https:\/\/promsandweddings.se\/produkt\/cc1618-balklanning-cinderella\/#breadcrumb"},"inLanguage":"da-DK","potentialAction":[{"@type":"ReadAction","target":["https:\/\/promsandweddings.se\/produkt\/cc1618-balklanning-cinderella\/"]}]},{"@type":"ImageObject","inLanguage":"da-DK","@id":"https:\/\/promsandweddings.se\/produkt\/cc1618-balklanning-cinderella\/#primaryimage","url":"https:\/\/promsandweddings.se\/wp-content\/uploads\/2026\/03\/cc1618_emerald__8.jpg","contentUrl":"https:\/\/promsandweddings.se\/wp-content\/uploads\/2026\/03\/cc1618_emerald__8.jpg","width":1600,"height":2400},{"@type":"BreadcrumbList","@id":"https:\/\/promsandweddings.se\/produkt\/cc1618-balklanning-cinderella\/#breadcrumb","itemListElement":[{"@type":"ListItem","position":1,"name":"Home","item":"https:\/\/promsandweddings.se\/"},{"@type":"ListItem","position":2,"name":"Webshop","item":"https:\/\/promsandweddings.se\/webshop\/"},{"@type":"ListItem","position":3,"name":"CC1618 balkl\u00e4nning Cinderella"}]},{"@type":"WebSite","@id":"https:\/\/promsandweddings.se\/#website","url":"https:\/\/promsandweddings.se\/","name":"Proms and Weddings","description":"Find din dr\u00f8mmekjole","publisher":{"@id":"https:\/\/promsandweddings.se\/#organization"},"alternateName":"Proms & Weddings","potentialAction":[{"@type":"SearchAction","target":{"@type":"EntryPoint","urlTemplate":"https:\/\/promsandweddings.se\/?s={search_term_string}"},"query-input":{"@type":"PropertyValueSpecification","valueRequired":true,"valueName":"search_term_string"}}],"inLanguage":"da-DK"},{"@type":"Organization","@id":"https:\/\/promsandweddings.se\/#organization","name":"Proms &amp; Weddings","url":"https:\/\/promsandweddings.se\/","logo":{"@type":"ImageObject","inLanguage":"da-DK","@id":"https:\/\/promsandweddings.se\/#\/schema\/logo\/image\/","url":"https:\/\/promsandweddings.se\/wp-content\/uploads\/2026\/03\/pwlogosv-2-2.webp","contentUrl":"https:\/\/promsandweddings.se\/wp-content\/uploads\/2026\/03\/pwlogosv-2-2.webp","width":556,"height":152,"caption":"Proms & Weddings"},"image":{"@id":"https:\/\/promsandweddings.se\/#\/schema\/logo\/image\/"},"sameAs":["https:\/\/www.facebook.com\/promsandweddings","https:\/\/x.com\/PromsWeddings","https:\/\/www.instagram.com\/promsandweddings\/","https:\/\/www.youtube.com\/@promsandweddings\/shorts","https:\/\/www.tiktok.com\/@promsandweddings","https:\/\/se.pinterest.com\/promsandwedding"]}]}},"jetpack_sharing_enabled":true,"brands":[],"_links":{"self":[{"href":"https:\/\/promsandweddings.se\/da\/wp-json\/wp\/v2\/product\/4355","targetHints":{"allow":["GET"]}}],"collection":[{"href":"https:\/\/promsandweddings.se\/da\/wp-json\/wp\/v2\/product"}],"about":[{"href":"https:\/\/promsandweddings.se\/da\/wp-json\/wp\/v2\/types\/product"}],"wp:featuredmedia":[{"embeddable":true,"href":"https:\/\/promsandweddings.se\/da\/wp-json\/wp\/v2\/media\/4975"}],"wp:attachment":[{"href":"https:\/\/promsandweddings.se\/da\/wp-json\/wp\/v2\/media?parent=4355"}],"wp:term":[{"taxonomy":"pwb-brand","embeddable":true,"href":"https:\/\/promsandweddings.se\/da\/wp-json\/wp\/v2\/pwb-brand?post=4355"},{"taxonomy":"product_brand","embeddable":true,"href":"https:\/\/promsandweddings.se\/da\/wp-json\/wp\/v2\/product_brand?post=4355"},{"taxonomy":"product_cat","embeddable":true,"href":"https:\/\/promsandweddings.se\/da\/wp-json\/wp\/v2\/product_cat?post=4355"},{"taxonomy":"product_tag","embeddable":true,"href":"https:\/\/promsandweddings.se\/da\/wp-json\/wp\/v2\/product_tag?post=4355"}],"curies":[{"name":"wp","href":"https:\/\/api.w.org\/{rel}","templated":true}]}}