{"id":90,"date":"2026-03-05T22:28:33","date_gmt":"2026-03-05T21:28:33","guid":{"rendered":"http:\/\/localhost:8888\/proms2026\/?post_type=product&#038;p=90"},"modified":"2026-04-04T12:08:46","modified_gmt":"2026-04-04T10:08:46","slug":"sally-brudskor-fran-bianco-evento","status":"publish","type":"product","link":"https:\/\/promsandweddings.se\/da\/produkt\/sally-brudskor-fran-bianco-evento\/","title":{"rendered":"Sally brudesko fra Bianco Evento"},"content":{"rendered":"","protected":false},"excerpt":{"rendered":"<p>Satinst\u00f8vler med 6 cm h\u00f8j h\u00e6l.<\/p>","protected":false},"featured_media":224,"template":"","meta":[],"pwb-brand":[],"product_brand":[],"product_cat":[88,87],"product_tag":[64,89,76,92,69,90],"class_list":{"0":"post-90","1":"product","2":"type-product","3":"status-publish","4":"has-post-thumbnail","6":"product_cat-brudskor","7":"product_cat-skor","8":"product_tag-64","9":"product_tag-brudskor","10":"product_tag-glitter","11":"product_tag-glitterkant","12":"product_tag-satin","13":"product_tag-skor","14":"product_shipping_class-festklanningar","16":"first","17":"instock","18":"shipping-taxable","19":"purchasable","20":"product-type-variable"},"yoast_head":"<!-- This site is optimized with the Yoast SEO plugin v27.4 - https:\/\/yoast.com\/product\/yoast-seo-wordpress\/ -->\n<title>Sally brudskor fr\u00e5n Bianco Evento | Proms and Weddings<\/title>\n<meta name=\"description\" content=\"Uppt\u00e4ck Sally brudskor fr\u00e5n Bianco Evento hos Proms &amp; Weddings i Malm\u00f6. Hitta din dr\u00f6mkl\u00e4nning bland exklusiva br\u00f6llopskl\u00e4nningar fr\u00e5n v\u00e4lk\u00e4nda designers.\" \/>\n<meta name=\"robots\" content=\"index, follow, max-snippet:-1, max-image-preview:large, max-video-preview:-1\" \/>\n<link rel=\"canonical\" href=\"https:\/\/promsandweddings.se\/da\/vare\/sally-brudskor-fran-bianco-evento\/\" \/>\n<meta property=\"og:locale\" content=\"da_DK\" \/>\n<meta property=\"og:type\" content=\"article\" \/>\n<meta property=\"og:title\" content=\"Sally brudskor fr\u00e5n Bianco Evento | Proms and Weddings\" \/>\n<meta property=\"og:description\" content=\"Uppt\u00e4ck Sally brudskor fr\u00e5n Bianco Evento hos Proms &amp; Weddings i Malm\u00f6. Hitta din dr\u00f6mkl\u00e4nning bland exklusiva br\u00f6llopskl\u00e4nningar fr\u00e5n v\u00e4lk\u00e4nda designers.\" \/>\n<meta property=\"og:url\" content=\"https:\/\/promsandweddings.se\/da\/vare\/sally-brudskor-fran-bianco-evento\/\" \/>\n<meta property=\"og:site_name\" content=\"Proms and Weddings\" \/>\n<meta property=\"article:publisher\" content=\"https:\/\/www.facebook.com\/promsandweddings\" \/>\n<meta property=\"article:modified_time\" content=\"2026-04-04T10:08:46+00:00\" \/>\n<meta property=\"og:image\" content=\"https:\/\/promsandweddings.se\/wp-content\/uploads\/2026\/03\/sally-avalia-bridal-shoes-3-scaled-1.jpg\" \/>\n\t<meta property=\"og:image:width\" content=\"1920\" \/>\n\t<meta property=\"og:image:height\" content=\"2560\" \/>\n\t<meta property=\"og:image:type\" content=\"image\/jpeg\" \/>\n<meta name=\"twitter:card\" content=\"summary_large_image\" \/>\n<meta name=\"twitter:site\" content=\"@PromsWeddings\" \/>\n<script type=\"application\/ld+json\" class=\"yoast-schema-graph\">{\"@context\":\"https:\\\/\\\/schema.org\",\"@graph\":[{\"@type\":\"WebPage\",\"@id\":\"https:\\\/\\\/promsandweddings.se\\\/produkt\\\/sally-brudskor-fran-bianco-evento\\\/\",\"url\":\"https:\\\/\\\/promsandweddings.se\\\/produkt\\\/sally-brudskor-fran-bianco-evento\\\/\",\"name\":\"Sally brudskor fr\u00e5n Bianco Evento | Proms and Weddings\",\"isPartOf\":{\"@id\":\"https:\\\/\\\/promsandweddings.se\\\/#website\"},\"primaryImageOfPage\":{\"@id\":\"https:\\\/\\\/promsandweddings.se\\\/produkt\\\/sally-brudskor-fran-bianco-evento\\\/#primaryimage\"},\"image\":{\"@id\":\"https:\\\/\\\/promsandweddings.se\\\/produkt\\\/sally-brudskor-fran-bianco-evento\\\/#primaryimage\"},\"thumbnailUrl\":\"https:\\\/\\\/promsandweddings.se\\\/wp-content\\\/uploads\\\/2026\\\/03\\\/sally-avalia-bridal-shoes-3-scaled-1.jpg\",\"datePublished\":\"2026-03-05T21:28:33+00:00\",\"dateModified\":\"2026-04-04T10:08:46+00:00\",\"description\":\"Uppt\u00e4ck Sally brudskor fr\u00e5n Bianco Evento hos Proms & Weddings i Malm\u00f6. Hitta din dr\u00f6mkl\u00e4nning bland exklusiva br\u00f6llopskl\u00e4nningar fr\u00e5n v\u00e4lk\u00e4nda designers.\",\"breadcrumb\":{\"@id\":\"https:\\\/\\\/promsandweddings.se\\\/produkt\\\/sally-brudskor-fran-bianco-evento\\\/#breadcrumb\"},\"inLanguage\":\"da-DK\",\"potentialAction\":[{\"@type\":\"ReadAction\",\"target\":[\"https:\\\/\\\/promsandweddings.se\\\/produkt\\\/sally-brudskor-fran-bianco-evento\\\/\"]}]},{\"@type\":\"ImageObject\",\"inLanguage\":\"da-DK\",\"@id\":\"https:\\\/\\\/promsandweddings.se\\\/produkt\\\/sally-brudskor-fran-bianco-evento\\\/#primaryimage\",\"url\":\"https:\\\/\\\/promsandweddings.se\\\/wp-content\\\/uploads\\\/2026\\\/03\\\/sally-avalia-bridal-shoes-3-scaled-1.jpg\",\"contentUrl\":\"https:\\\/\\\/promsandweddings.se\\\/wp-content\\\/uploads\\\/2026\\\/03\\\/sally-avalia-bridal-shoes-3-scaled-1.jpg\",\"width\":1920,\"height\":2560},{\"@type\":\"BreadcrumbList\",\"@id\":\"https:\\\/\\\/promsandweddings.se\\\/produkt\\\/sally-brudskor-fran-bianco-evento\\\/#breadcrumb\",\"itemListElement\":[{\"@type\":\"ListItem\",\"position\":1,\"name\":\"Home\",\"item\":\"https:\\\/\\\/promsandweddings.se\\\/\"},{\"@type\":\"ListItem\",\"position\":2,\"name\":\"Webshop\",\"item\":\"https:\\\/\\\/promsandweddings.se\\\/webshop\\\/\"},{\"@type\":\"ListItem\",\"position\":3,\"name\":\"Sally brudskor fr\u00e5n Bianco Evento\"}]},{\"@type\":\"WebSite\",\"@id\":\"https:\\\/\\\/promsandweddings.se\\\/#website\",\"url\":\"https:\\\/\\\/promsandweddings.se\\\/\",\"name\":\"Proms and Weddings\",\"description\":\"Hitta din dr\u00f6mkl\u00e4nning\",\"publisher\":{\"@id\":\"https:\\\/\\\/promsandweddings.se\\\/#organization\"},\"alternateName\":\"Proms & Weddings\",\"potentialAction\":[{\"@type\":\"SearchAction\",\"target\":{\"@type\":\"EntryPoint\",\"urlTemplate\":\"https:\\\/\\\/promsandweddings.se\\\/?s={search_term_string}\"},\"query-input\":{\"@type\":\"PropertyValueSpecification\",\"valueRequired\":true,\"valueName\":\"search_term_string\"}}],\"inLanguage\":\"da-DK\"},{\"@type\":\"Organization\",\"@id\":\"https:\\\/\\\/promsandweddings.se\\\/#organization\",\"name\":\"Proms & Weddings\",\"url\":\"https:\\\/\\\/promsandweddings.se\\\/\",\"logo\":{\"@type\":\"ImageObject\",\"inLanguage\":\"da-DK\",\"@id\":\"https:\\\/\\\/promsandweddings.se\\\/#\\\/schema\\\/logo\\\/image\\\/\",\"url\":\"https:\\\/\\\/promsandweddings.se\\\/wp-content\\\/uploads\\\/2026\\\/03\\\/pwlogosv-2-2.webp\",\"contentUrl\":\"https:\\\/\\\/promsandweddings.se\\\/wp-content\\\/uploads\\\/2026\\\/03\\\/pwlogosv-2-2.webp\",\"width\":556,\"height\":152,\"caption\":\"Proms & Weddings\"},\"image\":{\"@id\":\"https:\\\/\\\/promsandweddings.se\\\/#\\\/schema\\\/logo\\\/image\\\/\"},\"sameAs\":[\"https:\\\/\\\/www.facebook.com\\\/promsandweddings\",\"https:\\\/\\\/x.com\\\/PromsWeddings\",\"https:\\\/\\\/www.instagram.com\\\/promsandweddings\\\/\",\"https:\\\/\\\/www.youtube.com\\\/@promsandweddings\\\/shorts\",\"https:\\\/\\\/www.tiktok.com\\\/@promsandweddings\",\"https:\\\/\\\/se.pinterest.com\\\/promsandwedding\"]}]}<\/script>\n<!-- \/ Yoast SEO plugin. -->","yoast_head_json":{"title":"Sally brudeskor fra Bianco Evento | Proms and Weddings","description":"Opdag Sally brudeskor fra Bianco Evento hos Proms &amp; Weddings i Malm\u00f8. Find din dr\u00f8mmekjole blandt eksklusive bryllupskjoler fra kendte designere.","robots":{"index":"index","follow":"follow","max-snippet":"max-snippet:-1","max-image-preview":"max-image-preview:large","max-video-preview":"max-video-preview:-1"},"canonical":"https:\/\/promsandweddings.se\/da\/vare\/sally-brudskor-fran-bianco-evento\/","og_locale":"da_DK","og_type":"article","og_title":"Sally brudskor fr\u00e5n Bianco Evento | Proms and Weddings","og_description":"Uppt\u00e4ck Sally brudskor fr\u00e5n Bianco Evento hos Proms & Weddings i Malm\u00f6. Hitta din dr\u00f6mkl\u00e4nning bland exklusiva br\u00f6llopskl\u00e4nningar fr\u00e5n v\u00e4lk\u00e4nda designers.","og_url":"https:\/\/promsandweddings.se\/da\/vare\/sally-brudskor-fran-bianco-evento\/","og_site_name":"Proms and Weddings","article_publisher":"https:\/\/www.facebook.com\/promsandweddings","article_modified_time":"2026-04-04T10:08:46+00:00","og_image":[{"width":1920,"height":2560,"url":"https:\/\/promsandweddings.se\/wp-content\/uploads\/2026\/03\/sally-avalia-bridal-shoes-3-scaled-1.jpg","type":"image\/jpeg"}],"twitter_card":"summary_large_image","twitter_site":"@PromsWeddings","schema":{"@context":"https:\/\/schema.org","@graph":[{"@type":"WebPage","@id":"https:\/\/promsandweddings.se\/produkt\/sally-brudskor-fran-bianco-evento\/","url":"https:\/\/promsandweddings.se\/produkt\/sally-brudskor-fran-bianco-evento\/","name":"Sally brudeskor fra Bianco Evento | Proms and Weddings","isPartOf":{"@id":"https:\/\/promsandweddings.se\/#website"},"primaryImageOfPage":{"@id":"https:\/\/promsandweddings.se\/produkt\/sally-brudskor-fran-bianco-evento\/#primaryimage"},"image":{"@id":"https:\/\/promsandweddings.se\/produkt\/sally-brudskor-fran-bianco-evento\/#primaryimage"},"thumbnailUrl":"https:\/\/promsandweddings.se\/wp-content\/uploads\/2026\/03\/sally-avalia-bridal-shoes-3-scaled-1.jpg","datePublished":"2026-03-05T21:28:33+00:00","dateModified":"2026-04-04T10:08:46+00:00","description":"Opdag Sally brudeskor fra Bianco Evento hos Proms &amp; Weddings i Malm\u00f8. Find din dr\u00f8mmekjole blandt eksklusive bryllupskjoler fra kendte designere.","breadcrumb":{"@id":"https:\/\/promsandweddings.se\/produkt\/sally-brudskor-fran-bianco-evento\/#breadcrumb"},"inLanguage":"da-DK","potentialAction":[{"@type":"ReadAction","target":["https:\/\/promsandweddings.se\/produkt\/sally-brudskor-fran-bianco-evento\/"]}]},{"@type":"ImageObject","inLanguage":"da-DK","@id":"https:\/\/promsandweddings.se\/produkt\/sally-brudskor-fran-bianco-evento\/#primaryimage","url":"https:\/\/promsandweddings.se\/wp-content\/uploads\/2026\/03\/sally-avalia-bridal-shoes-3-scaled-1.jpg","contentUrl":"https:\/\/promsandweddings.se\/wp-content\/uploads\/2026\/03\/sally-avalia-bridal-shoes-3-scaled-1.jpg","width":1920,"height":2560},{"@type":"BreadcrumbList","@id":"https:\/\/promsandweddings.se\/produkt\/sally-brudskor-fran-bianco-evento\/#breadcrumb","itemListElement":[{"@type":"ListItem","position":1,"name":"Home","item":"https:\/\/promsandweddings.se\/"},{"@type":"ListItem","position":2,"name":"Webshop","item":"https:\/\/promsandweddings.se\/webshop\/"},{"@type":"ListItem","position":3,"name":"Sally brudskor fr\u00e5n Bianco Evento"}]},{"@type":"WebSite","@id":"https:\/\/promsandweddings.se\/#website","url":"https:\/\/promsandweddings.se\/","name":"Proms and Weddings","description":"Find din dr\u00f8mmekjole","publisher":{"@id":"https:\/\/promsandweddings.se\/#organization"},"alternateName":"Proms & Weddings","potentialAction":[{"@type":"SearchAction","target":{"@type":"EntryPoint","urlTemplate":"https:\/\/promsandweddings.se\/?s={search_term_string}"},"query-input":{"@type":"PropertyValueSpecification","valueRequired":true,"valueName":"search_term_string"}}],"inLanguage":"da-DK"},{"@type":"Organization","@id":"https:\/\/promsandweddings.se\/#organization","name":"Proms &amp; Weddings","url":"https:\/\/promsandweddings.se\/","logo":{"@type":"ImageObject","inLanguage":"da-DK","@id":"https:\/\/promsandweddings.se\/#\/schema\/logo\/image\/","url":"https:\/\/promsandweddings.se\/wp-content\/uploads\/2026\/03\/pwlogosv-2-2.webp","contentUrl":"https:\/\/promsandweddings.se\/wp-content\/uploads\/2026\/03\/pwlogosv-2-2.webp","width":556,"height":152,"caption":"Proms & Weddings"},"image":{"@id":"https:\/\/promsandweddings.se\/#\/schema\/logo\/image\/"},"sameAs":["https:\/\/www.facebook.com\/promsandweddings","https:\/\/x.com\/PromsWeddings","https:\/\/www.instagram.com\/promsandweddings\/","https:\/\/www.youtube.com\/@promsandweddings\/shorts","https:\/\/www.tiktok.com\/@promsandweddings","https:\/\/se.pinterest.com\/promsandwedding"]}]}},"jetpack_sharing_enabled":true,"brands":[],"_links":{"self":[{"href":"https:\/\/promsandweddings.se\/da\/wp-json\/wp\/v2\/product\/90","targetHints":{"allow":["GET"]}}],"collection":[{"href":"https:\/\/promsandweddings.se\/da\/wp-json\/wp\/v2\/product"}],"about":[{"href":"https:\/\/promsandweddings.se\/da\/wp-json\/wp\/v2\/types\/product"}],"wp:featuredmedia":[{"embeddable":true,"href":"https:\/\/promsandweddings.se\/da\/wp-json\/wp\/v2\/media\/224"}],"wp:attachment":[{"href":"https:\/\/promsandweddings.se\/da\/wp-json\/wp\/v2\/media?parent=90"}],"wp:term":[{"taxonomy":"pwb-brand","embeddable":true,"href":"https:\/\/promsandweddings.se\/da\/wp-json\/wp\/v2\/pwb-brand?post=90"},{"taxonomy":"product_brand","embeddable":true,"href":"https:\/\/promsandweddings.se\/da\/wp-json\/wp\/v2\/product_brand?post=90"},{"taxonomy":"product_cat","embeddable":true,"href":"https:\/\/promsandweddings.se\/da\/wp-json\/wp\/v2\/product_cat?post=90"},{"taxonomy":"product_tag","embeddable":true,"href":"https:\/\/promsandweddings.se\/da\/wp-json\/wp\/v2\/product_tag?post=90"}],"curies":[{"name":"wp","href":"https:\/\/api.w.org\/{rel}","templated":true}]}}