{"id":10,"date":"2024-11-26T23:51:10","date_gmt":"2024-11-26T22:51:10","guid":{"rendered":"http:\/\/sw-themes.com\/porto_dummy\/?page_id=10"},"modified":"2026-04-24T10:30:20","modified_gmt":"2026-04-24T08:30:20","slug":"kopvillkor","status":"publish","type":"page","link":"https:\/\/promsandweddings.se\/dk\/kopvillkor\/","title":{"rendered":"Handelsbetingelser"},"content":{"rendered":"<div data-elementor-type=\"wp-page\" data-elementor-id=\"10\" class=\"elementor elementor-10\">\n\t\t\t\t<div class=\"porto_stretch_css stretch_row_content_css elementor-element elementor-element-3a23ec66 e-con-full e-flex e-con e-parent\" data-id=\"3a23ec66\" data-element_type=\"container\" data-e-type=\"container\">\r\n\t\t<div class=\"elementor-element elementor-element-b05fc57 e-con-full e-flex e-con e-child\" data-id=\"b05fc57\" data-element_type=\"container\" data-e-type=\"container\" data-settings=\"{&quot;background_background&quot;:&quot;classic&quot;}\">\r\n\t\t\t\t<\/div>\n\t\t<div class=\"elementor-element elementor-element-76d4fbf e-flex e-con-boxed e-con e-child\" data-id=\"76d4fbf\" data-element_type=\"container\" data-e-type=\"container\">\r\n\t\t\t\t\t<div class=\"e-con-inner\">\r\n\t\t\t\t<div class=\"elementor-element elementor-element-7a03dee6 elementor-widget elementor-widget-text-editor\" data-id=\"7a03dee6\" data-element_type=\"widget\" data-e-type=\"widget\" data-widget_type=\"text-editor.default\">\n\t\t\t\t\t\t\t\t\t<h2 data-path-to-node=\"3\">Almindelige Vilk\u00e5r \u2013 Proms &amp; Weddings<\/h2>\n<p data-path-to-node=\"4\">Ved at gennemf\u00f8re en bestilling eller booking p\u00e5 <code data-path-to-node=\"4\" data-index-in-node=\"51\">promsandweddings.se<\/code> accepterer du nedenst\u00e5ende vilk\u00e5r. Vi anbefaler, at du l\u00e6ser disse omhyggeligt igennem f\u00f8r dit k\u00f8b.<\/p>\n<h3 data-path-to-node=\"5\">1. Priser og Betaling<\/h3>\n<p data-path-to-node=\"6\">Alle priser er angivet i SEK inkl. moms. Vi bruger <b data-path-to-node=\"6\" data-index-in-node=\"52\">Worldline<\/b> til sikre betalinger. Ved tidsbookinger, der koster 0 kr (Standardpr\u00f8vning), foretages ingen debitering, men bookingen er stadig bindende i henhold til vores aflysningsregler.<\/p>\n<h3 data-path-to-node=\"7\">2. Fortrydelsesret (G\u00e6lder kun onlinek\u00f8b)<\/h3>\n<p data-path-to-node=\"8\">Vi f\u00f8lger distancekontrakt-loven, hvilket betyder, at du som handler i vores webshop har <b data-path-to-node=\"8\" data-index-in-node=\"83\">14 dages fortrydelsesret<\/b>.<\/p>\n<ul data-path-to-node=\"9\">\n<li>\n<p data-path-to-node=\"9,0,0\"><b data-path-to-node=\"9,0,0\" data-index-in-node=\"0\">Fortrydelsesfristen:<\/b> Begynder at l\u00f8be dagen efter, at du har modtaget din vare.<\/p>\n<\/li>\n<li>\n<p data-path-to-node=\"9,1,0\"><b data-path-to-node=\"9,1,0\" data-index-in-node=\"0\">Krav:<\/b> For at fortrydelsesretten g\u00e6lder, skal varen returneres i original stand, v\u00e6re ubrugt og have alle originale etiketter samt forseglingen intakt.<\/p>\n<\/li>\n<li>\n<p data-path-to-node=\"9,2,0\"><b data-path-to-node=\"9,2,0\" data-index-in-node=\"0\">Returfragt:<\/b> Kunden betaler returfragt ved brug af fortrydelsesretten.<\/p>\n<\/li>\n<\/ul>\n<h3 data-path-to-node=\"10\">3. \u00c5bent k\u00f8b og Ombytningsret<\/h3>\n<p data-path-to-node=\"11\">Vi \u00f8nsker at v\u00e6re klare om, at vi <b data-path-to-node=\"11\" data-index-in-node=\"32\">ikke anvender \u00e5bent k\u00f8b<\/b>.<\/p>\n<ul data-path-to-node=\"12\">\n<li>\n<p data-path-to-node=\"12,0,0\"><b data-path-to-node=\"12,0,0\" data-index-in-node=\"0\">Intet \u00e5bent k\u00f8b:<\/b> Vi tilbyder ikke muligheden for at returnere en vare mod pengene tilbage udover den lovbestemte fortrydelsesret ved onlinek\u00f8b.<\/p>\n<\/li>\n<li>\n<p data-path-to-node=\"12,1,0\"><b data-path-to-node=\"12,1,0\" data-index-in-node=\"0\">Ombytningsret:<\/b> Ombytning af vare er kun mulig, hvis en s\u00e6rlig aftale (\u00f8.k.) er indg\u00e5et direkte i forbindelse med k\u00f8bet. Denne aftale skal v\u00e6re dokumenteret p\u00e5 dit kvitteringer eller din ordrebekr\u00e6ftelse.<\/p>\n<\/li>\n<\/ul>\n<h3 data-path-to-node=\"13\">4. Undtagelser fra fortrydelsesretten<\/h3>\n<p data-path-to-node=\"14\">Fortrydelsesretten g\u00e6lder <b data-path-to-node=\"14\" data-index-in-node=\"19\">ikke<\/b> for:<\/p>\n<ul data-path-to-node=\"15\">\n<li>\n<p data-path-to-node=\"15,0,0\">Varer, der er tilpasset efter kundens \u00f8nsker (f.eks. skreddersyede kjoler eller udf\u00f8rt \u00e6ndringssyning).<\/p>\n<\/li>\n<li>\n<p data-path-to-node=\"15,1,0\">Brudt forseglingung p\u00e5 undert\u00f8j eller andre hygieneartikler.<\/p>\n<\/li>\n<\/ul>\n<h3 data-path-to-node=\"16\">5. Bookingvilk\u00e5r for Pr\u00f8vning (VIP)<\/h3>\n<p data-path-to-node=\"17\">Ved at booke et tidsrum hos os accepterer du f\u00f8lgende:<\/p>\n<ul data-path-to-node=\"18\">\n<li>\n<p data-path-to-node=\"18,0,0\"><b data-path-to-node=\"18,0,0\" data-index-in-node=\"0\">Aflysning:<\/b> Skal ske senest 24 timer f\u00f8r det bookede tidspunkt.<\/p>\n<\/li>\n<li>\n<p data-path-to-node=\"18,1,0\"><b data-path-to-node=\"18,1,0\" data-index-in-node=\"0\">Manglende fremm\u00f8de: <\/b>Ved udebleven fremm\u00f8de uden aflysning forbeholder vi os ret til at debitere et administrativt gebyr eller n\u00e6gte fremtidige bookinger.<\/p>\n<\/li>\n<\/ul>\n<h3 data-path-to-node=\"19\">6. Reklamation<\/h3>\n<p data-path-to-node=\"20\">Hvis en vare er defekt eller beskadiget ved levering, skal du kontakte os straks p\u00e5 info@promsandweddings.se for yderligere instruktioner. Vi f\u00f8lger Algemeine Reklamationsn\u00e6vnets (ARN) anbefalinger.<\/p>\n<h3 data-path-to-node=\"21\">7. H\u00e5ndtering af personlige data (GDPR)<\/h3>\n<p data-path-to-node=\"22\">Dine oplysninger gemmes kun for at kunne administrere din bestilling\/booking og deles aldrig med tredjeparter til markedsf\u00f8ringsform\u00e5l.<\/p>\n<p><!-- \/wp:paragraph --><\/p>\t\t\t\t\t\t\t\t<\/div>\n\t\t\t\t\t<\/div>\n\t\t\t\t<\/div>\n\t\t\t\t<\/div>\n\t\t\t\t<\/div>","protected":false},"excerpt":{"rendered":"<p>Allm\u00e4nna Villkor \u2013 Proms &amp; Weddings Genom att slutf\u00f6ra en best\u00e4llning eller bokning p\u00e5 promsandweddings.se accepterar du nedanst\u00e5ende villkor. Vi rekommenderar att du l\u00e4ser igenom dessa noggrant innan ditt k\u00f6p. 1. Priser och Betalning Alla priser anges i SEK inklusive moms. Vi anv\u00e4nder Worldline f\u00f6r s\u00e4kra betalningar. Vid tidsbokningar som kostar 0 kr (Standardprovning) sker [&hellip;]<\/p>\n","protected":false},"author":1,"featured_media":0,"parent":0,"menu_order":0,"comment_status":"closed","ping_status":"closed","template":"","meta":{"footnotes":""},"class_list":["post-10","page","type-page","status-publish","hentry"],"yoast_head":"<!-- This site is optimized with the Yoast SEO plugin v27.4 - https:\/\/yoast.com\/product\/yoast-seo-wordpress\/ -->\n<title>K\u00f6pvillkor | Proms and Weddings<\/title>\n<meta name=\"description\" content=\"H\u00e4r hittar du v\u00e5ra k\u00f6pvillkor med information om best\u00e4llning, betalning, leverans, reklamation och retur hos Proms and Weddings.\" \/>\n<meta name=\"robots\" content=\"index, follow, max-snippet:-1, max-image-preview:large, max-video-preview:-1\" \/>\n<link rel=\"canonical\" href=\"https:\/\/promsandweddings.se\/dk\/kopvillkor\/\" \/>\n<meta property=\"og:locale\" content=\"da_DK\" \/>\n<meta property=\"og:type\" content=\"article\" \/>\n<meta property=\"og:title\" content=\"K\u00f6pvillkor | Proms and Weddings\" \/>\n<meta property=\"og:description\" content=\"H\u00e4r hittar du v\u00e5ra k\u00f6pvillkor med information om best\u00e4llning, betalning, leverans, reklamation och retur hos Proms and Weddings.\" \/>\n<meta property=\"og:url\" content=\"https:\/\/promsandweddings.se\/dk\/kopvillkor\/\" \/>\n<meta property=\"og:site_name\" content=\"Proms and Weddings\" \/>\n<meta property=\"article:publisher\" content=\"https:\/\/www.facebook.com\/promsandweddings\" \/>\n<meta property=\"article:modified_time\" content=\"2026-04-24T08:30:20+00:00\" \/>\n<meta property=\"og:image\" content=\"https:\/\/promsandweddings.se\/wp-content\/uploads\/2026\/03\/cropped-logo-Black-512_Favicon.png\" \/>\n\t<meta property=\"og:image:width\" content=\"512\" \/>\n\t<meta property=\"og:image:height\" content=\"512\" \/>\n\t<meta property=\"og:image:type\" content=\"image\/png\" \/>\n<meta name=\"twitter:card\" content=\"summary_large_image\" \/>\n<meta name=\"twitter:site\" content=\"@PromsWeddings\" \/>\n<meta name=\"twitter:label1\" content=\"Estimeret l\u00e6setid\" \/>\n\t<meta name=\"twitter:data1\" content=\"2 minutter\" \/>\n<script type=\"application\/ld+json\" class=\"yoast-schema-graph\">{\"@context\":\"https:\\\/\\\/schema.org\",\"@graph\":[{\"@type\":\"WebPage\",\"@id\":\"https:\\\/\\\/promsandweddings.se\\\/kopvillkor\\\/\",\"url\":\"https:\\\/\\\/promsandweddings.se\\\/kopvillkor\\\/\",\"name\":\"K\u00f6pvillkor | Proms and Weddings\",\"isPartOf\":{\"@id\":\"https:\\\/\\\/promsandweddings.se\\\/#website\"},\"datePublished\":\"2024-11-26T22:51:10+00:00\",\"dateModified\":\"2026-04-24T08:30:20+00:00\",\"description\":\"H\u00e4r hittar du v\u00e5ra k\u00f6pvillkor med information om best\u00e4llning, betalning, leverans, reklamation och retur hos Proms and Weddings.\",\"breadcrumb\":{\"@id\":\"https:\\\/\\\/promsandweddings.se\\\/kopvillkor\\\/#breadcrumb\"},\"inLanguage\":\"da-DK\",\"potentialAction\":[{\"@type\":\"ReadAction\",\"target\":[\"https:\\\/\\\/promsandweddings.se\\\/kopvillkor\\\/\"]}]},{\"@type\":\"BreadcrumbList\",\"@id\":\"https:\\\/\\\/promsandweddings.se\\\/kopvillkor\\\/#breadcrumb\",\"itemListElement\":[{\"@type\":\"ListItem\",\"position\":1,\"name\":\"Home\",\"item\":\"https:\\\/\\\/promsandweddings.se\\\/\"},{\"@type\":\"ListItem\",\"position\":2,\"name\":\"K\u00f6pvillkor\"}]},{\"@type\":\"WebSite\",\"@id\":\"https:\\\/\\\/promsandweddings.se\\\/#website\",\"url\":\"https:\\\/\\\/promsandweddings.se\\\/\",\"name\":\"Proms and Weddings\",\"description\":\"Hitta din dr\u00f6mkl\u00e4nning\",\"publisher\":{\"@id\":\"https:\\\/\\\/promsandweddings.se\\\/#organization\"},\"alternateName\":\"Proms & Weddings\",\"potentialAction\":[{\"@type\":\"SearchAction\",\"target\":{\"@type\":\"EntryPoint\",\"urlTemplate\":\"https:\\\/\\\/promsandweddings.se\\\/?s={search_term_string}\"},\"query-input\":{\"@type\":\"PropertyValueSpecification\",\"valueRequired\":true,\"valueName\":\"search_term_string\"}}],\"inLanguage\":\"da-DK\"},{\"@type\":\"Organization\",\"@id\":\"https:\\\/\\\/promsandweddings.se\\\/#organization\",\"name\":\"Proms & Weddings\",\"url\":\"https:\\\/\\\/promsandweddings.se\\\/\",\"logo\":{\"@type\":\"ImageObject\",\"inLanguage\":\"da-DK\",\"@id\":\"https:\\\/\\\/promsandweddings.se\\\/#\\\/schema\\\/logo\\\/image\\\/\",\"url\":\"https:\\\/\\\/promsandweddings.se\\\/wp-content\\\/uploads\\\/2026\\\/03\\\/pwlogosv-2-2.webp\",\"contentUrl\":\"https:\\\/\\\/promsandweddings.se\\\/wp-content\\\/uploads\\\/2026\\\/03\\\/pwlogosv-2-2.webp\",\"width\":556,\"height\":152,\"caption\":\"Proms & Weddings\"},\"image\":{\"@id\":\"https:\\\/\\\/promsandweddings.se\\\/#\\\/schema\\\/logo\\\/image\\\/\"},\"sameAs\":[\"https:\\\/\\\/www.facebook.com\\\/promsandweddings\",\"https:\\\/\\\/x.com\\\/PromsWeddings\",\"https:\\\/\\\/www.instagram.com\\\/promsandweddings\\\/\",\"https:\\\/\\\/www.youtube.com\\\/@promsandweddings\\\/shorts\",\"https:\\\/\\\/www.tiktok.com\\\/@promsandweddings\",\"https:\\\/\\\/se.pinterest.com\\\/promsandwedding\"]}]}<\/script>\n<!-- \/ Yoast SEO plugin. -->","yoast_head_json":{"title":"K\u00f8bevilk\u00e5r | Proms and Weddings","description":"Her finder du vores k\u00f8bevilk\u00e5r med oplysninger om bestilling, betaling, levering, reklamation og returnering hos Proms and Weddings.","robots":{"index":"index","follow":"follow","max-snippet":"max-snippet:-1","max-image-preview":"max-image-preview:large","max-video-preview":"max-video-preview:-1"},"canonical":"https:\/\/promsandweddings.se\/dk\/kopvillkor\/","og_locale":"da_DK","og_type":"article","og_title":"K\u00f6pvillkor | Proms and Weddings","og_description":"H\u00e4r hittar du v\u00e5ra k\u00f6pvillkor med information om best\u00e4llning, betalning, leverans, reklamation och retur hos Proms and Weddings.","og_url":"https:\/\/promsandweddings.se\/dk\/kopvillkor\/","og_site_name":"Proms and Weddings","article_publisher":"https:\/\/www.facebook.com\/promsandweddings","article_modified_time":"2026-04-24T08:30:20+00:00","og_image":[{"width":512,"height":512,"url":"https:\/\/promsandweddings.se\/wp-content\/uploads\/2026\/03\/cropped-logo-Black-512_Favicon.png","type":"image\/png"}],"twitter_card":"summary_large_image","twitter_site":"@PromsWeddings","twitter_misc":{"Estimeret l\u00e6setid":"2 minutter"},"schema":{"@context":"https:\/\/schema.org","@graph":[{"@type":"WebPage","@id":"https:\/\/promsandweddings.se\/kopvillkor\/","url":"https:\/\/promsandweddings.se\/kopvillkor\/","name":"K\u00f8bevilk\u00e5r | Proms and Weddings","isPartOf":{"@id":"https:\/\/promsandweddings.se\/#website"},"datePublished":"2024-11-26T22:51:10+00:00","dateModified":"2026-04-24T08:30:20+00:00","description":"Her finder du vores k\u00f8bevilk\u00e5r med oplysninger om bestilling, betaling, levering, reklamation og returnering hos Proms and Weddings.","breadcrumb":{"@id":"https:\/\/promsandweddings.se\/kopvillkor\/#breadcrumb"},"inLanguage":"da-DK","potentialAction":[{"@type":"ReadAction","target":["https:\/\/promsandweddings.se\/kopvillkor\/"]}]},{"@type":"BreadcrumbList","@id":"https:\/\/promsandweddings.se\/kopvillkor\/#breadcrumb","itemListElement":[{"@type":"ListItem","position":1,"name":"Home","item":"https:\/\/promsandweddings.se\/"},{"@type":"ListItem","position":2,"name":"K\u00f6pvillkor"}]},{"@type":"WebSite","@id":"https:\/\/promsandweddings.se\/#website","url":"https:\/\/promsandweddings.se\/","name":"Proms and Weddings","description":"Find din dr\u00f8mmekjole","publisher":{"@id":"https:\/\/promsandweddings.se\/#organization"},"alternateName":"Proms & Weddings","potentialAction":[{"@type":"SearchAction","target":{"@type":"EntryPoint","urlTemplate":"https:\/\/promsandweddings.se\/?s={search_term_string}"},"query-input":{"@type":"PropertyValueSpecification","valueRequired":true,"valueName":"search_term_string"}}],"inLanguage":"da-DK"},{"@type":"Organization","@id":"https:\/\/promsandweddings.se\/#organization","name":"Proms &amp; Weddings","url":"https:\/\/promsandweddings.se\/","logo":{"@type":"ImageObject","inLanguage":"da-DK","@id":"https:\/\/promsandweddings.se\/#\/schema\/logo\/image\/","url":"https:\/\/promsandweddings.se\/wp-content\/uploads\/2026\/03\/pwlogosv-2-2.webp","contentUrl":"https:\/\/promsandweddings.se\/wp-content\/uploads\/2026\/03\/pwlogosv-2-2.webp","width":556,"height":152,"caption":"Proms & Weddings"},"image":{"@id":"https:\/\/promsandweddings.se\/#\/schema\/logo\/image\/"},"sameAs":["https:\/\/www.facebook.com\/promsandweddings","https:\/\/x.com\/PromsWeddings","https:\/\/www.instagram.com\/promsandweddings\/","https:\/\/www.youtube.com\/@promsandweddings\/shorts","https:\/\/www.tiktok.com\/@promsandweddings","https:\/\/se.pinterest.com\/promsandwedding"]}]}},"jetpack_sharing_enabled":true,"_links":{"self":[{"href":"https:\/\/promsandweddings.se\/dk\/wp-json\/wp\/v2\/pages\/10","targetHints":{"allow":["GET"]}}],"collection":[{"href":"https:\/\/promsandweddings.se\/dk\/wp-json\/wp\/v2\/pages"}],"about":[{"href":"https:\/\/promsandweddings.se\/dk\/wp-json\/wp\/v2\/types\/page"}],"author":[{"embeddable":true,"href":"https:\/\/promsandweddings.se\/dk\/wp-json\/wp\/v2\/users\/1"}],"replies":[{"embeddable":true,"href":"https:\/\/promsandweddings.se\/dk\/wp-json\/wp\/v2\/comments?post=10"}],"version-history":[{"count":32,"href":"https:\/\/promsandweddings.se\/dk\/wp-json\/wp\/v2\/pages\/10\/revisions"}],"predecessor-version":[{"id":29921,"href":"https:\/\/promsandweddings.se\/dk\/wp-json\/wp\/v2\/pages\/10\/revisions\/29921"}],"wp:attachment":[{"href":"https:\/\/promsandweddings.se\/dk\/wp-json\/wp\/v2\/media?parent=10"}],"curies":[{"name":"wp","href":"https:\/\/api.w.org\/{rel}","templated":true}]}}