{"id":26266,"date":"2026-03-15T22:44:56","date_gmt":"2026-03-15T21:44:56","guid":{"rendered":"https:\/\/promsandweddings.se\/?post_type=product&#038;p=26266"},"modified":"2026-04-08T14:02:23","modified_gmt":"2026-04-08T12:02:23","slug":"pronovias-nalon-brudklanning-2","status":"publish","type":"product","link":"https:\/\/promsandweddings.se\/dk\/produkt\/pronovias-nalon-brudklanning-2\/","title":{"rendered":"Pronovias Nalon brudekjole"},"content":{"rendered":"<h2><\/h2>\n<p>&nbsp;<\/p>\n<p>&nbsp;<\/p>","protected":false},"excerpt":{"rendered":"<p>&nbsp;<\/p>\n<div class=\"product attribute overview\">\n<p class=\"value\">\n<\/div>\n<div class=\"product attribute overview\">\n<h2 class=\"value\"><b style=\"font-size: 16px; font-style: italic;\">(K<\/b><i style=\"font-size: 16px;\"><b>ontakt os for sp\u00f8rgsm\u00e5l vedr\u00f8rende priser, booking osv.)<\/b><\/i><\/h2>\n<\/div>\n<p>&nbsp;<\/p>","protected":false},"featured_media":1922,"template":"","meta":[],"pwb-brand":[],"product_brand":[],"product_cat":[16,43,23,17],"product_tag":[20,167,25,22],"class_list":{"0":"post-26266","1":"product","2":"type-product","3":"status-publish","4":"has-post-thumbnail","6":"product_cat-klanningar","7":"product_cat-plus-size-klanning","8":"product_cat-pronovias","9":"product_cat-brudklanningar","10":"product_tag-20","11":"product_tag-brollop","12":"product_tag-brollopsklanning","13":"product_tag-brudklanning","15":"first","16":"instock","17":"shipping-taxable","18":"product-type-simple"},"yoast_head":"<!-- This site is optimized with the Yoast SEO plugin v27.4 - https:\/\/yoast.com\/product\/yoast-seo-wordpress\/ -->\n<title>Pronovias Nalon brudkl\u00e4nning | Proms and Weddings<\/title>\n<meta name=\"description\" content=\"Pronovias Nalon brudkl\u00e4nning br\u00f6llopskl\u00e4nning. K\u00f6p vackra fest- och br\u00f6llopskl\u00e4der online hos Proms and Weddings. \u2713 Stort sortiment. \u2713 K\u00e4nda varum\u00e4rken. V\u00e4lkommen\" \/>\n<meta name=\"robots\" content=\"index, follow, max-snippet:-1, max-image-preview:large, max-video-preview:-1\" \/>\n<link rel=\"canonical\" href=\"https:\/\/promsandweddings.se\/dk\/vare\/pronovias-nalon-brudklanning-2\/\" \/>\n<meta property=\"og:locale\" content=\"da_DK\" \/>\n<meta property=\"og:type\" content=\"article\" \/>\n<meta property=\"og:title\" content=\"Pronovias Nalon brudkl\u00e4nning | Proms and Weddings\" \/>\n<meta property=\"og:description\" content=\"Pronovias Nalon brudkl\u00e4nning br\u00f6llopskl\u00e4nning. K\u00f6p vackra fest- och br\u00f6llopskl\u00e4der online hos Proms and Weddings. \u2713 Stort sortiment. \u2713 K\u00e4nda varum\u00e4rken. V\u00e4lkommen\" \/>\n<meta property=\"og:url\" content=\"https:\/\/promsandweddings.se\/dk\/vare\/pronovias-nalon-brudklanning-2\/\" \/>\n<meta property=\"og:site_name\" content=\"Proms and Weddings\" \/>\n<meta property=\"article:publisher\" content=\"https:\/\/www.facebook.com\/promsandweddings\" \/>\n<meta property=\"article:modified_time\" content=\"2026-04-08T12:02:23+00:00\" \/>\n<meta property=\"og:image\" content=\"https:\/\/promsandweddings.se\/wp-content\/uploads\/2026\/03\/nalon_b_1_5k1dpapskarxwc7c.jpg.webp\" \/>\n\t<meta property=\"og:image:width\" content=\"2255\" \/>\n\t<meta property=\"og:image:height\" content=\"1691\" \/>\n\t<meta property=\"og:image:type\" content=\"image\/webp\" \/>\n<meta name=\"twitter:card\" content=\"summary_large_image\" \/>\n<meta name=\"twitter:site\" content=\"@PromsWeddings\" \/>\n<script type=\"application\/ld+json\" class=\"yoast-schema-graph\">{\"@context\":\"https:\\\/\\\/schema.org\",\"@graph\":[{\"@type\":\"WebPage\",\"@id\":\"https:\\\/\\\/promsandweddings.se\\\/produkt\\\/pronovias-nalon-brudklanning-2\\\/\",\"url\":\"https:\\\/\\\/promsandweddings.se\\\/produkt\\\/pronovias-nalon-brudklanning-2\\\/\",\"name\":\"Pronovias Nalon brudkl\u00e4nning | Proms and Weddings\",\"isPartOf\":{\"@id\":\"https:\\\/\\\/promsandweddings.se\\\/#website\"},\"primaryImageOfPage\":{\"@id\":\"https:\\\/\\\/promsandweddings.se\\\/produkt\\\/pronovias-nalon-brudklanning-2\\\/#primaryimage\"},\"image\":{\"@id\":\"https:\\\/\\\/promsandweddings.se\\\/produkt\\\/pronovias-nalon-brudklanning-2\\\/#primaryimage\"},\"thumbnailUrl\":\"https:\\\/\\\/promsandweddings.se\\\/wp-content\\\/uploads\\\/2026\\\/03\\\/nalon_b_1_5k1dpapskarxwc7c.jpg.webp\",\"datePublished\":\"2026-03-15T21:44:56+00:00\",\"dateModified\":\"2026-04-08T12:02:23+00:00\",\"description\":\"Pronovias Nalon brudkl\u00e4nning br\u00f6llopskl\u00e4nning. K\u00f6p vackra fest- och br\u00f6llopskl\u00e4der online hos Proms and Weddings. \u2713 Stort sortiment. \u2713 K\u00e4nda varum\u00e4rken. V\u00e4lkommen\",\"breadcrumb\":{\"@id\":\"https:\\\/\\\/promsandweddings.se\\\/produkt\\\/pronovias-nalon-brudklanning-2\\\/#breadcrumb\"},\"inLanguage\":\"da-DK\",\"potentialAction\":[{\"@type\":\"ReadAction\",\"target\":[\"https:\\\/\\\/promsandweddings.se\\\/produkt\\\/pronovias-nalon-brudklanning-2\\\/\"]}]},{\"@type\":\"ImageObject\",\"inLanguage\":\"da-DK\",\"@id\":\"https:\\\/\\\/promsandweddings.se\\\/produkt\\\/pronovias-nalon-brudklanning-2\\\/#primaryimage\",\"url\":\"https:\\\/\\\/promsandweddings.se\\\/wp-content\\\/uploads\\\/2026\\\/03\\\/nalon_b_1_5k1dpapskarxwc7c.jpg.webp\",\"contentUrl\":\"https:\\\/\\\/promsandweddings.se\\\/wp-content\\\/uploads\\\/2026\\\/03\\\/nalon_b_1_5k1dpapskarxwc7c.jpg.webp\",\"width\":2255,\"height\":1691},{\"@type\":\"BreadcrumbList\",\"@id\":\"https:\\\/\\\/promsandweddings.se\\\/produkt\\\/pronovias-nalon-brudklanning-2\\\/#breadcrumb\",\"itemListElement\":[{\"@type\":\"ListItem\",\"position\":1,\"name\":\"Home\",\"item\":\"https:\\\/\\\/promsandweddings.se\\\/\"},{\"@type\":\"ListItem\",\"position\":2,\"name\":\"Webshop\",\"item\":\"https:\\\/\\\/promsandweddings.se\\\/webshop\\\/\"},{\"@type\":\"ListItem\",\"position\":3,\"name\":\"Pronovias Nalon brudkl\u00e4nning\"}]},{\"@type\":\"WebSite\",\"@id\":\"https:\\\/\\\/promsandweddings.se\\\/#website\",\"url\":\"https:\\\/\\\/promsandweddings.se\\\/\",\"name\":\"Proms and Weddings\",\"description\":\"Hitta din dr\u00f6mkl\u00e4nning\",\"publisher\":{\"@id\":\"https:\\\/\\\/promsandweddings.se\\\/#organization\"},\"alternateName\":\"Proms & Weddings\",\"potentialAction\":[{\"@type\":\"SearchAction\",\"target\":{\"@type\":\"EntryPoint\",\"urlTemplate\":\"https:\\\/\\\/promsandweddings.se\\\/?s={search_term_string}\"},\"query-input\":{\"@type\":\"PropertyValueSpecification\",\"valueRequired\":true,\"valueName\":\"search_term_string\"}}],\"inLanguage\":\"da-DK\"},{\"@type\":\"Organization\",\"@id\":\"https:\\\/\\\/promsandweddings.se\\\/#organization\",\"name\":\"Proms & Weddings\",\"url\":\"https:\\\/\\\/promsandweddings.se\\\/\",\"logo\":{\"@type\":\"ImageObject\",\"inLanguage\":\"da-DK\",\"@id\":\"https:\\\/\\\/promsandweddings.se\\\/#\\\/schema\\\/logo\\\/image\\\/\",\"url\":\"https:\\\/\\\/promsandweddings.se\\\/wp-content\\\/uploads\\\/2026\\\/03\\\/pwlogosv-2-2.webp\",\"contentUrl\":\"https:\\\/\\\/promsandweddings.se\\\/wp-content\\\/uploads\\\/2026\\\/03\\\/pwlogosv-2-2.webp\",\"width\":556,\"height\":152,\"caption\":\"Proms & Weddings\"},\"image\":{\"@id\":\"https:\\\/\\\/promsandweddings.se\\\/#\\\/schema\\\/logo\\\/image\\\/\"},\"sameAs\":[\"https:\\\/\\\/www.facebook.com\\\/promsandweddings\",\"https:\\\/\\\/x.com\\\/PromsWeddings\",\"https:\\\/\\\/www.instagram.com\\\/promsandweddings\\\/\",\"https:\\\/\\\/www.youtube.com\\\/@promsandweddings\\\/shorts\",\"https:\\\/\\\/www.tiktok.com\\\/@promsandweddings\",\"https:\\\/\\\/se.pinterest.com\\\/promsandwedding\"]}]}<\/script>\n<!-- \/ Yoast SEO plugin. -->","yoast_head_json":{"title":"Pronovias Nalon brudekjole | Proms and Weddings","description":"Pronovias Nalon brudekjole bryllupskjole. K\u00f8b smukke fest- og bryllupskjole online hos Proms and Weddings. \u2713 Stort sortiment. \u2713 Kendte m\u00e6rker. Velkommen","robots":{"index":"index","follow":"follow","max-snippet":"max-snippet:-1","max-image-preview":"max-image-preview:large","max-video-preview":"max-video-preview:-1"},"canonical":"https:\/\/promsandweddings.se\/dk\/vare\/pronovias-nalon-brudklanning-2\/","og_locale":"da_DK","og_type":"article","og_title":"Pronovias Nalon brudkl\u00e4nning | Proms and Weddings","og_description":"Pronovias Nalon brudkl\u00e4nning br\u00f6llopskl\u00e4nning. K\u00f6p vackra fest- och br\u00f6llopskl\u00e4der online hos Proms and Weddings. \u2713 Stort sortiment. \u2713 K\u00e4nda varum\u00e4rken. V\u00e4lkommen","og_url":"https:\/\/promsandweddings.se\/dk\/vare\/pronovias-nalon-brudklanning-2\/","og_site_name":"Proms and Weddings","article_publisher":"https:\/\/www.facebook.com\/promsandweddings","article_modified_time":"2026-04-08T12:02:23+00:00","og_image":[{"width":2255,"height":1691,"url":"https:\/\/promsandweddings.se\/wp-content\/uploads\/2026\/03\/nalon_b_1_5k1dpapskarxwc7c.jpg.webp","type":"image\/webp"}],"twitter_card":"summary_large_image","twitter_site":"@PromsWeddings","schema":{"@context":"https:\/\/schema.org","@graph":[{"@type":"WebPage","@id":"https:\/\/promsandweddings.se\/produkt\/pronovias-nalon-brudklanning-2\/","url":"https:\/\/promsandweddings.se\/produkt\/pronovias-nalon-brudklanning-2\/","name":"Pronovias Nalon brudekjole | Proms and Weddings","isPartOf":{"@id":"https:\/\/promsandweddings.se\/#website"},"primaryImageOfPage":{"@id":"https:\/\/promsandweddings.se\/produkt\/pronovias-nalon-brudklanning-2\/#primaryimage"},"image":{"@id":"https:\/\/promsandweddings.se\/produkt\/pronovias-nalon-brudklanning-2\/#primaryimage"},"thumbnailUrl":"https:\/\/promsandweddings.se\/wp-content\/uploads\/2026\/03\/nalon_b_1_5k1dpapskarxwc7c.jpg.webp","datePublished":"2026-03-15T21:44:56+00:00","dateModified":"2026-04-08T12:02:23+00:00","description":"Pronovias Nalon brudekjole bryllupskjole. K\u00f8b smukke fest- og bryllupskjole online hos Proms and Weddings. \u2713 Stort sortiment. \u2713 Kendte m\u00e6rker. Velkommen","breadcrumb":{"@id":"https:\/\/promsandweddings.se\/produkt\/pronovias-nalon-brudklanning-2\/#breadcrumb"},"inLanguage":"da-DK","potentialAction":[{"@type":"ReadAction","target":["https:\/\/promsandweddings.se\/produkt\/pronovias-nalon-brudklanning-2\/"]}]},{"@type":"ImageObject","inLanguage":"da-DK","@id":"https:\/\/promsandweddings.se\/produkt\/pronovias-nalon-brudklanning-2\/#primaryimage","url":"https:\/\/promsandweddings.se\/wp-content\/uploads\/2026\/03\/nalon_b_1_5k1dpapskarxwc7c.jpg.webp","contentUrl":"https:\/\/promsandweddings.se\/wp-content\/uploads\/2026\/03\/nalon_b_1_5k1dpapskarxwc7c.jpg.webp","width":2255,"height":1691},{"@type":"BreadcrumbList","@id":"https:\/\/promsandweddings.se\/produkt\/pronovias-nalon-brudklanning-2\/#breadcrumb","itemListElement":[{"@type":"ListItem","position":1,"name":"Home","item":"https:\/\/promsandweddings.se\/"},{"@type":"ListItem","position":2,"name":"Webshop","item":"https:\/\/promsandweddings.se\/webshop\/"},{"@type":"ListItem","position":3,"name":"Pronovias Nalon brudkl\u00e4nning"}]},{"@type":"WebSite","@id":"https:\/\/promsandweddings.se\/#website","url":"https:\/\/promsandweddings.se\/","name":"Proms and Weddings","description":"Find din dr\u00f8mmekjole","publisher":{"@id":"https:\/\/promsandweddings.se\/#organization"},"alternateName":"Proms & Weddings","potentialAction":[{"@type":"SearchAction","target":{"@type":"EntryPoint","urlTemplate":"https:\/\/promsandweddings.se\/?s={search_term_string}"},"query-input":{"@type":"PropertyValueSpecification","valueRequired":true,"valueName":"search_term_string"}}],"inLanguage":"da-DK"},{"@type":"Organization","@id":"https:\/\/promsandweddings.se\/#organization","name":"Proms &amp; Weddings","url":"https:\/\/promsandweddings.se\/","logo":{"@type":"ImageObject","inLanguage":"da-DK","@id":"https:\/\/promsandweddings.se\/#\/schema\/logo\/image\/","url":"https:\/\/promsandweddings.se\/wp-content\/uploads\/2026\/03\/pwlogosv-2-2.webp","contentUrl":"https:\/\/promsandweddings.se\/wp-content\/uploads\/2026\/03\/pwlogosv-2-2.webp","width":556,"height":152,"caption":"Proms & Weddings"},"image":{"@id":"https:\/\/promsandweddings.se\/#\/schema\/logo\/image\/"},"sameAs":["https:\/\/www.facebook.com\/promsandweddings","https:\/\/x.com\/PromsWeddings","https:\/\/www.instagram.com\/promsandweddings\/","https:\/\/www.youtube.com\/@promsandweddings\/shorts","https:\/\/www.tiktok.com\/@promsandweddings","https:\/\/se.pinterest.com\/promsandwedding"]}]}},"jetpack_sharing_enabled":true,"brands":[],"_links":{"self":[{"href":"https:\/\/promsandweddings.se\/dk\/wp-json\/wp\/v2\/product\/26266","targetHints":{"allow":["GET"]}}],"collection":[{"href":"https:\/\/promsandweddings.se\/dk\/wp-json\/wp\/v2\/product"}],"about":[{"href":"https:\/\/promsandweddings.se\/dk\/wp-json\/wp\/v2\/types\/product"}],"wp:featuredmedia":[{"embeddable":true,"href":"https:\/\/promsandweddings.se\/dk\/wp-json\/wp\/v2\/media\/1922"}],"wp:attachment":[{"href":"https:\/\/promsandweddings.se\/dk\/wp-json\/wp\/v2\/media?parent=26266"}],"wp:term":[{"taxonomy":"pwb-brand","embeddable":true,"href":"https:\/\/promsandweddings.se\/dk\/wp-json\/wp\/v2\/pwb-brand?post=26266"},{"taxonomy":"product_brand","embeddable":true,"href":"https:\/\/promsandweddings.se\/dk\/wp-json\/wp\/v2\/product_brand?post=26266"},{"taxonomy":"product_cat","embeddable":true,"href":"https:\/\/promsandweddings.se\/dk\/wp-json\/wp\/v2\/product_cat?post=26266"},{"taxonomy":"product_tag","embeddable":true,"href":"https:\/\/promsandweddings.se\/dk\/wp-json\/wp\/v2\/product_tag?post=26266"}],"curies":[{"name":"wp","href":"https:\/\/api.w.org\/{rel}","templated":true}]}}