{"id":27148,"date":"2026-03-15T22:55:11","date_gmt":"2026-03-15T21:55:11","guid":{"rendered":"https:\/\/promsandweddings.se\/?post_type=product&#038;p=27148"},"modified":"2026-04-08T14:54:03","modified_gmt":"2026-04-08T12:54:03","slug":"eva-lendel-brollopsklanning-mirage","status":"publish","type":"product","link":"https:\/\/promsandweddings.se\/dk\/produkt\/eva-lendel-brollopsklanning-mirage\/","title":{"rendered":"Eva lendel bryllupskjole Mirage"},"content":{"rendered":"<p><strong><span style=\"font-size: 20px;\">NYT!<\/span><\/strong><\/p>\n<ul>\n<li>Brudekjoler af <a href=\"https:\/\/wonaconcept.com\/\">Wona Concept<\/a> \u2013 Kollektion Sevilla Campaign hos Proms &amp; Weddings i Malm\u00f6 med webshop.<\/li>\n<li>Vores kompetente personale hj\u00e6lper dig med at finde din <a href=\"https:\/\/promsandweddings.se\/dk\/?s=br\u00f6llopskl\u00e4nning&amp;product_cat=0&amp;post_type=product\">bryllupskjole<\/a>.<\/li>\n<li>Find inspiration i ro og stilhed i vores <a href=\"https:\/\/promsandweddings.se\/dk\/webbshop\/\">webshop<\/a>.<\/li>\n<li>Vi har ogs\u00e5 <a href=\"https:\/\/promsandweddings.se\/dk\/vare-kategori\/skor\/\">sko<\/a>, <a href=\"https:\/\/promsandweddings.se\/dk\/vare-kategori\/smycken\/\">smycken<\/a>, accs, <a href=\"https:\/\/promsandweddings.se\/dk\/vare-kategori\/klanningar\/festklanninger\/\">bal- og festkjoler<\/a>.<\/li>\n<\/ul>","protected":false},"excerpt":{"rendered":"<p><strong data-start=\"0\" data-end=\"10\">Mirage<\/strong>\u00a0er en bryllupskjole fra kollektionen\u00a0<em data-start=\"50\" data-end=\"64\">Less Is More<\/em>\u00a0fra\u00a0<strong data-start=\"70\" data-end=\"111\"><span class=\"hover:entity-accent entity-underline inline cursor-pointer align-baseline\"><span class=\"whitespace-normal\">Eva Lendel<\/span><\/span><\/strong>.<br data-start=\"112\" data-end=\"115\" \/>En avskalad och modern br\u00f6llopskl\u00e4nning med skarp silhuett och rena linjer som ger ett sj\u00e4lvs\u00e4kert, minimalistiskt uttryck. Mirage k\u00e4nns arkitektonisk och elegant \u2013 f\u00f6r bruden som vill ha tydlig form och diskret lyx.<\/p>\n<p><em>(Kontakt os for pris, booking og pr\u00f8vning af brudekjoler)<\/em><\/p>\n<p>&nbsp;<\/p>","protected":false},"featured_media":27213,"template":"","meta":[],"pwb-brand":[],"product_brand":[],"product_cat":[188,17],"product_tag":[22,187,184],"class_list":{"0":"post-27148","1":"product","2":"type-product","3":"status-publish","4":"has-post-thumbnail","6":"product_cat-eva-lendel","7":"product_cat-brudklanningar","8":"product_tag-brudklanning","9":"product_tag-eva-lendel","10":"product_tag-wona-concept","12":"first","13":"instock","14":"shipping-taxable","15":"product-type-simple"},"yoast_head":"<!-- This site is optimized with the Yoast SEO plugin v27.4 - https:\/\/yoast.com\/product\/yoast-seo-wordpress\/ -->\n<title>Eva lendel br\u00f6llopskl\u00e4nning Mirage | Proms and Weddings<\/title>\n<meta name=\"description\" content=\"NYHET! Brudkl\u00e4nningar av Wona Concept - Kollektion Sevilla Campaign hos Proms &amp; Weddings i Malm\u00f6 med webbshop. V\u00e5r kunniga personal hj\u00e4lper dig hitta din br\u00f6llopskl\u00e4nning. Hitta i lugn och ro inspiration i v\u00e5r webbshop. Vi har \u00e4ven skor, smycken, accs, bal- och festkl\u00e4nningar.\" \/>\n<meta name=\"robots\" content=\"index, follow, max-snippet:-1, max-image-preview:large, max-video-preview:-1\" \/>\n<link rel=\"canonical\" href=\"https:\/\/promsandweddings.se\/dk\/vare\/eva-lendel-brollopsklanning-mirage\/\" \/>\n<meta property=\"og:locale\" content=\"da_DK\" \/>\n<meta property=\"og:type\" content=\"article\" \/>\n<meta property=\"og:title\" content=\"Eva lendel br\u00f6llopskl\u00e4nning Mirage | Proms and Weddings\" \/>\n<meta property=\"og:description\" content=\"NYHET! Brudkl\u00e4nningar av Wona Concept - Kollektion Sevilla Campaign hos Proms &amp; Weddings i Malm\u00f6 med webbshop. V\u00e5r kunniga personal hj\u00e4lper dig hitta din br\u00f6llopskl\u00e4nning. Hitta i lugn och ro inspiration i v\u00e5r webbshop. Vi har \u00e4ven skor, smycken, accs, bal- och festkl\u00e4nningar.\" \/>\n<meta property=\"og:url\" content=\"https:\/\/promsandweddings.se\/dk\/vare\/eva-lendel-brollopsklanning-mirage\/\" \/>\n<meta property=\"og:site_name\" content=\"Proms and Weddings\" \/>\n<meta property=\"article:publisher\" content=\"https:\/\/www.facebook.com\/promsandweddings\" \/>\n<meta property=\"article:modified_time\" content=\"2026-04-08T12:54:03+00:00\" \/>\n<meta property=\"og:image\" content=\"https:\/\/promsandweddings.se\/wp-content\/uploads\/2026\/03\/MIRAGE-B.jpg\" \/>\n\t<meta property=\"og:image:width\" content=\"1000\" \/>\n\t<meta property=\"og:image:height\" content=\"1400\" \/>\n\t<meta property=\"og:image:type\" content=\"image\/jpeg\" \/>\n<meta name=\"twitter:card\" content=\"summary_large_image\" \/>\n<meta name=\"twitter:site\" content=\"@PromsWeddings\" \/>\n<script type=\"application\/ld+json\" class=\"yoast-schema-graph\">{\"@context\":\"https:\\\/\\\/schema.org\",\"@graph\":[{\"@type\":\"WebPage\",\"@id\":\"https:\\\/\\\/promsandweddings.se\\\/produkt\\\/eva-lendel-brollopsklanning-mirage\\\/\",\"url\":\"https:\\\/\\\/promsandweddings.se\\\/produkt\\\/eva-lendel-brollopsklanning-mirage\\\/\",\"name\":\"Eva lendel br\u00f6llopskl\u00e4nning Mirage | Proms and Weddings\",\"isPartOf\":{\"@id\":\"https:\\\/\\\/promsandweddings.se\\\/#website\"},\"primaryImageOfPage\":{\"@id\":\"https:\\\/\\\/promsandweddings.se\\\/produkt\\\/eva-lendel-brollopsklanning-mirage\\\/#primaryimage\"},\"image\":{\"@id\":\"https:\\\/\\\/promsandweddings.se\\\/produkt\\\/eva-lendel-brollopsklanning-mirage\\\/#primaryimage\"},\"thumbnailUrl\":\"https:\\\/\\\/promsandweddings.se\\\/wp-content\\\/uploads\\\/2026\\\/03\\\/MIRAGE-B.jpg\",\"datePublished\":\"2026-03-15T21:55:11+00:00\",\"dateModified\":\"2026-04-08T12:54:03+00:00\",\"description\":\"NYHET! Brudkl\u00e4nningar av Wona Concept - Kollektion Sevilla Campaign hos Proms & Weddings i Malm\u00f6 med webbshop. V\u00e5r kunniga personal hj\u00e4lper dig hitta din br\u00f6llopskl\u00e4nning. Hitta i lugn och ro inspiration i v\u00e5r webbshop. Vi har \u00e4ven skor, smycken, accs, bal- och festkl\u00e4nningar.\",\"breadcrumb\":{\"@id\":\"https:\\\/\\\/promsandweddings.se\\\/produkt\\\/eva-lendel-brollopsklanning-mirage\\\/#breadcrumb\"},\"inLanguage\":\"da-DK\",\"potentialAction\":[{\"@type\":\"ReadAction\",\"target\":[\"https:\\\/\\\/promsandweddings.se\\\/produkt\\\/eva-lendel-brollopsklanning-mirage\\\/\"]}]},{\"@type\":\"ImageObject\",\"inLanguage\":\"da-DK\",\"@id\":\"https:\\\/\\\/promsandweddings.se\\\/produkt\\\/eva-lendel-brollopsklanning-mirage\\\/#primaryimage\",\"url\":\"https:\\\/\\\/promsandweddings.se\\\/wp-content\\\/uploads\\\/2026\\\/03\\\/MIRAGE-B.jpg\",\"contentUrl\":\"https:\\\/\\\/promsandweddings.se\\\/wp-content\\\/uploads\\\/2026\\\/03\\\/MIRAGE-B.jpg\",\"width\":1000,\"height\":1400},{\"@type\":\"BreadcrumbList\",\"@id\":\"https:\\\/\\\/promsandweddings.se\\\/produkt\\\/eva-lendel-brollopsklanning-mirage\\\/#breadcrumb\",\"itemListElement\":[{\"@type\":\"ListItem\",\"position\":1,\"name\":\"Home\",\"item\":\"https:\\\/\\\/promsandweddings.se\\\/\"},{\"@type\":\"ListItem\",\"position\":2,\"name\":\"Webshop\",\"item\":\"https:\\\/\\\/promsandweddings.se\\\/webshop\\\/\"},{\"@type\":\"ListItem\",\"position\":3,\"name\":\"Eva lendel br\u00f6llopskl\u00e4nning Mirage\"}]},{\"@type\":\"WebSite\",\"@id\":\"https:\\\/\\\/promsandweddings.se\\\/#website\",\"url\":\"https:\\\/\\\/promsandweddings.se\\\/\",\"name\":\"Proms and Weddings\",\"description\":\"Hitta din dr\u00f6mkl\u00e4nning\",\"publisher\":{\"@id\":\"https:\\\/\\\/promsandweddings.se\\\/#organization\"},\"alternateName\":\"Proms & Weddings\",\"potentialAction\":[{\"@type\":\"SearchAction\",\"target\":{\"@type\":\"EntryPoint\",\"urlTemplate\":\"https:\\\/\\\/promsandweddings.se\\\/?s={search_term_string}\"},\"query-input\":{\"@type\":\"PropertyValueSpecification\",\"valueRequired\":true,\"valueName\":\"search_term_string\"}}],\"inLanguage\":\"da-DK\"},{\"@type\":\"Organization\",\"@id\":\"https:\\\/\\\/promsandweddings.se\\\/#organization\",\"name\":\"Proms & Weddings\",\"url\":\"https:\\\/\\\/promsandweddings.se\\\/\",\"logo\":{\"@type\":\"ImageObject\",\"inLanguage\":\"da-DK\",\"@id\":\"https:\\\/\\\/promsandweddings.se\\\/#\\\/schema\\\/logo\\\/image\\\/\",\"url\":\"https:\\\/\\\/promsandweddings.se\\\/wp-content\\\/uploads\\\/2026\\\/03\\\/pwlogosv-2-2.webp\",\"contentUrl\":\"https:\\\/\\\/promsandweddings.se\\\/wp-content\\\/uploads\\\/2026\\\/03\\\/pwlogosv-2-2.webp\",\"width\":556,\"height\":152,\"caption\":\"Proms & Weddings\"},\"image\":{\"@id\":\"https:\\\/\\\/promsandweddings.se\\\/#\\\/schema\\\/logo\\\/image\\\/\"},\"sameAs\":[\"https:\\\/\\\/www.facebook.com\\\/promsandweddings\",\"https:\\\/\\\/x.com\\\/PromsWeddings\",\"https:\\\/\\\/www.instagram.com\\\/promsandweddings\\\/\",\"https:\\\/\\\/www.youtube.com\\\/@promsandweddings\\\/shorts\",\"https:\\\/\\\/www.tiktok.com\\\/@promsandweddings\",\"https:\\\/\\\/se.pinterest.com\\\/promsandwedding\"]}]}<\/script>\n<!-- \/ Yoast SEO plugin. -->","yoast_head_json":{"title":"Eva lendel bryllupskjole Mirage | Proms and Weddings","description":"NYHEDER! Brudekjoler af Wona Concept - Kollektion Sevilla Campaign hos Proms &amp; Weddings i Malm\u00f8 med webshop. Vores dygtige personale hj\u00e6lper dig med at finde din brudekjole. Find inspiration i ro og mag i vores webshop. Vi har ogs\u00e5 sko, smykker, tilbeh\u00f8r, bal- og festkjoler.","robots":{"index":"index","follow":"follow","max-snippet":"max-snippet:-1","max-image-preview":"max-image-preview:large","max-video-preview":"max-video-preview:-1"},"canonical":"https:\/\/promsandweddings.se\/dk\/vare\/eva-lendel-brollopsklanning-mirage\/","og_locale":"da_DK","og_type":"article","og_title":"Eva lendel br\u00f6llopskl\u00e4nning Mirage | Proms and Weddings","og_description":"NYHET! Brudkl\u00e4nningar av Wona Concept - Kollektion Sevilla Campaign hos Proms & Weddings i Malm\u00f6 med webbshop. V\u00e5r kunniga personal hj\u00e4lper dig hitta din br\u00f6llopskl\u00e4nning. Hitta i lugn och ro inspiration i v\u00e5r webbshop. Vi har \u00e4ven skor, smycken, accs, bal- och festkl\u00e4nningar.","og_url":"https:\/\/promsandweddings.se\/dk\/vare\/eva-lendel-brollopsklanning-mirage\/","og_site_name":"Proms and Weddings","article_publisher":"https:\/\/www.facebook.com\/promsandweddings","article_modified_time":"2026-04-08T12:54:03+00:00","og_image":[{"width":1000,"height":1400,"url":"https:\/\/promsandweddings.se\/wp-content\/uploads\/2026\/03\/MIRAGE-B.jpg","type":"image\/jpeg"}],"twitter_card":"summary_large_image","twitter_site":"@PromsWeddings","schema":{"@context":"https:\/\/schema.org","@graph":[{"@type":"WebPage","@id":"https:\/\/promsandweddings.se\/produkt\/eva-lendel-brollopsklanning-mirage\/","url":"https:\/\/promsandweddings.se\/produkt\/eva-lendel-brollopsklanning-mirage\/","name":"Eva lendel bryllupskjole Mirage | Proms and Weddings","isPartOf":{"@id":"https:\/\/promsandweddings.se\/#website"},"primaryImageOfPage":{"@id":"https:\/\/promsandweddings.se\/produkt\/eva-lendel-brollopsklanning-mirage\/#primaryimage"},"image":{"@id":"https:\/\/promsandweddings.se\/produkt\/eva-lendel-brollopsklanning-mirage\/#primaryimage"},"thumbnailUrl":"https:\/\/promsandweddings.se\/wp-content\/uploads\/2026\/03\/MIRAGE-B.jpg","datePublished":"2026-03-15T21:55:11+00:00","dateModified":"2026-04-08T12:54:03+00:00","description":"NYHEDER! Brudekjoler af Wona Concept - Kollektion Sevilla Campaign hos Proms &amp; Weddings i Malm\u00f8 med webshop. Vores dygtige personale hj\u00e6lper dig med at finde din brudekjole. Find inspiration i ro og mag i vores webshop. Vi har ogs\u00e5 sko, smykker, tilbeh\u00f8r, bal- og festkjoler.","breadcrumb":{"@id":"https:\/\/promsandweddings.se\/produkt\/eva-lendel-brollopsklanning-mirage\/#breadcrumb"},"inLanguage":"da-DK","potentialAction":[{"@type":"ReadAction","target":["https:\/\/promsandweddings.se\/produkt\/eva-lendel-brollopsklanning-mirage\/"]}]},{"@type":"ImageObject","inLanguage":"da-DK","@id":"https:\/\/promsandweddings.se\/produkt\/eva-lendel-brollopsklanning-mirage\/#primaryimage","url":"https:\/\/promsandweddings.se\/wp-content\/uploads\/2026\/03\/MIRAGE-B.jpg","contentUrl":"https:\/\/promsandweddings.se\/wp-content\/uploads\/2026\/03\/MIRAGE-B.jpg","width":1000,"height":1400},{"@type":"BreadcrumbList","@id":"https:\/\/promsandweddings.se\/produkt\/eva-lendel-brollopsklanning-mirage\/#breadcrumb","itemListElement":[{"@type":"ListItem","position":1,"name":"Home","item":"https:\/\/promsandweddings.se\/"},{"@type":"ListItem","position":2,"name":"Webshop","item":"https:\/\/promsandweddings.se\/webshop\/"},{"@type":"ListItem","position":3,"name":"Eva lendel br\u00f6llopskl\u00e4nning Mirage"}]},{"@type":"WebSite","@id":"https:\/\/promsandweddings.se\/#website","url":"https:\/\/promsandweddings.se\/","name":"Proms and Weddings","description":"Find din dr\u00f8mmekjole","publisher":{"@id":"https:\/\/promsandweddings.se\/#organization"},"alternateName":"Proms & Weddings","potentialAction":[{"@type":"SearchAction","target":{"@type":"EntryPoint","urlTemplate":"https:\/\/promsandweddings.se\/?s={search_term_string}"},"query-input":{"@type":"PropertyValueSpecification","valueRequired":true,"valueName":"search_term_string"}}],"inLanguage":"da-DK"},{"@type":"Organization","@id":"https:\/\/promsandweddings.se\/#organization","name":"Proms &amp; Weddings","url":"https:\/\/promsandweddings.se\/","logo":{"@type":"ImageObject","inLanguage":"da-DK","@id":"https:\/\/promsandweddings.se\/#\/schema\/logo\/image\/","url":"https:\/\/promsandweddings.se\/wp-content\/uploads\/2026\/03\/pwlogosv-2-2.webp","contentUrl":"https:\/\/promsandweddings.se\/wp-content\/uploads\/2026\/03\/pwlogosv-2-2.webp","width":556,"height":152,"caption":"Proms & Weddings"},"image":{"@id":"https:\/\/promsandweddings.se\/#\/schema\/logo\/image\/"},"sameAs":["https:\/\/www.facebook.com\/promsandweddings","https:\/\/x.com\/PromsWeddings","https:\/\/www.instagram.com\/promsandweddings\/","https:\/\/www.youtube.com\/@promsandweddings\/shorts","https:\/\/www.tiktok.com\/@promsandweddings","https:\/\/se.pinterest.com\/promsandwedding"]}]}},"jetpack_sharing_enabled":true,"brands":[],"_links":{"self":[{"href":"https:\/\/promsandweddings.se\/dk\/wp-json\/wp\/v2\/product\/27148","targetHints":{"allow":["GET"]}}],"collection":[{"href":"https:\/\/promsandweddings.se\/dk\/wp-json\/wp\/v2\/product"}],"about":[{"href":"https:\/\/promsandweddings.se\/dk\/wp-json\/wp\/v2\/types\/product"}],"wp:featuredmedia":[{"embeddable":true,"href":"https:\/\/promsandweddings.se\/dk\/wp-json\/wp\/v2\/media\/27213"}],"wp:attachment":[{"href":"https:\/\/promsandweddings.se\/dk\/wp-json\/wp\/v2\/media?parent=27148"}],"wp:term":[{"taxonomy":"pwb-brand","embeddable":true,"href":"https:\/\/promsandweddings.se\/dk\/wp-json\/wp\/v2\/pwb-brand?post=27148"},{"taxonomy":"product_brand","embeddable":true,"href":"https:\/\/promsandweddings.se\/dk\/wp-json\/wp\/v2\/product_brand?post=27148"},{"taxonomy":"product_cat","embeddable":true,"href":"https:\/\/promsandweddings.se\/dk\/wp-json\/wp\/v2\/product_cat?post=27148"},{"taxonomy":"product_tag","embeddable":true,"href":"https:\/\/promsandweddings.se\/dk\/wp-json\/wp\/v2\/product_tag?post=27148"}],"curies":[{"name":"wp","href":"https:\/\/api.w.org\/{rel}","templated":true}]}}