{"id":27152,"date":"2026-03-15T22:55:12","date_gmt":"2026-03-15T21:55:12","guid":{"rendered":"https:\/\/promsandweddings.se\/?post_type=product&#038;p=27152"},"modified":"2026-03-15T22:57:41","modified_gmt":"2026-03-15T21:57:41","slug":"maggie-sotteroelizabeth-marie-brollopsklanning","status":"publish","type":"product","link":"https:\/\/promsandweddings.se\/dk\/produkt\/maggie-sotteroelizabeth-marie-brollopsklanning\/","title":{"rendered":"Maggie SotteroELIZABETH MARIE bryllupskjole"},"content":{"rendered":"<p>Smuk brudekjole i satin<\/p>","protected":false},"excerpt":{"rendered":"<h1 class=\"ng-binding\"><\/h1>\n<p><strong data-start=\"0\" data-end=\"19\">Elizabeth Marie<\/strong>\u00a0er en brudekjole fra\u00a0<strong data-start=\"48\" data-end=\"89\"><span class=\"hover:entity-accent entity-underline inline cursor-pointer align-baseline\"><span class=\"whitespace-normal\">Maggie Sottero<\/span><\/span><\/strong>.<br data-start=\"90\" data-end=\"93\" \/>En romantisk og blidt elegant brudekjole med formende silhuet og fine detaljer, der giver et varmt, tidl\u00f8st udtryk. Elizabeth Marie f\u00f8les klassisk men levende \u2013 til bruden, der \u00f8nsker feminin elegance med grace.<br data-start=\"302\" data-end=\"305\" \/><br data-start=\"387\" data-end=\"390\" \/><em data-start=\"390\" data-end=\"447\" data-is-only-node=\"\">(Kontakt os for sp\u00f8rgsm\u00e5l vedr\u00f8rende priser, booking osv.)<\/em><\/p>","protected":false},"featured_media":27228,"template":"","meta":[],"pwb-brand":[],"product_brand":[],"product_cat":[16,39,40,17],"product_tag":[25,22,41,42],"class_list":{"0":"post-27152","1":"product","2":"type-product","3":"status-publish","4":"has-post-thumbnail","6":"product_cat-klanningar","7":"product_cat-maggie-sottero","8":"product_cat-maggie-sottero-2019","9":"product_cat-brudklanningar","10":"product_tag-brollopsklanning","11":"product_tag-brudklanning","12":"product_tag-maggie-sottero","13":"product_tag-plus-size","15":"first","16":"instock","17":"shipping-taxable","18":"purchasable","19":"product-type-simple"},"yoast_head":"<!-- This site is optimized with the Yoast SEO plugin v27.5 - https:\/\/yoast.com\/product\/yoast-seo-wordpress\/ -->\n<title>Maggie SotteroELIZABETH MARIE br\u00f6llopskl\u00e4nning Maggie Sottero br\u00f6llopskl\u00e4nning |\u00a0Proms and Weddings \u00ae<\/title>\n<meta name=\"description\" content=\"Maggie SotteroELIZABETH MARIE br\u00f6llopskl\u00e4nning br\u00f6llopskl\u00e4nning . K\u00f6p vackra fest- och br\u00f6llopskl\u00e4der online hos Proms and Weddings. \u2713 Stort sortiment. \u2713 K\u00e4nda varum\u00e4rken. V\u00e4lkommen!\" \/>\n<meta name=\"robots\" content=\"index, follow, max-snippet:-1, max-image-preview:large, max-video-preview:-1\" \/>\n<link rel=\"canonical\" href=\"https:\/\/promsandweddings.se\/dk\/vare\/maggie-sotteroelizabeth-marie-brollopsklanning\/\" \/>\n<meta property=\"og:locale\" content=\"da_DK\" \/>\n<meta property=\"og:type\" content=\"article\" \/>\n<meta property=\"og:title\" content=\"Maggie SotteroELIZABETH MARIE br\u00f6llopskl\u00e4nning Maggie Sottero br\u00f6llopskl\u00e4nning |\u00a0Proms and Weddings \u00ae\" \/>\n<meta property=\"og:description\" content=\"Maggie SotteroELIZABETH MARIE br\u00f6llopskl\u00e4nning br\u00f6llopskl\u00e4nning . K\u00f6p vackra fest- och br\u00f6llopskl\u00e4der online hos Proms and Weddings. \u2713 Stort sortiment. \u2713 K\u00e4nda varum\u00e4rken. V\u00e4lkommen!\" \/>\n<meta property=\"og:url\" content=\"https:\/\/promsandweddings.se\/dk\/vare\/maggie-sotteroelizabeth-marie-brollopsklanning\/\" \/>\n<meta property=\"og:site_name\" content=\"Proms and Weddings\" \/>\n<meta property=\"article:publisher\" content=\"https:\/\/www.facebook.com\/promsandweddings\" \/>\n<meta property=\"article:modified_time\" content=\"2026-03-15T21:57:41+00:00\" \/>\n<meta property=\"og:image\" content=\"https:\/\/promsandweddings.se\/wp-content\/uploads\/2026\/03\/Rebecca-Ingram-Elizabeth-Marie-Ballgown-Wedding-Dress-24RS792A02-Alt51-AI.jpg\" \/>\n\t<meta property=\"og:image:width\" content=\"768\" \/>\n\t<meta property=\"og:image:height\" content=\"1024\" \/>\n\t<meta property=\"og:image:type\" content=\"image\/jpeg\" \/>\n<meta name=\"twitter:card\" content=\"summary_large_image\" \/>\n<meta name=\"twitter:site\" content=\"@PromsWeddings\" \/>\n<script type=\"application\/ld+json\" class=\"yoast-schema-graph\">{\"@context\":\"https:\\\/\\\/schema.org\",\"@graph\":[{\"@type\":\"WebPage\",\"@id\":\"https:\\\/\\\/promsandweddings.se\\\/produkt\\\/maggie-sotteroelizabeth-marie-brollopsklanning\\\/\",\"url\":\"https:\\\/\\\/promsandweddings.se\\\/produkt\\\/maggie-sotteroelizabeth-marie-brollopsklanning\\\/\",\"name\":\"Maggie SotteroELIZABETH MARIE br\u00f6llopskl\u00e4nning Maggie Sottero br\u00f6llopskl\u00e4nning |\u00a0Proms and Weddings \u00ae\",\"isPartOf\":{\"@id\":\"https:\\\/\\\/promsandweddings.se\\\/#website\"},\"primaryImageOfPage\":{\"@id\":\"https:\\\/\\\/promsandweddings.se\\\/produkt\\\/maggie-sotteroelizabeth-marie-brollopsklanning\\\/#primaryimage\"},\"image\":{\"@id\":\"https:\\\/\\\/promsandweddings.se\\\/produkt\\\/maggie-sotteroelizabeth-marie-brollopsklanning\\\/#primaryimage\"},\"thumbnailUrl\":\"https:\\\/\\\/promsandweddings.se\\\/wp-content\\\/uploads\\\/2026\\\/03\\\/Rebecca-Ingram-Elizabeth-Marie-Ballgown-Wedding-Dress-24RS792A02-Alt51-AI.jpg\",\"datePublished\":\"2026-03-15T21:55:12+00:00\",\"dateModified\":\"2026-03-15T21:57:41+00:00\",\"description\":\"Maggie SotteroELIZABETH MARIE br\u00f6llopskl\u00e4nning br\u00f6llopskl\u00e4nning . K\u00f6p vackra fest- och br\u00f6llopskl\u00e4der online hos Proms and Weddings. \u2713 Stort sortiment. \u2713 K\u00e4nda varum\u00e4rken. V\u00e4lkommen!\",\"breadcrumb\":{\"@id\":\"https:\\\/\\\/promsandweddings.se\\\/produkt\\\/maggie-sotteroelizabeth-marie-brollopsklanning\\\/#breadcrumb\"},\"inLanguage\":\"da-DK\",\"potentialAction\":[{\"@type\":\"ReadAction\",\"target\":[\"https:\\\/\\\/promsandweddings.se\\\/produkt\\\/maggie-sotteroelizabeth-marie-brollopsklanning\\\/\"]}]},{\"@type\":\"ImageObject\",\"inLanguage\":\"da-DK\",\"@id\":\"https:\\\/\\\/promsandweddings.se\\\/produkt\\\/maggie-sotteroelizabeth-marie-brollopsklanning\\\/#primaryimage\",\"url\":\"https:\\\/\\\/promsandweddings.se\\\/wp-content\\\/uploads\\\/2026\\\/03\\\/Rebecca-Ingram-Elizabeth-Marie-Ballgown-Wedding-Dress-24RS792A02-Alt51-AI.jpg\",\"contentUrl\":\"https:\\\/\\\/promsandweddings.se\\\/wp-content\\\/uploads\\\/2026\\\/03\\\/Rebecca-Ingram-Elizabeth-Marie-Ballgown-Wedding-Dress-24RS792A02-Alt51-AI.jpg\",\"width\":768,\"height\":1024},{\"@type\":\"BreadcrumbList\",\"@id\":\"https:\\\/\\\/promsandweddings.se\\\/produkt\\\/maggie-sotteroelizabeth-marie-brollopsklanning\\\/#breadcrumb\",\"itemListElement\":[{\"@type\":\"ListItem\",\"position\":1,\"name\":\"Home\",\"item\":\"https:\\\/\\\/promsandweddings.se\\\/\"},{\"@type\":\"ListItem\",\"position\":2,\"name\":\"Webshop\",\"item\":\"https:\\\/\\\/promsandweddings.se\\\/webshop\\\/\"},{\"@type\":\"ListItem\",\"position\":3,\"name\":\"Maggie SotteroELIZABETH MARIE br\u00f6llopskl\u00e4nning\"}]},{\"@type\":\"WebSite\",\"@id\":\"https:\\\/\\\/promsandweddings.se\\\/#website\",\"url\":\"https:\\\/\\\/promsandweddings.se\\\/\",\"name\":\"Proms and Weddings\",\"description\":\"Hitta din dr\u00f6mkl\u00e4nning\",\"publisher\":{\"@id\":\"https:\\\/\\\/promsandweddings.se\\\/#organization\"},\"alternateName\":\"Proms & Weddings\",\"potentialAction\":[{\"@type\":\"SearchAction\",\"target\":{\"@type\":\"EntryPoint\",\"urlTemplate\":\"https:\\\/\\\/promsandweddings.se\\\/?s={search_term_string}\"},\"query-input\":{\"@type\":\"PropertyValueSpecification\",\"valueRequired\":true,\"valueName\":\"search_term_string\"}}],\"inLanguage\":\"da-DK\"},{\"@type\":\"Organization\",\"@id\":\"https:\\\/\\\/promsandweddings.se\\\/#organization\",\"name\":\"Proms & Weddings\",\"url\":\"https:\\\/\\\/promsandweddings.se\\\/\",\"logo\":{\"@type\":\"ImageObject\",\"inLanguage\":\"da-DK\",\"@id\":\"https:\\\/\\\/promsandweddings.se\\\/#\\\/schema\\\/logo\\\/image\\\/\",\"url\":\"https:\\\/\\\/promsandweddings.se\\\/wp-content\\\/uploads\\\/2026\\\/03\\\/pwlogosv-2-2.webp\",\"contentUrl\":\"https:\\\/\\\/promsandweddings.se\\\/wp-content\\\/uploads\\\/2026\\\/03\\\/pwlogosv-2-2.webp\",\"width\":556,\"height\":152,\"caption\":\"Proms & Weddings\"},\"image\":{\"@id\":\"https:\\\/\\\/promsandweddings.se\\\/#\\\/schema\\\/logo\\\/image\\\/\"},\"sameAs\":[\"https:\\\/\\\/www.facebook.com\\\/promsandweddings\",\"https:\\\/\\\/x.com\\\/PromsWeddings\",\"https:\\\/\\\/www.instagram.com\\\/promsandweddings\\\/\",\"https:\\\/\\\/www.youtube.com\\\/@promsandweddings\\\/shorts\",\"https:\\\/\\\/www.tiktok.com\\\/@promsandweddings\",\"https:\\\/\\\/se.pinterest.com\\\/promsandwedding\"]}]}<\/script>\n<!-- \/ Yoast SEO plugin. -->","yoast_head_json":{"title":"Maggie SotteroELIZABETH MARIE bryllupskjole Maggie Sottero bryllupskjole | Proms and Weddings \u00ae","description":"Maggie SotteroELIZABETH MARIE bryllupskjole bryllupskjole . K\u00f8b smukke fest- og bryllupskjoler online hos Proms and Weddings. \u2713 Stort sortiment. \u2713 Kendte m\u00e6rker. Velkommen!","robots":{"index":"index","follow":"follow","max-snippet":"max-snippet:-1","max-image-preview":"max-image-preview:large","max-video-preview":"max-video-preview:-1"},"canonical":"https:\/\/promsandweddings.se\/dk\/vare\/maggie-sotteroelizabeth-marie-brollopsklanning\/","og_locale":"da_DK","og_type":"article","og_title":"Maggie SotteroELIZABETH MARIE br\u00f6llopskl\u00e4nning Maggie Sottero br\u00f6llopskl\u00e4nning |\u00a0Proms and Weddings \u00ae","og_description":"Maggie SotteroELIZABETH MARIE br\u00f6llopskl\u00e4nning br\u00f6llopskl\u00e4nning . K\u00f6p vackra fest- och br\u00f6llopskl\u00e4der online hos Proms and Weddings. \u2713 Stort sortiment. \u2713 K\u00e4nda varum\u00e4rken. V\u00e4lkommen!","og_url":"https:\/\/promsandweddings.se\/dk\/vare\/maggie-sotteroelizabeth-marie-brollopsklanning\/","og_site_name":"Proms and Weddings","article_publisher":"https:\/\/www.facebook.com\/promsandweddings","article_modified_time":"2026-03-15T21:57:41+00:00","og_image":[{"width":768,"height":1024,"url":"https:\/\/promsandweddings.se\/wp-content\/uploads\/2026\/03\/Rebecca-Ingram-Elizabeth-Marie-Ballgown-Wedding-Dress-24RS792A02-Alt51-AI.jpg","type":"image\/jpeg"}],"twitter_card":"summary_large_image","twitter_site":"@PromsWeddings","schema":{"@context":"https:\/\/schema.org","@graph":[{"@type":"WebPage","@id":"https:\/\/promsandweddings.se\/produkt\/maggie-sotteroelizabeth-marie-brollopsklanning\/","url":"https:\/\/promsandweddings.se\/produkt\/maggie-sotteroelizabeth-marie-brollopsklanning\/","name":"Maggie SotteroELIZABETH MARIE bryllupskjole Maggie Sottero bryllupskjole | Proms and Weddings \u00ae","isPartOf":{"@id":"https:\/\/promsandweddings.se\/#website"},"primaryImageOfPage":{"@id":"https:\/\/promsandweddings.se\/produkt\/maggie-sotteroelizabeth-marie-brollopsklanning\/#primaryimage"},"image":{"@id":"https:\/\/promsandweddings.se\/produkt\/maggie-sotteroelizabeth-marie-brollopsklanning\/#primaryimage"},"thumbnailUrl":"https:\/\/promsandweddings.se\/wp-content\/uploads\/2026\/03\/Rebecca-Ingram-Elizabeth-Marie-Ballgown-Wedding-Dress-24RS792A02-Alt51-AI.jpg","datePublished":"2026-03-15T21:55:12+00:00","dateModified":"2026-03-15T21:57:41+00:00","description":"Maggie SotteroELIZABETH MARIE bryllupskjole bryllupskjole . K\u00f8b smukke fest- og bryllupskjoler online hos Proms and Weddings. \u2713 Stort sortiment. \u2713 Kendte m\u00e6rker. Velkommen!","breadcrumb":{"@id":"https:\/\/promsandweddings.se\/produkt\/maggie-sotteroelizabeth-marie-brollopsklanning\/#breadcrumb"},"inLanguage":"da-DK","potentialAction":[{"@type":"ReadAction","target":["https:\/\/promsandweddings.se\/produkt\/maggie-sotteroelizabeth-marie-brollopsklanning\/"]}]},{"@type":"ImageObject","inLanguage":"da-DK","@id":"https:\/\/promsandweddings.se\/produkt\/maggie-sotteroelizabeth-marie-brollopsklanning\/#primaryimage","url":"https:\/\/promsandweddings.se\/wp-content\/uploads\/2026\/03\/Rebecca-Ingram-Elizabeth-Marie-Ballgown-Wedding-Dress-24RS792A02-Alt51-AI.jpg","contentUrl":"https:\/\/promsandweddings.se\/wp-content\/uploads\/2026\/03\/Rebecca-Ingram-Elizabeth-Marie-Ballgown-Wedding-Dress-24RS792A02-Alt51-AI.jpg","width":768,"height":1024},{"@type":"BreadcrumbList","@id":"https:\/\/promsandweddings.se\/produkt\/maggie-sotteroelizabeth-marie-brollopsklanning\/#breadcrumb","itemListElement":[{"@type":"ListItem","position":1,"name":"Home","item":"https:\/\/promsandweddings.se\/"},{"@type":"ListItem","position":2,"name":"Webshop","item":"https:\/\/promsandweddings.se\/webshop\/"},{"@type":"ListItem","position":3,"name":"Maggie SotteroELIZABETH MARIE br\u00f6llopskl\u00e4nning"}]},{"@type":"WebSite","@id":"https:\/\/promsandweddings.se\/#website","url":"https:\/\/promsandweddings.se\/","name":"Proms and Weddings","description":"Find din dr\u00f8mmekjole","publisher":{"@id":"https:\/\/promsandweddings.se\/#organization"},"alternateName":"Proms & Weddings","potentialAction":[{"@type":"SearchAction","target":{"@type":"EntryPoint","urlTemplate":"https:\/\/promsandweddings.se\/?s={search_term_string}"},"query-input":{"@type":"PropertyValueSpecification","valueRequired":true,"valueName":"search_term_string"}}],"inLanguage":"da-DK"},{"@type":"Organization","@id":"https:\/\/promsandweddings.se\/#organization","name":"Proms &amp; Weddings","url":"https:\/\/promsandweddings.se\/","logo":{"@type":"ImageObject","inLanguage":"da-DK","@id":"https:\/\/promsandweddings.se\/#\/schema\/logo\/image\/","url":"https:\/\/promsandweddings.se\/wp-content\/uploads\/2026\/03\/pwlogosv-2-2.webp","contentUrl":"https:\/\/promsandweddings.se\/wp-content\/uploads\/2026\/03\/pwlogosv-2-2.webp","width":556,"height":152,"caption":"Proms & Weddings"},"image":{"@id":"https:\/\/promsandweddings.se\/#\/schema\/logo\/image\/"},"sameAs":["https:\/\/www.facebook.com\/promsandweddings","https:\/\/x.com\/PromsWeddings","https:\/\/www.instagram.com\/promsandweddings\/","https:\/\/www.youtube.com\/@promsandweddings\/shorts","https:\/\/www.tiktok.com\/@promsandweddings","https:\/\/se.pinterest.com\/promsandwedding"]}]}},"jetpack_sharing_enabled":true,"brands":[],"_links":{"self":[{"href":"https:\/\/promsandweddings.se\/dk\/wp-json\/wp\/v2\/product\/27152","targetHints":{"allow":["GET"]}}],"collection":[{"href":"https:\/\/promsandweddings.se\/dk\/wp-json\/wp\/v2\/product"}],"about":[{"href":"https:\/\/promsandweddings.se\/dk\/wp-json\/wp\/v2\/types\/product"}],"wp:featuredmedia":[{"embeddable":true,"href":"https:\/\/promsandweddings.se\/dk\/wp-json\/wp\/v2\/media\/27228"}],"wp:attachment":[{"href":"https:\/\/promsandweddings.se\/dk\/wp-json\/wp\/v2\/media?parent=27152"}],"wp:term":[{"taxonomy":"pwb-brand","embeddable":true,"href":"https:\/\/promsandweddings.se\/dk\/wp-json\/wp\/v2\/pwb-brand?post=27152"},{"taxonomy":"product_brand","embeddable":true,"href":"https:\/\/promsandweddings.se\/dk\/wp-json\/wp\/v2\/product_brand?post=27152"},{"taxonomy":"product_cat","embeddable":true,"href":"https:\/\/promsandweddings.se\/dk\/wp-json\/wp\/v2\/product_cat?post=27152"},{"taxonomy":"product_tag","embeddable":true,"href":"https:\/\/promsandweddings.se\/dk\/wp-json\/wp\/v2\/product_tag?post=27152"}],"curies":[{"name":"wp","href":"https:\/\/api.w.org\/{rel}","templated":true}]}}