{"id":27192,"date":"2026-03-15T22:56:53","date_gmt":"2026-03-15T21:56:53","guid":{"rendered":"https:\/\/promsandweddings.se\/?post_type=product&#038;p=27192"},"modified":"2026-05-14T13:34:50","modified_gmt":"2026-05-14T11:34:50","slug":"pronovias-brollopsklanning-panjin","status":"publish","type":"product","link":"https:\/\/promsandweddings.se\/dk\/produkt\/pronovias-brollopsklanning-panjin\/","title":{"rendered":"Pronovias br\u00f6llopskl\u00e4nning Panjin"},"content":{"rendered":"<p data-start=\"509\" data-end=\"600\">Panjin fr\u00e5n\u00a0<span class=\"hover:entity-accent entity-underline inline cursor-pointer align-baseline\"><span class=\"whitespace-normal\">Pronovias<\/span><\/span>\u00a0utstr\u00e5lar romantik med en modern elegans.<\/p>\n<p data-start=\"602\" data-end=\"831\">Den figurn\u00e4ra silhuetten framh\u00e4ver kroppen och skapar ett sofistikerat uttryck. Spetsen t\u00e4cker hela kl\u00e4nningen och ger ett rikt, detaljrikt intryck. Den rundade halsringningen balanserar designen och ger en mjuk, klassisk k\u00e4nsla.<\/p>\n<p data-start=\"833\" data-end=\"1010\">De l\u00e5nga spets\u00e4rmarna tillf\u00f6r elegans och f\u00f6rst\u00e4rker kl\u00e4nningens tidl\u00f6sa karakt\u00e4r. Spetsm\u00f6nstret skapar djup och liv i plagget. Det ger en vacker effekt i b\u00e5de r\u00f6relse och ljus.<\/p>\n<p data-start=\"1012\" data-end=\"1127\">Kjolen f\u00f6ljer kroppens linjer och avslutas med ett mjukt sl\u00e4p. Det ger ett harmoniskt fall och en romantisk helhet.<\/p>\n<p>&nbsp;<\/p>\n<p>&nbsp;<\/p>","protected":false},"excerpt":{"rendered":"<p><strong data-start=\"954\" data-end=\"964\">Panjin<\/strong>\u00a0er en brudekjole fra\u00a0<strong data-start=\"993\" data-end=\"1034\"><span class=\"hover:entity-accent entity-underline inline cursor-pointer align-baseline\"><span class=\"whitespace-normal\">Pronovias<\/span><\/span><\/strong>.<br data-start=\"1035\" data-end=\"1038\" \/>En modern och stilren br\u00f6llopskl\u00e4nning med tydlig silhuett, rena linjer och diskreta detaljer som ger ett sofistikerat och samtida uttryck. Panjin k\u00e4nns sj\u00e4lvklar och elegant \u2013 f\u00f6r bruden som \u00e4lskar avskalad design.<\/p>\n<div class=\"product attribute overview\">\n<h2 class=\"value\"><b style=\"font-size: 16px; font-style: italic;\">(K<\/b><i style=\"font-size: 16px;\">ontakt os for sp\u00f8rgsm\u00e5l vedr\u00f8rende priser, booking osv.)<\/i><\/h2>\n<\/div>\n<p>&nbsp;<\/p>","protected":false},"featured_media":27285,"template":"","meta":[],"pwb-brand":[],"product_brand":[],"product_cat":[16,23],"product_tag":[167,25,22,26],"class_list":{"0":"post-27192","1":"product","2":"type-product","3":"status-publish","4":"has-post-thumbnail","6":"product_cat-klanningar","7":"product_cat-pronovias","8":"product_tag-brollop","9":"product_tag-brollopsklanning","10":"product_tag-brudklanning","11":"product_tag-pronovias","13":"first","14":"instock","15":"sale","16":"shipping-taxable","17":"purchasable","18":"product-type-simple"},"yoast_head":"<!-- This site is optimized with the Yoast SEO plugin v27.5 - https:\/\/yoast.com\/product\/yoast-seo-wordpress\/ -->\n<title>Panjin \u2013 Romantisk spetsbrudkl\u00e4nning med l\u00e5ng \u00e4rm | Pronovias<\/title>\n<meta name=\"description\" content=\"Romantisk spetsbrudkl\u00e4nning fr\u00e5n Pronovias. Panjin har l\u00e5ng \u00e4rm, figurn\u00e4ra passform och elegant spets f\u00f6r en tidl\u00f6s look.\" \/>\n<meta name=\"robots\" content=\"index, follow, max-snippet:-1, max-image-preview:large, max-video-preview:-1\" \/>\n<link rel=\"canonical\" href=\"https:\/\/promsandweddings.se\/dk\/vare\/pronovias-brollopsklanning-panjin\/\" \/>\n<meta property=\"og:locale\" content=\"da_DK\" \/>\n<meta property=\"og:type\" content=\"article\" \/>\n<meta property=\"og:title\" content=\"Panjin \u2013 Romantisk spetsbrudkl\u00e4nning med l\u00e5ng \u00e4rm | Pronovias\" \/>\n<meta property=\"og:description\" content=\"Romantisk spetsbrudkl\u00e4nning fr\u00e5n Pronovias. Panjin har l\u00e5ng \u00e4rm, figurn\u00e4ra passform och elegant spets f\u00f6r en tidl\u00f6s look.\" \/>\n<meta property=\"og:url\" content=\"https:\/\/promsandweddings.se\/dk\/vare\/pronovias-brollopsklanning-panjin\/\" \/>\n<meta property=\"og:site_name\" content=\"Proms and Weddings\" \/>\n<meta property=\"article:publisher\" content=\"https:\/\/www.facebook.com\/promsandweddings\" \/>\n<meta property=\"article:modified_time\" content=\"2026-05-14T11:34:50+00:00\" \/>\n<meta property=\"og:image\" content=\"https:\/\/promsandweddings.se\/wp-content\/uploads\/2026\/03\/PANJIN_D.jpg\" \/>\n\t<meta property=\"og:image:width\" content=\"848\" \/>\n\t<meta property=\"og:image:height\" content=\"1200\" \/>\n\t<meta property=\"og:image:type\" content=\"image\/jpeg\" \/>\n<meta name=\"twitter:card\" content=\"summary_large_image\" \/>\n<meta name=\"twitter:site\" content=\"@PromsWeddings\" \/>\n<meta name=\"twitter:label1\" content=\"Estimeret l\u00e6setid\" \/>\n\t<meta name=\"twitter:data1\" content=\"1 minut\" \/>\n<script type=\"application\/ld+json\" class=\"yoast-schema-graph\">{\"@context\":\"https:\\\/\\\/schema.org\",\"@graph\":[{\"@type\":\"WebPage\",\"@id\":\"https:\\\/\\\/promsandweddings.se\\\/produkt\\\/pronovias-brollopsklanning-panjin\\\/\",\"url\":\"https:\\\/\\\/promsandweddings.se\\\/produkt\\\/pronovias-brollopsklanning-panjin\\\/\",\"name\":\"Panjin \u2013 Romantisk spetsbrudkl\u00e4nning med l\u00e5ng \u00e4rm | Pronovias\",\"isPartOf\":{\"@id\":\"https:\\\/\\\/promsandweddings.se\\\/#website\"},\"primaryImageOfPage\":{\"@id\":\"https:\\\/\\\/promsandweddings.se\\\/produkt\\\/pronovias-brollopsklanning-panjin\\\/#primaryimage\"},\"image\":{\"@id\":\"https:\\\/\\\/promsandweddings.se\\\/produkt\\\/pronovias-brollopsklanning-panjin\\\/#primaryimage\"},\"thumbnailUrl\":\"https:\\\/\\\/promsandweddings.se\\\/wp-content\\\/uploads\\\/2026\\\/03\\\/PANJIN_D.jpg\",\"datePublished\":\"2026-03-15T21:56:53+00:00\",\"dateModified\":\"2026-05-14T11:34:50+00:00\",\"description\":\"Romantisk spetsbrudkl\u00e4nning fr\u00e5n Pronovias. Panjin har l\u00e5ng \u00e4rm, figurn\u00e4ra passform och elegant spets f\u00f6r en tidl\u00f6s look.\",\"breadcrumb\":{\"@id\":\"https:\\\/\\\/promsandweddings.se\\\/produkt\\\/pronovias-brollopsklanning-panjin\\\/#breadcrumb\"},\"inLanguage\":\"da-DK\",\"potentialAction\":[{\"@type\":\"ReadAction\",\"target\":[\"https:\\\/\\\/promsandweddings.se\\\/produkt\\\/pronovias-brollopsklanning-panjin\\\/\"]}]},{\"@type\":\"ImageObject\",\"inLanguage\":\"da-DK\",\"@id\":\"https:\\\/\\\/promsandweddings.se\\\/produkt\\\/pronovias-brollopsklanning-panjin\\\/#primaryimage\",\"url\":\"https:\\\/\\\/promsandweddings.se\\\/wp-content\\\/uploads\\\/2026\\\/03\\\/PANJIN_D.jpg\",\"contentUrl\":\"https:\\\/\\\/promsandweddings.se\\\/wp-content\\\/uploads\\\/2026\\\/03\\\/PANJIN_D.jpg\",\"width\":848,\"height\":1200},{\"@type\":\"BreadcrumbList\",\"@id\":\"https:\\\/\\\/promsandweddings.se\\\/produkt\\\/pronovias-brollopsklanning-panjin\\\/#breadcrumb\",\"itemListElement\":[{\"@type\":\"ListItem\",\"position\":1,\"name\":\"Home\",\"item\":\"https:\\\/\\\/promsandweddings.se\\\/\"},{\"@type\":\"ListItem\",\"position\":2,\"name\":\"Webshop\",\"item\":\"https:\\\/\\\/promsandweddings.se\\\/webshop\\\/\"},{\"@type\":\"ListItem\",\"position\":3,\"name\":\"Pronovias br\u00f6llopskl\u00e4nning Panjin\"}]},{\"@type\":\"WebSite\",\"@id\":\"https:\\\/\\\/promsandweddings.se\\\/#website\",\"url\":\"https:\\\/\\\/promsandweddings.se\\\/\",\"name\":\"Proms and Weddings\",\"description\":\"Hitta din dr\u00f6mkl\u00e4nning\",\"publisher\":{\"@id\":\"https:\\\/\\\/promsandweddings.se\\\/#organization\"},\"alternateName\":\"Proms & Weddings\",\"potentialAction\":[{\"@type\":\"SearchAction\",\"target\":{\"@type\":\"EntryPoint\",\"urlTemplate\":\"https:\\\/\\\/promsandweddings.se\\\/?s={search_term_string}\"},\"query-input\":{\"@type\":\"PropertyValueSpecification\",\"valueRequired\":true,\"valueName\":\"search_term_string\"}}],\"inLanguage\":\"da-DK\"},{\"@type\":\"Organization\",\"@id\":\"https:\\\/\\\/promsandweddings.se\\\/#organization\",\"name\":\"Proms & Weddings\",\"url\":\"https:\\\/\\\/promsandweddings.se\\\/\",\"logo\":{\"@type\":\"ImageObject\",\"inLanguage\":\"da-DK\",\"@id\":\"https:\\\/\\\/promsandweddings.se\\\/#\\\/schema\\\/logo\\\/image\\\/\",\"url\":\"https:\\\/\\\/promsandweddings.se\\\/wp-content\\\/uploads\\\/2026\\\/03\\\/pwlogosv-2-2.webp\",\"contentUrl\":\"https:\\\/\\\/promsandweddings.se\\\/wp-content\\\/uploads\\\/2026\\\/03\\\/pwlogosv-2-2.webp\",\"width\":556,\"height\":152,\"caption\":\"Proms & Weddings\"},\"image\":{\"@id\":\"https:\\\/\\\/promsandweddings.se\\\/#\\\/schema\\\/logo\\\/image\\\/\"},\"sameAs\":[\"https:\\\/\\\/www.facebook.com\\\/promsandweddings\",\"https:\\\/\\\/x.com\\\/PromsWeddings\",\"https:\\\/\\\/www.instagram.com\\\/promsandweddings\\\/\",\"https:\\\/\\\/www.youtube.com\\\/@promsandweddings\\\/shorts\",\"https:\\\/\\\/www.tiktok.com\\\/@promsandweddings\",\"https:\\\/\\\/se.pinterest.com\\\/promsandwedding\"]}]}<\/script>\n<!-- \/ Yoast SEO plugin. -->","yoast_head_json":{"title":"Panjin \u2013 Romantisk spetsbrudkl\u00e4nning med l\u00e5ng \u00e4rm | Pronovias","description":"Romantisk spetsbrudkl\u00e4nning fr\u00e5n Pronovias. Panjin har l\u00e5ng \u00e4rm, figurn\u00e4ra passform och elegant spets f\u00f6r en tidl\u00f6s look.","robots":{"index":"index","follow":"follow","max-snippet":"max-snippet:-1","max-image-preview":"max-image-preview:large","max-video-preview":"max-video-preview:-1"},"canonical":"https:\/\/promsandweddings.se\/dk\/vare\/pronovias-brollopsklanning-panjin\/","og_locale":"da_DK","og_type":"article","og_title":"Panjin \u2013 Romantisk spetsbrudkl\u00e4nning med l\u00e5ng \u00e4rm | Pronovias","og_description":"Romantisk spetsbrudkl\u00e4nning fr\u00e5n Pronovias. Panjin har l\u00e5ng \u00e4rm, figurn\u00e4ra passform och elegant spets f\u00f6r en tidl\u00f6s look.","og_url":"https:\/\/promsandweddings.se\/dk\/vare\/pronovias-brollopsklanning-panjin\/","og_site_name":"Proms and Weddings","article_publisher":"https:\/\/www.facebook.com\/promsandweddings","article_modified_time":"2026-05-14T11:34:50+00:00","og_image":[{"width":848,"height":1200,"url":"https:\/\/promsandweddings.se\/wp-content\/uploads\/2026\/03\/PANJIN_D.jpg","type":"image\/jpeg"}],"twitter_card":"summary_large_image","twitter_site":"@PromsWeddings","twitter_misc":{"Estimeret l\u00e6setid":"1 minut"},"schema":{"@context":"https:\/\/schema.org","@graph":[{"@type":"WebPage","@id":"https:\/\/promsandweddings.se\/produkt\/pronovias-brollopsklanning-panjin\/","url":"https:\/\/promsandweddings.se\/produkt\/pronovias-brollopsklanning-panjin\/","name":"Panjin \u2013 Romantisk spetsbrudkl\u00e4nning med l\u00e5ng \u00e4rm | Pronovias","isPartOf":{"@id":"https:\/\/promsandweddings.se\/#website"},"primaryImageOfPage":{"@id":"https:\/\/promsandweddings.se\/produkt\/pronovias-brollopsklanning-panjin\/#primaryimage"},"image":{"@id":"https:\/\/promsandweddings.se\/produkt\/pronovias-brollopsklanning-panjin\/#primaryimage"},"thumbnailUrl":"https:\/\/promsandweddings.se\/wp-content\/uploads\/2026\/03\/PANJIN_D.jpg","datePublished":"2026-03-15T21:56:53+00:00","dateModified":"2026-05-14T11:34:50+00:00","description":"Romantisk spetsbrudkl\u00e4nning fr\u00e5n Pronovias. Panjin har l\u00e5ng \u00e4rm, figurn\u00e4ra passform och elegant spets f\u00f6r en tidl\u00f6s look.","breadcrumb":{"@id":"https:\/\/promsandweddings.se\/produkt\/pronovias-brollopsklanning-panjin\/#breadcrumb"},"inLanguage":"da-DK","potentialAction":[{"@type":"ReadAction","target":["https:\/\/promsandweddings.se\/produkt\/pronovias-brollopsklanning-panjin\/"]}]},{"@type":"ImageObject","inLanguage":"da-DK","@id":"https:\/\/promsandweddings.se\/produkt\/pronovias-brollopsklanning-panjin\/#primaryimage","url":"https:\/\/promsandweddings.se\/wp-content\/uploads\/2026\/03\/PANJIN_D.jpg","contentUrl":"https:\/\/promsandweddings.se\/wp-content\/uploads\/2026\/03\/PANJIN_D.jpg","width":848,"height":1200},{"@type":"BreadcrumbList","@id":"https:\/\/promsandweddings.se\/produkt\/pronovias-brollopsklanning-panjin\/#breadcrumb","itemListElement":[{"@type":"ListItem","position":1,"name":"Home","item":"https:\/\/promsandweddings.se\/"},{"@type":"ListItem","position":2,"name":"Webshop","item":"https:\/\/promsandweddings.se\/webshop\/"},{"@type":"ListItem","position":3,"name":"Pronovias br\u00f6llopskl\u00e4nning Panjin"}]},{"@type":"WebSite","@id":"https:\/\/promsandweddings.se\/#website","url":"https:\/\/promsandweddings.se\/","name":"Proms and Weddings","description":"Find din dr\u00f8mmekjole","publisher":{"@id":"https:\/\/promsandweddings.se\/#organization"},"alternateName":"Proms & Weddings","potentialAction":[{"@type":"SearchAction","target":{"@type":"EntryPoint","urlTemplate":"https:\/\/promsandweddings.se\/?s={search_term_string}"},"query-input":{"@type":"PropertyValueSpecification","valueRequired":true,"valueName":"search_term_string"}}],"inLanguage":"da-DK"},{"@type":"Organization","@id":"https:\/\/promsandweddings.se\/#organization","name":"Proms &amp; Weddings","url":"https:\/\/promsandweddings.se\/","logo":{"@type":"ImageObject","inLanguage":"da-DK","@id":"https:\/\/promsandweddings.se\/#\/schema\/logo\/image\/","url":"https:\/\/promsandweddings.se\/wp-content\/uploads\/2026\/03\/pwlogosv-2-2.webp","contentUrl":"https:\/\/promsandweddings.se\/wp-content\/uploads\/2026\/03\/pwlogosv-2-2.webp","width":556,"height":152,"caption":"Proms & Weddings"},"image":{"@id":"https:\/\/promsandweddings.se\/#\/schema\/logo\/image\/"},"sameAs":["https:\/\/www.facebook.com\/promsandweddings","https:\/\/x.com\/PromsWeddings","https:\/\/www.instagram.com\/promsandweddings\/","https:\/\/www.youtube.com\/@promsandweddings\/shorts","https:\/\/www.tiktok.com\/@promsandweddings","https:\/\/se.pinterest.com\/promsandwedding"]}]}},"jetpack_sharing_enabled":true,"brands":[],"_links":{"self":[{"href":"https:\/\/promsandweddings.se\/dk\/wp-json\/wp\/v2\/product\/27192","targetHints":{"allow":["GET"]}}],"collection":[{"href":"https:\/\/promsandweddings.se\/dk\/wp-json\/wp\/v2\/product"}],"about":[{"href":"https:\/\/promsandweddings.se\/dk\/wp-json\/wp\/v2\/types\/product"}],"wp:featuredmedia":[{"embeddable":true,"href":"https:\/\/promsandweddings.se\/dk\/wp-json\/wp\/v2\/media\/27285"}],"wp:attachment":[{"href":"https:\/\/promsandweddings.se\/dk\/wp-json\/wp\/v2\/media?parent=27192"}],"wp:term":[{"taxonomy":"pwb-brand","embeddable":true,"href":"https:\/\/promsandweddings.se\/dk\/wp-json\/wp\/v2\/pwb-brand?post=27192"},{"taxonomy":"product_brand","embeddable":true,"href":"https:\/\/promsandweddings.se\/dk\/wp-json\/wp\/v2\/product_brand?post=27192"},{"taxonomy":"product_cat","embeddable":true,"href":"https:\/\/promsandweddings.se\/dk\/wp-json\/wp\/v2\/product_cat?post=27192"},{"taxonomy":"product_tag","embeddable":true,"href":"https:\/\/promsandweddings.se\/dk\/wp-json\/wp\/v2\/product_tag?post=27192"}],"curies":[{"name":"wp","href":"https:\/\/api.w.org\/{rel}","templated":true}]}}