{"id":28014,"date":"2026-03-15T23:23:57","date_gmt":"2026-03-15T22:23:57","guid":{"rendered":"https:\/\/promsandweddings.se\/?post_type=product&#038;p=28014"},"modified":"2026-03-15T23:27:17","modified_gmt":"2026-03-15T22:27:17","slug":"ladivine-t707-glamouros-glitterklanning-med-korsettliv-och-slits","status":"publish","type":"product","link":"https:\/\/promsandweddings.se\/dk\/produkt\/ladivine-t707-glamouros-glitterklanning-med-korsettliv-och-slits\/","title":{"rendered":"Ladivine T707 \u2013 Glamour\u00f8s glitterkjole med korsettliv og slids"},"content":{"rendered":"<p data-start=\"268\" data-end=\"491\"><strong data-start=\"268\" data-end=\"346\">Ladivine T707 kombinerer moderne glamour med en tidl\u00f8s og selvsikker stil.<\/strong> Denne glimrende aftonkjole med korsettliv og slids passer perfekt til bal, gala eller andre festlige lejligheder, hvor du vil stikke ud.<\/p>\n<p data-start=\"493\" data-end=\"756\">Designet fremh\u00e6ver kroppen med en figurbetonende pasform og et struktureret liv, der former brystet. De tynde skulderremme giver en balanceret og elegant kontrast til det markerede overlivet. Derudover giver slidsene foran kjolen b\u00e5de bev\u00e6gelse og en dramatisk touch.<\/p>\n<p data-start=\"758\" data-end=\"926\">Stoffet glimrer smukt i lyset, som g\u00f8r, at du fanger blikke fra alle sider. Du kan let bev\u00e6ge dig frit, samtidigt med at du beholder en eksklusiv og feminin f\u00f8lelse.<\/p>\n<p data-start=\"928\" data-end=\"1139\">T707 findes i flere forskellige farver, s\u00e5 du har mulighed for at v\u00e6lge den nuance, der passer til just din stil og lejligheden, du kl\u00e6der dig op til. Det skimrende materiale forst\u00e6rker hvert farvevalg med dybde og glans.<\/p>\n<p data-start=\"1141\" data-end=\"1431\">Kjolen er skabt for dig, der vil lave entr\u00e9 med selvtillid. Den udstr\u00e5ler styrke, glamour og karisma \u2013 og f\u00e5r dig til at f\u00f8le dig som aftenens midtpunkt. Uanset om du skal til en bal eller en s\u00e6rlig begivenhed, s\u00e5 vil Ladivine T707 give dig den der luksusf\u00f8lelse, du s\u00f8ger.<\/p>\n<p>Du kan altid finde smukke<a href=\"https:\/\/promsandweddings.se\/dk\/vare-kategori\/smycken\/\"> smycken<\/a> der passer til kjolen<\/p>","protected":false},"excerpt":{"rendered":"<p><strong>af <a href=\"https:\/\/www.ladivine.com\">CINDERELLA DIVINE<\/a>\u00a0<\/strong><\/p>\n<p>&nbsp;<\/p>","protected":false},"featured_media":28109,"template":"","meta":[],"pwb-brand":[],"product_brand":[],"product_cat":[57,58,78,56,59,60,82,85,86,83],"product_tag":[65,66,67],"class_list":{"0":"post-28014","1":"product","2":"type-product","3":"status-publish","4":"has-post-thumbnail","6":"product_cat-aftonklanningar","7":"product_cat-balklanningar","8":"product_cat-cinderella-divine","9":"product_cat-festklanningar","10":"product_cat-forlovningsklanning","11":"product_cat-klanning-brollopsgast","12":"product_cat-langa-balklanningar","13":"product_cat-langa-klanningar","14":"product_cat-langklanning-fest","15":"product_cat-plus-size","16":"product_tag-balklanning","17":"product_tag-festklanning","18":"product_tag-klanning","19":"product_shipping_class-festklanningar","21":"first","22":"instock","23":"shipping-taxable","24":"purchasable","25":"product-type-variable"},"yoast_head":"<!-- This site is optimized with the Yoast SEO plugin v27.5 - https:\/\/yoast.com\/product\/yoast-seo-wordpress\/ -->\n<title>Ladivine T707 \u2013 Glittrande aftonkl\u00e4nning med slits och korsettliv<\/title>\n<meta name=\"description\" content=\"Ladivine T707 \u2013 en glittrande aftonkl\u00e4nning med korsettliv och slits. Perfekt f\u00f6r bal, gala eller fest. Finns i flera eleganta f\u00e4rger.\" \/>\n<meta name=\"robots\" content=\"index, follow, max-snippet:-1, max-image-preview:large, max-video-preview:-1\" \/>\n<link rel=\"canonical\" href=\"https:\/\/promsandweddings.se\/dk\/vare\/ladivine-t707-glamouros-glitterklanning-med-korsettliv-och-slits\/\" \/>\n<meta property=\"og:locale\" content=\"da_DK\" \/>\n<meta property=\"og:type\" content=\"article\" \/>\n<meta property=\"og:title\" content=\"Ladivine T707 \u2013 Glittrande aftonkl\u00e4nning med slits och korsettliv\" \/>\n<meta property=\"og:description\" content=\"Ladivine T707 \u2013 en glittrande aftonkl\u00e4nning med korsettliv och slits. Perfekt f\u00f6r bal, gala eller fest. Finns i flera eleganta f\u00e4rger.\" \/>\n<meta property=\"og:url\" content=\"https:\/\/promsandweddings.se\/dk\/vare\/ladivine-t707-glamouros-glitterklanning-med-korsettliv-och-slits\/\" \/>\n<meta property=\"og:site_name\" content=\"Proms and Weddings\" \/>\n<meta property=\"article:publisher\" content=\"https:\/\/www.facebook.com\/promsandweddings\" \/>\n<meta property=\"article:modified_time\" content=\"2026-03-15T22:27:17+00:00\" \/>\n<meta property=\"og:image\" content=\"https:\/\/promsandweddings.se\/wp-content\/uploads\/2026\/03\/t707_dusty-rose_front.jpg\" \/>\n\t<meta property=\"og:image:width\" content=\"800\" \/>\n\t<meta property=\"og:image:height\" content=\"1200\" \/>\n\t<meta property=\"og:image:type\" content=\"image\/jpeg\" \/>\n<meta name=\"twitter:card\" content=\"summary_large_image\" \/>\n<meta name=\"twitter:site\" content=\"@PromsWeddings\" \/>\n<meta name=\"twitter:label1\" content=\"Estimeret l\u00e6setid\" \/>\n\t<meta name=\"twitter:data1\" content=\"1 minut\" \/>\n<script type=\"application\/ld+json\" class=\"yoast-schema-graph\">{\"@context\":\"https:\\\/\\\/schema.org\",\"@graph\":[{\"@type\":\"WebPage\",\"@id\":\"https:\\\/\\\/promsandweddings.se\\\/produkt\\\/ladivine-t707-glamouros-glitterklanning-med-korsettliv-och-slits\\\/\",\"url\":\"https:\\\/\\\/promsandweddings.se\\\/produkt\\\/ladivine-t707-glamouros-glitterklanning-med-korsettliv-och-slits\\\/\",\"name\":\"Ladivine T707 \u2013 Glittrande aftonkl\u00e4nning med slits och korsettliv\",\"isPartOf\":{\"@id\":\"https:\\\/\\\/promsandweddings.se\\\/#website\"},\"primaryImageOfPage\":{\"@id\":\"https:\\\/\\\/promsandweddings.se\\\/produkt\\\/ladivine-t707-glamouros-glitterklanning-med-korsettliv-och-slits\\\/#primaryimage\"},\"image\":{\"@id\":\"https:\\\/\\\/promsandweddings.se\\\/produkt\\\/ladivine-t707-glamouros-glitterklanning-med-korsettliv-och-slits\\\/#primaryimage\"},\"thumbnailUrl\":\"https:\\\/\\\/promsandweddings.se\\\/wp-content\\\/uploads\\\/2026\\\/03\\\/t707_dusty-rose_front.jpg\",\"datePublished\":\"2026-03-15T22:23:57+00:00\",\"dateModified\":\"2026-03-15T22:27:17+00:00\",\"description\":\"Ladivine T707 \u2013 en glittrande aftonkl\u00e4nning med korsettliv och slits. Perfekt f\u00f6r bal, gala eller fest. Finns i flera eleganta f\u00e4rger.\",\"breadcrumb\":{\"@id\":\"https:\\\/\\\/promsandweddings.se\\\/produkt\\\/ladivine-t707-glamouros-glitterklanning-med-korsettliv-och-slits\\\/#breadcrumb\"},\"inLanguage\":\"da-DK\",\"potentialAction\":[{\"@type\":\"ReadAction\",\"target\":[\"https:\\\/\\\/promsandweddings.se\\\/produkt\\\/ladivine-t707-glamouros-glitterklanning-med-korsettliv-och-slits\\\/\"]}]},{\"@type\":\"ImageObject\",\"inLanguage\":\"da-DK\",\"@id\":\"https:\\\/\\\/promsandweddings.se\\\/produkt\\\/ladivine-t707-glamouros-glitterklanning-med-korsettliv-och-slits\\\/#primaryimage\",\"url\":\"https:\\\/\\\/promsandweddings.se\\\/wp-content\\\/uploads\\\/2026\\\/03\\\/t707_dusty-rose_front.jpg\",\"contentUrl\":\"https:\\\/\\\/promsandweddings.se\\\/wp-content\\\/uploads\\\/2026\\\/03\\\/t707_dusty-rose_front.jpg\",\"width\":800,\"height\":1200},{\"@type\":\"BreadcrumbList\",\"@id\":\"https:\\\/\\\/promsandweddings.se\\\/produkt\\\/ladivine-t707-glamouros-glitterklanning-med-korsettliv-och-slits\\\/#breadcrumb\",\"itemListElement\":[{\"@type\":\"ListItem\",\"position\":1,\"name\":\"Home\",\"item\":\"https:\\\/\\\/promsandweddings.se\\\/\"},{\"@type\":\"ListItem\",\"position\":2,\"name\":\"Webshop\",\"item\":\"https:\\\/\\\/promsandweddings.se\\\/webshop\\\/\"},{\"@type\":\"ListItem\",\"position\":3,\"name\":\"Ladivine T707 \u2013 Glamour\u00f6s glitterkl\u00e4nning med korsettliv och slits\"}]},{\"@type\":\"WebSite\",\"@id\":\"https:\\\/\\\/promsandweddings.se\\\/#website\",\"url\":\"https:\\\/\\\/promsandweddings.se\\\/\",\"name\":\"Proms and Weddings\",\"description\":\"Hitta din dr\u00f6mkl\u00e4nning\",\"publisher\":{\"@id\":\"https:\\\/\\\/promsandweddings.se\\\/#organization\"},\"alternateName\":\"Proms & Weddings\",\"potentialAction\":[{\"@type\":\"SearchAction\",\"target\":{\"@type\":\"EntryPoint\",\"urlTemplate\":\"https:\\\/\\\/promsandweddings.se\\\/?s={search_term_string}\"},\"query-input\":{\"@type\":\"PropertyValueSpecification\",\"valueRequired\":true,\"valueName\":\"search_term_string\"}}],\"inLanguage\":\"da-DK\"},{\"@type\":\"Organization\",\"@id\":\"https:\\\/\\\/promsandweddings.se\\\/#organization\",\"name\":\"Proms & Weddings\",\"url\":\"https:\\\/\\\/promsandweddings.se\\\/\",\"logo\":{\"@type\":\"ImageObject\",\"inLanguage\":\"da-DK\",\"@id\":\"https:\\\/\\\/promsandweddings.se\\\/#\\\/schema\\\/logo\\\/image\\\/\",\"url\":\"https:\\\/\\\/promsandweddings.se\\\/wp-content\\\/uploads\\\/2026\\\/03\\\/pwlogosv-2-2.webp\",\"contentUrl\":\"https:\\\/\\\/promsandweddings.se\\\/wp-content\\\/uploads\\\/2026\\\/03\\\/pwlogosv-2-2.webp\",\"width\":556,\"height\":152,\"caption\":\"Proms & Weddings\"},\"image\":{\"@id\":\"https:\\\/\\\/promsandweddings.se\\\/#\\\/schema\\\/logo\\\/image\\\/\"},\"sameAs\":[\"https:\\\/\\\/www.facebook.com\\\/promsandweddings\",\"https:\\\/\\\/x.com\\\/PromsWeddings\",\"https:\\\/\\\/www.instagram.com\\\/promsandweddings\\\/\",\"https:\\\/\\\/www.youtube.com\\\/@promsandweddings\\\/shorts\",\"https:\\\/\\\/www.tiktok.com\\\/@promsandweddings\",\"https:\\\/\\\/se.pinterest.com\\\/promsandwedding\"]}]}<\/script>\n<!-- \/ Yoast SEO plugin. -->","yoast_head_json":{"title":"Ladivine T707 \u2013 Glimrende aftonkjole med slids og korsettliv","description":"Ladivine T707 \u2013 en glimrende aftonkjole med korsettliv og slids. Perfekt til bal, gala eller fest. Findes i flere elegante farver.","robots":{"index":"index","follow":"follow","max-snippet":"max-snippet:-1","max-image-preview":"max-image-preview:large","max-video-preview":"max-video-preview:-1"},"canonical":"https:\/\/promsandweddings.se\/dk\/vare\/ladivine-t707-glamouros-glitterklanning-med-korsettliv-och-slits\/","og_locale":"da_DK","og_type":"article","og_title":"Ladivine T707 \u2013 Glittrande aftonkl\u00e4nning med slits och korsettliv","og_description":"Ladivine T707 \u2013 en glittrande aftonkl\u00e4nning med korsettliv och slits. Perfekt f\u00f6r bal, gala eller fest. Finns i flera eleganta f\u00e4rger.","og_url":"https:\/\/promsandweddings.se\/dk\/vare\/ladivine-t707-glamouros-glitterklanning-med-korsettliv-och-slits\/","og_site_name":"Proms and Weddings","article_publisher":"https:\/\/www.facebook.com\/promsandweddings","article_modified_time":"2026-03-15T22:27:17+00:00","og_image":[{"width":800,"height":1200,"url":"https:\/\/promsandweddings.se\/wp-content\/uploads\/2026\/03\/t707_dusty-rose_front.jpg","type":"image\/jpeg"}],"twitter_card":"summary_large_image","twitter_site":"@PromsWeddings","twitter_misc":{"Estimeret l\u00e6setid":"1 minut"},"schema":{"@context":"https:\/\/schema.org","@graph":[{"@type":"WebPage","@id":"https:\/\/promsandweddings.se\/produkt\/ladivine-t707-glamouros-glitterklanning-med-korsettliv-och-slits\/","url":"https:\/\/promsandweddings.se\/produkt\/ladivine-t707-glamouros-glitterklanning-med-korsettliv-och-slits\/","name":"Ladivine T707 \u2013 Glimrende aftonkjole med slids og korsettliv","isPartOf":{"@id":"https:\/\/promsandweddings.se\/#website"},"primaryImageOfPage":{"@id":"https:\/\/promsandweddings.se\/produkt\/ladivine-t707-glamouros-glitterklanning-med-korsettliv-och-slits\/#primaryimage"},"image":{"@id":"https:\/\/promsandweddings.se\/produkt\/ladivine-t707-glamouros-glitterklanning-med-korsettliv-och-slits\/#primaryimage"},"thumbnailUrl":"https:\/\/promsandweddings.se\/wp-content\/uploads\/2026\/03\/t707_dusty-rose_front.jpg","datePublished":"2026-03-15T22:23:57+00:00","dateModified":"2026-03-15T22:27:17+00:00","description":"Ladivine T707 \u2013 en glimrende aftonkjole med korsettliv og slids. Perfekt til bal, gala eller fest. Findes i flere elegante farver.","breadcrumb":{"@id":"https:\/\/promsandweddings.se\/produkt\/ladivine-t707-glamouros-glitterklanning-med-korsettliv-och-slits\/#breadcrumb"},"inLanguage":"da-DK","potentialAction":[{"@type":"ReadAction","target":["https:\/\/promsandweddings.se\/produkt\/ladivine-t707-glamouros-glitterklanning-med-korsettliv-och-slits\/"]}]},{"@type":"ImageObject","inLanguage":"da-DK","@id":"https:\/\/promsandweddings.se\/produkt\/ladivine-t707-glamouros-glitterklanning-med-korsettliv-och-slits\/#primaryimage","url":"https:\/\/promsandweddings.se\/wp-content\/uploads\/2026\/03\/t707_dusty-rose_front.jpg","contentUrl":"https:\/\/promsandweddings.se\/wp-content\/uploads\/2026\/03\/t707_dusty-rose_front.jpg","width":800,"height":1200},{"@type":"BreadcrumbList","@id":"https:\/\/promsandweddings.se\/produkt\/ladivine-t707-glamouros-glitterklanning-med-korsettliv-och-slits\/#breadcrumb","itemListElement":[{"@type":"ListItem","position":1,"name":"Home","item":"https:\/\/promsandweddings.se\/"},{"@type":"ListItem","position":2,"name":"Webshop","item":"https:\/\/promsandweddings.se\/webshop\/"},{"@type":"ListItem","position":3,"name":"Ladivine T707 \u2013 Glamour\u00f6s glitterkl\u00e4nning med korsettliv och slits"}]},{"@type":"WebSite","@id":"https:\/\/promsandweddings.se\/#website","url":"https:\/\/promsandweddings.se\/","name":"Proms and Weddings","description":"Find din dr\u00f8mmekjole","publisher":{"@id":"https:\/\/promsandweddings.se\/#organization"},"alternateName":"Proms & Weddings","potentialAction":[{"@type":"SearchAction","target":{"@type":"EntryPoint","urlTemplate":"https:\/\/promsandweddings.se\/?s={search_term_string}"},"query-input":{"@type":"PropertyValueSpecification","valueRequired":true,"valueName":"search_term_string"}}],"inLanguage":"da-DK"},{"@type":"Organization","@id":"https:\/\/promsandweddings.se\/#organization","name":"Proms &amp; Weddings","url":"https:\/\/promsandweddings.se\/","logo":{"@type":"ImageObject","inLanguage":"da-DK","@id":"https:\/\/promsandweddings.se\/#\/schema\/logo\/image\/","url":"https:\/\/promsandweddings.se\/wp-content\/uploads\/2026\/03\/pwlogosv-2-2.webp","contentUrl":"https:\/\/promsandweddings.se\/wp-content\/uploads\/2026\/03\/pwlogosv-2-2.webp","width":556,"height":152,"caption":"Proms & Weddings"},"image":{"@id":"https:\/\/promsandweddings.se\/#\/schema\/logo\/image\/"},"sameAs":["https:\/\/www.facebook.com\/promsandweddings","https:\/\/x.com\/PromsWeddings","https:\/\/www.instagram.com\/promsandweddings\/","https:\/\/www.youtube.com\/@promsandweddings\/shorts","https:\/\/www.tiktok.com\/@promsandweddings","https:\/\/se.pinterest.com\/promsandwedding"]}]}},"jetpack_sharing_enabled":true,"brands":[],"_links":{"self":[{"href":"https:\/\/promsandweddings.se\/dk\/wp-json\/wp\/v2\/product\/28014","targetHints":{"allow":["GET"]}}],"collection":[{"href":"https:\/\/promsandweddings.se\/dk\/wp-json\/wp\/v2\/product"}],"about":[{"href":"https:\/\/promsandweddings.se\/dk\/wp-json\/wp\/v2\/types\/product"}],"wp:featuredmedia":[{"embeddable":true,"href":"https:\/\/promsandweddings.se\/dk\/wp-json\/wp\/v2\/media\/28109"}],"wp:attachment":[{"href":"https:\/\/promsandweddings.se\/dk\/wp-json\/wp\/v2\/media?parent=28014"}],"wp:term":[{"taxonomy":"pwb-brand","embeddable":true,"href":"https:\/\/promsandweddings.se\/dk\/wp-json\/wp\/v2\/pwb-brand?post=28014"},{"taxonomy":"product_brand","embeddable":true,"href":"https:\/\/promsandweddings.se\/dk\/wp-json\/wp\/v2\/product_brand?post=28014"},{"taxonomy":"product_cat","embeddable":true,"href":"https:\/\/promsandweddings.se\/dk\/wp-json\/wp\/v2\/product_cat?post=28014"},{"taxonomy":"product_tag","embeddable":true,"href":"https:\/\/promsandweddings.se\/dk\/wp-json\/wp\/v2\/product_tag?post=28014"}],"curies":[{"name":"wp","href":"https:\/\/api.w.org\/{rel}","templated":true}]}}