{"id":28021,"date":"2026-03-15T23:23:57","date_gmt":"2026-03-15T22:23:57","guid":{"rendered":"https:\/\/promsandweddings.se\/?post_type=product&#038;p=28021"},"modified":"2026-04-15T10:58:57","modified_gmt":"2026-04-15T08:58:57","slug":"olga-brollopsklanning-bianco-evento","status":"publish","type":"product","link":"https:\/\/promsandweddings.se\/dk\/produkt\/olga-brollopsklanning-bianco-evento\/","title":{"rendered":"Olga bryllupskjole Bianco Evento"},"content":{"rendered":"<p>&nbsp;<\/p>\n<p><em>Find inspiration i ro og stilhed i vores <a href=\"https:\/\/promsandweddings.se\/dk\/webbshop\/\">webshop<\/a>.<\/em><\/p>\n<p style=\"text-align: left;\"><em>Vi har ogs\u00e5\u00a0<a href=\"https:\/\/promsandweddings.se\/dk\/vare-kategori\/skor\/\">sko<\/a>,\u00a0<a href=\"https:\/\/promsandweddings.se\/dk\/vare-kategori\/smycken\/\">smycken<\/a>, accs,\u00a0<a href=\"https:\/\/promsandweddings.se\/dk\/vare-kategori\/klanningar\/festklanninger\/\">bal- og festkjoler<\/a>.<\/em><\/p>","protected":false},"excerpt":{"rendered":"<p><strong data-start=\"463\" data-end=\"471\">Olga<\/strong>\u00a0er en brudekjole fra\u00a0<strong data-start=\"500\" data-end=\"541\"><span class=\"hover:entity-accent entity-underline inline cursor-pointer align-baseline\"><span class=\"whitespace-normal\">Bianco Evento<\/span><\/span><\/strong>.<br data-start=\"542\" data-end=\"545\" \/>En mjuk och feminin br\u00f6llopskl\u00e4nning med f\u00f6ljsamt fall och diskreta detaljer som skapar ett romantiskt men stillsamt uttryck. Olga k\u00e4nns harmonisk och trygg \u2013 f\u00f6r bruden som vill ha klassisk enkelhet med varm k\u00e4nsla.<\/p>\n<p><em>(Kontakt os for pris, booking og pr\u00f8vning af brudekjoler)<\/em><\/p>\n<p>&nbsp;<\/p>\n<p>&nbsp;<\/p>","protected":false},"featured_media":28131,"template":"","meta":[],"pwb-brand":[],"product_brand":[],"product_cat":[165,166,169,38,16,17],"product_tag":[123,167,25,22,91,171],"class_list":{"0":"post-28021","1":"product","2":"type-product","3":"status-publish","4":"has-post-thumbnail","6":"product_cat-bianco-evento","7":"product_cat-bianco-evento-2022","8":"product_cat-bohemiska-brollopsklanningar","9":"product_cat-brollopsklanningar-i-plus-size","10":"product_cat-klanningar","11":"product_cat-brudklanningar","12":"product_tag-bianco-evento","13":"product_tag-brollop","14":"product_tag-brollopsklanning","15":"product_tag-brudklanning","16":"product_tag-spets","17":"product_tag-tyll","18":"product_shipping_class-festklanningar","20":"first","21":"instock","22":"shipping-taxable","23":"product-type-simple"},"yoast_head":"<!-- This site is optimized with the Yoast SEO plugin v27.4 - https:\/\/yoast.com\/product\/yoast-seo-wordpress\/ -->\n<title>Olga br\u00f6llopskl\u00e4nning Bianco Evento br\u00f6llopskl\u00e4nning Bianco Evento |\u00a0Proms and Weddings \u00ae<\/title>\n<meta name=\"description\" content=\"Olga br\u00f6llopskl\u00e4nning Bianco Evento br\u00f6llopskl\u00e4nning . K\u00f6p vackra fest- och br\u00f6llopskl\u00e4der online hos Proms and Weddings. \u2713 Stort sortiment. \u2713 K\u00e4nda varum\u00e4rken. V\u00e4lkommen!\" \/>\n<meta name=\"robots\" content=\"index, follow, max-snippet:-1, max-image-preview:large, max-video-preview:-1\" \/>\n<link rel=\"canonical\" href=\"https:\/\/promsandweddings.se\/dk\/vare\/olga-brollopsklanning-bianco-evento\/\" \/>\n<meta property=\"og:locale\" content=\"da_DK\" \/>\n<meta property=\"og:type\" content=\"article\" \/>\n<meta property=\"og:title\" content=\"Olga br\u00f6llopskl\u00e4nning Bianco Evento br\u00f6llopskl\u00e4nning Bianco Evento |\u00a0Proms and Weddings \u00ae\" \/>\n<meta property=\"og:description\" content=\"Olga br\u00f6llopskl\u00e4nning Bianco Evento br\u00f6llopskl\u00e4nning . K\u00f6p vackra fest- och br\u00f6llopskl\u00e4der online hos Proms and Weddings. \u2713 Stort sortiment. \u2713 K\u00e4nda varum\u00e4rken. V\u00e4lkommen!\" \/>\n<meta property=\"og:url\" content=\"https:\/\/promsandweddings.se\/dk\/vare\/olga-brollopsklanning-bianco-evento\/\" \/>\n<meta property=\"og:site_name\" content=\"Proms and Weddings\" \/>\n<meta property=\"article:publisher\" content=\"https:\/\/www.facebook.com\/promsandweddings\" \/>\n<meta property=\"article:modified_time\" content=\"2026-04-15T08:58:57+00:00\" \/>\n<meta property=\"og:image\" content=\"https:\/\/promsandweddings.se\/wp-content\/uploads\/2026\/03\/be-bridal-dress-olga-_1_-scaled-1.jpg\" \/>\n\t<meta property=\"og:image:width\" content=\"1920\" \/>\n\t<meta property=\"og:image:height\" content=\"2560\" \/>\n\t<meta property=\"og:image:type\" content=\"image\/jpeg\" \/>\n<meta name=\"twitter:card\" content=\"summary_large_image\" \/>\n<meta name=\"twitter:site\" content=\"@PromsWeddings\" \/>\n<meta name=\"twitter:label1\" content=\"Estimeret l\u00e6setid\" \/>\n\t<meta name=\"twitter:data1\" content=\"1 minut\" \/>\n<script type=\"application\/ld+json\" class=\"yoast-schema-graph\">{\"@context\":\"https:\\\/\\\/schema.org\",\"@graph\":[{\"@type\":\"WebPage\",\"@id\":\"https:\\\/\\\/promsandweddings.se\\\/produkt\\\/olga-brollopsklanning-bianco-evento\\\/\",\"url\":\"https:\\\/\\\/promsandweddings.se\\\/produkt\\\/olga-brollopsklanning-bianco-evento\\\/\",\"name\":\"Olga br\u00f6llopskl\u00e4nning Bianco Evento br\u00f6llopskl\u00e4nning Bianco Evento |\u00a0Proms and Weddings \u00ae\",\"isPartOf\":{\"@id\":\"https:\\\/\\\/promsandweddings.se\\\/#website\"},\"primaryImageOfPage\":{\"@id\":\"https:\\\/\\\/promsandweddings.se\\\/produkt\\\/olga-brollopsklanning-bianco-evento\\\/#primaryimage\"},\"image\":{\"@id\":\"https:\\\/\\\/promsandweddings.se\\\/produkt\\\/olga-brollopsklanning-bianco-evento\\\/#primaryimage\"},\"thumbnailUrl\":\"https:\\\/\\\/promsandweddings.se\\\/wp-content\\\/uploads\\\/2026\\\/03\\\/be-bridal-dress-olga-_1_-scaled-1.jpg\",\"datePublished\":\"2026-03-15T22:23:57+00:00\",\"dateModified\":\"2026-04-15T08:58:57+00:00\",\"description\":\"Olga br\u00f6llopskl\u00e4nning Bianco Evento br\u00f6llopskl\u00e4nning . K\u00f6p vackra fest- och br\u00f6llopskl\u00e4der online hos Proms and Weddings. \u2713 Stort sortiment. \u2713 K\u00e4nda varum\u00e4rken. V\u00e4lkommen!\",\"breadcrumb\":{\"@id\":\"https:\\\/\\\/promsandweddings.se\\\/produkt\\\/olga-brollopsklanning-bianco-evento\\\/#breadcrumb\"},\"inLanguage\":\"da-DK\",\"potentialAction\":[{\"@type\":\"ReadAction\",\"target\":[\"https:\\\/\\\/promsandweddings.se\\\/produkt\\\/olga-brollopsklanning-bianco-evento\\\/\"]}]},{\"@type\":\"ImageObject\",\"inLanguage\":\"da-DK\",\"@id\":\"https:\\\/\\\/promsandweddings.se\\\/produkt\\\/olga-brollopsklanning-bianco-evento\\\/#primaryimage\",\"url\":\"https:\\\/\\\/promsandweddings.se\\\/wp-content\\\/uploads\\\/2026\\\/03\\\/be-bridal-dress-olga-_1_-scaled-1.jpg\",\"contentUrl\":\"https:\\\/\\\/promsandweddings.se\\\/wp-content\\\/uploads\\\/2026\\\/03\\\/be-bridal-dress-olga-_1_-scaled-1.jpg\",\"width\":1920,\"height\":2560},{\"@type\":\"BreadcrumbList\",\"@id\":\"https:\\\/\\\/promsandweddings.se\\\/produkt\\\/olga-brollopsklanning-bianco-evento\\\/#breadcrumb\",\"itemListElement\":[{\"@type\":\"ListItem\",\"position\":1,\"name\":\"Home\",\"item\":\"https:\\\/\\\/promsandweddings.se\\\/\"},{\"@type\":\"ListItem\",\"position\":2,\"name\":\"Webshop\",\"item\":\"https:\\\/\\\/promsandweddings.se\\\/webshop\\\/\"},{\"@type\":\"ListItem\",\"position\":3,\"name\":\"Olga br\u00f6llopskl\u00e4nning Bianco Evento\"}]},{\"@type\":\"WebSite\",\"@id\":\"https:\\\/\\\/promsandweddings.se\\\/#website\",\"url\":\"https:\\\/\\\/promsandweddings.se\\\/\",\"name\":\"Proms and Weddings\",\"description\":\"Hitta din dr\u00f6mkl\u00e4nning\",\"publisher\":{\"@id\":\"https:\\\/\\\/promsandweddings.se\\\/#organization\"},\"alternateName\":\"Proms & Weddings\",\"potentialAction\":[{\"@type\":\"SearchAction\",\"target\":{\"@type\":\"EntryPoint\",\"urlTemplate\":\"https:\\\/\\\/promsandweddings.se\\\/?s={search_term_string}\"},\"query-input\":{\"@type\":\"PropertyValueSpecification\",\"valueRequired\":true,\"valueName\":\"search_term_string\"}}],\"inLanguage\":\"da-DK\"},{\"@type\":\"Organization\",\"@id\":\"https:\\\/\\\/promsandweddings.se\\\/#organization\",\"name\":\"Proms & Weddings\",\"url\":\"https:\\\/\\\/promsandweddings.se\\\/\",\"logo\":{\"@type\":\"ImageObject\",\"inLanguage\":\"da-DK\",\"@id\":\"https:\\\/\\\/promsandweddings.se\\\/#\\\/schema\\\/logo\\\/image\\\/\",\"url\":\"https:\\\/\\\/promsandweddings.se\\\/wp-content\\\/uploads\\\/2026\\\/03\\\/pwlogosv-2-2.webp\",\"contentUrl\":\"https:\\\/\\\/promsandweddings.se\\\/wp-content\\\/uploads\\\/2026\\\/03\\\/pwlogosv-2-2.webp\",\"width\":556,\"height\":152,\"caption\":\"Proms & Weddings\"},\"image\":{\"@id\":\"https:\\\/\\\/promsandweddings.se\\\/#\\\/schema\\\/logo\\\/image\\\/\"},\"sameAs\":[\"https:\\\/\\\/www.facebook.com\\\/promsandweddings\",\"https:\\\/\\\/x.com\\\/PromsWeddings\",\"https:\\\/\\\/www.instagram.com\\\/promsandweddings\\\/\",\"https:\\\/\\\/www.youtube.com\\\/@promsandweddings\\\/shorts\",\"https:\\\/\\\/www.tiktok.com\\\/@promsandweddings\",\"https:\\\/\\\/se.pinterest.com\\\/promsandwedding\"]}]}<\/script>\n<!-- \/ Yoast SEO plugin. -->","yoast_head_json":{"title":"Olga bryllupskjole Bianco Evento bryllupskjole Bianco Evento | Proms and Weddings \u00ae","description":"Olga bryllupskjole Bianco Evento bryllupskjole. K\u00f8b smukke fest- og bryllupskjoler online hos Proms and Weddings. \u2713 Stort sortiment. \u2713 Kendte m\u00e6rker. Velkommen!","robots":{"index":"index","follow":"follow","max-snippet":"max-snippet:-1","max-image-preview":"max-image-preview:large","max-video-preview":"max-video-preview:-1"},"canonical":"https:\/\/promsandweddings.se\/dk\/vare\/olga-brollopsklanning-bianco-evento\/","og_locale":"da_DK","og_type":"article","og_title":"Olga br\u00f6llopskl\u00e4nning Bianco Evento br\u00f6llopskl\u00e4nning Bianco Evento |\u00a0Proms and Weddings \u00ae","og_description":"Olga br\u00f6llopskl\u00e4nning Bianco Evento br\u00f6llopskl\u00e4nning . K\u00f6p vackra fest- och br\u00f6llopskl\u00e4der online hos Proms and Weddings. \u2713 Stort sortiment. \u2713 K\u00e4nda varum\u00e4rken. V\u00e4lkommen!","og_url":"https:\/\/promsandweddings.se\/dk\/vare\/olga-brollopsklanning-bianco-evento\/","og_site_name":"Proms and Weddings","article_publisher":"https:\/\/www.facebook.com\/promsandweddings","article_modified_time":"2026-04-15T08:58:57+00:00","og_image":[{"width":1920,"height":2560,"url":"https:\/\/promsandweddings.se\/wp-content\/uploads\/2026\/03\/be-bridal-dress-olga-_1_-scaled-1.jpg","type":"image\/jpeg"}],"twitter_card":"summary_large_image","twitter_site":"@PromsWeddings","twitter_misc":{"Estimeret l\u00e6setid":"1 minut"},"schema":{"@context":"https:\/\/schema.org","@graph":[{"@type":"WebPage","@id":"https:\/\/promsandweddings.se\/produkt\/olga-brollopsklanning-bianco-evento\/","url":"https:\/\/promsandweddings.se\/produkt\/olga-brollopsklanning-bianco-evento\/","name":"Olga bryllupskjole Bianco Evento bryllupskjole Bianco Evento | Proms and Weddings \u00ae","isPartOf":{"@id":"https:\/\/promsandweddings.se\/#website"},"primaryImageOfPage":{"@id":"https:\/\/promsandweddings.se\/produkt\/olga-brollopsklanning-bianco-evento\/#primaryimage"},"image":{"@id":"https:\/\/promsandweddings.se\/produkt\/olga-brollopsklanning-bianco-evento\/#primaryimage"},"thumbnailUrl":"https:\/\/promsandweddings.se\/wp-content\/uploads\/2026\/03\/be-bridal-dress-olga-_1_-scaled-1.jpg","datePublished":"2026-03-15T22:23:57+00:00","dateModified":"2026-04-15T08:58:57+00:00","description":"Olga bryllupskjole Bianco Evento bryllupskjole. K\u00f8b smukke fest- og bryllupskjoler online hos Proms and Weddings. \u2713 Stort sortiment. \u2713 Kendte m\u00e6rker. Velkommen!","breadcrumb":{"@id":"https:\/\/promsandweddings.se\/produkt\/olga-brollopsklanning-bianco-evento\/#breadcrumb"},"inLanguage":"da-DK","potentialAction":[{"@type":"ReadAction","target":["https:\/\/promsandweddings.se\/produkt\/olga-brollopsklanning-bianco-evento\/"]}]},{"@type":"ImageObject","inLanguage":"da-DK","@id":"https:\/\/promsandweddings.se\/produkt\/olga-brollopsklanning-bianco-evento\/#primaryimage","url":"https:\/\/promsandweddings.se\/wp-content\/uploads\/2026\/03\/be-bridal-dress-olga-_1_-scaled-1.jpg","contentUrl":"https:\/\/promsandweddings.se\/wp-content\/uploads\/2026\/03\/be-bridal-dress-olga-_1_-scaled-1.jpg","width":1920,"height":2560},{"@type":"BreadcrumbList","@id":"https:\/\/promsandweddings.se\/produkt\/olga-brollopsklanning-bianco-evento\/#breadcrumb","itemListElement":[{"@type":"ListItem","position":1,"name":"Home","item":"https:\/\/promsandweddings.se\/"},{"@type":"ListItem","position":2,"name":"Webshop","item":"https:\/\/promsandweddings.se\/webshop\/"},{"@type":"ListItem","position":3,"name":"Olga br\u00f6llopskl\u00e4nning Bianco Evento"}]},{"@type":"WebSite","@id":"https:\/\/promsandweddings.se\/#website","url":"https:\/\/promsandweddings.se\/","name":"Proms and Weddings","description":"Find din dr\u00f8mmekjole","publisher":{"@id":"https:\/\/promsandweddings.se\/#organization"},"alternateName":"Proms & Weddings","potentialAction":[{"@type":"SearchAction","target":{"@type":"EntryPoint","urlTemplate":"https:\/\/promsandweddings.se\/?s={search_term_string}"},"query-input":{"@type":"PropertyValueSpecification","valueRequired":true,"valueName":"search_term_string"}}],"inLanguage":"da-DK"},{"@type":"Organization","@id":"https:\/\/promsandweddings.se\/#organization","name":"Proms &amp; Weddings","url":"https:\/\/promsandweddings.se\/","logo":{"@type":"ImageObject","inLanguage":"da-DK","@id":"https:\/\/promsandweddings.se\/#\/schema\/logo\/image\/","url":"https:\/\/promsandweddings.se\/wp-content\/uploads\/2026\/03\/pwlogosv-2-2.webp","contentUrl":"https:\/\/promsandweddings.se\/wp-content\/uploads\/2026\/03\/pwlogosv-2-2.webp","width":556,"height":152,"caption":"Proms & Weddings"},"image":{"@id":"https:\/\/promsandweddings.se\/#\/schema\/logo\/image\/"},"sameAs":["https:\/\/www.facebook.com\/promsandweddings","https:\/\/x.com\/PromsWeddings","https:\/\/www.instagram.com\/promsandweddings\/","https:\/\/www.youtube.com\/@promsandweddings\/shorts","https:\/\/www.tiktok.com\/@promsandweddings","https:\/\/se.pinterest.com\/promsandwedding"]}]}},"jetpack_sharing_enabled":true,"brands":[],"_links":{"self":[{"href":"https:\/\/promsandweddings.se\/dk\/wp-json\/wp\/v2\/product\/28021","targetHints":{"allow":["GET"]}}],"collection":[{"href":"https:\/\/promsandweddings.se\/dk\/wp-json\/wp\/v2\/product"}],"about":[{"href":"https:\/\/promsandweddings.se\/dk\/wp-json\/wp\/v2\/types\/product"}],"wp:featuredmedia":[{"embeddable":true,"href":"https:\/\/promsandweddings.se\/dk\/wp-json\/wp\/v2\/media\/28131"}],"wp:attachment":[{"href":"https:\/\/promsandweddings.se\/dk\/wp-json\/wp\/v2\/media?parent=28021"}],"wp:term":[{"taxonomy":"pwb-brand","embeddable":true,"href":"https:\/\/promsandweddings.se\/dk\/wp-json\/wp\/v2\/pwb-brand?post=28021"},{"taxonomy":"product_brand","embeddable":true,"href":"https:\/\/promsandweddings.se\/dk\/wp-json\/wp\/v2\/product_brand?post=28021"},{"taxonomy":"product_cat","embeddable":true,"href":"https:\/\/promsandweddings.se\/dk\/wp-json\/wp\/v2\/product_cat?post=28021"},{"taxonomy":"product_tag","embeddable":true,"href":"https:\/\/promsandweddings.se\/dk\/wp-json\/wp\/v2\/product_tag?post=28021"}],"curies":[{"name":"wp","href":"https:\/\/api.w.org\/{rel}","templated":true}]}}