{"id":28034,"date":"2026-03-15T23:24:19","date_gmt":"2026-03-15T22:24:19","guid":{"rendered":"https:\/\/promsandweddings.se\/?post_type=product&#038;p=28034"},"modified":"2026-03-15T23:28:10","modified_gmt":"2026-03-15T22:28:10","slug":"pronovias-brollopsklanning-mariama","status":"publish","type":"product","link":"https:\/\/promsandweddings.se\/dk\/produkt\/pronovias-brollopsklanning-mariama\/","title":{"rendered":"Pronovias brudekjole Mariama"},"content":{"rendered":"<p>&nbsp;<\/p>\n<p><span style=\"font-size: 19px;\">brudekjole <a href=\"https:\/\/www.pronovias.com\/\">Pronovias<\/a><\/span><\/p>\n<p>Bryllupskjole fra <a href=\"https:\/\/www.pronovias.com\/wedding-dress-mermaid-sweetheart-neckline-exposed-back-crepe-izara\">Pronovias<\/a> som du kan pr\u00f8ve i vores butik i Malm\u00f8<\/p>\n<p><a href=\"https:\/\/promsandweddings.se\/dk\/vare-kategori\/klanningar\/brudklanningar\/pronovias\/\">https:\/\/www.promsandweddings.se\/produkt-kategori\/klanningar\/brudklanningar\/pronovias<\/a><\/p>\n<p>&nbsp;<\/p>","protected":false},"excerpt":{"rendered":"<p><strong data-start=\"1374\" data-end=\"1385\">Mariama<\/strong>\u00a0er en brudekjole fra\u00a0<strong data-start=\"1414\" data-end=\"1455\"><span class=\"hover:entity-accent entity-underline inline cursor-pointer align-baseline\"><span class=\"whitespace-normal\">Pronovias<\/span><\/span><\/strong>.<br data-start=\"1456\" data-end=\"1459\" \/>En elegant och balanserad br\u00f6llopskl\u00e4nning med mjukt fall och genomt\u00e4nkta detaljer som ger ett lugnt, sofistikerat uttryck. Mariama k\u00e4nns tidl\u00f6s och sj\u00e4lvklar \u2013 f\u00f6r bruden som vill ha klassisk elegans med modern finess.<\/p>\n<div class=\"product attribute overview\">\n<h2 class=\"value\"><b style=\"font-size: 16px; font-style: italic;\">(K<\/b><i style=\"font-size: 16px;\">ontakt os for sp\u00f8rgsm\u00e5l vedr\u00f8rende priser, booking osv.)<\/i><\/h2>\n<\/div>\n<p>&nbsp;<\/p>","protected":false},"featured_media":28143,"template":"","meta":[],"pwb-brand":[],"product_brand":[],"product_cat":[16,23],"product_tag":[167,25,22,26],"class_list":{"0":"post-28034","1":"product","2":"type-product","3":"status-publish","4":"has-post-thumbnail","6":"product_cat-klanningar","7":"product_cat-pronovias","8":"product_tag-brollop","9":"product_tag-brollopsklanning","10":"product_tag-brudklanning","11":"product_tag-pronovias","13":"first","14":"instock","15":"sale","16":"shipping-taxable","17":"purchasable","18":"product-type-simple"},"yoast_head":"<!-- This site is optimized with the Yoast SEO plugin v27.4 - https:\/\/yoast.com\/product\/yoast-seo-wordpress\/ -->\n<title>Pronovias br\u00f6llopskl\u00e4nning Mariama | Proms and Weddings<\/title>\n<meta name=\"description\" content=\"Dr\u00f6mliknande elegant prinsses br\u00f6llopskl\u00e4nning i mikadotyg, formad midja, offshoulder med topp i spets , veckad stor kjol med l\u00e5ngt courtsl\u00e4p.\" \/>\n<meta name=\"robots\" content=\"index, follow, max-snippet:-1, max-image-preview:large, max-video-preview:-1\" \/>\n<link rel=\"canonical\" href=\"https:\/\/promsandweddings.se\/dk\/vare\/pronovias-brollopsklanning-mariama\/\" \/>\n<meta property=\"og:locale\" content=\"da_DK\" \/>\n<meta property=\"og:type\" content=\"article\" \/>\n<meta property=\"og:title\" content=\"Pronovias br\u00f6llopskl\u00e4nning Mariama | Proms and Weddings\" \/>\n<meta property=\"og:description\" content=\"Dr\u00f6mliknande elegant prinsses br\u00f6llopskl\u00e4nning i mikadotyg, formad midja, offshoulder med topp i spets , veckad stor kjol med l\u00e5ngt courtsl\u00e4p.\" \/>\n<meta property=\"og:url\" content=\"https:\/\/promsandweddings.se\/dk\/vare\/pronovias-brollopsklanning-mariama\/\" \/>\n<meta property=\"og:site_name\" content=\"Proms and Weddings\" \/>\n<meta property=\"article:publisher\" content=\"https:\/\/www.facebook.com\/promsandweddings\" \/>\n<meta property=\"article:modified_time\" content=\"2026-03-15T22:28:10+00:00\" \/>\n<meta property=\"og:image\" content=\"https:\/\/promsandweddings.se\/wp-content\/uploads\/2026\/03\/mariama_b.webp\" \/>\n\t<meta property=\"og:image:width\" content=\"767\" \/>\n\t<meta property=\"og:image:height\" content=\"1023\" \/>\n\t<meta property=\"og:image:type\" content=\"image\/webp\" \/>\n<meta name=\"twitter:card\" content=\"summary_large_image\" \/>\n<meta name=\"twitter:site\" content=\"@PromsWeddings\" \/>\n<meta name=\"twitter:label1\" content=\"Estimeret l\u00e6setid\" \/>\n\t<meta name=\"twitter:data1\" content=\"1 minut\" \/>\n<script type=\"application\/ld+json\" class=\"yoast-schema-graph\">{\"@context\":\"https:\\\/\\\/schema.org\",\"@graph\":[{\"@type\":\"WebPage\",\"@id\":\"https:\\\/\\\/promsandweddings.se\\\/produkt\\\/pronovias-brollopsklanning-mariama\\\/\",\"url\":\"https:\\\/\\\/promsandweddings.se\\\/produkt\\\/pronovias-brollopsklanning-mariama\\\/\",\"name\":\"Pronovias br\u00f6llopskl\u00e4nning Mariama | Proms and Weddings\",\"isPartOf\":{\"@id\":\"https:\\\/\\\/promsandweddings.se\\\/#website\"},\"primaryImageOfPage\":{\"@id\":\"https:\\\/\\\/promsandweddings.se\\\/produkt\\\/pronovias-brollopsklanning-mariama\\\/#primaryimage\"},\"image\":{\"@id\":\"https:\\\/\\\/promsandweddings.se\\\/produkt\\\/pronovias-brollopsklanning-mariama\\\/#primaryimage\"},\"thumbnailUrl\":\"https:\\\/\\\/promsandweddings.se\\\/wp-content\\\/uploads\\\/2026\\\/03\\\/mariama_b.webp\",\"datePublished\":\"2026-03-15T22:24:19+00:00\",\"dateModified\":\"2026-03-15T22:28:10+00:00\",\"description\":\"Dr\u00f6mliknande elegant prinsses br\u00f6llopskl\u00e4nning i mikadotyg, formad midja, offshoulder med topp i spets , veckad stor kjol med l\u00e5ngt courtsl\u00e4p.\",\"breadcrumb\":{\"@id\":\"https:\\\/\\\/promsandweddings.se\\\/produkt\\\/pronovias-brollopsklanning-mariama\\\/#breadcrumb\"},\"inLanguage\":\"da-DK\",\"potentialAction\":[{\"@type\":\"ReadAction\",\"target\":[\"https:\\\/\\\/promsandweddings.se\\\/produkt\\\/pronovias-brollopsklanning-mariama\\\/\"]}]},{\"@type\":\"ImageObject\",\"inLanguage\":\"da-DK\",\"@id\":\"https:\\\/\\\/promsandweddings.se\\\/produkt\\\/pronovias-brollopsklanning-mariama\\\/#primaryimage\",\"url\":\"https:\\\/\\\/promsandweddings.se\\\/wp-content\\\/uploads\\\/2026\\\/03\\\/mariama_b.webp\",\"contentUrl\":\"https:\\\/\\\/promsandweddings.se\\\/wp-content\\\/uploads\\\/2026\\\/03\\\/mariama_b.webp\",\"width\":767,\"height\":1023},{\"@type\":\"BreadcrumbList\",\"@id\":\"https:\\\/\\\/promsandweddings.se\\\/produkt\\\/pronovias-brollopsklanning-mariama\\\/#breadcrumb\",\"itemListElement\":[{\"@type\":\"ListItem\",\"position\":1,\"name\":\"Home\",\"item\":\"https:\\\/\\\/promsandweddings.se\\\/\"},{\"@type\":\"ListItem\",\"position\":2,\"name\":\"Webshop\",\"item\":\"https:\\\/\\\/promsandweddings.se\\\/webshop\\\/\"},{\"@type\":\"ListItem\",\"position\":3,\"name\":\"Pronovias br\u00f6llopskl\u00e4nning Mariama\"}]},{\"@type\":\"WebSite\",\"@id\":\"https:\\\/\\\/promsandweddings.se\\\/#website\",\"url\":\"https:\\\/\\\/promsandweddings.se\\\/\",\"name\":\"Proms and Weddings\",\"description\":\"Hitta din dr\u00f6mkl\u00e4nning\",\"publisher\":{\"@id\":\"https:\\\/\\\/promsandweddings.se\\\/#organization\"},\"alternateName\":\"Proms & Weddings\",\"potentialAction\":[{\"@type\":\"SearchAction\",\"target\":{\"@type\":\"EntryPoint\",\"urlTemplate\":\"https:\\\/\\\/promsandweddings.se\\\/?s={search_term_string}\"},\"query-input\":{\"@type\":\"PropertyValueSpecification\",\"valueRequired\":true,\"valueName\":\"search_term_string\"}}],\"inLanguage\":\"da-DK\"},{\"@type\":\"Organization\",\"@id\":\"https:\\\/\\\/promsandweddings.se\\\/#organization\",\"name\":\"Proms & Weddings\",\"url\":\"https:\\\/\\\/promsandweddings.se\\\/\",\"logo\":{\"@type\":\"ImageObject\",\"inLanguage\":\"da-DK\",\"@id\":\"https:\\\/\\\/promsandweddings.se\\\/#\\\/schema\\\/logo\\\/image\\\/\",\"url\":\"https:\\\/\\\/promsandweddings.se\\\/wp-content\\\/uploads\\\/2026\\\/03\\\/pwlogosv-2-2.webp\",\"contentUrl\":\"https:\\\/\\\/promsandweddings.se\\\/wp-content\\\/uploads\\\/2026\\\/03\\\/pwlogosv-2-2.webp\",\"width\":556,\"height\":152,\"caption\":\"Proms & Weddings\"},\"image\":{\"@id\":\"https:\\\/\\\/promsandweddings.se\\\/#\\\/schema\\\/logo\\\/image\\\/\"},\"sameAs\":[\"https:\\\/\\\/www.facebook.com\\\/promsandweddings\",\"https:\\\/\\\/x.com\\\/PromsWeddings\",\"https:\\\/\\\/www.instagram.com\\\/promsandweddings\\\/\",\"https:\\\/\\\/www.youtube.com\\\/@promsandweddings\\\/shorts\",\"https:\\\/\\\/www.tiktok.com\\\/@promsandweddings\",\"https:\\\/\\\/se.pinterest.com\\\/promsandwedding\"]}]}<\/script>\n<!-- \/ Yoast SEO plugin. -->","yoast_head_json":{"title":"Pronovias bryllupskjole Mariama | Proms and Weddings","description":"Dr\u00f8mmende elegant prinsesse bryllupsekjole i mikadostof, formet midje, off-shoulder med top i blonde, folder stor nederdel med langt hofftrassel.","robots":{"index":"index","follow":"follow","max-snippet":"max-snippet:-1","max-image-preview":"max-image-preview:large","max-video-preview":"max-video-preview:-1"},"canonical":"https:\/\/promsandweddings.se\/dk\/vare\/pronovias-brollopsklanning-mariama\/","og_locale":"da_DK","og_type":"article","og_title":"Pronovias br\u00f6llopskl\u00e4nning Mariama | Proms and Weddings","og_description":"Dr\u00f6mliknande elegant prinsses br\u00f6llopskl\u00e4nning i mikadotyg, formad midja, offshoulder med topp i spets , veckad stor kjol med l\u00e5ngt courtsl\u00e4p.","og_url":"https:\/\/promsandweddings.se\/dk\/vare\/pronovias-brollopsklanning-mariama\/","og_site_name":"Proms and Weddings","article_publisher":"https:\/\/www.facebook.com\/promsandweddings","article_modified_time":"2026-03-15T22:28:10+00:00","og_image":[{"width":767,"height":1023,"url":"https:\/\/promsandweddings.se\/wp-content\/uploads\/2026\/03\/mariama_b.webp","type":"image\/webp"}],"twitter_card":"summary_large_image","twitter_site":"@PromsWeddings","twitter_misc":{"Estimeret l\u00e6setid":"1 minut"},"schema":{"@context":"https:\/\/schema.org","@graph":[{"@type":"WebPage","@id":"https:\/\/promsandweddings.se\/produkt\/pronovias-brollopsklanning-mariama\/","url":"https:\/\/promsandweddings.se\/produkt\/pronovias-brollopsklanning-mariama\/","name":"Pronovias bryllupskjole Mariama | Proms and Weddings","isPartOf":{"@id":"https:\/\/promsandweddings.se\/#website"},"primaryImageOfPage":{"@id":"https:\/\/promsandweddings.se\/produkt\/pronovias-brollopsklanning-mariama\/#primaryimage"},"image":{"@id":"https:\/\/promsandweddings.se\/produkt\/pronovias-brollopsklanning-mariama\/#primaryimage"},"thumbnailUrl":"https:\/\/promsandweddings.se\/wp-content\/uploads\/2026\/03\/mariama_b.webp","datePublished":"2026-03-15T22:24:19+00:00","dateModified":"2026-03-15T22:28:10+00:00","description":"Dr\u00f8mmende elegant prinsesse bryllupsekjole i mikadostof, formet midje, off-shoulder med top i blonde, folder stor nederdel med langt hofftrassel.","breadcrumb":{"@id":"https:\/\/promsandweddings.se\/produkt\/pronovias-brollopsklanning-mariama\/#breadcrumb"},"inLanguage":"da-DK","potentialAction":[{"@type":"ReadAction","target":["https:\/\/promsandweddings.se\/produkt\/pronovias-brollopsklanning-mariama\/"]}]},{"@type":"ImageObject","inLanguage":"da-DK","@id":"https:\/\/promsandweddings.se\/produkt\/pronovias-brollopsklanning-mariama\/#primaryimage","url":"https:\/\/promsandweddings.se\/wp-content\/uploads\/2026\/03\/mariama_b.webp","contentUrl":"https:\/\/promsandweddings.se\/wp-content\/uploads\/2026\/03\/mariama_b.webp","width":767,"height":1023},{"@type":"BreadcrumbList","@id":"https:\/\/promsandweddings.se\/produkt\/pronovias-brollopsklanning-mariama\/#breadcrumb","itemListElement":[{"@type":"ListItem","position":1,"name":"Home","item":"https:\/\/promsandweddings.se\/"},{"@type":"ListItem","position":2,"name":"Webshop","item":"https:\/\/promsandweddings.se\/webshop\/"},{"@type":"ListItem","position":3,"name":"Pronovias br\u00f6llopskl\u00e4nning Mariama"}]},{"@type":"WebSite","@id":"https:\/\/promsandweddings.se\/#website","url":"https:\/\/promsandweddings.se\/","name":"Proms and Weddings","description":"Find din dr\u00f8mmekjole","publisher":{"@id":"https:\/\/promsandweddings.se\/#organization"},"alternateName":"Proms & Weddings","potentialAction":[{"@type":"SearchAction","target":{"@type":"EntryPoint","urlTemplate":"https:\/\/promsandweddings.se\/?s={search_term_string}"},"query-input":{"@type":"PropertyValueSpecification","valueRequired":true,"valueName":"search_term_string"}}],"inLanguage":"da-DK"},{"@type":"Organization","@id":"https:\/\/promsandweddings.se\/#organization","name":"Proms &amp; Weddings","url":"https:\/\/promsandweddings.se\/","logo":{"@type":"ImageObject","inLanguage":"da-DK","@id":"https:\/\/promsandweddings.se\/#\/schema\/logo\/image\/","url":"https:\/\/promsandweddings.se\/wp-content\/uploads\/2026\/03\/pwlogosv-2-2.webp","contentUrl":"https:\/\/promsandweddings.se\/wp-content\/uploads\/2026\/03\/pwlogosv-2-2.webp","width":556,"height":152,"caption":"Proms & Weddings"},"image":{"@id":"https:\/\/promsandweddings.se\/#\/schema\/logo\/image\/"},"sameAs":["https:\/\/www.facebook.com\/promsandweddings","https:\/\/x.com\/PromsWeddings","https:\/\/www.instagram.com\/promsandweddings\/","https:\/\/www.youtube.com\/@promsandweddings\/shorts","https:\/\/www.tiktok.com\/@promsandweddings","https:\/\/se.pinterest.com\/promsandwedding"]}]}},"jetpack_sharing_enabled":true,"brands":[],"_links":{"self":[{"href":"https:\/\/promsandweddings.se\/dk\/wp-json\/wp\/v2\/product\/28034","targetHints":{"allow":["GET"]}}],"collection":[{"href":"https:\/\/promsandweddings.se\/dk\/wp-json\/wp\/v2\/product"}],"about":[{"href":"https:\/\/promsandweddings.se\/dk\/wp-json\/wp\/v2\/types\/product"}],"wp:featuredmedia":[{"embeddable":true,"href":"https:\/\/promsandweddings.se\/dk\/wp-json\/wp\/v2\/media\/28143"}],"wp:attachment":[{"href":"https:\/\/promsandweddings.se\/dk\/wp-json\/wp\/v2\/media?parent=28034"}],"wp:term":[{"taxonomy":"pwb-brand","embeddable":true,"href":"https:\/\/promsandweddings.se\/dk\/wp-json\/wp\/v2\/pwb-brand?post=28034"},{"taxonomy":"product_brand","embeddable":true,"href":"https:\/\/promsandweddings.se\/dk\/wp-json\/wp\/v2\/product_brand?post=28034"},{"taxonomy":"product_cat","embeddable":true,"href":"https:\/\/promsandweddings.se\/dk\/wp-json\/wp\/v2\/product_cat?post=28034"},{"taxonomy":"product_tag","embeddable":true,"href":"https:\/\/promsandweddings.se\/dk\/wp-json\/wp\/v2\/product_tag?post=28034"}],"curies":[{"name":"wp","href":"https:\/\/api.w.org\/{rel}","templated":true}]}}