{"id":28100,"date":"2026-03-15T23:26:30","date_gmt":"2026-03-15T22:26:30","guid":{"rendered":"https:\/\/promsandweddings.se\/?post_type=product&#038;p=28100"},"modified":"2026-03-15T23:30:30","modified_gmt":"2026-03-15T22:30:30","slug":"isolde-brollopsklanning-ladybird","status":"publish","type":"product","link":"https:\/\/promsandweddings.se\/dk\/produkt\/isolde-brollopsklanning-ladybird\/","title":{"rendered":"Isolde brudekjole Ladybird"},"content":{"rendered":"<ul>\n<li class=\"\" data-start=\"143\" data-end=\"196\">\n<p class=\"\" data-start=\"145\" data-end=\"196\"><strong data-start=\"145\" data-end=\"158\">Silhuett:<\/strong> <span class=\"relative -mx-px my-[-0.2rem] rounded px-px py-[0.2rem] transition-colors duration-100 ease-in-out\">Prinsessk\u00e4rning med en volumin\u00f6s tyllkjol som ger en sagolik k\u00e4nsla.<\/span><\/p>\n<\/li>\n<li class=\"\" data-start=\"197\" data-end=\"245\">\n<p class=\"\" data-start=\"199\" data-end=\"245\"><strong data-start=\"199\" data-end=\"207\">Liv:<\/strong> <span class=\"relative -mx-px my-[-0.2rem] rounded px-px py-[0.2rem] transition-colors duration-100 ease-in-out\">Genomskinligt liv med bred V-ringning, dekorerad med spetsdetaljer och scalloped spetskant.<\/span><\/p>\n<\/li>\n<li class=\"\" data-start=\"246\" data-end=\"297\">\n<p class=\"\" data-start=\"248\" data-end=\"297\"><strong data-start=\"248\" data-end=\"257\">Rygg:<\/strong> <span class=\"relative -mx-px my-[-0.2rem] rounded px-px py-[0.2rem] transition-colors duration-100 ease-in-out\">Rund rygg med spetsdetaljer som skapar en romantisk och feminin look.<\/span><\/p>\n<\/li>\n<li class=\"\" data-start=\"298\" data-end=\"353\">\n<p class=\"\" data-start=\"300\" data-end=\"353\"><strong data-start=\"300\" data-end=\"313\">Material:<\/strong> <span class=\"relative -mx-px my-[-0.2rem] rounded px-px py-[0.2rem] transition-colors duration-100 ease-in-out\">Tyll och spets, vilket ger en l\u00e4tt och luftig k\u00e4nsla.<\/span><\/p>\n<\/li>\n<li class=\"\" data-start=\"354\" data-end=\"445\">\n<p class=\"\" data-start=\"356\" data-end=\"445\"><strong data-start=\"356\" data-end=\"366\">\u00c4rmar:<\/strong> <span class=\"relative -mx-px my-[-0.2rem] rounded px-px py-[0.2rem] transition-colors duration-100 ease-in-out\">\u00c4rml\u00f6s design som framh\u00e4ver axlarna och ger en elegant silhuett<\/span><\/p>\n<\/li>\n<\/ul>\n","protected":false},"excerpt":{"rendered":"<p><strong data-start=\"0\" data-end=\"10\">Isolde<\/strong>\u00a0er en brudekjole fra\u00a0<strong data-start=\"39\" data-end=\"80\"><span class=\"hover:entity-accent entity-underline inline cursor-pointer align-baseline\"><span class=\"whitespace-normal\">Ladybird<\/span><\/span><\/strong>.<br data-start=\"81\" data-end=\"84\" \/>En romantisk br\u00f6llopskl\u00e4nning med mjuk silhuett och delikata detaljer som ger ett dr\u00f6mskt, tidl\u00f6st uttryck. Isolde k\u00e4nns feminin och l\u00e4tt \u2013 perfekt f\u00f6r bruden som vill ha klassisk charm med en modern l\u00e4tthet.<br data-start=\"284\" data-end=\"287\" \/><br data-start=\"369\" data-end=\"372\" \/><em data-start=\"372\" data-end=\"429\" data-is-only-node=\"\">(Kontakt os for sp\u00f8rgsm\u00e5l vedr\u00f8rende priser, booking osv.)<\/em><\/p>","protected":false},"featured_media":28193,"template":"","meta":[],"pwb-brand":[],"product_brand":[],"product_cat":[312],"product_tag":[],"class_list":{"0":"post-28100","1":"product","2":"type-product","3":"status-publish","4":"has-post-thumbnail","6":"product_cat-ladybird","8":"first","9":"instock","10":"sale","11":"shipping-taxable","12":"purchasable","13":"product-type-simple"},"yoast_head":"<!-- This site is optimized with the Yoast SEO plugin v27.4 - https:\/\/yoast.com\/product\/yoast-seo-wordpress\/ -->\n<title>Isolde br\u00f6llopskl\u00e4nning Ladybird | Proms and Weddings<\/title>\n<meta name=\"description\" content=\"Uppt\u00e4ck Isolde br\u00f6llopskl\u00e4nning Ladybird hos Proms &amp; Weddings i Malm\u00f6. Hitta din dr\u00f6mkl\u00e4nning bland exklusiva br\u00f6llopskl\u00e4nningar fr\u00e5n v\u00e4lk\u00e4nda designers.\" \/>\n<meta name=\"robots\" content=\"index, follow, max-snippet:-1, max-image-preview:large, max-video-preview:-1\" \/>\n<link rel=\"canonical\" href=\"https:\/\/promsandweddings.se\/dk\/vare\/isolde-brollopsklanning-ladybird\/\" \/>\n<meta property=\"og:locale\" content=\"da_DK\" \/>\n<meta property=\"og:type\" content=\"article\" \/>\n<meta property=\"og:title\" content=\"Isolde br\u00f6llopskl\u00e4nning Ladybird | Proms and Weddings\" \/>\n<meta property=\"og:description\" content=\"Uppt\u00e4ck Isolde br\u00f6llopskl\u00e4nning Ladybird hos Proms &amp; Weddings i Malm\u00f6. Hitta din dr\u00f6mkl\u00e4nning bland exklusiva br\u00f6llopskl\u00e4nningar fr\u00e5n v\u00e4lk\u00e4nda designers.\" \/>\n<meta property=\"og:url\" content=\"https:\/\/promsandweddings.se\/dk\/vare\/isolde-brollopsklanning-ladybird\/\" \/>\n<meta property=\"og:site_name\" content=\"Proms and Weddings\" \/>\n<meta property=\"article:publisher\" content=\"https:\/\/www.facebook.com\/promsandweddings\" \/>\n<meta property=\"article:modified_time\" content=\"2026-03-15T22:30:30+00:00\" \/>\n<meta property=\"og:image\" content=\"https:\/\/promsandweddings.se\/wp-content\/uploads\/2026\/03\/isolde-d-c6a0f293.jpg\" \/>\n\t<meta property=\"og:image:width\" content=\"448\" \/>\n\t<meta property=\"og:image:height\" content=\"597\" \/>\n\t<meta property=\"og:image:type\" content=\"image\/jpeg\" \/>\n<meta name=\"twitter:card\" content=\"summary_large_image\" \/>\n<meta name=\"twitter:site\" content=\"@PromsWeddings\" \/>\n<script type=\"application\/ld+json\" class=\"yoast-schema-graph\">{\"@context\":\"https:\\\/\\\/schema.org\",\"@graph\":[{\"@type\":\"WebPage\",\"@id\":\"https:\\\/\\\/promsandweddings.se\\\/produkt\\\/isolde-brollopsklanning-ladybird\\\/\",\"url\":\"https:\\\/\\\/promsandweddings.se\\\/produkt\\\/isolde-brollopsklanning-ladybird\\\/\",\"name\":\"Isolde br\u00f6llopskl\u00e4nning Ladybird | Proms and Weddings\",\"isPartOf\":{\"@id\":\"https:\\\/\\\/promsandweddings.se\\\/#website\"},\"primaryImageOfPage\":{\"@id\":\"https:\\\/\\\/promsandweddings.se\\\/produkt\\\/isolde-brollopsklanning-ladybird\\\/#primaryimage\"},\"image\":{\"@id\":\"https:\\\/\\\/promsandweddings.se\\\/produkt\\\/isolde-brollopsklanning-ladybird\\\/#primaryimage\"},\"thumbnailUrl\":\"https:\\\/\\\/promsandweddings.se\\\/wp-content\\\/uploads\\\/2026\\\/03\\\/isolde-d-c6a0f293.jpg\",\"datePublished\":\"2026-03-15T22:26:30+00:00\",\"dateModified\":\"2026-03-15T22:30:30+00:00\",\"description\":\"Uppt\u00e4ck Isolde br\u00f6llopskl\u00e4nning Ladybird hos Proms & Weddings i Malm\u00f6. Hitta din dr\u00f6mkl\u00e4nning bland exklusiva br\u00f6llopskl\u00e4nningar fr\u00e5n v\u00e4lk\u00e4nda designers.\",\"breadcrumb\":{\"@id\":\"https:\\\/\\\/promsandweddings.se\\\/produkt\\\/isolde-brollopsklanning-ladybird\\\/#breadcrumb\"},\"inLanguage\":\"da-DK\",\"potentialAction\":[{\"@type\":\"ReadAction\",\"target\":[\"https:\\\/\\\/promsandweddings.se\\\/produkt\\\/isolde-brollopsklanning-ladybird\\\/\"]}]},{\"@type\":\"ImageObject\",\"inLanguage\":\"da-DK\",\"@id\":\"https:\\\/\\\/promsandweddings.se\\\/produkt\\\/isolde-brollopsklanning-ladybird\\\/#primaryimage\",\"url\":\"https:\\\/\\\/promsandweddings.se\\\/wp-content\\\/uploads\\\/2026\\\/03\\\/isolde-d-c6a0f293.jpg\",\"contentUrl\":\"https:\\\/\\\/promsandweddings.se\\\/wp-content\\\/uploads\\\/2026\\\/03\\\/isolde-d-c6a0f293.jpg\",\"width\":448,\"height\":597},{\"@type\":\"BreadcrumbList\",\"@id\":\"https:\\\/\\\/promsandweddings.se\\\/produkt\\\/isolde-brollopsklanning-ladybird\\\/#breadcrumb\",\"itemListElement\":[{\"@type\":\"ListItem\",\"position\":1,\"name\":\"Home\",\"item\":\"https:\\\/\\\/promsandweddings.se\\\/\"},{\"@type\":\"ListItem\",\"position\":2,\"name\":\"Webshop\",\"item\":\"https:\\\/\\\/promsandweddings.se\\\/webshop\\\/\"},{\"@type\":\"ListItem\",\"position\":3,\"name\":\"Isolde br\u00f6llopskl\u00e4nning Ladybird\"}]},{\"@type\":\"WebSite\",\"@id\":\"https:\\\/\\\/promsandweddings.se\\\/#website\",\"url\":\"https:\\\/\\\/promsandweddings.se\\\/\",\"name\":\"Proms and Weddings\",\"description\":\"Hitta din dr\u00f6mkl\u00e4nning\",\"publisher\":{\"@id\":\"https:\\\/\\\/promsandweddings.se\\\/#organization\"},\"alternateName\":\"Proms & Weddings\",\"potentialAction\":[{\"@type\":\"SearchAction\",\"target\":{\"@type\":\"EntryPoint\",\"urlTemplate\":\"https:\\\/\\\/promsandweddings.se\\\/?s={search_term_string}\"},\"query-input\":{\"@type\":\"PropertyValueSpecification\",\"valueRequired\":true,\"valueName\":\"search_term_string\"}}],\"inLanguage\":\"da-DK\"},{\"@type\":\"Organization\",\"@id\":\"https:\\\/\\\/promsandweddings.se\\\/#organization\",\"name\":\"Proms & Weddings\",\"url\":\"https:\\\/\\\/promsandweddings.se\\\/\",\"logo\":{\"@type\":\"ImageObject\",\"inLanguage\":\"da-DK\",\"@id\":\"https:\\\/\\\/promsandweddings.se\\\/#\\\/schema\\\/logo\\\/image\\\/\",\"url\":\"https:\\\/\\\/promsandweddings.se\\\/wp-content\\\/uploads\\\/2026\\\/03\\\/pwlogosv-2-2.webp\",\"contentUrl\":\"https:\\\/\\\/promsandweddings.se\\\/wp-content\\\/uploads\\\/2026\\\/03\\\/pwlogosv-2-2.webp\",\"width\":556,\"height\":152,\"caption\":\"Proms & Weddings\"},\"image\":{\"@id\":\"https:\\\/\\\/promsandweddings.se\\\/#\\\/schema\\\/logo\\\/image\\\/\"},\"sameAs\":[\"https:\\\/\\\/www.facebook.com\\\/promsandweddings\",\"https:\\\/\\\/x.com\\\/PromsWeddings\",\"https:\\\/\\\/www.instagram.com\\\/promsandweddings\\\/\",\"https:\\\/\\\/www.youtube.com\\\/@promsandweddings\\\/shorts\",\"https:\\\/\\\/www.tiktok.com\\\/@promsandweddings\",\"https:\\\/\\\/se.pinterest.com\\\/promsandwedding\"]}]}<\/script>\n<!-- \/ Yoast SEO plugin. -->","yoast_head_json":{"title":"Isolde bryllupskl\u00e6nning Ladybird | Proms and Weddings","description":"Discover Isolde bryllupskl\u00e6nning Ladybird hos Proms &amp; Weddings i Malm\u00f8. Find din dr\u00f8mmekl\u00e6nning blandt eksklusive bryllupskl\u00e6nninger fra kendte designere.","robots":{"index":"index","follow":"follow","max-snippet":"max-snippet:-1","max-image-preview":"max-image-preview:large","max-video-preview":"max-video-preview:-1"},"canonical":"https:\/\/promsandweddings.se\/dk\/vare\/isolde-brollopsklanning-ladybird\/","og_locale":"da_DK","og_type":"article","og_title":"Isolde br\u00f6llopskl\u00e4nning Ladybird | Proms and Weddings","og_description":"Uppt\u00e4ck Isolde br\u00f6llopskl\u00e4nning Ladybird hos Proms & Weddings i Malm\u00f6. Hitta din dr\u00f6mkl\u00e4nning bland exklusiva br\u00f6llopskl\u00e4nningar fr\u00e5n v\u00e4lk\u00e4nda designers.","og_url":"https:\/\/promsandweddings.se\/dk\/vare\/isolde-brollopsklanning-ladybird\/","og_site_name":"Proms and Weddings","article_publisher":"https:\/\/www.facebook.com\/promsandweddings","article_modified_time":"2026-03-15T22:30:30+00:00","og_image":[{"width":448,"height":597,"url":"https:\/\/promsandweddings.se\/wp-content\/uploads\/2026\/03\/isolde-d-c6a0f293.jpg","type":"image\/jpeg"}],"twitter_card":"summary_large_image","twitter_site":"@PromsWeddings","schema":{"@context":"https:\/\/schema.org","@graph":[{"@type":"WebPage","@id":"https:\/\/promsandweddings.se\/produkt\/isolde-brollopsklanning-ladybird\/","url":"https:\/\/promsandweddings.se\/produkt\/isolde-brollopsklanning-ladybird\/","name":"Isolde bryllupskl\u00e6nning Ladybird | Proms and Weddings","isPartOf":{"@id":"https:\/\/promsandweddings.se\/#website"},"primaryImageOfPage":{"@id":"https:\/\/promsandweddings.se\/produkt\/isolde-brollopsklanning-ladybird\/#primaryimage"},"image":{"@id":"https:\/\/promsandweddings.se\/produkt\/isolde-brollopsklanning-ladybird\/#primaryimage"},"thumbnailUrl":"https:\/\/promsandweddings.se\/wp-content\/uploads\/2026\/03\/isolde-d-c6a0f293.jpg","datePublished":"2026-03-15T22:26:30+00:00","dateModified":"2026-03-15T22:30:30+00:00","description":"Discover Isolde bryllupskl\u00e6nning Ladybird hos Proms &amp; Weddings i Malm\u00f8. Find din dr\u00f8mmekl\u00e6nning blandt eksklusive bryllupskl\u00e6nninger fra kendte designere.","breadcrumb":{"@id":"https:\/\/promsandweddings.se\/produkt\/isolde-brollopsklanning-ladybird\/#breadcrumb"},"inLanguage":"da-DK","potentialAction":[{"@type":"ReadAction","target":["https:\/\/promsandweddings.se\/produkt\/isolde-brollopsklanning-ladybird\/"]}]},{"@type":"ImageObject","inLanguage":"da-DK","@id":"https:\/\/promsandweddings.se\/produkt\/isolde-brollopsklanning-ladybird\/#primaryimage","url":"https:\/\/promsandweddings.se\/wp-content\/uploads\/2026\/03\/isolde-d-c6a0f293.jpg","contentUrl":"https:\/\/promsandweddings.se\/wp-content\/uploads\/2026\/03\/isolde-d-c6a0f293.jpg","width":448,"height":597},{"@type":"BreadcrumbList","@id":"https:\/\/promsandweddings.se\/produkt\/isolde-brollopsklanning-ladybird\/#breadcrumb","itemListElement":[{"@type":"ListItem","position":1,"name":"Home","item":"https:\/\/promsandweddings.se\/"},{"@type":"ListItem","position":2,"name":"Webshop","item":"https:\/\/promsandweddings.se\/webshop\/"},{"@type":"ListItem","position":3,"name":"Isolde br\u00f6llopskl\u00e4nning Ladybird"}]},{"@type":"WebSite","@id":"https:\/\/promsandweddings.se\/#website","url":"https:\/\/promsandweddings.se\/","name":"Proms and Weddings","description":"Find din dr\u00f8mmekjole","publisher":{"@id":"https:\/\/promsandweddings.se\/#organization"},"alternateName":"Proms & Weddings","potentialAction":[{"@type":"SearchAction","target":{"@type":"EntryPoint","urlTemplate":"https:\/\/promsandweddings.se\/?s={search_term_string}"},"query-input":{"@type":"PropertyValueSpecification","valueRequired":true,"valueName":"search_term_string"}}],"inLanguage":"da-DK"},{"@type":"Organization","@id":"https:\/\/promsandweddings.se\/#organization","name":"Proms &amp; Weddings","url":"https:\/\/promsandweddings.se\/","logo":{"@type":"ImageObject","inLanguage":"da-DK","@id":"https:\/\/promsandweddings.se\/#\/schema\/logo\/image\/","url":"https:\/\/promsandweddings.se\/wp-content\/uploads\/2026\/03\/pwlogosv-2-2.webp","contentUrl":"https:\/\/promsandweddings.se\/wp-content\/uploads\/2026\/03\/pwlogosv-2-2.webp","width":556,"height":152,"caption":"Proms & Weddings"},"image":{"@id":"https:\/\/promsandweddings.se\/#\/schema\/logo\/image\/"},"sameAs":["https:\/\/www.facebook.com\/promsandweddings","https:\/\/x.com\/PromsWeddings","https:\/\/www.instagram.com\/promsandweddings\/","https:\/\/www.youtube.com\/@promsandweddings\/shorts","https:\/\/www.tiktok.com\/@promsandweddings","https:\/\/se.pinterest.com\/promsandwedding"]}]}},"jetpack_sharing_enabled":true,"brands":[],"_links":{"self":[{"href":"https:\/\/promsandweddings.se\/dk\/wp-json\/wp\/v2\/product\/28100","targetHints":{"allow":["GET"]}}],"collection":[{"href":"https:\/\/promsandweddings.se\/dk\/wp-json\/wp\/v2\/product"}],"about":[{"href":"https:\/\/promsandweddings.se\/dk\/wp-json\/wp\/v2\/types\/product"}],"wp:featuredmedia":[{"embeddable":true,"href":"https:\/\/promsandweddings.se\/dk\/wp-json\/wp\/v2\/media\/28193"}],"wp:attachment":[{"href":"https:\/\/promsandweddings.se\/dk\/wp-json\/wp\/v2\/media?parent=28100"}],"wp:term":[{"taxonomy":"pwb-brand","embeddable":true,"href":"https:\/\/promsandweddings.se\/dk\/wp-json\/wp\/v2\/pwb-brand?post=28100"},{"taxonomy":"product_brand","embeddable":true,"href":"https:\/\/promsandweddings.se\/dk\/wp-json\/wp\/v2\/product_brand?post=28100"},{"taxonomy":"product_cat","embeddable":true,"href":"https:\/\/promsandweddings.se\/dk\/wp-json\/wp\/v2\/product_cat?post=28100"},{"taxonomy":"product_tag","embeddable":true,"href":"https:\/\/promsandweddings.se\/dk\/wp-json\/wp\/v2\/product_tag?post=28100"}],"curies":[{"name":"wp","href":"https:\/\/api.w.org\/{rel}","templated":true}]}}