{"id":28134,"date":"2026-03-15T23:27:40","date_gmt":"2026-03-15T22:27:40","guid":{"rendered":"https:\/\/promsandweddings.se\/?post_type=product&#038;p=28134"},"modified":"2026-03-15T23:32:04","modified_gmt":"2026-03-15T22:32:04","slug":"pronovias-brollopsklanning-justine","status":"publish","type":"product","link":"https:\/\/promsandweddings.se\/dk\/produkt\/pronovias-brollopsklanning-justine\/","title":{"rendered":"Pronovias brudekjole Justine"},"content":{"rendered":"<h3 class=\"\" data-start=\"133\" data-end=\"202\"><strong data-start=\"137\" data-end=\"202\">Justine \u2013 Figurbetonede Bryllupskjole med Blonde og Lange \u00c6rmer<\/strong><\/h3>\n<p class=\"\" data-start=\"204\" data-end=\"452\"><a href=\"https:\/\/www.pronovias.com\/int_en\/wedding-dress-crepe-mermaid-bateau-neckline-justine\"><strong data-start=\"204\" data-end=\"215\">Justine<\/strong><\/a> er en sofistikeret og moderne bryllupskjole, som kombinerer <strong data-start=\"278\" data-end=\"299\">figurslank silhuet<\/strong> med romantiske blonde detaljer og elegante <strong data-start=\"342\" data-end=\"357\">lange \u00e6rmer<\/strong>. Kjolen er perfekt til bruden, som \u00f8nsker at udstr\u00e5le klasse og elegance med et moderne udtryk.<\/p>\n<p class=\"\" data-start=\"454\" data-end=\"739\">Det rene, kropslige design fremh\u00e6ver silhuetten, mens \u00e6rmer og sider er fremstillet i <strong data-start=\"544\" data-end=\"588\">illusionsstof med broderede blondm\u00f8nstre<\/strong> i form af blade og blomstermotiver. Dette design skaber en f\u00f8lelse af bev\u00e6gelse og lethed, samtidig med at det tilf\u00f8jer rig tekstur og visuell interesse.<\/p>\n<p><span style=\"font-size: 19px;\">brudekjole <a href=\"https:\/\/www.pronovias.com\/\">Pronovias<\/a><\/span><\/p>\n<p>Bryllupskjole fra <a href=\"https:\/\/www.pronovias.com\/wedding-dress-mermaid-sweetheart-neckline-exposed-back-crepe-izara\">Pronovias<\/a> som du kan pr\u00f8ve i vores butik i Malm\u00f8<\/p>\n<p><a href=\"https:\/\/promsandweddings.se\/dk\/vare-kategori\/klanningar\/brudklanningar\/pronovias\/\">https:\/\/www.promsandweddings.se\/produkt-kategori\/klanningar\/brudklanningar\/pronovias<\/a><\/p>\n<p>&nbsp;<\/p>","protected":false},"excerpt":{"rendered":"<p><strong data-start=\"511\" data-end=\"522\">Justine<\/strong>\u00a0er en bryllupskjole fra kollektionen\u00a0<em data-start=\"562\" data-end=\"583\">Pronovias 2023\/2026<\/em>\u00a0fra\u00a0<strong data-start=\"589\" data-end=\"630\" data-is-only-node=\"\"><span class=\"hover:entity-accent entity-underline inline cursor-pointer align-baseline\"><span class=\"whitespace-normal\">Pronovias<\/span><\/span><\/strong>.<br data-start=\"631\" data-end=\"634\" \/>En tidl\u00f6s och elegant br\u00f6llopskl\u00e4nning med klassisk silhuett, v\u00e4lbalanserade detaljer och ett vackert fall som ger ett sofistikerat, romantiskt uttryck. Justine k\u00e4nns trygg och sj\u00e4lvklar \u2013 f\u00f6r bruden som vill ha klassisk sk\u00f6nhet med modern k\u00e4nsla.<\/p>\n<div class=\"product attribute overview\">\n<div class=\"product attribute overview\">\n<p class=\"value\">\n<\/div>\n<h2 class=\"value\"><b style=\"font-size: 16px; font-style: italic;\">(K<\/b><i style=\"font-size: 16px;\">ontakt os for sp\u00f8rgsm\u00e5l vedr\u00f8rende priser, booking osv.)<\/i><\/h2>\n<\/div>\n<p>&nbsp;<\/p>","protected":false},"featured_media":28238,"template":"","meta":[],"pwb-brand":[],"product_brand":[],"product_cat":[16,23],"product_tag":[167,25,22,26],"class_list":{"0":"post-28134","1":"product","2":"type-product","3":"status-publish","4":"has-post-thumbnail","6":"product_cat-klanningar","7":"product_cat-pronovias","8":"product_tag-brollop","9":"product_tag-brollopsklanning","10":"product_tag-brudklanning","11":"product_tag-pronovias","13":"first","14":"instock","15":"sale","16":"shipping-taxable","17":"purchasable","18":"product-type-simple"},"yoast_head":"<!-- This site is optimized with the Yoast SEO plugin v27.4 - https:\/\/yoast.com\/product\/yoast-seo-wordpress\/ -->\n<title>Pronovias br\u00f6llopskl\u00e4nning Justine | Proms and Weddings<\/title>\n<meta name=\"description\" content=\"Justine \u00e4r en figurn\u00e4ra br\u00f6llopskl\u00e4nning med spets och l\u00e5ng \u00e4rm \u2013 elegant design med illusionstyll och broderade detaljer f\u00f6r en sofistikerad look.\" \/>\n<meta name=\"robots\" content=\"index, follow, max-snippet:-1, max-image-preview:large, max-video-preview:-1\" \/>\n<link rel=\"canonical\" href=\"https:\/\/promsandweddings.se\/dk\/vare\/pronovias-brollopsklanning-justine\/\" \/>\n<meta property=\"og:locale\" content=\"da_DK\" \/>\n<meta property=\"og:type\" content=\"article\" \/>\n<meta property=\"og:title\" content=\"Pronovias br\u00f6llopskl\u00e4nning Justine | Proms and Weddings\" \/>\n<meta property=\"og:description\" content=\"Justine \u00e4r en figurn\u00e4ra br\u00f6llopskl\u00e4nning med spets och l\u00e5ng \u00e4rm \u2013 elegant design med illusionstyll och broderade detaljer f\u00f6r en sofistikerad look.\" \/>\n<meta property=\"og:url\" content=\"https:\/\/promsandweddings.se\/dk\/vare\/pronovias-brollopsklanning-justine\/\" \/>\n<meta property=\"og:site_name\" content=\"Proms and Weddings\" \/>\n<meta property=\"article:publisher\" content=\"https:\/\/www.facebook.com\/promsandweddings\" \/>\n<meta property=\"article:modified_time\" content=\"2026-03-15T22:32:04+00:00\" \/>\n<meta property=\"og:image\" content=\"https:\/\/promsandweddings.se\/wp-content\/uploads\/2026\/03\/justine_h.webp\" \/>\n\t<meta property=\"og:image:width\" content=\"767\" \/>\n\t<meta property=\"og:image:height\" content=\"1023\" \/>\n\t<meta property=\"og:image:type\" content=\"image\/webp\" \/>\n<meta name=\"twitter:card\" content=\"summary_large_image\" \/>\n<meta name=\"twitter:site\" content=\"@PromsWeddings\" \/>\n<meta name=\"twitter:label1\" content=\"Estimeret l\u00e6setid\" \/>\n\t<meta name=\"twitter:data1\" content=\"1 minut\" \/>\n<script type=\"application\/ld+json\" class=\"yoast-schema-graph\">{\"@context\":\"https:\\\/\\\/schema.org\",\"@graph\":[{\"@type\":\"WebPage\",\"@id\":\"https:\\\/\\\/promsandweddings.se\\\/produkt\\\/pronovias-brollopsklanning-justine\\\/\",\"url\":\"https:\\\/\\\/promsandweddings.se\\\/produkt\\\/pronovias-brollopsklanning-justine\\\/\",\"name\":\"Pronovias br\u00f6llopskl\u00e4nning Justine | Proms and Weddings\",\"isPartOf\":{\"@id\":\"https:\\\/\\\/promsandweddings.se\\\/#website\"},\"primaryImageOfPage\":{\"@id\":\"https:\\\/\\\/promsandweddings.se\\\/produkt\\\/pronovias-brollopsklanning-justine\\\/#primaryimage\"},\"image\":{\"@id\":\"https:\\\/\\\/promsandweddings.se\\\/produkt\\\/pronovias-brollopsklanning-justine\\\/#primaryimage\"},\"thumbnailUrl\":\"https:\\\/\\\/promsandweddings.se\\\/wp-content\\\/uploads\\\/2026\\\/03\\\/justine_h.webp\",\"datePublished\":\"2026-03-15T22:27:40+00:00\",\"dateModified\":\"2026-03-15T22:32:04+00:00\",\"description\":\"Justine \u00e4r en figurn\u00e4ra br\u00f6llopskl\u00e4nning med spets och l\u00e5ng \u00e4rm \u2013 elegant design med illusionstyll och broderade detaljer f\u00f6r en sofistikerad look.\",\"breadcrumb\":{\"@id\":\"https:\\\/\\\/promsandweddings.se\\\/produkt\\\/pronovias-brollopsklanning-justine\\\/#breadcrumb\"},\"inLanguage\":\"da-DK\",\"potentialAction\":[{\"@type\":\"ReadAction\",\"target\":[\"https:\\\/\\\/promsandweddings.se\\\/produkt\\\/pronovias-brollopsklanning-justine\\\/\"]}]},{\"@type\":\"ImageObject\",\"inLanguage\":\"da-DK\",\"@id\":\"https:\\\/\\\/promsandweddings.se\\\/produkt\\\/pronovias-brollopsklanning-justine\\\/#primaryimage\",\"url\":\"https:\\\/\\\/promsandweddings.se\\\/wp-content\\\/uploads\\\/2026\\\/03\\\/justine_h.webp\",\"contentUrl\":\"https:\\\/\\\/promsandweddings.se\\\/wp-content\\\/uploads\\\/2026\\\/03\\\/justine_h.webp\",\"width\":767,\"height\":1023},{\"@type\":\"BreadcrumbList\",\"@id\":\"https:\\\/\\\/promsandweddings.se\\\/produkt\\\/pronovias-brollopsklanning-justine\\\/#breadcrumb\",\"itemListElement\":[{\"@type\":\"ListItem\",\"position\":1,\"name\":\"Home\",\"item\":\"https:\\\/\\\/promsandweddings.se\\\/\"},{\"@type\":\"ListItem\",\"position\":2,\"name\":\"Webshop\",\"item\":\"https:\\\/\\\/promsandweddings.se\\\/webshop\\\/\"},{\"@type\":\"ListItem\",\"position\":3,\"name\":\"Pronovias br\u00f6llopskl\u00e4nning Justine\"}]},{\"@type\":\"WebSite\",\"@id\":\"https:\\\/\\\/promsandweddings.se\\\/#website\",\"url\":\"https:\\\/\\\/promsandweddings.se\\\/\",\"name\":\"Proms and Weddings\",\"description\":\"Hitta din dr\u00f6mkl\u00e4nning\",\"publisher\":{\"@id\":\"https:\\\/\\\/promsandweddings.se\\\/#organization\"},\"alternateName\":\"Proms & Weddings\",\"potentialAction\":[{\"@type\":\"SearchAction\",\"target\":{\"@type\":\"EntryPoint\",\"urlTemplate\":\"https:\\\/\\\/promsandweddings.se\\\/?s={search_term_string}\"},\"query-input\":{\"@type\":\"PropertyValueSpecification\",\"valueRequired\":true,\"valueName\":\"search_term_string\"}}],\"inLanguage\":\"da-DK\"},{\"@type\":\"Organization\",\"@id\":\"https:\\\/\\\/promsandweddings.se\\\/#organization\",\"name\":\"Proms & Weddings\",\"url\":\"https:\\\/\\\/promsandweddings.se\\\/\",\"logo\":{\"@type\":\"ImageObject\",\"inLanguage\":\"da-DK\",\"@id\":\"https:\\\/\\\/promsandweddings.se\\\/#\\\/schema\\\/logo\\\/image\\\/\",\"url\":\"https:\\\/\\\/promsandweddings.se\\\/wp-content\\\/uploads\\\/2026\\\/03\\\/pwlogosv-2-2.webp\",\"contentUrl\":\"https:\\\/\\\/promsandweddings.se\\\/wp-content\\\/uploads\\\/2026\\\/03\\\/pwlogosv-2-2.webp\",\"width\":556,\"height\":152,\"caption\":\"Proms & Weddings\"},\"image\":{\"@id\":\"https:\\\/\\\/promsandweddings.se\\\/#\\\/schema\\\/logo\\\/image\\\/\"},\"sameAs\":[\"https:\\\/\\\/www.facebook.com\\\/promsandweddings\",\"https:\\\/\\\/x.com\\\/PromsWeddings\",\"https:\\\/\\\/www.instagram.com\\\/promsandweddings\\\/\",\"https:\\\/\\\/www.youtube.com\\\/@promsandweddings\\\/shorts\",\"https:\\\/\\\/www.tiktok.com\\\/@promsandweddings\",\"https:\\\/\\\/se.pinterest.com\\\/promsandwedding\"]}]}<\/script>\n<!-- \/ Yoast SEO plugin. -->","yoast_head_json":{"title":"Pronovias bryllupskjole Justine | Proms and Weddings","description":"Justine er en figurbetonede bryllupskjole med blonde og langt \u00e6rme \u2013 elegant design med illusions\u00e6rme og broderede detaljer for et sofistikeret look.","robots":{"index":"index","follow":"follow","max-snippet":"max-snippet:-1","max-image-preview":"max-image-preview:large","max-video-preview":"max-video-preview:-1"},"canonical":"https:\/\/promsandweddings.se\/dk\/vare\/pronovias-brollopsklanning-justine\/","og_locale":"da_DK","og_type":"article","og_title":"Pronovias br\u00f6llopskl\u00e4nning Justine | Proms and Weddings","og_description":"Justine \u00e4r en figurn\u00e4ra br\u00f6llopskl\u00e4nning med spets och l\u00e5ng \u00e4rm \u2013 elegant design med illusionstyll och broderade detaljer f\u00f6r en sofistikerad look.","og_url":"https:\/\/promsandweddings.se\/dk\/vare\/pronovias-brollopsklanning-justine\/","og_site_name":"Proms and Weddings","article_publisher":"https:\/\/www.facebook.com\/promsandweddings","article_modified_time":"2026-03-15T22:32:04+00:00","og_image":[{"width":767,"height":1023,"url":"https:\/\/promsandweddings.se\/wp-content\/uploads\/2026\/03\/justine_h.webp","type":"image\/webp"}],"twitter_card":"summary_large_image","twitter_site":"@PromsWeddings","twitter_misc":{"Estimeret l\u00e6setid":"1 minut"},"schema":{"@context":"https:\/\/schema.org","@graph":[{"@type":"WebPage","@id":"https:\/\/promsandweddings.se\/produkt\/pronovias-brollopsklanning-justine\/","url":"https:\/\/promsandweddings.se\/produkt\/pronovias-brollopsklanning-justine\/","name":"Pronovias bryllupskjole Justine | Proms and Weddings","isPartOf":{"@id":"https:\/\/promsandweddings.se\/#website"},"primaryImageOfPage":{"@id":"https:\/\/promsandweddings.se\/produkt\/pronovias-brollopsklanning-justine\/#primaryimage"},"image":{"@id":"https:\/\/promsandweddings.se\/produkt\/pronovias-brollopsklanning-justine\/#primaryimage"},"thumbnailUrl":"https:\/\/promsandweddings.se\/wp-content\/uploads\/2026\/03\/justine_h.webp","datePublished":"2026-03-15T22:27:40+00:00","dateModified":"2026-03-15T22:32:04+00:00","description":"Justine er en figurbetonede bryllupskjole med blonde og langt \u00e6rme \u2013 elegant design med illusions\u00e6rme og broderede detaljer for et sofistikeret look.","breadcrumb":{"@id":"https:\/\/promsandweddings.se\/produkt\/pronovias-brollopsklanning-justine\/#breadcrumb"},"inLanguage":"da-DK","potentialAction":[{"@type":"ReadAction","target":["https:\/\/promsandweddings.se\/produkt\/pronovias-brollopsklanning-justine\/"]}]},{"@type":"ImageObject","inLanguage":"da-DK","@id":"https:\/\/promsandweddings.se\/produkt\/pronovias-brollopsklanning-justine\/#primaryimage","url":"https:\/\/promsandweddings.se\/wp-content\/uploads\/2026\/03\/justine_h.webp","contentUrl":"https:\/\/promsandweddings.se\/wp-content\/uploads\/2026\/03\/justine_h.webp","width":767,"height":1023},{"@type":"BreadcrumbList","@id":"https:\/\/promsandweddings.se\/produkt\/pronovias-brollopsklanning-justine\/#breadcrumb","itemListElement":[{"@type":"ListItem","position":1,"name":"Home","item":"https:\/\/promsandweddings.se\/"},{"@type":"ListItem","position":2,"name":"Webshop","item":"https:\/\/promsandweddings.se\/webshop\/"},{"@type":"ListItem","position":3,"name":"Pronovias br\u00f6llopskl\u00e4nning Justine"}]},{"@type":"WebSite","@id":"https:\/\/promsandweddings.se\/#website","url":"https:\/\/promsandweddings.se\/","name":"Proms and Weddings","description":"Find din dr\u00f8mmekjole","publisher":{"@id":"https:\/\/promsandweddings.se\/#organization"},"alternateName":"Proms & Weddings","potentialAction":[{"@type":"SearchAction","target":{"@type":"EntryPoint","urlTemplate":"https:\/\/promsandweddings.se\/?s={search_term_string}"},"query-input":{"@type":"PropertyValueSpecification","valueRequired":true,"valueName":"search_term_string"}}],"inLanguage":"da-DK"},{"@type":"Organization","@id":"https:\/\/promsandweddings.se\/#organization","name":"Proms &amp; Weddings","url":"https:\/\/promsandweddings.se\/","logo":{"@type":"ImageObject","inLanguage":"da-DK","@id":"https:\/\/promsandweddings.se\/#\/schema\/logo\/image\/","url":"https:\/\/promsandweddings.se\/wp-content\/uploads\/2026\/03\/pwlogosv-2-2.webp","contentUrl":"https:\/\/promsandweddings.se\/wp-content\/uploads\/2026\/03\/pwlogosv-2-2.webp","width":556,"height":152,"caption":"Proms & Weddings"},"image":{"@id":"https:\/\/promsandweddings.se\/#\/schema\/logo\/image\/"},"sameAs":["https:\/\/www.facebook.com\/promsandweddings","https:\/\/x.com\/PromsWeddings","https:\/\/www.instagram.com\/promsandweddings\/","https:\/\/www.youtube.com\/@promsandweddings\/shorts","https:\/\/www.tiktok.com\/@promsandweddings","https:\/\/se.pinterest.com\/promsandwedding"]}]}},"jetpack_sharing_enabled":true,"brands":[],"_links":{"self":[{"href":"https:\/\/promsandweddings.se\/dk\/wp-json\/wp\/v2\/product\/28134","targetHints":{"allow":["GET"]}}],"collection":[{"href":"https:\/\/promsandweddings.se\/dk\/wp-json\/wp\/v2\/product"}],"about":[{"href":"https:\/\/promsandweddings.se\/dk\/wp-json\/wp\/v2\/types\/product"}],"wp:featuredmedia":[{"embeddable":true,"href":"https:\/\/promsandweddings.se\/dk\/wp-json\/wp\/v2\/media\/28238"}],"wp:attachment":[{"href":"https:\/\/promsandweddings.se\/dk\/wp-json\/wp\/v2\/media?parent=28134"}],"wp:term":[{"taxonomy":"pwb-brand","embeddable":true,"href":"https:\/\/promsandweddings.se\/dk\/wp-json\/wp\/v2\/pwb-brand?post=28134"},{"taxonomy":"product_brand","embeddable":true,"href":"https:\/\/promsandweddings.se\/dk\/wp-json\/wp\/v2\/product_brand?post=28134"},{"taxonomy":"product_cat","embeddable":true,"href":"https:\/\/promsandweddings.se\/dk\/wp-json\/wp\/v2\/product_cat?post=28134"},{"taxonomy":"product_tag","embeddable":true,"href":"https:\/\/promsandweddings.se\/dk\/wp-json\/wp\/v2\/product_tag?post=28134"}],"curies":[{"name":"wp","href":"https:\/\/api.w.org\/{rel}","templated":true}]}}