{"id":28178,"date":"2026-03-15T23:29:35","date_gmt":"2026-03-15T22:29:35","guid":{"rendered":"https:\/\/promsandweddings.se\/?post_type=product&#038;p=28178"},"modified":"2026-03-15T23:35:05","modified_gmt":"2026-03-15T22:35:05","slug":"balklanning-ladivine-t715","status":"publish","type":"product","link":"https:\/\/promsandweddings.se\/dk\/produkt\/balklanning-ladivine-t715\/","title":{"rendered":"Ballkjole T715 fra Ladivine med halterneck, markeret talje og flydende nederdel. Perfekt til bal, gala og fest."},"content":{"rendered":"<p data-start=\"287\" data-end=\"508\">Ballkjole Ladivine T715<\/p>\n<p data-start=\"510\" data-end=\"747\">T715 fra Ladivine er en tidl\u00f8s og elegant ballkjole, der kombinerer klassisk silhuet med moderne femininitet. Designen passer perfekt til bal, gala eller bryllupsfest, hvor du gerne vil f\u00f8le dig b\u00e5de komfortabel og sofistikeret.<\/p>\n<p data-start=\"749\" data-end=\"972\">Den dybe halterneck-udringning skaber en smigrende V foran og understreger brystet p\u00e5 en elegant m\u00e5de. Samtidig giver den markerede talje en smuk form, mens den lange, bl\u00f8dt faldende nederdel skaber et luftigt og formbart udtryk.<\/p>\n<p data-start=\"974\" data-end=\"1078\">Stoffet bev\u00e6ger sig let, n\u00e5r du g\u00e5r, og giver kjolen et luksuri\u00f8st fald. Desuden g\u00f8r det stilrent design T715 til et fremragende valg til b\u00e5de klassiske og moderne lejligheder. Kjolen er lige s\u00e5 smuk i bev\u00e6gelse som p\u00e5 billede.<\/p>","protected":false},"excerpt":{"rendered":"<p><strong>af <a href=\"https:\/\/www.ladivine.com\">CINDERELLA DIVINE<\/a>\u00a0<\/strong><\/p>\n<p>&nbsp;<\/p>","protected":false},"featured_media":28298,"template":"","meta":[],"pwb-brand":[],"product_brand":[],"product_cat":[57,58,78,56,59,60,82,85,86,83],"product_tag":[65,66,67],"class_list":{"0":"post-28178","1":"product","2":"type-product","3":"status-publish","4":"has-post-thumbnail","6":"product_cat-aftonklanningar","7":"product_cat-balklanningar","8":"product_cat-cinderella-divine","9":"product_cat-festklanningar","10":"product_cat-forlovningsklanning","11":"product_cat-klanning-brollopsgast","12":"product_cat-langa-balklanningar","13":"product_cat-langa-klanningar","14":"product_cat-langklanning-fest","15":"product_cat-plus-size","16":"product_tag-balklanning","17":"product_tag-festklanning","18":"product_tag-klanning","19":"product_shipping_class-festklanningar","21":"first","22":"instock","23":"shipping-taxable","24":"purchasable","25":"product-type-variable"},"yoast_head":"<!-- This site is optimized with the Yoast SEO plugin v27.4 - https:\/\/yoast.com\/product\/yoast-seo-wordpress\/ -->\n<title>Balkl\u00e4nning T715 fr\u00e5n Ladivine \u2013 Elegant Halterneck i L\u00e5ng Modell<\/title>\n<meta name=\"description\" content=\"Balkl\u00e4nning T715 fr\u00e5n Ladivine med halterneck, markerad midja och fl\u00f6dande kjol. Perfekt f\u00f6r bal, gala och fest.\" \/>\n<meta name=\"robots\" content=\"index, follow, max-snippet:-1, max-image-preview:large, max-video-preview:-1\" \/>\n<link rel=\"canonical\" href=\"https:\/\/promsandweddings.se\/dk\/vare\/balklanning-ladivine-t715\/\" \/>\n<meta property=\"og:locale\" content=\"da_DK\" \/>\n<meta property=\"og:type\" content=\"article\" \/>\n<meta property=\"og:title\" content=\"Balkl\u00e4nning T715 fr\u00e5n Ladivine \u2013 Elegant Halterneck i L\u00e5ng Modell\" \/>\n<meta property=\"og:description\" content=\"Balkl\u00e4nning T715 fr\u00e5n Ladivine med halterneck, markerad midja och fl\u00f6dande kjol. Perfekt f\u00f6r bal, gala och fest.\" \/>\n<meta property=\"og:url\" content=\"https:\/\/promsandweddings.se\/dk\/vare\/balklanning-ladivine-t715\/\" \/>\n<meta property=\"og:site_name\" content=\"Proms and Weddings\" \/>\n<meta property=\"article:publisher\" content=\"https:\/\/www.facebook.com\/promsandweddings\" \/>\n<meta property=\"article:modified_time\" content=\"2026-03-15T22:35:05+00:00\" \/>\n<meta property=\"og:image\" content=\"https:\/\/promsandweddings.se\/wp-content\/uploads\/2026\/03\/t715_corn-flower-blue_navy_2.jpg\" \/>\n\t<meta property=\"og:image:width\" content=\"800\" \/>\n\t<meta property=\"og:image:height\" content=\"1200\" \/>\n\t<meta property=\"og:image:type\" content=\"image\/jpeg\" \/>\n<meta name=\"twitter:card\" content=\"summary_large_image\" \/>\n<meta name=\"twitter:site\" content=\"@PromsWeddings\" \/>\n<meta name=\"twitter:label1\" content=\"Estimeret l\u00e6setid\" \/>\n\t<meta name=\"twitter:data1\" content=\"1 minut\" \/>\n<script type=\"application\/ld+json\" class=\"yoast-schema-graph\">{\"@context\":\"https:\\\/\\\/schema.org\",\"@graph\":[{\"@type\":\"WebPage\",\"@id\":\"https:\\\/\\\/promsandweddings.se\\\/produkt\\\/balklanning-ladivine-t715\\\/\",\"url\":\"https:\\\/\\\/promsandweddings.se\\\/produkt\\\/balklanning-ladivine-t715\\\/\",\"name\":\"Balkl\u00e4nning T715 fr\u00e5n Ladivine \u2013 Elegant Halterneck i L\u00e5ng Modell\",\"isPartOf\":{\"@id\":\"https:\\\/\\\/promsandweddings.se\\\/#website\"},\"primaryImageOfPage\":{\"@id\":\"https:\\\/\\\/promsandweddings.se\\\/produkt\\\/balklanning-ladivine-t715\\\/#primaryimage\"},\"image\":{\"@id\":\"https:\\\/\\\/promsandweddings.se\\\/produkt\\\/balklanning-ladivine-t715\\\/#primaryimage\"},\"thumbnailUrl\":\"https:\\\/\\\/promsandweddings.se\\\/wp-content\\\/uploads\\\/2026\\\/03\\\/t715_corn-flower-blue_navy_2.jpg\",\"datePublished\":\"2026-03-15T22:29:35+00:00\",\"dateModified\":\"2026-03-15T22:35:05+00:00\",\"description\":\"Balkl\u00e4nning T715 fr\u00e5n Ladivine med halterneck, markerad midja och fl\u00f6dande kjol. Perfekt f\u00f6r bal, gala och fest.\",\"breadcrumb\":{\"@id\":\"https:\\\/\\\/promsandweddings.se\\\/produkt\\\/balklanning-ladivine-t715\\\/#breadcrumb\"},\"inLanguage\":\"da-DK\",\"potentialAction\":[{\"@type\":\"ReadAction\",\"target\":[\"https:\\\/\\\/promsandweddings.se\\\/produkt\\\/balklanning-ladivine-t715\\\/\"]}]},{\"@type\":\"ImageObject\",\"inLanguage\":\"da-DK\",\"@id\":\"https:\\\/\\\/promsandweddings.se\\\/produkt\\\/balklanning-ladivine-t715\\\/#primaryimage\",\"url\":\"https:\\\/\\\/promsandweddings.se\\\/wp-content\\\/uploads\\\/2026\\\/03\\\/t715_corn-flower-blue_navy_2.jpg\",\"contentUrl\":\"https:\\\/\\\/promsandweddings.se\\\/wp-content\\\/uploads\\\/2026\\\/03\\\/t715_corn-flower-blue_navy_2.jpg\",\"width\":800,\"height\":1200},{\"@type\":\"BreadcrumbList\",\"@id\":\"https:\\\/\\\/promsandweddings.se\\\/produkt\\\/balklanning-ladivine-t715\\\/#breadcrumb\",\"itemListElement\":[{\"@type\":\"ListItem\",\"position\":1,\"name\":\"Home\",\"item\":\"https:\\\/\\\/promsandweddings.se\\\/\"},{\"@type\":\"ListItem\",\"position\":2,\"name\":\"Webshop\",\"item\":\"https:\\\/\\\/promsandweddings.se\\\/webshop\\\/\"},{\"@type\":\"ListItem\",\"position\":3,\"name\":\"Balkl\u00e4nning Ladivine T715\"}]},{\"@type\":\"WebSite\",\"@id\":\"https:\\\/\\\/promsandweddings.se\\\/#website\",\"url\":\"https:\\\/\\\/promsandweddings.se\\\/\",\"name\":\"Proms and Weddings\",\"description\":\"Hitta din dr\u00f6mkl\u00e4nning\",\"publisher\":{\"@id\":\"https:\\\/\\\/promsandweddings.se\\\/#organization\"},\"alternateName\":\"Proms & Weddings\",\"potentialAction\":[{\"@type\":\"SearchAction\",\"target\":{\"@type\":\"EntryPoint\",\"urlTemplate\":\"https:\\\/\\\/promsandweddings.se\\\/?s={search_term_string}\"},\"query-input\":{\"@type\":\"PropertyValueSpecification\",\"valueRequired\":true,\"valueName\":\"search_term_string\"}}],\"inLanguage\":\"da-DK\"},{\"@type\":\"Organization\",\"@id\":\"https:\\\/\\\/promsandweddings.se\\\/#organization\",\"name\":\"Proms & Weddings\",\"url\":\"https:\\\/\\\/promsandweddings.se\\\/\",\"logo\":{\"@type\":\"ImageObject\",\"inLanguage\":\"da-DK\",\"@id\":\"https:\\\/\\\/promsandweddings.se\\\/#\\\/schema\\\/logo\\\/image\\\/\",\"url\":\"https:\\\/\\\/promsandweddings.se\\\/wp-content\\\/uploads\\\/2026\\\/03\\\/pwlogosv-2-2.webp\",\"contentUrl\":\"https:\\\/\\\/promsandweddings.se\\\/wp-content\\\/uploads\\\/2026\\\/03\\\/pwlogosv-2-2.webp\",\"width\":556,\"height\":152,\"caption\":\"Proms & Weddings\"},\"image\":{\"@id\":\"https:\\\/\\\/promsandweddings.se\\\/#\\\/schema\\\/logo\\\/image\\\/\"},\"sameAs\":[\"https:\\\/\\\/www.facebook.com\\\/promsandweddings\",\"https:\\\/\\\/x.com\\\/PromsWeddings\",\"https:\\\/\\\/www.instagram.com\\\/promsandweddings\\\/\",\"https:\\\/\\\/www.youtube.com\\\/@promsandweddings\\\/shorts\",\"https:\\\/\\\/www.tiktok.com\\\/@promsandweddings\",\"https:\\\/\\\/se.pinterest.com\\\/promsandwedding\"]}]}<\/script>\n<!-- \/ Yoast SEO plugin. -->","yoast_head_json":{"title":"https:\/\/promsandweddings.se\/wp-content\/uploads\/2026\/03\/t714_navy_red.jpg","description":"Ballkjole T715 fra Ladivine \u2013 Elegant Halterneck i Lang Model","robots":{"index":"index","follow":"follow","max-snippet":"max-snippet:-1","max-image-preview":"max-image-preview:large","max-video-preview":"max-video-preview:-1"},"canonical":"https:\/\/promsandweddings.se\/dk\/vare\/balklanning-ladivine-t715\/","og_locale":"da_DK","og_type":"article","og_title":"Balkl\u00e4nning T715 fr\u00e5n Ladivine \u2013 Elegant Halterneck i L\u00e5ng Modell","og_description":"Balkl\u00e4nning T715 fr\u00e5n Ladivine med halterneck, markerad midja och fl\u00f6dande kjol. Perfekt f\u00f6r bal, gala och fest.","og_url":"https:\/\/promsandweddings.se\/dk\/vare\/balklanning-ladivine-t715\/","og_site_name":"Proms and Weddings","article_publisher":"https:\/\/www.facebook.com\/promsandweddings","article_modified_time":"2026-03-15T22:35:05+00:00","og_image":[{"width":800,"height":1200,"url":"https:\/\/promsandweddings.se\/wp-content\/uploads\/2026\/03\/t715_corn-flower-blue_navy_2.jpg","type":"image\/jpeg"}],"twitter_card":"summary_large_image","twitter_site":"@PromsWeddings","twitter_misc":{"Estimeret l\u00e6setid":"1 minut"},"schema":{"@context":"https:\/\/schema.org","@graph":[{"@type":"WebPage","@id":"https:\/\/promsandweddings.se\/produkt\/balklanning-ladivine-t715\/","url":"https:\/\/promsandweddings.se\/produkt\/balklanning-ladivine-t715\/","name":"https:\/\/promsandweddings.se\/wp-content\/uploads\/2026\/03\/t714_navy_red.jpg","isPartOf":{"@id":"https:\/\/promsandweddings.se\/#website"},"primaryImageOfPage":{"@id":"https:\/\/promsandweddings.se\/produkt\/balklanning-ladivine-t715\/#primaryimage"},"image":{"@id":"https:\/\/promsandweddings.se\/produkt\/balklanning-ladivine-t715\/#primaryimage"},"thumbnailUrl":"https:\/\/promsandweddings.se\/wp-content\/uploads\/2026\/03\/t715_corn-flower-blue_navy_2.jpg","datePublished":"2026-03-15T22:29:35+00:00","dateModified":"2026-03-15T22:35:05+00:00","description":"Ballkjole T715 fra Ladivine \u2013 Elegant Halterneck i Lang Model","breadcrumb":{"@id":"https:\/\/promsandweddings.se\/produkt\/balklanning-ladivine-t715\/#breadcrumb"},"inLanguage":"da-DK","potentialAction":[{"@type":"ReadAction","target":["https:\/\/promsandweddings.se\/produkt\/balklanning-ladivine-t715\/"]}]},{"@type":"ImageObject","inLanguage":"da-DK","@id":"https:\/\/promsandweddings.se\/produkt\/balklanning-ladivine-t715\/#primaryimage","url":"https:\/\/promsandweddings.se\/wp-content\/uploads\/2026\/03\/t715_corn-flower-blue_navy_2.jpg","contentUrl":"https:\/\/promsandweddings.se\/wp-content\/uploads\/2026\/03\/t715_corn-flower-blue_navy_2.jpg","width":800,"height":1200},{"@type":"BreadcrumbList","@id":"https:\/\/promsandweddings.se\/produkt\/balklanning-ladivine-t715\/#breadcrumb","itemListElement":[{"@type":"ListItem","position":1,"name":"Home","item":"https:\/\/promsandweddings.se\/"},{"@type":"ListItem","position":2,"name":"Webshop","item":"https:\/\/promsandweddings.se\/webshop\/"},{"@type":"ListItem","position":3,"name":"Balkl\u00e4nning Ladivine T715"}]},{"@type":"WebSite","@id":"https:\/\/promsandweddings.se\/#website","url":"https:\/\/promsandweddings.se\/","name":"Proms and Weddings","description":"Find din dr\u00f8mmekjole","publisher":{"@id":"https:\/\/promsandweddings.se\/#organization"},"alternateName":"Proms & Weddings","potentialAction":[{"@type":"SearchAction","target":{"@type":"EntryPoint","urlTemplate":"https:\/\/promsandweddings.se\/?s={search_term_string}"},"query-input":{"@type":"PropertyValueSpecification","valueRequired":true,"valueName":"search_term_string"}}],"inLanguage":"da-DK"},{"@type":"Organization","@id":"https:\/\/promsandweddings.se\/#organization","name":"Proms &amp; Weddings","url":"https:\/\/promsandweddings.se\/","logo":{"@type":"ImageObject","inLanguage":"da-DK","@id":"https:\/\/promsandweddings.se\/#\/schema\/logo\/image\/","url":"https:\/\/promsandweddings.se\/wp-content\/uploads\/2026\/03\/pwlogosv-2-2.webp","contentUrl":"https:\/\/promsandweddings.se\/wp-content\/uploads\/2026\/03\/pwlogosv-2-2.webp","width":556,"height":152,"caption":"Proms & Weddings"},"image":{"@id":"https:\/\/promsandweddings.se\/#\/schema\/logo\/image\/"},"sameAs":["https:\/\/www.facebook.com\/promsandweddings","https:\/\/x.com\/PromsWeddings","https:\/\/www.instagram.com\/promsandweddings\/","https:\/\/www.youtube.com\/@promsandweddings\/shorts","https:\/\/www.tiktok.com\/@promsandweddings","https:\/\/se.pinterest.com\/promsandwedding"]}]}},"jetpack_sharing_enabled":true,"brands":[],"_links":{"self":[{"href":"https:\/\/promsandweddings.se\/dk\/wp-json\/wp\/v2\/product\/28178","targetHints":{"allow":["GET"]}}],"collection":[{"href":"https:\/\/promsandweddings.se\/dk\/wp-json\/wp\/v2\/product"}],"about":[{"href":"https:\/\/promsandweddings.se\/dk\/wp-json\/wp\/v2\/types\/product"}],"wp:featuredmedia":[{"embeddable":true,"href":"https:\/\/promsandweddings.se\/dk\/wp-json\/wp\/v2\/media\/28298"}],"wp:attachment":[{"href":"https:\/\/promsandweddings.se\/dk\/wp-json\/wp\/v2\/media?parent=28178"}],"wp:term":[{"taxonomy":"pwb-brand","embeddable":true,"href":"https:\/\/promsandweddings.se\/dk\/wp-json\/wp\/v2\/pwb-brand?post=28178"},{"taxonomy":"product_brand","embeddable":true,"href":"https:\/\/promsandweddings.se\/dk\/wp-json\/wp\/v2\/product_brand?post=28178"},{"taxonomy":"product_cat","embeddable":true,"href":"https:\/\/promsandweddings.se\/dk\/wp-json\/wp\/v2\/product_cat?post=28178"},{"taxonomy":"product_tag","embeddable":true,"href":"https:\/\/promsandweddings.se\/dk\/wp-json\/wp\/v2\/product_tag?post=28178"}],"curies":[{"name":"wp","href":"https:\/\/api.w.org\/{rel}","templated":true}]}}