{"id":28198,"date":"2026-03-15T23:30:32","date_gmt":"2026-03-15T22:30:32","guid":{"rendered":"https:\/\/promsandweddings.se\/?post_type=product&#038;p=28198"},"modified":"2026-03-15T23:35:27","modified_gmt":"2026-03-15T22:35:27","slug":"waddox-aire-barcelona-brollopsklanning","status":"publish","type":"product","link":"https:\/\/promsandweddings.se\/dk\/produkt\/waddox-aire-barcelona-brollopsklanning\/","title":{"rendered":"Waddox Aire barcelona bryllupskjole"},"content":{"rendered":"<p>Waddox fra Aire Barcelona er det perfekte valg for den moderne brud, der s\u00f8ger elegant og innovativt alternativ til den traditionelle bryllupskjole. Denne eksklusive bryllupsbuksedress i hvidt kombinerer sofistikeret design med h\u00f8j komfort, hvilket g\u00f8r den ideel til b\u00e5de byvielse og destination bryllup.<\/p>\n<p>Buksedessen er lavet af et bl\u00f8dt, flydende stof, der falder p\u00e6nt og skaber en silhuet, der er b\u00e5de feminin og kraftfuld. Den dybe V-udsk\u00e6ring foran giver et sanselig men sofistikeret look, mens de brede bukseben skaber en dramatisk og samtidig let fornemmelse. De korte, brede \u00e6rmer giver en touch af bohemisk elegance, mens de bidrager til en luftig og afslappet fornemmelse \u2013 perfekt til for\u00e5r \u2013 og sommerbr\u00f6llop.<\/p>\n<p>Midjen skabes subtilt med et smalr b\u00e6lte i samme stof, hvilket fremh\u00e6ver figuren uden at kompromittere bev\u00e6gelsesfriheden. Det minimalistiske design g\u00f8r, at du nemt kan tilf\u00f8je dine egne accessories for at skabe et personligt look \u2013 uanset om du foretr\u00e6kker stilrene perle\u00f8rereller en farverig blomsterkrone.<\/p>","protected":false},"excerpt":{"rendered":"<p><strong data-start=\"0\" data-end=\"10\" data-is-only-node=\"\">Waddox<\/strong>\u00a0er en brudekjole fra\u00a0<strong data-start=\"39\" data-end=\"80\"><span class=\"hover:entity-accent entity-underline inline cursor-pointer align-baseline\"><span class=\"whitespace-normal\">Aire Barcelona<\/span><\/span><\/strong>.<br data-start=\"81\" data-end=\"84\" \/>En modern och stilren br\u00f6llopskl\u00e4nning med markerad silhuett, rena linjer och en elegant struktur som ger ett sj\u00e4lvs\u00e4kert och samtida uttryck. Waddox k\u00e4nns kraftfull men balanserad \u2013 f\u00f6r bruden som vill ha modern elegans med tydlig karakt\u00e4r.<br data-start=\"317\" data-end=\"320\" \/><br data-start=\"402\" data-end=\"405\" \/><em data-start=\"405\" data-end=\"462\" data-is-last-node=\"\">(Kontakt os for sp\u00f8rgsm\u00e5l vedr\u00f8rende priser, booking osv.)<\/em><\/p>\n<div class=\"product attribute overview\"><\/div>\n<div class=\"product attribute overview\">\n<h2 class=\"value\"><b style=\"font-size: 16px; font-style: italic;\">(K<\/b><i style=\"font-size: 16px;\"><b>ontakt os for sp\u00f8rgsm\u00e5l vedr\u00f8rende priser, booking osv.)<\/b><\/i><\/h2>\n<\/div>","protected":false},"featured_media":28320,"template":"","meta":[],"pwb-brand":[],"product_brand":[],"product_cat":[181,16,17],"product_tag":[167,25,22],"class_list":{"0":"post-28198","1":"product","2":"type-product","3":"status-publish","4":"has-post-thumbnail","6":"product_cat-aire-barcelona","7":"product_cat-klanningar","8":"product_cat-brudklanningar","9":"product_tag-brollop","10":"product_tag-brollopsklanning","11":"product_tag-brudklanning","13":"first","14":"instock","15":"shipping-taxable","16":"product-type-simple"},"yoast_head":"<!-- This site is optimized with the Yoast SEO plugin v27.4 - https:\/\/yoast.com\/product\/yoast-seo-wordpress\/ -->\n<title>Waddox fr\u00e5n Aire Barcelona - Elegant br\u00f6llopsbyxdress<\/title>\n<meta name=\"description\" content=\"Uppt\u00e4ck Waddox fr\u00e5n Aire Barcelona -En br\u00f6llopsbyxdress i vitt med djup V-ringning och vida ben. Perfekt f\u00f6r den mordena bruden som s\u00f6ker stil och komfort\" \/>\n<meta name=\"robots\" content=\"index, follow, max-snippet:-1, max-image-preview:large, max-video-preview:-1\" \/>\n<link rel=\"canonical\" href=\"https:\/\/promsandweddings.se\/dk\/vare\/waddox-aire-barcelona-brollopsklanning\/\" \/>\n<meta property=\"og:locale\" content=\"da_DK\" \/>\n<meta property=\"og:type\" content=\"article\" \/>\n<meta property=\"og:title\" content=\"Waddox fr\u00e5n Aire Barcelona - Elegant br\u00f6llopsbyxdress\" \/>\n<meta property=\"og:description\" content=\"Uppt\u00e4ck Waddox fr\u00e5n Aire Barcelona -En br\u00f6llopsbyxdress i vitt med djup V-ringning och vida ben. Perfekt f\u00f6r den mordena bruden som s\u00f6ker stil och komfort\" \/>\n<meta property=\"og:url\" content=\"https:\/\/promsandweddings.se\/dk\/vare\/waddox-aire-barcelona-brollopsklanning\/\" \/>\n<meta property=\"og:site_name\" content=\"Proms and Weddings\" \/>\n<meta property=\"article:publisher\" content=\"https:\/\/www.facebook.com\/promsandweddings\" \/>\n<meta property=\"article:modified_time\" content=\"2026-03-15T22:35:27+00:00\" \/>\n<meta property=\"og:image\" content=\"https:\/\/promsandweddings.se\/wp-content\/uploads\/2026\/03\/5B01_WADDOX_ALMA_NOVIA_1.jpg\" \/>\n\t<meta property=\"og:image:width\" content=\"1536\" \/>\n\t<meta property=\"og:image:height\" content=\"1920\" \/>\n\t<meta property=\"og:image:type\" content=\"image\/jpeg\" \/>\n<meta name=\"twitter:card\" content=\"summary_large_image\" \/>\n<meta name=\"twitter:site\" content=\"@PromsWeddings\" \/>\n<meta name=\"twitter:label1\" content=\"Estimeret l\u00e6setid\" \/>\n\t<meta name=\"twitter:data1\" content=\"1 minut\" \/>\n<script type=\"application\/ld+json\" class=\"yoast-schema-graph\">{\"@context\":\"https:\\\/\\\/schema.org\",\"@graph\":[{\"@type\":\"WebPage\",\"@id\":\"https:\\\/\\\/promsandweddings.se\\\/produkt\\\/waddox-aire-barcelona-brollopsklanning\\\/\",\"url\":\"https:\\\/\\\/promsandweddings.se\\\/produkt\\\/waddox-aire-barcelona-brollopsklanning\\\/\",\"name\":\"Waddox fr\u00e5n Aire Barcelona - Elegant br\u00f6llopsbyxdress\",\"isPartOf\":{\"@id\":\"https:\\\/\\\/promsandweddings.se\\\/#website\"},\"primaryImageOfPage\":{\"@id\":\"https:\\\/\\\/promsandweddings.se\\\/produkt\\\/waddox-aire-barcelona-brollopsklanning\\\/#primaryimage\"},\"image\":{\"@id\":\"https:\\\/\\\/promsandweddings.se\\\/produkt\\\/waddox-aire-barcelona-brollopsklanning\\\/#primaryimage\"},\"thumbnailUrl\":\"https:\\\/\\\/promsandweddings.se\\\/wp-content\\\/uploads\\\/2026\\\/03\\\/5B01_WADDOX_ALMA_NOVIA_1.jpg\",\"datePublished\":\"2026-03-15T22:30:32+00:00\",\"dateModified\":\"2026-03-15T22:35:27+00:00\",\"description\":\"Uppt\u00e4ck Waddox fr\u00e5n Aire Barcelona -En br\u00f6llopsbyxdress i vitt med djup V-ringning och vida ben. Perfekt f\u00f6r den mordena bruden som s\u00f6ker stil och komfort\",\"breadcrumb\":{\"@id\":\"https:\\\/\\\/promsandweddings.se\\\/produkt\\\/waddox-aire-barcelona-brollopsklanning\\\/#breadcrumb\"},\"inLanguage\":\"da-DK\",\"potentialAction\":[{\"@type\":\"ReadAction\",\"target\":[\"https:\\\/\\\/promsandweddings.se\\\/produkt\\\/waddox-aire-barcelona-brollopsklanning\\\/\"]}]},{\"@type\":\"ImageObject\",\"inLanguage\":\"da-DK\",\"@id\":\"https:\\\/\\\/promsandweddings.se\\\/produkt\\\/waddox-aire-barcelona-brollopsklanning\\\/#primaryimage\",\"url\":\"https:\\\/\\\/promsandweddings.se\\\/wp-content\\\/uploads\\\/2026\\\/03\\\/5B01_WADDOX_ALMA_NOVIA_1.jpg\",\"contentUrl\":\"https:\\\/\\\/promsandweddings.se\\\/wp-content\\\/uploads\\\/2026\\\/03\\\/5B01_WADDOX_ALMA_NOVIA_1.jpg\",\"width\":1536,\"height\":1920},{\"@type\":\"BreadcrumbList\",\"@id\":\"https:\\\/\\\/promsandweddings.se\\\/produkt\\\/waddox-aire-barcelona-brollopsklanning\\\/#breadcrumb\",\"itemListElement\":[{\"@type\":\"ListItem\",\"position\":1,\"name\":\"Home\",\"item\":\"https:\\\/\\\/promsandweddings.se\\\/\"},{\"@type\":\"ListItem\",\"position\":2,\"name\":\"Webshop\",\"item\":\"https:\\\/\\\/promsandweddings.se\\\/webshop\\\/\"},{\"@type\":\"ListItem\",\"position\":3,\"name\":\"Waddox Aire barcelona br\u00f6llopskl\u00e4nning\"}]},{\"@type\":\"WebSite\",\"@id\":\"https:\\\/\\\/promsandweddings.se\\\/#website\",\"url\":\"https:\\\/\\\/promsandweddings.se\\\/\",\"name\":\"Proms and Weddings\",\"description\":\"Hitta din dr\u00f6mkl\u00e4nning\",\"publisher\":{\"@id\":\"https:\\\/\\\/promsandweddings.se\\\/#organization\"},\"alternateName\":\"Proms & Weddings\",\"potentialAction\":[{\"@type\":\"SearchAction\",\"target\":{\"@type\":\"EntryPoint\",\"urlTemplate\":\"https:\\\/\\\/promsandweddings.se\\\/?s={search_term_string}\"},\"query-input\":{\"@type\":\"PropertyValueSpecification\",\"valueRequired\":true,\"valueName\":\"search_term_string\"}}],\"inLanguage\":\"da-DK\"},{\"@type\":\"Organization\",\"@id\":\"https:\\\/\\\/promsandweddings.se\\\/#organization\",\"name\":\"Proms & Weddings\",\"url\":\"https:\\\/\\\/promsandweddings.se\\\/\",\"logo\":{\"@type\":\"ImageObject\",\"inLanguage\":\"da-DK\",\"@id\":\"https:\\\/\\\/promsandweddings.se\\\/#\\\/schema\\\/logo\\\/image\\\/\",\"url\":\"https:\\\/\\\/promsandweddings.se\\\/wp-content\\\/uploads\\\/2026\\\/03\\\/pwlogosv-2-2.webp\",\"contentUrl\":\"https:\\\/\\\/promsandweddings.se\\\/wp-content\\\/uploads\\\/2026\\\/03\\\/pwlogosv-2-2.webp\",\"width\":556,\"height\":152,\"caption\":\"Proms & Weddings\"},\"image\":{\"@id\":\"https:\\\/\\\/promsandweddings.se\\\/#\\\/schema\\\/logo\\\/image\\\/\"},\"sameAs\":[\"https:\\\/\\\/www.facebook.com\\\/promsandweddings\",\"https:\\\/\\\/x.com\\\/PromsWeddings\",\"https:\\\/\\\/www.instagram.com\\\/promsandweddings\\\/\",\"https:\\\/\\\/www.youtube.com\\\/@promsandweddings\\\/shorts\",\"https:\\\/\\\/www.tiktok.com\\\/@promsandweddings\",\"https:\\\/\\\/se.pinterest.com\\\/promsandwedding\"]}]}<\/script>\n<!-- \/ Yoast SEO plugin. -->","yoast_head_json":{"title":"Waddox fra Aire Barcelona - Elegant bryllupsbuksedress","description":"Oplev Waddox fra Aire Barcelona - En bryllupsbuksedress i hvidt med dyb V-udsk\u00e6ring og brede ben. Perfekt til den moderne brud, der s\u00f8ger stil og komfort","robots":{"index":"index","follow":"follow","max-snippet":"max-snippet:-1","max-image-preview":"max-image-preview:large","max-video-preview":"max-video-preview:-1"},"canonical":"https:\/\/promsandweddings.se\/dk\/vare\/waddox-aire-barcelona-brollopsklanning\/","og_locale":"da_DK","og_type":"article","og_title":"Waddox fr\u00e5n Aire Barcelona - Elegant br\u00f6llopsbyxdress","og_description":"Uppt\u00e4ck Waddox fr\u00e5n Aire Barcelona -En br\u00f6llopsbyxdress i vitt med djup V-ringning och vida ben. Perfekt f\u00f6r den mordena bruden som s\u00f6ker stil och komfort","og_url":"https:\/\/promsandweddings.se\/dk\/vare\/waddox-aire-barcelona-brollopsklanning\/","og_site_name":"Proms and Weddings","article_publisher":"https:\/\/www.facebook.com\/promsandweddings","article_modified_time":"2026-03-15T22:35:27+00:00","og_image":[{"width":1536,"height":1920,"url":"https:\/\/promsandweddings.se\/wp-content\/uploads\/2026\/03\/5B01_WADDOX_ALMA_NOVIA_1.jpg","type":"image\/jpeg"}],"twitter_card":"summary_large_image","twitter_site":"@PromsWeddings","twitter_misc":{"Estimeret l\u00e6setid":"1 minut"},"schema":{"@context":"https:\/\/schema.org","@graph":[{"@type":"WebPage","@id":"https:\/\/promsandweddings.se\/produkt\/waddox-aire-barcelona-brollopsklanning\/","url":"https:\/\/promsandweddings.se\/produkt\/waddox-aire-barcelona-brollopsklanning\/","name":"Waddox fra Aire Barcelona - Elegant bryllupsbuksedress","isPartOf":{"@id":"https:\/\/promsandweddings.se\/#website"},"primaryImageOfPage":{"@id":"https:\/\/promsandweddings.se\/produkt\/waddox-aire-barcelona-brollopsklanning\/#primaryimage"},"image":{"@id":"https:\/\/promsandweddings.se\/produkt\/waddox-aire-barcelona-brollopsklanning\/#primaryimage"},"thumbnailUrl":"https:\/\/promsandweddings.se\/wp-content\/uploads\/2026\/03\/5B01_WADDOX_ALMA_NOVIA_1.jpg","datePublished":"2026-03-15T22:30:32+00:00","dateModified":"2026-03-15T22:35:27+00:00","description":"Oplev Waddox fra Aire Barcelona - En bryllupsbuksedress i hvidt med dyb V-udsk\u00e6ring og brede ben. Perfekt til den moderne brud, der s\u00f8ger stil og komfort","breadcrumb":{"@id":"https:\/\/promsandweddings.se\/produkt\/waddox-aire-barcelona-brollopsklanning\/#breadcrumb"},"inLanguage":"da-DK","potentialAction":[{"@type":"ReadAction","target":["https:\/\/promsandweddings.se\/produkt\/waddox-aire-barcelona-brollopsklanning\/"]}]},{"@type":"ImageObject","inLanguage":"da-DK","@id":"https:\/\/promsandweddings.se\/produkt\/waddox-aire-barcelona-brollopsklanning\/#primaryimage","url":"https:\/\/promsandweddings.se\/wp-content\/uploads\/2026\/03\/5B01_WADDOX_ALMA_NOVIA_1.jpg","contentUrl":"https:\/\/promsandweddings.se\/wp-content\/uploads\/2026\/03\/5B01_WADDOX_ALMA_NOVIA_1.jpg","width":1536,"height":1920},{"@type":"BreadcrumbList","@id":"https:\/\/promsandweddings.se\/produkt\/waddox-aire-barcelona-brollopsklanning\/#breadcrumb","itemListElement":[{"@type":"ListItem","position":1,"name":"Home","item":"https:\/\/promsandweddings.se\/"},{"@type":"ListItem","position":2,"name":"Webshop","item":"https:\/\/promsandweddings.se\/webshop\/"},{"@type":"ListItem","position":3,"name":"Waddox Aire barcelona br\u00f6llopskl\u00e4nning"}]},{"@type":"WebSite","@id":"https:\/\/promsandweddings.se\/#website","url":"https:\/\/promsandweddings.se\/","name":"Proms and Weddings","description":"Find din dr\u00f8mmekjole","publisher":{"@id":"https:\/\/promsandweddings.se\/#organization"},"alternateName":"Proms & Weddings","potentialAction":[{"@type":"SearchAction","target":{"@type":"EntryPoint","urlTemplate":"https:\/\/promsandweddings.se\/?s={search_term_string}"},"query-input":{"@type":"PropertyValueSpecification","valueRequired":true,"valueName":"search_term_string"}}],"inLanguage":"da-DK"},{"@type":"Organization","@id":"https:\/\/promsandweddings.se\/#organization","name":"Proms &amp; Weddings","url":"https:\/\/promsandweddings.se\/","logo":{"@type":"ImageObject","inLanguage":"da-DK","@id":"https:\/\/promsandweddings.se\/#\/schema\/logo\/image\/","url":"https:\/\/promsandweddings.se\/wp-content\/uploads\/2026\/03\/pwlogosv-2-2.webp","contentUrl":"https:\/\/promsandweddings.se\/wp-content\/uploads\/2026\/03\/pwlogosv-2-2.webp","width":556,"height":152,"caption":"Proms & Weddings"},"image":{"@id":"https:\/\/promsandweddings.se\/#\/schema\/logo\/image\/"},"sameAs":["https:\/\/www.facebook.com\/promsandweddings","https:\/\/x.com\/PromsWeddings","https:\/\/www.instagram.com\/promsandweddings\/","https:\/\/www.youtube.com\/@promsandweddings\/shorts","https:\/\/www.tiktok.com\/@promsandweddings","https:\/\/se.pinterest.com\/promsandwedding"]}]}},"jetpack_sharing_enabled":true,"brands":[],"_links":{"self":[{"href":"https:\/\/promsandweddings.se\/dk\/wp-json\/wp\/v2\/product\/28198","targetHints":{"allow":["GET"]}}],"collection":[{"href":"https:\/\/promsandweddings.se\/dk\/wp-json\/wp\/v2\/product"}],"about":[{"href":"https:\/\/promsandweddings.se\/dk\/wp-json\/wp\/v2\/types\/product"}],"wp:featuredmedia":[{"embeddable":true,"href":"https:\/\/promsandweddings.se\/dk\/wp-json\/wp\/v2\/media\/28320"}],"wp:attachment":[{"href":"https:\/\/promsandweddings.se\/dk\/wp-json\/wp\/v2\/media?parent=28198"}],"wp:term":[{"taxonomy":"pwb-brand","embeddable":true,"href":"https:\/\/promsandweddings.se\/dk\/wp-json\/wp\/v2\/pwb-brand?post=28198"},{"taxonomy":"product_brand","embeddable":true,"href":"https:\/\/promsandweddings.se\/dk\/wp-json\/wp\/v2\/product_brand?post=28198"},{"taxonomy":"product_cat","embeddable":true,"href":"https:\/\/promsandweddings.se\/dk\/wp-json\/wp\/v2\/product_cat?post=28198"},{"taxonomy":"product_tag","embeddable":true,"href":"https:\/\/promsandweddings.se\/dk\/wp-json\/wp\/v2\/product_tag?post=28198"}],"curies":[{"name":"wp","href":"https:\/\/api.w.org\/{rel}","templated":true}]}}