{"id":28232,"date":"2026-03-15T23:31:47","date_gmt":"2026-03-15T22:31:47","guid":{"rendered":"https:\/\/promsandweddings.se\/?post_type=product&#038;p=28232"},"modified":"2026-04-08T14:57:36","modified_gmt":"2026-04-08T12:57:36","slug":"wona-concept-odette-brudklanning","status":"publish","type":"product","link":"https:\/\/promsandweddings.se\/dk\/produkt\/wona-concept-odette-brudklanning\/","title":{"rendered":"Wona Concept Odette bryllupskjole"},"content":{"rendered":"<h3 data-start=\"111\" data-end=\"165\"><strong data-start=\"115\" data-end=\"165\">Odette \u2013 Wona Concept | Alma de Oro Collection<\/strong><\/h3>\n<p data-start=\"167\" data-end=\"411\"><strong data-start=\"167\" data-end=\"177\">Odette<\/strong> er en tidl\u00f8s og sofistikeret brudekl\u00e6nning, der udstr\u00e5ler kongelig elegance og klassisk charme. Med sin rene silhuet og gennemt\u00e6nkte detaljer er den perfekt til bruden, der \u00f8nsker at kombinere moderne minimalisme med vintage-inspireret glamour.<\/p>\n<p data-start=\"413\" data-end=\"434\"><strong data-start=\"413\" data-end=\"434\">Designfunktioner:<\/strong><\/p>\n<ul data-start=\"435\" data-end=\"899\">\n<li data-start=\"435\" data-end=\"545\">\n<p data-start=\"437\" data-end=\"545\"><strong data-start=\"437\" data-end=\"463\">Skulderfri livstykke<\/strong> med elegant drapering og indbygget korsett som former taljem\u00e5l og giver perfekt st\u00f8tte.<\/p>\n<\/li>\n<li data-start=\"546\" data-end=\"672\">\n<p data-start=\"548\" data-end=\"672\"><strong data-start=\"548\" data-end=\"570\">A-linjeformet nederdel<\/strong> i luksuri\u00f8st satinlignende stof (mikado), som skaber en majest\u00e6tisk og svepende effekt n\u00e5r du bev\u00e6ger dig.<\/p>\n<\/li>\n<li data-start=\"673\" data-end=\"735\">\n<p data-start=\"675\" data-end=\"735\"><strong data-start=\"675\" data-end=\"691\">Skjulte lommer<\/strong> for et moderne twist og ekstra bekvemmelighed.<\/p>\n<\/li>\n<li data-start=\"736\" data-end=\"833\">\n<p data-start=\"738\" data-end=\"833\"><strong data-start=\"738\" data-end=\"761\">Lange satinhandsker<\/strong> (valgfrit) for et komplet, sofistikeret look \u00e0 la gammeldags Hollywood.<\/p>\n<\/li>\n<li data-start=\"834\" data-end=\"899\">\n<p data-start=\"836\" data-end=\"899\"><strong data-start=\"836\" data-end=\"898\">Perfekt til slotte, hovedg\u00e5rde og andre storsl\u00e5ede milj\u00f8er<\/strong>.<\/p>\n<\/li>\n<\/ul>\n<p data-start=\"901\" data-end=\"1074\"><strong data-start=\"901\" data-end=\"910\">Stil:<\/strong> Elegant, Tidl\u00f8s, Vintage-inspireret<br data-start=\"946\" data-end=\"949\" \/><strong data-start=\"949\" data-end=\"962\">Pasform:<\/strong> Figurt\u00e6t overliv, vid nederdel<br data-start=\"990\" data-end=\"993\" \/><strong data-start=\"993\" data-end=\"1006\">Materiale:<\/strong> Mikado, foring i silkelignende stof<br data-start=\"1041\" data-end=\"1044\" \/><strong data-start=\"1044\" data-end=\"1053\">Farve:<\/strong> Elfenbenshvid \/ Ivory<\/p>","protected":false},"excerpt":{"rendered":"<p><strong>Odette<\/strong> er en bryllupskjole fra kollektionen\u00a0 <em>Alma de Oro<\/em> fr\u00e5n W<strong>ona Concept.<\/strong><br \/>\nEn sofistikerad och feminin br\u00f6llopskl\u00e4nning med mjuk men definierad silhuett, eleganta detaljer och en varm couture-k\u00e4nsla som ger ett lyxigt, tidl\u00f6st uttryck. Odette k\u00e4nns harmonisk och exklusiv \u2013 f\u00f6r bruden som vill ha stillsam elegans med djup.<\/p>\n<p><em>(Kontakt os for pris, booking og pr\u00f8vning af brudekjoler)<\/em><\/p>","protected":false},"featured_media":28349,"template":"","meta":[],"pwb-brand":[],"product_brand":[],"product_cat":[221,43,17,183,220],"product_tag":[22,184],"class_list":{"0":"post-28232","1":"product","2":"type-product","3":"status-publish","4":"has-post-thumbnail","6":"product_cat-brollopsklanning-vintage","7":"product_cat-plus-size-klanning","8":"product_cat-brudklanningar","9":"product_cat-wona-concept","10":"product_cat-wona-concept-vackra-brudklanningar","11":"product_tag-brudklanning","12":"product_tag-wona-concept","14":"first","15":"instock","16":"shipping-taxable","17":"product-type-simple"},"yoast_head":"<!-- This site is optimized with the Yoast SEO plugin v27.4 - https:\/\/yoast.com\/product\/yoast-seo-wordpress\/ -->\n<title>Wona Concept Odette brudkl\u00e4nning | Proms and Weddings<\/title>\n<meta name=\"description\" content=\"Odette fr\u00e5n Wona Concept \u00e4r en elegant, axelbandsl\u00f6s br\u00f6llopskl\u00e4nning i lyxigt mikado-tyg med korsettliv och A-linjeformad kjol \u2013 perfekt f\u00f6r en tidl\u00f6s och sofistikerad brudstil.&quot;\" \/>\n<meta name=\"robots\" content=\"index, follow, max-snippet:-1, max-image-preview:large, max-video-preview:-1\" \/>\n<link rel=\"canonical\" href=\"https:\/\/promsandweddings.se\/dk\/vare\/wona-concept-odette-brudklanning\/\" \/>\n<meta property=\"og:locale\" content=\"da_DK\" \/>\n<meta property=\"og:type\" content=\"article\" \/>\n<meta property=\"og:title\" content=\"Wona Concept Odette brudkl\u00e4nning | Proms and Weddings\" \/>\n<meta property=\"og:description\" content=\"Odette fr\u00e5n Wona Concept \u00e4r en elegant, axelbandsl\u00f6s br\u00f6llopskl\u00e4nning i lyxigt mikado-tyg med korsettliv och A-linjeformad kjol \u2013 perfekt f\u00f6r en tidl\u00f6s och sofistikerad brudstil.&quot;\" \/>\n<meta property=\"og:url\" content=\"https:\/\/promsandweddings.se\/dk\/vare\/wona-concept-odette-brudklanning\/\" \/>\n<meta property=\"og:site_name\" content=\"Proms and Weddings\" \/>\n<meta property=\"article:publisher\" content=\"https:\/\/www.facebook.com\/promsandweddings\" \/>\n<meta property=\"article:modified_time\" content=\"2026-04-08T12:57:36+00:00\" \/>\n<meta property=\"og:image\" content=\"https:\/\/promsandweddings.se\/wp-content\/uploads\/2026\/03\/wona-alma-de-oro-odette-1.webp\" \/>\n\t<meta property=\"og:image:width\" content=\"1228\" \/>\n\t<meta property=\"og:image:height\" content=\"1841\" \/>\n\t<meta property=\"og:image:type\" content=\"image\/webp\" \/>\n<meta name=\"twitter:card\" content=\"summary_large_image\" \/>\n<meta name=\"twitter:site\" content=\"@PromsWeddings\" \/>\n<meta name=\"twitter:label1\" content=\"Estimeret l\u00e6setid\" \/>\n\t<meta name=\"twitter:data1\" content=\"1 minut\" \/>\n<script type=\"application\/ld+json\" class=\"yoast-schema-graph\">{\"@context\":\"https:\\\/\\\/schema.org\",\"@graph\":[{\"@type\":\"WebPage\",\"@id\":\"https:\\\/\\\/promsandweddings.se\\\/produkt\\\/wona-concept-odette-brudklanning\\\/\",\"url\":\"https:\\\/\\\/promsandweddings.se\\\/produkt\\\/wona-concept-odette-brudklanning\\\/\",\"name\":\"Wona Concept Odette brudkl\u00e4nning | Proms and Weddings\",\"isPartOf\":{\"@id\":\"https:\\\/\\\/promsandweddings.se\\\/#website\"},\"primaryImageOfPage\":{\"@id\":\"https:\\\/\\\/promsandweddings.se\\\/produkt\\\/wona-concept-odette-brudklanning\\\/#primaryimage\"},\"image\":{\"@id\":\"https:\\\/\\\/promsandweddings.se\\\/produkt\\\/wona-concept-odette-brudklanning\\\/#primaryimage\"},\"thumbnailUrl\":\"https:\\\/\\\/promsandweddings.se\\\/wp-content\\\/uploads\\\/2026\\\/03\\\/wona-alma-de-oro-odette-1.webp\",\"datePublished\":\"2026-03-15T22:31:47+00:00\",\"dateModified\":\"2026-04-08T12:57:36+00:00\",\"description\":\"Odette fr\u00e5n Wona Concept \u00e4r en elegant, axelbandsl\u00f6s br\u00f6llopskl\u00e4nning i lyxigt mikado-tyg med korsettliv och A-linjeformad kjol \u2013 perfekt f\u00f6r en tidl\u00f6s och sofistikerad brudstil.\\\"\",\"breadcrumb\":{\"@id\":\"https:\\\/\\\/promsandweddings.se\\\/produkt\\\/wona-concept-odette-brudklanning\\\/#breadcrumb\"},\"inLanguage\":\"da-DK\",\"potentialAction\":[{\"@type\":\"ReadAction\",\"target\":[\"https:\\\/\\\/promsandweddings.se\\\/produkt\\\/wona-concept-odette-brudklanning\\\/\"]}]},{\"@type\":\"ImageObject\",\"inLanguage\":\"da-DK\",\"@id\":\"https:\\\/\\\/promsandweddings.se\\\/produkt\\\/wona-concept-odette-brudklanning\\\/#primaryimage\",\"url\":\"https:\\\/\\\/promsandweddings.se\\\/wp-content\\\/uploads\\\/2026\\\/03\\\/wona-alma-de-oro-odette-1.webp\",\"contentUrl\":\"https:\\\/\\\/promsandweddings.se\\\/wp-content\\\/uploads\\\/2026\\\/03\\\/wona-alma-de-oro-odette-1.webp\",\"width\":1228,\"height\":1841},{\"@type\":\"BreadcrumbList\",\"@id\":\"https:\\\/\\\/promsandweddings.se\\\/produkt\\\/wona-concept-odette-brudklanning\\\/#breadcrumb\",\"itemListElement\":[{\"@type\":\"ListItem\",\"position\":1,\"name\":\"Home\",\"item\":\"https:\\\/\\\/promsandweddings.se\\\/\"},{\"@type\":\"ListItem\",\"position\":2,\"name\":\"Webshop\",\"item\":\"https:\\\/\\\/promsandweddings.se\\\/webshop\\\/\"},{\"@type\":\"ListItem\",\"position\":3,\"name\":\"Wona Concept Odette brudkl\u00e4nning\"}]},{\"@type\":\"WebSite\",\"@id\":\"https:\\\/\\\/promsandweddings.se\\\/#website\",\"url\":\"https:\\\/\\\/promsandweddings.se\\\/\",\"name\":\"Proms and Weddings\",\"description\":\"Hitta din dr\u00f6mkl\u00e4nning\",\"publisher\":{\"@id\":\"https:\\\/\\\/promsandweddings.se\\\/#organization\"},\"alternateName\":\"Proms & Weddings\",\"potentialAction\":[{\"@type\":\"SearchAction\",\"target\":{\"@type\":\"EntryPoint\",\"urlTemplate\":\"https:\\\/\\\/promsandweddings.se\\\/?s={search_term_string}\"},\"query-input\":{\"@type\":\"PropertyValueSpecification\",\"valueRequired\":true,\"valueName\":\"search_term_string\"}}],\"inLanguage\":\"da-DK\"},{\"@type\":\"Organization\",\"@id\":\"https:\\\/\\\/promsandweddings.se\\\/#organization\",\"name\":\"Proms & Weddings\",\"url\":\"https:\\\/\\\/promsandweddings.se\\\/\",\"logo\":{\"@type\":\"ImageObject\",\"inLanguage\":\"da-DK\",\"@id\":\"https:\\\/\\\/promsandweddings.se\\\/#\\\/schema\\\/logo\\\/image\\\/\",\"url\":\"https:\\\/\\\/promsandweddings.se\\\/wp-content\\\/uploads\\\/2026\\\/03\\\/pwlogosv-2-2.webp\",\"contentUrl\":\"https:\\\/\\\/promsandweddings.se\\\/wp-content\\\/uploads\\\/2026\\\/03\\\/pwlogosv-2-2.webp\",\"width\":556,\"height\":152,\"caption\":\"Proms & Weddings\"},\"image\":{\"@id\":\"https:\\\/\\\/promsandweddings.se\\\/#\\\/schema\\\/logo\\\/image\\\/\"},\"sameAs\":[\"https:\\\/\\\/www.facebook.com\\\/promsandweddings\",\"https:\\\/\\\/x.com\\\/PromsWeddings\",\"https:\\\/\\\/www.instagram.com\\\/promsandweddings\\\/\",\"https:\\\/\\\/www.youtube.com\\\/@promsandweddings\\\/shorts\",\"https:\\\/\\\/www.tiktok.com\\\/@promsandweddings\",\"https:\\\/\\\/se.pinterest.com\\\/promsandwedding\"]}]}<\/script>\n<!-- \/ Yoast SEO plugin. -->","yoast_head_json":{"title":"Wona Concept Odette brudekl\u00e6nning | Proms and Weddings","description":"Odette fra Wona Concept er en elegant, skulderl\u00f8s bryllupskl\u00e6nning i luksuri\u00f8st mikado-stof med korsettliv og A-linjeformet nederdel \u2013 perfekt til en tidl\u00f8s og sofistikeret brudestyle.","robots":{"index":"index","follow":"follow","max-snippet":"max-snippet:-1","max-image-preview":"max-image-preview:large","max-video-preview":"max-video-preview:-1"},"canonical":"https:\/\/promsandweddings.se\/dk\/vare\/wona-concept-odette-brudklanning\/","og_locale":"da_DK","og_type":"article","og_title":"Wona Concept Odette brudkl\u00e4nning | Proms and Weddings","og_description":"Odette fr\u00e5n Wona Concept \u00e4r en elegant, axelbandsl\u00f6s br\u00f6llopskl\u00e4nning i lyxigt mikado-tyg med korsettliv och A-linjeformad kjol \u2013 perfekt f\u00f6r en tidl\u00f6s och sofistikerad brudstil.\"","og_url":"https:\/\/promsandweddings.se\/dk\/vare\/wona-concept-odette-brudklanning\/","og_site_name":"Proms and Weddings","article_publisher":"https:\/\/www.facebook.com\/promsandweddings","article_modified_time":"2026-04-08T12:57:36+00:00","og_image":[{"width":1228,"height":1841,"url":"https:\/\/promsandweddings.se\/wp-content\/uploads\/2026\/03\/wona-alma-de-oro-odette-1.webp","type":"image\/webp"}],"twitter_card":"summary_large_image","twitter_site":"@PromsWeddings","twitter_misc":{"Estimeret l\u00e6setid":"1 minut"},"schema":{"@context":"https:\/\/schema.org","@graph":[{"@type":"WebPage","@id":"https:\/\/promsandweddings.se\/produkt\/wona-concept-odette-brudklanning\/","url":"https:\/\/promsandweddings.se\/produkt\/wona-concept-odette-brudklanning\/","name":"Wona Concept Odette brudekl\u00e6nning | Proms and Weddings","isPartOf":{"@id":"https:\/\/promsandweddings.se\/#website"},"primaryImageOfPage":{"@id":"https:\/\/promsandweddings.se\/produkt\/wona-concept-odette-brudklanning\/#primaryimage"},"image":{"@id":"https:\/\/promsandweddings.se\/produkt\/wona-concept-odette-brudklanning\/#primaryimage"},"thumbnailUrl":"https:\/\/promsandweddings.se\/wp-content\/uploads\/2026\/03\/wona-alma-de-oro-odette-1.webp","datePublished":"2026-03-15T22:31:47+00:00","dateModified":"2026-04-08T12:57:36+00:00","description":"Odette fra Wona Concept er en elegant, skulderl\u00f8s bryllupskl\u00e6nning i luksuri\u00f8st mikado-stof med korsettliv og A-linjeformet nederdel \u2013 perfekt til en tidl\u00f8s og sofistikeret brudestyle.","breadcrumb":{"@id":"https:\/\/promsandweddings.se\/produkt\/wona-concept-odette-brudklanning\/#breadcrumb"},"inLanguage":"da-DK","potentialAction":[{"@type":"ReadAction","target":["https:\/\/promsandweddings.se\/produkt\/wona-concept-odette-brudklanning\/"]}]},{"@type":"ImageObject","inLanguage":"da-DK","@id":"https:\/\/promsandweddings.se\/produkt\/wona-concept-odette-brudklanning\/#primaryimage","url":"https:\/\/promsandweddings.se\/wp-content\/uploads\/2026\/03\/wona-alma-de-oro-odette-1.webp","contentUrl":"https:\/\/promsandweddings.se\/wp-content\/uploads\/2026\/03\/wona-alma-de-oro-odette-1.webp","width":1228,"height":1841},{"@type":"BreadcrumbList","@id":"https:\/\/promsandweddings.se\/produkt\/wona-concept-odette-brudklanning\/#breadcrumb","itemListElement":[{"@type":"ListItem","position":1,"name":"Home","item":"https:\/\/promsandweddings.se\/"},{"@type":"ListItem","position":2,"name":"Webshop","item":"https:\/\/promsandweddings.se\/webshop\/"},{"@type":"ListItem","position":3,"name":"Wona Concept Odette brudkl\u00e4nning"}]},{"@type":"WebSite","@id":"https:\/\/promsandweddings.se\/#website","url":"https:\/\/promsandweddings.se\/","name":"Proms and Weddings","description":"Find din dr\u00f8mmekjole","publisher":{"@id":"https:\/\/promsandweddings.se\/#organization"},"alternateName":"Proms & Weddings","potentialAction":[{"@type":"SearchAction","target":{"@type":"EntryPoint","urlTemplate":"https:\/\/promsandweddings.se\/?s={search_term_string}"},"query-input":{"@type":"PropertyValueSpecification","valueRequired":true,"valueName":"search_term_string"}}],"inLanguage":"da-DK"},{"@type":"Organization","@id":"https:\/\/promsandweddings.se\/#organization","name":"Proms &amp; Weddings","url":"https:\/\/promsandweddings.se\/","logo":{"@type":"ImageObject","inLanguage":"da-DK","@id":"https:\/\/promsandweddings.se\/#\/schema\/logo\/image\/","url":"https:\/\/promsandweddings.se\/wp-content\/uploads\/2026\/03\/pwlogosv-2-2.webp","contentUrl":"https:\/\/promsandweddings.se\/wp-content\/uploads\/2026\/03\/pwlogosv-2-2.webp","width":556,"height":152,"caption":"Proms & Weddings"},"image":{"@id":"https:\/\/promsandweddings.se\/#\/schema\/logo\/image\/"},"sameAs":["https:\/\/www.facebook.com\/promsandweddings","https:\/\/x.com\/PromsWeddings","https:\/\/www.instagram.com\/promsandweddings\/","https:\/\/www.youtube.com\/@promsandweddings\/shorts","https:\/\/www.tiktok.com\/@promsandweddings","https:\/\/se.pinterest.com\/promsandwedding"]}]}},"jetpack_sharing_enabled":true,"brands":[],"_links":{"self":[{"href":"https:\/\/promsandweddings.se\/dk\/wp-json\/wp\/v2\/product\/28232","targetHints":{"allow":["GET"]}}],"collection":[{"href":"https:\/\/promsandweddings.se\/dk\/wp-json\/wp\/v2\/product"}],"about":[{"href":"https:\/\/promsandweddings.se\/dk\/wp-json\/wp\/v2\/types\/product"}],"wp:featuredmedia":[{"embeddable":true,"href":"https:\/\/promsandweddings.se\/dk\/wp-json\/wp\/v2\/media\/28349"}],"wp:attachment":[{"href":"https:\/\/promsandweddings.se\/dk\/wp-json\/wp\/v2\/media?parent=28232"}],"wp:term":[{"taxonomy":"pwb-brand","embeddable":true,"href":"https:\/\/promsandweddings.se\/dk\/wp-json\/wp\/v2\/pwb-brand?post=28232"},{"taxonomy":"product_brand","embeddable":true,"href":"https:\/\/promsandweddings.se\/dk\/wp-json\/wp\/v2\/product_brand?post=28232"},{"taxonomy":"product_cat","embeddable":true,"href":"https:\/\/promsandweddings.se\/dk\/wp-json\/wp\/v2\/product_cat?post=28232"},{"taxonomy":"product_tag","embeddable":true,"href":"https:\/\/promsandweddings.se\/dk\/wp-json\/wp\/v2\/product_tag?post=28232"}],"curies":[{"name":"wp","href":"https:\/\/api.w.org\/{rel}","templated":true}]}}