{"id":28233,"date":"2026-03-15T23:31:47","date_gmt":"2026-03-15T22:31:47","guid":{"rendered":"https:\/\/promsandweddings.se\/?post_type=product&#038;p=28233"},"modified":"2026-03-15T23:37:15","modified_gmt":"2026-03-15T22:37:15","slug":"brollopsklanning-fs2605-fran-vladiyan","status":"publish","type":"product","link":"https:\/\/promsandweddings.se\/dk\/produkt\/brollopsklanning-fs2605-fran-vladiyan\/","title":{"rendered":"Bryllupskjole FS2605 fra Vladiyan"},"content":{"rendered":"<p>Leder du efter en brudekjole, der kombinerer tidl\u00f8s elegance med moderne luksus? S\u00e5 er FS-2605 fra det eksklusive m\u00e6rke VLADIYAN det oplagte valg. Denne kjole er designet til bruden, der \u00f8nsker at efterlade et uforglemeligt indtryk \u2013 fra f\u00f8rste skridt ned ad altergangen til sidste dans p\u00e5 bryllupsfesten.<\/p>\n<p>Kjolens silhuet er inspireret af klassiske prinsessekjoler, hvilket skaber et majest\u00e6tisk udtryk. Samtidig giver det figurtilpassede korsett, med synlige boning, en moderne touch, som fremh\u00e6ver taljen p\u00e5 en elegant m\u00e5de. Desuden er livstykket rigt dekoreret med handsyede blondedetaljer, glitterstr\u00e5lende pailletter og perler, som reflekterer lyset ved hver bev\u00e6gelse.<\/p>\n<p>\u00c6rmerne i illusionsstof er ikke bare romantiske \u2013 de er ogs\u00e5 udsmykket med tredimensionale blomster og detaljerede broderi, som bringer tankerne til en eventyrlig blomstrende skov. Dette bidrager til et b\u00e5de sofistikeret og unikt look. Den hjertformede udringning indramner brystet p\u00e5 en smilefuld m\u00e5de og giver kjolen en feminin fornemmelse.<\/p>\n<p>Nederdelen er volumin\u00f8s og svejfende, hvilket giver en dramatisk effekt. Derfor passer FS-2605 perfekt til storsl\u00e5ede bryllup p\u00e5 slotte, herreg\u00e5rde eller luksuri\u00f8se saloner. Stoffet i nederdelen er elegant struktureret med diskrete broderi, som forts\u00e6tter hele vejen ned i det imponerende sl\u00e6b. Kjolen er b\u00e5de romantisk og prunkende \u2013 en kombination, som fanger alles blikke.<\/p>\n<p>Samlet set er FS-2605 mere end blot en kjole \u2013 det er en bryllupsdr\u00f8m bragt til live. V\u00e6lg dette eksklusive design fra VLADIYAN for at skabe minder, som varer livet ud.<\/p>","protected":false},"excerpt":{"rendered":"<p><strong data-start=\"0\" data-end=\"10\" data-is-only-node=\"\">FS2605<\/strong>\u00a0er en bryllupskjole fra kollektionen\u00a0<em data-start=\"50\" data-end=\"64\">First Spring<\/em>\u00a0fra\u00a0<strong data-start=\"70\" data-end=\"111\"><span class=\"hover:entity-accent entity-underline inline cursor-pointer align-baseline\"><span class=\"whitespace-normal\">Vladiyan<\/span><\/span><\/strong>.<br data-start=\"112\" data-end=\"115\" \/>En mjuk och poetisk br\u00f6llopskl\u00e4nning med f\u00f6ljsam silhuett och diskreta, v\u00e5rinspirerade detaljer som skapar ett lugnt och romantiskt uttryck. FS2605 k\u00e4nns l\u00e4tt, naturlig och elegant \u2013 f\u00f6r bruden som vill ha stillsam sk\u00f6nhet med fin balans.<br data-start=\"345\" data-end=\"348\" \/><br data-start=\"430\" data-end=\"433\" \/><em data-start=\"433\" data-end=\"490\" data-is-last-node=\"\">(Kontakt os for sp\u00f8rgsm\u00e5l vedr\u00f8rende priser, booking osv.)<\/em><\/p>","protected":false},"featured_media":28353,"template":"","meta":[],"pwb-brand":[],"product_brand":[],"product_cat":[17,329],"product_tag":[],"class_list":{"0":"post-28233","1":"product","2":"type-product","3":"status-publish","4":"has-post-thumbnail","6":"product_cat-brudklanningar","7":"product_cat-vladiyan","9":"first","10":"instock","11":"shipping-taxable","12":"product-type-simple"},"yoast_head":"<!-- This site is optimized with the Yoast SEO plugin v27.4 - https:\/\/yoast.com\/product\/yoast-seo-wordpress\/ -->\n<title>Lyxig br\u00f6llopskl\u00e4nning med spets &amp; glitter \u2013 FS-2605<\/title>\n<meta name=\"description\" content=\"Uppt\u00e4ck FS-2605 \u2013 en lyxig br\u00f6llopskl\u00e4nning med spets, glitter &amp; elegant siluett. Perfekt f\u00f6r en sagolik brudlook med wow-effekt!\" \/>\n<meta name=\"robots\" content=\"index, follow, max-snippet:-1, max-image-preview:large, max-video-preview:-1\" \/>\n<link rel=\"canonical\" href=\"https:\/\/promsandweddings.se\/dk\/vare\/brollopsklanning-fs2605-fran-vladiyan\/\" \/>\n<meta property=\"og:locale\" content=\"da_DK\" \/>\n<meta property=\"og:type\" content=\"article\" \/>\n<meta property=\"og:title\" content=\"Lyxig br\u00f6llopskl\u00e4nning med spets &amp; glitter \u2013 FS-2605\" \/>\n<meta property=\"og:description\" content=\"Uppt\u00e4ck FS-2605 \u2013 en lyxig br\u00f6llopskl\u00e4nning med spets, glitter &amp; elegant siluett. Perfekt f\u00f6r en sagolik brudlook med wow-effekt!\" \/>\n<meta property=\"og:url\" content=\"https:\/\/promsandweddings.se\/dk\/vare\/brollopsklanning-fs2605-fran-vladiyan\/\" \/>\n<meta property=\"og:site_name\" content=\"Proms and Weddings\" \/>\n<meta property=\"article:publisher\" content=\"https:\/\/www.facebook.com\/promsandweddings\" \/>\n<meta property=\"article:modified_time\" content=\"2026-03-15T22:37:15+00:00\" \/>\n<meta property=\"og:image\" content=\"https:\/\/promsandweddings.se\/wp-content\/uploads\/2026\/03\/FS-2605-1-scaled-1.jpg\" \/>\n\t<meta property=\"og:image:width\" content=\"1707\" \/>\n\t<meta property=\"og:image:height\" content=\"2560\" \/>\n\t<meta property=\"og:image:type\" content=\"image\/jpeg\" \/>\n<meta name=\"twitter:card\" content=\"summary_large_image\" \/>\n<meta name=\"twitter:site\" content=\"@PromsWeddings\" \/>\n<meta name=\"twitter:label1\" content=\"Estimeret l\u00e6setid\" \/>\n\t<meta name=\"twitter:data1\" content=\"1 minut\" \/>\n<script type=\"application\/ld+json\" class=\"yoast-schema-graph\">{\"@context\":\"https:\\\/\\\/schema.org\",\"@graph\":[{\"@type\":\"WebPage\",\"@id\":\"https:\\\/\\\/promsandweddings.se\\\/produkt\\\/brollopsklanning-fs2605-fran-vladiyan\\\/\",\"url\":\"https:\\\/\\\/promsandweddings.se\\\/produkt\\\/brollopsklanning-fs2605-fran-vladiyan\\\/\",\"name\":\"Lyxig br\u00f6llopskl\u00e4nning med spets &amp; glitter \u2013 FS-2605\",\"isPartOf\":{\"@id\":\"https:\\\/\\\/promsandweddings.se\\\/#website\"},\"primaryImageOfPage\":{\"@id\":\"https:\\\/\\\/promsandweddings.se\\\/produkt\\\/brollopsklanning-fs2605-fran-vladiyan\\\/#primaryimage\"},\"image\":{\"@id\":\"https:\\\/\\\/promsandweddings.se\\\/produkt\\\/brollopsklanning-fs2605-fran-vladiyan\\\/#primaryimage\"},\"thumbnailUrl\":\"https:\\\/\\\/promsandweddings.se\\\/wp-content\\\/uploads\\\/2026\\\/03\\\/FS-2605-1-scaled-1.jpg\",\"datePublished\":\"2026-03-15T22:31:47+00:00\",\"dateModified\":\"2026-03-15T22:37:15+00:00\",\"description\":\"Uppt\u00e4ck FS-2605 \u2013 en lyxig br\u00f6llopskl\u00e4nning med spets, glitter &amp; elegant siluett. Perfekt f\u00f6r en sagolik brudlook med wow-effekt!\",\"breadcrumb\":{\"@id\":\"https:\\\/\\\/promsandweddings.se\\\/produkt\\\/brollopsklanning-fs2605-fran-vladiyan\\\/#breadcrumb\"},\"inLanguage\":\"da-DK\",\"potentialAction\":[{\"@type\":\"ReadAction\",\"target\":[\"https:\\\/\\\/promsandweddings.se\\\/produkt\\\/brollopsklanning-fs2605-fran-vladiyan\\\/\"]}]},{\"@type\":\"ImageObject\",\"inLanguage\":\"da-DK\",\"@id\":\"https:\\\/\\\/promsandweddings.se\\\/produkt\\\/brollopsklanning-fs2605-fran-vladiyan\\\/#primaryimage\",\"url\":\"https:\\\/\\\/promsandweddings.se\\\/wp-content\\\/uploads\\\/2026\\\/03\\\/FS-2605-1-scaled-1.jpg\",\"contentUrl\":\"https:\\\/\\\/promsandweddings.se\\\/wp-content\\\/uploads\\\/2026\\\/03\\\/FS-2605-1-scaled-1.jpg\",\"width\":1707,\"height\":2560},{\"@type\":\"BreadcrumbList\",\"@id\":\"https:\\\/\\\/promsandweddings.se\\\/produkt\\\/brollopsklanning-fs2605-fran-vladiyan\\\/#breadcrumb\",\"itemListElement\":[{\"@type\":\"ListItem\",\"position\":1,\"name\":\"Home\",\"item\":\"https:\\\/\\\/promsandweddings.se\\\/\"},{\"@type\":\"ListItem\",\"position\":2,\"name\":\"Webshop\",\"item\":\"https:\\\/\\\/promsandweddings.se\\\/webshop\\\/\"},{\"@type\":\"ListItem\",\"position\":3,\"name\":\"Br\u00f6llopskl\u00e4nning FS2605 fr\u00e5n Vladiyan\"}]},{\"@type\":\"WebSite\",\"@id\":\"https:\\\/\\\/promsandweddings.se\\\/#website\",\"url\":\"https:\\\/\\\/promsandweddings.se\\\/\",\"name\":\"Proms and Weddings\",\"description\":\"Hitta din dr\u00f6mkl\u00e4nning\",\"publisher\":{\"@id\":\"https:\\\/\\\/promsandweddings.se\\\/#organization\"},\"alternateName\":\"Proms & Weddings\",\"potentialAction\":[{\"@type\":\"SearchAction\",\"target\":{\"@type\":\"EntryPoint\",\"urlTemplate\":\"https:\\\/\\\/promsandweddings.se\\\/?s={search_term_string}\"},\"query-input\":{\"@type\":\"PropertyValueSpecification\",\"valueRequired\":true,\"valueName\":\"search_term_string\"}}],\"inLanguage\":\"da-DK\"},{\"@type\":\"Organization\",\"@id\":\"https:\\\/\\\/promsandweddings.se\\\/#organization\",\"name\":\"Proms & Weddings\",\"url\":\"https:\\\/\\\/promsandweddings.se\\\/\",\"logo\":{\"@type\":\"ImageObject\",\"inLanguage\":\"da-DK\",\"@id\":\"https:\\\/\\\/promsandweddings.se\\\/#\\\/schema\\\/logo\\\/image\\\/\",\"url\":\"https:\\\/\\\/promsandweddings.se\\\/wp-content\\\/uploads\\\/2026\\\/03\\\/pwlogosv-2-2.webp\",\"contentUrl\":\"https:\\\/\\\/promsandweddings.se\\\/wp-content\\\/uploads\\\/2026\\\/03\\\/pwlogosv-2-2.webp\",\"width\":556,\"height\":152,\"caption\":\"Proms & Weddings\"},\"image\":{\"@id\":\"https:\\\/\\\/promsandweddings.se\\\/#\\\/schema\\\/logo\\\/image\\\/\"},\"sameAs\":[\"https:\\\/\\\/www.facebook.com\\\/promsandweddings\",\"https:\\\/\\\/x.com\\\/PromsWeddings\",\"https:\\\/\\\/www.instagram.com\\\/promsandweddings\\\/\",\"https:\\\/\\\/www.youtube.com\\\/@promsandweddings\\\/shorts\",\"https:\\\/\\\/www.tiktok.com\\\/@promsandweddings\",\"https:\\\/\\\/se.pinterest.com\\\/promsandwedding\"]}]}<\/script>\n<!-- \/ Yoast SEO plugin. -->","yoast_head_json":{"title":"Luksus brudekjole med blonde &amp; glitter \u2013 FS-2605","description":"Opdag FS-2605 \u2013 en luksus brudekjole med blonde, glitter &amp; elegant silhuet. Perfekt til et eventyrligt bridlook med wow-effekt!","robots":{"index":"index","follow":"follow","max-snippet":"max-snippet:-1","max-image-preview":"max-image-preview:large","max-video-preview":"max-video-preview:-1"},"canonical":"https:\/\/promsandweddings.se\/dk\/vare\/brollopsklanning-fs2605-fran-vladiyan\/","og_locale":"da_DK","og_type":"article","og_title":"Lyxig br\u00f6llopskl\u00e4nning med spets &amp; glitter \u2013 FS-2605","og_description":"Uppt\u00e4ck FS-2605 \u2013 en lyxig br\u00f6llopskl\u00e4nning med spets, glitter &amp; elegant siluett. Perfekt f\u00f6r en sagolik brudlook med wow-effekt!","og_url":"https:\/\/promsandweddings.se\/dk\/vare\/brollopsklanning-fs2605-fran-vladiyan\/","og_site_name":"Proms and Weddings","article_publisher":"https:\/\/www.facebook.com\/promsandweddings","article_modified_time":"2026-03-15T22:37:15+00:00","og_image":[{"width":1707,"height":2560,"url":"https:\/\/promsandweddings.se\/wp-content\/uploads\/2026\/03\/FS-2605-1-scaled-1.jpg","type":"image\/jpeg"}],"twitter_card":"summary_large_image","twitter_site":"@PromsWeddings","twitter_misc":{"Estimeret l\u00e6setid":"1 minut"},"schema":{"@context":"https:\/\/schema.org","@graph":[{"@type":"WebPage","@id":"https:\/\/promsandweddings.se\/produkt\/brollopsklanning-fs2605-fran-vladiyan\/","url":"https:\/\/promsandweddings.se\/produkt\/brollopsklanning-fs2605-fran-vladiyan\/","name":"Luksus brudekjole med blonde &amp; glitter \u2013 FS-2605","isPartOf":{"@id":"https:\/\/promsandweddings.se\/#website"},"primaryImageOfPage":{"@id":"https:\/\/promsandweddings.se\/produkt\/brollopsklanning-fs2605-fran-vladiyan\/#primaryimage"},"image":{"@id":"https:\/\/promsandweddings.se\/produkt\/brollopsklanning-fs2605-fran-vladiyan\/#primaryimage"},"thumbnailUrl":"https:\/\/promsandweddings.se\/wp-content\/uploads\/2026\/03\/FS-2605-1-scaled-1.jpg","datePublished":"2026-03-15T22:31:47+00:00","dateModified":"2026-03-15T22:37:15+00:00","description":"Opdag FS-2605 \u2013 en luksus brudekjole med blonde, glitter &amp; elegant silhuet. Perfekt til et eventyrligt bridlook med wow-effekt!","breadcrumb":{"@id":"https:\/\/promsandweddings.se\/produkt\/brollopsklanning-fs2605-fran-vladiyan\/#breadcrumb"},"inLanguage":"da-DK","potentialAction":[{"@type":"ReadAction","target":["https:\/\/promsandweddings.se\/produkt\/brollopsklanning-fs2605-fran-vladiyan\/"]}]},{"@type":"ImageObject","inLanguage":"da-DK","@id":"https:\/\/promsandweddings.se\/produkt\/brollopsklanning-fs2605-fran-vladiyan\/#primaryimage","url":"https:\/\/promsandweddings.se\/wp-content\/uploads\/2026\/03\/FS-2605-1-scaled-1.jpg","contentUrl":"https:\/\/promsandweddings.se\/wp-content\/uploads\/2026\/03\/FS-2605-1-scaled-1.jpg","width":1707,"height":2560},{"@type":"BreadcrumbList","@id":"https:\/\/promsandweddings.se\/produkt\/brollopsklanning-fs2605-fran-vladiyan\/#breadcrumb","itemListElement":[{"@type":"ListItem","position":1,"name":"Home","item":"https:\/\/promsandweddings.se\/"},{"@type":"ListItem","position":2,"name":"Webshop","item":"https:\/\/promsandweddings.se\/webshop\/"},{"@type":"ListItem","position":3,"name":"Br\u00f6llopskl\u00e4nning FS2605 fr\u00e5n Vladiyan"}]},{"@type":"WebSite","@id":"https:\/\/promsandweddings.se\/#website","url":"https:\/\/promsandweddings.se\/","name":"Proms and Weddings","description":"Find din dr\u00f8mmekjole","publisher":{"@id":"https:\/\/promsandweddings.se\/#organization"},"alternateName":"Proms & Weddings","potentialAction":[{"@type":"SearchAction","target":{"@type":"EntryPoint","urlTemplate":"https:\/\/promsandweddings.se\/?s={search_term_string}"},"query-input":{"@type":"PropertyValueSpecification","valueRequired":true,"valueName":"search_term_string"}}],"inLanguage":"da-DK"},{"@type":"Organization","@id":"https:\/\/promsandweddings.se\/#organization","name":"Proms &amp; Weddings","url":"https:\/\/promsandweddings.se\/","logo":{"@type":"ImageObject","inLanguage":"da-DK","@id":"https:\/\/promsandweddings.se\/#\/schema\/logo\/image\/","url":"https:\/\/promsandweddings.se\/wp-content\/uploads\/2026\/03\/pwlogosv-2-2.webp","contentUrl":"https:\/\/promsandweddings.se\/wp-content\/uploads\/2026\/03\/pwlogosv-2-2.webp","width":556,"height":152,"caption":"Proms & Weddings"},"image":{"@id":"https:\/\/promsandweddings.se\/#\/schema\/logo\/image\/"},"sameAs":["https:\/\/www.facebook.com\/promsandweddings","https:\/\/x.com\/PromsWeddings","https:\/\/www.instagram.com\/promsandweddings\/","https:\/\/www.youtube.com\/@promsandweddings\/shorts","https:\/\/www.tiktok.com\/@promsandweddings","https:\/\/se.pinterest.com\/promsandwedding"]}]}},"jetpack_sharing_enabled":true,"brands":[],"_links":{"self":[{"href":"https:\/\/promsandweddings.se\/dk\/wp-json\/wp\/v2\/product\/28233","targetHints":{"allow":["GET"]}}],"collection":[{"href":"https:\/\/promsandweddings.se\/dk\/wp-json\/wp\/v2\/product"}],"about":[{"href":"https:\/\/promsandweddings.se\/dk\/wp-json\/wp\/v2\/types\/product"}],"wp:featuredmedia":[{"embeddable":true,"href":"https:\/\/promsandweddings.se\/dk\/wp-json\/wp\/v2\/media\/28353"}],"wp:attachment":[{"href":"https:\/\/promsandweddings.se\/dk\/wp-json\/wp\/v2\/media?parent=28233"}],"wp:term":[{"taxonomy":"pwb-brand","embeddable":true,"href":"https:\/\/promsandweddings.se\/dk\/wp-json\/wp\/v2\/pwb-brand?post=28233"},{"taxonomy":"product_brand","embeddable":true,"href":"https:\/\/promsandweddings.se\/dk\/wp-json\/wp\/v2\/product_brand?post=28233"},{"taxonomy":"product_cat","embeddable":true,"href":"https:\/\/promsandweddings.se\/dk\/wp-json\/wp\/v2\/product_cat?post=28233"},{"taxonomy":"product_tag","embeddable":true,"href":"https:\/\/promsandweddings.se\/dk\/wp-json\/wp\/v2\/product_tag?post=28233"}],"curies":[{"name":"wp","href":"https:\/\/api.w.org\/{rel}","templated":true}]}}