{"id":28276,"date":"2026-03-15T23:33:48","date_gmt":"2026-03-15T22:33:48","guid":{"rendered":"https:\/\/promsandweddings.se\/?post_type=product&#038;p=28276"},"modified":"2026-04-15T10:57:57","modified_gmt":"2026-04-15T08:57:57","slug":"nuvia-brollopsklanning-bianco-evento","status":"publish","type":"product","link":"https:\/\/promsandweddings.se\/dk\/produkt\/nuvia-brollopsklanning-bianco-evento\/","title":{"rendered":"Nuvia bryllupskjole Bianco Evento"},"content":{"rendered":"<p data-start=\"80\" data-end=\"124\"><strong data-start=\"80\" data-end=\"124\">Bryllupskjole \"Nuvia\" \u2013 Bianco Evento<\/strong><\/p>\n<p data-start=\"126\" data-end=\"483\">Opdag tidl\u00f8s elegance med \"Nuvia\" fra Bianco Evento \u2013 en sofistikeret og minimalistisk bryllupskjole, der udstr\u00e5ler ren klasse. Denne smukke kjole har en figursybet siluet med en bl\u00f8dt udsvingende nederdel, der falder naturligt og smekrende p\u00e5 kroppen. Den hjertformede, skulderl\u00f8se udsk\u00e6ring fremh\u00e6ver dekolletagen p\u00e5 en stilren og feminin m\u00e5de.<\/p>\n<p data-start=\"485\" data-end=\"745\">Fremstillet af h\u00f8jkvalitets crepe-stof med glat finish giver \"Nuvia\" en moderne f\u00f8lelse og bevarer samtidig en klassisk bryllupsf\u00f8lelse. Det diskrete sl\u00e6bs fald g\u00f8r det perfekt til b\u00e5de indend\u00f8rs- og udend\u00f8rsbryllup \u2013 fra luksuri\u00f8se slotte til solrige destinationer.<\/p>\n<p data-start=\"747\" data-end=\"760\"><strong data-start=\"747\" data-end=\"760\">Detaljer:<\/strong><\/p>\n<ul data-start=\"761\" data-end=\"939\">\n<li data-start=\"761\" data-end=\"799\">\n<p data-start=\"763\" data-end=\"799\">Skulderl\u00f8s sweetheart-udsk\u00e6ring<\/p>\n<\/li>\n<li data-start=\"800\" data-end=\"840\">\n<p data-start=\"802\" data-end=\"840\">Figursybet overkrop med markeret talje<\/p>\n<\/li>\n<li data-start=\"841\" data-end=\"877\">\n<p data-start=\"843\" data-end=\"877\">Glat crepe-nederdel med subtilt sl\u00e6b<\/p>\n<\/li>\n<li data-start=\"878\" data-end=\"923\">\n<p data-start=\"880\" data-end=\"923\">Lynl\u00e5s p\u00e5 ryggen for en elegant pasform<\/p>\n<\/li>\n<li data-start=\"924\" data-end=\"939\">\n<p data-start=\"926\" data-end=\"939\">Farve: Ivory<\/p>\n<\/li>\n<\/ul>\n<p data-start=\"941\" data-end=\"1049\">Den perfekte kjole til bruden, der s\u00f8ger enkelhed, elegance og en sofistikeret siluet p\u00e5 sin store dag.<\/p>","protected":false},"excerpt":{"rendered":"<p><strong data-start=\"0\" data-end=\"9\" data-is-only-node=\"\">Nuvia<\/strong>\u00a0er en brudekjole fra\u00a0<strong data-start=\"38\" data-end=\"79\"><span class=\"hover:entity-accent entity-underline inline cursor-pointer align-baseline\"><span class=\"whitespace-normal\">Bianco Evento<\/span><\/span><\/strong>.<br data-start=\"80\" data-end=\"83\" \/>En mjuk och elegant br\u00f6llopskl\u00e4nning med f\u00f6ljsam silhuett och stilrena detaljer som ger ett lugnt, tidl\u00f6st uttryck. Nuvia k\u00e4nns naturlig och l\u00e4ttburen \u2013 perfekt f\u00f6r bruden som vill ha enkel elegans med fokus p\u00e5 komfort och passform.<\/p>\n<p><em>(Kontakta oss f\u00f6r bokning och provning av brudkl\u00e4nningar)<\/em><\/p>\n<p>&nbsp;<\/p>\n<p>&nbsp;<\/p>","protected":false},"featured_media":28397,"template":"","meta":[],"pwb-brand":[],"product_brand":[],"product_cat":[165,169,38,16,17],"product_tag":[123,167,25,22,91,171],"class_list":{"0":"post-28276","1":"product","2":"type-product","3":"status-publish","4":"has-post-thumbnail","6":"product_cat-bianco-evento","7":"product_cat-bohemiska-brollopsklanningar","8":"product_cat-brollopsklanningar-i-plus-size","9":"product_cat-klanningar","10":"product_cat-brudklanningar","11":"product_tag-bianco-evento","12":"product_tag-brollop","13":"product_tag-brollopsklanning","14":"product_tag-brudklanning","15":"product_tag-spets","16":"product_tag-tyll","17":"product_shipping_class-festklanningar","19":"first","20":"instock","21":"shipping-taxable","22":"product-type-simple"},"yoast_head":"<!-- This site is optimized with the Yoast SEO plugin v27.4 - https:\/\/yoast.com\/product\/yoast-seo-wordpress\/ -->\n<title>Nuvia Bianco Evento \u2013 A-linje Brudkl\u00e4nning<\/title>\n<meta name=\"description\" content=\"Novia fr\u00e5n Bianco Evento \u2013 en romantisk A-linje brudkl\u00e4nning Sl\u00e4t crepe-kjol med subtilt sl\u00e4p, skapad f\u00f6r bruden som vill str\u00e5la p\u00e5 sin stora dag.\" \/>\n<meta name=\"robots\" content=\"index, follow, max-snippet:-1, max-image-preview:large, max-video-preview:-1\" \/>\n<link rel=\"canonical\" href=\"https:\/\/promsandweddings.se\/dk\/vare\/nuvia-brollopsklanning-bianco-evento\/\" \/>\n<meta property=\"og:locale\" content=\"da_DK\" \/>\n<meta property=\"og:type\" content=\"article\" \/>\n<meta property=\"og:title\" content=\"Nuvia Bianco Evento \u2013 A-linje Brudkl\u00e4nning\" \/>\n<meta property=\"og:description\" content=\"Novia fr\u00e5n Bianco Evento \u2013 en romantisk A-linje brudkl\u00e4nning Sl\u00e4t crepe-kjol med subtilt sl\u00e4p, skapad f\u00f6r bruden som vill str\u00e5la p\u00e5 sin stora dag.\" \/>\n<meta property=\"og:url\" content=\"https:\/\/promsandweddings.se\/dk\/vare\/nuvia-brollopsklanning-bianco-evento\/\" \/>\n<meta property=\"og:site_name\" content=\"Proms and Weddings\" \/>\n<meta property=\"article:publisher\" content=\"https:\/\/www.facebook.com\/promsandweddings\" \/>\n<meta property=\"article:modified_time\" content=\"2026-04-15T08:57:57+00:00\" \/>\n<meta property=\"og:image\" content=\"https:\/\/promsandweddings.se\/wp-content\/uploads\/2026\/03\/bianco-evento-bridal-dress-nuvia-_1__1-scaled-1.jpg\" \/>\n\t<meta property=\"og:image:width\" content=\"1920\" \/>\n\t<meta property=\"og:image:height\" content=\"2560\" \/>\n\t<meta property=\"og:image:type\" content=\"image\/jpeg\" \/>\n<meta name=\"twitter:card\" content=\"summary_large_image\" \/>\n<meta name=\"twitter:site\" content=\"@PromsWeddings\" \/>\n<meta name=\"twitter:label1\" content=\"Estimeret l\u00e6setid\" \/>\n\t<meta name=\"twitter:data1\" content=\"1 minut\" \/>\n<script type=\"application\/ld+json\" class=\"yoast-schema-graph\">{\"@context\":\"https:\\\/\\\/schema.org\",\"@graph\":[{\"@type\":\"WebPage\",\"@id\":\"https:\\\/\\\/promsandweddings.se\\\/produkt\\\/nuvia-brollopsklanning-bianco-evento\\\/\",\"url\":\"https:\\\/\\\/promsandweddings.se\\\/produkt\\\/nuvia-brollopsklanning-bianco-evento\\\/\",\"name\":\"Nuvia Bianco Evento \u2013 A-linje Brudkl\u00e4nning\",\"isPartOf\":{\"@id\":\"https:\\\/\\\/promsandweddings.se\\\/#website\"},\"primaryImageOfPage\":{\"@id\":\"https:\\\/\\\/promsandweddings.se\\\/produkt\\\/nuvia-brollopsklanning-bianco-evento\\\/#primaryimage\"},\"image\":{\"@id\":\"https:\\\/\\\/promsandweddings.se\\\/produkt\\\/nuvia-brollopsklanning-bianco-evento\\\/#primaryimage\"},\"thumbnailUrl\":\"https:\\\/\\\/promsandweddings.se\\\/wp-content\\\/uploads\\\/2026\\\/03\\\/bianco-evento-bridal-dress-nuvia-_1__1-scaled-1.jpg\",\"datePublished\":\"2026-03-15T22:33:48+00:00\",\"dateModified\":\"2026-04-15T08:57:57+00:00\",\"description\":\"Novia fr\u00e5n Bianco Evento \u2013 en romantisk A-linje brudkl\u00e4nning Sl\u00e4t crepe-kjol med subtilt sl\u00e4p, skapad f\u00f6r bruden som vill str\u00e5la p\u00e5 sin stora dag.\",\"breadcrumb\":{\"@id\":\"https:\\\/\\\/promsandweddings.se\\\/produkt\\\/nuvia-brollopsklanning-bianco-evento\\\/#breadcrumb\"},\"inLanguage\":\"da-DK\",\"potentialAction\":[{\"@type\":\"ReadAction\",\"target\":[\"https:\\\/\\\/promsandweddings.se\\\/produkt\\\/nuvia-brollopsklanning-bianco-evento\\\/\"]}]},{\"@type\":\"ImageObject\",\"inLanguage\":\"da-DK\",\"@id\":\"https:\\\/\\\/promsandweddings.se\\\/produkt\\\/nuvia-brollopsklanning-bianco-evento\\\/#primaryimage\",\"url\":\"https:\\\/\\\/promsandweddings.se\\\/wp-content\\\/uploads\\\/2026\\\/03\\\/bianco-evento-bridal-dress-nuvia-_1__1-scaled-1.jpg\",\"contentUrl\":\"https:\\\/\\\/promsandweddings.se\\\/wp-content\\\/uploads\\\/2026\\\/03\\\/bianco-evento-bridal-dress-nuvia-_1__1-scaled-1.jpg\",\"width\":1920,\"height\":2560},{\"@type\":\"BreadcrumbList\",\"@id\":\"https:\\\/\\\/promsandweddings.se\\\/produkt\\\/nuvia-brollopsklanning-bianco-evento\\\/#breadcrumb\",\"itemListElement\":[{\"@type\":\"ListItem\",\"position\":1,\"name\":\"Home\",\"item\":\"https:\\\/\\\/promsandweddings.se\\\/\"},{\"@type\":\"ListItem\",\"position\":2,\"name\":\"Webshop\",\"item\":\"https:\\\/\\\/promsandweddings.se\\\/webshop\\\/\"},{\"@type\":\"ListItem\",\"position\":3,\"name\":\"Nuvia br\u00f6llopskl\u00e4nning Bianco Evento\"}]},{\"@type\":\"WebSite\",\"@id\":\"https:\\\/\\\/promsandweddings.se\\\/#website\",\"url\":\"https:\\\/\\\/promsandweddings.se\\\/\",\"name\":\"Proms and Weddings\",\"description\":\"Hitta din dr\u00f6mkl\u00e4nning\",\"publisher\":{\"@id\":\"https:\\\/\\\/promsandweddings.se\\\/#organization\"},\"alternateName\":\"Proms & Weddings\",\"potentialAction\":[{\"@type\":\"SearchAction\",\"target\":{\"@type\":\"EntryPoint\",\"urlTemplate\":\"https:\\\/\\\/promsandweddings.se\\\/?s={search_term_string}\"},\"query-input\":{\"@type\":\"PropertyValueSpecification\",\"valueRequired\":true,\"valueName\":\"search_term_string\"}}],\"inLanguage\":\"da-DK\"},{\"@type\":\"Organization\",\"@id\":\"https:\\\/\\\/promsandweddings.se\\\/#organization\",\"name\":\"Proms & Weddings\",\"url\":\"https:\\\/\\\/promsandweddings.se\\\/\",\"logo\":{\"@type\":\"ImageObject\",\"inLanguage\":\"da-DK\",\"@id\":\"https:\\\/\\\/promsandweddings.se\\\/#\\\/schema\\\/logo\\\/image\\\/\",\"url\":\"https:\\\/\\\/promsandweddings.se\\\/wp-content\\\/uploads\\\/2026\\\/03\\\/pwlogosv-2-2.webp\",\"contentUrl\":\"https:\\\/\\\/promsandweddings.se\\\/wp-content\\\/uploads\\\/2026\\\/03\\\/pwlogosv-2-2.webp\",\"width\":556,\"height\":152,\"caption\":\"Proms & Weddings\"},\"image\":{\"@id\":\"https:\\\/\\\/promsandweddings.se\\\/#\\\/schema\\\/logo\\\/image\\\/\"},\"sameAs\":[\"https:\\\/\\\/www.facebook.com\\\/promsandweddings\",\"https:\\\/\\\/x.com\\\/PromsWeddings\",\"https:\\\/\\\/www.instagram.com\\\/promsandweddings\\\/\",\"https:\\\/\\\/www.youtube.com\\\/@promsandweddings\\\/shorts\",\"https:\\\/\\\/www.tiktok.com\\\/@promsandweddings\",\"https:\\\/\\\/se.pinterest.com\\\/promsandwedding\"]}]}<\/script>\n<!-- \/ Yoast SEO plugin. -->","yoast_head_json":{"title":"Nuvia Bianco Evento \u2013 A-linje bryllupskjole","description":"Novia fra Bianco Evento \u2013 en romantisk A-linje bryllupskjole. Glat crepe-nederdel med subtilt sl\u00e6b, skabt til bruden, der vil str\u00e5le p\u00e5 sin store dag.","robots":{"index":"index","follow":"follow","max-snippet":"max-snippet:-1","max-image-preview":"max-image-preview:large","max-video-preview":"max-video-preview:-1"},"canonical":"https:\/\/promsandweddings.se\/dk\/vare\/nuvia-brollopsklanning-bianco-evento\/","og_locale":"da_DK","og_type":"article","og_title":"Nuvia Bianco Evento \u2013 A-linje Brudkl\u00e4nning","og_description":"Novia fr\u00e5n Bianco Evento \u2013 en romantisk A-linje brudkl\u00e4nning Sl\u00e4t crepe-kjol med subtilt sl\u00e4p, skapad f\u00f6r bruden som vill str\u00e5la p\u00e5 sin stora dag.","og_url":"https:\/\/promsandweddings.se\/dk\/vare\/nuvia-brollopsklanning-bianco-evento\/","og_site_name":"Proms and Weddings","article_publisher":"https:\/\/www.facebook.com\/promsandweddings","article_modified_time":"2026-04-15T08:57:57+00:00","og_image":[{"width":1920,"height":2560,"url":"https:\/\/promsandweddings.se\/wp-content\/uploads\/2026\/03\/bianco-evento-bridal-dress-nuvia-_1__1-scaled-1.jpg","type":"image\/jpeg"}],"twitter_card":"summary_large_image","twitter_site":"@PromsWeddings","twitter_misc":{"Estimeret l\u00e6setid":"1 minut"},"schema":{"@context":"https:\/\/schema.org","@graph":[{"@type":"WebPage","@id":"https:\/\/promsandweddings.se\/produkt\/nuvia-brollopsklanning-bianco-evento\/","url":"https:\/\/promsandweddings.se\/produkt\/nuvia-brollopsklanning-bianco-evento\/","name":"Nuvia Bianco Evento \u2013 A-linje bryllupskjole","isPartOf":{"@id":"https:\/\/promsandweddings.se\/#website"},"primaryImageOfPage":{"@id":"https:\/\/promsandweddings.se\/produkt\/nuvia-brollopsklanning-bianco-evento\/#primaryimage"},"image":{"@id":"https:\/\/promsandweddings.se\/produkt\/nuvia-brollopsklanning-bianco-evento\/#primaryimage"},"thumbnailUrl":"https:\/\/promsandweddings.se\/wp-content\/uploads\/2026\/03\/bianco-evento-bridal-dress-nuvia-_1__1-scaled-1.jpg","datePublished":"2026-03-15T22:33:48+00:00","dateModified":"2026-04-15T08:57:57+00:00","description":"Novia fra Bianco Evento \u2013 en romantisk A-linje bryllupskjole. Glat crepe-nederdel med subtilt sl\u00e6b, skabt til bruden, der vil str\u00e5le p\u00e5 sin store dag.","breadcrumb":{"@id":"https:\/\/promsandweddings.se\/produkt\/nuvia-brollopsklanning-bianco-evento\/#breadcrumb"},"inLanguage":"da-DK","potentialAction":[{"@type":"ReadAction","target":["https:\/\/promsandweddings.se\/produkt\/nuvia-brollopsklanning-bianco-evento\/"]}]},{"@type":"ImageObject","inLanguage":"da-DK","@id":"https:\/\/promsandweddings.se\/produkt\/nuvia-brollopsklanning-bianco-evento\/#primaryimage","url":"https:\/\/promsandweddings.se\/wp-content\/uploads\/2026\/03\/bianco-evento-bridal-dress-nuvia-_1__1-scaled-1.jpg","contentUrl":"https:\/\/promsandweddings.se\/wp-content\/uploads\/2026\/03\/bianco-evento-bridal-dress-nuvia-_1__1-scaled-1.jpg","width":1920,"height":2560},{"@type":"BreadcrumbList","@id":"https:\/\/promsandweddings.se\/produkt\/nuvia-brollopsklanning-bianco-evento\/#breadcrumb","itemListElement":[{"@type":"ListItem","position":1,"name":"Home","item":"https:\/\/promsandweddings.se\/"},{"@type":"ListItem","position":2,"name":"Webshop","item":"https:\/\/promsandweddings.se\/webshop\/"},{"@type":"ListItem","position":3,"name":"Nuvia br\u00f6llopskl\u00e4nning Bianco Evento"}]},{"@type":"WebSite","@id":"https:\/\/promsandweddings.se\/#website","url":"https:\/\/promsandweddings.se\/","name":"Proms and Weddings","description":"Find din dr\u00f8mmekjole","publisher":{"@id":"https:\/\/promsandweddings.se\/#organization"},"alternateName":"Proms & Weddings","potentialAction":[{"@type":"SearchAction","target":{"@type":"EntryPoint","urlTemplate":"https:\/\/promsandweddings.se\/?s={search_term_string}"},"query-input":{"@type":"PropertyValueSpecification","valueRequired":true,"valueName":"search_term_string"}}],"inLanguage":"da-DK"},{"@type":"Organization","@id":"https:\/\/promsandweddings.se\/#organization","name":"Proms &amp; Weddings","url":"https:\/\/promsandweddings.se\/","logo":{"@type":"ImageObject","inLanguage":"da-DK","@id":"https:\/\/promsandweddings.se\/#\/schema\/logo\/image\/","url":"https:\/\/promsandweddings.se\/wp-content\/uploads\/2026\/03\/pwlogosv-2-2.webp","contentUrl":"https:\/\/promsandweddings.se\/wp-content\/uploads\/2026\/03\/pwlogosv-2-2.webp","width":556,"height":152,"caption":"Proms & Weddings"},"image":{"@id":"https:\/\/promsandweddings.se\/#\/schema\/logo\/image\/"},"sameAs":["https:\/\/www.facebook.com\/promsandweddings","https:\/\/x.com\/PromsWeddings","https:\/\/www.instagram.com\/promsandweddings\/","https:\/\/www.youtube.com\/@promsandweddings\/shorts","https:\/\/www.tiktok.com\/@promsandweddings","https:\/\/se.pinterest.com\/promsandwedding"]}]}},"jetpack_sharing_enabled":true,"brands":[],"_links":{"self":[{"href":"https:\/\/promsandweddings.se\/dk\/wp-json\/wp\/v2\/product\/28276","targetHints":{"allow":["GET"]}}],"collection":[{"href":"https:\/\/promsandweddings.se\/dk\/wp-json\/wp\/v2\/product"}],"about":[{"href":"https:\/\/promsandweddings.se\/dk\/wp-json\/wp\/v2\/types\/product"}],"wp:featuredmedia":[{"embeddable":true,"href":"https:\/\/promsandweddings.se\/dk\/wp-json\/wp\/v2\/media\/28397"}],"wp:attachment":[{"href":"https:\/\/promsandweddings.se\/dk\/wp-json\/wp\/v2\/media?parent=28276"}],"wp:term":[{"taxonomy":"pwb-brand","embeddable":true,"href":"https:\/\/promsandweddings.se\/dk\/wp-json\/wp\/v2\/pwb-brand?post=28276"},{"taxonomy":"product_brand","embeddable":true,"href":"https:\/\/promsandweddings.se\/dk\/wp-json\/wp\/v2\/product_brand?post=28276"},{"taxonomy":"product_cat","embeddable":true,"href":"https:\/\/promsandweddings.se\/dk\/wp-json\/wp\/v2\/product_cat?post=28276"},{"taxonomy":"product_tag","embeddable":true,"href":"https:\/\/promsandweddings.se\/dk\/wp-json\/wp\/v2\/product_tag?post=28276"}],"curies":[{"name":"wp","href":"https:\/\/api.w.org\/{rel}","templated":true}]}}