{"id":28286,"date":"2026-03-15T23:34:20","date_gmt":"2026-03-15T22:34:20","guid":{"rendered":"https:\/\/promsandweddings.se\/?post_type=product&#038;p=28286"},"modified":"2026-03-15T23:39:36","modified_gmt":"2026-03-15T22:39:36","slug":"sering-brollopsklanning-ladybird","status":"publish","type":"product","link":"https:\/\/promsandweddings.se\/dk\/produkt\/sering-brollopsklanning-ladybird\/","title":{"rendered":"SERING bryllupskjole Ladybird"},"content":{"rendered":"<p data-start=\"120\" data-end=\"160\"><strong data-start=\"120\" data-end=\"160\">Bryllupskjole &#8221;Sering&#8221; \u2013 Ladybird<\/strong><\/p>\n<p data-start=\"162\" data-end=\"587\">Romantisk, bohmisk og fuldst\u00e6ndig uimodst\u00e5elig \u2013 &#8221;Sering&#8221; fra Ladybird er kjolen til dig, der dr\u00f8mmer om et eventyrligt bryllupslook. Denne fortryllende kjole har en v-udsk\u00e6ring, spaghettistropper med illusionsspets \u00f8verst og dekorative blomstermotiver, der giver et p\u00e6nt men dramatisk udtryk. Den brede nederdel i bl\u00f8d tyl falder let og skaber en eventyrlig silhuet \u2013 perfekt til en romantisk ceremoni ved havet eller et slotsbryldoup.<\/p>\n<p data-start=\"589\" data-end=\"791\">De fint broderede blomster forts\u00e6tter fra taljen og ned over nederdelen og binder hele designet sammen med en feminin og naturlig f\u00f8lelse. En kjole, der hylder elegance med et kunstnerisk, dr\u00f8mmende touch.<\/p>\n<p data-start=\"793\" data-end=\"806\"><strong data-start=\"793\" data-end=\"806\">Detaljer:<\/strong><\/p>\n<ul data-start=\"807\" data-end=\"968\">\n<li data-start=\"807\" data-end=\"844\">\n<p data-start=\"809\" data-end=\"844\">Dyb v-udsk\u00e6ring med illusionsspets<\/p>\n<\/li>\n<li data-start=\"845\" data-end=\"869\">\n<p data-start=\"847\" data-end=\"869\">Blomstret spetstopp<\/p>\n<\/li>\n<li data-start=\"870\" data-end=\"904\">\n<p data-start=\"872\" data-end=\"904\">A-formet nederdel i bl\u00f8d tyl<\/p>\n<\/li>\n<li data-start=\"905\" data-end=\"947\">\n<p data-start=\"907\" data-end=\"947\">Delikat spaghettistropper til et romantisk look<\/p>\n<\/li>\n<li data-start=\"948\" data-end=\"968\">\n<p data-start=\"950\" data-end=\"968\">Farve: Ivory\/Nude<\/p>\n<\/li>\n<\/ul>\n<p data-start=\"970\" data-end=\"1060\"><strong data-start=\"970\" data-end=\"1060\">&#8221;Sering&#8221; er valget for bruden, der \u00f8nsker at skinne i noget blidt, poetisk og uforglemmelig.<\/strong><\/p>","protected":false},"excerpt":{"rendered":"<p><strong data-start=\"0\" data-end=\"10\" data-is-only-node=\"\">Sering<\/strong>\u00a0er en bryllupskjole fra kollektionen\u00a0<em data-start=\"50\" data-end=\"65\">Ladybird 2026<\/em>\u00a0fra\u00a0<strong data-start=\"71\" data-end=\"112\"><span class=\"hover:entity-accent entity-underline inline cursor-pointer align-baseline\"><span class=\"whitespace-normal\">Ladybird<\/span><\/span><\/strong>.<br data-start=\"113\" data-end=\"116\" \/>En romantisk och luftig br\u00f6llopskl\u00e4nning med mjuk silhuett och blomstrande detaljer som ger ett fr\u00e4scht, v\u00e5rinspirerat uttryck. Sering k\u00e4nns l\u00e4tt, feminin och tidl\u00f6s \u2013 perfekt f\u00f6r bruden som vill ha naturlig elegans med en mjuk k\u00e4nsla.<br data-start=\"343\" data-end=\"346\" \/><br data-start=\"428\" data-end=\"431\" \/><em data-start=\"431\" data-end=\"488\" data-is-last-node=\"\">(Kontakt os for sp\u00f8rgsm\u00e5l vedr\u00f8rende priser, booking osv.)<\/em><\/p>","protected":false},"featured_media":28400,"template":"","meta":[],"pwb-brand":[],"product_brand":[],"product_cat":[312],"product_tag":[],"class_list":{"0":"post-28286","1":"product","2":"type-product","3":"status-publish","4":"has-post-thumbnail","6":"product_cat-ladybird","8":"first","9":"instock","10":"shipping-taxable","11":"purchasable","12":"product-type-simple"},"yoast_head":"<!-- This site is optimized with the Yoast SEO plugin v27.4 - https:\/\/yoast.com\/product\/yoast-seo-wordpress\/ -->\n<title>SERING br\u00f6llopskl\u00e4nning Ladybird | Proms and Weddings<\/title>\n<meta name=\"description\" content=\"Uppt\u00e4ck SERING br\u00f6llopskl\u00e4nning Ladybird hos Proms &amp; Weddings i Malm\u00f6. Hitta din dr\u00f6mkl\u00e4nning bland exklusiva br\u00f6llopskl\u00e4nningar fr\u00e5n v\u00e4lk\u00e4nda designers.\" \/>\n<meta name=\"robots\" content=\"index, follow, max-snippet:-1, max-image-preview:large, max-video-preview:-1\" \/>\n<link rel=\"canonical\" href=\"https:\/\/promsandweddings.se\/dk\/vare\/sering-brollopsklanning-ladybird\/\" \/>\n<meta property=\"og:locale\" content=\"da_DK\" \/>\n<meta property=\"og:type\" content=\"article\" \/>\n<meta property=\"og:title\" content=\"SERING br\u00f6llopskl\u00e4nning Ladybird | Proms and Weddings\" \/>\n<meta property=\"og:description\" content=\"Uppt\u00e4ck SERING br\u00f6llopskl\u00e4nning Ladybird hos Proms &amp; Weddings i Malm\u00f6. Hitta din dr\u00f6mkl\u00e4nning bland exklusiva br\u00f6llopskl\u00e4nningar fr\u00e5n v\u00e4lk\u00e4nda designers.\" \/>\n<meta property=\"og:url\" content=\"https:\/\/promsandweddings.se\/dk\/vare\/sering-brollopsklanning-ladybird\/\" \/>\n<meta property=\"og:site_name\" content=\"Proms and Weddings\" \/>\n<meta property=\"article:publisher\" content=\"https:\/\/www.facebook.com\/promsandweddings\" \/>\n<meta property=\"article:modified_time\" content=\"2026-03-15T22:39:36+00:00\" \/>\n<meta property=\"og:image\" content=\"https:\/\/promsandweddings.se\/wp-content\/uploads\/2026\/03\/sering-d-09f0b28a.jpg\" \/>\n\t<meta property=\"og:image:width\" content=\"1691\" \/>\n\t<meta property=\"og:image:height\" content=\"2255\" \/>\n\t<meta property=\"og:image:type\" content=\"image\/jpeg\" \/>\n<meta name=\"twitter:card\" content=\"summary_large_image\" \/>\n<meta name=\"twitter:site\" content=\"@PromsWeddings\" \/>\n<meta name=\"twitter:label1\" content=\"Estimeret l\u00e6setid\" \/>\n\t<meta name=\"twitter:data1\" content=\"1 minut\" \/>\n<script type=\"application\/ld+json\" class=\"yoast-schema-graph\">{\"@context\":\"https:\\\/\\\/schema.org\",\"@graph\":[{\"@type\":\"WebPage\",\"@id\":\"https:\\\/\\\/promsandweddings.se\\\/produkt\\\/sering-brollopsklanning-ladybird\\\/\",\"url\":\"https:\\\/\\\/promsandweddings.se\\\/produkt\\\/sering-brollopsklanning-ladybird\\\/\",\"name\":\"SERING br\u00f6llopskl\u00e4nning Ladybird | Proms and Weddings\",\"isPartOf\":{\"@id\":\"https:\\\/\\\/promsandweddings.se\\\/#website\"},\"primaryImageOfPage\":{\"@id\":\"https:\\\/\\\/promsandweddings.se\\\/produkt\\\/sering-brollopsklanning-ladybird\\\/#primaryimage\"},\"image\":{\"@id\":\"https:\\\/\\\/promsandweddings.se\\\/produkt\\\/sering-brollopsklanning-ladybird\\\/#primaryimage\"},\"thumbnailUrl\":\"https:\\\/\\\/promsandweddings.se\\\/wp-content\\\/uploads\\\/2026\\\/03\\\/sering-d-09f0b28a.jpg\",\"datePublished\":\"2026-03-15T22:34:20+00:00\",\"dateModified\":\"2026-03-15T22:39:36+00:00\",\"description\":\"Uppt\u00e4ck SERING br\u00f6llopskl\u00e4nning Ladybird hos Proms & Weddings i Malm\u00f6. Hitta din dr\u00f6mkl\u00e4nning bland exklusiva br\u00f6llopskl\u00e4nningar fr\u00e5n v\u00e4lk\u00e4nda designers.\",\"breadcrumb\":{\"@id\":\"https:\\\/\\\/promsandweddings.se\\\/produkt\\\/sering-brollopsklanning-ladybird\\\/#breadcrumb\"},\"inLanguage\":\"da-DK\",\"potentialAction\":[{\"@type\":\"ReadAction\",\"target\":[\"https:\\\/\\\/promsandweddings.se\\\/produkt\\\/sering-brollopsklanning-ladybird\\\/\"]}]},{\"@type\":\"ImageObject\",\"inLanguage\":\"da-DK\",\"@id\":\"https:\\\/\\\/promsandweddings.se\\\/produkt\\\/sering-brollopsklanning-ladybird\\\/#primaryimage\",\"url\":\"https:\\\/\\\/promsandweddings.se\\\/wp-content\\\/uploads\\\/2026\\\/03\\\/sering-d-09f0b28a.jpg\",\"contentUrl\":\"https:\\\/\\\/promsandweddings.se\\\/wp-content\\\/uploads\\\/2026\\\/03\\\/sering-d-09f0b28a.jpg\",\"width\":1691,\"height\":2255},{\"@type\":\"BreadcrumbList\",\"@id\":\"https:\\\/\\\/promsandweddings.se\\\/produkt\\\/sering-brollopsklanning-ladybird\\\/#breadcrumb\",\"itemListElement\":[{\"@type\":\"ListItem\",\"position\":1,\"name\":\"Home\",\"item\":\"https:\\\/\\\/promsandweddings.se\\\/\"},{\"@type\":\"ListItem\",\"position\":2,\"name\":\"Webshop\",\"item\":\"https:\\\/\\\/promsandweddings.se\\\/webshop\\\/\"},{\"@type\":\"ListItem\",\"position\":3,\"name\":\"SERING br\u00f6llopskl\u00e4nning Ladybird\"}]},{\"@type\":\"WebSite\",\"@id\":\"https:\\\/\\\/promsandweddings.se\\\/#website\",\"url\":\"https:\\\/\\\/promsandweddings.se\\\/\",\"name\":\"Proms and Weddings\",\"description\":\"Hitta din dr\u00f6mkl\u00e4nning\",\"publisher\":{\"@id\":\"https:\\\/\\\/promsandweddings.se\\\/#organization\"},\"alternateName\":\"Proms & Weddings\",\"potentialAction\":[{\"@type\":\"SearchAction\",\"target\":{\"@type\":\"EntryPoint\",\"urlTemplate\":\"https:\\\/\\\/promsandweddings.se\\\/?s={search_term_string}\"},\"query-input\":{\"@type\":\"PropertyValueSpecification\",\"valueRequired\":true,\"valueName\":\"search_term_string\"}}],\"inLanguage\":\"da-DK\"},{\"@type\":\"Organization\",\"@id\":\"https:\\\/\\\/promsandweddings.se\\\/#organization\",\"name\":\"Proms & Weddings\",\"url\":\"https:\\\/\\\/promsandweddings.se\\\/\",\"logo\":{\"@type\":\"ImageObject\",\"inLanguage\":\"da-DK\",\"@id\":\"https:\\\/\\\/promsandweddings.se\\\/#\\\/schema\\\/logo\\\/image\\\/\",\"url\":\"https:\\\/\\\/promsandweddings.se\\\/wp-content\\\/uploads\\\/2026\\\/03\\\/pwlogosv-2-2.webp\",\"contentUrl\":\"https:\\\/\\\/promsandweddings.se\\\/wp-content\\\/uploads\\\/2026\\\/03\\\/pwlogosv-2-2.webp\",\"width\":556,\"height\":152,\"caption\":\"Proms & Weddings\"},\"image\":{\"@id\":\"https:\\\/\\\/promsandweddings.se\\\/#\\\/schema\\\/logo\\\/image\\\/\"},\"sameAs\":[\"https:\\\/\\\/www.facebook.com\\\/promsandweddings\",\"https:\\\/\\\/x.com\\\/PromsWeddings\",\"https:\\\/\\\/www.instagram.com\\\/promsandweddings\\\/\",\"https:\\\/\\\/www.youtube.com\\\/@promsandweddings\\\/shorts\",\"https:\\\/\\\/www.tiktok.com\\\/@promsandweddings\",\"https:\\\/\\\/se.pinterest.com\\\/promsandwedding\"]}]}<\/script>\n<!-- \/ Yoast SEO plugin. -->","yoast_head_json":{"title":"SERING bryllupskjole Ladybird | Proms and Weddings","description":"Opdag SERING bryllupskjole Ladybird hos Proms &amp; Weddings i Malm\u00f8. Find din dr\u00f8mmekjole blandt eksklusive bryllupskjoler fra kendte designere.","robots":{"index":"index","follow":"follow","max-snippet":"max-snippet:-1","max-image-preview":"max-image-preview:large","max-video-preview":"max-video-preview:-1"},"canonical":"https:\/\/promsandweddings.se\/dk\/vare\/sering-brollopsklanning-ladybird\/","og_locale":"da_DK","og_type":"article","og_title":"SERING br\u00f6llopskl\u00e4nning Ladybird | Proms and Weddings","og_description":"Uppt\u00e4ck SERING br\u00f6llopskl\u00e4nning Ladybird hos Proms & Weddings i Malm\u00f6. Hitta din dr\u00f6mkl\u00e4nning bland exklusiva br\u00f6llopskl\u00e4nningar fr\u00e5n v\u00e4lk\u00e4nda designers.","og_url":"https:\/\/promsandweddings.se\/dk\/vare\/sering-brollopsklanning-ladybird\/","og_site_name":"Proms and Weddings","article_publisher":"https:\/\/www.facebook.com\/promsandweddings","article_modified_time":"2026-03-15T22:39:36+00:00","og_image":[{"width":1691,"height":2255,"url":"https:\/\/promsandweddings.se\/wp-content\/uploads\/2026\/03\/sering-d-09f0b28a.jpg","type":"image\/jpeg"}],"twitter_card":"summary_large_image","twitter_site":"@PromsWeddings","twitter_misc":{"Estimeret l\u00e6setid":"1 minut"},"schema":{"@context":"https:\/\/schema.org","@graph":[{"@type":"WebPage","@id":"https:\/\/promsandweddings.se\/produkt\/sering-brollopsklanning-ladybird\/","url":"https:\/\/promsandweddings.se\/produkt\/sering-brollopsklanning-ladybird\/","name":"SERING bryllupskjole Ladybird | Proms and Weddings","isPartOf":{"@id":"https:\/\/promsandweddings.se\/#website"},"primaryImageOfPage":{"@id":"https:\/\/promsandweddings.se\/produkt\/sering-brollopsklanning-ladybird\/#primaryimage"},"image":{"@id":"https:\/\/promsandweddings.se\/produkt\/sering-brollopsklanning-ladybird\/#primaryimage"},"thumbnailUrl":"https:\/\/promsandweddings.se\/wp-content\/uploads\/2026\/03\/sering-d-09f0b28a.jpg","datePublished":"2026-03-15T22:34:20+00:00","dateModified":"2026-03-15T22:39:36+00:00","description":"Opdag SERING bryllupskjole Ladybird hos Proms &amp; Weddings i Malm\u00f8. Find din dr\u00f8mmekjole blandt eksklusive bryllupskjoler fra kendte designere.","breadcrumb":{"@id":"https:\/\/promsandweddings.se\/produkt\/sering-brollopsklanning-ladybird\/#breadcrumb"},"inLanguage":"da-DK","potentialAction":[{"@type":"ReadAction","target":["https:\/\/promsandweddings.se\/produkt\/sering-brollopsklanning-ladybird\/"]}]},{"@type":"ImageObject","inLanguage":"da-DK","@id":"https:\/\/promsandweddings.se\/produkt\/sering-brollopsklanning-ladybird\/#primaryimage","url":"https:\/\/promsandweddings.se\/wp-content\/uploads\/2026\/03\/sering-d-09f0b28a.jpg","contentUrl":"https:\/\/promsandweddings.se\/wp-content\/uploads\/2026\/03\/sering-d-09f0b28a.jpg","width":1691,"height":2255},{"@type":"BreadcrumbList","@id":"https:\/\/promsandweddings.se\/produkt\/sering-brollopsklanning-ladybird\/#breadcrumb","itemListElement":[{"@type":"ListItem","position":1,"name":"Home","item":"https:\/\/promsandweddings.se\/"},{"@type":"ListItem","position":2,"name":"Webshop","item":"https:\/\/promsandweddings.se\/webshop\/"},{"@type":"ListItem","position":3,"name":"SERING br\u00f6llopskl\u00e4nning Ladybird"}]},{"@type":"WebSite","@id":"https:\/\/promsandweddings.se\/#website","url":"https:\/\/promsandweddings.se\/","name":"Proms and Weddings","description":"Find din dr\u00f8mmekjole","publisher":{"@id":"https:\/\/promsandweddings.se\/#organization"},"alternateName":"Proms & Weddings","potentialAction":[{"@type":"SearchAction","target":{"@type":"EntryPoint","urlTemplate":"https:\/\/promsandweddings.se\/?s={search_term_string}"},"query-input":{"@type":"PropertyValueSpecification","valueRequired":true,"valueName":"search_term_string"}}],"inLanguage":"da-DK"},{"@type":"Organization","@id":"https:\/\/promsandweddings.se\/#organization","name":"Proms &amp; Weddings","url":"https:\/\/promsandweddings.se\/","logo":{"@type":"ImageObject","inLanguage":"da-DK","@id":"https:\/\/promsandweddings.se\/#\/schema\/logo\/image\/","url":"https:\/\/promsandweddings.se\/wp-content\/uploads\/2026\/03\/pwlogosv-2-2.webp","contentUrl":"https:\/\/promsandweddings.se\/wp-content\/uploads\/2026\/03\/pwlogosv-2-2.webp","width":556,"height":152,"caption":"Proms & Weddings"},"image":{"@id":"https:\/\/promsandweddings.se\/#\/schema\/logo\/image\/"},"sameAs":["https:\/\/www.facebook.com\/promsandweddings","https:\/\/x.com\/PromsWeddings","https:\/\/www.instagram.com\/promsandweddings\/","https:\/\/www.youtube.com\/@promsandweddings\/shorts","https:\/\/www.tiktok.com\/@promsandweddings","https:\/\/se.pinterest.com\/promsandwedding"]}]}},"jetpack_sharing_enabled":true,"brands":[],"_links":{"self":[{"href":"https:\/\/promsandweddings.se\/dk\/wp-json\/wp\/v2\/product\/28286","targetHints":{"allow":["GET"]}}],"collection":[{"href":"https:\/\/promsandweddings.se\/dk\/wp-json\/wp\/v2\/product"}],"about":[{"href":"https:\/\/promsandweddings.se\/dk\/wp-json\/wp\/v2\/types\/product"}],"wp:featuredmedia":[{"embeddable":true,"href":"https:\/\/promsandweddings.se\/dk\/wp-json\/wp\/v2\/media\/28400"}],"wp:attachment":[{"href":"https:\/\/promsandweddings.se\/dk\/wp-json\/wp\/v2\/media?parent=28286"}],"wp:term":[{"taxonomy":"pwb-brand","embeddable":true,"href":"https:\/\/promsandweddings.se\/dk\/wp-json\/wp\/v2\/pwb-brand?post=28286"},{"taxonomy":"product_brand","embeddable":true,"href":"https:\/\/promsandweddings.se\/dk\/wp-json\/wp\/v2\/product_brand?post=28286"},{"taxonomy":"product_cat","embeddable":true,"href":"https:\/\/promsandweddings.se\/dk\/wp-json\/wp\/v2\/product_cat?post=28286"},{"taxonomy":"product_tag","embeddable":true,"href":"https:\/\/promsandweddings.se\/dk\/wp-json\/wp\/v2\/product_tag?post=28286"}],"curies":[{"name":"wp","href":"https:\/\/api.w.org\/{rel}","templated":true}]}}