{"id":28288,"date":"2026-03-15T23:34:20","date_gmt":"2026-03-15T22:34:20","guid":{"rendered":"https:\/\/promsandweddings.se\/?post_type=product&#038;p=28288"},"modified":"2026-03-15T23:40:03","modified_gmt":"2026-03-15T22:40:03","slug":"st-patrick-brollopsklanning-anmargaret","status":"publish","type":"product","link":"https:\/\/promsandweddings.se\/dk\/produkt\/st-patrick-brollopsklanning-anmargaret\/","title":{"rendered":"St.Patrick brudeekjole ANMARGARET"},"content":{"rendered":"<div class=\"flex basis-auto flex-col -mb-(--composer-overlap-px) [--composer-overlap-px:24px] grow overflow-hidden\">\n<div class=\"relative h-full\">\n<div class=\"flex h-full flex-col overflow-y-auto [scrollbar-gutter:stable_both-edges] @[84rem]\/thread:pt-(--header-height)\">\n<div class=\"@thread-xl\/thread:pt-header-height mt-1.5 flex flex-col text-sm pb-25\">\n<article class=\"text-token-text-primary w-full\" dir=\"auto\" data-testid=\"conversation-turn-86\" data-scroll-anchor=\"true\">\n<div class=\"text-base my-auto mx-auto py-5 [--thread-content-margin:--spacing(4)] @[37rem]:[--thread-content-margin:--spacing(6)] @[72rem]:[--thread-content-margin:--spacing(16)] px-(--thread-content-margin)\">\n<div class=\"[--thread-content-max-width:32rem] @[34rem]:[--thread-content-max-width:40rem] @[64rem]:[--thread-content-max-width:48rem] mx-auto flex max-w-(--thread-content-max-width) flex-1 text-base gap-4 md:gap-5 lg:gap-6 group\/turn-messages focus-visible:outline-hidden\" tabindex=\"-1\">\n<div class=\"group\/conversation-turn relative flex w-full min-w-0 flex-col agent-turn\">\n<div class=\"relative flex-col gap-1 md:gap-3\">\n<div class=\"flex max-w-full flex-col grow\">\u00a0<strong data-start=\"166\" data-end=\"211\">Br\u00f6llopskl\u00e4nning &#8221;ANMARGARET&#8221; \u2013 St. Patrick<\/strong><\/div>\n<div class=\"flex justify-start\">\n<div class=\"touch:-me-2 touch:-ms-3.5 -ms-2.5 -me-1 flex items-center p-1 select-none -mt-1 duration-[1.5s] focus-within:transition-none hover:transition-none pointer-events-none [mask-image:linear-gradient(to_right,black_33%,transparent_66%)] [mask-size:300%_100%] [mask-position:100%_0%] motion-safe:transition-[mask-position] group-hover\/turn-messages:pointer-events-auto group-hover\/turn-messages:[mask-position:0_0] group-focus-within\/turn-messages:pointer-events-auto group-focus-within\/turn-messages:[mask-position:0_0] has-data-[state=open]:pointer-events-auto has-data-[state=open]:[mask-position:0_0]\">\n<div class=\"flex items-center pb-0\">\n<div id=\"thread-bottom-container\" class=\"isolate z-3 w-full basis-auto has-data-has-thread-error:pt-2 has-data-has-thread-error:[box-shadow:var(--sharp-edge-bottom-shadow)] md:border-transparent md:pt-0 dark:border-white\/20 md:dark:border-transparent flex flex-col\">\n<div id=\"thread-bottom\">\n<div class=\"text-base mx-auto [--thread-content-margin:--spacing(4)] @[37rem]:[--thread-content-margin:--spacing(6)] @[72rem]:[--thread-content-margin:--spacing(16)] px-(--thread-content-margin)\">\n<div class=\"[--thread-content-max-width:32rem] @[34rem]:[--thread-content-max-width:40rem] @[64rem]:[--thread-content-max-width:48rem] mx-auto flex max-w-(--thread-content-max-width) flex-1 text-base gap-4 md:gap-5 lg:gap-6\">\n<div class=\"max-xs:[--force-hide-label:none] relative z-1 flex h-full max-w-full flex-1 flex-col\" aria-haspopup=\"dialog\" aria-expanded=\"false\" aria-controls=\"radix-\u00abrfh\u00bb\" data-state=\"closed\">\n<form class=\"w-full [view-transition-name:var(--vt-composer)]\" data-type=\"unified-composer\">\n<div class=\"flex w-full cursor-text flex-col items-center justify-center rounded-[28px] bg-clip-padding contain-inline-size overflow-clip shadow-short bg-token-bg-primary dark:bg-[#303030]\">\n<div class=\"relative flex w-full items-end px-3 py-3\">\n<div class=\"relative flex w-full flex-auto flex-col\">\n<div class=\"relative ms-1.5 grid grid-cols-[auto_minmax(0,1fr)]\">\n<div class=\"relative flex-auto bg-transparent pt-0.5\">\n<div class=\"flex flex-col justify-start\">\n<div class=\"flex min-h-12 items-start\">\n<div class=\"max-w-full min-w-0 flex-1\">\n<div class=\"_prosemirror-parent_kfgfu_2 text-token-text-primary max-h-[25dvh] max-h-52 -mx-3 px-3 overflow-auto [scrollbar-width:thin] default-browser vertical-scroll-fade-mask min-h-12 pe-3\">\n<p data-start=\"213\" data-end=\"580\">Ge uttryck f\u00f6r modern kunglig elegans med &#8221;ANMARGARET&#8221; fr\u00e5n St. Patrick \u2013 en fantastisk br\u00f6llopskl\u00e4nning i mikadosiden som f\u00f6renar klassiskt skr\u00e4dderi med en v\u00e5gad twist. Den hj\u00e4rtformade, axelbandsl\u00f6sa \u00f6verdelen med strukturerade veck framh\u00e4ver siluetten p\u00e5 ett skulpturalt s\u00e4tt, medan den vida kjolen \u00f6ppnar sig i en h\u00f6g slits som ger b\u00e5de r\u00f6relsefrihet och dramatik.<\/p>\n<p data-start=\"582\" data-end=\"758\">Den rena designen i exklusiv satinfinish l\u00e5ter detaljerna tala f\u00f6r sig sj\u00e4lva \u2013 perfekt f\u00f6r den sj\u00e4lvs\u00e4kra bruden som vill kombinera tidl\u00f6s stil med en touch av modern glamour.<\/p>\n<p data-start=\"760\" data-end=\"773\"><strong data-start=\"760\" data-end=\"773\">Detaljer:<\/strong><\/p>\n<ul data-start=\"774\" data-end=\"951\">\n<li data-start=\"774\" data-end=\"812\">\n<p data-start=\"776\" data-end=\"812\">Axelbandsl\u00f6s sweetheart-urringning<\/p>\n<\/li>\n<li data-start=\"813\" data-end=\"856\">\n<p data-start=\"815\" data-end=\"856\">Figursydd livdel med strukturerade veck<\/p>\n<\/li>\n<li data-start=\"857\" data-end=\"907\">\n<p data-start=\"859\" data-end=\"907\">A-linjeformad kjol i mikadosiden med h\u00f6g slits<\/p>\n<\/li>\n<li data-start=\"908\" data-end=\"935\">\n<p data-start=\"910\" data-end=\"935\">Dold dragkedja i ryggen<\/p>\n<\/li>\n<li data-start=\"936\" data-end=\"951\">\n<p data-start=\"938\" data-end=\"951\">F\u00e4rg: Ivory<\/p>\n<\/li>\n<\/ul>\n<p data-start=\"953\" data-end=\"1057\">En sofistikerad och kraftfull kl\u00e4nning f\u00f6r en storslagen entr\u00e9 \u2013 &#8221;ANMARGARET&#8221; \u00e4r gjord f\u00f6r att imponera.<\/p>\n<\/div>\n<\/div>\n<\/div>\n<\/div>\n<\/div>\n<\/div>\n<\/div>\n<\/div>\n<\/div>\n<\/form>\n<\/div>\n<\/div>\n<\/div>\n<\/div>\n<\/div>\n<\/div>\n<\/div>\n<\/div>\n<\/div>\n<\/div>\n<\/div>\n<\/div>\n<\/article>\n<\/div>\n<\/div>\n<\/div>\n<\/div>\n<div id=\"thread-bottom-container\" class=\"isolate z-3 w-full basis-auto has-data-has-thread-error:pt-2 has-data-has-thread-error:[box-shadow:var(--sharp-edge-bottom-shadow)] md:border-transparent md:pt-0 dark:border-white\/20 md:dark:border-transparent flex flex-col\">\n<div id=\"thread-bottom\">\n<div class=\"text-base mx-auto [--thread-content-margin:--spacing(4)] @[37rem]:[--thread-content-margin:--spacing(6)] @[72rem]:[--thread-content-margin:--spacing(16)] px-(--thread-content-margin)\">\n<div class=\"[--thread-content-max-width:32rem] @[34rem]:[--thread-content-max-width:40rem] @[64rem]:[--thread-content-max-width:48rem] mx-auto flex max-w-(--thread-content-max-width) flex-1 text-base gap-4 md:gap-5 lg:gap-6\"><\/div>\n<\/div>\n<\/div>\n<\/div>\n<p>&nbsp;<\/p>\n<p>&nbsp;<\/p>\n","protected":false},"excerpt":{"rendered":"<p><strong data-start=\"0\" data-end=\"16\" data-is-only-node=\"\">Ann Margaret<\/strong>\u00a0er en bryllupskjole fra kollektionen\u00a0<em data-start=\"56\" data-end=\"74\">St. Patrick 2026<\/em>\u00a0fra\u00a0<strong data-start=\"80\" data-end=\"121\"><span class=\"hover:entity-accent entity-underline inline cursor-pointer align-baseline\"><span class=\"whitespace-normal\">St. Patrick<\/span><\/span><\/strong>.<br data-start=\"122\" data-end=\"125\" \/>En sofistikerad och elegant br\u00f6llopskl\u00e4nning med mjuk men definierad silhuett, genomt\u00e4nkta detaljer och ett vackert fall som ger ett tidl\u00f6st och exklusivt uttryck. Ann Margaret k\u00e4nns klassisk med en modern l\u00e4tthet \u2013 perfekt f\u00f6r bruden som vill ha stillsam lyx med karakt\u00e4r.<br data-start=\"390\" data-end=\"393\" \/><br data-start=\"475\" data-end=\"478\" \/><em data-start=\"478\" data-end=\"535\" data-is-last-node=\"\">(Kontakt os for sp\u00f8rgsm\u00e5l vedr\u00f8rende priser, booking osv.)<\/em><\/p>\n<div class=\"product attribute overview\">\n<div class=\"product attribute overview\">\n<p class=\"value\">\n<\/div>\n<h2 class=\"value\"><\/h2>\n<\/div>\n<p>&nbsp;<\/p>","protected":false},"featured_media":28408,"template":"","meta":[],"pwb-brand":[],"product_brand":[],"product_cat":[16,28],"product_tag":[167,25,22],"class_list":{"0":"post-28288","1":"product","2":"type-product","3":"status-publish","4":"has-post-thumbnail","6":"product_cat-klanningar","7":"product_cat-st-patrick","8":"product_tag-brollop","9":"product_tag-brollopsklanning","10":"product_tag-brudklanning","12":"first","13":"instock","14":"shipping-taxable","15":"product-type-simple"},"yoast_head":"<!-- This site is optimized with the Yoast SEO plugin v27.4 - https:\/\/yoast.com\/product\/yoast-seo-wordpress\/ -->\n<title>Atina fr\u00e5n Pronovias \u2013 Romantisk Off-Shoulder Br\u00f6llopskl\u00e4nning med Puff\u00e4rmar och Klassisk A-linje<\/title>\n<meta name=\"description\" content=\"Pronovias Atina \u00e4r en romantisk br\u00f6llopskl\u00e4nning med avtagbara puff\u00e4rmar, draperad off-shoulder-ringning och en tidl\u00f6s, vid kjol. Idealisk f\u00f6r en elegant och feminin look.\" \/>\n<meta name=\"robots\" content=\"index, follow, max-snippet:-1, max-image-preview:large, max-video-preview:-1\" \/>\n<link rel=\"canonical\" href=\"https:\/\/promsandweddings.se\/dk\/vare\/st-patrick-brollopsklanning-anmargaret\/\" \/>\n<meta property=\"og:locale\" content=\"da_DK\" \/>\n<meta property=\"og:type\" content=\"article\" \/>\n<meta property=\"og:title\" content=\"Atina fr\u00e5n Pronovias \u2013 Romantisk Off-Shoulder Br\u00f6llopskl\u00e4nning med Puff\u00e4rmar och Klassisk A-linje\" \/>\n<meta property=\"og:description\" content=\"Pronovias Atina \u00e4r en romantisk br\u00f6llopskl\u00e4nning med avtagbara puff\u00e4rmar, draperad off-shoulder-ringning och en tidl\u00f6s, vid kjol. Idealisk f\u00f6r en elegant och feminin look.\" \/>\n<meta property=\"og:url\" content=\"https:\/\/promsandweddings.se\/dk\/vare\/st-patrick-brollopsklanning-anmargaret\/\" \/>\n<meta property=\"og:site_name\" content=\"Proms and Weddings\" \/>\n<meta property=\"article:publisher\" content=\"https:\/\/www.facebook.com\/promsandweddings\" \/>\n<meta property=\"article:modified_time\" content=\"2026-03-15T22:40:03+00:00\" \/>\n<meta property=\"og:image\" content=\"https:\/\/promsandweddings.se\/wp-content\/uploads\/2026\/03\/anmargaret-b-6bcdad3d.jpg\" \/>\n\t<meta property=\"og:image:width\" content=\"1691\" \/>\n\t<meta property=\"og:image:height\" content=\"2255\" \/>\n\t<meta property=\"og:image:type\" content=\"image\/jpeg\" \/>\n<meta name=\"twitter:card\" content=\"summary_large_image\" \/>\n<meta name=\"twitter:site\" content=\"@PromsWeddings\" \/>\n<meta name=\"twitter:label1\" content=\"Estimeret l\u00e6setid\" \/>\n\t<meta name=\"twitter:data1\" content=\"1 minut\" \/>\n<script type=\"application\/ld+json\" class=\"yoast-schema-graph\">{\"@context\":\"https:\\\/\\\/schema.org\",\"@graph\":[{\"@type\":\"WebPage\",\"@id\":\"https:\\\/\\\/promsandweddings.se\\\/produkt\\\/st-patrick-brollopsklanning-anmargaret\\\/\",\"url\":\"https:\\\/\\\/promsandweddings.se\\\/produkt\\\/st-patrick-brollopsklanning-anmargaret\\\/\",\"name\":\"Atina fr\u00e5n Pronovias \u2013 Romantisk Off-Shoulder Br\u00f6llopskl\u00e4nning med Puff\u00e4rmar och Klassisk A-linje\",\"isPartOf\":{\"@id\":\"https:\\\/\\\/promsandweddings.se\\\/#website\"},\"primaryImageOfPage\":{\"@id\":\"https:\\\/\\\/promsandweddings.se\\\/produkt\\\/st-patrick-brollopsklanning-anmargaret\\\/#primaryimage\"},\"image\":{\"@id\":\"https:\\\/\\\/promsandweddings.se\\\/produkt\\\/st-patrick-brollopsklanning-anmargaret\\\/#primaryimage\"},\"thumbnailUrl\":\"https:\\\/\\\/promsandweddings.se\\\/wp-content\\\/uploads\\\/2026\\\/03\\\/anmargaret-b-6bcdad3d.jpg\",\"datePublished\":\"2026-03-15T22:34:20+00:00\",\"dateModified\":\"2026-03-15T22:40:03+00:00\",\"description\":\"Pronovias Atina \u00e4r en romantisk br\u00f6llopskl\u00e4nning med avtagbara puff\u00e4rmar, draperad off-shoulder-ringning och en tidl\u00f6s, vid kjol. Idealisk f\u00f6r en elegant och feminin look.\",\"breadcrumb\":{\"@id\":\"https:\\\/\\\/promsandweddings.se\\\/produkt\\\/st-patrick-brollopsklanning-anmargaret\\\/#breadcrumb\"},\"inLanguage\":\"da-DK\",\"potentialAction\":[{\"@type\":\"ReadAction\",\"target\":[\"https:\\\/\\\/promsandweddings.se\\\/produkt\\\/st-patrick-brollopsklanning-anmargaret\\\/\"]}]},{\"@type\":\"ImageObject\",\"inLanguage\":\"da-DK\",\"@id\":\"https:\\\/\\\/promsandweddings.se\\\/produkt\\\/st-patrick-brollopsklanning-anmargaret\\\/#primaryimage\",\"url\":\"https:\\\/\\\/promsandweddings.se\\\/wp-content\\\/uploads\\\/2026\\\/03\\\/anmargaret-b-6bcdad3d.jpg\",\"contentUrl\":\"https:\\\/\\\/promsandweddings.se\\\/wp-content\\\/uploads\\\/2026\\\/03\\\/anmargaret-b-6bcdad3d.jpg\",\"width\":1691,\"height\":2255},{\"@type\":\"BreadcrumbList\",\"@id\":\"https:\\\/\\\/promsandweddings.se\\\/produkt\\\/st-patrick-brollopsklanning-anmargaret\\\/#breadcrumb\",\"itemListElement\":[{\"@type\":\"ListItem\",\"position\":1,\"name\":\"Home\",\"item\":\"https:\\\/\\\/promsandweddings.se\\\/\"},{\"@type\":\"ListItem\",\"position\":2,\"name\":\"Webshop\",\"item\":\"https:\\\/\\\/promsandweddings.se\\\/webshop\\\/\"},{\"@type\":\"ListItem\",\"position\":3,\"name\":\"St.Patrick Br\u00f6llopskl\u00e4nning ANMARGARET\"}]},{\"@type\":\"WebSite\",\"@id\":\"https:\\\/\\\/promsandweddings.se\\\/#website\",\"url\":\"https:\\\/\\\/promsandweddings.se\\\/\",\"name\":\"Proms and Weddings\",\"description\":\"Hitta din dr\u00f6mkl\u00e4nning\",\"publisher\":{\"@id\":\"https:\\\/\\\/promsandweddings.se\\\/#organization\"},\"alternateName\":\"Proms & Weddings\",\"potentialAction\":[{\"@type\":\"SearchAction\",\"target\":{\"@type\":\"EntryPoint\",\"urlTemplate\":\"https:\\\/\\\/promsandweddings.se\\\/?s={search_term_string}\"},\"query-input\":{\"@type\":\"PropertyValueSpecification\",\"valueRequired\":true,\"valueName\":\"search_term_string\"}}],\"inLanguage\":\"da-DK\"},{\"@type\":\"Organization\",\"@id\":\"https:\\\/\\\/promsandweddings.se\\\/#organization\",\"name\":\"Proms & Weddings\",\"url\":\"https:\\\/\\\/promsandweddings.se\\\/\",\"logo\":{\"@type\":\"ImageObject\",\"inLanguage\":\"da-DK\",\"@id\":\"https:\\\/\\\/promsandweddings.se\\\/#\\\/schema\\\/logo\\\/image\\\/\",\"url\":\"https:\\\/\\\/promsandweddings.se\\\/wp-content\\\/uploads\\\/2026\\\/03\\\/pwlogosv-2-2.webp\",\"contentUrl\":\"https:\\\/\\\/promsandweddings.se\\\/wp-content\\\/uploads\\\/2026\\\/03\\\/pwlogosv-2-2.webp\",\"width\":556,\"height\":152,\"caption\":\"Proms & Weddings\"},\"image\":{\"@id\":\"https:\\\/\\\/promsandweddings.se\\\/#\\\/schema\\\/logo\\\/image\\\/\"},\"sameAs\":[\"https:\\\/\\\/www.facebook.com\\\/promsandweddings\",\"https:\\\/\\\/x.com\\\/PromsWeddings\",\"https:\\\/\\\/www.instagram.com\\\/promsandweddings\\\/\",\"https:\\\/\\\/www.youtube.com\\\/@promsandweddings\\\/shorts\",\"https:\\\/\\\/www.tiktok.com\\\/@promsandweddings\",\"https:\\\/\\\/se.pinterest.com\\\/promsandwedding\"]}]}<\/script>\n<!-- \/ Yoast SEO plugin. -->","yoast_head_json":{"title":"Atina fra Pronovias \u2013 Romantisk off-shoulder-brudekjole med puff\u00e6rmer og klassisk A-linje","description":"Pronovias Atina er en romantisk brudekjole med aftagelige puff\u00e6rmer, draperet off-shoulder-udringning og en tidl\u00f8s, vid kjol. Ideel til et elegant og feminint look.","robots":{"index":"index","follow":"follow","max-snippet":"max-snippet:-1","max-image-preview":"max-image-preview:large","max-video-preview":"max-video-preview:-1"},"canonical":"https:\/\/promsandweddings.se\/dk\/vare\/st-patrick-brollopsklanning-anmargaret\/","og_locale":"da_DK","og_type":"article","og_title":"Atina fr\u00e5n Pronovias \u2013 Romantisk Off-Shoulder Br\u00f6llopskl\u00e4nning med Puff\u00e4rmar och Klassisk A-linje","og_description":"Pronovias Atina \u00e4r en romantisk br\u00f6llopskl\u00e4nning med avtagbara puff\u00e4rmar, draperad off-shoulder-ringning och en tidl\u00f6s, vid kjol. Idealisk f\u00f6r en elegant och feminin look.","og_url":"https:\/\/promsandweddings.se\/dk\/vare\/st-patrick-brollopsklanning-anmargaret\/","og_site_name":"Proms and Weddings","article_publisher":"https:\/\/www.facebook.com\/promsandweddings","article_modified_time":"2026-03-15T22:40:03+00:00","og_image":[{"width":1691,"height":2255,"url":"https:\/\/promsandweddings.se\/wp-content\/uploads\/2026\/03\/anmargaret-b-6bcdad3d.jpg","type":"image\/jpeg"}],"twitter_card":"summary_large_image","twitter_site":"@PromsWeddings","twitter_misc":{"Estimeret l\u00e6setid":"1 minut"},"schema":{"@context":"https:\/\/schema.org","@graph":[{"@type":"WebPage","@id":"https:\/\/promsandweddings.se\/produkt\/st-patrick-brollopsklanning-anmargaret\/","url":"https:\/\/promsandweddings.se\/produkt\/st-patrick-brollopsklanning-anmargaret\/","name":"Atina fra Pronovias \u2013 Romantisk off-shoulder-brudekjole med puff\u00e6rmer og klassisk A-linje","isPartOf":{"@id":"https:\/\/promsandweddings.se\/#website"},"primaryImageOfPage":{"@id":"https:\/\/promsandweddings.se\/produkt\/st-patrick-brollopsklanning-anmargaret\/#primaryimage"},"image":{"@id":"https:\/\/promsandweddings.se\/produkt\/st-patrick-brollopsklanning-anmargaret\/#primaryimage"},"thumbnailUrl":"https:\/\/promsandweddings.se\/wp-content\/uploads\/2026\/03\/anmargaret-b-6bcdad3d.jpg","datePublished":"2026-03-15T22:34:20+00:00","dateModified":"2026-03-15T22:40:03+00:00","description":"Pronovias Atina er en romantisk brudekjole med aftagelige puff\u00e6rmer, draperet off-shoulder-udringning og en tidl\u00f8s, vid kjol. Ideel til et elegant og feminint look.","breadcrumb":{"@id":"https:\/\/promsandweddings.se\/produkt\/st-patrick-brollopsklanning-anmargaret\/#breadcrumb"},"inLanguage":"da-DK","potentialAction":[{"@type":"ReadAction","target":["https:\/\/promsandweddings.se\/produkt\/st-patrick-brollopsklanning-anmargaret\/"]}]},{"@type":"ImageObject","inLanguage":"da-DK","@id":"https:\/\/promsandweddings.se\/produkt\/st-patrick-brollopsklanning-anmargaret\/#primaryimage","url":"https:\/\/promsandweddings.se\/wp-content\/uploads\/2026\/03\/anmargaret-b-6bcdad3d.jpg","contentUrl":"https:\/\/promsandweddings.se\/wp-content\/uploads\/2026\/03\/anmargaret-b-6bcdad3d.jpg","width":1691,"height":2255},{"@type":"BreadcrumbList","@id":"https:\/\/promsandweddings.se\/produkt\/st-patrick-brollopsklanning-anmargaret\/#breadcrumb","itemListElement":[{"@type":"ListItem","position":1,"name":"Home","item":"https:\/\/promsandweddings.se\/"},{"@type":"ListItem","position":2,"name":"Webshop","item":"https:\/\/promsandweddings.se\/webshop\/"},{"@type":"ListItem","position":3,"name":"St.Patrick Br\u00f6llopskl\u00e4nning ANMARGARET"}]},{"@type":"WebSite","@id":"https:\/\/promsandweddings.se\/#website","url":"https:\/\/promsandweddings.se\/","name":"Proms and Weddings","description":"Find din dr\u00f8mmekjole","publisher":{"@id":"https:\/\/promsandweddings.se\/#organization"},"alternateName":"Proms & Weddings","potentialAction":[{"@type":"SearchAction","target":{"@type":"EntryPoint","urlTemplate":"https:\/\/promsandweddings.se\/?s={search_term_string}"},"query-input":{"@type":"PropertyValueSpecification","valueRequired":true,"valueName":"search_term_string"}}],"inLanguage":"da-DK"},{"@type":"Organization","@id":"https:\/\/promsandweddings.se\/#organization","name":"Proms &amp; Weddings","url":"https:\/\/promsandweddings.se\/","logo":{"@type":"ImageObject","inLanguage":"da-DK","@id":"https:\/\/promsandweddings.se\/#\/schema\/logo\/image\/","url":"https:\/\/promsandweddings.se\/wp-content\/uploads\/2026\/03\/pwlogosv-2-2.webp","contentUrl":"https:\/\/promsandweddings.se\/wp-content\/uploads\/2026\/03\/pwlogosv-2-2.webp","width":556,"height":152,"caption":"Proms & Weddings"},"image":{"@id":"https:\/\/promsandweddings.se\/#\/schema\/logo\/image\/"},"sameAs":["https:\/\/www.facebook.com\/promsandweddings","https:\/\/x.com\/PromsWeddings","https:\/\/www.instagram.com\/promsandweddings\/","https:\/\/www.youtube.com\/@promsandweddings\/shorts","https:\/\/www.tiktok.com\/@promsandweddings","https:\/\/se.pinterest.com\/promsandwedding"]}]}},"jetpack_sharing_enabled":true,"brands":[],"_links":{"self":[{"href":"https:\/\/promsandweddings.se\/dk\/wp-json\/wp\/v2\/product\/28288","targetHints":{"allow":["GET"]}}],"collection":[{"href":"https:\/\/promsandweddings.se\/dk\/wp-json\/wp\/v2\/product"}],"about":[{"href":"https:\/\/promsandweddings.se\/dk\/wp-json\/wp\/v2\/types\/product"}],"wp:featuredmedia":[{"embeddable":true,"href":"https:\/\/promsandweddings.se\/dk\/wp-json\/wp\/v2\/media\/28408"}],"wp:attachment":[{"href":"https:\/\/promsandweddings.se\/dk\/wp-json\/wp\/v2\/media?parent=28288"}],"wp:term":[{"taxonomy":"pwb-brand","embeddable":true,"href":"https:\/\/promsandweddings.se\/dk\/wp-json\/wp\/v2\/pwb-brand?post=28288"},{"taxonomy":"product_brand","embeddable":true,"href":"https:\/\/promsandweddings.se\/dk\/wp-json\/wp\/v2\/product_brand?post=28288"},{"taxonomy":"product_cat","embeddable":true,"href":"https:\/\/promsandweddings.se\/dk\/wp-json\/wp\/v2\/product_cat?post=28288"},{"taxonomy":"product_tag","embeddable":true,"href":"https:\/\/promsandweddings.se\/dk\/wp-json\/wp\/v2\/product_tag?post=28288"}],"curies":[{"name":"wp","href":"https:\/\/api.w.org\/{rel}","templated":true}]}}