{"id":28312,"date":"2026-03-15T23:35:06","date_gmt":"2026-03-15T22:35:06","guid":{"rendered":"https:\/\/promsandweddings.se\/?post_type=product&#038;p=28312"},"modified":"2026-03-15T23:40:35","modified_gmt":"2026-03-15T22:40:35","slug":"aubrieta-brollopsklanning-ladybird","status":"publish","type":"product","link":"https:\/\/promsandweddings.se\/dk\/produkt\/aubrieta-brollopsklanning-ladybird\/","title":{"rendered":"Aubrieta bryllupskjole Ladybird"},"content":{"rendered":"<div class=\"flex basis-auto flex-col -mb-(--composer-overlap-px) [--composer-overlap-px:24px] grow overflow-hidden\">\n<div class=\"relative h-full\">\n<div class=\"flex h-full flex-col overflow-y-auto [scrollbar-gutter:stable_both-edges] @[84rem]\/thread:pt-(--header-height)\">\n<div class=\"@thread-xl\/thread:pt-header-height mt-1.5 flex flex-col text-sm pb-25\">\n<article class=\"text-token-text-primary w-full\" dir=\"auto\" data-testid=\"conversation-turn-86\" data-scroll-anchor=\"true\">\n<div class=\"text-base my-auto mx-auto py-5 [--thread-content-margin:--spacing(4)] @[37rem]:[--thread-content-margin:--spacing(6)] @[72rem]:[--thread-content-margin:--spacing(16)] px-(--thread-content-margin)\">\n<div class=\"[--thread-content-max-width:32rem] @[34rem]:[--thread-content-max-width:40rem] @[64rem]:[--thread-content-max-width:48rem] mx-auto flex max-w-(--thread-content-max-width) flex-1 text-base gap-4 md:gap-5 lg:gap-6 group\/turn-messages focus-visible:outline-hidden\" tabindex=\"-1\">\n<div class=\"group\/conversation-turn relative flex w-full min-w-0 flex-col agent-turn\">\n<div class=\"relative flex-col gap-1 md:gap-3\">\n<div class=\"flex max-w-full flex-col grow\">\n<div class=\"min-h-8 text-message relative flex w-full flex-col items-end gap-2 text-start break-words whitespace-normal [.text-message+&amp;]:mt-5\" dir=\"auto\" data-message-author-role=\"assistant\" data-message-id=\"0db12e0d-ef10-410f-9b93-9a18c21d95bb\" data-message-model-slug=\"gpt-4o\"><\/div>\n<\/div>\n<\/div>\n<\/div>\n<\/div>\n<\/div>\n<\/article>\n<\/div>\n<\/div>\n<\/div>\n<\/div>\n<div id=\"thread-bottom-container\" class=\"isolate z-3 w-full basis-auto has-data-has-thread-error:pt-2 has-data-has-thread-error:[box-shadow:var(--sharp-edge-bottom-shadow)] md:border-transparent md:pt-0 dark:border-white\/20 md:dark:border-transparent flex flex-col\">\n<div id=\"thread-bottom\">\n<div>\n<p>Aubrieta fr\u00e5n Ladybird ger dig en stilren och sj\u00e4lvs\u00e4ker look med perfekt balans mellan enkelhet och glamour. Kl\u00e4nningen f\u00f6ljer kroppens former med mjuk precision och framh\u00e4ver siluetten p\u00e5 ett naturligt s\u00e4tt.<\/p>\n<p>Den eleganta crepe-tyget smyger sig l\u00e4ngs kroppen och skapar en feminin figur utan att k\u00e4nnas tung eller stel. En h\u00f6g slits framtill ger kl\u00e4nningen en dj\u00e4rv touch, samtidigt som draperingen \u00f6ver bysten mjukar upp intrycket med en romantisk k\u00e4nsla.<\/p>\n<p>Du kan enkelt justera stilen tack vare de avtagbara axelbanden. L\u00e5t dem h\u00e4nga f\u00f6r en klassisk off-shoulder-look, eller ta av dem helt f\u00f6r ett minimalistiskt uttryck. Det ger dig frihet att f\u00f6r\u00e4ndra stilen mellan vigsel och fest \u2013 och alltid k\u00e4nna dig bekv\u00e4m.<\/p>\n<p>Kjolen faller mjukt mot golvet och sl\u00e4pet ger r\u00f6relse och elegans utan att dominera. Kl\u00e4nningens rena linjer g\u00f6r det enkelt att matcha med personliga accessoarer, oavsett om du vill h\u00e5lla det sobert eller tillf\u00f6ra glamour.<\/p>\n<p>Med Aubrieta kliver du in i rollen som brud med stil, styrka och elegans. Den passar perfekt f\u00f6r br\u00f6llop vid havet, i en modern stadsmilj\u00f6 eller p\u00e5 ett charmigt tr\u00e4dg\u00e5rdsbr\u00f6llop. Oavsett plats kommer kl\u00e4nningen att f\u00f6rst\u00e4rka din n\u00e4rvaro och f\u00f6lja dig genom dagen \u2013 fr\u00e5n l\u00f6ften till dansgolv.<\/p>\n<\/div>\n<\/div>\n<\/div>\n<p>&nbsp;<\/p>\n<p>&nbsp;<\/p>\n","protected":false},"excerpt":{"rendered":"<p><strong data-start=\"0\" data-end=\"12\" data-is-only-node=\"\">Aubrieta<\/strong>\u00a0er en bryllupskjole fra kollektionen\u00a0<em data-start=\"52\" data-end=\"67\">Ladybird 2026<\/em>\u00a0fra\u00a0<strong data-start=\"73\" data-end=\"114\"><span class=\"hover:entity-accent entity-underline inline cursor-pointer align-baseline\"><span class=\"whitespace-normal\">Ladybird<\/span><\/span><\/strong>.<br data-start=\"115\" data-end=\"118\" \/>En romantisk och luftig br\u00f6llopskl\u00e4nning med mjuk silhuett, florala spetsdetaljer och ett f\u00f6ljsamt fall som skapar ett l\u00e4tt, dr\u00f6mskt uttryck. Aubrieta k\u00e4nns feminin och tidl\u00f6s \u2013 perfekt f\u00f6r bruden som vill ha blomstrande elegans med naturlig r\u00f6relse.<br data-start=\"360\" data-end=\"363\" \/><br data-start=\"445\" data-end=\"448\" \/><em data-start=\"448\" data-end=\"505\" data-is-last-node=\"\">(Kontakt os for sp\u00f8rgsm\u00e5l vedr\u00f8rende priser, booking osv.)<\/em><\/p>\n<div class=\"product attribute overview\">\n<div class=\"product attribute overview\">\n<p class=\"value\">\n<\/div>\n<h2 class=\"value\"><\/h2>\n<\/div>\n<p>&nbsp;<\/p>","protected":false},"featured_media":28420,"template":"","meta":[],"pwb-brand":[],"product_brand":[],"product_cat":[16,23],"product_tag":[167,25,22],"class_list":{"0":"post-28312","1":"product","2":"type-product","3":"status-publish","4":"has-post-thumbnail","6":"product_cat-klanningar","7":"product_cat-pronovias","8":"product_tag-brollop","9":"product_tag-brollopsklanning","10":"product_tag-brudklanning","12":"first","13":"instock","14":"shipping-taxable","15":"product-type-simple"},"yoast_head":"<!-- This site is optimized with the Yoast SEO plugin v27.4 - https:\/\/yoast.com\/product\/yoast-seo-wordpress\/ -->\n<title>Modern br\u00f6llopskl\u00e4nning med slits \u2013 Aubrieta fr\u00e5n Ladybird<\/title>\n<meta name=\"description\" content=\"Aubrieta fr\u00e5n Ladybird \u2013 en modern br\u00f6llopskl\u00e4nning med slits &amp; avtagbara axelband. Perfekt f\u00f6r stilrena, romantiska br\u00f6llop i alla milj\u00f6er.\" \/>\n<meta name=\"robots\" content=\"index, follow, max-snippet:-1, max-image-preview:large, max-video-preview:-1\" \/>\n<link rel=\"canonical\" href=\"https:\/\/promsandweddings.se\/dk\/vare\/aubrieta-brollopsklanning-ladybird\/\" \/>\n<meta property=\"og:locale\" content=\"da_DK\" \/>\n<meta property=\"og:type\" content=\"article\" \/>\n<meta property=\"og:title\" content=\"Modern br\u00f6llopskl\u00e4nning med slits \u2013 Aubrieta fr\u00e5n Ladybird\" \/>\n<meta property=\"og:description\" content=\"Aubrieta fr\u00e5n Ladybird \u2013 en modern br\u00f6llopskl\u00e4nning med slits &amp; avtagbara axelband. Perfekt f\u00f6r stilrena, romantiska br\u00f6llop i alla milj\u00f6er.\" \/>\n<meta property=\"og:url\" content=\"https:\/\/promsandweddings.se\/dk\/vare\/aubrieta-brollopsklanning-ladybird\/\" \/>\n<meta property=\"og:site_name\" content=\"Proms and Weddings\" \/>\n<meta property=\"article:publisher\" content=\"https:\/\/www.facebook.com\/promsandweddings\" \/>\n<meta property=\"article:modified_time\" content=\"2026-03-15T22:40:35+00:00\" \/>\n<meta property=\"og:image\" content=\"https:\/\/promsandweddings.se\/wp-content\/uploads\/2026\/03\/aubrieta-b-7eb2b5e5.jpg\" \/>\n\t<meta property=\"og:image:width\" content=\"1691\" \/>\n\t<meta property=\"og:image:height\" content=\"2255\" \/>\n\t<meta property=\"og:image:type\" content=\"image\/jpeg\" \/>\n<meta name=\"twitter:card\" content=\"summary_large_image\" \/>\n<meta name=\"twitter:site\" content=\"@PromsWeddings\" \/>\n<meta name=\"twitter:label1\" content=\"Estimeret l\u00e6setid\" \/>\n\t<meta name=\"twitter:data1\" content=\"1 minut\" \/>\n<script type=\"application\/ld+json\" class=\"yoast-schema-graph\">{\"@context\":\"https:\\\/\\\/schema.org\",\"@graph\":[{\"@type\":\"WebPage\",\"@id\":\"https:\\\/\\\/promsandweddings.se\\\/produkt\\\/aubrieta-brollopsklanning-ladybird\\\/\",\"url\":\"https:\\\/\\\/promsandweddings.se\\\/produkt\\\/aubrieta-brollopsklanning-ladybird\\\/\",\"name\":\"Modern br\u00f6llopskl\u00e4nning med slits \u2013 Aubrieta fr\u00e5n Ladybird\",\"isPartOf\":{\"@id\":\"https:\\\/\\\/promsandweddings.se\\\/#website\"},\"primaryImageOfPage\":{\"@id\":\"https:\\\/\\\/promsandweddings.se\\\/produkt\\\/aubrieta-brollopsklanning-ladybird\\\/#primaryimage\"},\"image\":{\"@id\":\"https:\\\/\\\/promsandweddings.se\\\/produkt\\\/aubrieta-brollopsklanning-ladybird\\\/#primaryimage\"},\"thumbnailUrl\":\"https:\\\/\\\/promsandweddings.se\\\/wp-content\\\/uploads\\\/2026\\\/03\\\/aubrieta-b-7eb2b5e5.jpg\",\"datePublished\":\"2026-03-15T22:35:06+00:00\",\"dateModified\":\"2026-03-15T22:40:35+00:00\",\"description\":\"Aubrieta fr\u00e5n Ladybird \u2013 en modern br\u00f6llopskl\u00e4nning med slits &amp; avtagbara axelband. Perfekt f\u00f6r stilrena, romantiska br\u00f6llop i alla milj\u00f6er.\",\"breadcrumb\":{\"@id\":\"https:\\\/\\\/promsandweddings.se\\\/produkt\\\/aubrieta-brollopsklanning-ladybird\\\/#breadcrumb\"},\"inLanguage\":\"da-DK\",\"potentialAction\":[{\"@type\":\"ReadAction\",\"target\":[\"https:\\\/\\\/promsandweddings.se\\\/produkt\\\/aubrieta-brollopsklanning-ladybird\\\/\"]}]},{\"@type\":\"ImageObject\",\"inLanguage\":\"da-DK\",\"@id\":\"https:\\\/\\\/promsandweddings.se\\\/produkt\\\/aubrieta-brollopsklanning-ladybird\\\/#primaryimage\",\"url\":\"https:\\\/\\\/promsandweddings.se\\\/wp-content\\\/uploads\\\/2026\\\/03\\\/aubrieta-b-7eb2b5e5.jpg\",\"contentUrl\":\"https:\\\/\\\/promsandweddings.se\\\/wp-content\\\/uploads\\\/2026\\\/03\\\/aubrieta-b-7eb2b5e5.jpg\",\"width\":1691,\"height\":2255},{\"@type\":\"BreadcrumbList\",\"@id\":\"https:\\\/\\\/promsandweddings.se\\\/produkt\\\/aubrieta-brollopsklanning-ladybird\\\/#breadcrumb\",\"itemListElement\":[{\"@type\":\"ListItem\",\"position\":1,\"name\":\"Home\",\"item\":\"https:\\\/\\\/promsandweddings.se\\\/\"},{\"@type\":\"ListItem\",\"position\":2,\"name\":\"Webshop\",\"item\":\"https:\\\/\\\/promsandweddings.se\\\/webshop\\\/\"},{\"@type\":\"ListItem\",\"position\":3,\"name\":\"Aubrieta br\u00f6llopskl\u00e4nning Ladybird\"}]},{\"@type\":\"WebSite\",\"@id\":\"https:\\\/\\\/promsandweddings.se\\\/#website\",\"url\":\"https:\\\/\\\/promsandweddings.se\\\/\",\"name\":\"Proms and Weddings\",\"description\":\"Hitta din dr\u00f6mkl\u00e4nning\",\"publisher\":{\"@id\":\"https:\\\/\\\/promsandweddings.se\\\/#organization\"},\"alternateName\":\"Proms & Weddings\",\"potentialAction\":[{\"@type\":\"SearchAction\",\"target\":{\"@type\":\"EntryPoint\",\"urlTemplate\":\"https:\\\/\\\/promsandweddings.se\\\/?s={search_term_string}\"},\"query-input\":{\"@type\":\"PropertyValueSpecification\",\"valueRequired\":true,\"valueName\":\"search_term_string\"}}],\"inLanguage\":\"da-DK\"},{\"@type\":\"Organization\",\"@id\":\"https:\\\/\\\/promsandweddings.se\\\/#organization\",\"name\":\"Proms & Weddings\",\"url\":\"https:\\\/\\\/promsandweddings.se\\\/\",\"logo\":{\"@type\":\"ImageObject\",\"inLanguage\":\"da-DK\",\"@id\":\"https:\\\/\\\/promsandweddings.se\\\/#\\\/schema\\\/logo\\\/image\\\/\",\"url\":\"https:\\\/\\\/promsandweddings.se\\\/wp-content\\\/uploads\\\/2026\\\/03\\\/pwlogosv-2-2.webp\",\"contentUrl\":\"https:\\\/\\\/promsandweddings.se\\\/wp-content\\\/uploads\\\/2026\\\/03\\\/pwlogosv-2-2.webp\",\"width\":556,\"height\":152,\"caption\":\"Proms & Weddings\"},\"image\":{\"@id\":\"https:\\\/\\\/promsandweddings.se\\\/#\\\/schema\\\/logo\\\/image\\\/\"},\"sameAs\":[\"https:\\\/\\\/www.facebook.com\\\/promsandweddings\",\"https:\\\/\\\/x.com\\\/PromsWeddings\",\"https:\\\/\\\/www.instagram.com\\\/promsandweddings\\\/\",\"https:\\\/\\\/www.youtube.com\\\/@promsandweddings\\\/shorts\",\"https:\\\/\\\/www.tiktok.com\\\/@promsandweddings\",\"https:\\\/\\\/se.pinterest.com\\\/promsandwedding\"]}]}<\/script>\n<!-- \/ Yoast SEO plugin. -->","yoast_head_json":{"title":"Moderne bryllupskjole med slids \u2013 Aubrieta fra Ladybird","description":"Aubrieta fra Ladybird \u2013 en moderne bryllupskjole med slids &amp; aftagelige stropper. Perfekt til stilrent, romantisk bryllup i alle milj\u00f8er.","robots":{"index":"index","follow":"follow","max-snippet":"max-snippet:-1","max-image-preview":"max-image-preview:large","max-video-preview":"max-video-preview:-1"},"canonical":"https:\/\/promsandweddings.se\/dk\/vare\/aubrieta-brollopsklanning-ladybird\/","og_locale":"da_DK","og_type":"article","og_title":"Modern br\u00f6llopskl\u00e4nning med slits \u2013 Aubrieta fr\u00e5n Ladybird","og_description":"Aubrieta fr\u00e5n Ladybird \u2013 en modern br\u00f6llopskl\u00e4nning med slits &amp; avtagbara axelband. Perfekt f\u00f6r stilrena, romantiska br\u00f6llop i alla milj\u00f6er.","og_url":"https:\/\/promsandweddings.se\/dk\/vare\/aubrieta-brollopsklanning-ladybird\/","og_site_name":"Proms and Weddings","article_publisher":"https:\/\/www.facebook.com\/promsandweddings","article_modified_time":"2026-03-15T22:40:35+00:00","og_image":[{"width":1691,"height":2255,"url":"https:\/\/promsandweddings.se\/wp-content\/uploads\/2026\/03\/aubrieta-b-7eb2b5e5.jpg","type":"image\/jpeg"}],"twitter_card":"summary_large_image","twitter_site":"@PromsWeddings","twitter_misc":{"Estimeret l\u00e6setid":"1 minut"},"schema":{"@context":"https:\/\/schema.org","@graph":[{"@type":"WebPage","@id":"https:\/\/promsandweddings.se\/produkt\/aubrieta-brollopsklanning-ladybird\/","url":"https:\/\/promsandweddings.se\/produkt\/aubrieta-brollopsklanning-ladybird\/","name":"Moderne bryllupskjole med slids \u2013 Aubrieta fra Ladybird","isPartOf":{"@id":"https:\/\/promsandweddings.se\/#website"},"primaryImageOfPage":{"@id":"https:\/\/promsandweddings.se\/produkt\/aubrieta-brollopsklanning-ladybird\/#primaryimage"},"image":{"@id":"https:\/\/promsandweddings.se\/produkt\/aubrieta-brollopsklanning-ladybird\/#primaryimage"},"thumbnailUrl":"https:\/\/promsandweddings.se\/wp-content\/uploads\/2026\/03\/aubrieta-b-7eb2b5e5.jpg","datePublished":"2026-03-15T22:35:06+00:00","dateModified":"2026-03-15T22:40:35+00:00","description":"Aubrieta fra Ladybird \u2013 en moderne bryllupskjole med slids &amp; aftagelige stropper. Perfekt til stilrent, romantisk bryllup i alle milj\u00f8er.","breadcrumb":{"@id":"https:\/\/promsandweddings.se\/produkt\/aubrieta-brollopsklanning-ladybird\/#breadcrumb"},"inLanguage":"da-DK","potentialAction":[{"@type":"ReadAction","target":["https:\/\/promsandweddings.se\/produkt\/aubrieta-brollopsklanning-ladybird\/"]}]},{"@type":"ImageObject","inLanguage":"da-DK","@id":"https:\/\/promsandweddings.se\/produkt\/aubrieta-brollopsklanning-ladybird\/#primaryimage","url":"https:\/\/promsandweddings.se\/wp-content\/uploads\/2026\/03\/aubrieta-b-7eb2b5e5.jpg","contentUrl":"https:\/\/promsandweddings.se\/wp-content\/uploads\/2026\/03\/aubrieta-b-7eb2b5e5.jpg","width":1691,"height":2255},{"@type":"BreadcrumbList","@id":"https:\/\/promsandweddings.se\/produkt\/aubrieta-brollopsklanning-ladybird\/#breadcrumb","itemListElement":[{"@type":"ListItem","position":1,"name":"Home","item":"https:\/\/promsandweddings.se\/"},{"@type":"ListItem","position":2,"name":"Webshop","item":"https:\/\/promsandweddings.se\/webshop\/"},{"@type":"ListItem","position":3,"name":"Aubrieta br\u00f6llopskl\u00e4nning Ladybird"}]},{"@type":"WebSite","@id":"https:\/\/promsandweddings.se\/#website","url":"https:\/\/promsandweddings.se\/","name":"Proms and Weddings","description":"Find din dr\u00f8mmekjole","publisher":{"@id":"https:\/\/promsandweddings.se\/#organization"},"alternateName":"Proms & Weddings","potentialAction":[{"@type":"SearchAction","target":{"@type":"EntryPoint","urlTemplate":"https:\/\/promsandweddings.se\/?s={search_term_string}"},"query-input":{"@type":"PropertyValueSpecification","valueRequired":true,"valueName":"search_term_string"}}],"inLanguage":"da-DK"},{"@type":"Organization","@id":"https:\/\/promsandweddings.se\/#organization","name":"Proms &amp; Weddings","url":"https:\/\/promsandweddings.se\/","logo":{"@type":"ImageObject","inLanguage":"da-DK","@id":"https:\/\/promsandweddings.se\/#\/schema\/logo\/image\/","url":"https:\/\/promsandweddings.se\/wp-content\/uploads\/2026\/03\/pwlogosv-2-2.webp","contentUrl":"https:\/\/promsandweddings.se\/wp-content\/uploads\/2026\/03\/pwlogosv-2-2.webp","width":556,"height":152,"caption":"Proms & Weddings"},"image":{"@id":"https:\/\/promsandweddings.se\/#\/schema\/logo\/image\/"},"sameAs":["https:\/\/www.facebook.com\/promsandweddings","https:\/\/x.com\/PromsWeddings","https:\/\/www.instagram.com\/promsandweddings\/","https:\/\/www.youtube.com\/@promsandweddings\/shorts","https:\/\/www.tiktok.com\/@promsandweddings","https:\/\/se.pinterest.com\/promsandwedding"]}]}},"jetpack_sharing_enabled":true,"brands":[],"_links":{"self":[{"href":"https:\/\/promsandweddings.se\/dk\/wp-json\/wp\/v2\/product\/28312","targetHints":{"allow":["GET"]}}],"collection":[{"href":"https:\/\/promsandweddings.se\/dk\/wp-json\/wp\/v2\/product"}],"about":[{"href":"https:\/\/promsandweddings.se\/dk\/wp-json\/wp\/v2\/types\/product"}],"wp:featuredmedia":[{"embeddable":true,"href":"https:\/\/promsandweddings.se\/dk\/wp-json\/wp\/v2\/media\/28420"}],"wp:attachment":[{"href":"https:\/\/promsandweddings.se\/dk\/wp-json\/wp\/v2\/media?parent=28312"}],"wp:term":[{"taxonomy":"pwb-brand","embeddable":true,"href":"https:\/\/promsandweddings.se\/dk\/wp-json\/wp\/v2\/pwb-brand?post=28312"},{"taxonomy":"product_brand","embeddable":true,"href":"https:\/\/promsandweddings.se\/dk\/wp-json\/wp\/v2\/product_brand?post=28312"},{"taxonomy":"product_cat","embeddable":true,"href":"https:\/\/promsandweddings.se\/dk\/wp-json\/wp\/v2\/product_cat?post=28312"},{"taxonomy":"product_tag","embeddable":true,"href":"https:\/\/promsandweddings.se\/dk\/wp-json\/wp\/v2\/product_tag?post=28312"}],"curies":[{"name":"wp","href":"https:\/\/api.w.org\/{rel}","templated":true}]}}