{"id":28347,"date":"2026-03-15T23:36:52","date_gmt":"2026-03-15T22:36:52","guid":{"rendered":"https:\/\/promsandweddings.se\/?post_type=product&#038;p=28347"},"modified":"2026-03-15T23:42:17","modified_gmt":"2026-03-15T22:42:17","slug":"maggie-sottero-derrick-brollopsklanning","status":"publish","type":"product","link":"https:\/\/promsandweddings.se\/dk\/produkt\/maggie-sottero-derrick-brollopsklanning\/","title":{"rendered":"Maggie Sottero Derrick bryllupskjole"},"content":{"rendered":"<p data-start=\"247\" data-end=\"515\">Leder du efter en kjole, der kombinerer klassisk silhuet med moderne elegance? <strong data-start=\"327\" data-end=\"358\">Derrick fra Maggie Sottero<\/strong> er den perfekte balance mellem tidl\u00f8s glamour og nutidigt design. Denne bryllupskjole har en stilren \u00e6stetik, der lader dig skinne i hvert skridt.<\/p>\n<p data-start=\"517\" data-end=\"832\">Kjolen har en stilfull sweetheart-halslinie med dyb illusion-V, hvilket skaber et sofistikeret men sensuelt indtryk. Den korset-inspirerede overdel former taljens smukt og giver st\u00f8tte uden at f\u00f8les tung. Axelb\u00e5ndl\u00f8s design fremh\u00e6ver skuldrer og n\u00f8gleben, hvilket g\u00f8r kjolen b\u00e5de romantisk og forf\u00f8rerisk.<\/p>\n<p data-start=\"834\" data-end=\"1184\">Den vide nederdel i mikado giver en magnifik ballsilhuet med dramatik og volumen. Takket v\u00e6re stoffets struktur falder nederdelen blidt men stabilt, hvilket giver et eksklusivt flow i bev\u00e6gelsen. Samtidigt f\u00f8les kjolen komfortabel at b\u00e6re, selv i mange timer. En diskret lomme i nederdelen tilf\u00f8jer b\u00e5de funktion og karakter \u2013 perfekt til dagens sm\u00e5 forn\u00f8denheder.<\/p>\n<p data-start=\"1186\" data-end=\"1446\"><strong data-start=\"1186\" data-end=\"1197\">Derrick<\/strong> er en kjole, der passer mange typer af bryllup \u2013 fra storsl\u00e5ede slotsmilj\u00f8er til elegante stadsceremoni. Den fungerer lige s\u00e5 godt for den minimalistiske brud som for dig, der \u00f8nsker at tilf\u00f8je egne accessories for at skabe et personligt udtryk.<\/p>\n<p data-start=\"1448\" data-end=\"1703\">S\u00f8ger du en <strong data-start=\"1460\" data-end=\"1525\">klassisk bryllupskjole med volumen og sweetheart-halslinie<\/strong>, er Derrick et stilrent og mindev\u00e6rdigt valg. Kjolen legemligg\u00f8r b\u00e5de enkelhed og styrke \u2013 og er designet til at lade dig v\u00e6re dit mest selvbevidste jeg, n\u00e5r du siger ja.<\/p>","protected":false},"excerpt":{"rendered":"<p class=\"ng-binding\"><span style=\"font-size: 16px;\"><strong data-start=\"0\" data-end=\"11\">Derrick<\/strong>\u00a0er en brudekjole fra\u00a0<strong data-start=\"40\" data-end=\"81\" data-is-only-node=\"\"><span class=\"hover:entity-accent entity-underline inline cursor-pointer align-baseline\"><span class=\"whitespace-normal\">Maggie Sottero<\/span><\/span><\/strong>.<br data-start=\"82\" data-end=\"85\" \/>En modern och kraftfull br\u00f6llopskl\u00e4nning med markerad silhuett, rena linjer och sofistikerade detaljer som ger ett sj\u00e4lvs\u00e4kert och stilrent uttryck. Derrick passar bruden som vill ha tydlig design och tidl\u00f6s elegans med karakt\u00e4r.<br data-start=\"306\" data-end=\"309\" \/><br data-start=\"391\" data-end=\"394\" \/><em data-start=\"394\" data-end=\"451\">(Kontakt os for sp\u00f8rgsm\u00e5l vedr\u00f8rende priser, booking osv.)<\/em><\/span><\/p>\n<p>&nbsp;<\/p>","protected":false},"featured_media":28474,"template":"","meta":[],"pwb-brand":[],"product_brand":[],"product_cat":[16,39,40,17],"product_tag":[25,22,41],"class_list":{"0":"post-28347","1":"product","2":"type-product","3":"status-publish","4":"has-post-thumbnail","6":"product_cat-klanningar","7":"product_cat-maggie-sottero","8":"product_cat-maggie-sottero-2019","9":"product_cat-brudklanningar","10":"product_tag-brollopsklanning","11":"product_tag-brudklanning","12":"product_tag-maggie-sottero","14":"first","15":"instock","16":"shipping-taxable","17":"product-type-simple"},"yoast_head":"<!-- This site is optimized with the Yoast SEO plugin v27.4 - https:\/\/yoast.com\/product\/yoast-seo-wordpress\/ -->\n<title>Klassisk br\u00f6llopskl\u00e4nning med volym \u2013 Derrick fr\u00e5n Maggie Sottero<\/title>\n<meta name=\"description\" content=\"Elegant br\u00f6llopskl\u00e4nning i mikado med sweetheart-urringning och vid kjol. Derrick fr\u00e5n Maggie Sottero \u00e4r b\u00e5de tidl\u00f6s och modern.\" \/>\n<meta name=\"robots\" content=\"index, follow, max-snippet:-1, max-image-preview:large, max-video-preview:-1\" \/>\n<link rel=\"canonical\" href=\"https:\/\/promsandweddings.se\/dk\/vare\/maggie-sottero-derrick-brollopsklanning\/\" \/>\n<meta property=\"og:locale\" content=\"da_DK\" \/>\n<meta property=\"og:type\" content=\"article\" \/>\n<meta property=\"og:title\" content=\"Klassisk br\u00f6llopskl\u00e4nning med volym \u2013 Derrick fr\u00e5n Maggie Sottero\" \/>\n<meta property=\"og:description\" content=\"Elegant br\u00f6llopskl\u00e4nning i mikado med sweetheart-urringning och vid kjol. Derrick fr\u00e5n Maggie Sottero \u00e4r b\u00e5de tidl\u00f6s och modern.\" \/>\n<meta property=\"og:url\" content=\"https:\/\/promsandweddings.se\/dk\/vare\/maggie-sottero-derrick-brollopsklanning\/\" \/>\n<meta property=\"og:site_name\" content=\"Proms and Weddings\" \/>\n<meta property=\"article:publisher\" content=\"https:\/\/www.facebook.com\/promsandweddings\" \/>\n<meta property=\"article:modified_time\" content=\"2026-03-15T22:42:17+00:00\" \/>\n<meta property=\"og:image\" content=\"https:\/\/promsandweddings.se\/wp-content\/uploads\/2026\/03\/Maggie-Sottero-Derrick-Ball-Gown-Wedding-Dress-23MS731A01-PROMO1-IV.jpg\" \/>\n\t<meta property=\"og:image:width\" content=\"1440\" \/>\n\t<meta property=\"og:image:height\" content=\"1920\" \/>\n\t<meta property=\"og:image:type\" content=\"image\/jpeg\" \/>\n<meta name=\"twitter:card\" content=\"summary_large_image\" \/>\n<meta name=\"twitter:site\" content=\"@PromsWeddings\" \/>\n<meta name=\"twitter:label1\" content=\"Estimeret l\u00e6setid\" \/>\n\t<meta name=\"twitter:data1\" content=\"1 minut\" \/>\n<script type=\"application\/ld+json\" class=\"yoast-schema-graph\">{\"@context\":\"https:\\\/\\\/schema.org\",\"@graph\":[{\"@type\":\"WebPage\",\"@id\":\"https:\\\/\\\/promsandweddings.se\\\/produkt\\\/maggie-sottero-derrick-brollopsklanning\\\/\",\"url\":\"https:\\\/\\\/promsandweddings.se\\\/produkt\\\/maggie-sottero-derrick-brollopsklanning\\\/\",\"name\":\"Klassisk br\u00f6llopskl\u00e4nning med volym \u2013 Derrick fr\u00e5n Maggie Sottero\",\"isPartOf\":{\"@id\":\"https:\\\/\\\/promsandweddings.se\\\/#website\"},\"primaryImageOfPage\":{\"@id\":\"https:\\\/\\\/promsandweddings.se\\\/produkt\\\/maggie-sottero-derrick-brollopsklanning\\\/#primaryimage\"},\"image\":{\"@id\":\"https:\\\/\\\/promsandweddings.se\\\/produkt\\\/maggie-sottero-derrick-brollopsklanning\\\/#primaryimage\"},\"thumbnailUrl\":\"https:\\\/\\\/promsandweddings.se\\\/wp-content\\\/uploads\\\/2026\\\/03\\\/Maggie-Sottero-Derrick-Ball-Gown-Wedding-Dress-23MS731A01-PROMO1-IV.jpg\",\"datePublished\":\"2026-03-15T22:36:52+00:00\",\"dateModified\":\"2026-03-15T22:42:17+00:00\",\"description\":\"Elegant br\u00f6llopskl\u00e4nning i mikado med sweetheart-urringning och vid kjol. Derrick fr\u00e5n Maggie Sottero \u00e4r b\u00e5de tidl\u00f6s och modern.\",\"breadcrumb\":{\"@id\":\"https:\\\/\\\/promsandweddings.se\\\/produkt\\\/maggie-sottero-derrick-brollopsklanning\\\/#breadcrumb\"},\"inLanguage\":\"da-DK\",\"potentialAction\":[{\"@type\":\"ReadAction\",\"target\":[\"https:\\\/\\\/promsandweddings.se\\\/produkt\\\/maggie-sottero-derrick-brollopsklanning\\\/\"]}]},{\"@type\":\"ImageObject\",\"inLanguage\":\"da-DK\",\"@id\":\"https:\\\/\\\/promsandweddings.se\\\/produkt\\\/maggie-sottero-derrick-brollopsklanning\\\/#primaryimage\",\"url\":\"https:\\\/\\\/promsandweddings.se\\\/wp-content\\\/uploads\\\/2026\\\/03\\\/Maggie-Sottero-Derrick-Ball-Gown-Wedding-Dress-23MS731A01-PROMO1-IV.jpg\",\"contentUrl\":\"https:\\\/\\\/promsandweddings.se\\\/wp-content\\\/uploads\\\/2026\\\/03\\\/Maggie-Sottero-Derrick-Ball-Gown-Wedding-Dress-23MS731A01-PROMO1-IV.jpg\",\"width\":1440,\"height\":1920},{\"@type\":\"BreadcrumbList\",\"@id\":\"https:\\\/\\\/promsandweddings.se\\\/produkt\\\/maggie-sottero-derrick-brollopsklanning\\\/#breadcrumb\",\"itemListElement\":[{\"@type\":\"ListItem\",\"position\":1,\"name\":\"Home\",\"item\":\"https:\\\/\\\/promsandweddings.se\\\/\"},{\"@type\":\"ListItem\",\"position\":2,\"name\":\"Webshop\",\"item\":\"https:\\\/\\\/promsandweddings.se\\\/webshop\\\/\"},{\"@type\":\"ListItem\",\"position\":3,\"name\":\"Maggie Sottero Derrick br\u00f6llopskl\u00e4nning\"}]},{\"@type\":\"WebSite\",\"@id\":\"https:\\\/\\\/promsandweddings.se\\\/#website\",\"url\":\"https:\\\/\\\/promsandweddings.se\\\/\",\"name\":\"Proms and Weddings\",\"description\":\"Hitta din dr\u00f6mkl\u00e4nning\",\"publisher\":{\"@id\":\"https:\\\/\\\/promsandweddings.se\\\/#organization\"},\"alternateName\":\"Proms & Weddings\",\"potentialAction\":[{\"@type\":\"SearchAction\",\"target\":{\"@type\":\"EntryPoint\",\"urlTemplate\":\"https:\\\/\\\/promsandweddings.se\\\/?s={search_term_string}\"},\"query-input\":{\"@type\":\"PropertyValueSpecification\",\"valueRequired\":true,\"valueName\":\"search_term_string\"}}],\"inLanguage\":\"da-DK\"},{\"@type\":\"Organization\",\"@id\":\"https:\\\/\\\/promsandweddings.se\\\/#organization\",\"name\":\"Proms & Weddings\",\"url\":\"https:\\\/\\\/promsandweddings.se\\\/\",\"logo\":{\"@type\":\"ImageObject\",\"inLanguage\":\"da-DK\",\"@id\":\"https:\\\/\\\/promsandweddings.se\\\/#\\\/schema\\\/logo\\\/image\\\/\",\"url\":\"https:\\\/\\\/promsandweddings.se\\\/wp-content\\\/uploads\\\/2026\\\/03\\\/pwlogosv-2-2.webp\",\"contentUrl\":\"https:\\\/\\\/promsandweddings.se\\\/wp-content\\\/uploads\\\/2026\\\/03\\\/pwlogosv-2-2.webp\",\"width\":556,\"height\":152,\"caption\":\"Proms & Weddings\"},\"image\":{\"@id\":\"https:\\\/\\\/promsandweddings.se\\\/#\\\/schema\\\/logo\\\/image\\\/\"},\"sameAs\":[\"https:\\\/\\\/www.facebook.com\\\/promsandweddings\",\"https:\\\/\\\/x.com\\\/PromsWeddings\",\"https:\\\/\\\/www.instagram.com\\\/promsandweddings\\\/\",\"https:\\\/\\\/www.youtube.com\\\/@promsandweddings\\\/shorts\",\"https:\\\/\\\/www.tiktok.com\\\/@promsandweddings\",\"https:\\\/\\\/se.pinterest.com\\\/promsandwedding\"]}]}<\/script>\n<!-- \/ Yoast SEO plugin. -->","yoast_head_json":{"title":"Klassisk bryllupskjole med volumen \u2013 Derrick fra Maggie Sottero","description":"Elegant bryllupskjole i mikado med sweetheart-halslinie og vid nederdel. Derrick fra Maggie Sottero er b\u00e5de tidl\u00f8s og moderne.","robots":{"index":"index","follow":"follow","max-snippet":"max-snippet:-1","max-image-preview":"max-image-preview:large","max-video-preview":"max-video-preview:-1"},"canonical":"https:\/\/promsandweddings.se\/dk\/vare\/maggie-sottero-derrick-brollopsklanning\/","og_locale":"da_DK","og_type":"article","og_title":"Klassisk br\u00f6llopskl\u00e4nning med volym \u2013 Derrick fr\u00e5n Maggie Sottero","og_description":"Elegant br\u00f6llopskl\u00e4nning i mikado med sweetheart-urringning och vid kjol. Derrick fr\u00e5n Maggie Sottero \u00e4r b\u00e5de tidl\u00f6s och modern.","og_url":"https:\/\/promsandweddings.se\/dk\/vare\/maggie-sottero-derrick-brollopsklanning\/","og_site_name":"Proms and Weddings","article_publisher":"https:\/\/www.facebook.com\/promsandweddings","article_modified_time":"2026-03-15T22:42:17+00:00","og_image":[{"width":1440,"height":1920,"url":"https:\/\/promsandweddings.se\/wp-content\/uploads\/2026\/03\/Maggie-Sottero-Derrick-Ball-Gown-Wedding-Dress-23MS731A01-PROMO1-IV.jpg","type":"image\/jpeg"}],"twitter_card":"summary_large_image","twitter_site":"@PromsWeddings","twitter_misc":{"Estimeret l\u00e6setid":"1 minut"},"schema":{"@context":"https:\/\/schema.org","@graph":[{"@type":"WebPage","@id":"https:\/\/promsandweddings.se\/produkt\/maggie-sottero-derrick-brollopsklanning\/","url":"https:\/\/promsandweddings.se\/produkt\/maggie-sottero-derrick-brollopsklanning\/","name":"Klassisk bryllupskjole med volumen \u2013 Derrick fra Maggie Sottero","isPartOf":{"@id":"https:\/\/promsandweddings.se\/#website"},"primaryImageOfPage":{"@id":"https:\/\/promsandweddings.se\/produkt\/maggie-sottero-derrick-brollopsklanning\/#primaryimage"},"image":{"@id":"https:\/\/promsandweddings.se\/produkt\/maggie-sottero-derrick-brollopsklanning\/#primaryimage"},"thumbnailUrl":"https:\/\/promsandweddings.se\/wp-content\/uploads\/2026\/03\/Maggie-Sottero-Derrick-Ball-Gown-Wedding-Dress-23MS731A01-PROMO1-IV.jpg","datePublished":"2026-03-15T22:36:52+00:00","dateModified":"2026-03-15T22:42:17+00:00","description":"Elegant bryllupskjole i mikado med sweetheart-halslinie og vid nederdel. Derrick fra Maggie Sottero er b\u00e5de tidl\u00f8s og moderne.","breadcrumb":{"@id":"https:\/\/promsandweddings.se\/produkt\/maggie-sottero-derrick-brollopsklanning\/#breadcrumb"},"inLanguage":"da-DK","potentialAction":[{"@type":"ReadAction","target":["https:\/\/promsandweddings.se\/produkt\/maggie-sottero-derrick-brollopsklanning\/"]}]},{"@type":"ImageObject","inLanguage":"da-DK","@id":"https:\/\/promsandweddings.se\/produkt\/maggie-sottero-derrick-brollopsklanning\/#primaryimage","url":"https:\/\/promsandweddings.se\/wp-content\/uploads\/2026\/03\/Maggie-Sottero-Derrick-Ball-Gown-Wedding-Dress-23MS731A01-PROMO1-IV.jpg","contentUrl":"https:\/\/promsandweddings.se\/wp-content\/uploads\/2026\/03\/Maggie-Sottero-Derrick-Ball-Gown-Wedding-Dress-23MS731A01-PROMO1-IV.jpg","width":1440,"height":1920},{"@type":"BreadcrumbList","@id":"https:\/\/promsandweddings.se\/produkt\/maggie-sottero-derrick-brollopsklanning\/#breadcrumb","itemListElement":[{"@type":"ListItem","position":1,"name":"Home","item":"https:\/\/promsandweddings.se\/"},{"@type":"ListItem","position":2,"name":"Webshop","item":"https:\/\/promsandweddings.se\/webshop\/"},{"@type":"ListItem","position":3,"name":"Maggie Sottero Derrick br\u00f6llopskl\u00e4nning"}]},{"@type":"WebSite","@id":"https:\/\/promsandweddings.se\/#website","url":"https:\/\/promsandweddings.se\/","name":"Proms and Weddings","description":"Find din dr\u00f8mmekjole","publisher":{"@id":"https:\/\/promsandweddings.se\/#organization"},"alternateName":"Proms & Weddings","potentialAction":[{"@type":"SearchAction","target":{"@type":"EntryPoint","urlTemplate":"https:\/\/promsandweddings.se\/?s={search_term_string}"},"query-input":{"@type":"PropertyValueSpecification","valueRequired":true,"valueName":"search_term_string"}}],"inLanguage":"da-DK"},{"@type":"Organization","@id":"https:\/\/promsandweddings.se\/#organization","name":"Proms &amp; Weddings","url":"https:\/\/promsandweddings.se\/","logo":{"@type":"ImageObject","inLanguage":"da-DK","@id":"https:\/\/promsandweddings.se\/#\/schema\/logo\/image\/","url":"https:\/\/promsandweddings.se\/wp-content\/uploads\/2026\/03\/pwlogosv-2-2.webp","contentUrl":"https:\/\/promsandweddings.se\/wp-content\/uploads\/2026\/03\/pwlogosv-2-2.webp","width":556,"height":152,"caption":"Proms & Weddings"},"image":{"@id":"https:\/\/promsandweddings.se\/#\/schema\/logo\/image\/"},"sameAs":["https:\/\/www.facebook.com\/promsandweddings","https:\/\/x.com\/PromsWeddings","https:\/\/www.instagram.com\/promsandweddings\/","https:\/\/www.youtube.com\/@promsandweddings\/shorts","https:\/\/www.tiktok.com\/@promsandweddings","https:\/\/se.pinterest.com\/promsandwedding"]}]}},"jetpack_sharing_enabled":true,"brands":[],"_links":{"self":[{"href":"https:\/\/promsandweddings.se\/dk\/wp-json\/wp\/v2\/product\/28347","targetHints":{"allow":["GET"]}}],"collection":[{"href":"https:\/\/promsandweddings.se\/dk\/wp-json\/wp\/v2\/product"}],"about":[{"href":"https:\/\/promsandweddings.se\/dk\/wp-json\/wp\/v2\/types\/product"}],"wp:featuredmedia":[{"embeddable":true,"href":"https:\/\/promsandweddings.se\/dk\/wp-json\/wp\/v2\/media\/28474"}],"wp:attachment":[{"href":"https:\/\/promsandweddings.se\/dk\/wp-json\/wp\/v2\/media?parent=28347"}],"wp:term":[{"taxonomy":"pwb-brand","embeddable":true,"href":"https:\/\/promsandweddings.se\/dk\/wp-json\/wp\/v2\/pwb-brand?post=28347"},{"taxonomy":"product_brand","embeddable":true,"href":"https:\/\/promsandweddings.se\/dk\/wp-json\/wp\/v2\/product_brand?post=28347"},{"taxonomy":"product_cat","embeddable":true,"href":"https:\/\/promsandweddings.se\/dk\/wp-json\/wp\/v2\/product_cat?post=28347"},{"taxonomy":"product_tag","embeddable":true,"href":"https:\/\/promsandweddings.se\/dk\/wp-json\/wp\/v2\/product_tag?post=28347"}],"curies":[{"name":"wp","href":"https:\/\/api.w.org\/{rel}","templated":true}]}}