{"id":28348,"date":"2026-03-15T23:36:52","date_gmt":"2026-03-15T22:36:52","guid":{"rendered":"https:\/\/promsandweddings.se\/?post_type=product&#038;p=28348"},"modified":"2026-03-15T23:42:35","modified_gmt":"2026-03-15T22:42:35","slug":"brollopsklanning-fs2629-fran-vladiyan","status":"publish","type":"product","link":"https:\/\/promsandweddings.se\/dk\/produkt\/brollopsklanning-fs2629-fran-vladiyan\/","title":{"rendered":"Bryllupskjole FS2629 fra Vladiyan"},"content":{"rendered":"<p>Dr\u00f8mmer du om en kl\u00e6nning, der udstr\u00e5ler elegance, romantik og kongelig pragt? S\u00e5 er FS2629 fra Vladiyan det perfekte valg for dig. Allerede fra f\u00f8rste \u00f8jeblik imponerer denne kl\u00e6nning med sin fantastiske prinsesssilhuet og luksuri\u00f8se design. Derudover skaber det volumin\u00f8se sk\u00f8rt i flere lag tyl et majest\u00e6tisk indtryk, som passer perfekt til en storsl\u00e5et entr\u00e9.<\/p>\n<p>For at styrke det romantiske udtryk har lijfet smukke blondeapplikationer, en hjertedannet udsk\u00e6ring og lange \u00e6rmer i illusionsstof. Videre giver den skulpturerede midje en smiskrende pasform, der fremh\u00e6ver din figur p\u00e5 en elegant m\u00e5de. Udover dette tilf\u00f8jer de glitrende detaljer en subtil glans, der fanger lyset p\u00e5 en magisk m\u00e5de.<\/p>\n<p>N\u00e5r du vender dig om, afsl\u00f8res et smukt sl\u00e6b, der f\u00f8lger dig med lethed og dramatik. Ikke det hele \u2013 kl\u00e6nningen er ogs\u00e5 designet med praktiske detaljer som en skjult lynl\u00e5s og indbygget support for optimal komfort hele dagen. Uanset om du planl\u00e6gger en kirkebryIlup, et slot eller et modernt lokale, passer denne kl\u00e6nning perfekt ind i omgivelserne.<\/p>\n<p>Derfor er FS2629 ikke kun en smuk brudebryllupskl\u00e6nning, men ogs\u00e5 en gennemt\u00e6nkt og funktionel kreation, der g\u00f8r, at du kan f\u00f8le dig b\u00e5de komfortabel og fantastisk. Med andre ord er det en kl\u00e6nning, der kombinerer tradition, innovation og luksus \u2013 noget, hver brud fortjener p\u00e5 sin store dag.<\/p>","protected":false},"excerpt":{"rendered":"<div class=\"flex flex-col text-sm pb-25\">\n<article class=\"text-token-text-primary w-full focus:outline-none [--shadow-height:45px] has-data-writing-block:pointer-events-none has-data-writing-block:-mt-(--shadow-height) has-data-writing-block:pt-(--shadow-height) [&amp;:has([data-writing-block])&gt;*]:pointer-events-auto scroll-mt-[calc(var(--header-height)+min(200px,max(70px,20svh)))]\" dir=\"auto\" tabindex=\"-1\" data-turn-id=\"2ce20476-0d62-493d-835d-4057e00e16fa\" data-testid=\"conversation-turn-442\" data-scroll-anchor=\"true\" data-turn=\"assistant\">\n<div class=\"text-base my-auto mx-auto pb-10 [--thread-content-margin:--spacing(4)] @w-sm\/main:[--thread-content-margin:--spacing(6)] @w-lg\/main:[--thread-content-margin:--spacing(16)] px-(--thread-content-margin)\">\n<div class=\"[--thread-content-max-width:40rem] @w-lg\/main:[--thread-content-max-width:48rem] mx-auto max-w-(--thread-content-max-width) flex-1 group\/turn-messages focus-visible:outline-hidden relative flex w-full min-w-0 flex-col agent-turn\" tabindex=\"-1\">\n<div class=\"flex max-w-full flex-col grow\">\n<div class=\"min-h-8 text-message relative flex w-full flex-col items-end gap-2 text-start break-words whitespace-normal [.text-message+&amp;]:mt-1\" dir=\"auto\" data-message-author-role=\"assistant\" data-message-id=\"ae3c219a-c3ad-473c-b5d9-4616aa3da943\" data-message-model-slug=\"gpt-5-2\">\n<div class=\"flex w-full flex-col gap-1 empty:hidden first:pt-[1px]\">\n<div class=\"markdown prose dark:prose-invert w-full wrap-break-word light markdown-new-styling\">\n<p data-start=\"0\" data-end=\"485\"><strong data-start=\"0\" data-end=\"11\">FSS2629<\/strong>\u00a0\u00e4r en br\u00f6llopskl\u00e4nning ur kollektionen\u00a0<em data-start=\"51\" data-end=\"65\" data-is-only-node=\"\">First Spring<\/em>\u00a0fr\u00e5n\u00a0<strong data-start=\"71\" data-end=\"112\"><span class=\"hover:entity-accent entity-underline inline cursor-pointer align-baseline\"><span class=\"whitespace-normal\">Vladiyan<\/span><\/span><\/strong>.<br data-start=\"113\" data-end=\"116\" \/>En luftig och romantisk br\u00f6llopskl\u00e4nning med mjuk silhuett och v\u00e5rinspirerade detaljer som skapar ett fr\u00e4scht, l\u00e4tt och feminint uttryck. FSS2629 k\u00e4nns naturlig och elegant \u2013 perfekt f\u00f6r bruden som vill ha en mjuk och dr\u00f6msk k\u00e4nsla.<br data-start=\"340\" data-end=\"343\" \/><br data-start=\"425\" data-end=\"428\" \/><em data-start=\"428\" data-end=\"485\">(Kontakta oss f\u00f6r fr\u00e5gor ang\u00e5ende priser, bokning etc.)<\/em><\/p>\n<\/div>\n<\/div>\n<\/div>\n<\/div>\n<div class=\"z-0 flex min-h-[46px] justify-start\"><\/div>\n<div class=\"mt-3 w-full empty:hidden\">\n<div class=\"text-center\"><\/div>\n<\/div>\n<\/div>\n<\/div>\n<\/article>\n<\/div>\n","protected":false},"featured_media":28479,"template":"","meta":[],"pwb-brand":[],"product_brand":[],"product_cat":[17,329],"product_tag":[],"class_list":{"0":"post-28348","1":"product","2":"type-product","3":"status-publish","4":"has-post-thumbnail","6":"product_cat-brudklanningar","7":"product_cat-vladiyan","9":"first","10":"instock","11":"shipping-taxable","12":"product-type-simple"},"yoast_head":"<!-- This site is optimized with the Yoast SEO plugin v27.4 - https:\/\/yoast.com\/product\/yoast-seo-wordpress\/ -->\n<title>Prinsessbrudkl\u00e4nning FS2629 fr\u00e5n Vladiyan \u2013 Lyx och elegans<\/title>\n<meta name=\"description\" content=\"FS2629 fr\u00e5n Vladiyan \u2013 en lyxig prinsessbrudkl\u00e4nning med spets, l\u00e5ng \u00e4rm och majest\u00e4tisk kjol f\u00f6r bruden som vill gl\u00e4nsa p\u00e5 sin stora dag.\" \/>\n<meta name=\"robots\" content=\"index, follow, max-snippet:-1, max-image-preview:large, max-video-preview:-1\" \/>\n<link rel=\"canonical\" href=\"https:\/\/promsandweddings.se\/dk\/vare\/brollopsklanning-fs2629-fran-vladiyan\/\" \/>\n<meta property=\"og:locale\" content=\"da_DK\" \/>\n<meta property=\"og:type\" content=\"article\" \/>\n<meta property=\"og:title\" content=\"Prinsessbrudkl\u00e4nning FS2629 fr\u00e5n Vladiyan \u2013 Lyx och elegans\" \/>\n<meta property=\"og:description\" content=\"FS2629 fr\u00e5n Vladiyan \u2013 en lyxig prinsessbrudkl\u00e4nning med spets, l\u00e5ng \u00e4rm och majest\u00e4tisk kjol f\u00f6r bruden som vill gl\u00e4nsa p\u00e5 sin stora dag.\" \/>\n<meta property=\"og:url\" content=\"https:\/\/promsandweddings.se\/dk\/vare\/brollopsklanning-fs2629-fran-vladiyan\/\" \/>\n<meta property=\"og:site_name\" content=\"Proms and Weddings\" \/>\n<meta property=\"article:publisher\" content=\"https:\/\/www.facebook.com\/promsandweddings\" \/>\n<meta property=\"article:modified_time\" content=\"2026-03-15T22:42:35+00:00\" \/>\n<meta property=\"og:image\" content=\"https:\/\/promsandweddings.se\/wp-content\/uploads\/2026\/03\/FS-2629-1-scaled-1.jpg\" \/>\n\t<meta property=\"og:image:width\" content=\"1707\" \/>\n\t<meta property=\"og:image:height\" content=\"2560\" \/>\n\t<meta property=\"og:image:type\" content=\"image\/jpeg\" \/>\n<meta name=\"twitter:card\" content=\"summary_large_image\" \/>\n<meta name=\"twitter:site\" content=\"@PromsWeddings\" \/>\n<meta name=\"twitter:label1\" content=\"Estimeret l\u00e6setid\" \/>\n\t<meta name=\"twitter:data1\" content=\"1 minut\" \/>\n<script type=\"application\/ld+json\" class=\"yoast-schema-graph\">{\"@context\":\"https:\\\/\\\/schema.org\",\"@graph\":[{\"@type\":\"WebPage\",\"@id\":\"https:\\\/\\\/promsandweddings.se\\\/produkt\\\/brollopsklanning-fs2629-fran-vladiyan\\\/\",\"url\":\"https:\\\/\\\/promsandweddings.se\\\/produkt\\\/brollopsklanning-fs2629-fran-vladiyan\\\/\",\"name\":\"Prinsessbrudkl\u00e4nning FS2629 fr\u00e5n Vladiyan \u2013 Lyx och elegans\",\"isPartOf\":{\"@id\":\"https:\\\/\\\/promsandweddings.se\\\/#website\"},\"primaryImageOfPage\":{\"@id\":\"https:\\\/\\\/promsandweddings.se\\\/produkt\\\/brollopsklanning-fs2629-fran-vladiyan\\\/#primaryimage\"},\"image\":{\"@id\":\"https:\\\/\\\/promsandweddings.se\\\/produkt\\\/brollopsklanning-fs2629-fran-vladiyan\\\/#primaryimage\"},\"thumbnailUrl\":\"https:\\\/\\\/promsandweddings.se\\\/wp-content\\\/uploads\\\/2026\\\/03\\\/FS-2629-1-scaled-1.jpg\",\"datePublished\":\"2026-03-15T22:36:52+00:00\",\"dateModified\":\"2026-03-15T22:42:35+00:00\",\"description\":\"FS2629 fr\u00e5n Vladiyan \u2013 en lyxig prinsessbrudkl\u00e4nning med spets, l\u00e5ng \u00e4rm och majest\u00e4tisk kjol f\u00f6r bruden som vill gl\u00e4nsa p\u00e5 sin stora dag.\",\"breadcrumb\":{\"@id\":\"https:\\\/\\\/promsandweddings.se\\\/produkt\\\/brollopsklanning-fs2629-fran-vladiyan\\\/#breadcrumb\"},\"inLanguage\":\"da-DK\",\"potentialAction\":[{\"@type\":\"ReadAction\",\"target\":[\"https:\\\/\\\/promsandweddings.se\\\/produkt\\\/brollopsklanning-fs2629-fran-vladiyan\\\/\"]}]},{\"@type\":\"ImageObject\",\"inLanguage\":\"da-DK\",\"@id\":\"https:\\\/\\\/promsandweddings.se\\\/produkt\\\/brollopsklanning-fs2629-fran-vladiyan\\\/#primaryimage\",\"url\":\"https:\\\/\\\/promsandweddings.se\\\/wp-content\\\/uploads\\\/2026\\\/03\\\/FS-2629-1-scaled-1.jpg\",\"contentUrl\":\"https:\\\/\\\/promsandweddings.se\\\/wp-content\\\/uploads\\\/2026\\\/03\\\/FS-2629-1-scaled-1.jpg\",\"width\":1707,\"height\":2560},{\"@type\":\"BreadcrumbList\",\"@id\":\"https:\\\/\\\/promsandweddings.se\\\/produkt\\\/brollopsklanning-fs2629-fran-vladiyan\\\/#breadcrumb\",\"itemListElement\":[{\"@type\":\"ListItem\",\"position\":1,\"name\":\"Home\",\"item\":\"https:\\\/\\\/promsandweddings.se\\\/\"},{\"@type\":\"ListItem\",\"position\":2,\"name\":\"Webshop\",\"item\":\"https:\\\/\\\/promsandweddings.se\\\/webshop\\\/\"},{\"@type\":\"ListItem\",\"position\":3,\"name\":\"Br\u00f6llopskl\u00e4nning FS2629 fr\u00e5n Vladiyan\"}]},{\"@type\":\"WebSite\",\"@id\":\"https:\\\/\\\/promsandweddings.se\\\/#website\",\"url\":\"https:\\\/\\\/promsandweddings.se\\\/\",\"name\":\"Proms and Weddings\",\"description\":\"Hitta din dr\u00f6mkl\u00e4nning\",\"publisher\":{\"@id\":\"https:\\\/\\\/promsandweddings.se\\\/#organization\"},\"alternateName\":\"Proms & Weddings\",\"potentialAction\":[{\"@type\":\"SearchAction\",\"target\":{\"@type\":\"EntryPoint\",\"urlTemplate\":\"https:\\\/\\\/promsandweddings.se\\\/?s={search_term_string}\"},\"query-input\":{\"@type\":\"PropertyValueSpecification\",\"valueRequired\":true,\"valueName\":\"search_term_string\"}}],\"inLanguage\":\"da-DK\"},{\"@type\":\"Organization\",\"@id\":\"https:\\\/\\\/promsandweddings.se\\\/#organization\",\"name\":\"Proms & Weddings\",\"url\":\"https:\\\/\\\/promsandweddings.se\\\/\",\"logo\":{\"@type\":\"ImageObject\",\"inLanguage\":\"da-DK\",\"@id\":\"https:\\\/\\\/promsandweddings.se\\\/#\\\/schema\\\/logo\\\/image\\\/\",\"url\":\"https:\\\/\\\/promsandweddings.se\\\/wp-content\\\/uploads\\\/2026\\\/03\\\/pwlogosv-2-2.webp\",\"contentUrl\":\"https:\\\/\\\/promsandweddings.se\\\/wp-content\\\/uploads\\\/2026\\\/03\\\/pwlogosv-2-2.webp\",\"width\":556,\"height\":152,\"caption\":\"Proms & Weddings\"},\"image\":{\"@id\":\"https:\\\/\\\/promsandweddings.se\\\/#\\\/schema\\\/logo\\\/image\\\/\"},\"sameAs\":[\"https:\\\/\\\/www.facebook.com\\\/promsandweddings\",\"https:\\\/\\\/x.com\\\/PromsWeddings\",\"https:\\\/\\\/www.instagram.com\\\/promsandweddings\\\/\",\"https:\\\/\\\/www.youtube.com\\\/@promsandweddings\\\/shorts\",\"https:\\\/\\\/www.tiktok.com\\\/@promsandweddings\",\"https:\\\/\\\/se.pinterest.com\\\/promsandwedding\"]}]}<\/script>\n<!-- \/ Yoast SEO plugin. -->","yoast_head_json":{"title":"Prinsessebrudebryllupskl\u00e6nning FS2629 fra Vladiyan \u2013 luksus og elegance","description":"FS2629 fra Vladiyan \u2013 en luksuri\u00f8s prinsessebrudebryllupskl\u00e6nning med blonder, lang \u00e6rme og majest\u00e6tisk sk\u00f8rt for bruden, der \u00f8nsker at glitretp\u00e5 sin store dag.","robots":{"index":"index","follow":"follow","max-snippet":"max-snippet:-1","max-image-preview":"max-image-preview:large","max-video-preview":"max-video-preview:-1"},"canonical":"https:\/\/promsandweddings.se\/dk\/vare\/brollopsklanning-fs2629-fran-vladiyan\/","og_locale":"da_DK","og_type":"article","og_title":"Prinsessbrudkl\u00e4nning FS2629 fr\u00e5n Vladiyan \u2013 Lyx och elegans","og_description":"FS2629 fr\u00e5n Vladiyan \u2013 en lyxig prinsessbrudkl\u00e4nning med spets, l\u00e5ng \u00e4rm och majest\u00e4tisk kjol f\u00f6r bruden som vill gl\u00e4nsa p\u00e5 sin stora dag.","og_url":"https:\/\/promsandweddings.se\/dk\/vare\/brollopsklanning-fs2629-fran-vladiyan\/","og_site_name":"Proms and Weddings","article_publisher":"https:\/\/www.facebook.com\/promsandweddings","article_modified_time":"2026-03-15T22:42:35+00:00","og_image":[{"width":1707,"height":2560,"url":"https:\/\/promsandweddings.se\/wp-content\/uploads\/2026\/03\/FS-2629-1-scaled-1.jpg","type":"image\/jpeg"}],"twitter_card":"summary_large_image","twitter_site":"@PromsWeddings","twitter_misc":{"Estimeret l\u00e6setid":"1 minut"},"schema":{"@context":"https:\/\/schema.org","@graph":[{"@type":"WebPage","@id":"https:\/\/promsandweddings.se\/produkt\/brollopsklanning-fs2629-fran-vladiyan\/","url":"https:\/\/promsandweddings.se\/produkt\/brollopsklanning-fs2629-fran-vladiyan\/","name":"Prinsessebrudebryllupskl\u00e6nning FS2629 fra Vladiyan \u2013 luksus og elegance","isPartOf":{"@id":"https:\/\/promsandweddings.se\/#website"},"primaryImageOfPage":{"@id":"https:\/\/promsandweddings.se\/produkt\/brollopsklanning-fs2629-fran-vladiyan\/#primaryimage"},"image":{"@id":"https:\/\/promsandweddings.se\/produkt\/brollopsklanning-fs2629-fran-vladiyan\/#primaryimage"},"thumbnailUrl":"https:\/\/promsandweddings.se\/wp-content\/uploads\/2026\/03\/FS-2629-1-scaled-1.jpg","datePublished":"2026-03-15T22:36:52+00:00","dateModified":"2026-03-15T22:42:35+00:00","description":"FS2629 fra Vladiyan \u2013 en luksuri\u00f8s prinsessebrudebryllupskl\u00e6nning med blonder, lang \u00e6rme og majest\u00e6tisk sk\u00f8rt for bruden, der \u00f8nsker at glitretp\u00e5 sin store dag.","breadcrumb":{"@id":"https:\/\/promsandweddings.se\/produkt\/brollopsklanning-fs2629-fran-vladiyan\/#breadcrumb"},"inLanguage":"da-DK","potentialAction":[{"@type":"ReadAction","target":["https:\/\/promsandweddings.se\/produkt\/brollopsklanning-fs2629-fran-vladiyan\/"]}]},{"@type":"ImageObject","inLanguage":"da-DK","@id":"https:\/\/promsandweddings.se\/produkt\/brollopsklanning-fs2629-fran-vladiyan\/#primaryimage","url":"https:\/\/promsandweddings.se\/wp-content\/uploads\/2026\/03\/FS-2629-1-scaled-1.jpg","contentUrl":"https:\/\/promsandweddings.se\/wp-content\/uploads\/2026\/03\/FS-2629-1-scaled-1.jpg","width":1707,"height":2560},{"@type":"BreadcrumbList","@id":"https:\/\/promsandweddings.se\/produkt\/brollopsklanning-fs2629-fran-vladiyan\/#breadcrumb","itemListElement":[{"@type":"ListItem","position":1,"name":"Home","item":"https:\/\/promsandweddings.se\/"},{"@type":"ListItem","position":2,"name":"Webshop","item":"https:\/\/promsandweddings.se\/webshop\/"},{"@type":"ListItem","position":3,"name":"Br\u00f6llopskl\u00e4nning FS2629 fr\u00e5n Vladiyan"}]},{"@type":"WebSite","@id":"https:\/\/promsandweddings.se\/#website","url":"https:\/\/promsandweddings.se\/","name":"Proms and Weddings","description":"Find din dr\u00f8mmekjole","publisher":{"@id":"https:\/\/promsandweddings.se\/#organization"},"alternateName":"Proms & Weddings","potentialAction":[{"@type":"SearchAction","target":{"@type":"EntryPoint","urlTemplate":"https:\/\/promsandweddings.se\/?s={search_term_string}"},"query-input":{"@type":"PropertyValueSpecification","valueRequired":true,"valueName":"search_term_string"}}],"inLanguage":"da-DK"},{"@type":"Organization","@id":"https:\/\/promsandweddings.se\/#organization","name":"Proms &amp; Weddings","url":"https:\/\/promsandweddings.se\/","logo":{"@type":"ImageObject","inLanguage":"da-DK","@id":"https:\/\/promsandweddings.se\/#\/schema\/logo\/image\/","url":"https:\/\/promsandweddings.se\/wp-content\/uploads\/2026\/03\/pwlogosv-2-2.webp","contentUrl":"https:\/\/promsandweddings.se\/wp-content\/uploads\/2026\/03\/pwlogosv-2-2.webp","width":556,"height":152,"caption":"Proms & Weddings"},"image":{"@id":"https:\/\/promsandweddings.se\/#\/schema\/logo\/image\/"},"sameAs":["https:\/\/www.facebook.com\/promsandweddings","https:\/\/x.com\/PromsWeddings","https:\/\/www.instagram.com\/promsandweddings\/","https:\/\/www.youtube.com\/@promsandweddings\/shorts","https:\/\/www.tiktok.com\/@promsandweddings","https:\/\/se.pinterest.com\/promsandwedding"]}]}},"jetpack_sharing_enabled":true,"brands":[],"_links":{"self":[{"href":"https:\/\/promsandweddings.se\/dk\/wp-json\/wp\/v2\/product\/28348","targetHints":{"allow":["GET"]}}],"collection":[{"href":"https:\/\/promsandweddings.se\/dk\/wp-json\/wp\/v2\/product"}],"about":[{"href":"https:\/\/promsandweddings.se\/dk\/wp-json\/wp\/v2\/types\/product"}],"wp:featuredmedia":[{"embeddable":true,"href":"https:\/\/promsandweddings.se\/dk\/wp-json\/wp\/v2\/media\/28479"}],"wp:attachment":[{"href":"https:\/\/promsandweddings.se\/dk\/wp-json\/wp\/v2\/media?parent=28348"}],"wp:term":[{"taxonomy":"pwb-brand","embeddable":true,"href":"https:\/\/promsandweddings.se\/dk\/wp-json\/wp\/v2\/pwb-brand?post=28348"},{"taxonomy":"product_brand","embeddable":true,"href":"https:\/\/promsandweddings.se\/dk\/wp-json\/wp\/v2\/product_brand?post=28348"},{"taxonomy":"product_cat","embeddable":true,"href":"https:\/\/promsandweddings.se\/dk\/wp-json\/wp\/v2\/product_cat?post=28348"},{"taxonomy":"product_tag","embeddable":true,"href":"https:\/\/promsandweddings.se\/dk\/wp-json\/wp\/v2\/product_tag?post=28348"}],"curies":[{"name":"wp","href":"https:\/\/api.w.org\/{rel}","templated":true}]}}