{"id":28396,"date":"2026-03-15T23:39:10","date_gmt":"2026-03-15T22:39:10","guid":{"rendered":"https:\/\/promsandweddings.se\/?post_type=product&#038;p=28396"},"modified":"2026-04-15T10:57:45","modified_gmt":"2026-04-15T08:57:45","slug":"betsi-brollopsklanning-bianco-evento","status":"publish","type":"product","link":"https:\/\/promsandweddings.se\/dk\/produkt\/betsi-brollopsklanning-bianco-evento\/","title":{"rendered":"Betsi bryllupskjole Bianco Evento"},"content":{"rendered":"<p>Betsi bryllupskl\u00e6nning Bianco Evento<\/p>\n<p>Betsi fra Bianco Evento er en romantisk og tidl\u00f8s bryllupskl\u00e6nning. Den kombinerer klassisk elegance med et moderne og feminint design. Off-shoulder-kraven understreger skuldre og n\u00f8gleben p\u00e5 en smuk m\u00e5de. De bl\u00f8de \u00e6rmer med blomster detaljer i transparent stof giver en dr\u00f8mmelig og romantisk f\u00f8lelse.<\/p>\n<p>Nederdelen er glat og har et bl\u00f8dt fald, der skaber en smigrende silhuet. Stoffet har en luksuri\u00f8s v\u00e6gt, som g\u00f8r, at kjolen bev\u00e6ger sig elegant, n\u00e5r du g\u00e5r. Livet er figurn\u00e6rt og markerer taljeen uden at f\u00f8les ukomfortabel. Det g\u00f8r Betsi komfortabel at b\u00e6re hele bryllupsdagen.<\/p>\n<p>Kjolen har en diskret lynl\u00e5s bagi og et lille tog, der giver en ekstra touch af eksklusivitet. Det rene design betyder, at du kan kombinere det med mange forskellige accessories. Et glittrende diadem, en lang sl\u00f8r eller stilrent smykker kan skabe dit unikke look.<\/p>","protected":false},"excerpt":{"rendered":"<p><strong data-start=\"0\" data-end=\"8\" data-is-only-node=\"\">Best<\/strong>\u00a0er en brudekjole fra\u00a0<strong data-start=\"37\" data-end=\"78\"><span class=\"hover:entity-accent entity-underline inline cursor-pointer align-baseline\"><span class=\"whitespace-normal\">Bianco Evento<\/span><\/span><\/strong>.<br data-start=\"79\" data-end=\"82\" \/>En stilren och l\u00e4ttburen br\u00f6llopskl\u00e4nning med mjuk silhuett och diskreta detaljer som ger ett naturligt, elegant uttryck. Best k\u00e4nns avslappnad men genomt\u00e4nkt \u2013 perfekt f\u00f6r bruden som vill ha enkel sk\u00f6nhet med fokus p\u00e5 komfort och passform.<\/p>\n<p><em>(Kontakta oss f\u00f6r bokning och provning av brudkl\u00e4nningar)<\/em><\/p>\n<p>&nbsp;<\/p>\n<p>&nbsp;<\/p>","protected":false},"featured_media":28532,"template":"","meta":[],"pwb-brand":[],"product_brand":[],"product_cat":[165,169,38,16,17],"product_tag":[123,167,25,22],"class_list":{"0":"post-28396","1":"product","2":"type-product","3":"status-publish","4":"has-post-thumbnail","6":"product_cat-bianco-evento","7":"product_cat-bohemiska-brollopsklanningar","8":"product_cat-brollopsklanningar-i-plus-size","9":"product_cat-klanningar","10":"product_cat-brudklanningar","11":"product_tag-bianco-evento","12":"product_tag-brollop","13":"product_tag-brollopsklanning","14":"product_tag-brudklanning","15":"product_shipping_class-festklanningar","17":"first","18":"instock","19":"shipping-taxable","20":"product-type-simple"},"yoast_head":"<!-- This site is optimized with the Yoast SEO plugin v27.4 - https:\/\/yoast.com\/product\/yoast-seo-wordpress\/ -->\n<title>Betsi Br\u00f6llopskl\u00e4nning \u2013 Elegant Off-Shoulder fr\u00e5n Bianco Evento<\/title>\n<meta name=\"description\" content=\"Uppt\u00e4ck Betsi fr\u00e5n Bianco Evento \u2013 en elegant off-shoulder br\u00f6llopskl\u00e4nning med romantiska blommiga detaljer och tidl\u00f6s design.\" \/>\n<meta name=\"robots\" content=\"index, follow, max-snippet:-1, max-image-preview:large, max-video-preview:-1\" \/>\n<link rel=\"canonical\" href=\"https:\/\/promsandweddings.se\/dk\/vare\/betsi-brollopsklanning-bianco-evento\/\" \/>\n<meta property=\"og:locale\" content=\"da_DK\" \/>\n<meta property=\"og:type\" content=\"article\" \/>\n<meta property=\"og:title\" content=\"Betsi Br\u00f6llopskl\u00e4nning \u2013 Elegant Off-Shoulder fr\u00e5n Bianco Evento\" \/>\n<meta property=\"og:description\" content=\"Uppt\u00e4ck Betsi fr\u00e5n Bianco Evento \u2013 en elegant off-shoulder br\u00f6llopskl\u00e4nning med romantiska blommiga detaljer och tidl\u00f6s design.\" \/>\n<meta property=\"og:url\" content=\"https:\/\/promsandweddings.se\/dk\/vare\/betsi-brollopsklanning-bianco-evento\/\" \/>\n<meta property=\"og:site_name\" content=\"Proms and Weddings\" \/>\n<meta property=\"article:publisher\" content=\"https:\/\/www.facebook.com\/promsandweddings\" \/>\n<meta property=\"article:modified_time\" content=\"2026-04-15T08:57:45+00:00\" \/>\n<meta property=\"og:image\" content=\"https:\/\/promsandweddings.se\/wp-content\/uploads\/2026\/03\/bianco-evento-bridal-dress-betsi-_1_-scaled-1.jpg\" \/>\n\t<meta property=\"og:image:width\" content=\"1920\" \/>\n\t<meta property=\"og:image:height\" content=\"2560\" \/>\n\t<meta property=\"og:image:type\" content=\"image\/jpeg\" \/>\n<meta name=\"twitter:card\" content=\"summary_large_image\" \/>\n<meta name=\"twitter:site\" content=\"@PromsWeddings\" \/>\n<meta name=\"twitter:label1\" content=\"Estimeret l\u00e6setid\" \/>\n\t<meta name=\"twitter:data1\" content=\"1 minut\" \/>\n<script type=\"application\/ld+json\" class=\"yoast-schema-graph\">{\"@context\":\"https:\\\/\\\/schema.org\",\"@graph\":[{\"@type\":\"WebPage\",\"@id\":\"https:\\\/\\\/promsandweddings.se\\\/produkt\\\/betsi-brollopsklanning-bianco-evento\\\/\",\"url\":\"https:\\\/\\\/promsandweddings.se\\\/produkt\\\/betsi-brollopsklanning-bianco-evento\\\/\",\"name\":\"Betsi Br\u00f6llopskl\u00e4nning \u2013 Elegant Off-Shoulder fr\u00e5n Bianco Evento\",\"isPartOf\":{\"@id\":\"https:\\\/\\\/promsandweddings.se\\\/#website\"},\"primaryImageOfPage\":{\"@id\":\"https:\\\/\\\/promsandweddings.se\\\/produkt\\\/betsi-brollopsklanning-bianco-evento\\\/#primaryimage\"},\"image\":{\"@id\":\"https:\\\/\\\/promsandweddings.se\\\/produkt\\\/betsi-brollopsklanning-bianco-evento\\\/#primaryimage\"},\"thumbnailUrl\":\"https:\\\/\\\/promsandweddings.se\\\/wp-content\\\/uploads\\\/2026\\\/03\\\/bianco-evento-bridal-dress-betsi-_1_-scaled-1.jpg\",\"datePublished\":\"2026-03-15T22:39:10+00:00\",\"dateModified\":\"2026-04-15T08:57:45+00:00\",\"description\":\"Uppt\u00e4ck Betsi fr\u00e5n Bianco Evento \u2013 en elegant off-shoulder br\u00f6llopskl\u00e4nning med romantiska blommiga detaljer och tidl\u00f6s design.\",\"breadcrumb\":{\"@id\":\"https:\\\/\\\/promsandweddings.se\\\/produkt\\\/betsi-brollopsklanning-bianco-evento\\\/#breadcrumb\"},\"inLanguage\":\"da-DK\",\"potentialAction\":[{\"@type\":\"ReadAction\",\"target\":[\"https:\\\/\\\/promsandweddings.se\\\/produkt\\\/betsi-brollopsklanning-bianco-evento\\\/\"]}]},{\"@type\":\"ImageObject\",\"inLanguage\":\"da-DK\",\"@id\":\"https:\\\/\\\/promsandweddings.se\\\/produkt\\\/betsi-brollopsklanning-bianco-evento\\\/#primaryimage\",\"url\":\"https:\\\/\\\/promsandweddings.se\\\/wp-content\\\/uploads\\\/2026\\\/03\\\/bianco-evento-bridal-dress-betsi-_1_-scaled-1.jpg\",\"contentUrl\":\"https:\\\/\\\/promsandweddings.se\\\/wp-content\\\/uploads\\\/2026\\\/03\\\/bianco-evento-bridal-dress-betsi-_1_-scaled-1.jpg\",\"width\":1920,\"height\":2560},{\"@type\":\"BreadcrumbList\",\"@id\":\"https:\\\/\\\/promsandweddings.se\\\/produkt\\\/betsi-brollopsklanning-bianco-evento\\\/#breadcrumb\",\"itemListElement\":[{\"@type\":\"ListItem\",\"position\":1,\"name\":\"Home\",\"item\":\"https:\\\/\\\/promsandweddings.se\\\/\"},{\"@type\":\"ListItem\",\"position\":2,\"name\":\"Webshop\",\"item\":\"https:\\\/\\\/promsandweddings.se\\\/webshop\\\/\"},{\"@type\":\"ListItem\",\"position\":3,\"name\":\"Betsi br\u00f6llopskl\u00e4nning Bianco Evento\"}]},{\"@type\":\"WebSite\",\"@id\":\"https:\\\/\\\/promsandweddings.se\\\/#website\",\"url\":\"https:\\\/\\\/promsandweddings.se\\\/\",\"name\":\"Proms and Weddings\",\"description\":\"Hitta din dr\u00f6mkl\u00e4nning\",\"publisher\":{\"@id\":\"https:\\\/\\\/promsandweddings.se\\\/#organization\"},\"alternateName\":\"Proms & Weddings\",\"potentialAction\":[{\"@type\":\"SearchAction\",\"target\":{\"@type\":\"EntryPoint\",\"urlTemplate\":\"https:\\\/\\\/promsandweddings.se\\\/?s={search_term_string}\"},\"query-input\":{\"@type\":\"PropertyValueSpecification\",\"valueRequired\":true,\"valueName\":\"search_term_string\"}}],\"inLanguage\":\"da-DK\"},{\"@type\":\"Organization\",\"@id\":\"https:\\\/\\\/promsandweddings.se\\\/#organization\",\"name\":\"Proms & Weddings\",\"url\":\"https:\\\/\\\/promsandweddings.se\\\/\",\"logo\":{\"@type\":\"ImageObject\",\"inLanguage\":\"da-DK\",\"@id\":\"https:\\\/\\\/promsandweddings.se\\\/#\\\/schema\\\/logo\\\/image\\\/\",\"url\":\"https:\\\/\\\/promsandweddings.se\\\/wp-content\\\/uploads\\\/2026\\\/03\\\/pwlogosv-2-2.webp\",\"contentUrl\":\"https:\\\/\\\/promsandweddings.se\\\/wp-content\\\/uploads\\\/2026\\\/03\\\/pwlogosv-2-2.webp\",\"width\":556,\"height\":152,\"caption\":\"Proms & Weddings\"},\"image\":{\"@id\":\"https:\\\/\\\/promsandweddings.se\\\/#\\\/schema\\\/logo\\\/image\\\/\"},\"sameAs\":[\"https:\\\/\\\/www.facebook.com\\\/promsandweddings\",\"https:\\\/\\\/x.com\\\/PromsWeddings\",\"https:\\\/\\\/www.instagram.com\\\/promsandweddings\\\/\",\"https:\\\/\\\/www.youtube.com\\\/@promsandweddings\\\/shorts\",\"https:\\\/\\\/www.tiktok.com\\\/@promsandweddings\",\"https:\\\/\\\/se.pinterest.com\\\/promsandwedding\"]}]}<\/script>\n<!-- \/ Yoast SEO plugin. -->","yoast_head_json":{"title":"https:\/\/promsandweddings.se\/wp-content\/uploads\/2026\/03\/BELLA-D-1.jpg","description":"Betsi Bryllupskl\u00e6nning \u2013 Elegant Off-Shoulder fra Bianco Evento","robots":{"index":"index","follow":"follow","max-snippet":"max-snippet:-1","max-image-preview":"max-image-preview:large","max-video-preview":"max-video-preview:-1"},"canonical":"https:\/\/promsandweddings.se\/dk\/vare\/betsi-brollopsklanning-bianco-evento\/","og_locale":"da_DK","og_type":"article","og_title":"Betsi Br\u00f6llopskl\u00e4nning \u2013 Elegant Off-Shoulder fr\u00e5n Bianco Evento","og_description":"Uppt\u00e4ck Betsi fr\u00e5n Bianco Evento \u2013 en elegant off-shoulder br\u00f6llopskl\u00e4nning med romantiska blommiga detaljer och tidl\u00f6s design.","og_url":"https:\/\/promsandweddings.se\/dk\/vare\/betsi-brollopsklanning-bianco-evento\/","og_site_name":"Proms and Weddings","article_publisher":"https:\/\/www.facebook.com\/promsandweddings","article_modified_time":"2026-04-15T08:57:45+00:00","og_image":[{"width":1920,"height":2560,"url":"https:\/\/promsandweddings.se\/wp-content\/uploads\/2026\/03\/bianco-evento-bridal-dress-betsi-_1_-scaled-1.jpg","type":"image\/jpeg"}],"twitter_card":"summary_large_image","twitter_site":"@PromsWeddings","twitter_misc":{"Estimeret l\u00e6setid":"1 minut"},"schema":{"@context":"https:\/\/schema.org","@graph":[{"@type":"WebPage","@id":"https:\/\/promsandweddings.se\/produkt\/betsi-brollopsklanning-bianco-evento\/","url":"https:\/\/promsandweddings.se\/produkt\/betsi-brollopsklanning-bianco-evento\/","name":"https:\/\/promsandweddings.se\/wp-content\/uploads\/2026\/03\/BELLA-D-1.jpg","isPartOf":{"@id":"https:\/\/promsandweddings.se\/#website"},"primaryImageOfPage":{"@id":"https:\/\/promsandweddings.se\/produkt\/betsi-brollopsklanning-bianco-evento\/#primaryimage"},"image":{"@id":"https:\/\/promsandweddings.se\/produkt\/betsi-brollopsklanning-bianco-evento\/#primaryimage"},"thumbnailUrl":"https:\/\/promsandweddings.se\/wp-content\/uploads\/2026\/03\/bianco-evento-bridal-dress-betsi-_1_-scaled-1.jpg","datePublished":"2026-03-15T22:39:10+00:00","dateModified":"2026-04-15T08:57:45+00:00","description":"Betsi Bryllupskl\u00e6nning \u2013 Elegant Off-Shoulder fra Bianco Evento","breadcrumb":{"@id":"https:\/\/promsandweddings.se\/produkt\/betsi-brollopsklanning-bianco-evento\/#breadcrumb"},"inLanguage":"da-DK","potentialAction":[{"@type":"ReadAction","target":["https:\/\/promsandweddings.se\/produkt\/betsi-brollopsklanning-bianco-evento\/"]}]},{"@type":"ImageObject","inLanguage":"da-DK","@id":"https:\/\/promsandweddings.se\/produkt\/betsi-brollopsklanning-bianco-evento\/#primaryimage","url":"https:\/\/promsandweddings.se\/wp-content\/uploads\/2026\/03\/bianco-evento-bridal-dress-betsi-_1_-scaled-1.jpg","contentUrl":"https:\/\/promsandweddings.se\/wp-content\/uploads\/2026\/03\/bianco-evento-bridal-dress-betsi-_1_-scaled-1.jpg","width":1920,"height":2560},{"@type":"BreadcrumbList","@id":"https:\/\/promsandweddings.se\/produkt\/betsi-brollopsklanning-bianco-evento\/#breadcrumb","itemListElement":[{"@type":"ListItem","position":1,"name":"Home","item":"https:\/\/promsandweddings.se\/"},{"@type":"ListItem","position":2,"name":"Webshop","item":"https:\/\/promsandweddings.se\/webshop\/"},{"@type":"ListItem","position":3,"name":"Betsi br\u00f6llopskl\u00e4nning Bianco Evento"}]},{"@type":"WebSite","@id":"https:\/\/promsandweddings.se\/#website","url":"https:\/\/promsandweddings.se\/","name":"Proms and Weddings","description":"Find din dr\u00f8mmekjole","publisher":{"@id":"https:\/\/promsandweddings.se\/#organization"},"alternateName":"Proms & Weddings","potentialAction":[{"@type":"SearchAction","target":{"@type":"EntryPoint","urlTemplate":"https:\/\/promsandweddings.se\/?s={search_term_string}"},"query-input":{"@type":"PropertyValueSpecification","valueRequired":true,"valueName":"search_term_string"}}],"inLanguage":"da-DK"},{"@type":"Organization","@id":"https:\/\/promsandweddings.se\/#organization","name":"Proms &amp; Weddings","url":"https:\/\/promsandweddings.se\/","logo":{"@type":"ImageObject","inLanguage":"da-DK","@id":"https:\/\/promsandweddings.se\/#\/schema\/logo\/image\/","url":"https:\/\/promsandweddings.se\/wp-content\/uploads\/2026\/03\/pwlogosv-2-2.webp","contentUrl":"https:\/\/promsandweddings.se\/wp-content\/uploads\/2026\/03\/pwlogosv-2-2.webp","width":556,"height":152,"caption":"Proms & Weddings"},"image":{"@id":"https:\/\/promsandweddings.se\/#\/schema\/logo\/image\/"},"sameAs":["https:\/\/www.facebook.com\/promsandweddings","https:\/\/x.com\/PromsWeddings","https:\/\/www.instagram.com\/promsandweddings\/","https:\/\/www.youtube.com\/@promsandweddings\/shorts","https:\/\/www.tiktok.com\/@promsandweddings","https:\/\/se.pinterest.com\/promsandwedding"]}]}},"jetpack_sharing_enabled":true,"brands":[],"_links":{"self":[{"href":"https:\/\/promsandweddings.se\/dk\/wp-json\/wp\/v2\/product\/28396","targetHints":{"allow":["GET"]}}],"collection":[{"href":"https:\/\/promsandweddings.se\/dk\/wp-json\/wp\/v2\/product"}],"about":[{"href":"https:\/\/promsandweddings.se\/dk\/wp-json\/wp\/v2\/types\/product"}],"wp:featuredmedia":[{"embeddable":true,"href":"https:\/\/promsandweddings.se\/dk\/wp-json\/wp\/v2\/media\/28532"}],"wp:attachment":[{"href":"https:\/\/promsandweddings.se\/dk\/wp-json\/wp\/v2\/media?parent=28396"}],"wp:term":[{"taxonomy":"pwb-brand","embeddable":true,"href":"https:\/\/promsandweddings.se\/dk\/wp-json\/wp\/v2\/pwb-brand?post=28396"},{"taxonomy":"product_brand","embeddable":true,"href":"https:\/\/promsandweddings.se\/dk\/wp-json\/wp\/v2\/product_brand?post=28396"},{"taxonomy":"product_cat","embeddable":true,"href":"https:\/\/promsandweddings.se\/dk\/wp-json\/wp\/v2\/product_cat?post=28396"},{"taxonomy":"product_tag","embeddable":true,"href":"https:\/\/promsandweddings.se\/dk\/wp-json\/wp\/v2\/product_tag?post=28396"}],"curies":[{"name":"wp","href":"https:\/\/api.w.org\/{rel}","templated":true}]}}