{"id":28466,"date":"2026-03-15T23:42:03","date_gmt":"2026-03-15T22:42:03","guid":{"rendered":"https:\/\/promsandweddings.se\/?post_type=product&#038;p=28466"},"modified":"2026-03-15T23:45:55","modified_gmt":"2026-03-15T22:45:55","slug":"brollopsklanning-hc2502-fran-vladiyan","status":"publish","type":"product","link":"https:\/\/promsandweddings.se\/dk\/produkt\/brollopsklanning-hc2502-fran-vladiyan\/","title":{"rendered":"Bryllupskjole HC2502 fra Vladiyan"},"content":{"rendered":"<p data-start=\"181\" data-end=\"451\">HC2502 fra Vladiyan er en bryllupskjole, som kombinerer klassisk romantik med moderne elegance. Modellen er skabt til bruden, som gerne vil b\u00e6re noget unikt og samtidigt tidl\u00f8st. Med sin off-shoulder-design fremh\u00e6ver den hals og skuldrer p\u00e5 en subtil men forf\u00f8rende m\u00e5de.<\/p>\n<p data-start=\"453\" data-end=\"791\">Overdelen er smykket med tredimensionale blomster, som skaber en f\u00f8lelse af dybde og bev\u00e6gelse. De h\u00e5ndlavede applikationer giver et eksklusivt look, som fanger lyset p\u00e5 en bl\u00f8d m\u00e5de. Takket v\u00e6re det gennemsigtigt blonde i livstykket f\u00e5r kjolen en let og luftig f\u00f8lelse, samtidigt som den markerer brudens figur p\u00e5 en smigrende vis.<\/p>\n<p data-start=\"793\" data-end=\"1130\">Armene er lange og d\u00e6kkede af blonde. De giver en elegant balance mellem romantik og sofistikering. Den gener\u00f8se A-linje-sk\u00f8rt har smukke londeapplikationer og bl\u00f8d fald, hvilket skaber en majest\u00e6tisk men alligevel graci\u00f8s silhuet. Dette g\u00f8r kjolen perfekt til b\u00e5de pampige kirkebyllupper og mere intime ceremonier i romantiske milj\u00f8er.<\/p>\n<p data-start=\"1132\" data-end=\"1312\">Materialevalget er af h\u00f8jeste kvalitet. Kjolen er let at b\u00e6re p\u00e5 trods af dens rige dekoration. Dette g\u00f8r at bruden kan bev\u00e6ge sig frit og f\u00f8le sig komfortabel hele bryllupsdagen.<\/p>","protected":false},"excerpt":{"rendered":"<p><strong data-start=\"0\" data-end=\"10\" data-is-only-node=\"\">HC2502<\/strong>\u00a0er en bryllupskjole fra kollektionen\u00a0<em data-start=\"50\" data-end=\"62\">Her Choice<\/em>\u00a0fra\u00a0<strong data-start=\"68\" data-end=\"109\"><span class=\"hover:entity-accent entity-underline inline cursor-pointer align-baseline\"><span class=\"whitespace-normal\">Vladiyan<\/span><\/span><\/strong>.<br data-start=\"110\" data-end=\"113\" \/>En kraftfull och elegant br\u00f6llopskl\u00e4nning med markerad silhuett och genomarbetade detaljer som ger ett sj\u00e4lvs\u00e4kert, modernt uttryck. HC2502 k\u00e4nns lyxig och personlig \u2013 f\u00f6r bruden som vill ta plats med stil.<br data-start=\"311\" data-end=\"314\" \/><br data-start=\"396\" data-end=\"399\" \/><em data-start=\"399\" data-end=\"456\" data-is-last-node=\"\">(Kontakt os for sp\u00f8rgsm\u00e5l vedr\u00f8rende priser, booking osv.)<\/em><\/p>","protected":false},"featured_media":28589,"template":"","meta":[],"pwb-brand":[],"product_brand":[],"product_cat":[17,329],"product_tag":[],"class_list":{"0":"post-28466","1":"product","2":"type-product","3":"status-publish","4":"has-post-thumbnail","6":"product_cat-brudklanningar","7":"product_cat-vladiyan","9":"first","10":"instock","11":"shipping-taxable","12":"product-type-simple"},"yoast_head":"<!-- This site is optimized with the Yoast SEO plugin v27.4 - https:\/\/yoast.com\/product\/yoast-seo-wordpress\/ -->\n<title>HC2502 Vladiyan \u2013 Br\u00f6llopskl\u00e4nning med Off-Shoulder<\/title>\n<meta name=\"description\" content=\"HC2502 fr\u00e5n Vladiyan \u2013 romantisk br\u00f6llopskl\u00e4nning med off-shoulder-design, blommiga spetsdetaljer och en majest\u00e4tisk A-linje kjol.\" \/>\n<meta name=\"robots\" content=\"index, follow, max-snippet:-1, max-image-preview:large, max-video-preview:-1\" \/>\n<link rel=\"canonical\" href=\"https:\/\/promsandweddings.se\/dk\/vare\/brollopsklanning-hc2502-fran-vladiyan\/\" \/>\n<meta property=\"og:locale\" content=\"da_DK\" \/>\n<meta property=\"og:type\" content=\"article\" \/>\n<meta property=\"og:title\" content=\"HC2502 Vladiyan \u2013 Br\u00f6llopskl\u00e4nning med Off-Shoulder\" \/>\n<meta property=\"og:description\" content=\"HC2502 fr\u00e5n Vladiyan \u2013 romantisk br\u00f6llopskl\u00e4nning med off-shoulder-design, blommiga spetsdetaljer och en majest\u00e4tisk A-linje kjol.\" \/>\n<meta property=\"og:url\" content=\"https:\/\/promsandweddings.se\/dk\/vare\/brollopsklanning-hc2502-fran-vladiyan\/\" \/>\n<meta property=\"og:site_name\" content=\"Proms and Weddings\" \/>\n<meta property=\"article:publisher\" content=\"https:\/\/www.facebook.com\/promsandweddings\" \/>\n<meta property=\"article:modified_time\" content=\"2026-03-15T22:45:55+00:00\" \/>\n<meta property=\"og:image\" content=\"https:\/\/promsandweddings.se\/wp-content\/uploads\/2026\/03\/HC-2502-2.jpg\" \/>\n\t<meta property=\"og:image:width\" content=\"1667\" \/>\n\t<meta property=\"og:image:height\" content=\"2500\" \/>\n\t<meta property=\"og:image:type\" content=\"image\/jpeg\" \/>\n<meta name=\"twitter:card\" content=\"summary_large_image\" \/>\n<meta name=\"twitter:site\" content=\"@PromsWeddings\" \/>\n<meta name=\"twitter:label1\" content=\"Estimeret l\u00e6setid\" \/>\n\t<meta name=\"twitter:data1\" content=\"1 minut\" \/>\n<script type=\"application\/ld+json\" class=\"yoast-schema-graph\">{\"@context\":\"https:\\\/\\\/schema.org\",\"@graph\":[{\"@type\":\"WebPage\",\"@id\":\"https:\\\/\\\/promsandweddings.se\\\/produkt\\\/brollopsklanning-hc2502-fran-vladiyan\\\/\",\"url\":\"https:\\\/\\\/promsandweddings.se\\\/produkt\\\/brollopsklanning-hc2502-fran-vladiyan\\\/\",\"name\":\"HC2502 Vladiyan \u2013 Br\u00f6llopskl\u00e4nning med Off-Shoulder\",\"isPartOf\":{\"@id\":\"https:\\\/\\\/promsandweddings.se\\\/#website\"},\"primaryImageOfPage\":{\"@id\":\"https:\\\/\\\/promsandweddings.se\\\/produkt\\\/brollopsklanning-hc2502-fran-vladiyan\\\/#primaryimage\"},\"image\":{\"@id\":\"https:\\\/\\\/promsandweddings.se\\\/produkt\\\/brollopsklanning-hc2502-fran-vladiyan\\\/#primaryimage\"},\"thumbnailUrl\":\"https:\\\/\\\/promsandweddings.se\\\/wp-content\\\/uploads\\\/2026\\\/03\\\/HC-2502-2.jpg\",\"datePublished\":\"2026-03-15T22:42:03+00:00\",\"dateModified\":\"2026-03-15T22:45:55+00:00\",\"description\":\"HC2502 fr\u00e5n Vladiyan \u2013 romantisk br\u00f6llopskl\u00e4nning med off-shoulder-design, blommiga spetsdetaljer och en majest\u00e4tisk A-linje kjol.\",\"breadcrumb\":{\"@id\":\"https:\\\/\\\/promsandweddings.se\\\/produkt\\\/brollopsklanning-hc2502-fran-vladiyan\\\/#breadcrumb\"},\"inLanguage\":\"da-DK\",\"potentialAction\":[{\"@type\":\"ReadAction\",\"target\":[\"https:\\\/\\\/promsandweddings.se\\\/produkt\\\/brollopsklanning-hc2502-fran-vladiyan\\\/\"]}]},{\"@type\":\"ImageObject\",\"inLanguage\":\"da-DK\",\"@id\":\"https:\\\/\\\/promsandweddings.se\\\/produkt\\\/brollopsklanning-hc2502-fran-vladiyan\\\/#primaryimage\",\"url\":\"https:\\\/\\\/promsandweddings.se\\\/wp-content\\\/uploads\\\/2026\\\/03\\\/HC-2502-2.jpg\",\"contentUrl\":\"https:\\\/\\\/promsandweddings.se\\\/wp-content\\\/uploads\\\/2026\\\/03\\\/HC-2502-2.jpg\",\"width\":1667,\"height\":2500},{\"@type\":\"BreadcrumbList\",\"@id\":\"https:\\\/\\\/promsandweddings.se\\\/produkt\\\/brollopsklanning-hc2502-fran-vladiyan\\\/#breadcrumb\",\"itemListElement\":[{\"@type\":\"ListItem\",\"position\":1,\"name\":\"Home\",\"item\":\"https:\\\/\\\/promsandweddings.se\\\/\"},{\"@type\":\"ListItem\",\"position\":2,\"name\":\"Webshop\",\"item\":\"https:\\\/\\\/promsandweddings.se\\\/webshop\\\/\"},{\"@type\":\"ListItem\",\"position\":3,\"name\":\"Br\u00f6llopskl\u00e4nning HC2502 fr\u00e5n Vladiyan\"}]},{\"@type\":\"WebSite\",\"@id\":\"https:\\\/\\\/promsandweddings.se\\\/#website\",\"url\":\"https:\\\/\\\/promsandweddings.se\\\/\",\"name\":\"Proms and Weddings\",\"description\":\"Hitta din dr\u00f6mkl\u00e4nning\",\"publisher\":{\"@id\":\"https:\\\/\\\/promsandweddings.se\\\/#organization\"},\"alternateName\":\"Proms & Weddings\",\"potentialAction\":[{\"@type\":\"SearchAction\",\"target\":{\"@type\":\"EntryPoint\",\"urlTemplate\":\"https:\\\/\\\/promsandweddings.se\\\/?s={search_term_string}\"},\"query-input\":{\"@type\":\"PropertyValueSpecification\",\"valueRequired\":true,\"valueName\":\"search_term_string\"}}],\"inLanguage\":\"da-DK\"},{\"@type\":\"Organization\",\"@id\":\"https:\\\/\\\/promsandweddings.se\\\/#organization\",\"name\":\"Proms & Weddings\",\"url\":\"https:\\\/\\\/promsandweddings.se\\\/\",\"logo\":{\"@type\":\"ImageObject\",\"inLanguage\":\"da-DK\",\"@id\":\"https:\\\/\\\/promsandweddings.se\\\/#\\\/schema\\\/logo\\\/image\\\/\",\"url\":\"https:\\\/\\\/promsandweddings.se\\\/wp-content\\\/uploads\\\/2026\\\/03\\\/pwlogosv-2-2.webp\",\"contentUrl\":\"https:\\\/\\\/promsandweddings.se\\\/wp-content\\\/uploads\\\/2026\\\/03\\\/pwlogosv-2-2.webp\",\"width\":556,\"height\":152,\"caption\":\"Proms & Weddings\"},\"image\":{\"@id\":\"https:\\\/\\\/promsandweddings.se\\\/#\\\/schema\\\/logo\\\/image\\\/\"},\"sameAs\":[\"https:\\\/\\\/www.facebook.com\\\/promsandweddings\",\"https:\\\/\\\/x.com\\\/PromsWeddings\",\"https:\\\/\\\/www.instagram.com\\\/promsandweddings\\\/\",\"https:\\\/\\\/www.youtube.com\\\/@promsandweddings\\\/shorts\",\"https:\\\/\\\/www.tiktok.com\\\/@promsandweddings\",\"https:\\\/\\\/se.pinterest.com\\\/promsandwedding\"]}]}<\/script>\n<!-- \/ Yoast SEO plugin. -->","yoast_head_json":{"title":"HC2502 Vladiyan \u2013 Bryllupskjole med Off-Shoulder","description":"HC2502 fra Vladiyan \u2013 romantisk bryllupskjole med off-shoulder-design, blomstrede londedetaljer og en majest\u00e6tisk A-linje sk\u00f8rt.","robots":{"index":"index","follow":"follow","max-snippet":"max-snippet:-1","max-image-preview":"max-image-preview:large","max-video-preview":"max-video-preview:-1"},"canonical":"https:\/\/promsandweddings.se\/dk\/vare\/brollopsklanning-hc2502-fran-vladiyan\/","og_locale":"da_DK","og_type":"article","og_title":"HC2502 Vladiyan \u2013 Br\u00f6llopskl\u00e4nning med Off-Shoulder","og_description":"HC2502 fr\u00e5n Vladiyan \u2013 romantisk br\u00f6llopskl\u00e4nning med off-shoulder-design, blommiga spetsdetaljer och en majest\u00e4tisk A-linje kjol.","og_url":"https:\/\/promsandweddings.se\/dk\/vare\/brollopsklanning-hc2502-fran-vladiyan\/","og_site_name":"Proms and Weddings","article_publisher":"https:\/\/www.facebook.com\/promsandweddings","article_modified_time":"2026-03-15T22:45:55+00:00","og_image":[{"width":1667,"height":2500,"url":"https:\/\/promsandweddings.se\/wp-content\/uploads\/2026\/03\/HC-2502-2.jpg","type":"image\/jpeg"}],"twitter_card":"summary_large_image","twitter_site":"@PromsWeddings","twitter_misc":{"Estimeret l\u00e6setid":"1 minut"},"schema":{"@context":"https:\/\/schema.org","@graph":[{"@type":"WebPage","@id":"https:\/\/promsandweddings.se\/produkt\/brollopsklanning-hc2502-fran-vladiyan\/","url":"https:\/\/promsandweddings.se\/produkt\/brollopsklanning-hc2502-fran-vladiyan\/","name":"HC2502 Vladiyan \u2013 Bryllupskjole med Off-Shoulder","isPartOf":{"@id":"https:\/\/promsandweddings.se\/#website"},"primaryImageOfPage":{"@id":"https:\/\/promsandweddings.se\/produkt\/brollopsklanning-hc2502-fran-vladiyan\/#primaryimage"},"image":{"@id":"https:\/\/promsandweddings.se\/produkt\/brollopsklanning-hc2502-fran-vladiyan\/#primaryimage"},"thumbnailUrl":"https:\/\/promsandweddings.se\/wp-content\/uploads\/2026\/03\/HC-2502-2.jpg","datePublished":"2026-03-15T22:42:03+00:00","dateModified":"2026-03-15T22:45:55+00:00","description":"HC2502 fra Vladiyan \u2013 romantisk bryllupskjole med off-shoulder-design, blomstrede londedetaljer og en majest\u00e6tisk A-linje sk\u00f8rt.","breadcrumb":{"@id":"https:\/\/promsandweddings.se\/produkt\/brollopsklanning-hc2502-fran-vladiyan\/#breadcrumb"},"inLanguage":"da-DK","potentialAction":[{"@type":"ReadAction","target":["https:\/\/promsandweddings.se\/produkt\/brollopsklanning-hc2502-fran-vladiyan\/"]}]},{"@type":"ImageObject","inLanguage":"da-DK","@id":"https:\/\/promsandweddings.se\/produkt\/brollopsklanning-hc2502-fran-vladiyan\/#primaryimage","url":"https:\/\/promsandweddings.se\/wp-content\/uploads\/2026\/03\/HC-2502-2.jpg","contentUrl":"https:\/\/promsandweddings.se\/wp-content\/uploads\/2026\/03\/HC-2502-2.jpg","width":1667,"height":2500},{"@type":"BreadcrumbList","@id":"https:\/\/promsandweddings.se\/produkt\/brollopsklanning-hc2502-fran-vladiyan\/#breadcrumb","itemListElement":[{"@type":"ListItem","position":1,"name":"Home","item":"https:\/\/promsandweddings.se\/"},{"@type":"ListItem","position":2,"name":"Webshop","item":"https:\/\/promsandweddings.se\/webshop\/"},{"@type":"ListItem","position":3,"name":"Br\u00f6llopskl\u00e4nning HC2502 fr\u00e5n Vladiyan"}]},{"@type":"WebSite","@id":"https:\/\/promsandweddings.se\/#website","url":"https:\/\/promsandweddings.se\/","name":"Proms and Weddings","description":"Find din dr\u00f8mmekjole","publisher":{"@id":"https:\/\/promsandweddings.se\/#organization"},"alternateName":"Proms & Weddings","potentialAction":[{"@type":"SearchAction","target":{"@type":"EntryPoint","urlTemplate":"https:\/\/promsandweddings.se\/?s={search_term_string}"},"query-input":{"@type":"PropertyValueSpecification","valueRequired":true,"valueName":"search_term_string"}}],"inLanguage":"da-DK"},{"@type":"Organization","@id":"https:\/\/promsandweddings.se\/#organization","name":"Proms &amp; Weddings","url":"https:\/\/promsandweddings.se\/","logo":{"@type":"ImageObject","inLanguage":"da-DK","@id":"https:\/\/promsandweddings.se\/#\/schema\/logo\/image\/","url":"https:\/\/promsandweddings.se\/wp-content\/uploads\/2026\/03\/pwlogosv-2-2.webp","contentUrl":"https:\/\/promsandweddings.se\/wp-content\/uploads\/2026\/03\/pwlogosv-2-2.webp","width":556,"height":152,"caption":"Proms & Weddings"},"image":{"@id":"https:\/\/promsandweddings.se\/#\/schema\/logo\/image\/"},"sameAs":["https:\/\/www.facebook.com\/promsandweddings","https:\/\/x.com\/PromsWeddings","https:\/\/www.instagram.com\/promsandweddings\/","https:\/\/www.youtube.com\/@promsandweddings\/shorts","https:\/\/www.tiktok.com\/@promsandweddings","https:\/\/se.pinterest.com\/promsandwedding"]}]}},"jetpack_sharing_enabled":true,"brands":[],"_links":{"self":[{"href":"https:\/\/promsandweddings.se\/dk\/wp-json\/wp\/v2\/product\/28466","targetHints":{"allow":["GET"]}}],"collection":[{"href":"https:\/\/promsandweddings.se\/dk\/wp-json\/wp\/v2\/product"}],"about":[{"href":"https:\/\/promsandweddings.se\/dk\/wp-json\/wp\/v2\/types\/product"}],"wp:featuredmedia":[{"embeddable":true,"href":"https:\/\/promsandweddings.se\/dk\/wp-json\/wp\/v2\/media\/28589"}],"wp:attachment":[{"href":"https:\/\/promsandweddings.se\/dk\/wp-json\/wp\/v2\/media?parent=28466"}],"wp:term":[{"taxonomy":"pwb-brand","embeddable":true,"href":"https:\/\/promsandweddings.se\/dk\/wp-json\/wp\/v2\/pwb-brand?post=28466"},{"taxonomy":"product_brand","embeddable":true,"href":"https:\/\/promsandweddings.se\/dk\/wp-json\/wp\/v2\/product_brand?post=28466"},{"taxonomy":"product_cat","embeddable":true,"href":"https:\/\/promsandweddings.se\/dk\/wp-json\/wp\/v2\/product_cat?post=28466"},{"taxonomy":"product_tag","embeddable":true,"href":"https:\/\/promsandweddings.se\/dk\/wp-json\/wp\/v2\/product_tag?post=28466"}],"curies":[{"name":"wp","href":"https:\/\/api.w.org\/{rel}","templated":true}]}}