{"id":28468,"date":"2026-03-15T23:42:03","date_gmt":"2026-03-15T22:42:03","guid":{"rendered":"https:\/\/promsandweddings.se\/?post_type=product&#038;p=28468"},"modified":"2026-03-15T23:46:35","modified_gmt":"2026-03-15T22:46:35","slug":"brollopsklanning-fs2611-fran-vladiyan","status":"publish","type":"product","link":"https:\/\/promsandweddings.se\/dk\/produkt\/brollopsklanning-fs2611-fran-vladiyan\/","title":{"rendered":"Bryllupskjole FS2611 fra Vladiyan"},"content":{"rendered":"<p data-start=\"193\" data-end=\"415\">FS2611 fra Vladiyan er en bryllupskl\u00e6nning, der kombinerer dramatisk elegance med romantisk finesse. Den er skabt for bruden, der \u00f8nsker at g\u00f8re et st\u00e6rkt indtryk og b\u00e6re en kl\u00e6nning, der virkelig fremh\u00e6ver hendes unikke stil.<\/p>\n<p data-start=\"417\" data-end=\"802\">Kl\u00e6nningen har et off-shoulder-design, der smukt fremh\u00e6ver skuldrer og dekolletage. Denne detalje giver en feminin og sensuel f\u00f8lelse, mens de lange blondeermer tilf\u00f8jer en sofistikeret balance. Overlooket er figurtilpasset og markerer livet p\u00e5 en smiskrende m\u00e5de. Det er rigt dekoreret med blomster applikationer og perledetaljer, der giver liv til stoffet og skaber en f\u00f8lelse af dybde.<\/p>\n<p data-start=\"804\" data-end=\"1077\">Sk\u00f8rtet har en mermaid-silhuet, der elegant f\u00f8lger kroppens former, f\u00f8r det udbredes i et dramatisk sl\u00e6b. Denne silhuet giver bruden et kraftfuldt og selvsikkert udseende. Detaljerne i blonder og broderi forts\u00e6tter ned over sk\u00f8rtet, hvilket styrker fornemmelsen af luksus.<\/p>\n<p data-start=\"1079\" data-end=\"1302\">Materialet er omhyggeligt valgt for at give b\u00e5de komfort og en eksklusiv f\u00f8lelse. P\u00e5 trods af det figurtilpassede design tilbyder FS2611 bev\u00e6gelsesfriheden, hvilket g\u00f8r, at bruden kan nyde hele bryllupsdagen \u2013 fra ceremoni til fest.<\/p>\n<p data-start=\"1304\" data-end=\"1487\">FS2611 passer perfekt til glamol\u00f8se bryllup i slotte, herreg\u00e5rde eller andre pragtfulde omgivelser. Kl\u00e6nningen er skabt for bruden, der ikke kun vil b\u00e6re en kl\u00e6nning, men et kunstv\u00e6rk.<\/p>","protected":false},"excerpt":{"rendered":"<div class=\"flex flex-col text-sm pb-25\">\n<article class=\"text-token-text-primary w-full focus:outline-none [--shadow-height:45px] has-data-writing-block:pointer-events-none has-data-writing-block:-mt-(--shadow-height) has-data-writing-block:pt-(--shadow-height) [&amp;:has([data-writing-block])&gt;*]:pointer-events-auto scroll-mt-[calc(var(--header-height)+min(200px,max(70px,20svh)))]\" dir=\"auto\" tabindex=\"-1\" data-turn-id=\"45a85df8-fa0d-4213-964c-b4edaba65ce0\" data-testid=\"conversation-turn-390\" data-scroll-anchor=\"true\" data-turn=\"assistant\">\n<div class=\"text-base my-auto mx-auto pb-10 [--thread-content-margin:--spacing(4)] @w-sm\/main:[--thread-content-margin:--spacing(6)] @w-lg\/main:[--thread-content-margin:--spacing(16)] px-(--thread-content-margin)\">\n<div class=\"[--thread-content-max-width:40rem] @w-lg\/main:[--thread-content-max-width:48rem] mx-auto max-w-(--thread-content-max-width) flex-1 group\/turn-messages focus-visible:outline-hidden relative flex w-full min-w-0 flex-col agent-turn\" tabindex=\"-1\">\n<div class=\"flex max-w-full flex-col grow\">\n<div class=\"min-h-8 text-message relative flex w-full flex-col items-end gap-2 text-start break-words whitespace-normal [.text-message+&amp;]:mt-1\" dir=\"auto\" data-message-author-role=\"assistant\" data-message-id=\"9e5bc8ea-c3d7-4e63-9d5f-89bda3d47b7f\" data-message-model-slug=\"gpt-5-2\">\n<div class=\"flex w-full flex-col gap-1 empty:hidden first:pt-[1px]\">\n<div class=\"markdown prose dark:prose-invert w-full wrap-break-word light markdown-new-styling\">\n<p data-start=\"0\" data-end=\"470\" data-is-last-node=\"\" data-is-only-node=\"\"><strong data-start=\"0\" data-end=\"10\" data-is-only-node=\"\">FS2611<\/strong>\u00a0\u00e4r en br\u00f6llopskl\u00e4nning ur kollektionen\u00a0<em data-start=\"50\" data-end=\"64\">First Spring<\/em>\u00a0fr\u00e5n\u00a0<strong data-start=\"70\" data-end=\"111\"><span class=\"hover:entity-accent entity-underline inline cursor-pointer align-baseline\"><span class=\"whitespace-normal\">Vladiyan<\/span><\/span><\/strong>.<br data-start=\"112\" data-end=\"115\" \/>En l\u00e4tt och romantisk br\u00f6llopskl\u00e4nning med mjuk silhuett och v\u00e5rinspirerade detaljer som ger ett luftigt, feminint uttryck. FS2611 k\u00e4nns naturlig och elegant \u2013 perfekt f\u00f6r bruden som vill ha en frisk och tidl\u00f6s k\u00e4nsla.<br data-start=\"325\" data-end=\"328\" \/><br data-start=\"410\" data-end=\"413\" \/><em data-start=\"413\" data-end=\"470\" data-is-last-node=\"\">(Kontakta oss f\u00f6r fr\u00e5gor ang\u00e5ende priser, bokning etc.)<\/em><\/p>\n<\/div>\n<\/div>\n<\/div>\n<\/div>\n<div class=\"z-0 flex min-h-[46px] justify-start\"><\/div>\n<div class=\"mt-3 w-full empty:hidden\">\n<div class=\"text-center\"><\/div>\n<\/div>\n<\/div>\n<\/div>\n<\/article>\n<\/div>\n","protected":false},"featured_media":28598,"template":"","meta":[],"pwb-brand":[],"product_brand":[],"product_cat":[17,329],"product_tag":[],"class_list":{"0":"post-28468","1":"product","2":"type-product","3":"status-publish","4":"has-post-thumbnail","6":"product_cat-brudklanningar","7":"product_cat-vladiyan","9":"first","10":"instock","11":"shipping-taxable","12":"product-type-simple"},"yoast_head":"<!-- This site is optimized with the Yoast SEO plugin v27.4 - https:\/\/yoast.com\/product\/yoast-seo-wordpress\/ -->\n<title>FS2611 Vladiyan \u2013 Br\u00f6llopskl\u00e4nning med Off-Shoulder<\/title>\n<meta name=\"description\" content=\"FS2611 fr\u00e5n Vladiyan \u2013 en dramatisk br\u00f6llopskl\u00e4nning med off-shoulder, spets\u00e4rmar, blommiga applikationer och en elegant mermaid-silhuett.\" \/>\n<meta name=\"robots\" content=\"index, follow, max-snippet:-1, max-image-preview:large, max-video-preview:-1\" \/>\n<link rel=\"canonical\" href=\"https:\/\/promsandweddings.se\/dk\/vare\/brollopsklanning-fs2611-fran-vladiyan\/\" \/>\n<meta property=\"og:locale\" content=\"da_DK\" \/>\n<meta property=\"og:type\" content=\"article\" \/>\n<meta property=\"og:title\" content=\"FS2611 Vladiyan \u2013 Br\u00f6llopskl\u00e4nning med Off-Shoulder\" \/>\n<meta property=\"og:description\" content=\"FS2611 fr\u00e5n Vladiyan \u2013 en dramatisk br\u00f6llopskl\u00e4nning med off-shoulder, spets\u00e4rmar, blommiga applikationer och en elegant mermaid-silhuett.\" \/>\n<meta property=\"og:url\" content=\"https:\/\/promsandweddings.se\/dk\/vare\/brollopsklanning-fs2611-fran-vladiyan\/\" \/>\n<meta property=\"og:site_name\" content=\"Proms and Weddings\" \/>\n<meta property=\"article:publisher\" content=\"https:\/\/www.facebook.com\/promsandweddings\" \/>\n<meta property=\"article:modified_time\" content=\"2026-03-15T22:46:35+00:00\" \/>\n<meta property=\"og:image\" content=\"https:\/\/promsandweddings.se\/wp-content\/uploads\/2026\/03\/FS-2611-1-scaled-1.jpg\" \/>\n\t<meta property=\"og:image:width\" content=\"1707\" \/>\n\t<meta property=\"og:image:height\" content=\"2560\" \/>\n\t<meta property=\"og:image:type\" content=\"image\/jpeg\" \/>\n<meta name=\"twitter:card\" content=\"summary_large_image\" \/>\n<meta name=\"twitter:site\" content=\"@PromsWeddings\" \/>\n<meta name=\"twitter:label1\" content=\"Estimeret l\u00e6setid\" \/>\n\t<meta name=\"twitter:data1\" content=\"1 minut\" \/>\n<script type=\"application\/ld+json\" class=\"yoast-schema-graph\">{\"@context\":\"https:\\\/\\\/schema.org\",\"@graph\":[{\"@type\":\"WebPage\",\"@id\":\"https:\\\/\\\/promsandweddings.se\\\/produkt\\\/brollopsklanning-fs2611-fran-vladiyan\\\/\",\"url\":\"https:\\\/\\\/promsandweddings.se\\\/produkt\\\/brollopsklanning-fs2611-fran-vladiyan\\\/\",\"name\":\"FS2611 Vladiyan \u2013 Br\u00f6llopskl\u00e4nning med Off-Shoulder\",\"isPartOf\":{\"@id\":\"https:\\\/\\\/promsandweddings.se\\\/#website\"},\"primaryImageOfPage\":{\"@id\":\"https:\\\/\\\/promsandweddings.se\\\/produkt\\\/brollopsklanning-fs2611-fran-vladiyan\\\/#primaryimage\"},\"image\":{\"@id\":\"https:\\\/\\\/promsandweddings.se\\\/produkt\\\/brollopsklanning-fs2611-fran-vladiyan\\\/#primaryimage\"},\"thumbnailUrl\":\"https:\\\/\\\/promsandweddings.se\\\/wp-content\\\/uploads\\\/2026\\\/03\\\/FS-2611-1-scaled-1.jpg\",\"datePublished\":\"2026-03-15T22:42:03+00:00\",\"dateModified\":\"2026-03-15T22:46:35+00:00\",\"description\":\"FS2611 fr\u00e5n Vladiyan \u2013 en dramatisk br\u00f6llopskl\u00e4nning med off-shoulder, spets\u00e4rmar, blommiga applikationer och en elegant mermaid-silhuett.\",\"breadcrumb\":{\"@id\":\"https:\\\/\\\/promsandweddings.se\\\/produkt\\\/brollopsklanning-fs2611-fran-vladiyan\\\/#breadcrumb\"},\"inLanguage\":\"da-DK\",\"potentialAction\":[{\"@type\":\"ReadAction\",\"target\":[\"https:\\\/\\\/promsandweddings.se\\\/produkt\\\/brollopsklanning-fs2611-fran-vladiyan\\\/\"]}]},{\"@type\":\"ImageObject\",\"inLanguage\":\"da-DK\",\"@id\":\"https:\\\/\\\/promsandweddings.se\\\/produkt\\\/brollopsklanning-fs2611-fran-vladiyan\\\/#primaryimage\",\"url\":\"https:\\\/\\\/promsandweddings.se\\\/wp-content\\\/uploads\\\/2026\\\/03\\\/FS-2611-1-scaled-1.jpg\",\"contentUrl\":\"https:\\\/\\\/promsandweddings.se\\\/wp-content\\\/uploads\\\/2026\\\/03\\\/FS-2611-1-scaled-1.jpg\",\"width\":1707,\"height\":2560},{\"@type\":\"BreadcrumbList\",\"@id\":\"https:\\\/\\\/promsandweddings.se\\\/produkt\\\/brollopsklanning-fs2611-fran-vladiyan\\\/#breadcrumb\",\"itemListElement\":[{\"@type\":\"ListItem\",\"position\":1,\"name\":\"Home\",\"item\":\"https:\\\/\\\/promsandweddings.se\\\/\"},{\"@type\":\"ListItem\",\"position\":2,\"name\":\"Webshop\",\"item\":\"https:\\\/\\\/promsandweddings.se\\\/webshop\\\/\"},{\"@type\":\"ListItem\",\"position\":3,\"name\":\"Br\u00f6llopskl\u00e4nning FS2611 fr\u00e5n Vladiyan\"}]},{\"@type\":\"WebSite\",\"@id\":\"https:\\\/\\\/promsandweddings.se\\\/#website\",\"url\":\"https:\\\/\\\/promsandweddings.se\\\/\",\"name\":\"Proms and Weddings\",\"description\":\"Hitta din dr\u00f6mkl\u00e4nning\",\"publisher\":{\"@id\":\"https:\\\/\\\/promsandweddings.se\\\/#organization\"},\"alternateName\":\"Proms & Weddings\",\"potentialAction\":[{\"@type\":\"SearchAction\",\"target\":{\"@type\":\"EntryPoint\",\"urlTemplate\":\"https:\\\/\\\/promsandweddings.se\\\/?s={search_term_string}\"},\"query-input\":{\"@type\":\"PropertyValueSpecification\",\"valueRequired\":true,\"valueName\":\"search_term_string\"}}],\"inLanguage\":\"da-DK\"},{\"@type\":\"Organization\",\"@id\":\"https:\\\/\\\/promsandweddings.se\\\/#organization\",\"name\":\"Proms & Weddings\",\"url\":\"https:\\\/\\\/promsandweddings.se\\\/\",\"logo\":{\"@type\":\"ImageObject\",\"inLanguage\":\"da-DK\",\"@id\":\"https:\\\/\\\/promsandweddings.se\\\/#\\\/schema\\\/logo\\\/image\\\/\",\"url\":\"https:\\\/\\\/promsandweddings.se\\\/wp-content\\\/uploads\\\/2026\\\/03\\\/pwlogosv-2-2.webp\",\"contentUrl\":\"https:\\\/\\\/promsandweddings.se\\\/wp-content\\\/uploads\\\/2026\\\/03\\\/pwlogosv-2-2.webp\",\"width\":556,\"height\":152,\"caption\":\"Proms & Weddings\"},\"image\":{\"@id\":\"https:\\\/\\\/promsandweddings.se\\\/#\\\/schema\\\/logo\\\/image\\\/\"},\"sameAs\":[\"https:\\\/\\\/www.facebook.com\\\/promsandweddings\",\"https:\\\/\\\/x.com\\\/PromsWeddings\",\"https:\\\/\\\/www.instagram.com\\\/promsandweddings\\\/\",\"https:\\\/\\\/www.youtube.com\\\/@promsandweddings\\\/shorts\",\"https:\\\/\\\/www.tiktok.com\\\/@promsandweddings\",\"https:\\\/\\\/se.pinterest.com\\\/promsandwedding\"]}]}<\/script>\n<!-- \/ Yoast SEO plugin. -->","yoast_head_json":{"title":"FS2611 Vladiyan \u2013 Bryllupskl\u00e6nning med Off-Shoulder","description":"FS2611 fra Vladiyan \u2013 en dramatisk bryllupskl\u00e6nning med off-shoulder, blondeermer, blomster applikationer og en elegant mermaid-silhuet.","robots":{"index":"index","follow":"follow","max-snippet":"max-snippet:-1","max-image-preview":"max-image-preview:large","max-video-preview":"max-video-preview:-1"},"canonical":"https:\/\/promsandweddings.se\/dk\/vare\/brollopsklanning-fs2611-fran-vladiyan\/","og_locale":"da_DK","og_type":"article","og_title":"FS2611 Vladiyan \u2013 Br\u00f6llopskl\u00e4nning med Off-Shoulder","og_description":"FS2611 fr\u00e5n Vladiyan \u2013 en dramatisk br\u00f6llopskl\u00e4nning med off-shoulder, spets\u00e4rmar, blommiga applikationer och en elegant mermaid-silhuett.","og_url":"https:\/\/promsandweddings.se\/dk\/vare\/brollopsklanning-fs2611-fran-vladiyan\/","og_site_name":"Proms and Weddings","article_publisher":"https:\/\/www.facebook.com\/promsandweddings","article_modified_time":"2026-03-15T22:46:35+00:00","og_image":[{"width":1707,"height":2560,"url":"https:\/\/promsandweddings.se\/wp-content\/uploads\/2026\/03\/FS-2611-1-scaled-1.jpg","type":"image\/jpeg"}],"twitter_card":"summary_large_image","twitter_site":"@PromsWeddings","twitter_misc":{"Estimeret l\u00e6setid":"1 minut"},"schema":{"@context":"https:\/\/schema.org","@graph":[{"@type":"WebPage","@id":"https:\/\/promsandweddings.se\/produkt\/brollopsklanning-fs2611-fran-vladiyan\/","url":"https:\/\/promsandweddings.se\/produkt\/brollopsklanning-fs2611-fran-vladiyan\/","name":"FS2611 Vladiyan \u2013 Bryllupskl\u00e6nning med Off-Shoulder","isPartOf":{"@id":"https:\/\/promsandweddings.se\/#website"},"primaryImageOfPage":{"@id":"https:\/\/promsandweddings.se\/produkt\/brollopsklanning-fs2611-fran-vladiyan\/#primaryimage"},"image":{"@id":"https:\/\/promsandweddings.se\/produkt\/brollopsklanning-fs2611-fran-vladiyan\/#primaryimage"},"thumbnailUrl":"https:\/\/promsandweddings.se\/wp-content\/uploads\/2026\/03\/FS-2611-1-scaled-1.jpg","datePublished":"2026-03-15T22:42:03+00:00","dateModified":"2026-03-15T22:46:35+00:00","description":"FS2611 fra Vladiyan \u2013 en dramatisk bryllupskl\u00e6nning med off-shoulder, blondeermer, blomster applikationer og en elegant mermaid-silhuet.","breadcrumb":{"@id":"https:\/\/promsandweddings.se\/produkt\/brollopsklanning-fs2611-fran-vladiyan\/#breadcrumb"},"inLanguage":"da-DK","potentialAction":[{"@type":"ReadAction","target":["https:\/\/promsandweddings.se\/produkt\/brollopsklanning-fs2611-fran-vladiyan\/"]}]},{"@type":"ImageObject","inLanguage":"da-DK","@id":"https:\/\/promsandweddings.se\/produkt\/brollopsklanning-fs2611-fran-vladiyan\/#primaryimage","url":"https:\/\/promsandweddings.se\/wp-content\/uploads\/2026\/03\/FS-2611-1-scaled-1.jpg","contentUrl":"https:\/\/promsandweddings.se\/wp-content\/uploads\/2026\/03\/FS-2611-1-scaled-1.jpg","width":1707,"height":2560},{"@type":"BreadcrumbList","@id":"https:\/\/promsandweddings.se\/produkt\/brollopsklanning-fs2611-fran-vladiyan\/#breadcrumb","itemListElement":[{"@type":"ListItem","position":1,"name":"Home","item":"https:\/\/promsandweddings.se\/"},{"@type":"ListItem","position":2,"name":"Webshop","item":"https:\/\/promsandweddings.se\/webshop\/"},{"@type":"ListItem","position":3,"name":"Br\u00f6llopskl\u00e4nning FS2611 fr\u00e5n Vladiyan"}]},{"@type":"WebSite","@id":"https:\/\/promsandweddings.se\/#website","url":"https:\/\/promsandweddings.se\/","name":"Proms and Weddings","description":"Find din dr\u00f8mmekjole","publisher":{"@id":"https:\/\/promsandweddings.se\/#organization"},"alternateName":"Proms & Weddings","potentialAction":[{"@type":"SearchAction","target":{"@type":"EntryPoint","urlTemplate":"https:\/\/promsandweddings.se\/?s={search_term_string}"},"query-input":{"@type":"PropertyValueSpecification","valueRequired":true,"valueName":"search_term_string"}}],"inLanguage":"da-DK"},{"@type":"Organization","@id":"https:\/\/promsandweddings.se\/#organization","name":"Proms &amp; Weddings","url":"https:\/\/promsandweddings.se\/","logo":{"@type":"ImageObject","inLanguage":"da-DK","@id":"https:\/\/promsandweddings.se\/#\/schema\/logo\/image\/","url":"https:\/\/promsandweddings.se\/wp-content\/uploads\/2026\/03\/pwlogosv-2-2.webp","contentUrl":"https:\/\/promsandweddings.se\/wp-content\/uploads\/2026\/03\/pwlogosv-2-2.webp","width":556,"height":152,"caption":"Proms & Weddings"},"image":{"@id":"https:\/\/promsandweddings.se\/#\/schema\/logo\/image\/"},"sameAs":["https:\/\/www.facebook.com\/promsandweddings","https:\/\/x.com\/PromsWeddings","https:\/\/www.instagram.com\/promsandweddings\/","https:\/\/www.youtube.com\/@promsandweddings\/shorts","https:\/\/www.tiktok.com\/@promsandweddings","https:\/\/se.pinterest.com\/promsandwedding"]}]}},"jetpack_sharing_enabled":true,"brands":[],"_links":{"self":[{"href":"https:\/\/promsandweddings.se\/dk\/wp-json\/wp\/v2\/product\/28468","targetHints":{"allow":["GET"]}}],"collection":[{"href":"https:\/\/promsandweddings.se\/dk\/wp-json\/wp\/v2\/product"}],"about":[{"href":"https:\/\/promsandweddings.se\/dk\/wp-json\/wp\/v2\/types\/product"}],"wp:featuredmedia":[{"embeddable":true,"href":"https:\/\/promsandweddings.se\/dk\/wp-json\/wp\/v2\/media\/28598"}],"wp:attachment":[{"href":"https:\/\/promsandweddings.se\/dk\/wp-json\/wp\/v2\/media?parent=28468"}],"wp:term":[{"taxonomy":"pwb-brand","embeddable":true,"href":"https:\/\/promsandweddings.se\/dk\/wp-json\/wp\/v2\/pwb-brand?post=28468"},{"taxonomy":"product_brand","embeddable":true,"href":"https:\/\/promsandweddings.se\/dk\/wp-json\/wp\/v2\/product_brand?post=28468"},{"taxonomy":"product_cat","embeddable":true,"href":"https:\/\/promsandweddings.se\/dk\/wp-json\/wp\/v2\/product_cat?post=28468"},{"taxonomy":"product_tag","embeddable":true,"href":"https:\/\/promsandweddings.se\/dk\/wp-json\/wp\/v2\/product_tag?post=28468"}],"curies":[{"name":"wp","href":"https:\/\/api.w.org\/{rel}","templated":true}]}}