{"id":28484,"date":"2026-03-15T23:42:37","date_gmt":"2026-03-15T22:42:37","guid":{"rendered":"https:\/\/promsandweddings.se\/?post_type=product&#038;p=28484"},"modified":"2026-03-15T23:46:44","modified_gmt":"2026-03-15T22:46:44","slug":"maggie-sottero-devon-brollopsklanning","status":"publish","type":"product","link":"https:\/\/promsandweddings.se\/dk\/produkt\/maggie-sottero-devon-brollopsklanning\/","title":{"rendered":"Maggie Sottero Devon bryllupskjole"},"content":{"rendered":"<p>Devon fra Maggie Sottero er en brudekjole for bruden, der \u00f8nsker at kombinere enkelhed, elegance og subtil glamour. Dette fit-and-flare-design former kroppen p\u00e5 en smickrende m\u00e5de og fremh\u00e6ver silhuetten med en bl\u00f8d og feminin linje.<\/p>\n<p>Kjolen er d\u00e6kket af delikat blondedetaljer, der giver liv til den klassiske model. Den stropl\u00f8se overdel har en markeret korsettekonstruktion, der skaber en stilfull kontrast mellem det romantiske og det moderne. De transparente detaljer i livet giver en sofistikeret fornemmelse og fremh\u00e6ver designets couture-inspiration. Blondedtaljerne l\u00f8ber problemfrit over hele kjolen og afsluttes i et sl\u00e6b, der bev\u00e6ger sig graci\u00f8st ved hvert skridt.<\/p>\n<p>Devon passer perfekt til b\u00e5de intime bryllup og storsl\u00e5ede ceremonier. Den rene silhuet giver bruden frihed til at style sit look med en sl\u00f8r, smykker eller accessories. Takket v\u00e6re det tidl\u00f8se blondedetaljer bliver kjolen et naturligt valg for bruden, der \u00f8nsker at f\u00f8le sig elegant, men ogs\u00e5 moderne.<\/p>","protected":false},"excerpt":{"rendered":"<p class=\"ng-binding\"><span style=\"font-size: 16px;\"><strong data-start=\"0\" data-end=\"9\" data-is-only-node=\"\">Devon<\/strong>\u00a0er en brudekjole fra\u00a0<strong data-start=\"38\" data-end=\"79\"><span class=\"hover:entity-accent entity-underline inline cursor-pointer align-baseline\"><span class=\"whitespace-normal\">Maggie Sottero<\/span><\/span><\/strong>.<br data-start=\"80\" data-end=\"83\" \/>En sofistikerad och modern br\u00f6llopskl\u00e4nning med tydlig silhuett, rena linjer och eleganta detaljer som ger ett sj\u00e4lvs\u00e4kert men tidl\u00f6st uttryck. Devon passar bruden som vill kombinera klassisk elegans med en samtida k\u00e4nsla.<br data-start=\"297\" data-end=\"300\" \/><br data-start=\"382\" data-end=\"385\" \/><em data-start=\"385\" data-end=\"442\" data-is-last-node=\"\">(Kontakt os for sp\u00f8rgsm\u00e5l vedr\u00f8rende priser, booking osv.)<\/em><\/span><\/p>\n<p>&nbsp;<\/p>","protected":false},"featured_media":28607,"template":"","meta":[],"pwb-brand":[],"product_brand":[],"product_cat":[16,39,40,17],"product_tag":[25,22,41],"class_list":{"0":"post-28484","1":"product","2":"type-product","3":"status-publish","4":"has-post-thumbnail","6":"product_cat-klanningar","7":"product_cat-maggie-sottero","8":"product_cat-maggie-sottero-2019","9":"product_cat-brudklanningar","10":"product_tag-brollopsklanning","11":"product_tag-brudklanning","12":"product_tag-maggie-sottero","14":"first","15":"instock","16":"shipping-taxable","17":"product-type-simple"},"yoast_head":"<!-- This site is optimized with the Yoast SEO plugin v27.4 - https:\/\/yoast.com\/product\/yoast-seo-wordpress\/ -->\n<title>Devon Brudkl\u00e4nning \u2013 Maggie Sottero | Strapless spets<\/title>\n<meta name=\"description\" content=\"Devon fr\u00e5n Maggie Sottero \u2013 en strapless fit-and-flare brudkl\u00e4nning i spets med korsettliv och elegant sl\u00e4p. Tidl\u00f6s och modern p\u00e5 samma g\u00e5ng.\" \/>\n<meta name=\"robots\" content=\"index, follow, max-snippet:-1, max-image-preview:large, max-video-preview:-1\" \/>\n<link rel=\"canonical\" href=\"https:\/\/promsandweddings.se\/dk\/vare\/maggie-sottero-devon-brollopsklanning\/\" \/>\n<meta property=\"og:locale\" content=\"da_DK\" \/>\n<meta property=\"og:type\" content=\"article\" \/>\n<meta property=\"og:title\" content=\"Devon Brudkl\u00e4nning \u2013 Maggie Sottero | Strapless spets\" \/>\n<meta property=\"og:description\" content=\"Devon fr\u00e5n Maggie Sottero \u2013 en strapless fit-and-flare brudkl\u00e4nning i spets med korsettliv och elegant sl\u00e4p. Tidl\u00f6s och modern p\u00e5 samma g\u00e5ng.\" \/>\n<meta property=\"og:url\" content=\"https:\/\/promsandweddings.se\/dk\/vare\/maggie-sottero-devon-brollopsklanning\/\" \/>\n<meta property=\"og:site_name\" content=\"Proms and Weddings\" \/>\n<meta property=\"article:publisher\" content=\"https:\/\/www.facebook.com\/promsandweddings\" \/>\n<meta property=\"article:modified_time\" content=\"2026-03-15T22:46:44+00:00\" \/>\n<meta property=\"og:image\" content=\"https:\/\/promsandweddings.se\/wp-content\/uploads\/2026\/03\/Maggie-Sottero-Devon-Fit-and-Flare-Wedding-Dress-25MB878A01-Alt50-IV002.jpg\" \/>\n\t<meta property=\"og:image:width\" content=\"768\" \/>\n\t<meta property=\"og:image:height\" content=\"1024\" \/>\n\t<meta property=\"og:image:type\" content=\"image\/jpeg\" \/>\n<meta name=\"twitter:card\" content=\"summary_large_image\" \/>\n<meta name=\"twitter:site\" content=\"@PromsWeddings\" \/>\n<meta name=\"twitter:label1\" content=\"Estimeret l\u00e6setid\" \/>\n\t<meta name=\"twitter:data1\" content=\"1 minut\" \/>\n<script type=\"application\/ld+json\" class=\"yoast-schema-graph\">{\"@context\":\"https:\\\/\\\/schema.org\",\"@graph\":[{\"@type\":\"WebPage\",\"@id\":\"https:\\\/\\\/promsandweddings.se\\\/produkt\\\/maggie-sottero-devon-brollopsklanning\\\/\",\"url\":\"https:\\\/\\\/promsandweddings.se\\\/produkt\\\/maggie-sottero-devon-brollopsklanning\\\/\",\"name\":\"Devon Brudkl\u00e4nning \u2013 Maggie Sottero | Strapless spets\",\"isPartOf\":{\"@id\":\"https:\\\/\\\/promsandweddings.se\\\/#website\"},\"primaryImageOfPage\":{\"@id\":\"https:\\\/\\\/promsandweddings.se\\\/produkt\\\/maggie-sottero-devon-brollopsklanning\\\/#primaryimage\"},\"image\":{\"@id\":\"https:\\\/\\\/promsandweddings.se\\\/produkt\\\/maggie-sottero-devon-brollopsklanning\\\/#primaryimage\"},\"thumbnailUrl\":\"https:\\\/\\\/promsandweddings.se\\\/wp-content\\\/uploads\\\/2026\\\/03\\\/Maggie-Sottero-Devon-Fit-and-Flare-Wedding-Dress-25MB878A01-Alt50-IV002.jpg\",\"datePublished\":\"2026-03-15T22:42:37+00:00\",\"dateModified\":\"2026-03-15T22:46:44+00:00\",\"description\":\"Devon fr\u00e5n Maggie Sottero \u2013 en strapless fit-and-flare brudkl\u00e4nning i spets med korsettliv och elegant sl\u00e4p. Tidl\u00f6s och modern p\u00e5 samma g\u00e5ng.\",\"breadcrumb\":{\"@id\":\"https:\\\/\\\/promsandweddings.se\\\/produkt\\\/maggie-sottero-devon-brollopsklanning\\\/#breadcrumb\"},\"inLanguage\":\"da-DK\",\"potentialAction\":[{\"@type\":\"ReadAction\",\"target\":[\"https:\\\/\\\/promsandweddings.se\\\/produkt\\\/maggie-sottero-devon-brollopsklanning\\\/\"]}]},{\"@type\":\"ImageObject\",\"inLanguage\":\"da-DK\",\"@id\":\"https:\\\/\\\/promsandweddings.se\\\/produkt\\\/maggie-sottero-devon-brollopsklanning\\\/#primaryimage\",\"url\":\"https:\\\/\\\/promsandweddings.se\\\/wp-content\\\/uploads\\\/2026\\\/03\\\/Maggie-Sottero-Devon-Fit-and-Flare-Wedding-Dress-25MB878A01-Alt50-IV002.jpg\",\"contentUrl\":\"https:\\\/\\\/promsandweddings.se\\\/wp-content\\\/uploads\\\/2026\\\/03\\\/Maggie-Sottero-Devon-Fit-and-Flare-Wedding-Dress-25MB878A01-Alt50-IV002.jpg\",\"width\":768,\"height\":1024},{\"@type\":\"BreadcrumbList\",\"@id\":\"https:\\\/\\\/promsandweddings.se\\\/produkt\\\/maggie-sottero-devon-brollopsklanning\\\/#breadcrumb\",\"itemListElement\":[{\"@type\":\"ListItem\",\"position\":1,\"name\":\"Home\",\"item\":\"https:\\\/\\\/promsandweddings.se\\\/\"},{\"@type\":\"ListItem\",\"position\":2,\"name\":\"Webshop\",\"item\":\"https:\\\/\\\/promsandweddings.se\\\/webshop\\\/\"},{\"@type\":\"ListItem\",\"position\":3,\"name\":\"Maggie Sottero Devon br\u00f6llopskl\u00e4nning\"}]},{\"@type\":\"WebSite\",\"@id\":\"https:\\\/\\\/promsandweddings.se\\\/#website\",\"url\":\"https:\\\/\\\/promsandweddings.se\\\/\",\"name\":\"Proms and Weddings\",\"description\":\"Hitta din dr\u00f6mkl\u00e4nning\",\"publisher\":{\"@id\":\"https:\\\/\\\/promsandweddings.se\\\/#organization\"},\"alternateName\":\"Proms & Weddings\",\"potentialAction\":[{\"@type\":\"SearchAction\",\"target\":{\"@type\":\"EntryPoint\",\"urlTemplate\":\"https:\\\/\\\/promsandweddings.se\\\/?s={search_term_string}\"},\"query-input\":{\"@type\":\"PropertyValueSpecification\",\"valueRequired\":true,\"valueName\":\"search_term_string\"}}],\"inLanguage\":\"da-DK\"},{\"@type\":\"Organization\",\"@id\":\"https:\\\/\\\/promsandweddings.se\\\/#organization\",\"name\":\"Proms & Weddings\",\"url\":\"https:\\\/\\\/promsandweddings.se\\\/\",\"logo\":{\"@type\":\"ImageObject\",\"inLanguage\":\"da-DK\",\"@id\":\"https:\\\/\\\/promsandweddings.se\\\/#\\\/schema\\\/logo\\\/image\\\/\",\"url\":\"https:\\\/\\\/promsandweddings.se\\\/wp-content\\\/uploads\\\/2026\\\/03\\\/pwlogosv-2-2.webp\",\"contentUrl\":\"https:\\\/\\\/promsandweddings.se\\\/wp-content\\\/uploads\\\/2026\\\/03\\\/pwlogosv-2-2.webp\",\"width\":556,\"height\":152,\"caption\":\"Proms & Weddings\"},\"image\":{\"@id\":\"https:\\\/\\\/promsandweddings.se\\\/#\\\/schema\\\/logo\\\/image\\\/\"},\"sameAs\":[\"https:\\\/\\\/www.facebook.com\\\/promsandweddings\",\"https:\\\/\\\/x.com\\\/PromsWeddings\",\"https:\\\/\\\/www.instagram.com\\\/promsandweddings\\\/\",\"https:\\\/\\\/www.youtube.com\\\/@promsandweddings\\\/shorts\",\"https:\\\/\\\/www.tiktok.com\\\/@promsandweddings\",\"https:\\\/\\\/se.pinterest.com\\\/promsandwedding\"]}]}<\/script>\n<!-- \/ Yoast SEO plugin. -->","yoast_head_json":{"title":"Devon Brudekjole \u2013 Maggie Sottero | Stropl\u00f8s blondedetaljer","description":"Devon fra Maggie Sottero \u2013 en stropl\u00f8s fit-and-flare brudekjole i blondedetaljer med korsettliv og elegant sl\u00e6b. Tidl\u00f8s og moderne p\u00e5 samme tid.","robots":{"index":"index","follow":"follow","max-snippet":"max-snippet:-1","max-image-preview":"max-image-preview:large","max-video-preview":"max-video-preview:-1"},"canonical":"https:\/\/promsandweddings.se\/dk\/vare\/maggie-sottero-devon-brollopsklanning\/","og_locale":"da_DK","og_type":"article","og_title":"Devon Brudkl\u00e4nning \u2013 Maggie Sottero | Strapless spets","og_description":"Devon fr\u00e5n Maggie Sottero \u2013 en strapless fit-and-flare brudkl\u00e4nning i spets med korsettliv och elegant sl\u00e4p. Tidl\u00f6s och modern p\u00e5 samma g\u00e5ng.","og_url":"https:\/\/promsandweddings.se\/dk\/vare\/maggie-sottero-devon-brollopsklanning\/","og_site_name":"Proms and Weddings","article_publisher":"https:\/\/www.facebook.com\/promsandweddings","article_modified_time":"2026-03-15T22:46:44+00:00","og_image":[{"width":768,"height":1024,"url":"https:\/\/promsandweddings.se\/wp-content\/uploads\/2026\/03\/Maggie-Sottero-Devon-Fit-and-Flare-Wedding-Dress-25MB878A01-Alt50-IV002.jpg","type":"image\/jpeg"}],"twitter_card":"summary_large_image","twitter_site":"@PromsWeddings","twitter_misc":{"Estimeret l\u00e6setid":"1 minut"},"schema":{"@context":"https:\/\/schema.org","@graph":[{"@type":"WebPage","@id":"https:\/\/promsandweddings.se\/produkt\/maggie-sottero-devon-brollopsklanning\/","url":"https:\/\/promsandweddings.se\/produkt\/maggie-sottero-devon-brollopsklanning\/","name":"Devon Brudekjole \u2013 Maggie Sottero | Stropl\u00f8s blondedetaljer","isPartOf":{"@id":"https:\/\/promsandweddings.se\/#website"},"primaryImageOfPage":{"@id":"https:\/\/promsandweddings.se\/produkt\/maggie-sottero-devon-brollopsklanning\/#primaryimage"},"image":{"@id":"https:\/\/promsandweddings.se\/produkt\/maggie-sottero-devon-brollopsklanning\/#primaryimage"},"thumbnailUrl":"https:\/\/promsandweddings.se\/wp-content\/uploads\/2026\/03\/Maggie-Sottero-Devon-Fit-and-Flare-Wedding-Dress-25MB878A01-Alt50-IV002.jpg","datePublished":"2026-03-15T22:42:37+00:00","dateModified":"2026-03-15T22:46:44+00:00","description":"Devon fra Maggie Sottero \u2013 en stropl\u00f8s fit-and-flare brudekjole i blondedetaljer med korsettliv og elegant sl\u00e6b. Tidl\u00f8s og moderne p\u00e5 samme tid.","breadcrumb":{"@id":"https:\/\/promsandweddings.se\/produkt\/maggie-sottero-devon-brollopsklanning\/#breadcrumb"},"inLanguage":"da-DK","potentialAction":[{"@type":"ReadAction","target":["https:\/\/promsandweddings.se\/produkt\/maggie-sottero-devon-brollopsklanning\/"]}]},{"@type":"ImageObject","inLanguage":"da-DK","@id":"https:\/\/promsandweddings.se\/produkt\/maggie-sottero-devon-brollopsklanning\/#primaryimage","url":"https:\/\/promsandweddings.se\/wp-content\/uploads\/2026\/03\/Maggie-Sottero-Devon-Fit-and-Flare-Wedding-Dress-25MB878A01-Alt50-IV002.jpg","contentUrl":"https:\/\/promsandweddings.se\/wp-content\/uploads\/2026\/03\/Maggie-Sottero-Devon-Fit-and-Flare-Wedding-Dress-25MB878A01-Alt50-IV002.jpg","width":768,"height":1024},{"@type":"BreadcrumbList","@id":"https:\/\/promsandweddings.se\/produkt\/maggie-sottero-devon-brollopsklanning\/#breadcrumb","itemListElement":[{"@type":"ListItem","position":1,"name":"Home","item":"https:\/\/promsandweddings.se\/"},{"@type":"ListItem","position":2,"name":"Webshop","item":"https:\/\/promsandweddings.se\/webshop\/"},{"@type":"ListItem","position":3,"name":"Maggie Sottero Devon br\u00f6llopskl\u00e4nning"}]},{"@type":"WebSite","@id":"https:\/\/promsandweddings.se\/#website","url":"https:\/\/promsandweddings.se\/","name":"Proms and Weddings","description":"Find din dr\u00f8mmekjole","publisher":{"@id":"https:\/\/promsandweddings.se\/#organization"},"alternateName":"Proms & Weddings","potentialAction":[{"@type":"SearchAction","target":{"@type":"EntryPoint","urlTemplate":"https:\/\/promsandweddings.se\/?s={search_term_string}"},"query-input":{"@type":"PropertyValueSpecification","valueRequired":true,"valueName":"search_term_string"}}],"inLanguage":"da-DK"},{"@type":"Organization","@id":"https:\/\/promsandweddings.se\/#organization","name":"Proms &amp; Weddings","url":"https:\/\/promsandweddings.se\/","logo":{"@type":"ImageObject","inLanguage":"da-DK","@id":"https:\/\/promsandweddings.se\/#\/schema\/logo\/image\/","url":"https:\/\/promsandweddings.se\/wp-content\/uploads\/2026\/03\/pwlogosv-2-2.webp","contentUrl":"https:\/\/promsandweddings.se\/wp-content\/uploads\/2026\/03\/pwlogosv-2-2.webp","width":556,"height":152,"caption":"Proms & Weddings"},"image":{"@id":"https:\/\/promsandweddings.se\/#\/schema\/logo\/image\/"},"sameAs":["https:\/\/www.facebook.com\/promsandweddings","https:\/\/x.com\/PromsWeddings","https:\/\/www.instagram.com\/promsandweddings\/","https:\/\/www.youtube.com\/@promsandweddings\/shorts","https:\/\/www.tiktok.com\/@promsandweddings","https:\/\/se.pinterest.com\/promsandwedding"]}]}},"jetpack_sharing_enabled":true,"brands":[],"_links":{"self":[{"href":"https:\/\/promsandweddings.se\/dk\/wp-json\/wp\/v2\/product\/28484","targetHints":{"allow":["GET"]}}],"collection":[{"href":"https:\/\/promsandweddings.se\/dk\/wp-json\/wp\/v2\/product"}],"about":[{"href":"https:\/\/promsandweddings.se\/dk\/wp-json\/wp\/v2\/types\/product"}],"wp:featuredmedia":[{"embeddable":true,"href":"https:\/\/promsandweddings.se\/dk\/wp-json\/wp\/v2\/media\/28607"}],"wp:attachment":[{"href":"https:\/\/promsandweddings.se\/dk\/wp-json\/wp\/v2\/media?parent=28484"}],"wp:term":[{"taxonomy":"pwb-brand","embeddable":true,"href":"https:\/\/promsandweddings.se\/dk\/wp-json\/wp\/v2\/pwb-brand?post=28484"},{"taxonomy":"product_brand","embeddable":true,"href":"https:\/\/promsandweddings.se\/dk\/wp-json\/wp\/v2\/product_brand?post=28484"},{"taxonomy":"product_cat","embeddable":true,"href":"https:\/\/promsandweddings.se\/dk\/wp-json\/wp\/v2\/product_cat?post=28484"},{"taxonomy":"product_tag","embeddable":true,"href":"https:\/\/promsandweddings.se\/dk\/wp-json\/wp\/v2\/product_tag?post=28484"}],"curies":[{"name":"wp","href":"https:\/\/api.w.org\/{rel}","templated":true}]}}