{"id":28526,"date":"2026-03-15T23:43:53","date_gmt":"2026-03-15T22:43:53","guid":{"rendered":"https:\/\/promsandweddings.se\/?post_type=product&#038;p=28526"},"modified":"2026-03-15T23:47:08","modified_gmt":"2026-03-15T22:47:08","slug":"nicole-milano-izaiar-brudklanning","status":"publish","type":"product","link":"https:\/\/promsandweddings.se\/dk\/produkt\/nicole-milano-izaiar-brudklanning\/","title":{"rendered":"Nicole Milano Izaiar brudekjole"},"content":{"rendered":"<p>&nbsp;<\/p>\n<p data-start=\"129\" data-end=\"333\">Izaiar fra Nicole Milano er en brudekjole som forvandles hvert skridt til ren elegance. Den romantiske ballgown-silhuet giver en majest\u00e6tisk f\u00f8lelse og skaber et look som b\u00e5de imponerer og forhekser.<\/p>\n<p data-start=\"335\" data-end=\"648\">Kjolen har en stropl\u00f8s overdel med hjerteformet udsk\u00e6ring. Livet er skabt i illusionsstof med korsetinspirerede linjer som fremh\u00e6ver figuren og giver en sofistikeret men sensuel effekt. Blondeapplikationer med blomstermotiv d\u00e6kker bodyen og overg\u00e5r blidt til kjolen, hvilket skaber en naturlig harmoni i designet.<\/p>\n<p data-start=\"650\" data-end=\"908\">Kjolen er gener\u00f8s og volumin\u00f8s med flere lag tyl. Den bev\u00e6ger sig let og fanger lyset ved hvert skridt, hvilket g\u00f8r, at bruden f\u00e5r en f\u00f8lelse af b\u00e5de magi og grace. De blomstrede blonddetaljer forts\u00e6tter ned over kjolen og forst\u00e6rker den romantiske aura.<\/p>\n<p data-start=\"910\" data-end=\"1195\">Izaiar tilbyder ogs\u00e5 fleksibilitet. Bruden kan v\u00e6lge at b\u00e6re kjolen, som den er for et klassisk stropl\u00f8st look, eller supplere med et sl\u00f8r for at skabe ekstra dramatik. Det tidl\u00f8se design passer lige s\u00e5 godt til et pomp\u00f8st kirkebr\u00f6llup som til en romantisk vielse i haven.<\/p>","protected":false},"excerpt":{"rendered":"<p><strong> Izaiar\u00a0<\/strong>er en brudekjole fra<strong>\u00a0<span class=\"hover:entity-accent entity-underline inline cursor-pointer align-baseline\"><span class=\"whitespace-normal\">Nicole Milano<\/span><\/span>.<\/strong><br data-start=\"81\" data-end=\"84\" \/>En modern och sj\u00e4lvs\u00e4ker br\u00f6llopskl\u00e4nning med tydlig silhuett, rena linjer och exklusiva detaljer som ger ett sofistikerat och samtida uttryck. Izaiar k\u00e4nns stark och elegant \u2013 f\u00f6r bruden som vill kombinera stilren design med personlighet.<\/p>\n<div class=\"product attribute overview\">\n<h2 class=\"value\"><b style=\"font-size: 16px; font-style: italic;\">(K<\/b><i style=\"font-size: 16px;\">ontakt os for sp\u00f8rgsm\u00e5l vedr\u00f8rende priser, booking osv.)<\/i><\/h2>\n<\/div>\n<p>&nbsp;<\/p>","protected":false},"featured_media":28639,"template":"","meta":[],"pwb-brand":[],"product_brand":[],"product_cat":[16,176],"product_tag":[167,25,22],"class_list":{"0":"post-28526","1":"product","2":"type-product","3":"status-publish","4":"has-post-thumbnail","6":"product_cat-klanningar","7":"product_cat-nicole-milano","8":"product_tag-brollop","9":"product_tag-brollopsklanning","10":"product_tag-brudklanning","12":"first","13":"instock","14":"shipping-taxable","15":"product-type-simple"},"yoast_head":"<!-- This site is optimized with the Yoast SEO plugin v27.4 - https:\/\/yoast.com\/product\/yoast-seo-wordpress\/ -->\n<title>Izaiar Brudkl\u00e4nning \u2013 Nicole Milano | Romantisk ballgown i spets<\/title>\n<meta name=\"description\" content=\"Izaiar fr\u00e5n Nicole Milano \u2013 en romantisk ballgown i spets med hj\u00e4rtformad urringning, korsettliv och volumin\u00f6s kjol i tyll.\" \/>\n<meta name=\"robots\" content=\"index, follow, max-snippet:-1, max-image-preview:large, max-video-preview:-1\" \/>\n<link rel=\"canonical\" href=\"https:\/\/promsandweddings.se\/dk\/vare\/nicole-milano-izaiar-brudklanning\/\" \/>\n<meta property=\"og:locale\" content=\"da_DK\" \/>\n<meta property=\"og:type\" content=\"article\" \/>\n<meta property=\"og:title\" content=\"Izaiar Brudkl\u00e4nning \u2013 Nicole Milano | Romantisk ballgown i spets\" \/>\n<meta property=\"og:description\" content=\"Izaiar fr\u00e5n Nicole Milano \u2013 en romantisk ballgown i spets med hj\u00e4rtformad urringning, korsettliv och volumin\u00f6s kjol i tyll.\" \/>\n<meta property=\"og:url\" content=\"https:\/\/promsandweddings.se\/dk\/vare\/nicole-milano-izaiar-brudklanning\/\" \/>\n<meta property=\"og:site_name\" content=\"Proms and Weddings\" \/>\n<meta property=\"article:publisher\" content=\"https:\/\/www.facebook.com\/promsandweddings\" \/>\n<meta property=\"article:modified_time\" content=\"2026-03-15T22:47:08+00:00\" \/>\n<meta property=\"og:image\" content=\"https:\/\/promsandweddings.se\/wp-content\/uploads\/2026\/03\/izaiar-b-839f8d28.webp\" \/>\n\t<meta property=\"og:image:width\" content=\"448\" \/>\n\t<meta property=\"og:image:height\" content=\"597\" \/>\n\t<meta property=\"og:image:type\" content=\"image\/webp\" \/>\n<meta name=\"twitter:card\" content=\"summary_large_image\" \/>\n<meta name=\"twitter:site\" content=\"@PromsWeddings\" \/>\n<meta name=\"twitter:label1\" content=\"Estimeret l\u00e6setid\" \/>\n\t<meta name=\"twitter:data1\" content=\"1 minut\" \/>\n<script type=\"application\/ld+json\" class=\"yoast-schema-graph\">{\"@context\":\"https:\\\/\\\/schema.org\",\"@graph\":[{\"@type\":\"WebPage\",\"@id\":\"https:\\\/\\\/promsandweddings.se\\\/produkt\\\/nicole-milano-izaiar-brudklanning\\\/\",\"url\":\"https:\\\/\\\/promsandweddings.se\\\/produkt\\\/nicole-milano-izaiar-brudklanning\\\/\",\"name\":\"Izaiar Brudkl\u00e4nning \u2013 Nicole Milano | Romantisk ballgown i spets\",\"isPartOf\":{\"@id\":\"https:\\\/\\\/promsandweddings.se\\\/#website\"},\"primaryImageOfPage\":{\"@id\":\"https:\\\/\\\/promsandweddings.se\\\/produkt\\\/nicole-milano-izaiar-brudklanning\\\/#primaryimage\"},\"image\":{\"@id\":\"https:\\\/\\\/promsandweddings.se\\\/produkt\\\/nicole-milano-izaiar-brudklanning\\\/#primaryimage\"},\"thumbnailUrl\":\"https:\\\/\\\/promsandweddings.se\\\/wp-content\\\/uploads\\\/2026\\\/03\\\/izaiar-b-839f8d28.webp\",\"datePublished\":\"2026-03-15T22:43:53+00:00\",\"dateModified\":\"2026-03-15T22:47:08+00:00\",\"description\":\"Izaiar fr\u00e5n Nicole Milano \u2013 en romantisk ballgown i spets med hj\u00e4rtformad urringning, korsettliv och volumin\u00f6s kjol i tyll.\",\"breadcrumb\":{\"@id\":\"https:\\\/\\\/promsandweddings.se\\\/produkt\\\/nicole-milano-izaiar-brudklanning\\\/#breadcrumb\"},\"inLanguage\":\"da-DK\",\"potentialAction\":[{\"@type\":\"ReadAction\",\"target\":[\"https:\\\/\\\/promsandweddings.se\\\/produkt\\\/nicole-milano-izaiar-brudklanning\\\/\"]}]},{\"@type\":\"ImageObject\",\"inLanguage\":\"da-DK\",\"@id\":\"https:\\\/\\\/promsandweddings.se\\\/produkt\\\/nicole-milano-izaiar-brudklanning\\\/#primaryimage\",\"url\":\"https:\\\/\\\/promsandweddings.se\\\/wp-content\\\/uploads\\\/2026\\\/03\\\/izaiar-b-839f8d28.webp\",\"contentUrl\":\"https:\\\/\\\/promsandweddings.se\\\/wp-content\\\/uploads\\\/2026\\\/03\\\/izaiar-b-839f8d28.webp\",\"width\":448,\"height\":597},{\"@type\":\"BreadcrumbList\",\"@id\":\"https:\\\/\\\/promsandweddings.se\\\/produkt\\\/nicole-milano-izaiar-brudklanning\\\/#breadcrumb\",\"itemListElement\":[{\"@type\":\"ListItem\",\"position\":1,\"name\":\"Home\",\"item\":\"https:\\\/\\\/promsandweddings.se\\\/\"},{\"@type\":\"ListItem\",\"position\":2,\"name\":\"Webshop\",\"item\":\"https:\\\/\\\/promsandweddings.se\\\/webshop\\\/\"},{\"@type\":\"ListItem\",\"position\":3,\"name\":\"Nicole Milano Izaiar brudkl\u00e4nning\"}]},{\"@type\":\"WebSite\",\"@id\":\"https:\\\/\\\/promsandweddings.se\\\/#website\",\"url\":\"https:\\\/\\\/promsandweddings.se\\\/\",\"name\":\"Proms and Weddings\",\"description\":\"Hitta din dr\u00f6mkl\u00e4nning\",\"publisher\":{\"@id\":\"https:\\\/\\\/promsandweddings.se\\\/#organization\"},\"alternateName\":\"Proms & Weddings\",\"potentialAction\":[{\"@type\":\"SearchAction\",\"target\":{\"@type\":\"EntryPoint\",\"urlTemplate\":\"https:\\\/\\\/promsandweddings.se\\\/?s={search_term_string}\"},\"query-input\":{\"@type\":\"PropertyValueSpecification\",\"valueRequired\":true,\"valueName\":\"search_term_string\"}}],\"inLanguage\":\"da-DK\"},{\"@type\":\"Organization\",\"@id\":\"https:\\\/\\\/promsandweddings.se\\\/#organization\",\"name\":\"Proms & Weddings\",\"url\":\"https:\\\/\\\/promsandweddings.se\\\/\",\"logo\":{\"@type\":\"ImageObject\",\"inLanguage\":\"da-DK\",\"@id\":\"https:\\\/\\\/promsandweddings.se\\\/#\\\/schema\\\/logo\\\/image\\\/\",\"url\":\"https:\\\/\\\/promsandweddings.se\\\/wp-content\\\/uploads\\\/2026\\\/03\\\/pwlogosv-2-2.webp\",\"contentUrl\":\"https:\\\/\\\/promsandweddings.se\\\/wp-content\\\/uploads\\\/2026\\\/03\\\/pwlogosv-2-2.webp\",\"width\":556,\"height\":152,\"caption\":\"Proms & Weddings\"},\"image\":{\"@id\":\"https:\\\/\\\/promsandweddings.se\\\/#\\\/schema\\\/logo\\\/image\\\/\"},\"sameAs\":[\"https:\\\/\\\/www.facebook.com\\\/promsandweddings\",\"https:\\\/\\\/x.com\\\/PromsWeddings\",\"https:\\\/\\\/www.instagram.com\\\/promsandweddings\\\/\",\"https:\\\/\\\/www.youtube.com\\\/@promsandweddings\\\/shorts\",\"https:\\\/\\\/www.tiktok.com\\\/@promsandweddings\",\"https:\\\/\\\/se.pinterest.com\\\/promsandwedding\"]}]}<\/script>\n<!-- \/ Yoast SEO plugin. -->","yoast_head_json":{"title":"Izaiar brudekjole \u2013 Nicole Milano | Romantisk ballgown i blonde","description":"Izaiar fra Nicole Milano \u2013 en romantisk ballgown i blonde med hjerteformet udsk\u00e6ring, korsettliv og volumin\u00f8s kjol i tyl.","robots":{"index":"index","follow":"follow","max-snippet":"max-snippet:-1","max-image-preview":"max-image-preview:large","max-video-preview":"max-video-preview:-1"},"canonical":"https:\/\/promsandweddings.se\/dk\/vare\/nicole-milano-izaiar-brudklanning\/","og_locale":"da_DK","og_type":"article","og_title":"Izaiar Brudkl\u00e4nning \u2013 Nicole Milano | Romantisk ballgown i spets","og_description":"Izaiar fr\u00e5n Nicole Milano \u2013 en romantisk ballgown i spets med hj\u00e4rtformad urringning, korsettliv och volumin\u00f6s kjol i tyll.","og_url":"https:\/\/promsandweddings.se\/dk\/vare\/nicole-milano-izaiar-brudklanning\/","og_site_name":"Proms and Weddings","article_publisher":"https:\/\/www.facebook.com\/promsandweddings","article_modified_time":"2026-03-15T22:47:08+00:00","og_image":[{"width":448,"height":597,"url":"https:\/\/promsandweddings.se\/wp-content\/uploads\/2026\/03\/izaiar-b-839f8d28.webp","type":"image\/webp"}],"twitter_card":"summary_large_image","twitter_site":"@PromsWeddings","twitter_misc":{"Estimeret l\u00e6setid":"1 minut"},"schema":{"@context":"https:\/\/schema.org","@graph":[{"@type":"WebPage","@id":"https:\/\/promsandweddings.se\/produkt\/nicole-milano-izaiar-brudklanning\/","url":"https:\/\/promsandweddings.se\/produkt\/nicole-milano-izaiar-brudklanning\/","name":"Izaiar brudekjole \u2013 Nicole Milano | Romantisk ballgown i blonde","isPartOf":{"@id":"https:\/\/promsandweddings.se\/#website"},"primaryImageOfPage":{"@id":"https:\/\/promsandweddings.se\/produkt\/nicole-milano-izaiar-brudklanning\/#primaryimage"},"image":{"@id":"https:\/\/promsandweddings.se\/produkt\/nicole-milano-izaiar-brudklanning\/#primaryimage"},"thumbnailUrl":"https:\/\/promsandweddings.se\/wp-content\/uploads\/2026\/03\/izaiar-b-839f8d28.webp","datePublished":"2026-03-15T22:43:53+00:00","dateModified":"2026-03-15T22:47:08+00:00","description":"Izaiar fra Nicole Milano \u2013 en romantisk ballgown i blonde med hjerteformet udsk\u00e6ring, korsettliv og volumin\u00f8s kjol i tyl.","breadcrumb":{"@id":"https:\/\/promsandweddings.se\/produkt\/nicole-milano-izaiar-brudklanning\/#breadcrumb"},"inLanguage":"da-DK","potentialAction":[{"@type":"ReadAction","target":["https:\/\/promsandweddings.se\/produkt\/nicole-milano-izaiar-brudklanning\/"]}]},{"@type":"ImageObject","inLanguage":"da-DK","@id":"https:\/\/promsandweddings.se\/produkt\/nicole-milano-izaiar-brudklanning\/#primaryimage","url":"https:\/\/promsandweddings.se\/wp-content\/uploads\/2026\/03\/izaiar-b-839f8d28.webp","contentUrl":"https:\/\/promsandweddings.se\/wp-content\/uploads\/2026\/03\/izaiar-b-839f8d28.webp","width":448,"height":597},{"@type":"BreadcrumbList","@id":"https:\/\/promsandweddings.se\/produkt\/nicole-milano-izaiar-brudklanning\/#breadcrumb","itemListElement":[{"@type":"ListItem","position":1,"name":"Home","item":"https:\/\/promsandweddings.se\/"},{"@type":"ListItem","position":2,"name":"Webshop","item":"https:\/\/promsandweddings.se\/webshop\/"},{"@type":"ListItem","position":3,"name":"Nicole Milano Izaiar brudkl\u00e4nning"}]},{"@type":"WebSite","@id":"https:\/\/promsandweddings.se\/#website","url":"https:\/\/promsandweddings.se\/","name":"Proms and Weddings","description":"Find din dr\u00f8mmekjole","publisher":{"@id":"https:\/\/promsandweddings.se\/#organization"},"alternateName":"Proms & Weddings","potentialAction":[{"@type":"SearchAction","target":{"@type":"EntryPoint","urlTemplate":"https:\/\/promsandweddings.se\/?s={search_term_string}"},"query-input":{"@type":"PropertyValueSpecification","valueRequired":true,"valueName":"search_term_string"}}],"inLanguage":"da-DK"},{"@type":"Organization","@id":"https:\/\/promsandweddings.se\/#organization","name":"Proms &amp; Weddings","url":"https:\/\/promsandweddings.se\/","logo":{"@type":"ImageObject","inLanguage":"da-DK","@id":"https:\/\/promsandweddings.se\/#\/schema\/logo\/image\/","url":"https:\/\/promsandweddings.se\/wp-content\/uploads\/2026\/03\/pwlogosv-2-2.webp","contentUrl":"https:\/\/promsandweddings.se\/wp-content\/uploads\/2026\/03\/pwlogosv-2-2.webp","width":556,"height":152,"caption":"Proms & Weddings"},"image":{"@id":"https:\/\/promsandweddings.se\/#\/schema\/logo\/image\/"},"sameAs":["https:\/\/www.facebook.com\/promsandweddings","https:\/\/x.com\/PromsWeddings","https:\/\/www.instagram.com\/promsandweddings\/","https:\/\/www.youtube.com\/@promsandweddings\/shorts","https:\/\/www.tiktok.com\/@promsandweddings","https:\/\/se.pinterest.com\/promsandwedding"]}]}},"jetpack_sharing_enabled":true,"brands":[],"_links":{"self":[{"href":"https:\/\/promsandweddings.se\/dk\/wp-json\/wp\/v2\/product\/28526","targetHints":{"allow":["GET"]}}],"collection":[{"href":"https:\/\/promsandweddings.se\/dk\/wp-json\/wp\/v2\/product"}],"about":[{"href":"https:\/\/promsandweddings.se\/dk\/wp-json\/wp\/v2\/types\/product"}],"wp:featuredmedia":[{"embeddable":true,"href":"https:\/\/promsandweddings.se\/dk\/wp-json\/wp\/v2\/media\/28639"}],"wp:attachment":[{"href":"https:\/\/promsandweddings.se\/dk\/wp-json\/wp\/v2\/media?parent=28526"}],"wp:term":[{"taxonomy":"pwb-brand","embeddable":true,"href":"https:\/\/promsandweddings.se\/dk\/wp-json\/wp\/v2\/pwb-brand?post=28526"},{"taxonomy":"product_brand","embeddable":true,"href":"https:\/\/promsandweddings.se\/dk\/wp-json\/wp\/v2\/product_brand?post=28526"},{"taxonomy":"product_cat","embeddable":true,"href":"https:\/\/promsandweddings.se\/dk\/wp-json\/wp\/v2\/product_cat?post=28526"},{"taxonomy":"product_tag","embeddable":true,"href":"https:\/\/promsandweddings.se\/dk\/wp-json\/wp\/v2\/product_tag?post=28526"}],"curies":[{"name":"wp","href":"https:\/\/api.w.org\/{rel}","templated":true}]}}