{"id":28584,"date":"2026-03-15T23:45:38","date_gmt":"2026-03-15T22:45:38","guid":{"rendered":"https:\/\/promsandweddings.se\/?post_type=product&#038;p=28584"},"modified":"2026-03-15T23:49:03","modified_gmt":"2026-03-15T22:49:03","slug":"adrianna-alier-stella-brudklanning","status":"publish","type":"product","link":"https:\/\/promsandweddings.se\/dk\/produkt\/adrianna-alier-stella-brudklanning\/","title":{"rendered":"Adrianna Alier Stella brudekjole"},"content":{"rendered":"<p data-start=\"124\" data-end=\"359\">Stella fra Adriana Alier er en brudekjole, der kombinerer tidl\u00f8s elegance med trendende detaljer. Den klassiske balkl\u00e6nningssilhuet giver en majest\u00e6tisk f\u00f8lelse og skaber et look, som passer bruden, der \u00f8nsker at g\u00f8re et uforglemeligt indtryk.<\/p>\n<p data-start=\"361\" data-end=\"634\">Kjolen har en skulderl\u00f8s overbygning med sk\u00e5ret design og romantiske pof\u00e6rmler. \u00c6rmerne giver en legende men sofistikeret touch, som forst\u00e6rker couture-f\u00f8lelsen i det hele. Livet er figurt\u00e6t og markerer midjen p\u00e5 en elegant m\u00e5de, inden kjolen breder sig ud i fuld volumen.<\/p>\n<p data-start=\"636\" data-end=\"955\">Nederdelen er skabt i et luksuri\u00f8st stof, der falder i brede folder. Den vide form fremh\u00e6ver balkl\u00e6nningsstilen og giver bruden en kongelig n\u00e6rv\u00e6r. Samtidigt balanceres dramatikken af den enkle og ren overflade, som l\u00f8fter snittets pr\u00e6cision frem. Det lange sl\u00e6b fuldf\u00f8rer designet og giver en storsl\u00e5et effekt, n\u00e5r bruden g\u00f8r entr\u00e9.<\/p>\n<p data-start=\"957\" data-end=\"1198\">Stella er en alsidig kjole, der fungerer b\u00e5de p\u00e5 et prangende slotsbr\u00f6llop og ved en moderne udend\u00f8rs vielse. Bruden kan nemt komplettere looken med et langt sl\u00f8r for ekstra dramatik eller v\u00e6lge subtile smykker for en mere minimalistisk stil.<\/p>","protected":false},"excerpt":{"rendered":"<div class=\"product attribute overview\">\n<div class=\"product attribute overview\">\n<p class=\"value\"><strong data-start=\"0\" data-end=\"10\" data-is-only-node=\"\">Stella<\/strong>\u00a0er en brudekjole fra\u00a0<strong data-start=\"39\" data-end=\"80\"><span class=\"hover:entity-accent entity-underline inline cursor-pointer align-baseline\"><span class=\"whitespace-normal\">Adrianna Alier<\/span><\/span><\/strong>.<br data-start=\"81\" data-end=\"84\" \/>En romantisk och feminin br\u00f6llopskl\u00e4nning med mjuk silhuett, eleganta detaljer och ett vackert fall som ger ett tidl\u00f6st och l\u00e4tt uttryck.<\/p>\n<\/div>\n<h2 class=\"value\"><b style=\"font-size: 16px; font-style: italic;\">(K<\/b><i style=\"font-size: 16px;\"><b>ontakt os for sp\u00f8rgsm\u00e5l vedr\u00f8rende priser, booking osv.)<\/b><\/i><\/h2>\n<\/div>","protected":false},"featured_media":28687,"template":"","meta":[],"pwb-brand":[],"product_brand":[],"product_cat":[16,17],"product_tag":[167,25,22],"class_list":{"0":"post-28584","1":"product","2":"type-product","3":"status-publish","4":"has-post-thumbnail","6":"product_cat-klanningar","7":"product_cat-brudklanningar","8":"product_tag-brollop","9":"product_tag-brollopsklanning","10":"product_tag-brudklanning","12":"first","13":"instock","14":"shipping-taxable","15":"product-type-simple"},"yoast_head":"<!-- This site is optimized with the Yoast SEO plugin v27.4 - https:\/\/yoast.com\/product\/yoast-seo-wordpress\/ -->\n<title>Stella Brudkl\u00e4nning \u2013 Adriana Alier | Ballgown med puff\u00e4rmar<\/title>\n<meta name=\"description\" content=\"Stella fr\u00e5n Adriana Alier \u2013 en elegant ballgown med puff\u00e4rmar, figurn\u00e4ra liv, breda veck och l\u00e5ngt sl\u00e4p. Klassisk och trendig p\u00e5 samma g\u00e5ng.\" \/>\n<meta name=\"robots\" content=\"index, follow, max-snippet:-1, max-image-preview:large, max-video-preview:-1\" \/>\n<link rel=\"canonical\" href=\"https:\/\/promsandweddings.se\/dk\/vare\/adrianna-alier-stella-brudklanning\/\" \/>\n<meta property=\"og:locale\" content=\"da_DK\" \/>\n<meta property=\"og:type\" content=\"article\" \/>\n<meta property=\"og:title\" content=\"Stella Brudkl\u00e4nning \u2013 Adriana Alier | Ballgown med puff\u00e4rmar\" \/>\n<meta property=\"og:description\" content=\"Stella fr\u00e5n Adriana Alier \u2013 en elegant ballgown med puff\u00e4rmar, figurn\u00e4ra liv, breda veck och l\u00e5ngt sl\u00e4p. Klassisk och trendig p\u00e5 samma g\u00e5ng.\" \/>\n<meta property=\"og:url\" content=\"https:\/\/promsandweddings.se\/dk\/vare\/adrianna-alier-stella-brudklanning\/\" \/>\n<meta property=\"og:site_name\" content=\"Proms and Weddings\" \/>\n<meta property=\"article:publisher\" content=\"https:\/\/www.facebook.com\/promsandweddings\" \/>\n<meta property=\"article:modified_time\" content=\"2026-03-15T22:49:03+00:00\" \/>\n<meta property=\"og:image\" content=\"https:\/\/promsandweddings.se\/wp-content\/uploads\/2026\/03\/1N55_STELLA_ADRIANA_ALIER_3-1.jpg\" \/>\n\t<meta property=\"og:image:width\" content=\"1536\" \/>\n\t<meta property=\"og:image:height\" content=\"1920\" \/>\n\t<meta property=\"og:image:type\" content=\"image\/jpeg\" \/>\n<meta name=\"twitter:card\" content=\"summary_large_image\" \/>\n<meta name=\"twitter:site\" content=\"@PromsWeddings\" \/>\n<meta name=\"twitter:label1\" content=\"Estimeret l\u00e6setid\" \/>\n\t<meta name=\"twitter:data1\" content=\"1 minut\" \/>\n<script type=\"application\/ld+json\" class=\"yoast-schema-graph\">{\"@context\":\"https:\\\/\\\/schema.org\",\"@graph\":[{\"@type\":\"WebPage\",\"@id\":\"https:\\\/\\\/promsandweddings.se\\\/produkt\\\/adrianna-alier-stella-brudklanning\\\/\",\"url\":\"https:\\\/\\\/promsandweddings.se\\\/produkt\\\/adrianna-alier-stella-brudklanning\\\/\",\"name\":\"Stella Brudkl\u00e4nning \u2013 Adriana Alier | Ballgown med puff\u00e4rmar\",\"isPartOf\":{\"@id\":\"https:\\\/\\\/promsandweddings.se\\\/#website\"},\"primaryImageOfPage\":{\"@id\":\"https:\\\/\\\/promsandweddings.se\\\/produkt\\\/adrianna-alier-stella-brudklanning\\\/#primaryimage\"},\"image\":{\"@id\":\"https:\\\/\\\/promsandweddings.se\\\/produkt\\\/adrianna-alier-stella-brudklanning\\\/#primaryimage\"},\"thumbnailUrl\":\"https:\\\/\\\/promsandweddings.se\\\/wp-content\\\/uploads\\\/2026\\\/03\\\/1N55_STELLA_ADRIANA_ALIER_3-1.jpg\",\"datePublished\":\"2026-03-15T22:45:38+00:00\",\"dateModified\":\"2026-03-15T22:49:03+00:00\",\"description\":\"Stella fr\u00e5n Adriana Alier \u2013 en elegant ballgown med puff\u00e4rmar, figurn\u00e4ra liv, breda veck och l\u00e5ngt sl\u00e4p. Klassisk och trendig p\u00e5 samma g\u00e5ng.\",\"breadcrumb\":{\"@id\":\"https:\\\/\\\/promsandweddings.se\\\/produkt\\\/adrianna-alier-stella-brudklanning\\\/#breadcrumb\"},\"inLanguage\":\"da-DK\",\"potentialAction\":[{\"@type\":\"ReadAction\",\"target\":[\"https:\\\/\\\/promsandweddings.se\\\/produkt\\\/adrianna-alier-stella-brudklanning\\\/\"]}]},{\"@type\":\"ImageObject\",\"inLanguage\":\"da-DK\",\"@id\":\"https:\\\/\\\/promsandweddings.se\\\/produkt\\\/adrianna-alier-stella-brudklanning\\\/#primaryimage\",\"url\":\"https:\\\/\\\/promsandweddings.se\\\/wp-content\\\/uploads\\\/2026\\\/03\\\/1N55_STELLA_ADRIANA_ALIER_3-1.jpg\",\"contentUrl\":\"https:\\\/\\\/promsandweddings.se\\\/wp-content\\\/uploads\\\/2026\\\/03\\\/1N55_STELLA_ADRIANA_ALIER_3-1.jpg\",\"width\":1536,\"height\":1920},{\"@type\":\"BreadcrumbList\",\"@id\":\"https:\\\/\\\/promsandweddings.se\\\/produkt\\\/adrianna-alier-stella-brudklanning\\\/#breadcrumb\",\"itemListElement\":[{\"@type\":\"ListItem\",\"position\":1,\"name\":\"Home\",\"item\":\"https:\\\/\\\/promsandweddings.se\\\/\"},{\"@type\":\"ListItem\",\"position\":2,\"name\":\"Webshop\",\"item\":\"https:\\\/\\\/promsandweddings.se\\\/webshop\\\/\"},{\"@type\":\"ListItem\",\"position\":3,\"name\":\"Adrianna Alier Stella brudkl\u00e4nning\"}]},{\"@type\":\"WebSite\",\"@id\":\"https:\\\/\\\/promsandweddings.se\\\/#website\",\"url\":\"https:\\\/\\\/promsandweddings.se\\\/\",\"name\":\"Proms and Weddings\",\"description\":\"Hitta din dr\u00f6mkl\u00e4nning\",\"publisher\":{\"@id\":\"https:\\\/\\\/promsandweddings.se\\\/#organization\"},\"alternateName\":\"Proms & Weddings\",\"potentialAction\":[{\"@type\":\"SearchAction\",\"target\":{\"@type\":\"EntryPoint\",\"urlTemplate\":\"https:\\\/\\\/promsandweddings.se\\\/?s={search_term_string}\"},\"query-input\":{\"@type\":\"PropertyValueSpecification\",\"valueRequired\":true,\"valueName\":\"search_term_string\"}}],\"inLanguage\":\"da-DK\"},{\"@type\":\"Organization\",\"@id\":\"https:\\\/\\\/promsandweddings.se\\\/#organization\",\"name\":\"Proms & Weddings\",\"url\":\"https:\\\/\\\/promsandweddings.se\\\/\",\"logo\":{\"@type\":\"ImageObject\",\"inLanguage\":\"da-DK\",\"@id\":\"https:\\\/\\\/promsandweddings.se\\\/#\\\/schema\\\/logo\\\/image\\\/\",\"url\":\"https:\\\/\\\/promsandweddings.se\\\/wp-content\\\/uploads\\\/2026\\\/03\\\/pwlogosv-2-2.webp\",\"contentUrl\":\"https:\\\/\\\/promsandweddings.se\\\/wp-content\\\/uploads\\\/2026\\\/03\\\/pwlogosv-2-2.webp\",\"width\":556,\"height\":152,\"caption\":\"Proms & Weddings\"},\"image\":{\"@id\":\"https:\\\/\\\/promsandweddings.se\\\/#\\\/schema\\\/logo\\\/image\\\/\"},\"sameAs\":[\"https:\\\/\\\/www.facebook.com\\\/promsandweddings\",\"https:\\\/\\\/x.com\\\/PromsWeddings\",\"https:\\\/\\\/www.instagram.com\\\/promsandweddings\\\/\",\"https:\\\/\\\/www.youtube.com\\\/@promsandweddings\\\/shorts\",\"https:\\\/\\\/www.tiktok.com\\\/@promsandweddings\",\"https:\\\/\\\/se.pinterest.com\\\/promsandwedding\"]}]}<\/script>\n<!-- \/ Yoast SEO plugin. -->","yoast_head_json":{"title":"Stella brudekjole \u2013 Adriana Alier | Balkl\u00e6nning med pof\u00e6rmler","description":"Stella fra Adriana Alier \u2013 en elegant balkl\u00e6nning med pof\u00e6rmler, figurt\u00e6t liv, brede folder og langt sl\u00e6b. Klassisk og trendy p\u00e5 samme tid.","robots":{"index":"index","follow":"follow","max-snippet":"max-snippet:-1","max-image-preview":"max-image-preview:large","max-video-preview":"max-video-preview:-1"},"canonical":"https:\/\/promsandweddings.se\/dk\/vare\/adrianna-alier-stella-brudklanning\/","og_locale":"da_DK","og_type":"article","og_title":"Stella Brudkl\u00e4nning \u2013 Adriana Alier | Ballgown med puff\u00e4rmar","og_description":"Stella fr\u00e5n Adriana Alier \u2013 en elegant ballgown med puff\u00e4rmar, figurn\u00e4ra liv, breda veck och l\u00e5ngt sl\u00e4p. Klassisk och trendig p\u00e5 samma g\u00e5ng.","og_url":"https:\/\/promsandweddings.se\/dk\/vare\/adrianna-alier-stella-brudklanning\/","og_site_name":"Proms and Weddings","article_publisher":"https:\/\/www.facebook.com\/promsandweddings","article_modified_time":"2026-03-15T22:49:03+00:00","og_image":[{"width":1536,"height":1920,"url":"https:\/\/promsandweddings.se\/wp-content\/uploads\/2026\/03\/1N55_STELLA_ADRIANA_ALIER_3-1.jpg","type":"image\/jpeg"}],"twitter_card":"summary_large_image","twitter_site":"@PromsWeddings","twitter_misc":{"Estimeret l\u00e6setid":"1 minut"},"schema":{"@context":"https:\/\/schema.org","@graph":[{"@type":"WebPage","@id":"https:\/\/promsandweddings.se\/produkt\/adrianna-alier-stella-brudklanning\/","url":"https:\/\/promsandweddings.se\/produkt\/adrianna-alier-stella-brudklanning\/","name":"Stella brudekjole \u2013 Adriana Alier | Balkl\u00e6nning med pof\u00e6rmler","isPartOf":{"@id":"https:\/\/promsandweddings.se\/#website"},"primaryImageOfPage":{"@id":"https:\/\/promsandweddings.se\/produkt\/adrianna-alier-stella-brudklanning\/#primaryimage"},"image":{"@id":"https:\/\/promsandweddings.se\/produkt\/adrianna-alier-stella-brudklanning\/#primaryimage"},"thumbnailUrl":"https:\/\/promsandweddings.se\/wp-content\/uploads\/2026\/03\/1N55_STELLA_ADRIANA_ALIER_3-1.jpg","datePublished":"2026-03-15T22:45:38+00:00","dateModified":"2026-03-15T22:49:03+00:00","description":"Stella fra Adriana Alier \u2013 en elegant balkl\u00e6nning med pof\u00e6rmler, figurt\u00e6t liv, brede folder og langt sl\u00e6b. Klassisk og trendy p\u00e5 samme tid.","breadcrumb":{"@id":"https:\/\/promsandweddings.se\/produkt\/adrianna-alier-stella-brudklanning\/#breadcrumb"},"inLanguage":"da-DK","potentialAction":[{"@type":"ReadAction","target":["https:\/\/promsandweddings.se\/produkt\/adrianna-alier-stella-brudklanning\/"]}]},{"@type":"ImageObject","inLanguage":"da-DK","@id":"https:\/\/promsandweddings.se\/produkt\/adrianna-alier-stella-brudklanning\/#primaryimage","url":"https:\/\/promsandweddings.se\/wp-content\/uploads\/2026\/03\/1N55_STELLA_ADRIANA_ALIER_3-1.jpg","contentUrl":"https:\/\/promsandweddings.se\/wp-content\/uploads\/2026\/03\/1N55_STELLA_ADRIANA_ALIER_3-1.jpg","width":1536,"height":1920},{"@type":"BreadcrumbList","@id":"https:\/\/promsandweddings.se\/produkt\/adrianna-alier-stella-brudklanning\/#breadcrumb","itemListElement":[{"@type":"ListItem","position":1,"name":"Home","item":"https:\/\/promsandweddings.se\/"},{"@type":"ListItem","position":2,"name":"Webshop","item":"https:\/\/promsandweddings.se\/webshop\/"},{"@type":"ListItem","position":3,"name":"Adrianna Alier Stella brudkl\u00e4nning"}]},{"@type":"WebSite","@id":"https:\/\/promsandweddings.se\/#website","url":"https:\/\/promsandweddings.se\/","name":"Proms and Weddings","description":"Find din dr\u00f8mmekjole","publisher":{"@id":"https:\/\/promsandweddings.se\/#organization"},"alternateName":"Proms & Weddings","potentialAction":[{"@type":"SearchAction","target":{"@type":"EntryPoint","urlTemplate":"https:\/\/promsandweddings.se\/?s={search_term_string}"},"query-input":{"@type":"PropertyValueSpecification","valueRequired":true,"valueName":"search_term_string"}}],"inLanguage":"da-DK"},{"@type":"Organization","@id":"https:\/\/promsandweddings.se\/#organization","name":"Proms &amp; Weddings","url":"https:\/\/promsandweddings.se\/","logo":{"@type":"ImageObject","inLanguage":"da-DK","@id":"https:\/\/promsandweddings.se\/#\/schema\/logo\/image\/","url":"https:\/\/promsandweddings.se\/wp-content\/uploads\/2026\/03\/pwlogosv-2-2.webp","contentUrl":"https:\/\/promsandweddings.se\/wp-content\/uploads\/2026\/03\/pwlogosv-2-2.webp","width":556,"height":152,"caption":"Proms & Weddings"},"image":{"@id":"https:\/\/promsandweddings.se\/#\/schema\/logo\/image\/"},"sameAs":["https:\/\/www.facebook.com\/promsandweddings","https:\/\/x.com\/PromsWeddings","https:\/\/www.instagram.com\/promsandweddings\/","https:\/\/www.youtube.com\/@promsandweddings\/shorts","https:\/\/www.tiktok.com\/@promsandweddings","https:\/\/se.pinterest.com\/promsandwedding"]}]}},"jetpack_sharing_enabled":true,"brands":[],"_links":{"self":[{"href":"https:\/\/promsandweddings.se\/dk\/wp-json\/wp\/v2\/product\/28584","targetHints":{"allow":["GET"]}}],"collection":[{"href":"https:\/\/promsandweddings.se\/dk\/wp-json\/wp\/v2\/product"}],"about":[{"href":"https:\/\/promsandweddings.se\/dk\/wp-json\/wp\/v2\/types\/product"}],"wp:featuredmedia":[{"embeddable":true,"href":"https:\/\/promsandweddings.se\/dk\/wp-json\/wp\/v2\/media\/28687"}],"wp:attachment":[{"href":"https:\/\/promsandweddings.se\/dk\/wp-json\/wp\/v2\/media?parent=28584"}],"wp:term":[{"taxonomy":"pwb-brand","embeddable":true,"href":"https:\/\/promsandweddings.se\/dk\/wp-json\/wp\/v2\/pwb-brand?post=28584"},{"taxonomy":"product_brand","embeddable":true,"href":"https:\/\/promsandweddings.se\/dk\/wp-json\/wp\/v2\/product_brand?post=28584"},{"taxonomy":"product_cat","embeddable":true,"href":"https:\/\/promsandweddings.se\/dk\/wp-json\/wp\/v2\/product_cat?post=28584"},{"taxonomy":"product_tag","embeddable":true,"href":"https:\/\/promsandweddings.se\/dk\/wp-json\/wp\/v2\/product_tag?post=28584"}],"curies":[{"name":"wp","href":"https:\/\/api.w.org\/{rel}","templated":true}]}}