{"id":28587,"date":"2026-03-15T23:45:39","date_gmt":"2026-03-15T22:45:39","guid":{"rendered":"https:\/\/promsandweddings.se\/?post_type=product&#038;p=28587"},"modified":"2026-03-15T23:49:28","modified_gmt":"2026-03-15T22:49:28","slug":"luna-novias-jalisa-brudklanning","status":"publish","type":"product","link":"https:\/\/promsandweddings.se\/dk\/produkt\/luna-novias-jalisa-brudklanning\/","title":{"rendered":"Luna Novias Jalisa brudeklole"},"content":{"rendered":"<p data-start=\"122\" data-end=\"343\">Jalisa fra Luna Novias er en brudekjole, der kombinerer minimalistisk elegance med romantiske detaljer. Den figurkrydende silhuet fremh\u00e6ver brudens former og skaber et sofistikeret look, der f\u00f8les b\u00e5de moderne og tidl\u00f8s.<\/p>\n<p data-start=\"345\" data-end=\"662\">Kjolen har et off-shoulder design med bl\u00f8de draperinger, der elegant indrammen skuldre og kragenben. De dekorative puff\u00e6rmer i organza er formet som blomster og tilf\u00f8jer en couture-inspireret f\u00f8lelse. Dette unikke inslag g\u00f8r Jalisa til et perfekt valg for bruden, der gerne vil b\u00e6re noget klassisk, men alligevel nybrudende.<\/p>\n<p data-start=\"664\" data-end=\"961\">Kjolen er smal og f\u00f8lger kroppens linjer, f\u00f8r den g\u00e5r over i et langt, dramatisk sl\u00e6b. Sl\u00e6bet er konstrueret til at bev\u00e6ge sig bl\u00f8dt og skaber en majest\u00e6tisk effekt, n\u00e5r bruden g\u00f8r sin entr\u00e9. Kombinationen af glat satinflade og romantiske detaljer g\u00f8r, at kjolen f\u00f8les b\u00e5de luksus og harmonisk.<\/p>\n<p data-start=\"963\" data-end=\"1262\">Jalisa er en alsidlig kjole, der passer til mange forskellige typer brylluper. Den fungerer lige s\u00e5 godt i et elegent bystadsmilj\u00f8 som p\u00e5 en romantisk feriedestination. Bruden kan nemt tilpasse sin stil med subtile smykker, en langt sl\u00f8r eller en blomsterbuket for at fremh\u00e6ve sit personlige look.<\/p>","protected":false},"excerpt":{"rendered":"<p><strong data-start=\"0\" data-end=\"10\" data-is-only-node=\"\">Jalisa<\/strong> \u00e4r en br\u00f6llopskl\u00e4nning\u00a0fr\u00e5n\u00a0<strong data-start=\"69\" data-end=\"110\"><span class=\"hover:entity-accent entity-underline inline cursor-pointer align-baseline\"><span class=\"whitespace-normal\">Luna Novias<\/span><\/span><\/strong>.<br data-start=\"111\" data-end=\"114\" \/>En elegant och romantisk br\u00f6llopskl\u00e4nning med mjuk silhuett, vackra detaljer och ett l\u00e4tt fall som ger ett tidl\u00f6st och feminint uttryck.<\/p>\n<div class=\"product attribute overview\">\n<h2 class=\"value\"><b style=\"font-size: 16px; font-style: italic;\">(K<\/b><i style=\"font-size: 16px;\"><b>ontakt os for sp\u00f8rgsm\u00e5l vedr\u00f8rende priser, booking osv.)<\/b><\/i><\/h2>\n<\/div>\n<p>&nbsp;<\/p>","protected":false},"featured_media":28700,"template":"","meta":[],"pwb-brand":[],"product_brand":[],"product_cat":[16,242,17],"product_tag":[167,25,22],"class_list":{"0":"post-28587","1":"product","2":"type-product","3":"status-publish","4":"has-post-thumbnail","6":"product_cat-klanningar","7":"product_cat-lunanovias","8":"product_cat-brudklanningar","9":"product_tag-brollop","10":"product_tag-brollopsklanning","11":"product_tag-brudklanning","13":"first","14":"instock","15":"shipping-taxable","16":"product-type-simple"},"yoast_head":"<!-- This site is optimized with the Yoast SEO plugin v27.4 - https:\/\/yoast.com\/product\/yoast-seo-wordpress\/ -->\n<title>Jalisa Brudkl\u00e4nning \u2013 Luna Novias | Off-shoulder med puff\u00e4rmar<\/title>\n<meta name=\"description\" content=\"Jalisa fr\u00e5n Luna Novias \u2013 en figurn\u00e4ra off-shoulder brudkl\u00e4nning i satin med dekorativa puff\u00e4rmar och dramatiskt sl\u00e4p. Minimalistisk och romantisk.\" \/>\n<meta name=\"robots\" content=\"index, follow, max-snippet:-1, max-image-preview:large, max-video-preview:-1\" \/>\n<link rel=\"canonical\" href=\"https:\/\/promsandweddings.se\/dk\/vare\/luna-novias-jalisa-brudklanning\/\" \/>\n<meta property=\"og:locale\" content=\"da_DK\" \/>\n<meta property=\"og:type\" content=\"article\" \/>\n<meta property=\"og:title\" content=\"Jalisa Brudkl\u00e4nning \u2013 Luna Novias | Off-shoulder med puff\u00e4rmar\" \/>\n<meta property=\"og:description\" content=\"Jalisa fr\u00e5n Luna Novias \u2013 en figurn\u00e4ra off-shoulder brudkl\u00e4nning i satin med dekorativa puff\u00e4rmar och dramatiskt sl\u00e4p. Minimalistisk och romantisk.\" \/>\n<meta property=\"og:url\" content=\"https:\/\/promsandweddings.se\/dk\/vare\/luna-novias-jalisa-brudklanning\/\" \/>\n<meta property=\"og:site_name\" content=\"Proms and Weddings\" \/>\n<meta property=\"article:publisher\" content=\"https:\/\/www.facebook.com\/promsandweddings\" \/>\n<meta property=\"article:modified_time\" content=\"2026-03-15T22:49:28+00:00\" \/>\n<meta property=\"og:image\" content=\"https:\/\/promsandweddings.se\/wp-content\/uploads\/2026\/03\/1S07_JALISA_LUNA_NOVIAS_2.jpg\" \/>\n\t<meta property=\"og:image:width\" content=\"300\" \/>\n\t<meta property=\"og:image:height\" content=\"375\" \/>\n\t<meta property=\"og:image:type\" content=\"image\/jpeg\" \/>\n<meta name=\"twitter:card\" content=\"summary_large_image\" \/>\n<meta name=\"twitter:site\" content=\"@PromsWeddings\" \/>\n<script type=\"application\/ld+json\" class=\"yoast-schema-graph\">{\"@context\":\"https:\\\/\\\/schema.org\",\"@graph\":[{\"@type\":\"WebPage\",\"@id\":\"https:\\\/\\\/promsandweddings.se\\\/produkt\\\/luna-novias-jalisa-brudklanning\\\/\",\"url\":\"https:\\\/\\\/promsandweddings.se\\\/produkt\\\/luna-novias-jalisa-brudklanning\\\/\",\"name\":\"Jalisa Brudkl\u00e4nning \u2013 Luna Novias | Off-shoulder med puff\u00e4rmar\",\"isPartOf\":{\"@id\":\"https:\\\/\\\/promsandweddings.se\\\/#website\"},\"primaryImageOfPage\":{\"@id\":\"https:\\\/\\\/promsandweddings.se\\\/produkt\\\/luna-novias-jalisa-brudklanning\\\/#primaryimage\"},\"image\":{\"@id\":\"https:\\\/\\\/promsandweddings.se\\\/produkt\\\/luna-novias-jalisa-brudklanning\\\/#primaryimage\"},\"thumbnailUrl\":\"https:\\\/\\\/promsandweddings.se\\\/wp-content\\\/uploads\\\/2026\\\/03\\\/1S07_JALISA_LUNA_NOVIAS_2.jpg\",\"datePublished\":\"2026-03-15T22:45:39+00:00\",\"dateModified\":\"2026-03-15T22:49:28+00:00\",\"description\":\"Jalisa fr\u00e5n Luna Novias \u2013 en figurn\u00e4ra off-shoulder brudkl\u00e4nning i satin med dekorativa puff\u00e4rmar och dramatiskt sl\u00e4p. Minimalistisk och romantisk.\",\"breadcrumb\":{\"@id\":\"https:\\\/\\\/promsandweddings.se\\\/produkt\\\/luna-novias-jalisa-brudklanning\\\/#breadcrumb\"},\"inLanguage\":\"da-DK\",\"potentialAction\":[{\"@type\":\"ReadAction\",\"target\":[\"https:\\\/\\\/promsandweddings.se\\\/produkt\\\/luna-novias-jalisa-brudklanning\\\/\"]}]},{\"@type\":\"ImageObject\",\"inLanguage\":\"da-DK\",\"@id\":\"https:\\\/\\\/promsandweddings.se\\\/produkt\\\/luna-novias-jalisa-brudklanning\\\/#primaryimage\",\"url\":\"https:\\\/\\\/promsandweddings.se\\\/wp-content\\\/uploads\\\/2026\\\/03\\\/1S07_JALISA_LUNA_NOVIAS_2.jpg\",\"contentUrl\":\"https:\\\/\\\/promsandweddings.se\\\/wp-content\\\/uploads\\\/2026\\\/03\\\/1S07_JALISA_LUNA_NOVIAS_2.jpg\",\"width\":300,\"height\":375},{\"@type\":\"BreadcrumbList\",\"@id\":\"https:\\\/\\\/promsandweddings.se\\\/produkt\\\/luna-novias-jalisa-brudklanning\\\/#breadcrumb\",\"itemListElement\":[{\"@type\":\"ListItem\",\"position\":1,\"name\":\"Home\",\"item\":\"https:\\\/\\\/promsandweddings.se\\\/\"},{\"@type\":\"ListItem\",\"position\":2,\"name\":\"Webshop\",\"item\":\"https:\\\/\\\/promsandweddings.se\\\/webshop\\\/\"},{\"@type\":\"ListItem\",\"position\":3,\"name\":\"Luna Novias Jalisa brudkl\u00e4nning\"}]},{\"@type\":\"WebSite\",\"@id\":\"https:\\\/\\\/promsandweddings.se\\\/#website\",\"url\":\"https:\\\/\\\/promsandweddings.se\\\/\",\"name\":\"Proms and Weddings\",\"description\":\"Hitta din dr\u00f6mkl\u00e4nning\",\"publisher\":{\"@id\":\"https:\\\/\\\/promsandweddings.se\\\/#organization\"},\"alternateName\":\"Proms & Weddings\",\"potentialAction\":[{\"@type\":\"SearchAction\",\"target\":{\"@type\":\"EntryPoint\",\"urlTemplate\":\"https:\\\/\\\/promsandweddings.se\\\/?s={search_term_string}\"},\"query-input\":{\"@type\":\"PropertyValueSpecification\",\"valueRequired\":true,\"valueName\":\"search_term_string\"}}],\"inLanguage\":\"da-DK\"},{\"@type\":\"Organization\",\"@id\":\"https:\\\/\\\/promsandweddings.se\\\/#organization\",\"name\":\"Proms & Weddings\",\"url\":\"https:\\\/\\\/promsandweddings.se\\\/\",\"logo\":{\"@type\":\"ImageObject\",\"inLanguage\":\"da-DK\",\"@id\":\"https:\\\/\\\/promsandweddings.se\\\/#\\\/schema\\\/logo\\\/image\\\/\",\"url\":\"https:\\\/\\\/promsandweddings.se\\\/wp-content\\\/uploads\\\/2026\\\/03\\\/pwlogosv-2-2.webp\",\"contentUrl\":\"https:\\\/\\\/promsandweddings.se\\\/wp-content\\\/uploads\\\/2026\\\/03\\\/pwlogosv-2-2.webp\",\"width\":556,\"height\":152,\"caption\":\"Proms & Weddings\"},\"image\":{\"@id\":\"https:\\\/\\\/promsandweddings.se\\\/#\\\/schema\\\/logo\\\/image\\\/\"},\"sameAs\":[\"https:\\\/\\\/www.facebook.com\\\/promsandweddings\",\"https:\\\/\\\/x.com\\\/PromsWeddings\",\"https:\\\/\\\/www.instagram.com\\\/promsandweddings\\\/\",\"https:\\\/\\\/www.youtube.com\\\/@promsandweddings\\\/shorts\",\"https:\\\/\\\/www.tiktok.com\\\/@promsandweddings\",\"https:\\\/\\\/se.pinterest.com\\\/promsandwedding\"]}]}<\/script>\n<!-- \/ Yoast SEO plugin. -->","yoast_head_json":{"title":"Jalisa Brudekjole \u2013 Luna Novias | Off-shoulder med puff\u00e6rmer","description":"Jalisa fra Luna Novias \u2013 en figurkrydende off-shoulder brudekjole i satin med dekorative puff\u00e6rmer og dramatisk sl\u00e6b. Minimalistisk og romantisk.","robots":{"index":"index","follow":"follow","max-snippet":"max-snippet:-1","max-image-preview":"max-image-preview:large","max-video-preview":"max-video-preview:-1"},"canonical":"https:\/\/promsandweddings.se\/dk\/vare\/luna-novias-jalisa-brudklanning\/","og_locale":"da_DK","og_type":"article","og_title":"Jalisa Brudkl\u00e4nning \u2013 Luna Novias | Off-shoulder med puff\u00e4rmar","og_description":"Jalisa fr\u00e5n Luna Novias \u2013 en figurn\u00e4ra off-shoulder brudkl\u00e4nning i satin med dekorativa puff\u00e4rmar och dramatiskt sl\u00e4p. Minimalistisk och romantisk.","og_url":"https:\/\/promsandweddings.se\/dk\/vare\/luna-novias-jalisa-brudklanning\/","og_site_name":"Proms and Weddings","article_publisher":"https:\/\/www.facebook.com\/promsandweddings","article_modified_time":"2026-03-15T22:49:28+00:00","og_image":[{"width":300,"height":375,"url":"https:\/\/promsandweddings.se\/wp-content\/uploads\/2026\/03\/1S07_JALISA_LUNA_NOVIAS_2.jpg","type":"image\/jpeg"}],"twitter_card":"summary_large_image","twitter_site":"@PromsWeddings","schema":{"@context":"https:\/\/schema.org","@graph":[{"@type":"WebPage","@id":"https:\/\/promsandweddings.se\/produkt\/luna-novias-jalisa-brudklanning\/","url":"https:\/\/promsandweddings.se\/produkt\/luna-novias-jalisa-brudklanning\/","name":"Jalisa Brudekjole \u2013 Luna Novias | Off-shoulder med puff\u00e6rmer","isPartOf":{"@id":"https:\/\/promsandweddings.se\/#website"},"primaryImageOfPage":{"@id":"https:\/\/promsandweddings.se\/produkt\/luna-novias-jalisa-brudklanning\/#primaryimage"},"image":{"@id":"https:\/\/promsandweddings.se\/produkt\/luna-novias-jalisa-brudklanning\/#primaryimage"},"thumbnailUrl":"https:\/\/promsandweddings.se\/wp-content\/uploads\/2026\/03\/1S07_JALISA_LUNA_NOVIAS_2.jpg","datePublished":"2026-03-15T22:45:39+00:00","dateModified":"2026-03-15T22:49:28+00:00","description":"Jalisa fra Luna Novias \u2013 en figurkrydende off-shoulder brudekjole i satin med dekorative puff\u00e6rmer og dramatisk sl\u00e6b. Minimalistisk og romantisk.","breadcrumb":{"@id":"https:\/\/promsandweddings.se\/produkt\/luna-novias-jalisa-brudklanning\/#breadcrumb"},"inLanguage":"da-DK","potentialAction":[{"@type":"ReadAction","target":["https:\/\/promsandweddings.se\/produkt\/luna-novias-jalisa-brudklanning\/"]}]},{"@type":"ImageObject","inLanguage":"da-DK","@id":"https:\/\/promsandweddings.se\/produkt\/luna-novias-jalisa-brudklanning\/#primaryimage","url":"https:\/\/promsandweddings.se\/wp-content\/uploads\/2026\/03\/1S07_JALISA_LUNA_NOVIAS_2.jpg","contentUrl":"https:\/\/promsandweddings.se\/wp-content\/uploads\/2026\/03\/1S07_JALISA_LUNA_NOVIAS_2.jpg","width":300,"height":375},{"@type":"BreadcrumbList","@id":"https:\/\/promsandweddings.se\/produkt\/luna-novias-jalisa-brudklanning\/#breadcrumb","itemListElement":[{"@type":"ListItem","position":1,"name":"Home","item":"https:\/\/promsandweddings.se\/"},{"@type":"ListItem","position":2,"name":"Webshop","item":"https:\/\/promsandweddings.se\/webshop\/"},{"@type":"ListItem","position":3,"name":"Luna Novias Jalisa brudkl\u00e4nning"}]},{"@type":"WebSite","@id":"https:\/\/promsandweddings.se\/#website","url":"https:\/\/promsandweddings.se\/","name":"Proms and Weddings","description":"Find din dr\u00f8mmekjole","publisher":{"@id":"https:\/\/promsandweddings.se\/#organization"},"alternateName":"Proms & Weddings","potentialAction":[{"@type":"SearchAction","target":{"@type":"EntryPoint","urlTemplate":"https:\/\/promsandweddings.se\/?s={search_term_string}"},"query-input":{"@type":"PropertyValueSpecification","valueRequired":true,"valueName":"search_term_string"}}],"inLanguage":"da-DK"},{"@type":"Organization","@id":"https:\/\/promsandweddings.se\/#organization","name":"Proms &amp; Weddings","url":"https:\/\/promsandweddings.se\/","logo":{"@type":"ImageObject","inLanguage":"da-DK","@id":"https:\/\/promsandweddings.se\/#\/schema\/logo\/image\/","url":"https:\/\/promsandweddings.se\/wp-content\/uploads\/2026\/03\/pwlogosv-2-2.webp","contentUrl":"https:\/\/promsandweddings.se\/wp-content\/uploads\/2026\/03\/pwlogosv-2-2.webp","width":556,"height":152,"caption":"Proms & Weddings"},"image":{"@id":"https:\/\/promsandweddings.se\/#\/schema\/logo\/image\/"},"sameAs":["https:\/\/www.facebook.com\/promsandweddings","https:\/\/x.com\/PromsWeddings","https:\/\/www.instagram.com\/promsandweddings\/","https:\/\/www.youtube.com\/@promsandweddings\/shorts","https:\/\/www.tiktok.com\/@promsandweddings","https:\/\/se.pinterest.com\/promsandwedding"]}]}},"jetpack_sharing_enabled":true,"brands":[],"_links":{"self":[{"href":"https:\/\/promsandweddings.se\/dk\/wp-json\/wp\/v2\/product\/28587","targetHints":{"allow":["GET"]}}],"collection":[{"href":"https:\/\/promsandweddings.se\/dk\/wp-json\/wp\/v2\/product"}],"about":[{"href":"https:\/\/promsandweddings.se\/dk\/wp-json\/wp\/v2\/types\/product"}],"wp:featuredmedia":[{"embeddable":true,"href":"https:\/\/promsandweddings.se\/dk\/wp-json\/wp\/v2\/media\/28700"}],"wp:attachment":[{"href":"https:\/\/promsandweddings.se\/dk\/wp-json\/wp\/v2\/media?parent=28587"}],"wp:term":[{"taxonomy":"pwb-brand","embeddable":true,"href":"https:\/\/promsandweddings.se\/dk\/wp-json\/wp\/v2\/pwb-brand?post=28587"},{"taxonomy":"product_brand","embeddable":true,"href":"https:\/\/promsandweddings.se\/dk\/wp-json\/wp\/v2\/product_brand?post=28587"},{"taxonomy":"product_cat","embeddable":true,"href":"https:\/\/promsandweddings.se\/dk\/wp-json\/wp\/v2\/product_cat?post=28587"},{"taxonomy":"product_tag","embeddable":true,"href":"https:\/\/promsandweddings.se\/dk\/wp-json\/wp\/v2\/product_tag?post=28587"}],"curies":[{"name":"wp","href":"https:\/\/api.w.org\/{rel}","templated":true}]}}