{"id":28627,"date":"2026-03-15T23:47:03","date_gmt":"2026-03-15T22:47:03","guid":{"rendered":"https:\/\/promsandweddings.se\/?post_type=product&#038;p=28627"},"modified":"2026-03-15T23:50:56","modified_gmt":"2026-03-15T22:50:56","slug":"demetrios-8272-brudklanning","status":"publish","type":"product","link":"https:\/\/promsandweddings.se\/dk\/produkt\/demetrios-8272-brudklanning\/","title":{"rendered":"Demetrios 8272 Brudekjole"},"content":{"rendered":"<p data-start=\"127\" data-end=\"378\">8272 fra Demetrios er en brudekjole, der forener romantisk finesse med moderne elegance. Med sin luftig silhuet og detaljerede spidsdekorationer bliver den et dr\u00f8mmechoice for bruden, der \u00f8nsker at b\u00e6re en kjole, der f\u00f8les b\u00e5de fortryllende og sofistikeret.<\/p>\n<p data-start=\"380\" data-end=\"734\">Kjolen har en dyb V-hals b\u00e5de foran og bagp\u00e5, hvilket skaber et sanselig udtryk uden at miste sin elegance. Axelb\u00e5ndsdesignet giver support, samtidig med at det indrammer hals og skuldre p\u00e5 en smigrede m\u00e5de. Livet er rigt prydet med 3D-blomster og spidsapplikationer, der gradvist l\u00f8ber ned over kjolen og giver en bl\u00f8d, naturlig overgang.<\/p>\n<p data-start=\"736\" data-end=\"1011\">Kjolen er syet i flere lag af let tyl, der skaber volumen uden at f\u00f8les tung. Den blide bev\u00e6gelse i stoffet giver en fornemmelse af dr\u00f8mmende lethed, n\u00e5r bruden bev\u00e6ger sig. Det gener\u00f8se sl\u00e6b understreger indtryk af romantisk glamour og g\u00f8r hvert trin til et uforglemmligt \u00f8jeblik.<\/p>\n<p data-start=\"1013\" data-end=\"1276\">8272 er en alsidig kjole, der passer lige s\u00e5 godt til et storsl\u00e5et kirkebrylyup som til en ceremoni i haven eller ved havet. Kombinationen af detaljeret kniplingsstof og let tyl g\u00f8r det perfekt for bruden, der \u00f8nsker at forene traditionelle elementer med et moderne feeling.<\/p>","protected":false},"excerpt":{"rendered":"<p><strong data-start=\"0\" data-end=\"8\" data-is-only-node=\"\">8272<\/strong>\u00a0er en brudekjole fra\u00a0<strong data-start=\"37\" data-end=\"78\"><span class=\"hover:entity-accent entity-underline inline cursor-pointer align-baseline\"><span class=\"whitespace-normal\">Demetrios<\/span><\/span><\/strong>.<br data-start=\"79\" data-end=\"82\" \/>En romantisk og elegant brudekjole med bl\u00f8d silhuet, smukt fald og gennemt\u00e6nkte detaljer, der skaber et tidl\u00f8st og feminint udtryk.<br data-start=\"217\" data-end=\"220\" \/><br data-start=\"302\" data-end=\"305\" \/><em data-start=\"305\" data-end=\"362\" data-is-last-node=\"\">(Kontakt os for sp\u00f8rgsm\u00e5l vedr\u00f8rende priser, booking osv.)<\/em><\/p>","protected":false},"featured_media":28743,"template":"","meta":[],"pwb-brand":[],"product_brand":[],"product_cat":[52,16,17],"product_tag":[167,25,22],"class_list":{"0":"post-28627","1":"product","2":"type-product","3":"status-publish","4":"has-post-thumbnail","6":"product_cat-demetrios","7":"product_cat-klanningar","8":"product_cat-brudklanningar","9":"product_tag-brollop","10":"product_tag-brollopsklanning","11":"product_tag-brudklanning","13":"first","14":"instock","15":"shipping-taxable","16":"product-type-simple"},"yoast_head":"<!-- This site is optimized with the Yoast SEO plugin v27.4 - https:\/\/yoast.com\/product\/yoast-seo-wordpress\/ -->\n<title>8272 Brudkl\u00e4nning Demetrios Romantisk tyll med 3D-blommor<\/title>\n<meta name=\"description\" content=\"8272 fr\u00e5n Demetrios \u2013 en romantisk brudkl\u00e4nning med V-ringning, 3D-blommor, spetsapplikationer, l\u00e4tt tyllkjol och f\u00f6rtrollande sl\u00e4p.\" \/>\n<meta name=\"robots\" content=\"index, follow, max-snippet:-1, max-image-preview:large, max-video-preview:-1\" \/>\n<link rel=\"canonical\" href=\"https:\/\/promsandweddings.se\/dk\/vare\/demetrios-8272-brudklanning\/\" \/>\n<meta property=\"og:locale\" content=\"da_DK\" \/>\n<meta property=\"og:type\" content=\"article\" \/>\n<meta property=\"og:title\" content=\"8272 Brudkl\u00e4nning Demetrios Romantisk tyll med 3D-blommor\" \/>\n<meta property=\"og:description\" content=\"8272 fr\u00e5n Demetrios \u2013 en romantisk brudkl\u00e4nning med V-ringning, 3D-blommor, spetsapplikationer, l\u00e4tt tyllkjol och f\u00f6rtrollande sl\u00e4p.\" \/>\n<meta property=\"og:url\" content=\"https:\/\/promsandweddings.se\/dk\/vare\/demetrios-8272-brudklanning\/\" \/>\n<meta property=\"og:site_name\" content=\"Proms and Weddings\" \/>\n<meta property=\"article:publisher\" content=\"https:\/\/www.facebook.com\/promsandweddings\" \/>\n<meta property=\"article:modified_time\" content=\"2026-03-15T22:50:56+00:00\" \/>\n<meta property=\"og:image\" content=\"https:\/\/promsandweddings.se\/wp-content\/uploads\/2026\/03\/8272_1-1600x2400-1.jpg\" \/>\n\t<meta property=\"og:image:width\" content=\"1600\" \/>\n\t<meta property=\"og:image:height\" content=\"2400\" \/>\n\t<meta property=\"og:image:type\" content=\"image\/jpeg\" \/>\n<meta name=\"twitter:card\" content=\"summary_large_image\" \/>\n<meta name=\"twitter:site\" content=\"@PromsWeddings\" \/>\n<script type=\"application\/ld+json\" class=\"yoast-schema-graph\">{\"@context\":\"https:\\\/\\\/schema.org\",\"@graph\":[{\"@type\":\"WebPage\",\"@id\":\"https:\\\/\\\/promsandweddings.se\\\/produkt\\\/demetrios-8272-brudklanning\\\/\",\"url\":\"https:\\\/\\\/promsandweddings.se\\\/produkt\\\/demetrios-8272-brudklanning\\\/\",\"name\":\"8272 Brudkl\u00e4nning Demetrios Romantisk tyll med 3D-blommor\",\"isPartOf\":{\"@id\":\"https:\\\/\\\/promsandweddings.se\\\/#website\"},\"primaryImageOfPage\":{\"@id\":\"https:\\\/\\\/promsandweddings.se\\\/produkt\\\/demetrios-8272-brudklanning\\\/#primaryimage\"},\"image\":{\"@id\":\"https:\\\/\\\/promsandweddings.se\\\/produkt\\\/demetrios-8272-brudklanning\\\/#primaryimage\"},\"thumbnailUrl\":\"https:\\\/\\\/promsandweddings.se\\\/wp-content\\\/uploads\\\/2026\\\/03\\\/8272_1-1600x2400-1.jpg\",\"datePublished\":\"2026-03-15T22:47:03+00:00\",\"dateModified\":\"2026-03-15T22:50:56+00:00\",\"description\":\"8272 fr\u00e5n Demetrios \u2013 en romantisk brudkl\u00e4nning med V-ringning, 3D-blommor, spetsapplikationer, l\u00e4tt tyllkjol och f\u00f6rtrollande sl\u00e4p.\",\"breadcrumb\":{\"@id\":\"https:\\\/\\\/promsandweddings.se\\\/produkt\\\/demetrios-8272-brudklanning\\\/#breadcrumb\"},\"inLanguage\":\"da-DK\",\"potentialAction\":[{\"@type\":\"ReadAction\",\"target\":[\"https:\\\/\\\/promsandweddings.se\\\/produkt\\\/demetrios-8272-brudklanning\\\/\"]}]},{\"@type\":\"ImageObject\",\"inLanguage\":\"da-DK\",\"@id\":\"https:\\\/\\\/promsandweddings.se\\\/produkt\\\/demetrios-8272-brudklanning\\\/#primaryimage\",\"url\":\"https:\\\/\\\/promsandweddings.se\\\/wp-content\\\/uploads\\\/2026\\\/03\\\/8272_1-1600x2400-1.jpg\",\"contentUrl\":\"https:\\\/\\\/promsandweddings.se\\\/wp-content\\\/uploads\\\/2026\\\/03\\\/8272_1-1600x2400-1.jpg\",\"width\":1600,\"height\":2400},{\"@type\":\"BreadcrumbList\",\"@id\":\"https:\\\/\\\/promsandweddings.se\\\/produkt\\\/demetrios-8272-brudklanning\\\/#breadcrumb\",\"itemListElement\":[{\"@type\":\"ListItem\",\"position\":1,\"name\":\"Home\",\"item\":\"https:\\\/\\\/promsandweddings.se\\\/\"},{\"@type\":\"ListItem\",\"position\":2,\"name\":\"Webshop\",\"item\":\"https:\\\/\\\/promsandweddings.se\\\/webshop\\\/\"},{\"@type\":\"ListItem\",\"position\":3,\"name\":\"Demetrios 8272 Brudkl\u00e4nning\"}]},{\"@type\":\"WebSite\",\"@id\":\"https:\\\/\\\/promsandweddings.se\\\/#website\",\"url\":\"https:\\\/\\\/promsandweddings.se\\\/\",\"name\":\"Proms and Weddings\",\"description\":\"Hitta din dr\u00f6mkl\u00e4nning\",\"publisher\":{\"@id\":\"https:\\\/\\\/promsandweddings.se\\\/#organization\"},\"alternateName\":\"Proms & Weddings\",\"potentialAction\":[{\"@type\":\"SearchAction\",\"target\":{\"@type\":\"EntryPoint\",\"urlTemplate\":\"https:\\\/\\\/promsandweddings.se\\\/?s={search_term_string}\"},\"query-input\":{\"@type\":\"PropertyValueSpecification\",\"valueRequired\":true,\"valueName\":\"search_term_string\"}}],\"inLanguage\":\"da-DK\"},{\"@type\":\"Organization\",\"@id\":\"https:\\\/\\\/promsandweddings.se\\\/#organization\",\"name\":\"Proms & Weddings\",\"url\":\"https:\\\/\\\/promsandweddings.se\\\/\",\"logo\":{\"@type\":\"ImageObject\",\"inLanguage\":\"da-DK\",\"@id\":\"https:\\\/\\\/promsandweddings.se\\\/#\\\/schema\\\/logo\\\/image\\\/\",\"url\":\"https:\\\/\\\/promsandweddings.se\\\/wp-content\\\/uploads\\\/2026\\\/03\\\/pwlogosv-2-2.webp\",\"contentUrl\":\"https:\\\/\\\/promsandweddings.se\\\/wp-content\\\/uploads\\\/2026\\\/03\\\/pwlogosv-2-2.webp\",\"width\":556,\"height\":152,\"caption\":\"Proms & Weddings\"},\"image\":{\"@id\":\"https:\\\/\\\/promsandweddings.se\\\/#\\\/schema\\\/logo\\\/image\\\/\"},\"sameAs\":[\"https:\\\/\\\/www.facebook.com\\\/promsandweddings\",\"https:\\\/\\\/x.com\\\/PromsWeddings\",\"https:\\\/\\\/www.instagram.com\\\/promsandweddings\\\/\",\"https:\\\/\\\/www.youtube.com\\\/@promsandweddings\\\/shorts\",\"https:\\\/\\\/www.tiktok.com\\\/@promsandweddings\",\"https:\\\/\\\/se.pinterest.com\\\/promsandwedding\"]}]}<\/script>\n<!-- \/ Yoast SEO plugin. -->","yoast_head_json":{"title":"8272 Brudekjole Demetrios Romantisk tyl med 3D-blomster","description":"8272 fra Demetrios \u2013 en romantisk brudekjole med V-hals, 3D-blomster, spidsapplikationer, let tylkjol og fortryllende sl\u00e6b.","robots":{"index":"index","follow":"follow","max-snippet":"max-snippet:-1","max-image-preview":"max-image-preview:large","max-video-preview":"max-video-preview:-1"},"canonical":"https:\/\/promsandweddings.se\/dk\/vare\/demetrios-8272-brudklanning\/","og_locale":"da_DK","og_type":"article","og_title":"8272 Brudkl\u00e4nning Demetrios Romantisk tyll med 3D-blommor","og_description":"8272 fr\u00e5n Demetrios \u2013 en romantisk brudkl\u00e4nning med V-ringning, 3D-blommor, spetsapplikationer, l\u00e4tt tyllkjol och f\u00f6rtrollande sl\u00e4p.","og_url":"https:\/\/promsandweddings.se\/dk\/vare\/demetrios-8272-brudklanning\/","og_site_name":"Proms and Weddings","article_publisher":"https:\/\/www.facebook.com\/promsandweddings","article_modified_time":"2026-03-15T22:50:56+00:00","og_image":[{"width":1600,"height":2400,"url":"https:\/\/promsandweddings.se\/wp-content\/uploads\/2026\/03\/8272_1-1600x2400-1.jpg","type":"image\/jpeg"}],"twitter_card":"summary_large_image","twitter_site":"@PromsWeddings","schema":{"@context":"https:\/\/schema.org","@graph":[{"@type":"WebPage","@id":"https:\/\/promsandweddings.se\/produkt\/demetrios-8272-brudklanning\/","url":"https:\/\/promsandweddings.se\/produkt\/demetrios-8272-brudklanning\/","name":"8272 Brudekjole Demetrios Romantisk tyl med 3D-blomster","isPartOf":{"@id":"https:\/\/promsandweddings.se\/#website"},"primaryImageOfPage":{"@id":"https:\/\/promsandweddings.se\/produkt\/demetrios-8272-brudklanning\/#primaryimage"},"image":{"@id":"https:\/\/promsandweddings.se\/produkt\/demetrios-8272-brudklanning\/#primaryimage"},"thumbnailUrl":"https:\/\/promsandweddings.se\/wp-content\/uploads\/2026\/03\/8272_1-1600x2400-1.jpg","datePublished":"2026-03-15T22:47:03+00:00","dateModified":"2026-03-15T22:50:56+00:00","description":"8272 fra Demetrios \u2013 en romantisk brudekjole med V-hals, 3D-blomster, spidsapplikationer, let tylkjol og fortryllende sl\u00e6b.","breadcrumb":{"@id":"https:\/\/promsandweddings.se\/produkt\/demetrios-8272-brudklanning\/#breadcrumb"},"inLanguage":"da-DK","potentialAction":[{"@type":"ReadAction","target":["https:\/\/promsandweddings.se\/produkt\/demetrios-8272-brudklanning\/"]}]},{"@type":"ImageObject","inLanguage":"da-DK","@id":"https:\/\/promsandweddings.se\/produkt\/demetrios-8272-brudklanning\/#primaryimage","url":"https:\/\/promsandweddings.se\/wp-content\/uploads\/2026\/03\/8272_1-1600x2400-1.jpg","contentUrl":"https:\/\/promsandweddings.se\/wp-content\/uploads\/2026\/03\/8272_1-1600x2400-1.jpg","width":1600,"height":2400},{"@type":"BreadcrumbList","@id":"https:\/\/promsandweddings.se\/produkt\/demetrios-8272-brudklanning\/#breadcrumb","itemListElement":[{"@type":"ListItem","position":1,"name":"Home","item":"https:\/\/promsandweddings.se\/"},{"@type":"ListItem","position":2,"name":"Webshop","item":"https:\/\/promsandweddings.se\/webshop\/"},{"@type":"ListItem","position":3,"name":"Demetrios 8272 Brudkl\u00e4nning"}]},{"@type":"WebSite","@id":"https:\/\/promsandweddings.se\/#website","url":"https:\/\/promsandweddings.se\/","name":"Proms and Weddings","description":"Find din dr\u00f8mmekjole","publisher":{"@id":"https:\/\/promsandweddings.se\/#organization"},"alternateName":"Proms & Weddings","potentialAction":[{"@type":"SearchAction","target":{"@type":"EntryPoint","urlTemplate":"https:\/\/promsandweddings.se\/?s={search_term_string}"},"query-input":{"@type":"PropertyValueSpecification","valueRequired":true,"valueName":"search_term_string"}}],"inLanguage":"da-DK"},{"@type":"Organization","@id":"https:\/\/promsandweddings.se\/#organization","name":"Proms &amp; Weddings","url":"https:\/\/promsandweddings.se\/","logo":{"@type":"ImageObject","inLanguage":"da-DK","@id":"https:\/\/promsandweddings.se\/#\/schema\/logo\/image\/","url":"https:\/\/promsandweddings.se\/wp-content\/uploads\/2026\/03\/pwlogosv-2-2.webp","contentUrl":"https:\/\/promsandweddings.se\/wp-content\/uploads\/2026\/03\/pwlogosv-2-2.webp","width":556,"height":152,"caption":"Proms & Weddings"},"image":{"@id":"https:\/\/promsandweddings.se\/#\/schema\/logo\/image\/"},"sameAs":["https:\/\/www.facebook.com\/promsandweddings","https:\/\/x.com\/PromsWeddings","https:\/\/www.instagram.com\/promsandweddings\/","https:\/\/www.youtube.com\/@promsandweddings\/shorts","https:\/\/www.tiktok.com\/@promsandweddings","https:\/\/se.pinterest.com\/promsandwedding"]}]}},"jetpack_sharing_enabled":true,"brands":[],"_links":{"self":[{"href":"https:\/\/promsandweddings.se\/dk\/wp-json\/wp\/v2\/product\/28627","targetHints":{"allow":["GET"]}}],"collection":[{"href":"https:\/\/promsandweddings.se\/dk\/wp-json\/wp\/v2\/product"}],"about":[{"href":"https:\/\/promsandweddings.se\/dk\/wp-json\/wp\/v2\/types\/product"}],"wp:featuredmedia":[{"embeddable":true,"href":"https:\/\/promsandweddings.se\/dk\/wp-json\/wp\/v2\/media\/28743"}],"wp:attachment":[{"href":"https:\/\/promsandweddings.se\/dk\/wp-json\/wp\/v2\/media?parent=28627"}],"wp:term":[{"taxonomy":"pwb-brand","embeddable":true,"href":"https:\/\/promsandweddings.se\/dk\/wp-json\/wp\/v2\/pwb-brand?post=28627"},{"taxonomy":"product_brand","embeddable":true,"href":"https:\/\/promsandweddings.se\/dk\/wp-json\/wp\/v2\/product_brand?post=28627"},{"taxonomy":"product_cat","embeddable":true,"href":"https:\/\/promsandweddings.se\/dk\/wp-json\/wp\/v2\/product_cat?post=28627"},{"taxonomy":"product_tag","embeddable":true,"href":"https:\/\/promsandweddings.se\/dk\/wp-json\/wp\/v2\/product_tag?post=28627"}],"curies":[{"name":"wp","href":"https:\/\/api.w.org\/{rel}","templated":true}]}}