{"id":28752,"date":"2026-03-15T23:51:12","date_gmt":"2026-03-15T22:51:12","guid":{"rendered":"https:\/\/promsandweddings.se\/?post_type=product&#038;p=28752"},"modified":"2026-03-15T23:51:25","modified_gmt":"2026-03-15T22:51:25","slug":"sintra-adirana-brudklanning","status":"publish","type":"product","link":"https:\/\/promsandweddings.se\/dk\/produkt\/sintra-adirana-brudklanning\/","title":{"rendered":"Sintra Adirana brudekjole"},"content":{"rendered":"<h3 data-start=\"85\" data-end=\"163\">Sintra Adriana Bryllupskjole \u2013 Romantisk og Elegant Prinsessekjole<\/h3>\n<p data-start=\"165\" data-end=\"390\"><strong data-start=\"165\" data-end=\"200\">Sintra Adriana bryllupskjole<\/strong> er en dr\u00f8m for bruden, der \u00f8nsker at skinne af romantik og elegance p\u00e5 sin store dag. Med en luksus <strong data-start=\"294\" data-end=\"323\">A-linje\/prinsesse-silhuet<\/strong> denne kjole kombinerer en romantisk f\u00f8lelse med moderne design.<\/p>\n<p data-start=\"392\" data-end=\"785\">Kjolen har en <strong data-start=\"410\" data-end=\"437\">off-shoulder-udsk\u00e6ring<\/strong> med delikate skulderb\u00e5nd og smukke, tredimensionelle blondespaillementer, der giver et fortryllende blomsterlook. Den strukturerede, gennembrudt livdel skaber en elegant kontrast til den bl\u00f8de, volumin \u00f8s nederdel i lag af tyl, dekoreret med diskrete blomsterm\u00f8nstre. Resultatet er en tidl\u00f8s kjole, der fremh\u00e6ver taljen og skaber en dr\u00f8mmelig silhuet.<\/p>\n<h4 data-start=\"787\" data-end=\"803\">Detaljer:<\/h4>\n<ul data-start=\"804\" data-end=\"1040\">\n<li data-start=\"804\" data-end=\"835\">\n<p data-start=\"806\" data-end=\"835\">Design med <strong data-start=\"816\" data-end=\"833\">Adriana Alier<\/strong><\/p>\n<\/li>\n<li data-start=\"836\" data-end=\"873\">\n<p data-start=\"838\" data-end=\"873\">Romantisk A-linje\/prinsessemodel<\/p>\n<\/li>\n<li data-start=\"874\" data-end=\"916\">\n<p data-start=\"876\" data-end=\"916\">Off-shoulder med blomsterapplikationer<\/p>\n<\/li>\n<li data-start=\"917\" data-end=\"954\">\n<p data-start=\"919\" data-end=\"954\">Transparent livdel med blondedetaljer<\/p>\n<\/li>\n<li data-start=\"955\" data-end=\"996\">\n<p data-start=\"957\" data-end=\"996\">Lang tylnederdel med subtile blomsterm\u00f8nstre<\/p>\n<\/li>\n<li data-start=\"997\" data-end=\"1040\">\n<p data-start=\"999\" data-end=\"1040\">Perfekt til slot- eller sommerbrudebilleder<\/p>\n<\/li>\n<\/ul>\n<p data-start=\"1042\" data-end=\"1240\"><strong data-start=\"1042\" data-end=\"1077\">Sintra Adriana bryllupskjole<\/strong> er ideel for bruden, der s\u00f8ger et klassisk men dog moderne look \u2013 en kjole, der garanteret f\u00e5r alle \u00f8jne p\u00e5 dig, n\u00e5r du g\u00e5r ned ad kirkegangen.<\/p>\n<p data-start=\"1016\" data-end=\"1161\">","protected":false},"excerpt":{"rendered":"<p><strong data-start=\"0\" data-end=\"10\" data-is-only-node=\"\">Sintra<\/strong>\u00a0er en brudekjole fra\u00a0<strong data-start=\"39\" data-end=\"80\"><span class=\"hover:entity-accent entity-underline inline cursor-pointer align-baseline\"><span class=\"whitespace-normal\">Adrianna Alier<\/span><\/span><\/strong>.<br data-start=\"81\" data-end=\"84\" \/>En elegant lang brudekjole i bl\u00f8d ivory-tone med feminin silhuet og romantiske detaljer, der giver et moderne og tidl\u00f8st udtryk.<\/p>\n<div class=\"product attribute overview\">\n<div class=\"product attribute overview\">\n<p class=\"value\">\n<\/div>\n<h2 class=\"value\"><b style=\"font-size: 16px; font-style: italic;\">(K<\/b><i style=\"font-size: 16px;\"><b>ontakt os for sp\u00f8rgsm\u00e5l vedr\u00f8rende priser, booking osv.)<\/b><\/i><\/h2>\n<\/div>","protected":false},"featured_media":28782,"template":"","meta":[],"pwb-brand":[],"product_brand":[],"product_cat":[16,240,17],"product_tag":[167,25,22],"class_list":{"0":"post-28752","1":"product","2":"type-product","3":"status-publish","4":"has-post-thumbnail","6":"product_cat-klanningar","7":"product_cat-rosa-clara","8":"product_cat-brudklanningar","9":"product_tag-brollop","10":"product_tag-brollopsklanning","11":"product_tag-brudklanning","13":"first","14":"instock","15":"shipping-taxable","16":"product-type-simple"},"yoast_head":"<!-- This site is optimized with the Yoast SEO plugin v27.4 - https:\/\/yoast.com\/product\/yoast-seo-wordpress\/ -->\n<title>Vannia Brudkl\u00e4nning \u2013 Rosa Clar\u00e1 | Romantisk ballgown i spets<\/title>\n<meta name=\"description\" content=\"Vannia fr\u00e5n Rosa Clar\u00e1 \u2013 en romantisk ballgown med spetsliv, hj\u00e4rtformad urringning, volumin\u00f6s kjol i tyll och l\u00e5ngt sl\u00e4p.\" \/>\n<meta name=\"robots\" content=\"index, follow, max-snippet:-1, max-image-preview:large, max-video-preview:-1\" \/>\n<link rel=\"canonical\" href=\"https:\/\/promsandweddings.se\/dk\/vare\/sintra-adirana-brudklanning\/\" \/>\n<meta property=\"og:locale\" content=\"da_DK\" \/>\n<meta property=\"og:type\" content=\"article\" \/>\n<meta property=\"og:title\" content=\"Vannia Brudkl\u00e4nning \u2013 Rosa Clar\u00e1 | Romantisk ballgown i spets\" \/>\n<meta property=\"og:description\" content=\"Vannia fr\u00e5n Rosa Clar\u00e1 \u2013 en romantisk ballgown med spetsliv, hj\u00e4rtformad urringning, volumin\u00f6s kjol i tyll och l\u00e5ngt sl\u00e4p.\" \/>\n<meta property=\"og:url\" content=\"https:\/\/promsandweddings.se\/dk\/vare\/sintra-adirana-brudklanning\/\" \/>\n<meta property=\"og:site_name\" content=\"Proms and Weddings\" \/>\n<meta property=\"article:publisher\" content=\"https:\/\/www.facebook.com\/promsandweddings\" \/>\n<meta property=\"article:modified_time\" content=\"2026-03-15T22:51:25+00:00\" \/>\n<meta property=\"og:image\" content=\"https:\/\/promsandweddings.se\/wp-content\/uploads\/2026\/03\/1N45_SINTRA_ADRIANA_ALIER_2-1.jpg\" \/>\n\t<meta property=\"og:image:width\" content=\"1536\" \/>\n\t<meta property=\"og:image:height\" content=\"1920\" \/>\n\t<meta property=\"og:image:type\" content=\"image\/jpeg\" \/>\n<meta name=\"twitter:card\" content=\"summary_large_image\" \/>\n<meta name=\"twitter:site\" content=\"@PromsWeddings\" \/>\n<meta name=\"twitter:label1\" content=\"Estimeret l\u00e6setid\" \/>\n\t<meta name=\"twitter:data1\" content=\"1 minut\" \/>\n<script type=\"application\/ld+json\" class=\"yoast-schema-graph\">{\"@context\":\"https:\\\/\\\/schema.org\",\"@graph\":[{\"@type\":\"WebPage\",\"@id\":\"https:\\\/\\\/promsandweddings.se\\\/produkt\\\/sintra-adirana-brudklanning\\\/\",\"url\":\"https:\\\/\\\/promsandweddings.se\\\/produkt\\\/sintra-adirana-brudklanning\\\/\",\"name\":\"Vannia Brudkl\u00e4nning \u2013 Rosa Clar\u00e1 | Romantisk ballgown i spets\",\"isPartOf\":{\"@id\":\"https:\\\/\\\/promsandweddings.se\\\/#website\"},\"primaryImageOfPage\":{\"@id\":\"https:\\\/\\\/promsandweddings.se\\\/produkt\\\/sintra-adirana-brudklanning\\\/#primaryimage\"},\"image\":{\"@id\":\"https:\\\/\\\/promsandweddings.se\\\/produkt\\\/sintra-adirana-brudklanning\\\/#primaryimage\"},\"thumbnailUrl\":\"https:\\\/\\\/promsandweddings.se\\\/wp-content\\\/uploads\\\/2026\\\/03\\\/1N45_SINTRA_ADRIANA_ALIER_2-1.jpg\",\"datePublished\":\"2026-03-15T22:51:12+00:00\",\"dateModified\":\"2026-03-15T22:51:25+00:00\",\"description\":\"Vannia fr\u00e5n Rosa Clar\u00e1 \u2013 en romantisk ballgown med spetsliv, hj\u00e4rtformad urringning, volumin\u00f6s kjol i tyll och l\u00e5ngt sl\u00e4p.\",\"breadcrumb\":{\"@id\":\"https:\\\/\\\/promsandweddings.se\\\/produkt\\\/sintra-adirana-brudklanning\\\/#breadcrumb\"},\"inLanguage\":\"da-DK\",\"potentialAction\":[{\"@type\":\"ReadAction\",\"target\":[\"https:\\\/\\\/promsandweddings.se\\\/produkt\\\/sintra-adirana-brudklanning\\\/\"]}]},{\"@type\":\"ImageObject\",\"inLanguage\":\"da-DK\",\"@id\":\"https:\\\/\\\/promsandweddings.se\\\/produkt\\\/sintra-adirana-brudklanning\\\/#primaryimage\",\"url\":\"https:\\\/\\\/promsandweddings.se\\\/wp-content\\\/uploads\\\/2026\\\/03\\\/1N45_SINTRA_ADRIANA_ALIER_2-1.jpg\",\"contentUrl\":\"https:\\\/\\\/promsandweddings.se\\\/wp-content\\\/uploads\\\/2026\\\/03\\\/1N45_SINTRA_ADRIANA_ALIER_2-1.jpg\",\"width\":1536,\"height\":1920},{\"@type\":\"BreadcrumbList\",\"@id\":\"https:\\\/\\\/promsandweddings.se\\\/produkt\\\/sintra-adirana-brudklanning\\\/#breadcrumb\",\"itemListElement\":[{\"@type\":\"ListItem\",\"position\":1,\"name\":\"Home\",\"item\":\"https:\\\/\\\/promsandweddings.se\\\/\"},{\"@type\":\"ListItem\",\"position\":2,\"name\":\"Webshop\",\"item\":\"https:\\\/\\\/promsandweddings.se\\\/webshop\\\/\"},{\"@type\":\"ListItem\",\"position\":3,\"name\":\"Sintra adirana brudkl\u00e4nning\"}]},{\"@type\":\"WebSite\",\"@id\":\"https:\\\/\\\/promsandweddings.se\\\/#website\",\"url\":\"https:\\\/\\\/promsandweddings.se\\\/\",\"name\":\"Proms and Weddings\",\"description\":\"Hitta din dr\u00f6mkl\u00e4nning\",\"publisher\":{\"@id\":\"https:\\\/\\\/promsandweddings.se\\\/#organization\"},\"alternateName\":\"Proms & Weddings\",\"potentialAction\":[{\"@type\":\"SearchAction\",\"target\":{\"@type\":\"EntryPoint\",\"urlTemplate\":\"https:\\\/\\\/promsandweddings.se\\\/?s={search_term_string}\"},\"query-input\":{\"@type\":\"PropertyValueSpecification\",\"valueRequired\":true,\"valueName\":\"search_term_string\"}}],\"inLanguage\":\"da-DK\"},{\"@type\":\"Organization\",\"@id\":\"https:\\\/\\\/promsandweddings.se\\\/#organization\",\"name\":\"Proms & Weddings\",\"url\":\"https:\\\/\\\/promsandweddings.se\\\/\",\"logo\":{\"@type\":\"ImageObject\",\"inLanguage\":\"da-DK\",\"@id\":\"https:\\\/\\\/promsandweddings.se\\\/#\\\/schema\\\/logo\\\/image\\\/\",\"url\":\"https:\\\/\\\/promsandweddings.se\\\/wp-content\\\/uploads\\\/2026\\\/03\\\/pwlogosv-2-2.webp\",\"contentUrl\":\"https:\\\/\\\/promsandweddings.se\\\/wp-content\\\/uploads\\\/2026\\\/03\\\/pwlogosv-2-2.webp\",\"width\":556,\"height\":152,\"caption\":\"Proms & Weddings\"},\"image\":{\"@id\":\"https:\\\/\\\/promsandweddings.se\\\/#\\\/schema\\\/logo\\\/image\\\/\"},\"sameAs\":[\"https:\\\/\\\/www.facebook.com\\\/promsandweddings\",\"https:\\\/\\\/x.com\\\/PromsWeddings\",\"https:\\\/\\\/www.instagram.com\\\/promsandweddings\\\/\",\"https:\\\/\\\/www.youtube.com\\\/@promsandweddings\\\/shorts\",\"https:\\\/\\\/www.tiktok.com\\\/@promsandweddings\",\"https:\\\/\\\/se.pinterest.com\\\/promsandwedding\"]}]}<\/script>\n<!-- \/ Yoast SEO plugin. -->","yoast_head_json":{"title":"Vannia Brudekjole \u2013 Rosa Clar\u00e1 | Romantisk ballgown i blonder","description":"Vannia fra Rosa Clar\u00e1 \u2013 en romantisk ballgown med blonderiv, hjerteformet udsk\u00e6ring, volumin\u00f8s kjol i tyl og langt sl\u00e6b.","robots":{"index":"index","follow":"follow","max-snippet":"max-snippet:-1","max-image-preview":"max-image-preview:large","max-video-preview":"max-video-preview:-1"},"canonical":"https:\/\/promsandweddings.se\/dk\/vare\/sintra-adirana-brudklanning\/","og_locale":"da_DK","og_type":"article","og_title":"Vannia Brudkl\u00e4nning \u2013 Rosa Clar\u00e1 | Romantisk ballgown i spets","og_description":"Vannia fr\u00e5n Rosa Clar\u00e1 \u2013 en romantisk ballgown med spetsliv, hj\u00e4rtformad urringning, volumin\u00f6s kjol i tyll och l\u00e5ngt sl\u00e4p.","og_url":"https:\/\/promsandweddings.se\/dk\/vare\/sintra-adirana-brudklanning\/","og_site_name":"Proms and Weddings","article_publisher":"https:\/\/www.facebook.com\/promsandweddings","article_modified_time":"2026-03-15T22:51:25+00:00","og_image":[{"width":1536,"height":1920,"url":"https:\/\/promsandweddings.se\/wp-content\/uploads\/2026\/03\/1N45_SINTRA_ADRIANA_ALIER_2-1.jpg","type":"image\/jpeg"}],"twitter_card":"summary_large_image","twitter_site":"@PromsWeddings","twitter_misc":{"Estimeret l\u00e6setid":"1 minut"},"schema":{"@context":"https:\/\/schema.org","@graph":[{"@type":"WebPage","@id":"https:\/\/promsandweddings.se\/produkt\/sintra-adirana-brudklanning\/","url":"https:\/\/promsandweddings.se\/produkt\/sintra-adirana-brudklanning\/","name":"Vannia Brudekjole \u2013 Rosa Clar\u00e1 | Romantisk ballgown i blonder","isPartOf":{"@id":"https:\/\/promsandweddings.se\/#website"},"primaryImageOfPage":{"@id":"https:\/\/promsandweddings.se\/produkt\/sintra-adirana-brudklanning\/#primaryimage"},"image":{"@id":"https:\/\/promsandweddings.se\/produkt\/sintra-adirana-brudklanning\/#primaryimage"},"thumbnailUrl":"https:\/\/promsandweddings.se\/wp-content\/uploads\/2026\/03\/1N45_SINTRA_ADRIANA_ALIER_2-1.jpg","datePublished":"2026-03-15T22:51:12+00:00","dateModified":"2026-03-15T22:51:25+00:00","description":"Vannia fra Rosa Clar\u00e1 \u2013 en romantisk ballgown med blonderiv, hjerteformet udsk\u00e6ring, volumin\u00f8s kjol i tyl og langt sl\u00e6b.","breadcrumb":{"@id":"https:\/\/promsandweddings.se\/produkt\/sintra-adirana-brudklanning\/#breadcrumb"},"inLanguage":"da-DK","potentialAction":[{"@type":"ReadAction","target":["https:\/\/promsandweddings.se\/produkt\/sintra-adirana-brudklanning\/"]}]},{"@type":"ImageObject","inLanguage":"da-DK","@id":"https:\/\/promsandweddings.se\/produkt\/sintra-adirana-brudklanning\/#primaryimage","url":"https:\/\/promsandweddings.se\/wp-content\/uploads\/2026\/03\/1N45_SINTRA_ADRIANA_ALIER_2-1.jpg","contentUrl":"https:\/\/promsandweddings.se\/wp-content\/uploads\/2026\/03\/1N45_SINTRA_ADRIANA_ALIER_2-1.jpg","width":1536,"height":1920},{"@type":"BreadcrumbList","@id":"https:\/\/promsandweddings.se\/produkt\/sintra-adirana-brudklanning\/#breadcrumb","itemListElement":[{"@type":"ListItem","position":1,"name":"Home","item":"https:\/\/promsandweddings.se\/"},{"@type":"ListItem","position":2,"name":"Webshop","item":"https:\/\/promsandweddings.se\/webshop\/"},{"@type":"ListItem","position":3,"name":"Sintra adirana brudkl\u00e4nning"}]},{"@type":"WebSite","@id":"https:\/\/promsandweddings.se\/#website","url":"https:\/\/promsandweddings.se\/","name":"Proms and Weddings","description":"Find din dr\u00f8mmekjole","publisher":{"@id":"https:\/\/promsandweddings.se\/#organization"},"alternateName":"Proms & Weddings","potentialAction":[{"@type":"SearchAction","target":{"@type":"EntryPoint","urlTemplate":"https:\/\/promsandweddings.se\/?s={search_term_string}"},"query-input":{"@type":"PropertyValueSpecification","valueRequired":true,"valueName":"search_term_string"}}],"inLanguage":"da-DK"},{"@type":"Organization","@id":"https:\/\/promsandweddings.se\/#organization","name":"Proms &amp; Weddings","url":"https:\/\/promsandweddings.se\/","logo":{"@type":"ImageObject","inLanguage":"da-DK","@id":"https:\/\/promsandweddings.se\/#\/schema\/logo\/image\/","url":"https:\/\/promsandweddings.se\/wp-content\/uploads\/2026\/03\/pwlogosv-2-2.webp","contentUrl":"https:\/\/promsandweddings.se\/wp-content\/uploads\/2026\/03\/pwlogosv-2-2.webp","width":556,"height":152,"caption":"Proms & Weddings"},"image":{"@id":"https:\/\/promsandweddings.se\/#\/schema\/logo\/image\/"},"sameAs":["https:\/\/www.facebook.com\/promsandweddings","https:\/\/x.com\/PromsWeddings","https:\/\/www.instagram.com\/promsandweddings\/","https:\/\/www.youtube.com\/@promsandweddings\/shorts","https:\/\/www.tiktok.com\/@promsandweddings","https:\/\/se.pinterest.com\/promsandwedding"]}]}},"jetpack_sharing_enabled":true,"brands":[],"_links":{"self":[{"href":"https:\/\/promsandweddings.se\/dk\/wp-json\/wp\/v2\/product\/28752","targetHints":{"allow":["GET"]}}],"collection":[{"href":"https:\/\/promsandweddings.se\/dk\/wp-json\/wp\/v2\/product"}],"about":[{"href":"https:\/\/promsandweddings.se\/dk\/wp-json\/wp\/v2\/types\/product"}],"wp:featuredmedia":[{"embeddable":true,"href":"https:\/\/promsandweddings.se\/dk\/wp-json\/wp\/v2\/media\/28782"}],"wp:attachment":[{"href":"https:\/\/promsandweddings.se\/dk\/wp-json\/wp\/v2\/media?parent=28752"}],"wp:term":[{"taxonomy":"pwb-brand","embeddable":true,"href":"https:\/\/promsandweddings.se\/dk\/wp-json\/wp\/v2\/pwb-brand?post=28752"},{"taxonomy":"product_brand","embeddable":true,"href":"https:\/\/promsandweddings.se\/dk\/wp-json\/wp\/v2\/product_brand?post=28752"},{"taxonomy":"product_cat","embeddable":true,"href":"https:\/\/promsandweddings.se\/dk\/wp-json\/wp\/v2\/product_cat?post=28752"},{"taxonomy":"product_tag","embeddable":true,"href":"https:\/\/promsandweddings.se\/dk\/wp-json\/wp\/v2\/product_tag?post=28752"}],"curies":[{"name":"wp","href":"https:\/\/api.w.org\/{rel}","templated":true}]}}