{"id":28761,"date":"2026-03-15T23:51:13","date_gmt":"2026-03-15T22:51:13","guid":{"rendered":"https:\/\/promsandweddings.se\/?post_type=product&#038;p=28761"},"modified":"2026-03-15T23:53:25","modified_gmt":"2026-03-15T22:53:25","slug":"pronovias-betje-brollopsklanning","status":"publish","type":"product","link":"https:\/\/promsandweddings.se\/dk\/produkt\/pronovias-betje-brollopsklanning\/","title":{"rendered":"Pronovias BETJE bryllupsekjole"},"content":{"rendered":"<p data-start=\"226\" data-end=\"510\">Betje fra Pronovias er en brudekjole, som kombinerer kongelig elegance med romantisk finesse. Den er skabt til bruden, som gerne vil b\u00e6re noget betagende, tidl\u00f8st og uimodst\u00e5eligt sofistikeret. Hver detalje arbejder sammen for at skabe et udtryk, som f\u00f8les b\u00e5de uds\u00f8gt og selvsagt.<\/p>\n<p data-start=\"512\" data-end=\"839\">Den h\u00f8je illusion-udringning i blonde giver kjolen en majest\u00e6tisk indramning, samtidig med at det transparente blonde fremh\u00e6ver de smukke linjer i det korsettformede liv. De lange \u00e6rmer i finspundet blonde skaber et udtryk af ynde og bl\u00f8dhed, mens de blomstrede applikationer giver liv og struktur over hele overdelen.<\/p>\n<p data-start=\"841\" data-end=\"1113\">Den romantiske A-linje nederdel falder bl\u00f8dt i lag af blonde og tyl. Hver bev\u00e6gelse skaber et subtilt skimmer og viser kjolens h\u00e5ndv\u00e6rk p\u00e5 en naturlig m\u00e5de. Det generous trassel forst\u00e6rker helheden og giver bruden en dramatisk, men stadig harmonisk silhuet.<\/p>\n<p data-start=\"1115\" data-end=\"1388\">Betje er perfekt til dig, som gerne vil kombinere traditionel bruderomantik med couture-detaljer. Kjolen f\u00f8les lige s\u00e5 rigtig i en praktfuld kirke som ved en romantisk havebrudekransekremoni. Den l\u00f8fter din personlighed og lader dig str\u00e5le \u2013 fra f\u00f8rste skridt mod alteret til sidste dans.<\/p>","protected":false},"excerpt":{"rendered":"<p><strong data-start=\"0\" data-end=\"9\" data-is-only-node=\"\">Betje<\/strong>\u00a0er en bryllupskjole fra kollektionen\u00a0<em data-start=\"49\" data-end=\"65\">Pronovias 2026<\/em>\u00a0fra\u00a0<strong data-start=\"71\" data-end=\"112\"><span class=\"hover:entity-accent entity-underline inline cursor-pointer align-baseline\"><span class=\"whitespace-normal\">Pronovias<\/span><\/span><\/strong>.<br data-start=\"113\" data-end=\"116\" \/>En elegant lang brudekjole i bl\u00f8d ivory-tone med moderne silhuet og sofistikerede detaljer, der giver et tidl\u00f8st og eksklusivt udtryk.<br data-start=\"255\" data-end=\"258\" \/><br data-start=\"340\" data-end=\"343\" \/><em data-start=\"343\" data-end=\"400\" data-is-last-node=\"\">(Kontakt os for sp\u00f8rgsm\u00e5l vedr\u00f8rende priser, booking osv.)<\/em><\/p>\n<div class=\"product attribute overview\">\n<div class=\"product attribute overview\">\n<p class=\"value\">\n<\/div>\n<h2 class=\"value\"><\/h2>\n<\/div>\n<p>&nbsp;<\/p>","protected":false},"featured_media":28836,"template":"","meta":[],"pwb-brand":[],"product_brand":[],"product_cat":[16,23],"product_tag":[167,25,22],"class_list":{"0":"post-28761","1":"product","2":"type-product","3":"status-publish","4":"has-post-thumbnail","6":"product_cat-klanningar","7":"product_cat-pronovias","8":"product_tag-brollop","9":"product_tag-brollopsklanning","10":"product_tag-brudklanning","12":"first","13":"instock","14":"shipping-taxable","15":"product-type-simple"},"yoast_head":"<!-- This site is optimized with the Yoast SEO plugin v27.4 - https:\/\/yoast.com\/product\/yoast-seo-wordpress\/ -->\n<title>Betje fr\u00e5n Pronovias \u2013 Romantisk Spetsbrudkl\u00e4nning med L\u00e5nga \u00c4rmar och A-linje<\/title>\n<meta name=\"description\" content=\"Betje fr\u00e5n Pronovias \u00e4r en romantisk spetskl\u00e4nning med l\u00e5nga \u00e4rmar, illusion-urringning och svepande A-linjekjol. Perfekt f\u00f6r en tidl\u00f6s och elegant brud.\" \/>\n<meta name=\"robots\" content=\"index, follow, max-snippet:-1, max-image-preview:large, max-video-preview:-1\" \/>\n<link rel=\"canonical\" href=\"https:\/\/promsandweddings.se\/dk\/vare\/pronovias-betje-brollopsklanning\/\" \/>\n<meta property=\"og:locale\" content=\"da_DK\" \/>\n<meta property=\"og:type\" content=\"article\" \/>\n<meta property=\"og:title\" content=\"Betje fr\u00e5n Pronovias \u2013 Romantisk Spetsbrudkl\u00e4nning med L\u00e5nga \u00c4rmar och A-linje\" \/>\n<meta property=\"og:description\" content=\"Betje fr\u00e5n Pronovias \u00e4r en romantisk spetskl\u00e4nning med l\u00e5nga \u00e4rmar, illusion-urringning och svepande A-linjekjol. Perfekt f\u00f6r en tidl\u00f6s och elegant brud.\" \/>\n<meta property=\"og:url\" content=\"https:\/\/promsandweddings.se\/dk\/vare\/pronovias-betje-brollopsklanning\/\" \/>\n<meta property=\"og:site_name\" content=\"Proms and Weddings\" \/>\n<meta property=\"article:publisher\" content=\"https:\/\/www.facebook.com\/promsandweddings\" \/>\n<meta property=\"article:modified_time\" content=\"2026-03-15T22:53:25+00:00\" \/>\n<meta property=\"og:image\" content=\"https:\/\/promsandweddings.se\/wp-content\/uploads\/2026\/03\/betje-b-ec32bc49.jpg\" \/>\n\t<meta property=\"og:image:width\" content=\"1691\" \/>\n\t<meta property=\"og:image:height\" content=\"2255\" \/>\n\t<meta property=\"og:image:type\" content=\"image\/jpeg\" \/>\n<meta name=\"twitter:card\" content=\"summary_large_image\" \/>\n<meta name=\"twitter:site\" content=\"@PromsWeddings\" \/>\n<meta name=\"twitter:label1\" content=\"Estimeret l\u00e6setid\" \/>\n\t<meta name=\"twitter:data1\" content=\"1 minut\" \/>\n<script type=\"application\/ld+json\" class=\"yoast-schema-graph\">{\"@context\":\"https:\\\/\\\/schema.org\",\"@graph\":[{\"@type\":\"WebPage\",\"@id\":\"https:\\\/\\\/promsandweddings.se\\\/produkt\\\/pronovias-betje-brollopsklanning\\\/\",\"url\":\"https:\\\/\\\/promsandweddings.se\\\/produkt\\\/pronovias-betje-brollopsklanning\\\/\",\"name\":\"Betje fr\u00e5n Pronovias \u2013 Romantisk Spetsbrudkl\u00e4nning med L\u00e5nga \u00c4rmar och A-linje\",\"isPartOf\":{\"@id\":\"https:\\\/\\\/promsandweddings.se\\\/#website\"},\"primaryImageOfPage\":{\"@id\":\"https:\\\/\\\/promsandweddings.se\\\/produkt\\\/pronovias-betje-brollopsklanning\\\/#primaryimage\"},\"image\":{\"@id\":\"https:\\\/\\\/promsandweddings.se\\\/produkt\\\/pronovias-betje-brollopsklanning\\\/#primaryimage\"},\"thumbnailUrl\":\"https:\\\/\\\/promsandweddings.se\\\/wp-content\\\/uploads\\\/2026\\\/03\\\/betje-b-ec32bc49.jpg\",\"datePublished\":\"2026-03-15T22:51:13+00:00\",\"dateModified\":\"2026-03-15T22:53:25+00:00\",\"description\":\"Betje fr\u00e5n Pronovias \u00e4r en romantisk spetskl\u00e4nning med l\u00e5nga \u00e4rmar, illusion-urringning och svepande A-linjekjol. Perfekt f\u00f6r en tidl\u00f6s och elegant brud.\",\"breadcrumb\":{\"@id\":\"https:\\\/\\\/promsandweddings.se\\\/produkt\\\/pronovias-betje-brollopsklanning\\\/#breadcrumb\"},\"inLanguage\":\"da-DK\",\"potentialAction\":[{\"@type\":\"ReadAction\",\"target\":[\"https:\\\/\\\/promsandweddings.se\\\/produkt\\\/pronovias-betje-brollopsklanning\\\/\"]}]},{\"@type\":\"ImageObject\",\"inLanguage\":\"da-DK\",\"@id\":\"https:\\\/\\\/promsandweddings.se\\\/produkt\\\/pronovias-betje-brollopsklanning\\\/#primaryimage\",\"url\":\"https:\\\/\\\/promsandweddings.se\\\/wp-content\\\/uploads\\\/2026\\\/03\\\/betje-b-ec32bc49.jpg\",\"contentUrl\":\"https:\\\/\\\/promsandweddings.se\\\/wp-content\\\/uploads\\\/2026\\\/03\\\/betje-b-ec32bc49.jpg\",\"width\":1691,\"height\":2255},{\"@type\":\"BreadcrumbList\",\"@id\":\"https:\\\/\\\/promsandweddings.se\\\/produkt\\\/pronovias-betje-brollopsklanning\\\/#breadcrumb\",\"itemListElement\":[{\"@type\":\"ListItem\",\"position\":1,\"name\":\"Home\",\"item\":\"https:\\\/\\\/promsandweddings.se\\\/\"},{\"@type\":\"ListItem\",\"position\":2,\"name\":\"Webshop\",\"item\":\"https:\\\/\\\/promsandweddings.se\\\/webshop\\\/\"},{\"@type\":\"ListItem\",\"position\":3,\"name\":\"Pronovias BETJE br\u00f6llopskl\u00e4nning\"}]},{\"@type\":\"WebSite\",\"@id\":\"https:\\\/\\\/promsandweddings.se\\\/#website\",\"url\":\"https:\\\/\\\/promsandweddings.se\\\/\",\"name\":\"Proms and Weddings\",\"description\":\"Hitta din dr\u00f6mkl\u00e4nning\",\"publisher\":{\"@id\":\"https:\\\/\\\/promsandweddings.se\\\/#organization\"},\"alternateName\":\"Proms & Weddings\",\"potentialAction\":[{\"@type\":\"SearchAction\",\"target\":{\"@type\":\"EntryPoint\",\"urlTemplate\":\"https:\\\/\\\/promsandweddings.se\\\/?s={search_term_string}\"},\"query-input\":{\"@type\":\"PropertyValueSpecification\",\"valueRequired\":true,\"valueName\":\"search_term_string\"}}],\"inLanguage\":\"da-DK\"},{\"@type\":\"Organization\",\"@id\":\"https:\\\/\\\/promsandweddings.se\\\/#organization\",\"name\":\"Proms & Weddings\",\"url\":\"https:\\\/\\\/promsandweddings.se\\\/\",\"logo\":{\"@type\":\"ImageObject\",\"inLanguage\":\"da-DK\",\"@id\":\"https:\\\/\\\/promsandweddings.se\\\/#\\\/schema\\\/logo\\\/image\\\/\",\"url\":\"https:\\\/\\\/promsandweddings.se\\\/wp-content\\\/uploads\\\/2026\\\/03\\\/pwlogosv-2-2.webp\",\"contentUrl\":\"https:\\\/\\\/promsandweddings.se\\\/wp-content\\\/uploads\\\/2026\\\/03\\\/pwlogosv-2-2.webp\",\"width\":556,\"height\":152,\"caption\":\"Proms & Weddings\"},\"image\":{\"@id\":\"https:\\\/\\\/promsandweddings.se\\\/#\\\/schema\\\/logo\\\/image\\\/\"},\"sameAs\":[\"https:\\\/\\\/www.facebook.com\\\/promsandweddings\",\"https:\\\/\\\/x.com\\\/PromsWeddings\",\"https:\\\/\\\/www.instagram.com\\\/promsandweddings\\\/\",\"https:\\\/\\\/www.youtube.com\\\/@promsandweddings\\\/shorts\",\"https:\\\/\\\/www.tiktok.com\\\/@promsandweddings\",\"https:\\\/\\\/se.pinterest.com\\\/promsandwedding\"]}]}<\/script>\n<!-- \/ Yoast SEO plugin. -->","yoast_head_json":{"title":"Betje fra Pronovias \u2013 Romantisk Blondebrudekjole med Lange \u00c6rmer og A-linje","description":"Betje fra Pronovias er en romantisk blondeekjole med lange \u00e6rmer, illusion-udringning og sv\u00f8bende A-linje nederdel. Perfekt til en tidl\u00f8s og elegant brud.","robots":{"index":"index","follow":"follow","max-snippet":"max-snippet:-1","max-image-preview":"max-image-preview:large","max-video-preview":"max-video-preview:-1"},"canonical":"https:\/\/promsandweddings.se\/dk\/vare\/pronovias-betje-brollopsklanning\/","og_locale":"da_DK","og_type":"article","og_title":"Betje fr\u00e5n Pronovias \u2013 Romantisk Spetsbrudkl\u00e4nning med L\u00e5nga \u00c4rmar och A-linje","og_description":"Betje fr\u00e5n Pronovias \u00e4r en romantisk spetskl\u00e4nning med l\u00e5nga \u00e4rmar, illusion-urringning och svepande A-linjekjol. Perfekt f\u00f6r en tidl\u00f6s och elegant brud.","og_url":"https:\/\/promsandweddings.se\/dk\/vare\/pronovias-betje-brollopsklanning\/","og_site_name":"Proms and Weddings","article_publisher":"https:\/\/www.facebook.com\/promsandweddings","article_modified_time":"2026-03-15T22:53:25+00:00","og_image":[{"width":1691,"height":2255,"url":"https:\/\/promsandweddings.se\/wp-content\/uploads\/2026\/03\/betje-b-ec32bc49.jpg","type":"image\/jpeg"}],"twitter_card":"summary_large_image","twitter_site":"@PromsWeddings","twitter_misc":{"Estimeret l\u00e6setid":"1 minut"},"schema":{"@context":"https:\/\/schema.org","@graph":[{"@type":"WebPage","@id":"https:\/\/promsandweddings.se\/produkt\/pronovias-betje-brollopsklanning\/","url":"https:\/\/promsandweddings.se\/produkt\/pronovias-betje-brollopsklanning\/","name":"Betje fra Pronovias \u2013 Romantisk Blondebrudekjole med Lange \u00c6rmer og A-linje","isPartOf":{"@id":"https:\/\/promsandweddings.se\/#website"},"primaryImageOfPage":{"@id":"https:\/\/promsandweddings.se\/produkt\/pronovias-betje-brollopsklanning\/#primaryimage"},"image":{"@id":"https:\/\/promsandweddings.se\/produkt\/pronovias-betje-brollopsklanning\/#primaryimage"},"thumbnailUrl":"https:\/\/promsandweddings.se\/wp-content\/uploads\/2026\/03\/betje-b-ec32bc49.jpg","datePublished":"2026-03-15T22:51:13+00:00","dateModified":"2026-03-15T22:53:25+00:00","description":"Betje fra Pronovias er en romantisk blondeekjole med lange \u00e6rmer, illusion-udringning og sv\u00f8bende A-linje nederdel. Perfekt til en tidl\u00f8s og elegant brud.","breadcrumb":{"@id":"https:\/\/promsandweddings.se\/produkt\/pronovias-betje-brollopsklanning\/#breadcrumb"},"inLanguage":"da-DK","potentialAction":[{"@type":"ReadAction","target":["https:\/\/promsandweddings.se\/produkt\/pronovias-betje-brollopsklanning\/"]}]},{"@type":"ImageObject","inLanguage":"da-DK","@id":"https:\/\/promsandweddings.se\/produkt\/pronovias-betje-brollopsklanning\/#primaryimage","url":"https:\/\/promsandweddings.se\/wp-content\/uploads\/2026\/03\/betje-b-ec32bc49.jpg","contentUrl":"https:\/\/promsandweddings.se\/wp-content\/uploads\/2026\/03\/betje-b-ec32bc49.jpg","width":1691,"height":2255},{"@type":"BreadcrumbList","@id":"https:\/\/promsandweddings.se\/produkt\/pronovias-betje-brollopsklanning\/#breadcrumb","itemListElement":[{"@type":"ListItem","position":1,"name":"Home","item":"https:\/\/promsandweddings.se\/"},{"@type":"ListItem","position":2,"name":"Webshop","item":"https:\/\/promsandweddings.se\/webshop\/"},{"@type":"ListItem","position":3,"name":"Pronovias BETJE br\u00f6llopskl\u00e4nning"}]},{"@type":"WebSite","@id":"https:\/\/promsandweddings.se\/#website","url":"https:\/\/promsandweddings.se\/","name":"Proms and Weddings","description":"Find din dr\u00f8mmekjole","publisher":{"@id":"https:\/\/promsandweddings.se\/#organization"},"alternateName":"Proms & Weddings","potentialAction":[{"@type":"SearchAction","target":{"@type":"EntryPoint","urlTemplate":"https:\/\/promsandweddings.se\/?s={search_term_string}"},"query-input":{"@type":"PropertyValueSpecification","valueRequired":true,"valueName":"search_term_string"}}],"inLanguage":"da-DK"},{"@type":"Organization","@id":"https:\/\/promsandweddings.se\/#organization","name":"Proms &amp; Weddings","url":"https:\/\/promsandweddings.se\/","logo":{"@type":"ImageObject","inLanguage":"da-DK","@id":"https:\/\/promsandweddings.se\/#\/schema\/logo\/image\/","url":"https:\/\/promsandweddings.se\/wp-content\/uploads\/2026\/03\/pwlogosv-2-2.webp","contentUrl":"https:\/\/promsandweddings.se\/wp-content\/uploads\/2026\/03\/pwlogosv-2-2.webp","width":556,"height":152,"caption":"Proms & Weddings"},"image":{"@id":"https:\/\/promsandweddings.se\/#\/schema\/logo\/image\/"},"sameAs":["https:\/\/www.facebook.com\/promsandweddings","https:\/\/x.com\/PromsWeddings","https:\/\/www.instagram.com\/promsandweddings\/","https:\/\/www.youtube.com\/@promsandweddings\/shorts","https:\/\/www.tiktok.com\/@promsandweddings","https:\/\/se.pinterest.com\/promsandwedding"]}]}},"jetpack_sharing_enabled":true,"brands":[],"_links":{"self":[{"href":"https:\/\/promsandweddings.se\/dk\/wp-json\/wp\/v2\/product\/28761","targetHints":{"allow":["GET"]}}],"collection":[{"href":"https:\/\/promsandweddings.se\/dk\/wp-json\/wp\/v2\/product"}],"about":[{"href":"https:\/\/promsandweddings.se\/dk\/wp-json\/wp\/v2\/types\/product"}],"wp:featuredmedia":[{"embeddable":true,"href":"https:\/\/promsandweddings.se\/dk\/wp-json\/wp\/v2\/media\/28836"}],"wp:attachment":[{"href":"https:\/\/promsandweddings.se\/dk\/wp-json\/wp\/v2\/media?parent=28761"}],"wp:term":[{"taxonomy":"pwb-brand","embeddable":true,"href":"https:\/\/promsandweddings.se\/dk\/wp-json\/wp\/v2\/pwb-brand?post=28761"},{"taxonomy":"product_brand","embeddable":true,"href":"https:\/\/promsandweddings.se\/dk\/wp-json\/wp\/v2\/product_brand?post=28761"},{"taxonomy":"product_cat","embeddable":true,"href":"https:\/\/promsandweddings.se\/dk\/wp-json\/wp\/v2\/product_cat?post=28761"},{"taxonomy":"product_tag","embeddable":true,"href":"https:\/\/promsandweddings.se\/dk\/wp-json\/wp\/v2\/product_tag?post=28761"}],"curies":[{"name":"wp","href":"https:\/\/api.w.org\/{rel}","templated":true}]}}