{"id":28763,"date":"2026-03-15T23:51:13","date_gmt":"2026-03-15T22:51:13","guid":{"rendered":"https:\/\/promsandweddings.se\/?post_type=product&#038;p=28763"},"modified":"2026-03-15T23:53:45","modified_gmt":"2026-03-15T22:53:45","slug":"enzoani-valen-brollopsklanning","status":"publish","type":"product","link":"https:\/\/promsandweddings.se\/dk\/produkt\/enzoani-valen-brollopsklanning\/","title":{"rendered":"Enzoani Valen bryllupskjole"},"content":{"rendered":"<p data-start=\"304\" data-end=\"582\"><strong data-start=\"304\" data-end=\"326\">Valen fra Enzoani<\/strong>\u00a0er en brudekjole, som legemligg\u00f8r romantik, elegance og moderne luksus. Den er skabt til bruden, der vil str\u00e5le af selvsikkerhed og tidl\u00f8s sk\u00f8nhed. Med sin omhyggelig blonde og n\u00f8jagtigt udformet silhuet bliver Valen en kjole, som fanger hvert blik.<\/p>\n<p data-start=\"584\" data-end=\"1029\">Kjolen har en\u00a0<strong data-start=\"602\" data-end=\"625\">off-shoulder design<\/strong>\u00a0med en\u00a0<strong data-start=\"633\" data-end=\"659\">hjertformet halslinje<\/strong>\u00a0som l\u00f8fter frem skuldre og dekolletage p\u00e5 en bl\u00f8d og feminin m\u00e5de. Den korsettformede body i transparent tyl fremh\u00e6ver taljens og giver en fortryllende pasform. De h\u00e5ndsyede blondapplikationer skaber en luksuri\u00f8s tekstur, som glimrer let i lyset. De lange blonde\u00e6rmer tilf\u00f8jer b\u00e5de elegance og balance, hvilket giver kjolen en romantisk og harmonisk helhed.<\/p>\n<p data-start=\"1031\" data-end=\"1381\">Kjolen har en klassisk\u00a0<strong data-start=\"1054\" data-end=\"1069\">A-linjeform<\/strong>\u00a0som flyder smukt, n\u00e5r du bev\u00e6ger dig. Den best\u00e5r af flere lag af tyl og blonde, som giver volumen uden at tynge silhuetten. Det\u00a0<strong data-start=\"1194\" data-end=\"1213\">elegante sl\u00e6b<\/strong>\u00a0fuldendt designet og forvandler hvert skridt til et \u00f8jeblik af ren magi. Dens bl\u00f8de blondem\u00f8nster flyder ned langs stofet og giver en f\u00f8lelse af bev\u00e6gelse og lethed.<\/p>","protected":false},"excerpt":{"rendered":"<p><strong data-start=\"0\" data-end=\"9\" data-is-only-node=\"\">Valen<\/strong>\u00a0er en brudekjole fra\u00a0<strong data-start=\"38\" data-end=\"79\"><span class=\"hover:entity-accent entity-underline inline cursor-pointer align-baseline\"><span class=\"whitespace-normal\">Enzoani<\/span><\/span><\/strong>.<br data-start=\"80\" data-end=\"83\" \/>En moderne og elegant lang brudekjole i bl\u00f8d ivory-tone med stilren silhuet og sofistikerede detaljer, der giver et tidl\u00f8st udtryk.<br data-start=\"220\" data-end=\"223\" \/><br data-start=\"305\" data-end=\"308\" \/><em data-start=\"308\" data-end=\"365\" data-is-last-node=\"\">(Kontakt os for sp\u00f8rgsm\u00e5l vedr\u00f8rende priser, booking osv.)<\/em><\/p>\n<div class=\"product attribute overview\">\n<div class=\"product attribute overview\">\n<p class=\"value\">\n<\/div>\n<h2 class=\"value\"><\/h2>\n<\/div>\n<p>&nbsp;<\/p>","protected":false},"featured_media":28844,"template":"","meta":[],"pwb-brand":[],"product_brand":[],"product_cat":[331,16],"product_tag":[167,25,22],"class_list":{"0":"post-28763","1":"product","2":"type-product","3":"status-publish","4":"has-post-thumbnail","6":"product_cat-enzoani","7":"product_cat-klanningar","8":"product_tag-brollop","9":"product_tag-brollopsklanning","10":"product_tag-brudklanning","12":"first","13":"instock","14":"shipping-taxable","15":"product-type-simple"},"yoast_head":"<!-- This site is optimized with the Yoast SEO plugin v27.4 - https:\/\/yoast.com\/product\/yoast-seo-wordpress\/ -->\n<title>Enzoani Valen Brudkl\u00e4nning \u2013 Elegant Spetsdr\u00f6m med Korsett<\/title>\n<meta name=\"description\" content=\"Uppt\u00e4ck Valen fr\u00e5n Enzoani \u2013 en lyxig brudkl\u00e4nning med korsettliv, spets\u00e4rmar och A-linjeform som f\u00f6renar romantik och elegans.\" \/>\n<meta name=\"robots\" content=\"index, follow, max-snippet:-1, max-image-preview:large, max-video-preview:-1\" \/>\n<link rel=\"canonical\" href=\"https:\/\/promsandweddings.se\/dk\/vare\/enzoani-valen-brollopsklanning\/\" \/>\n<meta property=\"og:locale\" content=\"da_DK\" \/>\n<meta property=\"og:type\" content=\"article\" \/>\n<meta property=\"og:title\" content=\"Enzoani Valen Brudkl\u00e4nning \u2013 Elegant Spetsdr\u00f6m med Korsett\" \/>\n<meta property=\"og:description\" content=\"Uppt\u00e4ck Valen fr\u00e5n Enzoani \u2013 en lyxig brudkl\u00e4nning med korsettliv, spets\u00e4rmar och A-linjeform som f\u00f6renar romantik och elegans.\" \/>\n<meta property=\"og:url\" content=\"https:\/\/promsandweddings.se\/dk\/vare\/enzoani-valen-brollopsklanning\/\" \/>\n<meta property=\"og:site_name\" content=\"Proms and Weddings\" \/>\n<meta property=\"article:publisher\" content=\"https:\/\/www.facebook.com\/promsandweddings\" \/>\n<meta property=\"article:modified_time\" content=\"2026-03-15T22:53:45+00:00\" \/>\n<meta property=\"og:image\" content=\"https:\/\/promsandweddings.se\/wp-content\/uploads\/2026\/03\/26_Enzoani_PRO_VALEN_Fro2_Web.jpg\" \/>\n\t<meta property=\"og:image:width\" content=\"1035\" \/>\n\t<meta property=\"og:image:height\" content=\"1380\" \/>\n\t<meta property=\"og:image:type\" content=\"image\/jpeg\" \/>\n<meta name=\"twitter:card\" content=\"summary_large_image\" \/>\n<meta name=\"twitter:site\" content=\"@PromsWeddings\" \/>\n<meta name=\"twitter:label1\" content=\"Estimeret l\u00e6setid\" \/>\n\t<meta name=\"twitter:data1\" content=\"1 minut\" \/>\n<script type=\"application\/ld+json\" class=\"yoast-schema-graph\">{\"@context\":\"https:\\\/\\\/schema.org\",\"@graph\":[{\"@type\":\"WebPage\",\"@id\":\"https:\\\/\\\/promsandweddings.se\\\/produkt\\\/enzoani-valen-brollopsklanning\\\/\",\"url\":\"https:\\\/\\\/promsandweddings.se\\\/produkt\\\/enzoani-valen-brollopsklanning\\\/\",\"name\":\"Enzoani Valen Brudkl\u00e4nning \u2013 Elegant Spetsdr\u00f6m med Korsett\",\"isPartOf\":{\"@id\":\"https:\\\/\\\/promsandweddings.se\\\/#website\"},\"primaryImageOfPage\":{\"@id\":\"https:\\\/\\\/promsandweddings.se\\\/produkt\\\/enzoani-valen-brollopsklanning\\\/#primaryimage\"},\"image\":{\"@id\":\"https:\\\/\\\/promsandweddings.se\\\/produkt\\\/enzoani-valen-brollopsklanning\\\/#primaryimage\"},\"thumbnailUrl\":\"https:\\\/\\\/promsandweddings.se\\\/wp-content\\\/uploads\\\/2026\\\/03\\\/26_Enzoani_PRO_VALEN_Fro2_Web.jpg\",\"datePublished\":\"2026-03-15T22:51:13+00:00\",\"dateModified\":\"2026-03-15T22:53:45+00:00\",\"description\":\"Uppt\u00e4ck Valen fr\u00e5n Enzoani \u2013 en lyxig brudkl\u00e4nning med korsettliv, spets\u00e4rmar och A-linjeform som f\u00f6renar romantik och elegans.\",\"breadcrumb\":{\"@id\":\"https:\\\/\\\/promsandweddings.se\\\/produkt\\\/enzoani-valen-brollopsklanning\\\/#breadcrumb\"},\"inLanguage\":\"da-DK\",\"potentialAction\":[{\"@type\":\"ReadAction\",\"target\":[\"https:\\\/\\\/promsandweddings.se\\\/produkt\\\/enzoani-valen-brollopsklanning\\\/\"]}]},{\"@type\":\"ImageObject\",\"inLanguage\":\"da-DK\",\"@id\":\"https:\\\/\\\/promsandweddings.se\\\/produkt\\\/enzoani-valen-brollopsklanning\\\/#primaryimage\",\"url\":\"https:\\\/\\\/promsandweddings.se\\\/wp-content\\\/uploads\\\/2026\\\/03\\\/26_Enzoani_PRO_VALEN_Fro2_Web.jpg\",\"contentUrl\":\"https:\\\/\\\/promsandweddings.se\\\/wp-content\\\/uploads\\\/2026\\\/03\\\/26_Enzoani_PRO_VALEN_Fro2_Web.jpg\",\"width\":1035,\"height\":1380},{\"@type\":\"BreadcrumbList\",\"@id\":\"https:\\\/\\\/promsandweddings.se\\\/produkt\\\/enzoani-valen-brollopsklanning\\\/#breadcrumb\",\"itemListElement\":[{\"@type\":\"ListItem\",\"position\":1,\"name\":\"Home\",\"item\":\"https:\\\/\\\/promsandweddings.se\\\/\"},{\"@type\":\"ListItem\",\"position\":2,\"name\":\"Webshop\",\"item\":\"https:\\\/\\\/promsandweddings.se\\\/webshop\\\/\"},{\"@type\":\"ListItem\",\"position\":3,\"name\":\"Enzoani Valen br\u00f6llopskl\u00e4nning\"}]},{\"@type\":\"WebSite\",\"@id\":\"https:\\\/\\\/promsandweddings.se\\\/#website\",\"url\":\"https:\\\/\\\/promsandweddings.se\\\/\",\"name\":\"Proms and Weddings\",\"description\":\"Hitta din dr\u00f6mkl\u00e4nning\",\"publisher\":{\"@id\":\"https:\\\/\\\/promsandweddings.se\\\/#organization\"},\"alternateName\":\"Proms & Weddings\",\"potentialAction\":[{\"@type\":\"SearchAction\",\"target\":{\"@type\":\"EntryPoint\",\"urlTemplate\":\"https:\\\/\\\/promsandweddings.se\\\/?s={search_term_string}\"},\"query-input\":{\"@type\":\"PropertyValueSpecification\",\"valueRequired\":true,\"valueName\":\"search_term_string\"}}],\"inLanguage\":\"da-DK\"},{\"@type\":\"Organization\",\"@id\":\"https:\\\/\\\/promsandweddings.se\\\/#organization\",\"name\":\"Proms & Weddings\",\"url\":\"https:\\\/\\\/promsandweddings.se\\\/\",\"logo\":{\"@type\":\"ImageObject\",\"inLanguage\":\"da-DK\",\"@id\":\"https:\\\/\\\/promsandweddings.se\\\/#\\\/schema\\\/logo\\\/image\\\/\",\"url\":\"https:\\\/\\\/promsandweddings.se\\\/wp-content\\\/uploads\\\/2026\\\/03\\\/pwlogosv-2-2.webp\",\"contentUrl\":\"https:\\\/\\\/promsandweddings.se\\\/wp-content\\\/uploads\\\/2026\\\/03\\\/pwlogosv-2-2.webp\",\"width\":556,\"height\":152,\"caption\":\"Proms & Weddings\"},\"image\":{\"@id\":\"https:\\\/\\\/promsandweddings.se\\\/#\\\/schema\\\/logo\\\/image\\\/\"},\"sameAs\":[\"https:\\\/\\\/www.facebook.com\\\/promsandweddings\",\"https:\\\/\\\/x.com\\\/PromsWeddings\",\"https:\\\/\\\/www.instagram.com\\\/promsandweddings\\\/\",\"https:\\\/\\\/www.youtube.com\\\/@promsandweddings\\\/shorts\",\"https:\\\/\\\/www.tiktok.com\\\/@promsandweddings\",\"https:\\\/\\\/se.pinterest.com\\\/promsandwedding\"]}]}<\/script>\n<!-- \/ Yoast SEO plugin. -->","yoast_head_json":{"title":"Enzoani Valen Brudekjole \u2013 Elegant Blonddr\u00f8m med Korsette","description":"Opdag Valen fra Enzoani \u2013 en luksuri\u00f8s brudekjole med korsettebody, blond\u00e6rmer og A-linjeform, som forener romantik og elegance.","robots":{"index":"index","follow":"follow","max-snippet":"max-snippet:-1","max-image-preview":"max-image-preview:large","max-video-preview":"max-video-preview:-1"},"canonical":"https:\/\/promsandweddings.se\/dk\/vare\/enzoani-valen-brollopsklanning\/","og_locale":"da_DK","og_type":"article","og_title":"Enzoani Valen Brudkl\u00e4nning \u2013 Elegant Spetsdr\u00f6m med Korsett","og_description":"Uppt\u00e4ck Valen fr\u00e5n Enzoani \u2013 en lyxig brudkl\u00e4nning med korsettliv, spets\u00e4rmar och A-linjeform som f\u00f6renar romantik och elegans.","og_url":"https:\/\/promsandweddings.se\/dk\/vare\/enzoani-valen-brollopsklanning\/","og_site_name":"Proms and Weddings","article_publisher":"https:\/\/www.facebook.com\/promsandweddings","article_modified_time":"2026-03-15T22:53:45+00:00","og_image":[{"width":1035,"height":1380,"url":"https:\/\/promsandweddings.se\/wp-content\/uploads\/2026\/03\/26_Enzoani_PRO_VALEN_Fro2_Web.jpg","type":"image\/jpeg"}],"twitter_card":"summary_large_image","twitter_site":"@PromsWeddings","twitter_misc":{"Estimeret l\u00e6setid":"1 minut"},"schema":{"@context":"https:\/\/schema.org","@graph":[{"@type":"WebPage","@id":"https:\/\/promsandweddings.se\/produkt\/enzoani-valen-brollopsklanning\/","url":"https:\/\/promsandweddings.se\/produkt\/enzoani-valen-brollopsklanning\/","name":"Enzoani Valen Brudekjole \u2013 Elegant Blonddr\u00f8m med Korsette","isPartOf":{"@id":"https:\/\/promsandweddings.se\/#website"},"primaryImageOfPage":{"@id":"https:\/\/promsandweddings.se\/produkt\/enzoani-valen-brollopsklanning\/#primaryimage"},"image":{"@id":"https:\/\/promsandweddings.se\/produkt\/enzoani-valen-brollopsklanning\/#primaryimage"},"thumbnailUrl":"https:\/\/promsandweddings.se\/wp-content\/uploads\/2026\/03\/26_Enzoani_PRO_VALEN_Fro2_Web.jpg","datePublished":"2026-03-15T22:51:13+00:00","dateModified":"2026-03-15T22:53:45+00:00","description":"Opdag Valen fra Enzoani \u2013 en luksuri\u00f8s brudekjole med korsettebody, blond\u00e6rmer og A-linjeform, som forener romantik og elegance.","breadcrumb":{"@id":"https:\/\/promsandweddings.se\/produkt\/enzoani-valen-brollopsklanning\/#breadcrumb"},"inLanguage":"da-DK","potentialAction":[{"@type":"ReadAction","target":["https:\/\/promsandweddings.se\/produkt\/enzoani-valen-brollopsklanning\/"]}]},{"@type":"ImageObject","inLanguage":"da-DK","@id":"https:\/\/promsandweddings.se\/produkt\/enzoani-valen-brollopsklanning\/#primaryimage","url":"https:\/\/promsandweddings.se\/wp-content\/uploads\/2026\/03\/26_Enzoani_PRO_VALEN_Fro2_Web.jpg","contentUrl":"https:\/\/promsandweddings.se\/wp-content\/uploads\/2026\/03\/26_Enzoani_PRO_VALEN_Fro2_Web.jpg","width":1035,"height":1380},{"@type":"BreadcrumbList","@id":"https:\/\/promsandweddings.se\/produkt\/enzoani-valen-brollopsklanning\/#breadcrumb","itemListElement":[{"@type":"ListItem","position":1,"name":"Home","item":"https:\/\/promsandweddings.se\/"},{"@type":"ListItem","position":2,"name":"Webshop","item":"https:\/\/promsandweddings.se\/webshop\/"},{"@type":"ListItem","position":3,"name":"Enzoani Valen br\u00f6llopskl\u00e4nning"}]},{"@type":"WebSite","@id":"https:\/\/promsandweddings.se\/#website","url":"https:\/\/promsandweddings.se\/","name":"Proms and Weddings","description":"Find din dr\u00f8mmekjole","publisher":{"@id":"https:\/\/promsandweddings.se\/#organization"},"alternateName":"Proms & Weddings","potentialAction":[{"@type":"SearchAction","target":{"@type":"EntryPoint","urlTemplate":"https:\/\/promsandweddings.se\/?s={search_term_string}"},"query-input":{"@type":"PropertyValueSpecification","valueRequired":true,"valueName":"search_term_string"}}],"inLanguage":"da-DK"},{"@type":"Organization","@id":"https:\/\/promsandweddings.se\/#organization","name":"Proms &amp; Weddings","url":"https:\/\/promsandweddings.se\/","logo":{"@type":"ImageObject","inLanguage":"da-DK","@id":"https:\/\/promsandweddings.se\/#\/schema\/logo\/image\/","url":"https:\/\/promsandweddings.se\/wp-content\/uploads\/2026\/03\/pwlogosv-2-2.webp","contentUrl":"https:\/\/promsandweddings.se\/wp-content\/uploads\/2026\/03\/pwlogosv-2-2.webp","width":556,"height":152,"caption":"Proms & Weddings"},"image":{"@id":"https:\/\/promsandweddings.se\/#\/schema\/logo\/image\/"},"sameAs":["https:\/\/www.facebook.com\/promsandweddings","https:\/\/x.com\/PromsWeddings","https:\/\/www.instagram.com\/promsandweddings\/","https:\/\/www.youtube.com\/@promsandweddings\/shorts","https:\/\/www.tiktok.com\/@promsandweddings","https:\/\/se.pinterest.com\/promsandwedding"]}]}},"jetpack_sharing_enabled":true,"brands":[],"_links":{"self":[{"href":"https:\/\/promsandweddings.se\/dk\/wp-json\/wp\/v2\/product\/28763","targetHints":{"allow":["GET"]}}],"collection":[{"href":"https:\/\/promsandweddings.se\/dk\/wp-json\/wp\/v2\/product"}],"about":[{"href":"https:\/\/promsandweddings.se\/dk\/wp-json\/wp\/v2\/types\/product"}],"wp:featuredmedia":[{"embeddable":true,"href":"https:\/\/promsandweddings.se\/dk\/wp-json\/wp\/v2\/media\/28844"}],"wp:attachment":[{"href":"https:\/\/promsandweddings.se\/dk\/wp-json\/wp\/v2\/media?parent=28763"}],"wp:term":[{"taxonomy":"pwb-brand","embeddable":true,"href":"https:\/\/promsandweddings.se\/dk\/wp-json\/wp\/v2\/pwb-brand?post=28763"},{"taxonomy":"product_brand","embeddable":true,"href":"https:\/\/promsandweddings.se\/dk\/wp-json\/wp\/v2\/product_brand?post=28763"},{"taxonomy":"product_cat","embeddable":true,"href":"https:\/\/promsandweddings.se\/dk\/wp-json\/wp\/v2\/product_cat?post=28763"},{"taxonomy":"product_tag","embeddable":true,"href":"https:\/\/promsandweddings.se\/dk\/wp-json\/wp\/v2\/product_tag?post=28763"}],"curies":[{"name":"wp","href":"https:\/\/api.w.org\/{rel}","templated":true}]}}