{"id":28768,"date":"2026-03-15T23:51:13","date_gmt":"2026-03-15T22:51:13","guid":{"rendered":"https:\/\/promsandweddings.se\/?post_type=product&#038;p=28768"},"modified":"2026-03-15T23:54:27","modified_gmt":"2026-03-15T22:54:27","slug":"enzoani-thao-brollopsklanning","status":"publish","type":"product","link":"https:\/\/promsandweddings.se\/dk\/produkt\/enzoani-thao-brollopsklanning\/","title":{"rendered":"Enzoani Thao bryllupskjole"},"content":{"rendered":"<p data-start=\"205\" data-end=\"526\"><strong data-start=\"205\" data-end=\"226\">Thao fra Enzoani<\/strong>\u00a0er en brudekjole, som legemligg\u00f8r moderne glamour, kvindelig styrke og tidl\u00f8s elegance. Den er skabt til bruden, der vil udstr\u00e5le selvsikkerhed og sofistikeret sensualitet. Med sit figurkr\u00e6vende snit, glimrende detaljer og luksuri\u00f8se materialer bliver Thao en uforglemmelig kjole til den store dag.<\/p>\n<p data-start=\"528\" data-end=\"905\">Kjolen har en\u00a0<strong data-start=\"546\" data-end=\"572\">hjertformet halslinje<\/strong>\u00a0med tynde\u00a0<strong data-start=\"583\" data-end=\"599\">spaghettiremme<\/strong>\u00a0som indrammen skuldre og dekolletage p\u00e5 en bl\u00f8d og romantisk m\u00e5de. Den transparente\u00a0<strong data-start=\"686\" data-end=\"705\">korsettbody<\/strong>\u00a0med synlig boning skaber en perfekt pasform og fremh\u00e6ver taljens med pr\u00e6cision. Bodyen er dekoreret med\u00a0<strong data-start=\"810\" data-end=\"848\">h\u00e5ndsyede paljetter og perler<\/strong>\u00a0som skaber et smukt lysspil ved hver bev\u00e6gelse.<\/p>\n<p data-start=\"907\" data-end=\"1212\">Kjolen f\u00f8lger kroppen i en\u00a0<strong data-start=\"934\" data-end=\"956\">figurkr\u00e6vende silhuet<\/strong>\u00a0som overgang til et elegant sl\u00e6b. Den er fremstillet i eksklusiv blonde med glimrende m\u00f8nster som giver dybde og dimension. Det forf\u00f8rende design afbalanceres af klassiske detaljer og et tidl\u00f8st udtryk \u2013 en kombination, som g\u00f8r Thao b\u00e5de moderne og ikonisk.<\/p>","protected":false},"excerpt":{"rendered":"<p><strong data-start=\"65\" data-end=\"73\">Thao<\/strong>\u00a0er en bryllupskjole fra kollektionen\u00a0<em data-start=\"113\" data-end=\"130\" data-is-only-node=\"\">Blue by Enzoani<\/em>\u00a0fra\u00a0<strong data-start=\"136\" data-end=\"177\"><span class=\"hover:entity-accent entity-underline inline cursor-pointer align-baseline\"><span class=\"whitespace-normal\">Enzoani<\/span><\/span><\/strong>.<br data-start=\"178\" data-end=\"181\" \/>En elegant lang bryllupskjole i bl\u00f8dt ivory-ton med moderne silhuet og eksklusive detaljer, der giver et sofistikeret og romantisk udtryk.<br data-start=\"322\" data-end=\"325\" \/><br data-start=\"407\" data-end=\"410\" \/><em data-start=\"410\" data-end=\"467\" data-is-last-node=\"\">(Kontakt os for sp\u00f8rgsm\u00e5l vedr\u00f8rende priser, booking osv.)<\/em><\/p>\n<div class=\"product attribute overview\">\n<div class=\"product attribute overview\">\n<p class=\"value\">\n<\/div>\n<h2 class=\"value\"><\/h2>\n<\/div>\n<p>&nbsp;<\/p>","protected":false},"featured_media":28868,"template":"","meta":[],"pwb-brand":[],"product_brand":[],"product_cat":[331,16],"product_tag":[167,25,22],"class_list":{"0":"post-28768","1":"product","2":"type-product","3":"status-publish","4":"has-post-thumbnail","6":"product_cat-enzoani","7":"product_cat-klanningar","8":"product_tag-brollop","9":"product_tag-brollopsklanning","10":"product_tag-brudklanning","12":"first","13":"instock","14":"shipping-taxable","15":"product-type-simple"},"yoast_head":"<!-- This site is optimized with the Yoast SEO plugin v27.4 - https:\/\/yoast.com\/product\/yoast-seo-wordpress\/ -->\n<title>Enzoani Thao Brudkl\u00e4nning \u2013 Glittrande Korsettkl\u00e4nning i Spets<\/title>\n<meta name=\"description\" content=\"Thao fr\u00e5n Enzoani \u2013 en glamor\u00f6s brudkl\u00e4nning med korsettliv, p\u00e4rldetaljer och figurn\u00e4ra spetskjol. Tidl\u00f6s elegans med modern glans.\" \/>\n<meta name=\"robots\" content=\"index, follow, max-snippet:-1, max-image-preview:large, max-video-preview:-1\" \/>\n<link rel=\"canonical\" href=\"https:\/\/promsandweddings.se\/dk\/vare\/enzoani-thao-brollopsklanning\/\" \/>\n<meta property=\"og:locale\" content=\"da_DK\" \/>\n<meta property=\"og:type\" content=\"article\" \/>\n<meta property=\"og:title\" content=\"Enzoani Thao Brudkl\u00e4nning \u2013 Glittrande Korsettkl\u00e4nning i Spets\" \/>\n<meta property=\"og:description\" content=\"Thao fr\u00e5n Enzoani \u2013 en glamor\u00f6s brudkl\u00e4nning med korsettliv, p\u00e4rldetaljer och figurn\u00e4ra spetskjol. Tidl\u00f6s elegans med modern glans.\" \/>\n<meta property=\"og:url\" content=\"https:\/\/promsandweddings.se\/dk\/vare\/enzoani-thao-brollopsklanning\/\" \/>\n<meta property=\"og:site_name\" content=\"Proms and Weddings\" \/>\n<meta property=\"article:publisher\" content=\"https:\/\/www.facebook.com\/promsandweddings\" \/>\n<meta property=\"article:modified_time\" content=\"2026-03-15T22:54:27+00:00\" \/>\n<meta property=\"og:image\" content=\"https:\/\/promsandweddings.se\/wp-content\/uploads\/2026\/03\/26_Blue_PRO_THAO_Fro_Web.jpg\" \/>\n\t<meta property=\"og:image:width\" content=\"1035\" \/>\n\t<meta property=\"og:image:height\" content=\"1380\" \/>\n\t<meta property=\"og:image:type\" content=\"image\/jpeg\" \/>\n<meta name=\"twitter:card\" content=\"summary_large_image\" \/>\n<meta name=\"twitter:site\" content=\"@PromsWeddings\" \/>\n<meta name=\"twitter:label1\" content=\"Estimeret l\u00e6setid\" \/>\n\t<meta name=\"twitter:data1\" content=\"1 minut\" \/>\n<script type=\"application\/ld+json\" class=\"yoast-schema-graph\">{\"@context\":\"https:\\\/\\\/schema.org\",\"@graph\":[{\"@type\":\"WebPage\",\"@id\":\"https:\\\/\\\/promsandweddings.se\\\/produkt\\\/enzoani-thao-brollopsklanning\\\/\",\"url\":\"https:\\\/\\\/promsandweddings.se\\\/produkt\\\/enzoani-thao-brollopsklanning\\\/\",\"name\":\"Enzoani Thao Brudkl\u00e4nning \u2013 Glittrande Korsettkl\u00e4nning i Spets\",\"isPartOf\":{\"@id\":\"https:\\\/\\\/promsandweddings.se\\\/#website\"},\"primaryImageOfPage\":{\"@id\":\"https:\\\/\\\/promsandweddings.se\\\/produkt\\\/enzoani-thao-brollopsklanning\\\/#primaryimage\"},\"image\":{\"@id\":\"https:\\\/\\\/promsandweddings.se\\\/produkt\\\/enzoani-thao-brollopsklanning\\\/#primaryimage\"},\"thumbnailUrl\":\"https:\\\/\\\/promsandweddings.se\\\/wp-content\\\/uploads\\\/2026\\\/03\\\/26_Blue_PRO_THAO_Fro_Web.jpg\",\"datePublished\":\"2026-03-15T22:51:13+00:00\",\"dateModified\":\"2026-03-15T22:54:27+00:00\",\"description\":\"Thao fr\u00e5n Enzoani \u2013 en glamor\u00f6s brudkl\u00e4nning med korsettliv, p\u00e4rldetaljer och figurn\u00e4ra spetskjol. Tidl\u00f6s elegans med modern glans.\",\"breadcrumb\":{\"@id\":\"https:\\\/\\\/promsandweddings.se\\\/produkt\\\/enzoani-thao-brollopsklanning\\\/#breadcrumb\"},\"inLanguage\":\"da-DK\",\"potentialAction\":[{\"@type\":\"ReadAction\",\"target\":[\"https:\\\/\\\/promsandweddings.se\\\/produkt\\\/enzoani-thao-brollopsklanning\\\/\"]}]},{\"@type\":\"ImageObject\",\"inLanguage\":\"da-DK\",\"@id\":\"https:\\\/\\\/promsandweddings.se\\\/produkt\\\/enzoani-thao-brollopsklanning\\\/#primaryimage\",\"url\":\"https:\\\/\\\/promsandweddings.se\\\/wp-content\\\/uploads\\\/2026\\\/03\\\/26_Blue_PRO_THAO_Fro_Web.jpg\",\"contentUrl\":\"https:\\\/\\\/promsandweddings.se\\\/wp-content\\\/uploads\\\/2026\\\/03\\\/26_Blue_PRO_THAO_Fro_Web.jpg\",\"width\":1035,\"height\":1380},{\"@type\":\"BreadcrumbList\",\"@id\":\"https:\\\/\\\/promsandweddings.se\\\/produkt\\\/enzoani-thao-brollopsklanning\\\/#breadcrumb\",\"itemListElement\":[{\"@type\":\"ListItem\",\"position\":1,\"name\":\"Home\",\"item\":\"https:\\\/\\\/promsandweddings.se\\\/\"},{\"@type\":\"ListItem\",\"position\":2,\"name\":\"Webshop\",\"item\":\"https:\\\/\\\/promsandweddings.se\\\/webshop\\\/\"},{\"@type\":\"ListItem\",\"position\":3,\"name\":\"Enzoani Thao br\u00f6llopskl\u00e4nning\"}]},{\"@type\":\"WebSite\",\"@id\":\"https:\\\/\\\/promsandweddings.se\\\/#website\",\"url\":\"https:\\\/\\\/promsandweddings.se\\\/\",\"name\":\"Proms and Weddings\",\"description\":\"Hitta din dr\u00f6mkl\u00e4nning\",\"publisher\":{\"@id\":\"https:\\\/\\\/promsandweddings.se\\\/#organization\"},\"alternateName\":\"Proms & Weddings\",\"potentialAction\":[{\"@type\":\"SearchAction\",\"target\":{\"@type\":\"EntryPoint\",\"urlTemplate\":\"https:\\\/\\\/promsandweddings.se\\\/?s={search_term_string}\"},\"query-input\":{\"@type\":\"PropertyValueSpecification\",\"valueRequired\":true,\"valueName\":\"search_term_string\"}}],\"inLanguage\":\"da-DK\"},{\"@type\":\"Organization\",\"@id\":\"https:\\\/\\\/promsandweddings.se\\\/#organization\",\"name\":\"Proms & Weddings\",\"url\":\"https:\\\/\\\/promsandweddings.se\\\/\",\"logo\":{\"@type\":\"ImageObject\",\"inLanguage\":\"da-DK\",\"@id\":\"https:\\\/\\\/promsandweddings.se\\\/#\\\/schema\\\/logo\\\/image\\\/\",\"url\":\"https:\\\/\\\/promsandweddings.se\\\/wp-content\\\/uploads\\\/2026\\\/03\\\/pwlogosv-2-2.webp\",\"contentUrl\":\"https:\\\/\\\/promsandweddings.se\\\/wp-content\\\/uploads\\\/2026\\\/03\\\/pwlogosv-2-2.webp\",\"width\":556,\"height\":152,\"caption\":\"Proms & Weddings\"},\"image\":{\"@id\":\"https:\\\/\\\/promsandweddings.se\\\/#\\\/schema\\\/logo\\\/image\\\/\"},\"sameAs\":[\"https:\\\/\\\/www.facebook.com\\\/promsandweddings\",\"https:\\\/\\\/x.com\\\/PromsWeddings\",\"https:\\\/\\\/www.instagram.com\\\/promsandweddings\\\/\",\"https:\\\/\\\/www.youtube.com\\\/@promsandweddings\\\/shorts\",\"https:\\\/\\\/www.tiktok.com\\\/@promsandweddings\",\"https:\\\/\\\/se.pinterest.com\\\/promsandwedding\"]}]}<\/script>\n<!-- \/ Yoast SEO plugin. -->","yoast_head_json":{"title":"Enzoani Thao Brudekjole \u2013 Glimrende Korsettekjole i Blonde","description":"Thao fra Enzoani \u2013 en glamour\u00f8s brudekjole med korsettebody, perledetaljer og figurkr\u00e6vende blondekjol. Tidl\u00f8s elegance med moderne glans.","robots":{"index":"index","follow":"follow","max-snippet":"max-snippet:-1","max-image-preview":"max-image-preview:large","max-video-preview":"max-video-preview:-1"},"canonical":"https:\/\/promsandweddings.se\/dk\/vare\/enzoani-thao-brollopsklanning\/","og_locale":"da_DK","og_type":"article","og_title":"Enzoani Thao Brudkl\u00e4nning \u2013 Glittrande Korsettkl\u00e4nning i Spets","og_description":"Thao fr\u00e5n Enzoani \u2013 en glamor\u00f6s brudkl\u00e4nning med korsettliv, p\u00e4rldetaljer och figurn\u00e4ra spetskjol. Tidl\u00f6s elegans med modern glans.","og_url":"https:\/\/promsandweddings.se\/dk\/vare\/enzoani-thao-brollopsklanning\/","og_site_name":"Proms and Weddings","article_publisher":"https:\/\/www.facebook.com\/promsandweddings","article_modified_time":"2026-03-15T22:54:27+00:00","og_image":[{"width":1035,"height":1380,"url":"https:\/\/promsandweddings.se\/wp-content\/uploads\/2026\/03\/26_Blue_PRO_THAO_Fro_Web.jpg","type":"image\/jpeg"}],"twitter_card":"summary_large_image","twitter_site":"@PromsWeddings","twitter_misc":{"Estimeret l\u00e6setid":"1 minut"},"schema":{"@context":"https:\/\/schema.org","@graph":[{"@type":"WebPage","@id":"https:\/\/promsandweddings.se\/produkt\/enzoani-thao-brollopsklanning\/","url":"https:\/\/promsandweddings.se\/produkt\/enzoani-thao-brollopsklanning\/","name":"Enzoani Thao Brudekjole \u2013 Glimrende Korsettekjole i Blonde","isPartOf":{"@id":"https:\/\/promsandweddings.se\/#website"},"primaryImageOfPage":{"@id":"https:\/\/promsandweddings.se\/produkt\/enzoani-thao-brollopsklanning\/#primaryimage"},"image":{"@id":"https:\/\/promsandweddings.se\/produkt\/enzoani-thao-brollopsklanning\/#primaryimage"},"thumbnailUrl":"https:\/\/promsandweddings.se\/wp-content\/uploads\/2026\/03\/26_Blue_PRO_THAO_Fro_Web.jpg","datePublished":"2026-03-15T22:51:13+00:00","dateModified":"2026-03-15T22:54:27+00:00","description":"Thao fra Enzoani \u2013 en glamour\u00f8s brudekjole med korsettebody, perledetaljer og figurkr\u00e6vende blondekjol. Tidl\u00f8s elegance med moderne glans.","breadcrumb":{"@id":"https:\/\/promsandweddings.se\/produkt\/enzoani-thao-brollopsklanning\/#breadcrumb"},"inLanguage":"da-DK","potentialAction":[{"@type":"ReadAction","target":["https:\/\/promsandweddings.se\/produkt\/enzoani-thao-brollopsklanning\/"]}]},{"@type":"ImageObject","inLanguage":"da-DK","@id":"https:\/\/promsandweddings.se\/produkt\/enzoani-thao-brollopsklanning\/#primaryimage","url":"https:\/\/promsandweddings.se\/wp-content\/uploads\/2026\/03\/26_Blue_PRO_THAO_Fro_Web.jpg","contentUrl":"https:\/\/promsandweddings.se\/wp-content\/uploads\/2026\/03\/26_Blue_PRO_THAO_Fro_Web.jpg","width":1035,"height":1380},{"@type":"BreadcrumbList","@id":"https:\/\/promsandweddings.se\/produkt\/enzoani-thao-brollopsklanning\/#breadcrumb","itemListElement":[{"@type":"ListItem","position":1,"name":"Home","item":"https:\/\/promsandweddings.se\/"},{"@type":"ListItem","position":2,"name":"Webshop","item":"https:\/\/promsandweddings.se\/webshop\/"},{"@type":"ListItem","position":3,"name":"Enzoani Thao br\u00f6llopskl\u00e4nning"}]},{"@type":"WebSite","@id":"https:\/\/promsandweddings.se\/#website","url":"https:\/\/promsandweddings.se\/","name":"Proms and Weddings","description":"Find din dr\u00f8mmekjole","publisher":{"@id":"https:\/\/promsandweddings.se\/#organization"},"alternateName":"Proms & Weddings","potentialAction":[{"@type":"SearchAction","target":{"@type":"EntryPoint","urlTemplate":"https:\/\/promsandweddings.se\/?s={search_term_string}"},"query-input":{"@type":"PropertyValueSpecification","valueRequired":true,"valueName":"search_term_string"}}],"inLanguage":"da-DK"},{"@type":"Organization","@id":"https:\/\/promsandweddings.se\/#organization","name":"Proms &amp; Weddings","url":"https:\/\/promsandweddings.se\/","logo":{"@type":"ImageObject","inLanguage":"da-DK","@id":"https:\/\/promsandweddings.se\/#\/schema\/logo\/image\/","url":"https:\/\/promsandweddings.se\/wp-content\/uploads\/2026\/03\/pwlogosv-2-2.webp","contentUrl":"https:\/\/promsandweddings.se\/wp-content\/uploads\/2026\/03\/pwlogosv-2-2.webp","width":556,"height":152,"caption":"Proms & Weddings"},"image":{"@id":"https:\/\/promsandweddings.se\/#\/schema\/logo\/image\/"},"sameAs":["https:\/\/www.facebook.com\/promsandweddings","https:\/\/x.com\/PromsWeddings","https:\/\/www.instagram.com\/promsandweddings\/","https:\/\/www.youtube.com\/@promsandweddings\/shorts","https:\/\/www.tiktok.com\/@promsandweddings","https:\/\/se.pinterest.com\/promsandwedding"]}]}},"jetpack_sharing_enabled":true,"brands":[],"_links":{"self":[{"href":"https:\/\/promsandweddings.se\/dk\/wp-json\/wp\/v2\/product\/28768","targetHints":{"allow":["GET"]}}],"collection":[{"href":"https:\/\/promsandweddings.se\/dk\/wp-json\/wp\/v2\/product"}],"about":[{"href":"https:\/\/promsandweddings.se\/dk\/wp-json\/wp\/v2\/types\/product"}],"wp:featuredmedia":[{"embeddable":true,"href":"https:\/\/promsandweddings.se\/dk\/wp-json\/wp\/v2\/media\/28868"}],"wp:attachment":[{"href":"https:\/\/promsandweddings.se\/dk\/wp-json\/wp\/v2\/media?parent=28768"}],"wp:term":[{"taxonomy":"pwb-brand","embeddable":true,"href":"https:\/\/promsandweddings.se\/dk\/wp-json\/wp\/v2\/pwb-brand?post=28768"},{"taxonomy":"product_brand","embeddable":true,"href":"https:\/\/promsandweddings.se\/dk\/wp-json\/wp\/v2\/product_brand?post=28768"},{"taxonomy":"product_cat","embeddable":true,"href":"https:\/\/promsandweddings.se\/dk\/wp-json\/wp\/v2\/product_cat?post=28768"},{"taxonomy":"product_tag","embeddable":true,"href":"https:\/\/promsandweddings.se\/dk\/wp-json\/wp\/v2\/product_tag?post=28768"}],"curies":[{"name":"wp","href":"https:\/\/api.w.org\/{rel}","templated":true}]}}