{"id":28805,"date":"2026-03-15T23:52:00","date_gmt":"2026-03-15T22:52:00","guid":{"rendered":"https:\/\/promsandweddings.se\/?post_type=product&#038;p=28805"},"modified":"2026-03-15T23:58:37","modified_gmt":"2026-03-15T22:58:37","slug":"luna-novias-jasen-brudklanning","status":"publish","type":"product","link":"https:\/\/promsandweddings.se\/dk\/produkt\/luna-novias-jasen-brudklanning\/","title":{"rendered":"Luna Novias Jasen brudeklole"},"content":{"rendered":"<p data-start=\"265\" data-end=\"582\"><strong data-start=\"265\" data-end=\"291\">Jasen fra Luna Novias<\/strong>\u00a0er en brudekjole, der kombinerer tidl\u00f8s romantik med modernt, sanselig design. Den er skabt for bruden, der vil udstr\u00e5le elegance, selvtillid og naturlig sk\u00f8nhed. Hvert detalje i kjolen er omhyggeligt udformet for at fremh\u00e6ve kvindens figur p\u00e5 en harmonisk og forf\u00f8rende m\u00e5de.<\/p>\n<p data-start=\"584\" data-end=\"975\">Kjolen har en\u00a0<strong data-start=\"602\" data-end=\"621\">dyb V-hals<\/strong>\u00a0foran og smalle\u00a0<strong data-start=\"641\" data-end=\"657\">spaghettiremme<\/strong>, hvilket skaber en feminin og luftig silhuet. Livet er fremstillet af\u00a0<strong data-start=\"728\" data-end=\"768\">transparent blonde med blomsterapplikationer<\/strong>, som giver en smuk struktur og et bl\u00f8dt, romantisk udtryk. Derudover former det figurkrydende design kroppen elegant, mens de gennembrudte detaljer langs siderne tilf\u00f8jer en subtil touch af sensualitet.<\/p>\n<p data-start=\"977\" data-end=\"1306\">Den\u00a0<strong data-start=\"981\" data-end=\"1001\">figurkrydende kjole<\/strong>\u00a0i tyll og blonde falder naturligt og g\u00e5r over i et bl\u00f8dt, b\u00f8lgende sl\u00e6b. Lyset reflekteres i stoffets transparente lag og skaber en let, \u00e6terisk f\u00f8lelse, n\u00e5r bruden bev\u00e6ger sig. Desuden giver blondeapplikationerne langs kjolen en smuk illusion af bev\u00e6gelse, hvilket g\u00f8r kjolen levende og unik fra alle vinkler.<\/p>\n<p data-start=\"1308\" data-end=\"1642\"><strong data-start=\"1308\" data-end=\"1334\">Jasen fra Luna Novias<\/strong>\u00a0er det perfekte valg for bruden, der dr\u00f8mmer om et sofistikeret men romantisk look. Kjolen passer lige s\u00e5 godt til et strandbryllup i solnedgang som til en elegant vielse i klassisk milj\u00f8. Takket v\u00e6re dens lette konstruktion f\u00f8les den behagelig at b\u00e6re hele dagen \u2013 fra ceremonien til dansegulvet.<\/p>","protected":false},"excerpt":{"rendered":"<p><strong data-start=\"0\" data-end=\"9\" data-is-only-node=\"\">Jasen<\/strong>\u00a0er en bryllupskjole fra kollektionen\u00a0<em data-start=\"49\" data-end=\"62\">Luna Novias<\/em>\u00a0fra\u00a0<strong data-start=\"68\" data-end=\"109\"><span class=\"hover:entity-accent entity-underline inline cursor-pointer align-baseline\"><span class=\"whitespace-normal\">Luna Novias<\/span><\/span><\/strong>.<br data-start=\"110\" data-end=\"113\" \/>En romantisk l\u00e5ng br\u00f6llopskl\u00e4nning i mjuk ivory-ton med feminin silhuett och eleganta detaljer som ger ett tidl\u00f6st och l\u00e4tt uttryck.<\/p>\n<div class=\"product attribute overview\">\n<h2 class=\"value\"><b style=\"font-size: 16px; font-style: italic;\">(K<\/b><i style=\"font-size: 16px;\"><b>ontakt os for sp\u00f8rgsm\u00e5l vedr\u00f8rende priser, booking osv.)<\/b><\/i><\/h2>\n<\/div>\n<p>&nbsp;<\/p>","protected":false},"featured_media":28967,"template":"","meta":[],"pwb-brand":[],"product_brand":[],"product_cat":[16,242,17],"product_tag":[167,25,22],"class_list":{"0":"post-28805","1":"product","2":"type-product","3":"status-publish","4":"has-post-thumbnail","6":"product_cat-klanningar","7":"product_cat-lunanovias","8":"product_cat-brudklanningar","9":"product_tag-brollop","10":"product_tag-brollopsklanning","11":"product_tag-brudklanning","13":"first","14":"instock","15":"shipping-taxable","16":"product-type-simple"},"yoast_head":"<!-- This site is optimized with the Yoast SEO plugin v27.4 - https:\/\/yoast.com\/product\/yoast-seo-wordpress\/ -->\n<title>Luna Novias Jasen Brudkl\u00e4nning \u2013 Romantisk Spetsdesign med V-ringning<\/title>\n<meta name=\"description\" content=\"Jasen fr\u00e5n Luna Novias \u2013 romantisk brudkl\u00e4nning med V-ringning, spetsdetaljer och figurn\u00e4ra silhuett. Perfekt f\u00f6r bruden som \u00e4lskar tidl\u00f6s elegans.\" \/>\n<meta name=\"robots\" content=\"index, follow, max-snippet:-1, max-image-preview:large, max-video-preview:-1\" \/>\n<link rel=\"canonical\" href=\"https:\/\/promsandweddings.se\/dk\/vare\/luna-novias-jasen-brudklanning\/\" \/>\n<meta property=\"og:locale\" content=\"da_DK\" \/>\n<meta property=\"og:type\" content=\"article\" \/>\n<meta property=\"og:title\" content=\"Luna Novias Jasen Brudkl\u00e4nning \u2013 Romantisk Spetsdesign med V-ringning\" \/>\n<meta property=\"og:description\" content=\"Jasen fr\u00e5n Luna Novias \u2013 romantisk brudkl\u00e4nning med V-ringning, spetsdetaljer och figurn\u00e4ra silhuett. Perfekt f\u00f6r bruden som \u00e4lskar tidl\u00f6s elegans.\" \/>\n<meta property=\"og:url\" content=\"https:\/\/promsandweddings.se\/dk\/vare\/luna-novias-jasen-brudklanning\/\" \/>\n<meta property=\"og:site_name\" content=\"Proms and Weddings\" \/>\n<meta property=\"article:publisher\" content=\"https:\/\/www.facebook.com\/promsandweddings\" \/>\n<meta property=\"article:modified_time\" content=\"2026-03-15T22:58:37+00:00\" \/>\n<meta property=\"og:image\" content=\"https:\/\/promsandweddings.se\/wp-content\/uploads\/2026\/03\/1S20_JASEN_LUNA_NOVIAS_1.jpg\" \/>\n\t<meta property=\"og:image:width\" content=\"1536\" \/>\n\t<meta property=\"og:image:height\" content=\"1920\" \/>\n\t<meta property=\"og:image:type\" content=\"image\/jpeg\" \/>\n<meta name=\"twitter:card\" content=\"summary_large_image\" \/>\n<meta name=\"twitter:site\" content=\"@PromsWeddings\" \/>\n<script type=\"application\/ld+json\" class=\"yoast-schema-graph\">{\"@context\":\"https:\\\/\\\/schema.org\",\"@graph\":[{\"@type\":\"WebPage\",\"@id\":\"https:\\\/\\\/promsandweddings.se\\\/produkt\\\/luna-novias-jasen-brudklanning\\\/\",\"url\":\"https:\\\/\\\/promsandweddings.se\\\/produkt\\\/luna-novias-jasen-brudklanning\\\/\",\"name\":\"Luna Novias Jasen Brudkl\u00e4nning \u2013 Romantisk Spetsdesign med V-ringning\",\"isPartOf\":{\"@id\":\"https:\\\/\\\/promsandweddings.se\\\/#website\"},\"primaryImageOfPage\":{\"@id\":\"https:\\\/\\\/promsandweddings.se\\\/produkt\\\/luna-novias-jasen-brudklanning\\\/#primaryimage\"},\"image\":{\"@id\":\"https:\\\/\\\/promsandweddings.se\\\/produkt\\\/luna-novias-jasen-brudklanning\\\/#primaryimage\"},\"thumbnailUrl\":\"https:\\\/\\\/promsandweddings.se\\\/wp-content\\\/uploads\\\/2026\\\/03\\\/1S20_JASEN_LUNA_NOVIAS_1.jpg\",\"datePublished\":\"2026-03-15T22:52:00+00:00\",\"dateModified\":\"2026-03-15T22:58:37+00:00\",\"description\":\"Jasen fr\u00e5n Luna Novias \u2013 romantisk brudkl\u00e4nning med V-ringning, spetsdetaljer och figurn\u00e4ra silhuett. Perfekt f\u00f6r bruden som \u00e4lskar tidl\u00f6s elegans.\",\"breadcrumb\":{\"@id\":\"https:\\\/\\\/promsandweddings.se\\\/produkt\\\/luna-novias-jasen-brudklanning\\\/#breadcrumb\"},\"inLanguage\":\"da-DK\",\"potentialAction\":[{\"@type\":\"ReadAction\",\"target\":[\"https:\\\/\\\/promsandweddings.se\\\/produkt\\\/luna-novias-jasen-brudklanning\\\/\"]}]},{\"@type\":\"ImageObject\",\"inLanguage\":\"da-DK\",\"@id\":\"https:\\\/\\\/promsandweddings.se\\\/produkt\\\/luna-novias-jasen-brudklanning\\\/#primaryimage\",\"url\":\"https:\\\/\\\/promsandweddings.se\\\/wp-content\\\/uploads\\\/2026\\\/03\\\/1S20_JASEN_LUNA_NOVIAS_1.jpg\",\"contentUrl\":\"https:\\\/\\\/promsandweddings.se\\\/wp-content\\\/uploads\\\/2026\\\/03\\\/1S20_JASEN_LUNA_NOVIAS_1.jpg\",\"width\":1536,\"height\":1920},{\"@type\":\"BreadcrumbList\",\"@id\":\"https:\\\/\\\/promsandweddings.se\\\/produkt\\\/luna-novias-jasen-brudklanning\\\/#breadcrumb\",\"itemListElement\":[{\"@type\":\"ListItem\",\"position\":1,\"name\":\"Home\",\"item\":\"https:\\\/\\\/promsandweddings.se\\\/\"},{\"@type\":\"ListItem\",\"position\":2,\"name\":\"Webshop\",\"item\":\"https:\\\/\\\/promsandweddings.se\\\/webshop\\\/\"},{\"@type\":\"ListItem\",\"position\":3,\"name\":\"Luna Novias Jasen brudkl\u00e4nning\"}]},{\"@type\":\"WebSite\",\"@id\":\"https:\\\/\\\/promsandweddings.se\\\/#website\",\"url\":\"https:\\\/\\\/promsandweddings.se\\\/\",\"name\":\"Proms and Weddings\",\"description\":\"Hitta din dr\u00f6mkl\u00e4nning\",\"publisher\":{\"@id\":\"https:\\\/\\\/promsandweddings.se\\\/#organization\"},\"alternateName\":\"Proms & Weddings\",\"potentialAction\":[{\"@type\":\"SearchAction\",\"target\":{\"@type\":\"EntryPoint\",\"urlTemplate\":\"https:\\\/\\\/promsandweddings.se\\\/?s={search_term_string}\"},\"query-input\":{\"@type\":\"PropertyValueSpecification\",\"valueRequired\":true,\"valueName\":\"search_term_string\"}}],\"inLanguage\":\"da-DK\"},{\"@type\":\"Organization\",\"@id\":\"https:\\\/\\\/promsandweddings.se\\\/#organization\",\"name\":\"Proms & Weddings\",\"url\":\"https:\\\/\\\/promsandweddings.se\\\/\",\"logo\":{\"@type\":\"ImageObject\",\"inLanguage\":\"da-DK\",\"@id\":\"https:\\\/\\\/promsandweddings.se\\\/#\\\/schema\\\/logo\\\/image\\\/\",\"url\":\"https:\\\/\\\/promsandweddings.se\\\/wp-content\\\/uploads\\\/2026\\\/03\\\/pwlogosv-2-2.webp\",\"contentUrl\":\"https:\\\/\\\/promsandweddings.se\\\/wp-content\\\/uploads\\\/2026\\\/03\\\/pwlogosv-2-2.webp\",\"width\":556,\"height\":152,\"caption\":\"Proms & Weddings\"},\"image\":{\"@id\":\"https:\\\/\\\/promsandweddings.se\\\/#\\\/schema\\\/logo\\\/image\\\/\"},\"sameAs\":[\"https:\\\/\\\/www.facebook.com\\\/promsandweddings\",\"https:\\\/\\\/x.com\\\/PromsWeddings\",\"https:\\\/\\\/www.instagram.com\\\/promsandweddings\\\/\",\"https:\\\/\\\/www.youtube.com\\\/@promsandweddings\\\/shorts\",\"https:\\\/\\\/www.tiktok.com\\\/@promsandweddings\",\"https:\\\/\\\/se.pinterest.com\\\/promsandwedding\"]}]}<\/script>\n<!-- \/ Yoast SEO plugin. -->","yoast_head_json":{"title":"Luna Novias Jasen Brudekjole \u2013 Romantisk Blondedesign med V-udsk\u00e6ring","description":"Jasen fra Luna Novias \u2013 romantisk brudekjole med V-udsk\u00e6ring, blondedetaljer og figurkrydende silhuet. Perfekt for bruden, der elsker tidl\u00f8s elegance.","robots":{"index":"index","follow":"follow","max-snippet":"max-snippet:-1","max-image-preview":"max-image-preview:large","max-video-preview":"max-video-preview:-1"},"canonical":"https:\/\/promsandweddings.se\/dk\/vare\/luna-novias-jasen-brudklanning\/","og_locale":"da_DK","og_type":"article","og_title":"Luna Novias Jasen Brudkl\u00e4nning \u2013 Romantisk Spetsdesign med V-ringning","og_description":"Jasen fr\u00e5n Luna Novias \u2013 romantisk brudkl\u00e4nning med V-ringning, spetsdetaljer och figurn\u00e4ra silhuett. Perfekt f\u00f6r bruden som \u00e4lskar tidl\u00f6s elegans.","og_url":"https:\/\/promsandweddings.se\/dk\/vare\/luna-novias-jasen-brudklanning\/","og_site_name":"Proms and Weddings","article_publisher":"https:\/\/www.facebook.com\/promsandweddings","article_modified_time":"2026-03-15T22:58:37+00:00","og_image":[{"width":1536,"height":1920,"url":"https:\/\/promsandweddings.se\/wp-content\/uploads\/2026\/03\/1S20_JASEN_LUNA_NOVIAS_1.jpg","type":"image\/jpeg"}],"twitter_card":"summary_large_image","twitter_site":"@PromsWeddings","schema":{"@context":"https:\/\/schema.org","@graph":[{"@type":"WebPage","@id":"https:\/\/promsandweddings.se\/produkt\/luna-novias-jasen-brudklanning\/","url":"https:\/\/promsandweddings.se\/produkt\/luna-novias-jasen-brudklanning\/","name":"Luna Novias Jasen Brudekjole \u2013 Romantisk Blondedesign med V-udsk\u00e6ring","isPartOf":{"@id":"https:\/\/promsandweddings.se\/#website"},"primaryImageOfPage":{"@id":"https:\/\/promsandweddings.se\/produkt\/luna-novias-jasen-brudklanning\/#primaryimage"},"image":{"@id":"https:\/\/promsandweddings.se\/produkt\/luna-novias-jasen-brudklanning\/#primaryimage"},"thumbnailUrl":"https:\/\/promsandweddings.se\/wp-content\/uploads\/2026\/03\/1S20_JASEN_LUNA_NOVIAS_1.jpg","datePublished":"2026-03-15T22:52:00+00:00","dateModified":"2026-03-15T22:58:37+00:00","description":"Jasen fra Luna Novias \u2013 romantisk brudekjole med V-udsk\u00e6ring, blondedetaljer og figurkrydende silhuet. Perfekt for bruden, der elsker tidl\u00f8s elegance.","breadcrumb":{"@id":"https:\/\/promsandweddings.se\/produkt\/luna-novias-jasen-brudklanning\/#breadcrumb"},"inLanguage":"da-DK","potentialAction":[{"@type":"ReadAction","target":["https:\/\/promsandweddings.se\/produkt\/luna-novias-jasen-brudklanning\/"]}]},{"@type":"ImageObject","inLanguage":"da-DK","@id":"https:\/\/promsandweddings.se\/produkt\/luna-novias-jasen-brudklanning\/#primaryimage","url":"https:\/\/promsandweddings.se\/wp-content\/uploads\/2026\/03\/1S20_JASEN_LUNA_NOVIAS_1.jpg","contentUrl":"https:\/\/promsandweddings.se\/wp-content\/uploads\/2026\/03\/1S20_JASEN_LUNA_NOVIAS_1.jpg","width":1536,"height":1920},{"@type":"BreadcrumbList","@id":"https:\/\/promsandweddings.se\/produkt\/luna-novias-jasen-brudklanning\/#breadcrumb","itemListElement":[{"@type":"ListItem","position":1,"name":"Home","item":"https:\/\/promsandweddings.se\/"},{"@type":"ListItem","position":2,"name":"Webshop","item":"https:\/\/promsandweddings.se\/webshop\/"},{"@type":"ListItem","position":3,"name":"Luna Novias Jasen brudkl\u00e4nning"}]},{"@type":"WebSite","@id":"https:\/\/promsandweddings.se\/#website","url":"https:\/\/promsandweddings.se\/","name":"Proms and Weddings","description":"Find din dr\u00f8mmekjole","publisher":{"@id":"https:\/\/promsandweddings.se\/#organization"},"alternateName":"Proms & Weddings","potentialAction":[{"@type":"SearchAction","target":{"@type":"EntryPoint","urlTemplate":"https:\/\/promsandweddings.se\/?s={search_term_string}"},"query-input":{"@type":"PropertyValueSpecification","valueRequired":true,"valueName":"search_term_string"}}],"inLanguage":"da-DK"},{"@type":"Organization","@id":"https:\/\/promsandweddings.se\/#organization","name":"Proms &amp; Weddings","url":"https:\/\/promsandweddings.se\/","logo":{"@type":"ImageObject","inLanguage":"da-DK","@id":"https:\/\/promsandweddings.se\/#\/schema\/logo\/image\/","url":"https:\/\/promsandweddings.se\/wp-content\/uploads\/2026\/03\/pwlogosv-2-2.webp","contentUrl":"https:\/\/promsandweddings.se\/wp-content\/uploads\/2026\/03\/pwlogosv-2-2.webp","width":556,"height":152,"caption":"Proms & Weddings"},"image":{"@id":"https:\/\/promsandweddings.se\/#\/schema\/logo\/image\/"},"sameAs":["https:\/\/www.facebook.com\/promsandweddings","https:\/\/x.com\/PromsWeddings","https:\/\/www.instagram.com\/promsandweddings\/","https:\/\/www.youtube.com\/@promsandweddings\/shorts","https:\/\/www.tiktok.com\/@promsandweddings","https:\/\/se.pinterest.com\/promsandwedding"]}]}},"jetpack_sharing_enabled":true,"brands":[],"_links":{"self":[{"href":"https:\/\/promsandweddings.se\/dk\/wp-json\/wp\/v2\/product\/28805","targetHints":{"allow":["GET"]}}],"collection":[{"href":"https:\/\/promsandweddings.se\/dk\/wp-json\/wp\/v2\/product"}],"about":[{"href":"https:\/\/promsandweddings.se\/dk\/wp-json\/wp\/v2\/types\/product"}],"wp:featuredmedia":[{"embeddable":true,"href":"https:\/\/promsandweddings.se\/dk\/wp-json\/wp\/v2\/media\/28967"}],"wp:attachment":[{"href":"https:\/\/promsandweddings.se\/dk\/wp-json\/wp\/v2\/media?parent=28805"}],"wp:term":[{"taxonomy":"pwb-brand","embeddable":true,"href":"https:\/\/promsandweddings.se\/dk\/wp-json\/wp\/v2\/pwb-brand?post=28805"},{"taxonomy":"product_brand","embeddable":true,"href":"https:\/\/promsandweddings.se\/dk\/wp-json\/wp\/v2\/product_brand?post=28805"},{"taxonomy":"product_cat","embeddable":true,"href":"https:\/\/promsandweddings.se\/dk\/wp-json\/wp\/v2\/product_cat?post=28805"},{"taxonomy":"product_tag","embeddable":true,"href":"https:\/\/promsandweddings.se\/dk\/wp-json\/wp\/v2\/product_tag?post=28805"}],"curies":[{"name":"wp","href":"https:\/\/api.w.org\/{rel}","templated":true}]}}