{"id":28921,"date":"2026-03-15T23:56:09","date_gmt":"2026-03-15T22:56:09","guid":{"rendered":"https:\/\/promsandweddings.se\/?post_type=product&#038;p=28921"},"modified":"2026-03-16T00:02:59","modified_gmt":"2026-03-15T23:02:59","slug":"brollopsklanning-fs2620-fran-vladiyan","status":"publish","type":"product","link":"https:\/\/promsandweddings.se\/dk\/produkt\/brollopsklanning-fs2620-fran-vladiyan\/","title":{"rendered":"Bryllupskjole FS2620 fra Vladiyan"},"content":{"rendered":"<p data-start=\"299\" data-end=\"625\">FS2620 fra Vladiyan er en brudebryllupskl\u00e6nning, der forvandler hver bryllupsmoment til en eventyrlig oplevelse. Kl\u00e6nningen passer bruden, der \u00f8nsker at g\u00f8re et uforglemmeligetryk og samtidig omfavne maksimal glamour. Allerede ved f\u00f8rste \u00f8jekast m\u00f8des man af en spektakul\u00e6r volumen og et teksturrigt sk\u00f8rt, der fanger lyset fra alle vinkler.<\/p>\n<p data-start=\"627\" data-end=\"971\">Lijfets detaljerede korset l\u00f8fter kl\u00e6nningens helhederudtryk direkte. Det fremh\u00e6ver livet med pr\u00e6cision og skaber en smuk balance mellem den skulpturerede overlook og det dramatisk udformede sk\u00f8rt. Eftersom korsettet er dekoreret med glitrende applikationer f\u00e5r kl\u00e6nningen desuden en luksuri\u00f8s glans, der komplementerer dens storslagne karakter.<\/p>\n<p data-start=\"973\" data-end=\"1360\">Sk\u00f8rtet er et kunstv\u00e6rk i sig selv. Lagene af bl\u00f8de, h\u00e5ndplacerede rynker skaber b\u00e5de dybde og bev\u00e6gelse. N\u00e5r bruden bev\u00e6ger sig, glider sk\u00f8rtet frem som en sky af romantik og dramatik. Hvert skridt f\u00f8les derfor stort, kraftfuldt og magisk. Den imponerende sl\u00e6bning giver kl\u00e6nningen yderligere majest\u00e6tiske dimensioner, hvilket g\u00f8r den perfekt til pragtfulde vigsler og eksklusivebryIlupsomgivelser.<\/p>\n<p data-start=\"1362\" data-end=\"1732\">FS2620 fra Vladiyan kombinerer couture-h\u00e5ndv\u00e6rk med moderne ekstravagance. Kl\u00e6nningen henvender sig til bruden, der t\u00f8r dr\u00f8mme stort og vil b\u00e6re noget unikt, skulpturalt og ekstraordin\u00e6rt. Takket v\u00e6re dens unikke konstruktion f\u00e5r du en silhuet, der b\u00e5de forl\u00e6nger kroppen og fremh\u00e6ver din holdning, samtidig med at du f\u00e5r et helhedslo, der s\u00e6tter standarden for ren luksus.<\/p>","protected":false},"excerpt":{"rendered":"<p>FS2620 \u00e4r en br\u00f6llopskl\u00e4nning ur kollektionen <em>First Spring<\/em> fra<strong> Vladiyan<\/strong>.<br \/>\nEn romantisk l\u00e5ng br\u00f6llopskl\u00e4nning i mjuk ivory-ton med feminin silhuett och florala detaljer som ger ett l\u00e4tt, elegant och v\u00e5rinspirerat uttryck.<\/p>\n<p>(Kontakt os for pris, booking og pr\u00f8vning af brudekjoler)<\/p>","protected":false},"featured_media":29053,"template":"","meta":[],"pwb-brand":[],"product_brand":[],"product_cat":[17,329],"product_tag":[],"class_list":{"0":"post-28921","1":"product","2":"type-product","3":"status-publish","4":"has-post-thumbnail","6":"product_cat-brudklanningar","7":"product_cat-vladiyan","9":"first","10":"instock","11":"shipping-taxable","12":"product-type-simple"},"yoast_head":"<!-- This site is optimized with the Yoast SEO plugin v27.4 - https:\/\/yoast.com\/product\/yoast-seo-wordpress\/ -->\n<title>FS2620 fr\u00e5n Vladiyan \u2013 Dramatiskt Br\u00f6llopskl\u00e4nning i Couture-Stil med Volym och Korsettliv<\/title>\n<meta name=\"description\" content=\"FS2620 fr\u00e5n Vladiyan \u00e4r en dramatisk couture-br\u00f6llopskl\u00e4nning med korsettliv, volumin\u00f6s rufflad kjol och lyxiga detaljer f\u00f6r en of\u00f6rgl\u00f6mlig look.\" \/>\n<meta name=\"robots\" content=\"index, follow, max-snippet:-1, max-image-preview:large, max-video-preview:-1\" \/>\n<link rel=\"canonical\" href=\"https:\/\/promsandweddings.se\/dk\/vare\/brollopsklanning-fs2620-fran-vladiyan\/\" \/>\n<meta property=\"og:locale\" content=\"da_DK\" \/>\n<meta property=\"og:type\" content=\"article\" \/>\n<meta property=\"og:title\" content=\"FS2620 fr\u00e5n Vladiyan \u2013 Dramatiskt Br\u00f6llopskl\u00e4nning i Couture-Stil med Volym och Korsettliv\" \/>\n<meta property=\"og:description\" content=\"FS2620 fr\u00e5n Vladiyan \u00e4r en dramatisk couture-br\u00f6llopskl\u00e4nning med korsettliv, volumin\u00f6s rufflad kjol och lyxiga detaljer f\u00f6r en of\u00f6rgl\u00f6mlig look.\" \/>\n<meta property=\"og:url\" content=\"https:\/\/promsandweddings.se\/dk\/vare\/brollopsklanning-fs2620-fran-vladiyan\/\" \/>\n<meta property=\"og:site_name\" content=\"Proms and Weddings\" \/>\n<meta property=\"article:publisher\" content=\"https:\/\/www.facebook.com\/promsandweddings\" \/>\n<meta property=\"article:modified_time\" content=\"2026-03-15T23:02:59+00:00\" \/>\n<meta property=\"og:image\" content=\"https:\/\/promsandweddings.se\/wp-content\/uploads\/2026\/03\/FS-2620-2-scaled-1.jpg\" \/>\n\t<meta property=\"og:image:width\" content=\"1707\" \/>\n\t<meta property=\"og:image:height\" content=\"2560\" \/>\n\t<meta property=\"og:image:type\" content=\"image\/jpeg\" \/>\n<meta name=\"twitter:card\" content=\"summary_large_image\" \/>\n<meta name=\"twitter:site\" content=\"@PromsWeddings\" \/>\n<meta name=\"twitter:label1\" content=\"Estimeret l\u00e6setid\" \/>\n\t<meta name=\"twitter:data1\" content=\"1 minut\" \/>\n<script type=\"application\/ld+json\" class=\"yoast-schema-graph\">{\"@context\":\"https:\\\/\\\/schema.org\",\"@graph\":[{\"@type\":\"WebPage\",\"@id\":\"https:\\\/\\\/promsandweddings.se\\\/produkt\\\/brollopsklanning-fs2620-fran-vladiyan\\\/\",\"url\":\"https:\\\/\\\/promsandweddings.se\\\/produkt\\\/brollopsklanning-fs2620-fran-vladiyan\\\/\",\"name\":\"FS2620 fr\u00e5n Vladiyan \u2013 Dramatiskt Br\u00f6llopskl\u00e4nning i Couture-Stil med Volym och Korsettliv\",\"isPartOf\":{\"@id\":\"https:\\\/\\\/promsandweddings.se\\\/#website\"},\"primaryImageOfPage\":{\"@id\":\"https:\\\/\\\/promsandweddings.se\\\/produkt\\\/brollopsklanning-fs2620-fran-vladiyan\\\/#primaryimage\"},\"image\":{\"@id\":\"https:\\\/\\\/promsandweddings.se\\\/produkt\\\/brollopsklanning-fs2620-fran-vladiyan\\\/#primaryimage\"},\"thumbnailUrl\":\"https:\\\/\\\/promsandweddings.se\\\/wp-content\\\/uploads\\\/2026\\\/03\\\/FS-2620-2-scaled-1.jpg\",\"datePublished\":\"2026-03-15T22:56:09+00:00\",\"dateModified\":\"2026-03-15T23:02:59+00:00\",\"description\":\"FS2620 fr\u00e5n Vladiyan \u00e4r en dramatisk couture-br\u00f6llopskl\u00e4nning med korsettliv, volumin\u00f6s rufflad kjol och lyxiga detaljer f\u00f6r en of\u00f6rgl\u00f6mlig look.\",\"breadcrumb\":{\"@id\":\"https:\\\/\\\/promsandweddings.se\\\/produkt\\\/brollopsklanning-fs2620-fran-vladiyan\\\/#breadcrumb\"},\"inLanguage\":\"da-DK\",\"potentialAction\":[{\"@type\":\"ReadAction\",\"target\":[\"https:\\\/\\\/promsandweddings.se\\\/produkt\\\/brollopsklanning-fs2620-fran-vladiyan\\\/\"]}]},{\"@type\":\"ImageObject\",\"inLanguage\":\"da-DK\",\"@id\":\"https:\\\/\\\/promsandweddings.se\\\/produkt\\\/brollopsklanning-fs2620-fran-vladiyan\\\/#primaryimage\",\"url\":\"https:\\\/\\\/promsandweddings.se\\\/wp-content\\\/uploads\\\/2026\\\/03\\\/FS-2620-2-scaled-1.jpg\",\"contentUrl\":\"https:\\\/\\\/promsandweddings.se\\\/wp-content\\\/uploads\\\/2026\\\/03\\\/FS-2620-2-scaled-1.jpg\",\"width\":1707,\"height\":2560},{\"@type\":\"BreadcrumbList\",\"@id\":\"https:\\\/\\\/promsandweddings.se\\\/produkt\\\/brollopsklanning-fs2620-fran-vladiyan\\\/#breadcrumb\",\"itemListElement\":[{\"@type\":\"ListItem\",\"position\":1,\"name\":\"Home\",\"item\":\"https:\\\/\\\/promsandweddings.se\\\/\"},{\"@type\":\"ListItem\",\"position\":2,\"name\":\"Webshop\",\"item\":\"https:\\\/\\\/promsandweddings.se\\\/webshop\\\/\"},{\"@type\":\"ListItem\",\"position\":3,\"name\":\"Br\u00f6llopskl\u00e4nning FS2620 fr\u00e5n Vladiyan\"}]},{\"@type\":\"WebSite\",\"@id\":\"https:\\\/\\\/promsandweddings.se\\\/#website\",\"url\":\"https:\\\/\\\/promsandweddings.se\\\/\",\"name\":\"Proms and Weddings\",\"description\":\"Hitta din dr\u00f6mkl\u00e4nning\",\"publisher\":{\"@id\":\"https:\\\/\\\/promsandweddings.se\\\/#organization\"},\"alternateName\":\"Proms & Weddings\",\"potentialAction\":[{\"@type\":\"SearchAction\",\"target\":{\"@type\":\"EntryPoint\",\"urlTemplate\":\"https:\\\/\\\/promsandweddings.se\\\/?s={search_term_string}\"},\"query-input\":{\"@type\":\"PropertyValueSpecification\",\"valueRequired\":true,\"valueName\":\"search_term_string\"}}],\"inLanguage\":\"da-DK\"},{\"@type\":\"Organization\",\"@id\":\"https:\\\/\\\/promsandweddings.se\\\/#organization\",\"name\":\"Proms & Weddings\",\"url\":\"https:\\\/\\\/promsandweddings.se\\\/\",\"logo\":{\"@type\":\"ImageObject\",\"inLanguage\":\"da-DK\",\"@id\":\"https:\\\/\\\/promsandweddings.se\\\/#\\\/schema\\\/logo\\\/image\\\/\",\"url\":\"https:\\\/\\\/promsandweddings.se\\\/wp-content\\\/uploads\\\/2026\\\/03\\\/pwlogosv-2-2.webp\",\"contentUrl\":\"https:\\\/\\\/promsandweddings.se\\\/wp-content\\\/uploads\\\/2026\\\/03\\\/pwlogosv-2-2.webp\",\"width\":556,\"height\":152,\"caption\":\"Proms & Weddings\"},\"image\":{\"@id\":\"https:\\\/\\\/promsandweddings.se\\\/#\\\/schema\\\/logo\\\/image\\\/\"},\"sameAs\":[\"https:\\\/\\\/www.facebook.com\\\/promsandweddings\",\"https:\\\/\\\/x.com\\\/PromsWeddings\",\"https:\\\/\\\/www.instagram.com\\\/promsandweddings\\\/\",\"https:\\\/\\\/www.youtube.com\\\/@promsandweddings\\\/shorts\",\"https:\\\/\\\/www.tiktok.com\\\/@promsandweddings\",\"https:\\\/\\\/se.pinterest.com\\\/promsandwedding\"]}]}<\/script>\n<!-- \/ Yoast SEO plugin. -->","yoast_head_json":{"title":"FS2620 fra Vladiyan \u2013 Dramatisk bryllupskl\u00e6nning i Couture-stil med volumen og korsettelijf","description":"FS2620 fra Vladiyan er en dramatisk couture-bryllupskl\u00e6nning med korsettelijf, volumin\u00f8st rynket sk\u00f8rt og luksuri\u00f8se detaljer til et uforglemmeligelook.","robots":{"index":"index","follow":"follow","max-snippet":"max-snippet:-1","max-image-preview":"max-image-preview:large","max-video-preview":"max-video-preview:-1"},"canonical":"https:\/\/promsandweddings.se\/dk\/vare\/brollopsklanning-fs2620-fran-vladiyan\/","og_locale":"da_DK","og_type":"article","og_title":"FS2620 fr\u00e5n Vladiyan \u2013 Dramatiskt Br\u00f6llopskl\u00e4nning i Couture-Stil med Volym och Korsettliv","og_description":"FS2620 fr\u00e5n Vladiyan \u00e4r en dramatisk couture-br\u00f6llopskl\u00e4nning med korsettliv, volumin\u00f6s rufflad kjol och lyxiga detaljer f\u00f6r en of\u00f6rgl\u00f6mlig look.","og_url":"https:\/\/promsandweddings.se\/dk\/vare\/brollopsklanning-fs2620-fran-vladiyan\/","og_site_name":"Proms and Weddings","article_publisher":"https:\/\/www.facebook.com\/promsandweddings","article_modified_time":"2026-03-15T23:02:59+00:00","og_image":[{"width":1707,"height":2560,"url":"https:\/\/promsandweddings.se\/wp-content\/uploads\/2026\/03\/FS-2620-2-scaled-1.jpg","type":"image\/jpeg"}],"twitter_card":"summary_large_image","twitter_site":"@PromsWeddings","twitter_misc":{"Estimeret l\u00e6setid":"1 minut"},"schema":{"@context":"https:\/\/schema.org","@graph":[{"@type":"WebPage","@id":"https:\/\/promsandweddings.se\/produkt\/brollopsklanning-fs2620-fran-vladiyan\/","url":"https:\/\/promsandweddings.se\/produkt\/brollopsklanning-fs2620-fran-vladiyan\/","name":"FS2620 fra Vladiyan \u2013 Dramatisk bryllupskl\u00e6nning i Couture-stil med volumen og korsettelijf","isPartOf":{"@id":"https:\/\/promsandweddings.se\/#website"},"primaryImageOfPage":{"@id":"https:\/\/promsandweddings.se\/produkt\/brollopsklanning-fs2620-fran-vladiyan\/#primaryimage"},"image":{"@id":"https:\/\/promsandweddings.se\/produkt\/brollopsklanning-fs2620-fran-vladiyan\/#primaryimage"},"thumbnailUrl":"https:\/\/promsandweddings.se\/wp-content\/uploads\/2026\/03\/FS-2620-2-scaled-1.jpg","datePublished":"2026-03-15T22:56:09+00:00","dateModified":"2026-03-15T23:02:59+00:00","description":"FS2620 fra Vladiyan er en dramatisk couture-bryllupskl\u00e6nning med korsettelijf, volumin\u00f8st rynket sk\u00f8rt og luksuri\u00f8se detaljer til et uforglemmeligelook.","breadcrumb":{"@id":"https:\/\/promsandweddings.se\/produkt\/brollopsklanning-fs2620-fran-vladiyan\/#breadcrumb"},"inLanguage":"da-DK","potentialAction":[{"@type":"ReadAction","target":["https:\/\/promsandweddings.se\/produkt\/brollopsklanning-fs2620-fran-vladiyan\/"]}]},{"@type":"ImageObject","inLanguage":"da-DK","@id":"https:\/\/promsandweddings.se\/produkt\/brollopsklanning-fs2620-fran-vladiyan\/#primaryimage","url":"https:\/\/promsandweddings.se\/wp-content\/uploads\/2026\/03\/FS-2620-2-scaled-1.jpg","contentUrl":"https:\/\/promsandweddings.se\/wp-content\/uploads\/2026\/03\/FS-2620-2-scaled-1.jpg","width":1707,"height":2560},{"@type":"BreadcrumbList","@id":"https:\/\/promsandweddings.se\/produkt\/brollopsklanning-fs2620-fran-vladiyan\/#breadcrumb","itemListElement":[{"@type":"ListItem","position":1,"name":"Home","item":"https:\/\/promsandweddings.se\/"},{"@type":"ListItem","position":2,"name":"Webshop","item":"https:\/\/promsandweddings.se\/webshop\/"},{"@type":"ListItem","position":3,"name":"Br\u00f6llopskl\u00e4nning FS2620 fr\u00e5n Vladiyan"}]},{"@type":"WebSite","@id":"https:\/\/promsandweddings.se\/#website","url":"https:\/\/promsandweddings.se\/","name":"Proms and Weddings","description":"Find din dr\u00f8mmekjole","publisher":{"@id":"https:\/\/promsandweddings.se\/#organization"},"alternateName":"Proms & Weddings","potentialAction":[{"@type":"SearchAction","target":{"@type":"EntryPoint","urlTemplate":"https:\/\/promsandweddings.se\/?s={search_term_string}"},"query-input":{"@type":"PropertyValueSpecification","valueRequired":true,"valueName":"search_term_string"}}],"inLanguage":"da-DK"},{"@type":"Organization","@id":"https:\/\/promsandweddings.se\/#organization","name":"Proms &amp; Weddings","url":"https:\/\/promsandweddings.se\/","logo":{"@type":"ImageObject","inLanguage":"da-DK","@id":"https:\/\/promsandweddings.se\/#\/schema\/logo\/image\/","url":"https:\/\/promsandweddings.se\/wp-content\/uploads\/2026\/03\/pwlogosv-2-2.webp","contentUrl":"https:\/\/promsandweddings.se\/wp-content\/uploads\/2026\/03\/pwlogosv-2-2.webp","width":556,"height":152,"caption":"Proms & Weddings"},"image":{"@id":"https:\/\/promsandweddings.se\/#\/schema\/logo\/image\/"},"sameAs":["https:\/\/www.facebook.com\/promsandweddings","https:\/\/x.com\/PromsWeddings","https:\/\/www.instagram.com\/promsandweddings\/","https:\/\/www.youtube.com\/@promsandweddings\/shorts","https:\/\/www.tiktok.com\/@promsandweddings","https:\/\/se.pinterest.com\/promsandwedding"]}]}},"jetpack_sharing_enabled":true,"brands":[],"_links":{"self":[{"href":"https:\/\/promsandweddings.se\/dk\/wp-json\/wp\/v2\/product\/28921","targetHints":{"allow":["GET"]}}],"collection":[{"href":"https:\/\/promsandweddings.se\/dk\/wp-json\/wp\/v2\/product"}],"about":[{"href":"https:\/\/promsandweddings.se\/dk\/wp-json\/wp\/v2\/types\/product"}],"wp:featuredmedia":[{"embeddable":true,"href":"https:\/\/promsandweddings.se\/dk\/wp-json\/wp\/v2\/media\/29053"}],"wp:attachment":[{"href":"https:\/\/promsandweddings.se\/dk\/wp-json\/wp\/v2\/media?parent=28921"}],"wp:term":[{"taxonomy":"pwb-brand","embeddable":true,"href":"https:\/\/promsandweddings.se\/dk\/wp-json\/wp\/v2\/pwb-brand?post=28921"},{"taxonomy":"product_brand","embeddable":true,"href":"https:\/\/promsandweddings.se\/dk\/wp-json\/wp\/v2\/product_brand?post=28921"},{"taxonomy":"product_cat","embeddable":true,"href":"https:\/\/promsandweddings.se\/dk\/wp-json\/wp\/v2\/product_cat?post=28921"},{"taxonomy":"product_tag","embeddable":true,"href":"https:\/\/promsandweddings.se\/dk\/wp-json\/wp\/v2\/product_tag?post=28921"}],"curies":[{"name":"wp","href":"https:\/\/api.w.org\/{rel}","templated":true}]}}