{"id":28947,"date":"2026-03-15T23:57:19","date_gmt":"2026-03-15T22:57:19","guid":{"rendered":"https:\/\/promsandweddings.se\/?post_type=product&#038;p=28947"},"modified":"2026-04-15T10:54:57","modified_gmt":"2026-04-15T08:54:57","slug":"white-one-sozinho-brollopsklanning","status":"publish","type":"product","link":"https:\/\/promsandweddings.se\/dk\/produkt\/white-one-sozinho-brollopsklanning\/","title":{"rendered":"White One Sozinho bryllupskjole"},"content":{"rendered":"<p data-start=\"252\" data-end=\"461\">Sozinho fra White One er en minimalistisk brudekjole med moderne elegance. Den passer perfekt til bruden, der \u00f8nsker sig et stilrent og tidl\u00f8st look. Samtidigt giver den sofistikerede design et eksklusivt udtryk.<\/p>\n<p data-start=\"463\" data-end=\"644\">Overdelen har lige skulderb\u00e5nd og en blidt firkantet halsudsk\u00e6ring. Dette skaber en ren og balanceret silhuet. Desuden accentuerer det skr\u00e6ddersy pasform figuren p\u00e5 en smigrende m\u00e5de.<\/p>\n<p data-start=\"646\" data-end=\"846\">Taljoen er diskret markeret og glider s\u00f8mlost over i en velanbragt kjol. Derefter falder stoffet blidt langs kroppen i en elegant A-linje. Resultatet bliver en let og luftig f\u00f8lelse, der f\u00f8les behagelig hele dagen.<\/p>\n<p data-start=\"848\" data-end=\"1042\">Det sm\u00e5 sl\u00e6b giver kjolen en romantisk afslutning. Samtidigt bevarer designet sit moderne og kargt udtryk. Derfor passer Sozinho lige s\u00e5 godt til byvielse som til destination wedding.<\/p>","protected":false},"excerpt":{"rendered":"<p><strong data-start=\"0\" data-end=\"11\" data-is-only-node=\"\">Sozinho<\/strong> er en brudekjole fra <strong data-start=\"68\" data-end=\"109\"><span class=\"hover:entity-accent entity-underline inline cursor-pointer align-baseline\"><span class=\"whitespace-normal\">White One<\/span><\/span><\/strong>.<br data-start=\"110\" data-end=\"113\" \/>En elegant l\u00e5ng brl\u00f6llopskl\u00e4nning i mjuk ivory-ton med romantisk silhuett och stilrena detaljer som ger ett tidl\u00f6st och feminint uttryck.<\/p>\n<div class=\"product attribute overview\">\n<div class=\"product attribute overview\">\n<p class=\"value\"><em>(Kontakt os for pris, booking og pr\u00f8vning af brudekjoler)<\/em><\/p>\n<\/div>\n<h2 class=\"value\"><\/h2>\n<\/div>\n<p>&nbsp;<\/p>","protected":false},"featured_media":29083,"template":"","meta":[],"pwb-brand":[],"product_brand":[],"product_cat":[169,16,49],"product_tag":[167,25,22],"class_list":{"0":"post-28947","1":"product","2":"type-product","3":"status-publish","4":"has-post-thumbnail","6":"product_cat-bohemiska-brollopsklanningar","7":"product_cat-klanningar","8":"product_cat-white-one","9":"product_tag-brollop","10":"product_tag-brollopsklanning","11":"product_tag-brudklanning","13":"first","14":"instock","15":"shipping-taxable","16":"product-type-simple"},"yoast_head":"<!-- This site is optimized with the Yoast SEO plugin v27.4 - https:\/\/yoast.com\/product\/yoast-seo-wordpress\/ -->\n<title>Sozinho fr\u00e5n White One \u2013 Minimalistisk Brudkl\u00e4nning med Raka Axelband<\/title>\n<meta name=\"description\" content=\"Sozinho fr\u00e5n White One \u00e4r en stilren brudkl\u00e4nning med raka axelband, mjuk A-linje och elegant sl\u00e4p. Perfekt f\u00f6r en modern och tidl\u00f6s brud.\" \/>\n<meta name=\"robots\" content=\"index, follow, max-snippet:-1, max-image-preview:large, max-video-preview:-1\" \/>\n<link rel=\"canonical\" href=\"https:\/\/promsandweddings.se\/dk\/vare\/white-one-sozinho-brollopsklanning\/\" \/>\n<meta property=\"og:locale\" content=\"da_DK\" \/>\n<meta property=\"og:type\" content=\"article\" \/>\n<meta property=\"og:title\" content=\"Sozinho fr\u00e5n White One \u2013 Minimalistisk Brudkl\u00e4nning med Raka Axelband\" \/>\n<meta property=\"og:description\" content=\"Sozinho fr\u00e5n White One \u00e4r en stilren brudkl\u00e4nning med raka axelband, mjuk A-linje och elegant sl\u00e4p. Perfekt f\u00f6r en modern och tidl\u00f6s brud.\" \/>\n<meta property=\"og:url\" content=\"https:\/\/promsandweddings.se\/dk\/vare\/white-one-sozinho-brollopsklanning\/\" \/>\n<meta property=\"og:site_name\" content=\"Proms and Weddings\" \/>\n<meta property=\"article:publisher\" content=\"https:\/\/www.facebook.com\/promsandweddings\" \/>\n<meta property=\"article:modified_time\" content=\"2026-04-15T08:54:57+00:00\" \/>\n<meta property=\"og:image\" content=\"https:\/\/promsandweddings.se\/wp-content\/uploads\/2026\/03\/sozinho_b.jpg\" \/>\n\t<meta property=\"og:image:width\" content=\"1691\" \/>\n\t<meta property=\"og:image:height\" content=\"2255\" \/>\n\t<meta property=\"og:image:type\" content=\"image\/jpeg\" \/>\n<meta name=\"twitter:card\" content=\"summary_large_image\" \/>\n<meta name=\"twitter:site\" content=\"@PromsWeddings\" \/>\n<meta name=\"twitter:label1\" content=\"Estimeret l\u00e6setid\" \/>\n\t<meta name=\"twitter:data1\" content=\"1 minut\" \/>\n<script type=\"application\/ld+json\" class=\"yoast-schema-graph\">{\"@context\":\"https:\\\/\\\/schema.org\",\"@graph\":[{\"@type\":\"WebPage\",\"@id\":\"https:\\\/\\\/promsandweddings.se\\\/produkt\\\/white-one-sozinho-brollopsklanning\\\/\",\"url\":\"https:\\\/\\\/promsandweddings.se\\\/produkt\\\/white-one-sozinho-brollopsklanning\\\/\",\"name\":\"Sozinho fr\u00e5n White One \u2013 Minimalistisk Brudkl\u00e4nning med Raka Axelband\",\"isPartOf\":{\"@id\":\"https:\\\/\\\/promsandweddings.se\\\/#website\"},\"primaryImageOfPage\":{\"@id\":\"https:\\\/\\\/promsandweddings.se\\\/produkt\\\/white-one-sozinho-brollopsklanning\\\/#primaryimage\"},\"image\":{\"@id\":\"https:\\\/\\\/promsandweddings.se\\\/produkt\\\/white-one-sozinho-brollopsklanning\\\/#primaryimage\"},\"thumbnailUrl\":\"https:\\\/\\\/promsandweddings.se\\\/wp-content\\\/uploads\\\/2026\\\/03\\\/sozinho_b.jpg\",\"datePublished\":\"2026-03-15T22:57:19+00:00\",\"dateModified\":\"2026-04-15T08:54:57+00:00\",\"description\":\"Sozinho fr\u00e5n White One \u00e4r en stilren brudkl\u00e4nning med raka axelband, mjuk A-linje och elegant sl\u00e4p. Perfekt f\u00f6r en modern och tidl\u00f6s brud.\",\"breadcrumb\":{\"@id\":\"https:\\\/\\\/promsandweddings.se\\\/produkt\\\/white-one-sozinho-brollopsklanning\\\/#breadcrumb\"},\"inLanguage\":\"da-DK\",\"potentialAction\":[{\"@type\":\"ReadAction\",\"target\":[\"https:\\\/\\\/promsandweddings.se\\\/produkt\\\/white-one-sozinho-brollopsklanning\\\/\"]}]},{\"@type\":\"ImageObject\",\"inLanguage\":\"da-DK\",\"@id\":\"https:\\\/\\\/promsandweddings.se\\\/produkt\\\/white-one-sozinho-brollopsklanning\\\/#primaryimage\",\"url\":\"https:\\\/\\\/promsandweddings.se\\\/wp-content\\\/uploads\\\/2026\\\/03\\\/sozinho_b.jpg\",\"contentUrl\":\"https:\\\/\\\/promsandweddings.se\\\/wp-content\\\/uploads\\\/2026\\\/03\\\/sozinho_b.jpg\",\"width\":1691,\"height\":2255},{\"@type\":\"BreadcrumbList\",\"@id\":\"https:\\\/\\\/promsandweddings.se\\\/produkt\\\/white-one-sozinho-brollopsklanning\\\/#breadcrumb\",\"itemListElement\":[{\"@type\":\"ListItem\",\"position\":1,\"name\":\"Home\",\"item\":\"https:\\\/\\\/promsandweddings.se\\\/\"},{\"@type\":\"ListItem\",\"position\":2,\"name\":\"Webshop\",\"item\":\"https:\\\/\\\/promsandweddings.se\\\/webshop\\\/\"},{\"@type\":\"ListItem\",\"position\":3,\"name\":\"White One Sozinho br\u00f6llopskl\u00e4nning\"}]},{\"@type\":\"WebSite\",\"@id\":\"https:\\\/\\\/promsandweddings.se\\\/#website\",\"url\":\"https:\\\/\\\/promsandweddings.se\\\/\",\"name\":\"Proms and Weddings\",\"description\":\"Hitta din dr\u00f6mkl\u00e4nning\",\"publisher\":{\"@id\":\"https:\\\/\\\/promsandweddings.se\\\/#organization\"},\"alternateName\":\"Proms & Weddings\",\"potentialAction\":[{\"@type\":\"SearchAction\",\"target\":{\"@type\":\"EntryPoint\",\"urlTemplate\":\"https:\\\/\\\/promsandweddings.se\\\/?s={search_term_string}\"},\"query-input\":{\"@type\":\"PropertyValueSpecification\",\"valueRequired\":true,\"valueName\":\"search_term_string\"}}],\"inLanguage\":\"da-DK\"},{\"@type\":\"Organization\",\"@id\":\"https:\\\/\\\/promsandweddings.se\\\/#organization\",\"name\":\"Proms & Weddings\",\"url\":\"https:\\\/\\\/promsandweddings.se\\\/\",\"logo\":{\"@type\":\"ImageObject\",\"inLanguage\":\"da-DK\",\"@id\":\"https:\\\/\\\/promsandweddings.se\\\/#\\\/schema\\\/logo\\\/image\\\/\",\"url\":\"https:\\\/\\\/promsandweddings.se\\\/wp-content\\\/uploads\\\/2026\\\/03\\\/pwlogosv-2-2.webp\",\"contentUrl\":\"https:\\\/\\\/promsandweddings.se\\\/wp-content\\\/uploads\\\/2026\\\/03\\\/pwlogosv-2-2.webp\",\"width\":556,\"height\":152,\"caption\":\"Proms & Weddings\"},\"image\":{\"@id\":\"https:\\\/\\\/promsandweddings.se\\\/#\\\/schema\\\/logo\\\/image\\\/\"},\"sameAs\":[\"https:\\\/\\\/www.facebook.com\\\/promsandweddings\",\"https:\\\/\\\/x.com\\\/PromsWeddings\",\"https:\\\/\\\/www.instagram.com\\\/promsandweddings\\\/\",\"https:\\\/\\\/www.youtube.com\\\/@promsandweddings\\\/shorts\",\"https:\\\/\\\/www.tiktok.com\\\/@promsandweddings\",\"https:\\\/\\\/se.pinterest.com\\\/promsandwedding\"]}]}<\/script>\n<!-- \/ Yoast SEO plugin. -->","yoast_head_json":{"title":"Sozinho fra White One \u2013 Minimalistisk Brudekjole med Lige Skulderb\u00e5nd","description":"Sozinho fra White One er en stilren brudekjole med lige skulderb\u00e5nd, bl\u00f8d A-linje og elegant sl\u00e6b. Perfekt til en moderne og tidl\u00f8s brud.","robots":{"index":"index","follow":"follow","max-snippet":"max-snippet:-1","max-image-preview":"max-image-preview:large","max-video-preview":"max-video-preview:-1"},"canonical":"https:\/\/promsandweddings.se\/dk\/vare\/white-one-sozinho-brollopsklanning\/","og_locale":"da_DK","og_type":"article","og_title":"Sozinho fr\u00e5n White One \u2013 Minimalistisk Brudkl\u00e4nning med Raka Axelband","og_description":"Sozinho fr\u00e5n White One \u00e4r en stilren brudkl\u00e4nning med raka axelband, mjuk A-linje och elegant sl\u00e4p. Perfekt f\u00f6r en modern och tidl\u00f6s brud.","og_url":"https:\/\/promsandweddings.se\/dk\/vare\/white-one-sozinho-brollopsklanning\/","og_site_name":"Proms and Weddings","article_publisher":"https:\/\/www.facebook.com\/promsandweddings","article_modified_time":"2026-04-15T08:54:57+00:00","og_image":[{"width":1691,"height":2255,"url":"https:\/\/promsandweddings.se\/wp-content\/uploads\/2026\/03\/sozinho_b.jpg","type":"image\/jpeg"}],"twitter_card":"summary_large_image","twitter_site":"@PromsWeddings","twitter_misc":{"Estimeret l\u00e6setid":"1 minut"},"schema":{"@context":"https:\/\/schema.org","@graph":[{"@type":"WebPage","@id":"https:\/\/promsandweddings.se\/produkt\/white-one-sozinho-brollopsklanning\/","url":"https:\/\/promsandweddings.se\/produkt\/white-one-sozinho-brollopsklanning\/","name":"Sozinho fra White One \u2013 Minimalistisk Brudekjole med Lige Skulderb\u00e5nd","isPartOf":{"@id":"https:\/\/promsandweddings.se\/#website"},"primaryImageOfPage":{"@id":"https:\/\/promsandweddings.se\/produkt\/white-one-sozinho-brollopsklanning\/#primaryimage"},"image":{"@id":"https:\/\/promsandweddings.se\/produkt\/white-one-sozinho-brollopsklanning\/#primaryimage"},"thumbnailUrl":"https:\/\/promsandweddings.se\/wp-content\/uploads\/2026\/03\/sozinho_b.jpg","datePublished":"2026-03-15T22:57:19+00:00","dateModified":"2026-04-15T08:54:57+00:00","description":"Sozinho fra White One er en stilren brudekjole med lige skulderb\u00e5nd, bl\u00f8d A-linje og elegant sl\u00e6b. Perfekt til en moderne og tidl\u00f8s brud.","breadcrumb":{"@id":"https:\/\/promsandweddings.se\/produkt\/white-one-sozinho-brollopsklanning\/#breadcrumb"},"inLanguage":"da-DK","potentialAction":[{"@type":"ReadAction","target":["https:\/\/promsandweddings.se\/produkt\/white-one-sozinho-brollopsklanning\/"]}]},{"@type":"ImageObject","inLanguage":"da-DK","@id":"https:\/\/promsandweddings.se\/produkt\/white-one-sozinho-brollopsklanning\/#primaryimage","url":"https:\/\/promsandweddings.se\/wp-content\/uploads\/2026\/03\/sozinho_b.jpg","contentUrl":"https:\/\/promsandweddings.se\/wp-content\/uploads\/2026\/03\/sozinho_b.jpg","width":1691,"height":2255},{"@type":"BreadcrumbList","@id":"https:\/\/promsandweddings.se\/produkt\/white-one-sozinho-brollopsklanning\/#breadcrumb","itemListElement":[{"@type":"ListItem","position":1,"name":"Home","item":"https:\/\/promsandweddings.se\/"},{"@type":"ListItem","position":2,"name":"Webshop","item":"https:\/\/promsandweddings.se\/webshop\/"},{"@type":"ListItem","position":3,"name":"White One Sozinho br\u00f6llopskl\u00e4nning"}]},{"@type":"WebSite","@id":"https:\/\/promsandweddings.se\/#website","url":"https:\/\/promsandweddings.se\/","name":"Proms and Weddings","description":"Find din dr\u00f8mmekjole","publisher":{"@id":"https:\/\/promsandweddings.se\/#organization"},"alternateName":"Proms & Weddings","potentialAction":[{"@type":"SearchAction","target":{"@type":"EntryPoint","urlTemplate":"https:\/\/promsandweddings.se\/?s={search_term_string}"},"query-input":{"@type":"PropertyValueSpecification","valueRequired":true,"valueName":"search_term_string"}}],"inLanguage":"da-DK"},{"@type":"Organization","@id":"https:\/\/promsandweddings.se\/#organization","name":"Proms &amp; Weddings","url":"https:\/\/promsandweddings.se\/","logo":{"@type":"ImageObject","inLanguage":"da-DK","@id":"https:\/\/promsandweddings.se\/#\/schema\/logo\/image\/","url":"https:\/\/promsandweddings.se\/wp-content\/uploads\/2026\/03\/pwlogosv-2-2.webp","contentUrl":"https:\/\/promsandweddings.se\/wp-content\/uploads\/2026\/03\/pwlogosv-2-2.webp","width":556,"height":152,"caption":"Proms & Weddings"},"image":{"@id":"https:\/\/promsandweddings.se\/#\/schema\/logo\/image\/"},"sameAs":["https:\/\/www.facebook.com\/promsandweddings","https:\/\/x.com\/PromsWeddings","https:\/\/www.instagram.com\/promsandweddings\/","https:\/\/www.youtube.com\/@promsandweddings\/shorts","https:\/\/www.tiktok.com\/@promsandweddings","https:\/\/se.pinterest.com\/promsandwedding"]}]}},"jetpack_sharing_enabled":true,"brands":[],"_links":{"self":[{"href":"https:\/\/promsandweddings.se\/dk\/wp-json\/wp\/v2\/product\/28947","targetHints":{"allow":["GET"]}}],"collection":[{"href":"https:\/\/promsandweddings.se\/dk\/wp-json\/wp\/v2\/product"}],"about":[{"href":"https:\/\/promsandweddings.se\/dk\/wp-json\/wp\/v2\/types\/product"}],"wp:featuredmedia":[{"embeddable":true,"href":"https:\/\/promsandweddings.se\/dk\/wp-json\/wp\/v2\/media\/29083"}],"wp:attachment":[{"href":"https:\/\/promsandweddings.se\/dk\/wp-json\/wp\/v2\/media?parent=28947"}],"wp:term":[{"taxonomy":"pwb-brand","embeddable":true,"href":"https:\/\/promsandweddings.se\/dk\/wp-json\/wp\/v2\/pwb-brand?post=28947"},{"taxonomy":"product_brand","embeddable":true,"href":"https:\/\/promsandweddings.se\/dk\/wp-json\/wp\/v2\/product_brand?post=28947"},{"taxonomy":"product_cat","embeddable":true,"href":"https:\/\/promsandweddings.se\/dk\/wp-json\/wp\/v2\/product_cat?post=28947"},{"taxonomy":"product_tag","embeddable":true,"href":"https:\/\/promsandweddings.se\/dk\/wp-json\/wp\/v2\/product_tag?post=28947"}],"curies":[{"name":"wp","href":"https:\/\/api.w.org\/{rel}","templated":true}]}}