{"id":28966,"date":"2026-03-15T23:58:23","date_gmt":"2026-03-15T22:58:23","guid":{"rendered":"https:\/\/promsandweddings.se\/?post_type=product&#038;p=28966"},"modified":"2026-03-16T00:05:41","modified_gmt":"2026-03-15T23:05:41","slug":"wona-concept-fedra-brudklanning","status":"publish","type":"product","link":"https:\/\/promsandweddings.se\/dk\/produkt\/wona-concept-fedra-brudklanning\/","title":{"rendered":"Wona Concept Fedra brudekl\u00e6nning"},"content":{"rendered":"<p data-start=\"337\" data-end=\"557\">Fedra er en sensuel og moderne brudekl\u00e6nning til den selvbevidst brud. Designet kombinerer minimalistisk elegance med en tydeligt couture-f\u00f8lelse. Derfor passer kl\u00e6nningen perfekt til et stilrent og trendbevidst bryllup.<\/p>\n<p data-start=\"559\" data-end=\"780\">Overdelen har en lige ringning med en dekorativ rosettdetalje foran. Samtidig giver den strukturerede korsett en smuk st\u00f8tte og markerer midjen p\u00e5 en elegant m\u00e5de. Resultatet bliver en feminin og skulptural silhuet.<\/p>\n<p data-start=\"782\" data-end=\"1001\">Nederdelen falder bl\u00f8dt fra hofterne. Desuden skaber den h\u00f8je slids et modernt og sensuelt udtryk. Bev\u00e6gelsen bliver let og flydende, hvilket giver kl\u00e6nningen en eksklusiv helhed. Sl\u00e6bet tilf\u00f8jer dramatik og luksus.<\/p>\n<p data-start=\"1003\" data-end=\"1158\">Fedra fra Wona Concept er et perfekt valg til bruden, der \u00f8nsker at skille sig ud. Derfor passer den lige godt til et bybryllup som til et elegant aftenbryllup.<\/p>","protected":false},"excerpt":{"rendered":"<p>Fedra \u00e4r en br\u00f6llopskl\u00e4nning ur kollektionen <em>Amore in Fiore<\/em> fra<strong> Wona Concept<\/strong>.<br \/>\nEn romantisk l\u00e5ng br\u00f6llopskl\u00e4nning i mjuk ivory-ton med feminin silhuett, vackra spetsdetaljer och en l\u00e4tt, elegant k\u00e4nsla som ger ett tidl\u00f6st uttryck.<\/p>\n<p><em>(Kontakt os for pris, booking og pr\u00f8vning af brudekjoler)<\/em><\/p>\n<p>&nbsp;<\/p>","protected":false},"featured_media":29102,"template":"","meta":[],"pwb-brand":[],"product_brand":[],"product_cat":[43,17,183,220],"product_tag":[22,184],"class_list":{"0":"post-28966","1":"product","2":"type-product","3":"status-publish","4":"has-post-thumbnail","6":"product_cat-plus-size-klanning","7":"product_cat-brudklanningar","8":"product_cat-wona-concept","9":"product_cat-wona-concept-vackra-brudklanningar","10":"product_tag-brudklanning","11":"product_tag-wona-concept","13":"first","14":"instock","15":"shipping-taxable","16":"product-type-simple"},"yoast_head":"<!-- This site is optimized with the Yoast SEO plugin v27.4 - https:\/\/yoast.com\/product\/yoast-seo-wordpress\/ -->\n<title>Fedra fr\u00e5n Wona Concept \u2013 Modern Brudkl\u00e4nning med Slits och Korsett<\/title>\n<meta name=\"description\" content=\"Fedra fr\u00e5n Wona Concept \u00e4r en modern och sensuell brudkl\u00e4nning med korsettliv, rosettdetalj och h\u00f6g slits. Perfekt f\u00f6r ett trendigt och elegant br\u00f6llop.\" \/>\n<meta name=\"robots\" content=\"index, follow, max-snippet:-1, max-image-preview:large, max-video-preview:-1\" \/>\n<link rel=\"canonical\" href=\"https:\/\/promsandweddings.se\/dk\/vare\/wona-concept-fedra-brudklanning\/\" \/>\n<meta property=\"og:locale\" content=\"da_DK\" \/>\n<meta property=\"og:type\" content=\"article\" \/>\n<meta property=\"og:title\" content=\"Fedra fr\u00e5n Wona Concept \u2013 Modern Brudkl\u00e4nning med Slits och Korsett\" \/>\n<meta property=\"og:description\" content=\"Fedra fr\u00e5n Wona Concept \u00e4r en modern och sensuell brudkl\u00e4nning med korsettliv, rosettdetalj och h\u00f6g slits. Perfekt f\u00f6r ett trendigt och elegant br\u00f6llop.\" \/>\n<meta property=\"og:url\" content=\"https:\/\/promsandweddings.se\/dk\/vare\/wona-concept-fedra-brudklanning\/\" \/>\n<meta property=\"og:site_name\" content=\"Proms and Weddings\" \/>\n<meta property=\"article:publisher\" content=\"https:\/\/www.facebook.com\/promsandweddings\" \/>\n<meta property=\"article:modified_time\" content=\"2026-03-15T23:05:41+00:00\" \/>\n<meta property=\"og:image\" content=\"https:\/\/promsandweddings.se\/wp-content\/uploads\/2026\/03\/wona_concept_amore_in_fiore_fedra_1.jpg\" \/>\n\t<meta property=\"og:image:width\" content=\"1228\" \/>\n\t<meta property=\"og:image:height\" content=\"1622\" \/>\n\t<meta property=\"og:image:type\" content=\"image\/jpeg\" \/>\n<meta name=\"twitter:card\" content=\"summary_large_image\" \/>\n<meta name=\"twitter:site\" content=\"@PromsWeddings\" \/>\n<meta name=\"twitter:label1\" content=\"Estimeret l\u00e6setid\" \/>\n\t<meta name=\"twitter:data1\" content=\"1 minut\" \/>\n<script type=\"application\/ld+json\" class=\"yoast-schema-graph\">{\"@context\":\"https:\\\/\\\/schema.org\",\"@graph\":[{\"@type\":\"WebPage\",\"@id\":\"https:\\\/\\\/promsandweddings.se\\\/produkt\\\/wona-concept-fedra-brudklanning\\\/\",\"url\":\"https:\\\/\\\/promsandweddings.se\\\/produkt\\\/wona-concept-fedra-brudklanning\\\/\",\"name\":\"Fedra fr\u00e5n Wona Concept \u2013 Modern Brudkl\u00e4nning med Slits och Korsett\",\"isPartOf\":{\"@id\":\"https:\\\/\\\/promsandweddings.se\\\/#website\"},\"primaryImageOfPage\":{\"@id\":\"https:\\\/\\\/promsandweddings.se\\\/produkt\\\/wona-concept-fedra-brudklanning\\\/#primaryimage\"},\"image\":{\"@id\":\"https:\\\/\\\/promsandweddings.se\\\/produkt\\\/wona-concept-fedra-brudklanning\\\/#primaryimage\"},\"thumbnailUrl\":\"https:\\\/\\\/promsandweddings.se\\\/wp-content\\\/uploads\\\/2026\\\/03\\\/wona_concept_amore_in_fiore_fedra_1.jpg\",\"datePublished\":\"2026-03-15T22:58:23+00:00\",\"dateModified\":\"2026-03-15T23:05:41+00:00\",\"description\":\"Fedra fr\u00e5n Wona Concept \u00e4r en modern och sensuell brudkl\u00e4nning med korsettliv, rosettdetalj och h\u00f6g slits. Perfekt f\u00f6r ett trendigt och elegant br\u00f6llop.\",\"breadcrumb\":{\"@id\":\"https:\\\/\\\/promsandweddings.se\\\/produkt\\\/wona-concept-fedra-brudklanning\\\/#breadcrumb\"},\"inLanguage\":\"da-DK\",\"potentialAction\":[{\"@type\":\"ReadAction\",\"target\":[\"https:\\\/\\\/promsandweddings.se\\\/produkt\\\/wona-concept-fedra-brudklanning\\\/\"]}]},{\"@type\":\"ImageObject\",\"inLanguage\":\"da-DK\",\"@id\":\"https:\\\/\\\/promsandweddings.se\\\/produkt\\\/wona-concept-fedra-brudklanning\\\/#primaryimage\",\"url\":\"https:\\\/\\\/promsandweddings.se\\\/wp-content\\\/uploads\\\/2026\\\/03\\\/wona_concept_amore_in_fiore_fedra_1.jpg\",\"contentUrl\":\"https:\\\/\\\/promsandweddings.se\\\/wp-content\\\/uploads\\\/2026\\\/03\\\/wona_concept_amore_in_fiore_fedra_1.jpg\",\"width\":1228,\"height\":1622},{\"@type\":\"BreadcrumbList\",\"@id\":\"https:\\\/\\\/promsandweddings.se\\\/produkt\\\/wona-concept-fedra-brudklanning\\\/#breadcrumb\",\"itemListElement\":[{\"@type\":\"ListItem\",\"position\":1,\"name\":\"Home\",\"item\":\"https:\\\/\\\/promsandweddings.se\\\/\"},{\"@type\":\"ListItem\",\"position\":2,\"name\":\"Webshop\",\"item\":\"https:\\\/\\\/promsandweddings.se\\\/webshop\\\/\"},{\"@type\":\"ListItem\",\"position\":3,\"name\":\"Wona Concept Fedra brudkl\u00e4nning\"}]},{\"@type\":\"WebSite\",\"@id\":\"https:\\\/\\\/promsandweddings.se\\\/#website\",\"url\":\"https:\\\/\\\/promsandweddings.se\\\/\",\"name\":\"Proms and Weddings\",\"description\":\"Hitta din dr\u00f6mkl\u00e4nning\",\"publisher\":{\"@id\":\"https:\\\/\\\/promsandweddings.se\\\/#organization\"},\"alternateName\":\"Proms & Weddings\",\"potentialAction\":[{\"@type\":\"SearchAction\",\"target\":{\"@type\":\"EntryPoint\",\"urlTemplate\":\"https:\\\/\\\/promsandweddings.se\\\/?s={search_term_string}\"},\"query-input\":{\"@type\":\"PropertyValueSpecification\",\"valueRequired\":true,\"valueName\":\"search_term_string\"}}],\"inLanguage\":\"da-DK\"},{\"@type\":\"Organization\",\"@id\":\"https:\\\/\\\/promsandweddings.se\\\/#organization\",\"name\":\"Proms & Weddings\",\"url\":\"https:\\\/\\\/promsandweddings.se\\\/\",\"logo\":{\"@type\":\"ImageObject\",\"inLanguage\":\"da-DK\",\"@id\":\"https:\\\/\\\/promsandweddings.se\\\/#\\\/schema\\\/logo\\\/image\\\/\",\"url\":\"https:\\\/\\\/promsandweddings.se\\\/wp-content\\\/uploads\\\/2026\\\/03\\\/pwlogosv-2-2.webp\",\"contentUrl\":\"https:\\\/\\\/promsandweddings.se\\\/wp-content\\\/uploads\\\/2026\\\/03\\\/pwlogosv-2-2.webp\",\"width\":556,\"height\":152,\"caption\":\"Proms & Weddings\"},\"image\":{\"@id\":\"https:\\\/\\\/promsandweddings.se\\\/#\\\/schema\\\/logo\\\/image\\\/\"},\"sameAs\":[\"https:\\\/\\\/www.facebook.com\\\/promsandweddings\",\"https:\\\/\\\/x.com\\\/PromsWeddings\",\"https:\\\/\\\/www.instagram.com\\\/promsandweddings\\\/\",\"https:\\\/\\\/www.youtube.com\\\/@promsandweddings\\\/shorts\",\"https:\\\/\\\/www.tiktok.com\\\/@promsandweddings\",\"https:\\\/\\\/se.pinterest.com\\\/promsandwedding\"]}]}<\/script>\n<!-- \/ Yoast SEO plugin. -->","yoast_head_json":{"title":"Fedra fra Wona Concept \u2013 Moderne Brudekl\u00e6nning med Slids og Korsett","description":"Fedra fra Wona Concept er en moderne og sensuel brudekl\u00e6nning med korsettliv, rosettdetalje og h\u00f8j slids. Perfekt til et trendy og elegant bryllup.","robots":{"index":"index","follow":"follow","max-snippet":"max-snippet:-1","max-image-preview":"max-image-preview:large","max-video-preview":"max-video-preview:-1"},"canonical":"https:\/\/promsandweddings.se\/dk\/vare\/wona-concept-fedra-brudklanning\/","og_locale":"da_DK","og_type":"article","og_title":"Fedra fr\u00e5n Wona Concept \u2013 Modern Brudkl\u00e4nning med Slits och Korsett","og_description":"Fedra fr\u00e5n Wona Concept \u00e4r en modern och sensuell brudkl\u00e4nning med korsettliv, rosettdetalj och h\u00f6g slits. Perfekt f\u00f6r ett trendigt och elegant br\u00f6llop.","og_url":"https:\/\/promsandweddings.se\/dk\/vare\/wona-concept-fedra-brudklanning\/","og_site_name":"Proms and Weddings","article_publisher":"https:\/\/www.facebook.com\/promsandweddings","article_modified_time":"2026-03-15T23:05:41+00:00","og_image":[{"width":1228,"height":1622,"url":"https:\/\/promsandweddings.se\/wp-content\/uploads\/2026\/03\/wona_concept_amore_in_fiore_fedra_1.jpg","type":"image\/jpeg"}],"twitter_card":"summary_large_image","twitter_site":"@PromsWeddings","twitter_misc":{"Estimeret l\u00e6setid":"1 minut"},"schema":{"@context":"https:\/\/schema.org","@graph":[{"@type":"WebPage","@id":"https:\/\/promsandweddings.se\/produkt\/wona-concept-fedra-brudklanning\/","url":"https:\/\/promsandweddings.se\/produkt\/wona-concept-fedra-brudklanning\/","name":"Fedra fra Wona Concept \u2013 Moderne Brudekl\u00e6nning med Slids og Korsett","isPartOf":{"@id":"https:\/\/promsandweddings.se\/#website"},"primaryImageOfPage":{"@id":"https:\/\/promsandweddings.se\/produkt\/wona-concept-fedra-brudklanning\/#primaryimage"},"image":{"@id":"https:\/\/promsandweddings.se\/produkt\/wona-concept-fedra-brudklanning\/#primaryimage"},"thumbnailUrl":"https:\/\/promsandweddings.se\/wp-content\/uploads\/2026\/03\/wona_concept_amore_in_fiore_fedra_1.jpg","datePublished":"2026-03-15T22:58:23+00:00","dateModified":"2026-03-15T23:05:41+00:00","description":"Fedra fra Wona Concept er en moderne og sensuel brudekl\u00e6nning med korsettliv, rosettdetalje og h\u00f8j slids. Perfekt til et trendy og elegant bryllup.","breadcrumb":{"@id":"https:\/\/promsandweddings.se\/produkt\/wona-concept-fedra-brudklanning\/#breadcrumb"},"inLanguage":"da-DK","potentialAction":[{"@type":"ReadAction","target":["https:\/\/promsandweddings.se\/produkt\/wona-concept-fedra-brudklanning\/"]}]},{"@type":"ImageObject","inLanguage":"da-DK","@id":"https:\/\/promsandweddings.se\/produkt\/wona-concept-fedra-brudklanning\/#primaryimage","url":"https:\/\/promsandweddings.se\/wp-content\/uploads\/2026\/03\/wona_concept_amore_in_fiore_fedra_1.jpg","contentUrl":"https:\/\/promsandweddings.se\/wp-content\/uploads\/2026\/03\/wona_concept_amore_in_fiore_fedra_1.jpg","width":1228,"height":1622},{"@type":"BreadcrumbList","@id":"https:\/\/promsandweddings.se\/produkt\/wona-concept-fedra-brudklanning\/#breadcrumb","itemListElement":[{"@type":"ListItem","position":1,"name":"Home","item":"https:\/\/promsandweddings.se\/"},{"@type":"ListItem","position":2,"name":"Webshop","item":"https:\/\/promsandweddings.se\/webshop\/"},{"@type":"ListItem","position":3,"name":"Wona Concept Fedra brudkl\u00e4nning"}]},{"@type":"WebSite","@id":"https:\/\/promsandweddings.se\/#website","url":"https:\/\/promsandweddings.se\/","name":"Proms and Weddings","description":"Find din dr\u00f8mmekjole","publisher":{"@id":"https:\/\/promsandweddings.se\/#organization"},"alternateName":"Proms & Weddings","potentialAction":[{"@type":"SearchAction","target":{"@type":"EntryPoint","urlTemplate":"https:\/\/promsandweddings.se\/?s={search_term_string}"},"query-input":{"@type":"PropertyValueSpecification","valueRequired":true,"valueName":"search_term_string"}}],"inLanguage":"da-DK"},{"@type":"Organization","@id":"https:\/\/promsandweddings.se\/#organization","name":"Proms &amp; Weddings","url":"https:\/\/promsandweddings.se\/","logo":{"@type":"ImageObject","inLanguage":"da-DK","@id":"https:\/\/promsandweddings.se\/#\/schema\/logo\/image\/","url":"https:\/\/promsandweddings.se\/wp-content\/uploads\/2026\/03\/pwlogosv-2-2.webp","contentUrl":"https:\/\/promsandweddings.se\/wp-content\/uploads\/2026\/03\/pwlogosv-2-2.webp","width":556,"height":152,"caption":"Proms & Weddings"},"image":{"@id":"https:\/\/promsandweddings.se\/#\/schema\/logo\/image\/"},"sameAs":["https:\/\/www.facebook.com\/promsandweddings","https:\/\/x.com\/PromsWeddings","https:\/\/www.instagram.com\/promsandweddings\/","https:\/\/www.youtube.com\/@promsandweddings\/shorts","https:\/\/www.tiktok.com\/@promsandweddings","https:\/\/se.pinterest.com\/promsandwedding"]}]}},"jetpack_sharing_enabled":true,"brands":[],"_links":{"self":[{"href":"https:\/\/promsandweddings.se\/dk\/wp-json\/wp\/v2\/product\/28966","targetHints":{"allow":["GET"]}}],"collection":[{"href":"https:\/\/promsandweddings.se\/dk\/wp-json\/wp\/v2\/product"}],"about":[{"href":"https:\/\/promsandweddings.se\/dk\/wp-json\/wp\/v2\/types\/product"}],"wp:featuredmedia":[{"embeddable":true,"href":"https:\/\/promsandweddings.se\/dk\/wp-json\/wp\/v2\/media\/29102"}],"wp:attachment":[{"href":"https:\/\/promsandweddings.se\/dk\/wp-json\/wp\/v2\/media?parent=28966"}],"wp:term":[{"taxonomy":"pwb-brand","embeddable":true,"href":"https:\/\/promsandweddings.se\/dk\/wp-json\/wp\/v2\/pwb-brand?post=28966"},{"taxonomy":"product_brand","embeddable":true,"href":"https:\/\/promsandweddings.se\/dk\/wp-json\/wp\/v2\/product_brand?post=28966"},{"taxonomy":"product_cat","embeddable":true,"href":"https:\/\/promsandweddings.se\/dk\/wp-json\/wp\/v2\/product_cat?post=28966"},{"taxonomy":"product_tag","embeddable":true,"href":"https:\/\/promsandweddings.se\/dk\/wp-json\/wp\/v2\/product_tag?post=28966"}],"curies":[{"name":"wp","href":"https:\/\/api.w.org\/{rel}","templated":true}]}}