{"id":28979,"date":"2026-03-15T23:58:49","date_gmt":"2026-03-15T22:58:49","guid":{"rendered":"https:\/\/promsandweddings.se\/?post_type=product&#038;p=28979"},"modified":"2026-03-16T00:06:07","modified_gmt":"2026-03-15T23:06:07","slug":"wona-concept-winslow-brudklanning","status":"publish","type":"product","link":"https:\/\/promsandweddings.se\/dk\/produkt\/wona-concept-winslow-brudklanning\/","title":{"rendered":"Wona Concept Winslow brudekjole"},"content":{"rendered":"<p data-start=\"330\" data-end=\"540\">Winslow er en eksklusiv og sofistikeret brudekjole med couture-f\u00f8lelse. Samtidig kombinerer designen struktur og romantik p\u00e5 en unik m\u00e5de. Derfor passer kjolen til bruden, som s\u00f8ger noget ud over det s\u00e6dvanlige.<\/p>\n<p data-start=\"542\" data-end=\"785\">Den figurt\u00e6tte blondekjole former kroppen elegant. Desuden skaber det h\u00f8je halsudsk\u00e6ring og de lange blonde\u00e6rmer et stilrent og luksuri\u00f8st udtryk. Korsettet omkring taljem\u00e5let markerer silhuetten og giver kjolen en moderne, arkitektonisk f\u00f8lelse.<\/p>\n<p data-start=\"787\" data-end=\"989\">Den aftageligt overlays-nederdel tilf\u00f8jer dramatik og volumen. Samtidig kan bruden nemt \u00e6ndre looken i l\u00f8bet af dagen. F\u00f8rst f\u00e5r du et storsl\u00e5et indgangsmoment. Derefter f\u00e5r du en smal og sensuel silhuet til festen.<\/p>\n<p data-start=\"991\" data-end=\"1202\">Blonden er rigt dekoreret og f\u00f8lger kroppen blidt. Derfor opleves kjolen b\u00e5de eksklusiv og komfortabel. Winslow er et perfekt valg til et slot, et fashionabelt bybryllup eller en elegant aftensseremoni.<\/p>","protected":false},"excerpt":{"rendered":"<p>Winslow \u00e4r en br\u00f6llopskl\u00e4nning ur kollektionen <em>White Swan<\/em> fra <strong>Wona Concept<\/strong>.<br \/>\nEn elegant l\u00e5ng br\u00f6llopskl\u00e4nning i mjuk ivory-ton med figurn\u00e4ra silhuett, exklusiv spets och l\u00e5ng\u00e4rmat liv som ger en modern och romantisk k\u00e4nsla.<\/p>\n<p><em>(Kontakt os for pris, booking og pr\u00f8vning af brudekjoler)<\/em><\/p>\n<p>&nbsp;<\/p>","protected":false},"featured_media":29111,"template":"","meta":[],"pwb-brand":[],"product_brand":[],"product_cat":[43,17,183,220],"product_tag":[22,184],"class_list":{"0":"post-28979","1":"product","2":"type-product","3":"status-publish","4":"has-post-thumbnail","6":"product_cat-plus-size-klanning","7":"product_cat-brudklanningar","8":"product_cat-wona-concept","9":"product_cat-wona-concept-vackra-brudklanningar","10":"product_tag-brudklanning","11":"product_tag-wona-concept","13":"first","14":"instock","15":"shipping-taxable","16":"product-type-simple"},"yoast_head":"<!-- This site is optimized with the Yoast SEO plugin v27.4 - https:\/\/yoast.com\/product\/yoast-seo-wordpress\/ -->\n<title>Winslow fr\u00e5n Wona Concept \u2013 Exklusiv Brudkl\u00e4nning med L\u00f6stagbar Kjol<\/title>\n<meta name=\"description\" content=\"Winslow fr\u00e5n Wona Concept \u00e4r en exklusiv brudkl\u00e4nning med spets, korsettmidja och l\u00f6stagbar kjol. Perfekt f\u00f6r ett elegant och modernt br\u00f6llop.\" \/>\n<meta name=\"robots\" content=\"index, follow, max-snippet:-1, max-image-preview:large, max-video-preview:-1\" \/>\n<link rel=\"canonical\" href=\"https:\/\/promsandweddings.se\/dk\/vare\/wona-concept-winslow-brudklanning\/\" \/>\n<meta property=\"og:locale\" content=\"da_DK\" \/>\n<meta property=\"og:type\" content=\"article\" \/>\n<meta property=\"og:title\" content=\"Winslow fr\u00e5n Wona Concept \u2013 Exklusiv Brudkl\u00e4nning med L\u00f6stagbar Kjol\" \/>\n<meta property=\"og:description\" content=\"Winslow fr\u00e5n Wona Concept \u00e4r en exklusiv brudkl\u00e4nning med spets, korsettmidja och l\u00f6stagbar kjol. Perfekt f\u00f6r ett elegant och modernt br\u00f6llop.\" \/>\n<meta property=\"og:url\" content=\"https:\/\/promsandweddings.se\/dk\/vare\/wona-concept-winslow-brudklanning\/\" \/>\n<meta property=\"og:site_name\" content=\"Proms and Weddings\" \/>\n<meta property=\"article:publisher\" content=\"https:\/\/www.facebook.com\/promsandweddings\" \/>\n<meta property=\"article:modified_time\" content=\"2026-03-15T23:06:07+00:00\" \/>\n<meta property=\"og:image\" content=\"https:\/\/promsandweddings.se\/wp-content\/uploads\/2026\/03\/wona_white_swan_winslow_2.jpg\" \/>\n\t<meta property=\"og:image:width\" content=\"1228\" \/>\n\t<meta property=\"og:image:height\" content=\"921\" \/>\n\t<meta property=\"og:image:type\" content=\"image\/jpeg\" \/>\n<meta name=\"twitter:card\" content=\"summary_large_image\" \/>\n<meta name=\"twitter:site\" content=\"@PromsWeddings\" \/>\n<meta name=\"twitter:label1\" content=\"Estimeret l\u00e6setid\" \/>\n\t<meta name=\"twitter:data1\" content=\"1 minut\" \/>\n<script type=\"application\/ld+json\" class=\"yoast-schema-graph\">{\"@context\":\"https:\\\/\\\/schema.org\",\"@graph\":[{\"@type\":\"WebPage\",\"@id\":\"https:\\\/\\\/promsandweddings.se\\\/produkt\\\/wona-concept-winslow-brudklanning\\\/\",\"url\":\"https:\\\/\\\/promsandweddings.se\\\/produkt\\\/wona-concept-winslow-brudklanning\\\/\",\"name\":\"Winslow fr\u00e5n Wona Concept \u2013 Exklusiv Brudkl\u00e4nning med L\u00f6stagbar Kjol\",\"isPartOf\":{\"@id\":\"https:\\\/\\\/promsandweddings.se\\\/#website\"},\"primaryImageOfPage\":{\"@id\":\"https:\\\/\\\/promsandweddings.se\\\/produkt\\\/wona-concept-winslow-brudklanning\\\/#primaryimage\"},\"image\":{\"@id\":\"https:\\\/\\\/promsandweddings.se\\\/produkt\\\/wona-concept-winslow-brudklanning\\\/#primaryimage\"},\"thumbnailUrl\":\"https:\\\/\\\/promsandweddings.se\\\/wp-content\\\/uploads\\\/2026\\\/03\\\/wona_white_swan_winslow_2.jpg\",\"datePublished\":\"2026-03-15T22:58:49+00:00\",\"dateModified\":\"2026-03-15T23:06:07+00:00\",\"description\":\"Winslow fr\u00e5n Wona Concept \u00e4r en exklusiv brudkl\u00e4nning med spets, korsettmidja och l\u00f6stagbar kjol. Perfekt f\u00f6r ett elegant och modernt br\u00f6llop.\",\"breadcrumb\":{\"@id\":\"https:\\\/\\\/promsandweddings.se\\\/produkt\\\/wona-concept-winslow-brudklanning\\\/#breadcrumb\"},\"inLanguage\":\"da-DK\",\"potentialAction\":[{\"@type\":\"ReadAction\",\"target\":[\"https:\\\/\\\/promsandweddings.se\\\/produkt\\\/wona-concept-winslow-brudklanning\\\/\"]}]},{\"@type\":\"ImageObject\",\"inLanguage\":\"da-DK\",\"@id\":\"https:\\\/\\\/promsandweddings.se\\\/produkt\\\/wona-concept-winslow-brudklanning\\\/#primaryimage\",\"url\":\"https:\\\/\\\/promsandweddings.se\\\/wp-content\\\/uploads\\\/2026\\\/03\\\/wona_white_swan_winslow_2.jpg\",\"contentUrl\":\"https:\\\/\\\/promsandweddings.se\\\/wp-content\\\/uploads\\\/2026\\\/03\\\/wona_white_swan_winslow_2.jpg\",\"width\":1228,\"height\":921},{\"@type\":\"BreadcrumbList\",\"@id\":\"https:\\\/\\\/promsandweddings.se\\\/produkt\\\/wona-concept-winslow-brudklanning\\\/#breadcrumb\",\"itemListElement\":[{\"@type\":\"ListItem\",\"position\":1,\"name\":\"Home\",\"item\":\"https:\\\/\\\/promsandweddings.se\\\/\"},{\"@type\":\"ListItem\",\"position\":2,\"name\":\"Webshop\",\"item\":\"https:\\\/\\\/promsandweddings.se\\\/webshop\\\/\"},{\"@type\":\"ListItem\",\"position\":3,\"name\":\"Wona Concept Winslow brudkl\u00e4nning\"}]},{\"@type\":\"WebSite\",\"@id\":\"https:\\\/\\\/promsandweddings.se\\\/#website\",\"url\":\"https:\\\/\\\/promsandweddings.se\\\/\",\"name\":\"Proms and Weddings\",\"description\":\"Hitta din dr\u00f6mkl\u00e4nning\",\"publisher\":{\"@id\":\"https:\\\/\\\/promsandweddings.se\\\/#organization\"},\"alternateName\":\"Proms & Weddings\",\"potentialAction\":[{\"@type\":\"SearchAction\",\"target\":{\"@type\":\"EntryPoint\",\"urlTemplate\":\"https:\\\/\\\/promsandweddings.se\\\/?s={search_term_string}\"},\"query-input\":{\"@type\":\"PropertyValueSpecification\",\"valueRequired\":true,\"valueName\":\"search_term_string\"}}],\"inLanguage\":\"da-DK\"},{\"@type\":\"Organization\",\"@id\":\"https:\\\/\\\/promsandweddings.se\\\/#organization\",\"name\":\"Proms & Weddings\",\"url\":\"https:\\\/\\\/promsandweddings.se\\\/\",\"logo\":{\"@type\":\"ImageObject\",\"inLanguage\":\"da-DK\",\"@id\":\"https:\\\/\\\/promsandweddings.se\\\/#\\\/schema\\\/logo\\\/image\\\/\",\"url\":\"https:\\\/\\\/promsandweddings.se\\\/wp-content\\\/uploads\\\/2026\\\/03\\\/pwlogosv-2-2.webp\",\"contentUrl\":\"https:\\\/\\\/promsandweddings.se\\\/wp-content\\\/uploads\\\/2026\\\/03\\\/pwlogosv-2-2.webp\",\"width\":556,\"height\":152,\"caption\":\"Proms & Weddings\"},\"image\":{\"@id\":\"https:\\\/\\\/promsandweddings.se\\\/#\\\/schema\\\/logo\\\/image\\\/\"},\"sameAs\":[\"https:\\\/\\\/www.facebook.com\\\/promsandweddings\",\"https:\\\/\\\/x.com\\\/PromsWeddings\",\"https:\\\/\\\/www.instagram.com\\\/promsandweddings\\\/\",\"https:\\\/\\\/www.youtube.com\\\/@promsandweddings\\\/shorts\",\"https:\\\/\\\/www.tiktok.com\\\/@promsandweddings\",\"https:\\\/\\\/se.pinterest.com\\\/promsandwedding\"]}]}<\/script>\n<!-- \/ Yoast SEO plugin. -->","yoast_head_json":{"title":"Winslow fra Wona Concept \u2013 Eksklusiv Brudekjole med Aftageligt Sl\u00e6b","description":"Winslow fra Wona Concept er en eksklusiv brudekjole med blondebroderi, korsetteret taljem\u00e5l og aftageligt sl\u00e6b. Perfekt til et elegant og moderne bryllup.","robots":{"index":"index","follow":"follow","max-snippet":"max-snippet:-1","max-image-preview":"max-image-preview:large","max-video-preview":"max-video-preview:-1"},"canonical":"https:\/\/promsandweddings.se\/dk\/vare\/wona-concept-winslow-brudklanning\/","og_locale":"da_DK","og_type":"article","og_title":"Winslow fr\u00e5n Wona Concept \u2013 Exklusiv Brudkl\u00e4nning med L\u00f6stagbar Kjol","og_description":"Winslow fr\u00e5n Wona Concept \u00e4r en exklusiv brudkl\u00e4nning med spets, korsettmidja och l\u00f6stagbar kjol. Perfekt f\u00f6r ett elegant och modernt br\u00f6llop.","og_url":"https:\/\/promsandweddings.se\/dk\/vare\/wona-concept-winslow-brudklanning\/","og_site_name":"Proms and Weddings","article_publisher":"https:\/\/www.facebook.com\/promsandweddings","article_modified_time":"2026-03-15T23:06:07+00:00","og_image":[{"width":1228,"height":921,"url":"https:\/\/promsandweddings.se\/wp-content\/uploads\/2026\/03\/wona_white_swan_winslow_2.jpg","type":"image\/jpeg"}],"twitter_card":"summary_large_image","twitter_site":"@PromsWeddings","twitter_misc":{"Estimeret l\u00e6setid":"1 minut"},"schema":{"@context":"https:\/\/schema.org","@graph":[{"@type":"WebPage","@id":"https:\/\/promsandweddings.se\/produkt\/wona-concept-winslow-brudklanning\/","url":"https:\/\/promsandweddings.se\/produkt\/wona-concept-winslow-brudklanning\/","name":"Winslow fra Wona Concept \u2013 Eksklusiv Brudekjole med Aftageligt Sl\u00e6b","isPartOf":{"@id":"https:\/\/promsandweddings.se\/#website"},"primaryImageOfPage":{"@id":"https:\/\/promsandweddings.se\/produkt\/wona-concept-winslow-brudklanning\/#primaryimage"},"image":{"@id":"https:\/\/promsandweddings.se\/produkt\/wona-concept-winslow-brudklanning\/#primaryimage"},"thumbnailUrl":"https:\/\/promsandweddings.se\/wp-content\/uploads\/2026\/03\/wona_white_swan_winslow_2.jpg","datePublished":"2026-03-15T22:58:49+00:00","dateModified":"2026-03-15T23:06:07+00:00","description":"Winslow fra Wona Concept er en eksklusiv brudekjole med blondebroderi, korsetteret taljem\u00e5l og aftageligt sl\u00e6b. Perfekt til et elegant og moderne bryllup.","breadcrumb":{"@id":"https:\/\/promsandweddings.se\/produkt\/wona-concept-winslow-brudklanning\/#breadcrumb"},"inLanguage":"da-DK","potentialAction":[{"@type":"ReadAction","target":["https:\/\/promsandweddings.se\/produkt\/wona-concept-winslow-brudklanning\/"]}]},{"@type":"ImageObject","inLanguage":"da-DK","@id":"https:\/\/promsandweddings.se\/produkt\/wona-concept-winslow-brudklanning\/#primaryimage","url":"https:\/\/promsandweddings.se\/wp-content\/uploads\/2026\/03\/wona_white_swan_winslow_2.jpg","contentUrl":"https:\/\/promsandweddings.se\/wp-content\/uploads\/2026\/03\/wona_white_swan_winslow_2.jpg","width":1228,"height":921},{"@type":"BreadcrumbList","@id":"https:\/\/promsandweddings.se\/produkt\/wona-concept-winslow-brudklanning\/#breadcrumb","itemListElement":[{"@type":"ListItem","position":1,"name":"Home","item":"https:\/\/promsandweddings.se\/"},{"@type":"ListItem","position":2,"name":"Webshop","item":"https:\/\/promsandweddings.se\/webshop\/"},{"@type":"ListItem","position":3,"name":"Wona Concept Winslow brudkl\u00e4nning"}]},{"@type":"WebSite","@id":"https:\/\/promsandweddings.se\/#website","url":"https:\/\/promsandweddings.se\/","name":"Proms and Weddings","description":"Find din dr\u00f8mmekjole","publisher":{"@id":"https:\/\/promsandweddings.se\/#organization"},"alternateName":"Proms & Weddings","potentialAction":[{"@type":"SearchAction","target":{"@type":"EntryPoint","urlTemplate":"https:\/\/promsandweddings.se\/?s={search_term_string}"},"query-input":{"@type":"PropertyValueSpecification","valueRequired":true,"valueName":"search_term_string"}}],"inLanguage":"da-DK"},{"@type":"Organization","@id":"https:\/\/promsandweddings.se\/#organization","name":"Proms &amp; Weddings","url":"https:\/\/promsandweddings.se\/","logo":{"@type":"ImageObject","inLanguage":"da-DK","@id":"https:\/\/promsandweddings.se\/#\/schema\/logo\/image\/","url":"https:\/\/promsandweddings.se\/wp-content\/uploads\/2026\/03\/pwlogosv-2-2.webp","contentUrl":"https:\/\/promsandweddings.se\/wp-content\/uploads\/2026\/03\/pwlogosv-2-2.webp","width":556,"height":152,"caption":"Proms & Weddings"},"image":{"@id":"https:\/\/promsandweddings.se\/#\/schema\/logo\/image\/"},"sameAs":["https:\/\/www.facebook.com\/promsandweddings","https:\/\/x.com\/PromsWeddings","https:\/\/www.instagram.com\/promsandweddings\/","https:\/\/www.youtube.com\/@promsandweddings\/shorts","https:\/\/www.tiktok.com\/@promsandweddings","https:\/\/se.pinterest.com\/promsandwedding"]}]}},"jetpack_sharing_enabled":true,"brands":[],"_links":{"self":[{"href":"https:\/\/promsandweddings.se\/dk\/wp-json\/wp\/v2\/product\/28979","targetHints":{"allow":["GET"]}}],"collection":[{"href":"https:\/\/promsandweddings.se\/dk\/wp-json\/wp\/v2\/product"}],"about":[{"href":"https:\/\/promsandweddings.se\/dk\/wp-json\/wp\/v2\/types\/product"}],"wp:featuredmedia":[{"embeddable":true,"href":"https:\/\/promsandweddings.se\/dk\/wp-json\/wp\/v2\/media\/29111"}],"wp:attachment":[{"href":"https:\/\/promsandweddings.se\/dk\/wp-json\/wp\/v2\/media?parent=28979"}],"wp:term":[{"taxonomy":"pwb-brand","embeddable":true,"href":"https:\/\/promsandweddings.se\/dk\/wp-json\/wp\/v2\/pwb-brand?post=28979"},{"taxonomy":"product_brand","embeddable":true,"href":"https:\/\/promsandweddings.se\/dk\/wp-json\/wp\/v2\/product_brand?post=28979"},{"taxonomy":"product_cat","embeddable":true,"href":"https:\/\/promsandweddings.se\/dk\/wp-json\/wp\/v2\/product_cat?post=28979"},{"taxonomy":"product_tag","embeddable":true,"href":"https:\/\/promsandweddings.se\/dk\/wp-json\/wp\/v2\/product_tag?post=28979"}],"curies":[{"name":"wp","href":"https:\/\/api.w.org\/{rel}","templated":true}]}}