{"id":30442,"date":"2026-04-16T14:10:19","date_gmt":"2026-04-16T12:10:19","guid":{"rendered":"https:\/\/promsandweddings.se\/?post_type=product&#038;p=30442"},"modified":"2026-04-17T11:56:52","modified_gmt":"2026-04-17T09:56:52","slug":"jasper-eva-lendel","status":"publish","type":"product","link":"https:\/\/promsandweddings.se\/dk\/produkt\/jasper-eva-lendel\/","title":{"rendered":"Eva lendel bryllupskjole Jasper"},"content":{"rendered":"<p data-start=\"604\" data-end=\"812\">Jasper fra Eva Lendel er en moderne og sofistikeret brudekjole, der udstr\u00e5ler selvsikker elegance. Den er skabt til bruden, der gerne vil b\u00e6re noget stilrent, men samtidigt g\u00f8re et st\u00e6rkt og mindev\u00e6rdigt indtryk.<\/p>\n<p data-start=\"814\" data-end=\"1086\">Kjolen har en figurn\u00e6r silhuet, der fremh\u00e6ver kroppens linjer p\u00e5 en smygende m\u00e5de. Det blidt draperet overdel former sig efter kroppen og skaber en elegant og feminin f\u00f8lelse. Off-shoulder-designet l\u00f8fter skuldrene og giver et romantisk, men moderne touch.<\/p>\n<p data-start=\"1088\" data-end=\"1363\">Den h\u00f8je slids tilf\u00f8jer en subtil sensualitet og giver kjolen bev\u00e6gelse. Den fremh\u00e6ver benene p\u00e5 en stilfuld m\u00e5de og skaber en afbalanceret kontrast til det i \u00f8vrigt minimalistiske design. De fine blondedetaljer langs slitsen giver et eksklusivt og gennemarbejdet udtryk.<\/p>\n<p data-start=\"1365\" data-end=\"1522\">Det glatte stof giver en luksuri\u00f8s finish og forst\u00e6rker kjolets rene linjer. Det lange, elegante sl\u00e6b skaber en dramatisk effekt og g\u00f8r entreen uforglemmelig.<\/p>\n<p data-start=\"1524\" data-end=\"1677\">Jasper er perfekt til bruden, der elsker minimalisme med en vending. Den passer lige s\u00e5 godt til et modernt bykyllup som til en romantisk ceremoni ved havet.<\/p>","protected":false},"excerpt":{"rendered":"<p>&nbsp;<\/p>\n<p><em>(Kontakt os for pris, booking og pr\u00f8vning af brudekjoler)<\/em><\/p>\n<p>&nbsp;<\/p>","protected":false},"featured_media":30445,"template":"","meta":[],"pwb-brand":[],"product_brand":[],"product_cat":[188,17],"product_tag":[22,187,184],"class_list":{"0":"post-30442","1":"product","2":"type-product","3":"status-publish","4":"has-post-thumbnail","6":"product_cat-eva-lendel","7":"product_cat-brudklanningar","8":"product_tag-brudklanning","9":"product_tag-eva-lendel","10":"product_tag-wona-concept","12":"first","13":"instock","14":"shipping-taxable","15":"product-type-simple"},"yoast_head":"<!-- This site is optimized with the Yoast SEO plugin v27.4 - https:\/\/yoast.com\/product\/yoast-seo-wordpress\/ -->\n<title>Jasper \u2013 Figurn\u00e4ra brudkl\u00e4nning med off-shoulder och slits | Eva Lendel<\/title>\n<meta name=\"description\" content=\"Jasper fr\u00e5n Eva Lendel \u00e4r en elegant figurn\u00e4ra brudkl\u00e4nning med off-shoulder design och h\u00f6g slits \u2013 perfekt f\u00f6r en modern och sofistikerad look.\" \/>\n<meta name=\"robots\" content=\"index, follow, max-snippet:-1, max-image-preview:large, max-video-preview:-1\" \/>\n<link rel=\"canonical\" href=\"https:\/\/promsandweddings.se\/dk\/vare\/jasper-eva-lendel\/\" \/>\n<meta property=\"og:locale\" content=\"da_DK\" \/>\n<meta property=\"og:type\" content=\"article\" \/>\n<meta property=\"og:title\" content=\"Jasper \u2013 Figurn\u00e4ra brudkl\u00e4nning med off-shoulder och slits | Eva Lendel\" \/>\n<meta property=\"og:description\" content=\"Jasper fr\u00e5n Eva Lendel \u00e4r en elegant figurn\u00e4ra brudkl\u00e4nning med off-shoulder design och h\u00f6g slits \u2013 perfekt f\u00f6r en modern och sofistikerad look.\" \/>\n<meta property=\"og:url\" content=\"https:\/\/promsandweddings.se\/dk\/vare\/jasper-eva-lendel\/\" \/>\n<meta property=\"og:site_name\" content=\"Proms and Weddings\" \/>\n<meta property=\"article:publisher\" content=\"https:\/\/www.facebook.com\/promsandweddings\" \/>\n<meta property=\"article:modified_time\" content=\"2026-04-17T09:56:52+00:00\" \/>\n<meta property=\"og:image\" content=\"https:\/\/promsandweddings.se\/wp-content\/uploads\/2026\/04\/eva-lendel-sirenity-wedding-dress-jasper-2.jpg.webp\" \/>\n\t<meta property=\"og:image:width\" content=\"1667\" \/>\n\t<meta property=\"og:image:height\" content=\"2499\" \/>\n\t<meta property=\"og:image:type\" content=\"image\/webp\" \/>\n<meta name=\"twitter:card\" content=\"summary_large_image\" \/>\n<meta name=\"twitter:site\" content=\"@PromsWeddings\" \/>\n<meta name=\"twitter:label1\" content=\"Estimeret l\u00e6setid\" \/>\n\t<meta name=\"twitter:data1\" content=\"1 minut\" \/>\n<script type=\"application\/ld+json\" class=\"yoast-schema-graph\">{\"@context\":\"https:\\\/\\\/schema.org\",\"@graph\":[{\"@type\":\"WebPage\",\"@id\":\"https:\\\/\\\/promsandweddings.se\\\/produkt\\\/jasper-eva-lendel\\\/\",\"url\":\"https:\\\/\\\/promsandweddings.se\\\/produkt\\\/jasper-eva-lendel\\\/\",\"name\":\"Jasper \u2013 Figurn\u00e4ra brudkl\u00e4nning med off-shoulder och slits | Eva Lendel\",\"isPartOf\":{\"@id\":\"https:\\\/\\\/promsandweddings.se\\\/#website\"},\"primaryImageOfPage\":{\"@id\":\"https:\\\/\\\/promsandweddings.se\\\/produkt\\\/jasper-eva-lendel\\\/#primaryimage\"},\"image\":{\"@id\":\"https:\\\/\\\/promsandweddings.se\\\/produkt\\\/jasper-eva-lendel\\\/#primaryimage\"},\"thumbnailUrl\":\"https:\\\/\\\/promsandweddings.se\\\/wp-content\\\/uploads\\\/2026\\\/04\\\/eva-lendel-sirenity-wedding-dress-jasper-2.jpg.webp\",\"datePublished\":\"2026-04-16T12:10:19+00:00\",\"dateModified\":\"2026-04-17T09:56:52+00:00\",\"description\":\"Jasper fr\u00e5n Eva Lendel \u00e4r en elegant figurn\u00e4ra brudkl\u00e4nning med off-shoulder design och h\u00f6g slits \u2013 perfekt f\u00f6r en modern och sofistikerad look.\",\"breadcrumb\":{\"@id\":\"https:\\\/\\\/promsandweddings.se\\\/produkt\\\/jasper-eva-lendel\\\/#breadcrumb\"},\"inLanguage\":\"da-DK\",\"potentialAction\":[{\"@type\":\"ReadAction\",\"target\":[\"https:\\\/\\\/promsandweddings.se\\\/produkt\\\/jasper-eva-lendel\\\/\"]}]},{\"@type\":\"ImageObject\",\"inLanguage\":\"da-DK\",\"@id\":\"https:\\\/\\\/promsandweddings.se\\\/produkt\\\/jasper-eva-lendel\\\/#primaryimage\",\"url\":\"https:\\\/\\\/promsandweddings.se\\\/wp-content\\\/uploads\\\/2026\\\/04\\\/eva-lendel-sirenity-wedding-dress-jasper-2.jpg.webp\",\"contentUrl\":\"https:\\\/\\\/promsandweddings.se\\\/wp-content\\\/uploads\\\/2026\\\/04\\\/eva-lendel-sirenity-wedding-dress-jasper-2.jpg.webp\",\"width\":1667,\"height\":2499},{\"@type\":\"BreadcrumbList\",\"@id\":\"https:\\\/\\\/promsandweddings.se\\\/produkt\\\/jasper-eva-lendel\\\/#breadcrumb\",\"itemListElement\":[{\"@type\":\"ListItem\",\"position\":1,\"name\":\"Home\",\"item\":\"https:\\\/\\\/promsandweddings.se\\\/\"},{\"@type\":\"ListItem\",\"position\":2,\"name\":\"Webshop\",\"item\":\"https:\\\/\\\/promsandweddings.se\\\/webshop\\\/\"},{\"@type\":\"ListItem\",\"position\":3,\"name\":\"Eva lendel br\u00f6llopskl\u00e4nning Jasper\"}]},{\"@type\":\"WebSite\",\"@id\":\"https:\\\/\\\/promsandweddings.se\\\/#website\",\"url\":\"https:\\\/\\\/promsandweddings.se\\\/\",\"name\":\"Proms and Weddings\",\"description\":\"Hitta din dr\u00f6mkl\u00e4nning\",\"publisher\":{\"@id\":\"https:\\\/\\\/promsandweddings.se\\\/#organization\"},\"alternateName\":\"Proms & Weddings\",\"potentialAction\":[{\"@type\":\"SearchAction\",\"target\":{\"@type\":\"EntryPoint\",\"urlTemplate\":\"https:\\\/\\\/promsandweddings.se\\\/?s={search_term_string}\"},\"query-input\":{\"@type\":\"PropertyValueSpecification\",\"valueRequired\":true,\"valueName\":\"search_term_string\"}}],\"inLanguage\":\"da-DK\"},{\"@type\":\"Organization\",\"@id\":\"https:\\\/\\\/promsandweddings.se\\\/#organization\",\"name\":\"Proms & Weddings\",\"url\":\"https:\\\/\\\/promsandweddings.se\\\/\",\"logo\":{\"@type\":\"ImageObject\",\"inLanguage\":\"da-DK\",\"@id\":\"https:\\\/\\\/promsandweddings.se\\\/#\\\/schema\\\/logo\\\/image\\\/\",\"url\":\"https:\\\/\\\/promsandweddings.se\\\/wp-content\\\/uploads\\\/2026\\\/03\\\/pwlogosv-2-2.webp\",\"contentUrl\":\"https:\\\/\\\/promsandweddings.se\\\/wp-content\\\/uploads\\\/2026\\\/03\\\/pwlogosv-2-2.webp\",\"width\":556,\"height\":152,\"caption\":\"Proms & Weddings\"},\"image\":{\"@id\":\"https:\\\/\\\/promsandweddings.se\\\/#\\\/schema\\\/logo\\\/image\\\/\"},\"sameAs\":[\"https:\\\/\\\/www.facebook.com\\\/promsandweddings\",\"https:\\\/\\\/x.com\\\/PromsWeddings\",\"https:\\\/\\\/www.instagram.com\\\/promsandweddings\\\/\",\"https:\\\/\\\/www.youtube.com\\\/@promsandweddings\\\/shorts\",\"https:\\\/\\\/www.tiktok.com\\\/@promsandweddings\",\"https:\\\/\\\/se.pinterest.com\\\/promsandwedding\"]}]}<\/script>\n<!-- \/ Yoast SEO plugin. -->","yoast_head_json":{"title":"Jasper \u2013 Figurn\u00e6r brudekjole med off-shoulder og slids | Eva Lendel","description":"Jasper fra Eva Lendel er en elegant figurn\u00e6r brudekjole med off-shoulder-design og h\u00f8j slids \u2013 perfekt til et modernt og sofistikeret look.","robots":{"index":"index","follow":"follow","max-snippet":"max-snippet:-1","max-image-preview":"max-image-preview:large","max-video-preview":"max-video-preview:-1"},"canonical":"https:\/\/promsandweddings.se\/dk\/vare\/jasper-eva-lendel\/","og_locale":"da_DK","og_type":"article","og_title":"Jasper \u2013 Figurn\u00e4ra brudkl\u00e4nning med off-shoulder och slits | Eva Lendel","og_description":"Jasper fr\u00e5n Eva Lendel \u00e4r en elegant figurn\u00e4ra brudkl\u00e4nning med off-shoulder design och h\u00f6g slits \u2013 perfekt f\u00f6r en modern och sofistikerad look.","og_url":"https:\/\/promsandweddings.se\/dk\/vare\/jasper-eva-lendel\/","og_site_name":"Proms and Weddings","article_publisher":"https:\/\/www.facebook.com\/promsandweddings","article_modified_time":"2026-04-17T09:56:52+00:00","og_image":[{"width":1667,"height":2499,"url":"https:\/\/promsandweddings.se\/wp-content\/uploads\/2026\/04\/eva-lendel-sirenity-wedding-dress-jasper-2.jpg.webp","type":"image\/webp"}],"twitter_card":"summary_large_image","twitter_site":"@PromsWeddings","twitter_misc":{"Estimeret l\u00e6setid":"1 minut"},"schema":{"@context":"https:\/\/schema.org","@graph":[{"@type":"WebPage","@id":"https:\/\/promsandweddings.se\/produkt\/jasper-eva-lendel\/","url":"https:\/\/promsandweddings.se\/produkt\/jasper-eva-lendel\/","name":"Jasper \u2013 Figurn\u00e6r brudekjole med off-shoulder og slids | Eva Lendel","isPartOf":{"@id":"https:\/\/promsandweddings.se\/#website"},"primaryImageOfPage":{"@id":"https:\/\/promsandweddings.se\/produkt\/jasper-eva-lendel\/#primaryimage"},"image":{"@id":"https:\/\/promsandweddings.se\/produkt\/jasper-eva-lendel\/#primaryimage"},"thumbnailUrl":"https:\/\/promsandweddings.se\/wp-content\/uploads\/2026\/04\/eva-lendel-sirenity-wedding-dress-jasper-2.jpg.webp","datePublished":"2026-04-16T12:10:19+00:00","dateModified":"2026-04-17T09:56:52+00:00","description":"Jasper fra Eva Lendel er en elegant figurn\u00e6r brudekjole med off-shoulder-design og h\u00f8j slids \u2013 perfekt til et modernt og sofistikeret look.","breadcrumb":{"@id":"https:\/\/promsandweddings.se\/produkt\/jasper-eva-lendel\/#breadcrumb"},"inLanguage":"da-DK","potentialAction":[{"@type":"ReadAction","target":["https:\/\/promsandweddings.se\/produkt\/jasper-eva-lendel\/"]}]},{"@type":"ImageObject","inLanguage":"da-DK","@id":"https:\/\/promsandweddings.se\/produkt\/jasper-eva-lendel\/#primaryimage","url":"https:\/\/promsandweddings.se\/wp-content\/uploads\/2026\/04\/eva-lendel-sirenity-wedding-dress-jasper-2.jpg.webp","contentUrl":"https:\/\/promsandweddings.se\/wp-content\/uploads\/2026\/04\/eva-lendel-sirenity-wedding-dress-jasper-2.jpg.webp","width":1667,"height":2499},{"@type":"BreadcrumbList","@id":"https:\/\/promsandweddings.se\/produkt\/jasper-eva-lendel\/#breadcrumb","itemListElement":[{"@type":"ListItem","position":1,"name":"Home","item":"https:\/\/promsandweddings.se\/"},{"@type":"ListItem","position":2,"name":"Webshop","item":"https:\/\/promsandweddings.se\/webshop\/"},{"@type":"ListItem","position":3,"name":"Eva lendel br\u00f6llopskl\u00e4nning Jasper"}]},{"@type":"WebSite","@id":"https:\/\/promsandweddings.se\/#website","url":"https:\/\/promsandweddings.se\/","name":"Proms and Weddings","description":"Find din dr\u00f8mmekjole","publisher":{"@id":"https:\/\/promsandweddings.se\/#organization"},"alternateName":"Proms & Weddings","potentialAction":[{"@type":"SearchAction","target":{"@type":"EntryPoint","urlTemplate":"https:\/\/promsandweddings.se\/?s={search_term_string}"},"query-input":{"@type":"PropertyValueSpecification","valueRequired":true,"valueName":"search_term_string"}}],"inLanguage":"da-DK"},{"@type":"Organization","@id":"https:\/\/promsandweddings.se\/#organization","name":"Proms &amp; Weddings","url":"https:\/\/promsandweddings.se\/","logo":{"@type":"ImageObject","inLanguage":"da-DK","@id":"https:\/\/promsandweddings.se\/#\/schema\/logo\/image\/","url":"https:\/\/promsandweddings.se\/wp-content\/uploads\/2026\/03\/pwlogosv-2-2.webp","contentUrl":"https:\/\/promsandweddings.se\/wp-content\/uploads\/2026\/03\/pwlogosv-2-2.webp","width":556,"height":152,"caption":"Proms & Weddings"},"image":{"@id":"https:\/\/promsandweddings.se\/#\/schema\/logo\/image\/"},"sameAs":["https:\/\/www.facebook.com\/promsandweddings","https:\/\/x.com\/PromsWeddings","https:\/\/www.instagram.com\/promsandweddings\/","https:\/\/www.youtube.com\/@promsandweddings\/shorts","https:\/\/www.tiktok.com\/@promsandweddings","https:\/\/se.pinterest.com\/promsandwedding"]}]}},"jetpack_sharing_enabled":true,"brands":[],"_links":{"self":[{"href":"https:\/\/promsandweddings.se\/dk\/wp-json\/wp\/v2\/product\/30442","targetHints":{"allow":["GET"]}}],"collection":[{"href":"https:\/\/promsandweddings.se\/dk\/wp-json\/wp\/v2\/product"}],"about":[{"href":"https:\/\/promsandweddings.se\/dk\/wp-json\/wp\/v2\/types\/product"}],"wp:featuredmedia":[{"embeddable":true,"href":"https:\/\/promsandweddings.se\/dk\/wp-json\/wp\/v2\/media\/30445"}],"wp:attachment":[{"href":"https:\/\/promsandweddings.se\/dk\/wp-json\/wp\/v2\/media?parent=30442"}],"wp:term":[{"taxonomy":"pwb-brand","embeddable":true,"href":"https:\/\/promsandweddings.se\/dk\/wp-json\/wp\/v2\/pwb-brand?post=30442"},{"taxonomy":"product_brand","embeddable":true,"href":"https:\/\/promsandweddings.se\/dk\/wp-json\/wp\/v2\/product_brand?post=30442"},{"taxonomy":"product_cat","embeddable":true,"href":"https:\/\/promsandweddings.se\/dk\/wp-json\/wp\/v2\/product_cat?post=30442"},{"taxonomy":"product_tag","embeddable":true,"href":"https:\/\/promsandweddings.se\/dk\/wp-json\/wp\/v2\/product_tag?post=30442"}],"curies":[{"name":"wp","href":"https:\/\/api.w.org\/{rel}","templated":true}]}}