{"id":31074,"date":"2026-04-23T11:49:02","date_gmt":"2026-04-23T09:49:02","guid":{"rendered":"https:\/\/promsandweddings.se\/?post_type=product&#038;p=31074"},"modified":"2026-04-23T13:16:30","modified_gmt":"2026-04-23T11:16:30","slug":"mott-pronovias","status":"publish","type":"product","link":"https:\/\/promsandweddings.se\/dk\/produkt\/mott-pronovias\/","title":{"rendered":"Pronovias Mott bryllupshjole"},"content":{"rendered":"<p data-start=\"151\" data-end=\"364\">Mott fra Pronovias er en romantisk bryllupskjole med et unikt og alsidigt design. Den kombinerer en figurn\u00e6r silhuet med en dramatisk overkjole i blonder. Perfekt til bruden, der \u00f8nsker at variere sit look gennem dagen.<\/p>\n<p data-start=\"366\" data-end=\"589\">Kjolen har fint arbejdet blonder, der d\u00e6kker hele designet. Det skaber et eksklusivt og detaljeret udtryk. Toppen har en feminin, firkantet halsudsk\u00e6ring med brede stropper. Disse giver b\u00e5de st\u00f8tte og en moderne f\u00f8lelse.<\/p>\n<p data-start=\"591\" data-end=\"739\">Den figurn\u00e6re underkjole f\u00f8lger kroppens former og fremh\u00e6ver silhuetten p\u00e5 en smigrende m\u00e5de. Den sidder elegant og giver et selvsikkert look.<\/p>\n<p data-start=\"741\" data-end=\"918\">Det, der virkelig l\u00f8fter Mott, er den aftagelige overkjole. Den falder blidt fra taljeb\u00e5ndet og skaber en dramatisk A-linje. Under ceremonien giver det en klassisk og eventyrlig fornemmelse.<\/p>\n<p data-start=\"920\" data-end=\"1033\">N\u00e5r du tager overkjolen af, f\u00e5r du et mere moderne og stilrent look. Perfekt til festen og dansen senere p\u00e5 aftenen.<\/p>\n<p data-start=\"1035\" data-end=\"1212\">Blondedetaljerne skaber dybde og struktur i hele kjolen. Det let stof giver en luftig fornemmelse. Det lange sl\u00e6b forst\u00e6rker den romantiske helhed og giver en elegant afslutning.<\/p>","protected":false},"excerpt":{"rendered":"<div class=\"product attribute overview\">\n<div class=\"product attribute overview\">\n<p class=\"value\">\n<\/div>\n<h2 class=\"value\"><\/h2>\n<\/div>\n<p>&nbsp;<\/p>","protected":false},"featured_media":31085,"template":"","meta":[],"pwb-brand":[],"product_brand":[526],"product_cat":[23,17],"product_tag":[167,25,22],"class_list":{"0":"post-31074","1":"product","2":"type-product","3":"status-publish","4":"has-post-thumbnail","6":"product_brand-pronovias","7":"product_cat-pronovias","8":"product_cat-brudklanningar","9":"product_tag-brollop","10":"product_tag-brollopsklanning","11":"product_tag-brudklanning","13":"first","14":"instock","15":"shipping-taxable","16":"product-type-simple"},"yoast_head":"<!-- This site is optimized with the Yoast SEO plugin v27.4 - https:\/\/yoast.com\/product\/yoast-seo-wordpress\/ -->\n<title>Mott \u2013 Spetsbrudkl\u00e4nning med overskirt | Pronovias<\/title>\n<meta name=\"description\" content=\"Mott fr\u00e5n Pronovias \u00e4r en romantisk spetsbrudkl\u00e4nning med avtagbar overskirt \u2013 perfekt f\u00f6r en elegant look med tv\u00e5 stilar i en.\" \/>\n<meta name=\"robots\" content=\"index, follow, max-snippet:-1, max-image-preview:large, max-video-preview:-1\" \/>\n<link rel=\"canonical\" href=\"https:\/\/promsandweddings.se\/dk\/vare\/mott-pronovias\/\" \/>\n<meta property=\"og:locale\" content=\"da_DK\" \/>\n<meta property=\"og:type\" content=\"article\" \/>\n<meta property=\"og:title\" content=\"Mott \u2013 Spetsbrudkl\u00e4nning med overskirt | Pronovias\" \/>\n<meta property=\"og:description\" content=\"Mott fr\u00e5n Pronovias \u00e4r en romantisk spetsbrudkl\u00e4nning med avtagbar overskirt \u2013 perfekt f\u00f6r en elegant look med tv\u00e5 stilar i en.\" \/>\n<meta property=\"og:url\" content=\"https:\/\/promsandweddings.se\/dk\/vare\/mott-pronovias\/\" \/>\n<meta property=\"og:site_name\" content=\"Proms and Weddings\" \/>\n<meta property=\"article:publisher\" content=\"https:\/\/www.facebook.com\/promsandweddings\" \/>\n<meta property=\"article:modified_time\" content=\"2026-04-23T11:16:30+00:00\" \/>\n<meta property=\"og:image\" content=\"https:\/\/promsandweddings.se\/wp-content\/uploads\/2026\/04\/mott-b-2ba50044.jpg\" \/>\n\t<meta property=\"og:image:width\" content=\"1691\" \/>\n\t<meta property=\"og:image:height\" content=\"2255\" \/>\n\t<meta property=\"og:image:type\" content=\"image\/jpeg\" \/>\n<meta name=\"twitter:card\" content=\"summary_large_image\" \/>\n<meta name=\"twitter:site\" content=\"@PromsWeddings\" \/>\n<meta name=\"twitter:label1\" content=\"Estimeret l\u00e6setid\" \/>\n\t<meta name=\"twitter:data1\" content=\"1 minut\" \/>\n<script type=\"application\/ld+json\" class=\"yoast-schema-graph\">{\"@context\":\"https:\\\/\\\/schema.org\",\"@graph\":[{\"@type\":\"WebPage\",\"@id\":\"https:\\\/\\\/promsandweddings.se\\\/produkt\\\/mott-pronovias\\\/\",\"url\":\"https:\\\/\\\/promsandweddings.se\\\/produkt\\\/mott-pronovias\\\/\",\"name\":\"Mott \u2013 Spetsbrudkl\u00e4nning med overskirt | Pronovias\",\"isPartOf\":{\"@id\":\"https:\\\/\\\/promsandweddings.se\\\/#website\"},\"primaryImageOfPage\":{\"@id\":\"https:\\\/\\\/promsandweddings.se\\\/produkt\\\/mott-pronovias\\\/#primaryimage\"},\"image\":{\"@id\":\"https:\\\/\\\/promsandweddings.se\\\/produkt\\\/mott-pronovias\\\/#primaryimage\"},\"thumbnailUrl\":\"https:\\\/\\\/promsandweddings.se\\\/wp-content\\\/uploads\\\/2026\\\/04\\\/mott-b-2ba50044.jpg\",\"datePublished\":\"2026-04-23T09:49:02+00:00\",\"dateModified\":\"2026-04-23T11:16:30+00:00\",\"description\":\"Mott fr\u00e5n Pronovias \u00e4r en romantisk spetsbrudkl\u00e4nning med avtagbar overskirt \u2013 perfekt f\u00f6r en elegant look med tv\u00e5 stilar i en.\",\"breadcrumb\":{\"@id\":\"https:\\\/\\\/promsandweddings.se\\\/produkt\\\/mott-pronovias\\\/#breadcrumb\"},\"inLanguage\":\"da-DK\",\"potentialAction\":[{\"@type\":\"ReadAction\",\"target\":[\"https:\\\/\\\/promsandweddings.se\\\/produkt\\\/mott-pronovias\\\/\"]}]},{\"@type\":\"ImageObject\",\"inLanguage\":\"da-DK\",\"@id\":\"https:\\\/\\\/promsandweddings.se\\\/produkt\\\/mott-pronovias\\\/#primaryimage\",\"url\":\"https:\\\/\\\/promsandweddings.se\\\/wp-content\\\/uploads\\\/2026\\\/04\\\/mott-b-2ba50044.jpg\",\"contentUrl\":\"https:\\\/\\\/promsandweddings.se\\\/wp-content\\\/uploads\\\/2026\\\/04\\\/mott-b-2ba50044.jpg\",\"width\":1691,\"height\":2255,\"caption\":\"Brudkl\u00e4nning Mott fr\u00e5n Pronovias\"},{\"@type\":\"BreadcrumbList\",\"@id\":\"https:\\\/\\\/promsandweddings.se\\\/produkt\\\/mott-pronovias\\\/#breadcrumb\",\"itemListElement\":[{\"@type\":\"ListItem\",\"position\":1,\"name\":\"Home\",\"item\":\"https:\\\/\\\/promsandweddings.se\\\/\"},{\"@type\":\"ListItem\",\"position\":2,\"name\":\"Webshop\",\"item\":\"https:\\\/\\\/promsandweddings.se\\\/webshop\\\/\"},{\"@type\":\"ListItem\",\"position\":3,\"name\":\"Pronovias Mott br\u00f6llopskl\u00e4nning\"}]},{\"@type\":\"WebSite\",\"@id\":\"https:\\\/\\\/promsandweddings.se\\\/#website\",\"url\":\"https:\\\/\\\/promsandweddings.se\\\/\",\"name\":\"Proms and Weddings\",\"description\":\"Hitta din dr\u00f6mkl\u00e4nning\",\"publisher\":{\"@id\":\"https:\\\/\\\/promsandweddings.se\\\/#organization\"},\"alternateName\":\"Proms & Weddings\",\"potentialAction\":[{\"@type\":\"SearchAction\",\"target\":{\"@type\":\"EntryPoint\",\"urlTemplate\":\"https:\\\/\\\/promsandweddings.se\\\/?s={search_term_string}\"},\"query-input\":{\"@type\":\"PropertyValueSpecification\",\"valueRequired\":true,\"valueName\":\"search_term_string\"}}],\"inLanguage\":\"da-DK\"},{\"@type\":\"Organization\",\"@id\":\"https:\\\/\\\/promsandweddings.se\\\/#organization\",\"name\":\"Proms & Weddings\",\"url\":\"https:\\\/\\\/promsandweddings.se\\\/\",\"logo\":{\"@type\":\"ImageObject\",\"inLanguage\":\"da-DK\",\"@id\":\"https:\\\/\\\/promsandweddings.se\\\/#\\\/schema\\\/logo\\\/image\\\/\",\"url\":\"https:\\\/\\\/promsandweddings.se\\\/wp-content\\\/uploads\\\/2026\\\/03\\\/pwlogosv-2-2.webp\",\"contentUrl\":\"https:\\\/\\\/promsandweddings.se\\\/wp-content\\\/uploads\\\/2026\\\/03\\\/pwlogosv-2-2.webp\",\"width\":556,\"height\":152,\"caption\":\"Proms & Weddings\"},\"image\":{\"@id\":\"https:\\\/\\\/promsandweddings.se\\\/#\\\/schema\\\/logo\\\/image\\\/\"},\"sameAs\":[\"https:\\\/\\\/www.facebook.com\\\/promsandweddings\",\"https:\\\/\\\/x.com\\\/PromsWeddings\",\"https:\\\/\\\/www.instagram.com\\\/promsandweddings\\\/\",\"https:\\\/\\\/www.youtube.com\\\/@promsandweddings\\\/shorts\",\"https:\\\/\\\/www.tiktok.com\\\/@promsandweddings\",\"https:\\\/\\\/se.pinterest.com\\\/promsandwedding\"]}]}<\/script>\n<!-- \/ Yoast SEO plugin. -->","yoast_head_json":{"title":"Mott \u2013 Blondebryllupskjole med overkjole | Pronovias","description":"Mott fra Pronovias er en romantisk blondebryllupskjole med aftagelig overkjole \u2013 perfekt til et elegant look med to stilarter i en.","robots":{"index":"index","follow":"follow","max-snippet":"max-snippet:-1","max-image-preview":"max-image-preview:large","max-video-preview":"max-video-preview:-1"},"canonical":"https:\/\/promsandweddings.se\/dk\/vare\/mott-pronovias\/","og_locale":"da_DK","og_type":"article","og_title":"Mott \u2013 Spetsbrudkl\u00e4nning med overskirt | Pronovias","og_description":"Mott fr\u00e5n Pronovias \u00e4r en romantisk spetsbrudkl\u00e4nning med avtagbar overskirt \u2013 perfekt f\u00f6r en elegant look med tv\u00e5 stilar i en.","og_url":"https:\/\/promsandweddings.se\/dk\/vare\/mott-pronovias\/","og_site_name":"Proms and Weddings","article_publisher":"https:\/\/www.facebook.com\/promsandweddings","article_modified_time":"2026-04-23T11:16:30+00:00","og_image":[{"width":1691,"height":2255,"url":"https:\/\/promsandweddings.se\/wp-content\/uploads\/2026\/04\/mott-b-2ba50044.jpg","type":"image\/jpeg"}],"twitter_card":"summary_large_image","twitter_site":"@PromsWeddings","twitter_misc":{"Estimeret l\u00e6setid":"1 minut"},"schema":{"@context":"https:\/\/schema.org","@graph":[{"@type":"WebPage","@id":"https:\/\/promsandweddings.se\/produkt\/mott-pronovias\/","url":"https:\/\/promsandweddings.se\/produkt\/mott-pronovias\/","name":"Mott \u2013 Blondebryllupskjole med overkjole | Pronovias","isPartOf":{"@id":"https:\/\/promsandweddings.se\/#website"},"primaryImageOfPage":{"@id":"https:\/\/promsandweddings.se\/produkt\/mott-pronovias\/#primaryimage"},"image":{"@id":"https:\/\/promsandweddings.se\/produkt\/mott-pronovias\/#primaryimage"},"thumbnailUrl":"https:\/\/promsandweddings.se\/wp-content\/uploads\/2026\/04\/mott-b-2ba50044.jpg","datePublished":"2026-04-23T09:49:02+00:00","dateModified":"2026-04-23T11:16:30+00:00","description":"Mott fra Pronovias er en romantisk blondebryllupskjole med aftagelig overkjole \u2013 perfekt til et elegant look med to stilarter i en.","breadcrumb":{"@id":"https:\/\/promsandweddings.se\/produkt\/mott-pronovias\/#breadcrumb"},"inLanguage":"da-DK","potentialAction":[{"@type":"ReadAction","target":["https:\/\/promsandweddings.se\/produkt\/mott-pronovias\/"]}]},{"@type":"ImageObject","inLanguage":"da-DK","@id":"https:\/\/promsandweddings.se\/produkt\/mott-pronovias\/#primaryimage","url":"https:\/\/promsandweddings.se\/wp-content\/uploads\/2026\/04\/mott-b-2ba50044.jpg","contentUrl":"https:\/\/promsandweddings.se\/wp-content\/uploads\/2026\/04\/mott-b-2ba50044.jpg","width":1691,"height":2255,"caption":"Brudkl\u00e4nning Mott fr\u00e5n Pronovias"},{"@type":"BreadcrumbList","@id":"https:\/\/promsandweddings.se\/produkt\/mott-pronovias\/#breadcrumb","itemListElement":[{"@type":"ListItem","position":1,"name":"Home","item":"https:\/\/promsandweddings.se\/"},{"@type":"ListItem","position":2,"name":"Webshop","item":"https:\/\/promsandweddings.se\/webshop\/"},{"@type":"ListItem","position":3,"name":"Pronovias Mott br\u00f6llopskl\u00e4nning"}]},{"@type":"WebSite","@id":"https:\/\/promsandweddings.se\/#website","url":"https:\/\/promsandweddings.se\/","name":"Proms and Weddings","description":"Find din dr\u00f8mmekjole","publisher":{"@id":"https:\/\/promsandweddings.se\/#organization"},"alternateName":"Proms & Weddings","potentialAction":[{"@type":"SearchAction","target":{"@type":"EntryPoint","urlTemplate":"https:\/\/promsandweddings.se\/?s={search_term_string}"},"query-input":{"@type":"PropertyValueSpecification","valueRequired":true,"valueName":"search_term_string"}}],"inLanguage":"da-DK"},{"@type":"Organization","@id":"https:\/\/promsandweddings.se\/#organization","name":"Proms &amp; Weddings","url":"https:\/\/promsandweddings.se\/","logo":{"@type":"ImageObject","inLanguage":"da-DK","@id":"https:\/\/promsandweddings.se\/#\/schema\/logo\/image\/","url":"https:\/\/promsandweddings.se\/wp-content\/uploads\/2026\/03\/pwlogosv-2-2.webp","contentUrl":"https:\/\/promsandweddings.se\/wp-content\/uploads\/2026\/03\/pwlogosv-2-2.webp","width":556,"height":152,"caption":"Proms & Weddings"},"image":{"@id":"https:\/\/promsandweddings.se\/#\/schema\/logo\/image\/"},"sameAs":["https:\/\/www.facebook.com\/promsandweddings","https:\/\/x.com\/PromsWeddings","https:\/\/www.instagram.com\/promsandweddings\/","https:\/\/www.youtube.com\/@promsandweddings\/shorts","https:\/\/www.tiktok.com\/@promsandweddings","https:\/\/se.pinterest.com\/promsandwedding"]}]}},"jetpack_sharing_enabled":true,"brands":[],"_links":{"self":[{"href":"https:\/\/promsandweddings.se\/dk\/wp-json\/wp\/v2\/product\/31074","targetHints":{"allow":["GET"]}}],"collection":[{"href":"https:\/\/promsandweddings.se\/dk\/wp-json\/wp\/v2\/product"}],"about":[{"href":"https:\/\/promsandweddings.se\/dk\/wp-json\/wp\/v2\/types\/product"}],"wp:featuredmedia":[{"embeddable":true,"href":"https:\/\/promsandweddings.se\/dk\/wp-json\/wp\/v2\/media\/31085"}],"wp:attachment":[{"href":"https:\/\/promsandweddings.se\/dk\/wp-json\/wp\/v2\/media?parent=31074"}],"wp:term":[{"taxonomy":"pwb-brand","embeddable":true,"href":"https:\/\/promsandweddings.se\/dk\/wp-json\/wp\/v2\/pwb-brand?post=31074"},{"taxonomy":"product_brand","embeddable":true,"href":"https:\/\/promsandweddings.se\/dk\/wp-json\/wp\/v2\/product_brand?post=31074"},{"taxonomy":"product_cat","embeddable":true,"href":"https:\/\/promsandweddings.se\/dk\/wp-json\/wp\/v2\/product_cat?post=31074"},{"taxonomy":"product_tag","embeddable":true,"href":"https:\/\/promsandweddings.se\/dk\/wp-json\/wp\/v2\/product_tag?post=31074"}],"curies":[{"name":"wp","href":"https:\/\/api.w.org\/{rel}","templated":true}]}}