{"id":31374,"date":"2026-05-01T13:23:10","date_gmt":"2026-05-01T11:23:10","guid":{"rendered":"https:\/\/promsandweddings.se\/?post_type=product&#038;p=31374"},"modified":"2026-05-01T13:30:57","modified_gmt":"2026-05-01T11:30:57","slug":"jesy-pronovias","status":"publish","type":"product","link":"https:\/\/promsandweddings.se\/dk\/produkt\/jesy-pronovias\/","title":{"rendered":"Pronovias Jesy br\u00f6llopskl\u00e4nning"},"content":{"rendered":"<p data-start=\"133\" data-end=\"226\">Jesy fr\u00e5n\u00a0<span class=\"hover:entity-accent entity-underline inline cursor-pointer align-baseline\"><span class=\"whitespace-normal\">Pronovias<\/span><\/span>\u00a0kombinerar modern k\u00e4nsla med romantisk spets.<\/p>\n<p data-start=\"228\" data-end=\"435\">Den djupa V-ringningen formar en feminin silhuett och ger ett sofistikerat uttryck. Spetsapplikationerna framh\u00e4ver byst och midja p\u00e5 ett smickrande s\u00e4tt. De tunna axelbanden ger ett l\u00e4tt och luftigt intryck.<\/p>\n<p data-start=\"437\" data-end=\"618\">Den figurn\u00e4ra designen f\u00f6ljer kroppens former och skapar en elegant linje. Nederdelen sv\u00e4nger ut mjukt och ger balans till silhuetten. Det l\u00e4tta sl\u00e4pet r\u00f6r sig vackert i varje steg.<\/p>\n<p data-start=\"620\" data-end=\"737\">Jesy passar bruden som vill ha en modern och sj\u00e4lvs\u00e4ker look. Den kombinerar romantik med en subtil touch av glamour.<\/p>","protected":false},"excerpt":{"rendered":"<div class=\"product attribute overview\">\n<div class=\"product attribute overview\">\n<p class=\"value\">\n<\/div>\n<h2 class=\"value\"><\/h2>\n<\/div>\n<p>&nbsp;<\/p>","protected":false},"featured_media":31376,"template":"","meta":[],"pwb-brand":[],"product_brand":[526],"product_cat":[23,17],"product_tag":[167,25,22],"class_list":{"0":"post-31374","1":"product","2":"type-product","3":"status-publish","4":"has-post-thumbnail","6":"product_brand-pronovias","7":"product_cat-pronovias","8":"product_cat-brudklanningar","9":"product_tag-brollop","10":"product_tag-brollopsklanning","11":"product_tag-brudklanning","13":"first","14":"instock","15":"shipping-taxable","16":"product-type-simple"},"yoast_head":"<!-- This site is optimized with the Yoast SEO plugin v27.4 - https:\/\/yoast.com\/product\/yoast-seo-wordpress\/ -->\n<title>Jesy \u2013 Figurn\u00e4ra spetskl\u00e4nning med djup urringning | Pronovias<\/title>\n<meta name=\"description\" content=\"Jesy fr\u00e5n Pronovias \u00e4r en sensuell spetskl\u00e4nning med djup urringning och figurn\u00e4ra silhuett.\" \/>\n<meta name=\"robots\" content=\"index, follow, max-snippet:-1, max-image-preview:large, max-video-preview:-1\" \/>\n<link rel=\"canonical\" href=\"https:\/\/promsandweddings.se\/dk\/vare\/jesy-pronovias\/\" \/>\n<meta property=\"og:locale\" content=\"da_DK\" \/>\n<meta property=\"og:type\" content=\"article\" \/>\n<meta property=\"og:title\" content=\"Jesy \u2013 Figurn\u00e4ra spetskl\u00e4nning med djup urringning | Pronovias\" \/>\n<meta property=\"og:description\" content=\"Jesy fr\u00e5n Pronovias \u00e4r en sensuell spetskl\u00e4nning med djup urringning och figurn\u00e4ra silhuett.\" \/>\n<meta property=\"og:url\" content=\"https:\/\/promsandweddings.se\/dk\/vare\/jesy-pronovias\/\" \/>\n<meta property=\"og:site_name\" content=\"Proms and Weddings\" \/>\n<meta property=\"article:publisher\" content=\"https:\/\/www.facebook.com\/promsandweddings\" \/>\n<meta property=\"article:modified_time\" content=\"2026-05-01T11:30:57+00:00\" \/>\n<meta property=\"og:image\" content=\"https:\/\/promsandweddings.se\/wp-content\/uploads\/2026\/05\/jesy-f-78aac612.jpg\" \/>\n\t<meta property=\"og:image:width\" content=\"1691\" \/>\n\t<meta property=\"og:image:height\" content=\"2255\" \/>\n\t<meta property=\"og:image:type\" content=\"image\/jpeg\" \/>\n<meta name=\"twitter:card\" content=\"summary_large_image\" \/>\n<meta name=\"twitter:site\" content=\"@PromsWeddings\" \/>\n<meta name=\"twitter:label1\" content=\"Estimeret l\u00e6setid\" \/>\n\t<meta name=\"twitter:data1\" content=\"1 minut\" \/>\n<script type=\"application\/ld+json\" class=\"yoast-schema-graph\">{\"@context\":\"https:\\\/\\\/schema.org\",\"@graph\":[{\"@type\":\"WebPage\",\"@id\":\"https:\\\/\\\/promsandweddings.se\\\/produkt\\\/jesy-pronovias\\\/\",\"url\":\"https:\\\/\\\/promsandweddings.se\\\/produkt\\\/jesy-pronovias\\\/\",\"name\":\"Jesy \u2013 Figurn\u00e4ra spetskl\u00e4nning med djup urringning | Pronovias\",\"isPartOf\":{\"@id\":\"https:\\\/\\\/promsandweddings.se\\\/#website\"},\"primaryImageOfPage\":{\"@id\":\"https:\\\/\\\/promsandweddings.se\\\/produkt\\\/jesy-pronovias\\\/#primaryimage\"},\"image\":{\"@id\":\"https:\\\/\\\/promsandweddings.se\\\/produkt\\\/jesy-pronovias\\\/#primaryimage\"},\"thumbnailUrl\":\"https:\\\/\\\/promsandweddings.se\\\/wp-content\\\/uploads\\\/2026\\\/05\\\/jesy-f-78aac612.jpg\",\"datePublished\":\"2026-05-01T11:23:10+00:00\",\"dateModified\":\"2026-05-01T11:30:57+00:00\",\"description\":\"Jesy fr\u00e5n Pronovias \u00e4r en sensuell spetskl\u00e4nning med djup urringning och figurn\u00e4ra silhuett.\",\"breadcrumb\":{\"@id\":\"https:\\\/\\\/promsandweddings.se\\\/produkt\\\/jesy-pronovias\\\/#breadcrumb\"},\"inLanguage\":\"da-DK\",\"potentialAction\":[{\"@type\":\"ReadAction\",\"target\":[\"https:\\\/\\\/promsandweddings.se\\\/produkt\\\/jesy-pronovias\\\/\"]}]},{\"@type\":\"ImageObject\",\"inLanguage\":\"da-DK\",\"@id\":\"https:\\\/\\\/promsandweddings.se\\\/produkt\\\/jesy-pronovias\\\/#primaryimage\",\"url\":\"https:\\\/\\\/promsandweddings.se\\\/wp-content\\\/uploads\\\/2026\\\/05\\\/jesy-f-78aac612.jpg\",\"contentUrl\":\"https:\\\/\\\/promsandweddings.se\\\/wp-content\\\/uploads\\\/2026\\\/05\\\/jesy-f-78aac612.jpg\",\"width\":1691,\"height\":2255,\"caption\":\"Brudkl\u00e4nning Jesy fr\u00e5n Pronovias\"},{\"@type\":\"BreadcrumbList\",\"@id\":\"https:\\\/\\\/promsandweddings.se\\\/produkt\\\/jesy-pronovias\\\/#breadcrumb\",\"itemListElement\":[{\"@type\":\"ListItem\",\"position\":1,\"name\":\"Home\",\"item\":\"https:\\\/\\\/promsandweddings.se\\\/\"},{\"@type\":\"ListItem\",\"position\":2,\"name\":\"Webshop\",\"item\":\"https:\\\/\\\/promsandweddings.se\\\/webshop\\\/\"},{\"@type\":\"ListItem\",\"position\":3,\"name\":\"Pronovias Jesy br\u00f6llopskl\u00e4nning\"}]},{\"@type\":\"WebSite\",\"@id\":\"https:\\\/\\\/promsandweddings.se\\\/#website\",\"url\":\"https:\\\/\\\/promsandweddings.se\\\/\",\"name\":\"Proms and Weddings\",\"description\":\"Hitta din dr\u00f6mkl\u00e4nning\",\"publisher\":{\"@id\":\"https:\\\/\\\/promsandweddings.se\\\/#organization\"},\"alternateName\":\"Proms & Weddings\",\"potentialAction\":[{\"@type\":\"SearchAction\",\"target\":{\"@type\":\"EntryPoint\",\"urlTemplate\":\"https:\\\/\\\/promsandweddings.se\\\/?s={search_term_string}\"},\"query-input\":{\"@type\":\"PropertyValueSpecification\",\"valueRequired\":true,\"valueName\":\"search_term_string\"}}],\"inLanguage\":\"da-DK\"},{\"@type\":\"Organization\",\"@id\":\"https:\\\/\\\/promsandweddings.se\\\/#organization\",\"name\":\"Proms & Weddings\",\"url\":\"https:\\\/\\\/promsandweddings.se\\\/\",\"logo\":{\"@type\":\"ImageObject\",\"inLanguage\":\"da-DK\",\"@id\":\"https:\\\/\\\/promsandweddings.se\\\/#\\\/schema\\\/logo\\\/image\\\/\",\"url\":\"https:\\\/\\\/promsandweddings.se\\\/wp-content\\\/uploads\\\/2026\\\/03\\\/pwlogosv-2-2.webp\",\"contentUrl\":\"https:\\\/\\\/promsandweddings.se\\\/wp-content\\\/uploads\\\/2026\\\/03\\\/pwlogosv-2-2.webp\",\"width\":556,\"height\":152,\"caption\":\"Proms & Weddings\"},\"image\":{\"@id\":\"https:\\\/\\\/promsandweddings.se\\\/#\\\/schema\\\/logo\\\/image\\\/\"},\"sameAs\":[\"https:\\\/\\\/www.facebook.com\\\/promsandweddings\",\"https:\\\/\\\/x.com\\\/PromsWeddings\",\"https:\\\/\\\/www.instagram.com\\\/promsandweddings\\\/\",\"https:\\\/\\\/www.youtube.com\\\/@promsandweddings\\\/shorts\",\"https:\\\/\\\/www.tiktok.com\\\/@promsandweddings\",\"https:\\\/\\\/se.pinterest.com\\\/promsandwedding\"]}]}<\/script>\n<!-- \/ Yoast SEO plugin. -->","yoast_head_json":{"title":"Jesy \u2013 Figurn\u00e4ra spetskl\u00e4nning med djup urringning | Pronovias","description":"Jesy fr\u00e5n Pronovias \u00e4r en sensuell spetskl\u00e4nning med djup urringning och figurn\u00e4ra silhuett.","robots":{"index":"index","follow":"follow","max-snippet":"max-snippet:-1","max-image-preview":"max-image-preview:large","max-video-preview":"max-video-preview:-1"},"canonical":"https:\/\/promsandweddings.se\/dk\/vare\/jesy-pronovias\/","og_locale":"da_DK","og_type":"article","og_title":"Jesy \u2013 Figurn\u00e4ra spetskl\u00e4nning med djup urringning | Pronovias","og_description":"Jesy fr\u00e5n Pronovias \u00e4r en sensuell spetskl\u00e4nning med djup urringning och figurn\u00e4ra silhuett.","og_url":"https:\/\/promsandweddings.se\/dk\/vare\/jesy-pronovias\/","og_site_name":"Proms and Weddings","article_publisher":"https:\/\/www.facebook.com\/promsandweddings","article_modified_time":"2026-05-01T11:30:57+00:00","og_image":[{"width":1691,"height":2255,"url":"https:\/\/promsandweddings.se\/wp-content\/uploads\/2026\/05\/jesy-f-78aac612.jpg","type":"image\/jpeg"}],"twitter_card":"summary_large_image","twitter_site":"@PromsWeddings","twitter_misc":{"Estimeret l\u00e6setid":"1 minut"},"schema":{"@context":"https:\/\/schema.org","@graph":[{"@type":"WebPage","@id":"https:\/\/promsandweddings.se\/produkt\/jesy-pronovias\/","url":"https:\/\/promsandweddings.se\/produkt\/jesy-pronovias\/","name":"Jesy \u2013 Figurn\u00e4ra spetskl\u00e4nning med djup urringning | Pronovias","isPartOf":{"@id":"https:\/\/promsandweddings.se\/#website"},"primaryImageOfPage":{"@id":"https:\/\/promsandweddings.se\/produkt\/jesy-pronovias\/#primaryimage"},"image":{"@id":"https:\/\/promsandweddings.se\/produkt\/jesy-pronovias\/#primaryimage"},"thumbnailUrl":"https:\/\/promsandweddings.se\/wp-content\/uploads\/2026\/05\/jesy-f-78aac612.jpg","datePublished":"2026-05-01T11:23:10+00:00","dateModified":"2026-05-01T11:30:57+00:00","description":"Jesy fr\u00e5n Pronovias \u00e4r en sensuell spetskl\u00e4nning med djup urringning och figurn\u00e4ra silhuett.","breadcrumb":{"@id":"https:\/\/promsandweddings.se\/produkt\/jesy-pronovias\/#breadcrumb"},"inLanguage":"da-DK","potentialAction":[{"@type":"ReadAction","target":["https:\/\/promsandweddings.se\/produkt\/jesy-pronovias\/"]}]},{"@type":"ImageObject","inLanguage":"da-DK","@id":"https:\/\/promsandweddings.se\/produkt\/jesy-pronovias\/#primaryimage","url":"https:\/\/promsandweddings.se\/wp-content\/uploads\/2026\/05\/jesy-f-78aac612.jpg","contentUrl":"https:\/\/promsandweddings.se\/wp-content\/uploads\/2026\/05\/jesy-f-78aac612.jpg","width":1691,"height":2255,"caption":"Brudkl\u00e4nning Jesy fr\u00e5n Pronovias"},{"@type":"BreadcrumbList","@id":"https:\/\/promsandweddings.se\/produkt\/jesy-pronovias\/#breadcrumb","itemListElement":[{"@type":"ListItem","position":1,"name":"Home","item":"https:\/\/promsandweddings.se\/"},{"@type":"ListItem","position":2,"name":"Webshop","item":"https:\/\/promsandweddings.se\/webshop\/"},{"@type":"ListItem","position":3,"name":"Pronovias Jesy br\u00f6llopskl\u00e4nning"}]},{"@type":"WebSite","@id":"https:\/\/promsandweddings.se\/#website","url":"https:\/\/promsandweddings.se\/","name":"Proms and Weddings","description":"Find din dr\u00f8mmekjole","publisher":{"@id":"https:\/\/promsandweddings.se\/#organization"},"alternateName":"Proms & Weddings","potentialAction":[{"@type":"SearchAction","target":{"@type":"EntryPoint","urlTemplate":"https:\/\/promsandweddings.se\/?s={search_term_string}"},"query-input":{"@type":"PropertyValueSpecification","valueRequired":true,"valueName":"search_term_string"}}],"inLanguage":"da-DK"},{"@type":"Organization","@id":"https:\/\/promsandweddings.se\/#organization","name":"Proms &amp; Weddings","url":"https:\/\/promsandweddings.se\/","logo":{"@type":"ImageObject","inLanguage":"da-DK","@id":"https:\/\/promsandweddings.se\/#\/schema\/logo\/image\/","url":"https:\/\/promsandweddings.se\/wp-content\/uploads\/2026\/03\/pwlogosv-2-2.webp","contentUrl":"https:\/\/promsandweddings.se\/wp-content\/uploads\/2026\/03\/pwlogosv-2-2.webp","width":556,"height":152,"caption":"Proms & Weddings"},"image":{"@id":"https:\/\/promsandweddings.se\/#\/schema\/logo\/image\/"},"sameAs":["https:\/\/www.facebook.com\/promsandweddings","https:\/\/x.com\/PromsWeddings","https:\/\/www.instagram.com\/promsandweddings\/","https:\/\/www.youtube.com\/@promsandweddings\/shorts","https:\/\/www.tiktok.com\/@promsandweddings","https:\/\/se.pinterest.com\/promsandwedding"]}]}},"jetpack_sharing_enabled":true,"brands":[],"_links":{"self":[{"href":"https:\/\/promsandweddings.se\/dk\/wp-json\/wp\/v2\/product\/31374","targetHints":{"allow":["GET"]}}],"collection":[{"href":"https:\/\/promsandweddings.se\/dk\/wp-json\/wp\/v2\/product"}],"about":[{"href":"https:\/\/promsandweddings.se\/dk\/wp-json\/wp\/v2\/types\/product"}],"wp:featuredmedia":[{"embeddable":true,"href":"https:\/\/promsandweddings.se\/dk\/wp-json\/wp\/v2\/media\/31376"}],"wp:attachment":[{"href":"https:\/\/promsandweddings.se\/dk\/wp-json\/wp\/v2\/media?parent=31374"}],"wp:term":[{"taxonomy":"pwb-brand","embeddable":true,"href":"https:\/\/promsandweddings.se\/dk\/wp-json\/wp\/v2\/pwb-brand?post=31374"},{"taxonomy":"product_brand","embeddable":true,"href":"https:\/\/promsandweddings.se\/dk\/wp-json\/wp\/v2\/product_brand?post=31374"},{"taxonomy":"product_cat","embeddable":true,"href":"https:\/\/promsandweddings.se\/dk\/wp-json\/wp\/v2\/product_cat?post=31374"},{"taxonomy":"product_tag","embeddable":true,"href":"https:\/\/promsandweddings.se\/dk\/wp-json\/wp\/v2\/product_tag?post=31374"}],"curies":[{"name":"wp","href":"https:\/\/api.w.org\/{rel}","templated":true}]}}