{"id":31541,"date":"2026-05-06T13:35:26","date_gmt":"2026-05-06T11:35:26","guid":{"rendered":"https:\/\/promsandweddings.se\/?post_type=product&#038;p=31541"},"modified":"2026-05-06T13:41:29","modified_gmt":"2026-05-06T11:41:29","slug":"galyn-pronovias-2026","status":"publish","type":"product","link":"https:\/\/promsandweddings.se\/dk\/produkt\/galyn-pronovias-2026\/","title":{"rendered":"Pronovias Galyn bryllupskjole"},"content":{"rendered":"<p data-start=\"370\" data-end=\"570\"><strong data-start=\"370\" data-end=\"379\">Galyn<\/strong>\u00a0fra\u00a0<span class=\"hover:entity-accent entity-underline inline cursor-pointer align-baseline\"><span class=\"whitespace-normal\">Pronovias<\/span><\/span>\u00a0er en romantisk og sensuel brudekjole fra 2026-kollektionen. Designet kombinerer eksklusiv blonde detaljer med en flatterende figurtilpasset silhuet.<\/p>\n<p data-start=\"572\" data-end=\"766\">Den axell\u00f8se overdel med hjerteudfaldende udringning og dyb illusion skaber en moderne og feminin f\u00f8lelse. De smukke blonde applikationer understreger kroppens former og skaber et luks\u00f8st udtryk.<\/p>\n<p data-start=\"768\" data-end=\"970\">Den figurtilpassede pasform forvandles til en blidt udsvagt nederdel med transparent tyl, som giver bev\u00e6gelse og elegance. Det elegante sl\u00e6b forst\u00e6rker det romantiske hele billede og giver kjolen en dramatisk afslutning.<\/p>\n<p data-start=\"972\" data-end=\"1081\">Galyn er det perfekte valg for bruden, der \u00f8nsker at kombinere klassisk romantik med et moderne og sofistikeret look.    <form name=\"loginform\" id=\"loginform\" action=\"https:\/\/promsandweddings.se\/wp-login.php\" method=\"post\"><p class=\"login-username\">\n\t\t\t\t<label for=\"user_login\">Brugernavn eller e-mailadresse<\/label>\n\t\t\t\t<input type=\"text\" name=\"log\" id=\"user_login\" autocomplete=\"username\" class=\"input\" value=\"\" size=\"20\" \/>\n\t\t\t<\/p><p class=\"login-password\">\n\t\t\t\t<label for=\"user_pass\">Adgangskode<\/label>\n\t\t\t\t<input type=\"password\" name=\"pwd\" id=\"user_pass\" autocomplete=\"current-password\" spellcheck=\"false\" class=\"input\" value=\"\" size=\"20\" \/>\n\t\t\t<\/p><p class=\"login-remember\"><label><input name=\"rememberme\" type=\"checkbox\" id=\"rememberme\" value=\"forever\" \/> Husk mig<\/label><\/p><p class=\"login-submit\">\n\t\t\t\t<input type=\"submit\" name=\"wp-submit\" id=\"wp-submit\" class=\"button button-primary\" value=\"Log ind\" \/>\n\t\t\t\t<input type=\"hidden\" name=\"redirect_to\" value=\"https:\/\/promsandweddings.se\/dk\/wp-json\/wp\/v2\/product\/31541\" \/>\n\t\t\t<\/p><\/form><\/p>\n<p data-start=\"972\" data-end=\"1081\">","protected":false},"excerpt":{"rendered":"<div class=\"product attribute overview\">\n<div class=\"product attribute overview\">\n<p class=\"value\">\n<\/div>\n<h2 class=\"value\"><\/h2>\n<\/div>\n<p>&nbsp;<\/p>","protected":false},"featured_media":31545,"template":"","meta":[],"pwb-brand":[],"product_brand":[526],"product_cat":[23,17],"product_tag":[167,25,22],"class_list":{"0":"post-31541","1":"product","2":"type-product","3":"status-publish","4":"has-post-thumbnail","6":"product_brand-pronovias","7":"product_cat-pronovias","8":"product_cat-brudklanningar","9":"product_tag-brollop","10":"product_tag-brollopsklanning","11":"product_tag-brudklanning","13":"first","14":"instock","15":"shipping-taxable","16":"product-type-simple"},"yoast_head":"<!-- This site is optimized with the Yoast SEO plugin v27.5 - https:\/\/yoast.com\/product\/yoast-seo-wordpress\/ -->\n<title>Galyn \u2013 Figurn\u00e4ra spetskl\u00e4nning med sl\u00e4p | Pronovias 2026<\/title>\n<meta name=\"description\" content=\"Galyn fr\u00e5n Pronovias 2026 \u00e4r en romantisk brudkl\u00e4nning med spets, djup urringning och figurn\u00e4ra silhuett med sl\u00e4p.\" \/>\n<meta name=\"robots\" content=\"index, follow, max-snippet:-1, max-image-preview:large, max-video-preview:-1\" \/>\n<link rel=\"canonical\" href=\"https:\/\/promsandweddings.se\/dk\/vare\/galyn-pronovias-2026\/\" \/>\n<meta property=\"og:locale\" content=\"da_DK\" \/>\n<meta property=\"og:type\" content=\"article\" \/>\n<meta property=\"og:title\" content=\"Galyn \u2013 Figurn\u00e4ra spetskl\u00e4nning med sl\u00e4p | Pronovias 2026\" \/>\n<meta property=\"og:description\" content=\"Galyn fr\u00e5n Pronovias 2026 \u00e4r en romantisk brudkl\u00e4nning med spets, djup urringning och figurn\u00e4ra silhuett med sl\u00e4p.\" \/>\n<meta property=\"og:url\" content=\"https:\/\/promsandweddings.se\/dk\/vare\/galyn-pronovias-2026\/\" \/>\n<meta property=\"og:site_name\" content=\"Proms and Weddings\" \/>\n<meta property=\"article:publisher\" content=\"https:\/\/www.facebook.com\/promsandweddings\" \/>\n<meta property=\"article:modified_time\" content=\"2026-05-06T11:41:29+00:00\" \/>\n<meta property=\"og:image\" content=\"https:\/\/promsandweddings.se\/wp-content\/uploads\/2026\/05\/galyn-b-392fdc25.jpg\" \/>\n\t<meta property=\"og:image:width\" content=\"1691\" \/>\n\t<meta property=\"og:image:height\" content=\"2255\" \/>\n\t<meta property=\"og:image:type\" content=\"image\/jpeg\" \/>\n<meta name=\"twitter:card\" content=\"summary_large_image\" \/>\n<meta name=\"twitter:site\" content=\"@PromsWeddings\" \/>\n<meta name=\"twitter:label1\" content=\"Estimeret l\u00e6setid\" \/>\n\t<meta name=\"twitter:data1\" content=\"1 minut\" \/>\n<script type=\"application\/ld+json\" class=\"yoast-schema-graph\">{\"@context\":\"https:\\\/\\\/schema.org\",\"@graph\":[{\"@type\":\"WebPage\",\"@id\":\"https:\\\/\\\/promsandweddings.se\\\/produkt\\\/galyn-pronovias-2026\\\/\",\"url\":\"https:\\\/\\\/promsandweddings.se\\\/produkt\\\/galyn-pronovias-2026\\\/\",\"name\":\"Galyn \u2013 Figurn\u00e4ra spetskl\u00e4nning med sl\u00e4p | Pronovias 2026\",\"isPartOf\":{\"@id\":\"https:\\\/\\\/promsandweddings.se\\\/#website\"},\"primaryImageOfPage\":{\"@id\":\"https:\\\/\\\/promsandweddings.se\\\/produkt\\\/galyn-pronovias-2026\\\/#primaryimage\"},\"image\":{\"@id\":\"https:\\\/\\\/promsandweddings.se\\\/produkt\\\/galyn-pronovias-2026\\\/#primaryimage\"},\"thumbnailUrl\":\"https:\\\/\\\/promsandweddings.se\\\/wp-content\\\/uploads\\\/2026\\\/05\\\/galyn-b-392fdc25.jpg\",\"datePublished\":\"2026-05-06T11:35:26+00:00\",\"dateModified\":\"2026-05-06T11:41:29+00:00\",\"description\":\"Galyn fr\u00e5n Pronovias 2026 \u00e4r en romantisk brudkl\u00e4nning med spets, djup urringning och figurn\u00e4ra silhuett med sl\u00e4p.\",\"breadcrumb\":{\"@id\":\"https:\\\/\\\/promsandweddings.se\\\/produkt\\\/galyn-pronovias-2026\\\/#breadcrumb\"},\"inLanguage\":\"da-DK\",\"potentialAction\":[{\"@type\":\"ReadAction\",\"target\":[\"https:\\\/\\\/promsandweddings.se\\\/produkt\\\/galyn-pronovias-2026\\\/\"]}]},{\"@type\":\"ImageObject\",\"inLanguage\":\"da-DK\",\"@id\":\"https:\\\/\\\/promsandweddings.se\\\/produkt\\\/galyn-pronovias-2026\\\/#primaryimage\",\"url\":\"https:\\\/\\\/promsandweddings.se\\\/wp-content\\\/uploads\\\/2026\\\/05\\\/galyn-b-392fdc25.jpg\",\"contentUrl\":\"https:\\\/\\\/promsandweddings.se\\\/wp-content\\\/uploads\\\/2026\\\/05\\\/galyn-b-392fdc25.jpg\",\"width\":1691,\"height\":2255,\"caption\":\"Brudkl\u00e4nning Gaylin fr\u00e5n Pronovias\"},{\"@type\":\"BreadcrumbList\",\"@id\":\"https:\\\/\\\/promsandweddings.se\\\/produkt\\\/galyn-pronovias-2026\\\/#breadcrumb\",\"itemListElement\":[{\"@type\":\"ListItem\",\"position\":1,\"name\":\"Home\",\"item\":\"https:\\\/\\\/promsandweddings.se\\\/\"},{\"@type\":\"ListItem\",\"position\":2,\"name\":\"Webshop\",\"item\":\"https:\\\/\\\/promsandweddings.se\\\/webshop\\\/\"},{\"@type\":\"ListItem\",\"position\":3,\"name\":\"Pronovias Galyn br\u00f6llopskl\u00e4nning\"}]},{\"@type\":\"WebSite\",\"@id\":\"https:\\\/\\\/promsandweddings.se\\\/#website\",\"url\":\"https:\\\/\\\/promsandweddings.se\\\/\",\"name\":\"Proms and Weddings\",\"description\":\"Hitta din dr\u00f6mkl\u00e4nning\",\"publisher\":{\"@id\":\"https:\\\/\\\/promsandweddings.se\\\/#organization\"},\"alternateName\":\"Proms & Weddings\",\"potentialAction\":[{\"@type\":\"SearchAction\",\"target\":{\"@type\":\"EntryPoint\",\"urlTemplate\":\"https:\\\/\\\/promsandweddings.se\\\/?s={search_term_string}\"},\"query-input\":{\"@type\":\"PropertyValueSpecification\",\"valueRequired\":true,\"valueName\":\"search_term_string\"}}],\"inLanguage\":\"da-DK\"},{\"@type\":\"Organization\",\"@id\":\"https:\\\/\\\/promsandweddings.se\\\/#organization\",\"name\":\"Proms & Weddings\",\"url\":\"https:\\\/\\\/promsandweddings.se\\\/\",\"logo\":{\"@type\":\"ImageObject\",\"inLanguage\":\"da-DK\",\"@id\":\"https:\\\/\\\/promsandweddings.se\\\/#\\\/schema\\\/logo\\\/image\\\/\",\"url\":\"https:\\\/\\\/promsandweddings.se\\\/wp-content\\\/uploads\\\/2026\\\/03\\\/pwlogosv-2-2.webp\",\"contentUrl\":\"https:\\\/\\\/promsandweddings.se\\\/wp-content\\\/uploads\\\/2026\\\/03\\\/pwlogosv-2-2.webp\",\"width\":556,\"height\":152,\"caption\":\"Proms & Weddings\"},\"image\":{\"@id\":\"https:\\\/\\\/promsandweddings.se\\\/#\\\/schema\\\/logo\\\/image\\\/\"},\"sameAs\":[\"https:\\\/\\\/www.facebook.com\\\/promsandweddings\",\"https:\\\/\\\/x.com\\\/PromsWeddings\",\"https:\\\/\\\/www.instagram.com\\\/promsandweddings\\\/\",\"https:\\\/\\\/www.youtube.com\\\/@promsandweddings\\\/shorts\",\"https:\\\/\\\/www.tiktok.com\\\/@promsandweddings\",\"https:\\\/\\\/se.pinterest.com\\\/promsandwedding\"]}]}<\/script>\n<!-- \/ Yoast SEO plugin. -->","yoast_head_json":{"title":"Galyn \u2013 Figurn\u00e6r blonde brudekjole med sl\u00e6b | Pronovias 2026","description":"Galyn fra Pronovias 2026 er en romantisk brudekjole med blonde, dyb udringning og figurtilpasset silhuet med sl\u00e6b.","robots":{"index":"index","follow":"follow","max-snippet":"max-snippet:-1","max-image-preview":"max-image-preview:large","max-video-preview":"max-video-preview:-1"},"canonical":"https:\/\/promsandweddings.se\/dk\/vare\/galyn-pronovias-2026\/","og_locale":"da_DK","og_type":"article","og_title":"Galyn \u2013 Figurn\u00e4ra spetskl\u00e4nning med sl\u00e4p | Pronovias 2026","og_description":"Galyn fr\u00e5n Pronovias 2026 \u00e4r en romantisk brudkl\u00e4nning med spets, djup urringning och figurn\u00e4ra silhuett med sl\u00e4p.","og_url":"https:\/\/promsandweddings.se\/dk\/vare\/galyn-pronovias-2026\/","og_site_name":"Proms and Weddings","article_publisher":"https:\/\/www.facebook.com\/promsandweddings","article_modified_time":"2026-05-06T11:41:29+00:00","og_image":[{"width":1691,"height":2255,"url":"https:\/\/promsandweddings.se\/wp-content\/uploads\/2026\/05\/galyn-b-392fdc25.jpg","type":"image\/jpeg"}],"twitter_card":"summary_large_image","twitter_site":"@PromsWeddings","twitter_misc":{"Estimeret l\u00e6setid":"1 minut"},"schema":{"@context":"https:\/\/schema.org","@graph":[{"@type":"WebPage","@id":"https:\/\/promsandweddings.se\/produkt\/galyn-pronovias-2026\/","url":"https:\/\/promsandweddings.se\/produkt\/galyn-pronovias-2026\/","name":"Galyn \u2013 Figurn\u00e6r blonde brudekjole med sl\u00e6b | Pronovias 2026","isPartOf":{"@id":"https:\/\/promsandweddings.se\/#website"},"primaryImageOfPage":{"@id":"https:\/\/promsandweddings.se\/produkt\/galyn-pronovias-2026\/#primaryimage"},"image":{"@id":"https:\/\/promsandweddings.se\/produkt\/galyn-pronovias-2026\/#primaryimage"},"thumbnailUrl":"https:\/\/promsandweddings.se\/wp-content\/uploads\/2026\/05\/galyn-b-392fdc25.jpg","datePublished":"2026-05-06T11:35:26+00:00","dateModified":"2026-05-06T11:41:29+00:00","description":"Galyn fra Pronovias 2026 er en romantisk brudekjole med blonde, dyb udringning og figurtilpasset silhuet med sl\u00e6b.","breadcrumb":{"@id":"https:\/\/promsandweddings.se\/produkt\/galyn-pronovias-2026\/#breadcrumb"},"inLanguage":"da-DK","potentialAction":[{"@type":"ReadAction","target":["https:\/\/promsandweddings.se\/produkt\/galyn-pronovias-2026\/"]}]},{"@type":"ImageObject","inLanguage":"da-DK","@id":"https:\/\/promsandweddings.se\/produkt\/galyn-pronovias-2026\/#primaryimage","url":"https:\/\/promsandweddings.se\/wp-content\/uploads\/2026\/05\/galyn-b-392fdc25.jpg","contentUrl":"https:\/\/promsandweddings.se\/wp-content\/uploads\/2026\/05\/galyn-b-392fdc25.jpg","width":1691,"height":2255,"caption":"Brudkl\u00e4nning Gaylin fr\u00e5n Pronovias"},{"@type":"BreadcrumbList","@id":"https:\/\/promsandweddings.se\/produkt\/galyn-pronovias-2026\/#breadcrumb","itemListElement":[{"@type":"ListItem","position":1,"name":"Home","item":"https:\/\/promsandweddings.se\/"},{"@type":"ListItem","position":2,"name":"Webshop","item":"https:\/\/promsandweddings.se\/webshop\/"},{"@type":"ListItem","position":3,"name":"Pronovias Galyn br\u00f6llopskl\u00e4nning"}]},{"@type":"WebSite","@id":"https:\/\/promsandweddings.se\/#website","url":"https:\/\/promsandweddings.se\/","name":"Proms and Weddings","description":"Find din dr\u00f8mmekjole","publisher":{"@id":"https:\/\/promsandweddings.se\/#organization"},"alternateName":"Proms & Weddings","potentialAction":[{"@type":"SearchAction","target":{"@type":"EntryPoint","urlTemplate":"https:\/\/promsandweddings.se\/?s={search_term_string}"},"query-input":{"@type":"PropertyValueSpecification","valueRequired":true,"valueName":"search_term_string"}}],"inLanguage":"da-DK"},{"@type":"Organization","@id":"https:\/\/promsandweddings.se\/#organization","name":"Proms &amp; Weddings","url":"https:\/\/promsandweddings.se\/","logo":{"@type":"ImageObject","inLanguage":"da-DK","@id":"https:\/\/promsandweddings.se\/#\/schema\/logo\/image\/","url":"https:\/\/promsandweddings.se\/wp-content\/uploads\/2026\/03\/pwlogosv-2-2.webp","contentUrl":"https:\/\/promsandweddings.se\/wp-content\/uploads\/2026\/03\/pwlogosv-2-2.webp","width":556,"height":152,"caption":"Proms & Weddings"},"image":{"@id":"https:\/\/promsandweddings.se\/#\/schema\/logo\/image\/"},"sameAs":["https:\/\/www.facebook.com\/promsandweddings","https:\/\/x.com\/PromsWeddings","https:\/\/www.instagram.com\/promsandweddings\/","https:\/\/www.youtube.com\/@promsandweddings\/shorts","https:\/\/www.tiktok.com\/@promsandweddings","https:\/\/se.pinterest.com\/promsandwedding"]}]}},"jetpack_sharing_enabled":true,"brands":[],"_links":{"self":[{"href":"https:\/\/promsandweddings.se\/dk\/wp-json\/wp\/v2\/product\/31541","targetHints":{"allow":["GET"]}}],"collection":[{"href":"https:\/\/promsandweddings.se\/dk\/wp-json\/wp\/v2\/product"}],"about":[{"href":"https:\/\/promsandweddings.se\/dk\/wp-json\/wp\/v2\/types\/product"}],"wp:featuredmedia":[{"embeddable":true,"href":"https:\/\/promsandweddings.se\/dk\/wp-json\/wp\/v2\/media\/31545"}],"wp:attachment":[{"href":"https:\/\/promsandweddings.se\/dk\/wp-json\/wp\/v2\/media?parent=31541"}],"wp:term":[{"taxonomy":"pwb-brand","embeddable":true,"href":"https:\/\/promsandweddings.se\/dk\/wp-json\/wp\/v2\/pwb-brand?post=31541"},{"taxonomy":"product_brand","embeddable":true,"href":"https:\/\/promsandweddings.se\/dk\/wp-json\/wp\/v2\/product_brand?post=31541"},{"taxonomy":"product_cat","embeddable":true,"href":"https:\/\/promsandweddings.se\/dk\/wp-json\/wp\/v2\/product_cat?post=31541"},{"taxonomy":"product_tag","embeddable":true,"href":"https:\/\/promsandweddings.se\/dk\/wp-json\/wp\/v2\/product_tag?post=31541"}],"curies":[{"name":"wp","href":"https:\/\/api.w.org\/{rel}","templated":true}]}}