{"id":31831,"date":"2026-05-15T11:10:35","date_gmt":"2026-05-15T09:10:35","guid":{"rendered":"https:\/\/promsandweddings.se\/?post_type=product&#038;p=31831"},"modified":"2026-05-15T11:32:38","modified_gmt":"2026-05-15T09:32:38","slug":"balklanning-ladivine-cd6766","status":"publish","type":"product","link":"https:\/\/promsandweddings.se\/dk\/produkt\/balklanning-ladivine-cd6766\/","title":{"rendered":"Balkl\u00e4nning Ladivine CD676"},"content":{"rendered":"<p data-start=\"490\" data-end=\"618\">CD676 fr\u00e5n\u00a0<span class=\"hover:entity-accent entity-underline inline cursor-pointer align-baseline\"><span class=\"whitespace-normal\">Ladivine<\/span><\/span>\u00a0\u00e4r en elegant balkl\u00e4nning som kombinerar feminin form med modern sofistikation.<\/p>\n<p data-start=\"620\" data-end=\"862\">Den axelbandsl\u00f6sa designen framh\u00e4ver axlarna och skapar en stilren silhuett. Den asymmetriska urringningen ger ett unikt uttryck och tillf\u00f6r en modern twist. Draperingen \u00f6ver \u00f6verdelen och midjan formar kroppen och ger en smickrande passform.<\/p>\n<p data-start=\"864\" data-end=\"1052\">Den figurn\u00e4ra modellen f\u00f6ljer kroppens linjer och skapar ett elegant fall. Tyget r\u00f6r sig mjukt i varje steg och ger en exklusiv k\u00e4nsla. Den utsv\u00e4ngda nederdelen tillf\u00f6r balans och r\u00f6relse.<\/p>\n<p data-start=\"1054\" data-end=\"1194\">Den klara gula f\u00e4rgen ger ett fr\u00e4scht och i\u00f6gonfallande uttryck. Den passar perfekt f\u00f6r bal, gala eller fest d\u00e4r du vill sticka ut med stil.<\/p>","protected":false},"excerpt":{"rendered":"<p><strong>af <a href=\"https:\/\/www.ladivine.com\">CINDERELLA DIVINE<\/a><br \/>\n<\/strong><br data-start=\"377\" data-end=\"380\" \/>\u2728 Hvis du kommer til vores butik, sys kjolen ogs\u00e5 ind, s\u00e5 den passer dig perfekt.<\/p>\n<p data-start=\"466\" data-end=\"486\" data-is-last-node=\"\" data-is-only-node=\"\">","protected":false},"featured_media":31839,"template":"","meta":[],"pwb-brand":[],"product_brand":[],"product_cat":[57,58,78,56,59,60,82,85,86,83],"product_tag":[65,66,67],"class_list":{"0":"post-31831","1":"product","2":"type-product","3":"status-publish","4":"has-post-thumbnail","6":"product_cat-aftonklanningar","7":"product_cat-balklanningar","8":"product_cat-cinderella-divine","9":"product_cat-festklanningar","10":"product_cat-forlovningsklanning","11":"product_cat-klanning-brollopsgast","12":"product_cat-langa-balklanningar","13":"product_cat-langa-klanningar","14":"product_cat-langklanning-fest","15":"product_cat-plus-size","16":"product_tag-balklanning","17":"product_tag-festklanning","18":"product_tag-klanning","19":"product_shipping_class-festklanningar","21":"first","22":"instock","23":"shipping-taxable","24":"purchasable","25":"product-type-variable"},"yoast_head":"<!-- This site is optimized with the Yoast SEO plugin v27.5 - https:\/\/yoast.com\/product\/yoast-seo-wordpress\/ -->\n<title>CD676 \u2013 Figurn\u00e4ra balkl\u00e4nning med drapering | Ladivine<\/title>\n<meta name=\"description\" content=\"Elegant figurn\u00e4ra balkl\u00e4nning fr\u00e5n Ladivine. CD676 har draperad design och axelbandsl\u00f6s silhuett f\u00f6r en sofistikerad look.\" \/>\n<meta name=\"robots\" content=\"index, follow, max-snippet:-1, max-image-preview:large, max-video-preview:-1\" \/>\n<link rel=\"canonical\" href=\"https:\/\/promsandweddings.se\/dk\/vare\/balklanning-ladivine-cd6766\/\" \/>\n<meta property=\"og:locale\" content=\"da_DK\" \/>\n<meta property=\"og:type\" content=\"article\" \/>\n<meta property=\"og:title\" content=\"CD676 \u2013 Figurn\u00e4ra balkl\u00e4nning med drapering | Ladivine\" \/>\n<meta property=\"og:description\" content=\"Elegant figurn\u00e4ra balkl\u00e4nning fr\u00e5n Ladivine. CD676 har draperad design och axelbandsl\u00f6s silhuett f\u00f6r en sofistikerad look.\" \/>\n<meta property=\"og:url\" content=\"https:\/\/promsandweddings.se\/dk\/vare\/balklanning-ladivine-cd6766\/\" \/>\n<meta property=\"og:site_name\" content=\"Proms and Weddings\" \/>\n<meta property=\"article:publisher\" content=\"https:\/\/www.facebook.com\/promsandweddings\" \/>\n<meta property=\"article:modified_time\" content=\"2026-05-15T09:32:38+00:00\" \/>\n<meta property=\"og:image\" content=\"https:\/\/promsandweddings.se\/wp-content\/uploads\/2026\/05\/cd676_yellow_front.jpg\" \/>\n\t<meta property=\"og:image:width\" content=\"800\" \/>\n\t<meta property=\"og:image:height\" content=\"1200\" \/>\n\t<meta property=\"og:image:type\" content=\"image\/jpeg\" \/>\n<meta name=\"twitter:card\" content=\"summary_large_image\" \/>\n<meta name=\"twitter:site\" content=\"@PromsWeddings\" \/>\n<meta name=\"twitter:label1\" content=\"Estimeret l\u00e6setid\" \/>\n\t<meta name=\"twitter:data1\" content=\"1 minut\" \/>\n<script type=\"application\/ld+json\" class=\"yoast-schema-graph\">{\"@context\":\"https:\\\/\\\/schema.org\",\"@graph\":[{\"@type\":\"WebPage\",\"@id\":\"https:\\\/\\\/promsandweddings.se\\\/produkt\\\/balklanning-ladivine-cd6766\\\/\",\"url\":\"https:\\\/\\\/promsandweddings.se\\\/produkt\\\/balklanning-ladivine-cd6766\\\/\",\"name\":\"CD676 \u2013 Figurn\u00e4ra balkl\u00e4nning med drapering | Ladivine\",\"isPartOf\":{\"@id\":\"https:\\\/\\\/promsandweddings.se\\\/#website\"},\"primaryImageOfPage\":{\"@id\":\"https:\\\/\\\/promsandweddings.se\\\/produkt\\\/balklanning-ladivine-cd6766\\\/#primaryimage\"},\"image\":{\"@id\":\"https:\\\/\\\/promsandweddings.se\\\/produkt\\\/balklanning-ladivine-cd6766\\\/#primaryimage\"},\"thumbnailUrl\":\"https:\\\/\\\/promsandweddings.se\\\/wp-content\\\/uploads\\\/2026\\\/05\\\/cd676_yellow_front.jpg\",\"datePublished\":\"2026-05-15T09:10:35+00:00\",\"dateModified\":\"2026-05-15T09:32:38+00:00\",\"description\":\"Elegant figurn\u00e4ra balkl\u00e4nning fr\u00e5n Ladivine. CD676 har draperad design och axelbandsl\u00f6s silhuett f\u00f6r en sofistikerad look.\",\"breadcrumb\":{\"@id\":\"https:\\\/\\\/promsandweddings.se\\\/produkt\\\/balklanning-ladivine-cd6766\\\/#breadcrumb\"},\"inLanguage\":\"da-DK\",\"potentialAction\":[{\"@type\":\"ReadAction\",\"target\":[\"https:\\\/\\\/promsandweddings.se\\\/produkt\\\/balklanning-ladivine-cd6766\\\/\"]}]},{\"@type\":\"ImageObject\",\"inLanguage\":\"da-DK\",\"@id\":\"https:\\\/\\\/promsandweddings.se\\\/produkt\\\/balklanning-ladivine-cd6766\\\/#primaryimage\",\"url\":\"https:\\\/\\\/promsandweddings.se\\\/wp-content\\\/uploads\\\/2026\\\/05\\\/cd676_yellow_front.jpg\",\"contentUrl\":\"https:\\\/\\\/promsandweddings.se\\\/wp-content\\\/uploads\\\/2026\\\/05\\\/cd676_yellow_front.jpg\",\"width\":800,\"height\":1200,\"caption\":\"Balkl\u00e4nning Cd676 fr\u00e5n Ladivine\"},{\"@type\":\"BreadcrumbList\",\"@id\":\"https:\\\/\\\/promsandweddings.se\\\/produkt\\\/balklanning-ladivine-cd6766\\\/#breadcrumb\",\"itemListElement\":[{\"@type\":\"ListItem\",\"position\":1,\"name\":\"Home\",\"item\":\"https:\\\/\\\/promsandweddings.se\\\/\"},{\"@type\":\"ListItem\",\"position\":2,\"name\":\"Webshop\",\"item\":\"https:\\\/\\\/promsandweddings.se\\\/webshop\\\/\"},{\"@type\":\"ListItem\",\"position\":3,\"name\":\"Balkl\u00e4nning Ladivine CD676\"}]},{\"@type\":\"WebSite\",\"@id\":\"https:\\\/\\\/promsandweddings.se\\\/#website\",\"url\":\"https:\\\/\\\/promsandweddings.se\\\/\",\"name\":\"Proms and Weddings\",\"description\":\"Hitta din dr\u00f6mkl\u00e4nning\",\"publisher\":{\"@id\":\"https:\\\/\\\/promsandweddings.se\\\/#organization\"},\"alternateName\":\"Proms & Weddings\",\"potentialAction\":[{\"@type\":\"SearchAction\",\"target\":{\"@type\":\"EntryPoint\",\"urlTemplate\":\"https:\\\/\\\/promsandweddings.se\\\/?s={search_term_string}\"},\"query-input\":{\"@type\":\"PropertyValueSpecification\",\"valueRequired\":true,\"valueName\":\"search_term_string\"}}],\"inLanguage\":\"da-DK\"},{\"@type\":\"Organization\",\"@id\":\"https:\\\/\\\/promsandweddings.se\\\/#organization\",\"name\":\"Proms & Weddings\",\"url\":\"https:\\\/\\\/promsandweddings.se\\\/\",\"logo\":{\"@type\":\"ImageObject\",\"inLanguage\":\"da-DK\",\"@id\":\"https:\\\/\\\/promsandweddings.se\\\/#\\\/schema\\\/logo\\\/image\\\/\",\"url\":\"https:\\\/\\\/promsandweddings.se\\\/wp-content\\\/uploads\\\/2026\\\/03\\\/pwlogosv-2-2.webp\",\"contentUrl\":\"https:\\\/\\\/promsandweddings.se\\\/wp-content\\\/uploads\\\/2026\\\/03\\\/pwlogosv-2-2.webp\",\"width\":556,\"height\":152,\"caption\":\"Proms & Weddings\"},\"image\":{\"@id\":\"https:\\\/\\\/promsandweddings.se\\\/#\\\/schema\\\/logo\\\/image\\\/\"},\"sameAs\":[\"https:\\\/\\\/www.facebook.com\\\/promsandweddings\",\"https:\\\/\\\/x.com\\\/PromsWeddings\",\"https:\\\/\\\/www.instagram.com\\\/promsandweddings\\\/\",\"https:\\\/\\\/www.youtube.com\\\/@promsandweddings\\\/shorts\",\"https:\\\/\\\/www.tiktok.com\\\/@promsandweddings\",\"https:\\\/\\\/se.pinterest.com\\\/promsandwedding\"]}]}<\/script>\n<!-- \/ Yoast SEO plugin. -->","yoast_head_json":{"title":"CD676 \u2013 Figurn\u00e4ra balkl\u00e4nning med drapering | Ladivine","description":"Elegant figurn\u00e4ra balkl\u00e4nning fr\u00e5n Ladivine. CD676 har draperad design och axelbandsl\u00f6s silhuett f\u00f6r en sofistikerad look.","robots":{"index":"index","follow":"follow","max-snippet":"max-snippet:-1","max-image-preview":"max-image-preview:large","max-video-preview":"max-video-preview:-1"},"canonical":"https:\/\/promsandweddings.se\/dk\/vare\/balklanning-ladivine-cd6766\/","og_locale":"da_DK","og_type":"article","og_title":"CD676 \u2013 Figurn\u00e4ra balkl\u00e4nning med drapering | Ladivine","og_description":"Elegant figurn\u00e4ra balkl\u00e4nning fr\u00e5n Ladivine. CD676 har draperad design och axelbandsl\u00f6s silhuett f\u00f6r en sofistikerad look.","og_url":"https:\/\/promsandweddings.se\/dk\/vare\/balklanning-ladivine-cd6766\/","og_site_name":"Proms and Weddings","article_publisher":"https:\/\/www.facebook.com\/promsandweddings","article_modified_time":"2026-05-15T09:32:38+00:00","og_image":[{"width":800,"height":1200,"url":"https:\/\/promsandweddings.se\/wp-content\/uploads\/2026\/05\/cd676_yellow_front.jpg","type":"image\/jpeg"}],"twitter_card":"summary_large_image","twitter_site":"@PromsWeddings","twitter_misc":{"Estimeret l\u00e6setid":"1 minut"},"schema":{"@context":"https:\/\/schema.org","@graph":[{"@type":"WebPage","@id":"https:\/\/promsandweddings.se\/produkt\/balklanning-ladivine-cd6766\/","url":"https:\/\/promsandweddings.se\/produkt\/balklanning-ladivine-cd6766\/","name":"CD676 \u2013 Figurn\u00e4ra balkl\u00e4nning med drapering | Ladivine","isPartOf":{"@id":"https:\/\/promsandweddings.se\/#website"},"primaryImageOfPage":{"@id":"https:\/\/promsandweddings.se\/produkt\/balklanning-ladivine-cd6766\/#primaryimage"},"image":{"@id":"https:\/\/promsandweddings.se\/produkt\/balklanning-ladivine-cd6766\/#primaryimage"},"thumbnailUrl":"https:\/\/promsandweddings.se\/wp-content\/uploads\/2026\/05\/cd676_yellow_front.jpg","datePublished":"2026-05-15T09:10:35+00:00","dateModified":"2026-05-15T09:32:38+00:00","description":"Elegant figurn\u00e4ra balkl\u00e4nning fr\u00e5n Ladivine. CD676 har draperad design och axelbandsl\u00f6s silhuett f\u00f6r en sofistikerad look.","breadcrumb":{"@id":"https:\/\/promsandweddings.se\/produkt\/balklanning-ladivine-cd6766\/#breadcrumb"},"inLanguage":"da-DK","potentialAction":[{"@type":"ReadAction","target":["https:\/\/promsandweddings.se\/produkt\/balklanning-ladivine-cd6766\/"]}]},{"@type":"ImageObject","inLanguage":"da-DK","@id":"https:\/\/promsandweddings.se\/produkt\/balklanning-ladivine-cd6766\/#primaryimage","url":"https:\/\/promsandweddings.se\/wp-content\/uploads\/2026\/05\/cd676_yellow_front.jpg","contentUrl":"https:\/\/promsandweddings.se\/wp-content\/uploads\/2026\/05\/cd676_yellow_front.jpg","width":800,"height":1200,"caption":"Balkl\u00e4nning Cd676 fr\u00e5n Ladivine"},{"@type":"BreadcrumbList","@id":"https:\/\/promsandweddings.se\/produkt\/balklanning-ladivine-cd6766\/#breadcrumb","itemListElement":[{"@type":"ListItem","position":1,"name":"Home","item":"https:\/\/promsandweddings.se\/"},{"@type":"ListItem","position":2,"name":"Webshop","item":"https:\/\/promsandweddings.se\/webshop\/"},{"@type":"ListItem","position":3,"name":"Balkl\u00e4nning Ladivine CD676"}]},{"@type":"WebSite","@id":"https:\/\/promsandweddings.se\/#website","url":"https:\/\/promsandweddings.se\/","name":"Proms and Weddings","description":"Find din dr\u00f8mmekjole","publisher":{"@id":"https:\/\/promsandweddings.se\/#organization"},"alternateName":"Proms & Weddings","potentialAction":[{"@type":"SearchAction","target":{"@type":"EntryPoint","urlTemplate":"https:\/\/promsandweddings.se\/?s={search_term_string}"},"query-input":{"@type":"PropertyValueSpecification","valueRequired":true,"valueName":"search_term_string"}}],"inLanguage":"da-DK"},{"@type":"Organization","@id":"https:\/\/promsandweddings.se\/#organization","name":"Proms &amp; Weddings","url":"https:\/\/promsandweddings.se\/","logo":{"@type":"ImageObject","inLanguage":"da-DK","@id":"https:\/\/promsandweddings.se\/#\/schema\/logo\/image\/","url":"https:\/\/promsandweddings.se\/wp-content\/uploads\/2026\/03\/pwlogosv-2-2.webp","contentUrl":"https:\/\/promsandweddings.se\/wp-content\/uploads\/2026\/03\/pwlogosv-2-2.webp","width":556,"height":152,"caption":"Proms & Weddings"},"image":{"@id":"https:\/\/promsandweddings.se\/#\/schema\/logo\/image\/"},"sameAs":["https:\/\/www.facebook.com\/promsandweddings","https:\/\/x.com\/PromsWeddings","https:\/\/www.instagram.com\/promsandweddings\/","https:\/\/www.youtube.com\/@promsandweddings\/shorts","https:\/\/www.tiktok.com\/@promsandweddings","https:\/\/se.pinterest.com\/promsandwedding"]}]}},"jetpack_sharing_enabled":true,"brands":[],"_links":{"self":[{"href":"https:\/\/promsandweddings.se\/dk\/wp-json\/wp\/v2\/product\/31831","targetHints":{"allow":["GET"]}}],"collection":[{"href":"https:\/\/promsandweddings.se\/dk\/wp-json\/wp\/v2\/product"}],"about":[{"href":"https:\/\/promsandweddings.se\/dk\/wp-json\/wp\/v2\/types\/product"}],"wp:featuredmedia":[{"embeddable":true,"href":"https:\/\/promsandweddings.se\/dk\/wp-json\/wp\/v2\/media\/31839"}],"wp:attachment":[{"href":"https:\/\/promsandweddings.se\/dk\/wp-json\/wp\/v2\/media?parent=31831"}],"wp:term":[{"taxonomy":"pwb-brand","embeddable":true,"href":"https:\/\/promsandweddings.se\/dk\/wp-json\/wp\/v2\/pwb-brand?post=31831"},{"taxonomy":"product_brand","embeddable":true,"href":"https:\/\/promsandweddings.se\/dk\/wp-json\/wp\/v2\/product_brand?post=31831"},{"taxonomy":"product_cat","embeddable":true,"href":"https:\/\/promsandweddings.se\/dk\/wp-json\/wp\/v2\/product_cat?post=31831"},{"taxonomy":"product_tag","embeddable":true,"href":"https:\/\/promsandweddings.se\/dk\/wp-json\/wp\/v2\/product_tag?post=31831"}],"curies":[{"name":"wp","href":"https:\/\/api.w.org\/{rel}","templated":true}]}}